{"id":3413,"date":"2025-10-27T08:05:52","date_gmt":"2025-10-27T08:05:52","guid":{"rendered":"https:\/\/yenhung.com\/?product=mo-diana-2100-17kg-xo"},"modified":"2026-02-25T07:26:53","modified_gmt":"2026-02-25T07:26:53","slug":"mo-diana-2100-17kg-xo","status":"publish","type":"product","link":"https:\/\/yenhung.com\/?product=mo-diana-2100-17kg-xo","title":{"rendered":"M\u1ee1 diana 2100 17kg\/x\u00f4"},"content":{"rendered":"<div class=\"ba-text-fpt\">\n<h2 data-sourcepos=\"1:1-1:97\"><strong>M\u1ee1 B\u00f4i Tr\u01a1n \u0110a N\u0103ng Diana 2100 (17kg\/X\u00f4) &#8211; Gi\u1ea3i Ph\u00e1p B\u00f4i Tr\u01a1n Hi\u1ec7u Qu\u1ea3 Cho M\u00e1y M\u00f3c C\u00f4ng Nghi\u1ec7p<\/strong><\/h2>\n<p><img decoding=\"async\" title=\"mo-diana-2100-2\" src=\"https:\/\/yenhung.com\/wp-content\/uploads\/2025\/10\/mo-diana-2100-2.jpg\" alt=\"M\u1ee1 diana 2100 17kg\/x\u00f4\" data-thumb=\"large\" \/><\/p>\n<p data-sourcepos=\"3:1-3:58\"><strong>M\u1ee1 Diana 2100<\/strong> l\u00e0 m\u1ee1 b\u00f4i tr\u01a1n \u0111a n\u0103ng \u0111\u01b0\u1ee3c thi\u1ebft k\u1ebf \u0111\u1ec3 b\u00f4i tr\u01a1n hi\u1ec7u qu\u1ea3 cho nhi\u1ec1u lo\u1ea1i m\u00e1y m\u00f3c c\u00f4ng nghi\u1ec7p ho\u1ea1t \u0111\u1ed9ng trong \u0111i\u1ec1u ki\u1ec7n kh\u1eafc nghi\u1ec7t.<\/p>\n<h2 data-sourcepos=\"7:1-7:20\"><strong>\u01afu \u0111i\u1ec3m n\u1ed5i b\u1eadt:<\/strong><\/h2>\n<ul data-sourcepos=\"9:1-11:100\">\n<li data-sourcepos=\"9:1-9:98\"><strong>Kh\u1ea3 n\u0103ng b\u00f4i tr\u01a1n cao:<\/strong> Gi\u1ea3m ma s\u00e1t v\u00e0 m\u00e0i m\u00f2n, gi\u00fap b\u1ea3o v\u1ec7 c\u00e1c b\u1ed9 ph\u1eadn m\u00e1y m\u00f3c kh\u1ecfi h\u01b0 h\u1ecfng.<\/li>\n<li data-sourcepos=\"10:1-10:124\"><strong>Ch\u1ecbu t\u1ea3i tr\u1ecdng cao:<\/strong> Ch\u1ecbu \u0111\u01b0\u1ee3c t\u1ea3i tr\u1ecdng n\u1eb7ng v\u00e0 rung \u0111\u1ed9ng m\u1ea1nh, \u0111\u1ea3m b\u1ea3o ho\u1ea1t \u0111\u1ed9ng \u1ed5n \u0111\u1ecbnh trong \u0111i\u1ec1u ki\u1ec7n kh\u1eafc nghi\u1ec7t.<\/li>\n<li data-sourcepos=\"11:1-11:100\"><strong>Ch\u1ecbu n\u01b0\u1edbc t\u1ed1t:<\/strong> Ch\u1ed1ng l\u1ea1i s\u1ef1 x\u00e2m nh\u1eadp c\u1ee7a n\u01b0\u1edbc v\u00e0 h\u01a1i \u1ea9m, b\u1ea3o v\u1ec7 m\u00e1y m\u00f3c kh\u1ecfi r\u1ec9 s\u00e9t v\u00e0 \u0103n m\u00f2n.<\/li>\n<li data-sourcepos=\"12:1-12:108\"><strong>Kh\u1ea3 n\u0103ng ch\u1ed1ng oxy h\u00f3a t\u1ed1t:<\/strong> Ch\u1ed1ng l\u1ea1i s\u1ef1 ph\u00e2n h\u1ee7y do oxy h\u00f3a \u1edf nhi\u1ec7t \u0111\u1ed9 cao, gi\u00fap k\u00e9o d\u00e0i tu\u1ed5i th\u1ecd m\u1ee1.<\/li>\n<li data-sourcepos=\"13:1-14:0\"><strong>T\u01b0\u01a1ng th\u00edch v\u1edbi nhi\u1ec1u lo\u1ea1i v\u1eadt li\u1ec7u:<\/strong> T\u01b0\u01a1ng th\u00edch v\u1edbi nhi\u1ec1u lo\u1ea1i kim lo\u1ea1i, nh\u1ef1a v\u00e0 cao su.<\/li>\n<\/ul>\n<p data-sourcepos=\"15:1-15:13\"><strong>\u1ee8ng d\u1ee5ng:<\/strong><\/p>\n<ul data-sourcepos=\"17:1-20:0\">\n<li data-sourcepos=\"17:1-17:129\"><strong>B\u00f4i tr\u01a1n \u1ed5 tr\u1ee5c, \u1ed5 bi, kh\u1edbp n\u1ed1i:<\/strong> S\u1eed d\u1ee5ng cho c\u00e1c lo\u1ea1i m\u00e1y m\u00f3c c\u00f4ng nghi\u1ec7p nh\u01b0 m\u00e1y b\u01a1m, m\u00e1y n\u00e9n kh\u00ed, m\u00e1y nghi\u1ec1n, m\u00e1y d\u1ec7t,&#8230;<\/li>\n<li data-sourcepos=\"18:1-18:105\"><strong>B\u00f4i tr\u01a1n c\u00e1c chi ti\u1ebft kim lo\u1ea1i:<\/strong> S\u1eed d\u1ee5ng cho c\u00e1c chi ti\u1ebft kim lo\u1ea1i nh\u01b0 x\u00edch t\u1ea3i, b\u00e1nh r\u0103ng, tr\u1ee5c,&#8230;<\/li>\n<li data-sourcepos=\"19:1-20:0\"><strong>B\u1ea3o v\u1ec7 ch\u1ed1ng r\u1ec9 s\u00e9t:<\/strong> S\u1eed d\u1ee5ng \u0111\u1ec3 b\u1ea3o v\u1ec7 c\u00e1c b\u1ec1 m\u1eb7t kim lo\u1ea1i kh\u1ecfi r\u1ec9 s\u00e9t v\u00e0 \u0103n m\u00f2n.<\/li>\n<\/ul>\n<p data-sourcepos=\"21:1-21:22\"><strong>Th\u00f4ng s\u1ed1 k\u1ef9 thu\u1eadt:<\/strong><\/p>\n<ul data-sourcepos=\"23:1-26:31\">\n<li data-sourcepos=\"23:1-23:21\"><strong>\u0110\u1ed9 nh\u1edbt:<\/strong> NLGI 2<\/li>\n<li data-sourcepos=\"24:1-24:21\"><strong>\u0110i\u1ec3m r\u00f3t:<\/strong> -20\u00b0C<\/li>\n<li data-sourcepos=\"25:1-25:40\"><strong>Nhi\u1ec7t \u0111\u1ed9 l\u00e0m vi\u1ec7c:<\/strong> -30\u00b0C \u0111\u1ebfn 180\u00b0C<\/li>\n<li data-sourcepos=\"26:1-26:31\"><strong>Kh\u1ed1i l\u01b0\u1ee3ng ri\u00eang:<\/strong> 0.9 kg\/l\u00edt<\/li>\n<li data-sourcepos=\"27:1-27:24\"><strong>Th\u01b0\u01a1ng hi\u1ec7u:<\/strong> Diana<\/li>\n<li data-sourcepos=\"28:1-28:29\"><strong>M\u00e3 s\u1ea3n ph\u1ea9m:<\/strong> Diana 2100<\/li>\n<li data-sourcepos=\"29:1-30:0\"><strong>Quy c\u00e1ch \u0111\u00f3ng g\u00f3i:<\/strong> X\u00f4 17kg<\/li>\n<\/ul>\n<p data-sourcepos=\"31:1-31:38\"><strong>L\u1ee3i \u00edch khi s\u1eed d\u1ee5ng M\u1ee1 Diana 2100:<\/strong><\/p>\n<ul data-sourcepos=\"33:1-37:0\">\n<li data-sourcepos=\"33:1-33:103\"><strong>K\u00e9o d\u00e0i tu\u1ed5i th\u1ecd m\u00e1y m\u00f3c:<\/strong> B\u1ea3o v\u1ec7 c\u00e1c b\u1ed9 ph\u1eadn m\u00e1y m\u00f3c kh\u1ecfi h\u01b0 h\u1ecfng, gi\u00fap k\u00e9o d\u00e0i tu\u1ed5i th\u1ecd m\u00e1y m\u00f3c.<\/li>\n<li data-sourcepos=\"34:1-34:109\"><strong>Gi\u1ea3m chi ph\u00ed b\u1ea3o tr\u00ec:<\/strong> Gi\u1ea3m thi\u1ec3u s\u1ef1 c\u1ed1 h\u1ecfng h\u00f3c v\u00e0 nhu c\u1ea7u b\u1ea3o tr\u00ec, ti\u1ebft ki\u1ec7m chi ph\u00ed cho doanh nghi\u1ec7p.<\/li>\n<li data-sourcepos=\"35:1-35:122\"><strong>N\u00e2ng cao hi\u1ec7u qu\u1ea3 ho\u1ea1t \u0111\u1ed9ng:<\/strong> Gi\u1ea3m ma s\u00e1t v\u00e0 nhi\u1ec7t \u0111\u1ed9 v\u1eadn h\u00e0nh, gi\u00fap ti\u1ebft ki\u1ec7m n\u0103ng l\u01b0\u1ee3ng v\u00e0 t\u0103ng hi\u1ec7u qu\u1ea3 ho\u1ea1t \u0111\u1ed9ng.<\/li>\n<li data-sourcepos=\"36:1-37:0\"><strong>B\u1ea3o v\u1ec7 m\u00f4i tr\u01b0\u1eddng:<\/strong> S\u1ea3n ph\u1ea9m th\u00e2n thi\u1ec7n v\u1edbi m\u00f4i tr\u01b0\u1eddng, \u0111\u00e1p \u1ee9ng c\u00e1c ti\u00eau chu\u1ea9n m\u00f4i tr\u01b0\u1eddng qu\u1ed1c t\u1ebf.<\/li>\n<\/ul>\n<\/div>\n","protected":false},"excerpt":{"rendered":"<div class=\"rte\">\n<p><strong>T\u00ean sa\u0309n ph\u00e2\u0309m:\u00a0M\u1ee1 diana 2100 17kg\/x\u00f4<\/strong><\/p>\n<p><strong>Li\u00ean H\u1ec7<\/strong>: 0397433258<\/p>\n<p><strong>Giao h\u00e0ng:<\/strong>\u00a0Trong ng\u00e0y<\/p>\n<\/div>\n","protected":false},"featured_media":3414,"comment_status":"closed","ping_status":"closed","template":"","meta":[],"product_brand":[],"product_cat":[146],"product_tag":[],"class_list":{"0":"post-3413","1":"product","2":"type-product","3":"status-publish","4":"has-post-thumbnail","6":"product_cat-mo-cong-nghiep","8":"first","9":"instock","10":"shipping-taxable","11":"product-type-simple"},"_links":{"self":[{"href":"https:\/\/yenhung.com\/index.php?rest_route=\/wp\/v2\/product\/3413","targetHints":{"allow":["GET"]}}],"collection":[{"href":"https:\/\/yenhung.com\/index.php?rest_route=\/wp\/v2\/product"}],"about":[{"href":"https:\/\/yenhung.com\/index.php?rest_route=\/wp\/v2\/types\/product"}],"replies":[{"embeddable":true,"href":"https:\/\/yenhung.com\/index.php?rest_route=%2Fwp%2Fv2%2Fcomments&post=3413"}],"wp:featuredmedia":[{"embeddable":true,"href":"https:\/\/yenhung.com\/index.php?rest_route=\/wp\/v2\/media\/3414"}],"wp:attachment":[{"href":"https:\/\/yenhung.com\/index.php?rest_route=%2Fwp%2Fv2%2Fmedia&parent=3413"}],"wp:term":[{"taxonomy":"product_brand","embeddable":true,"href":"https:\/\/yenhung.com\/index.php?rest_route=%2Fwp%2Fv2%2Fproduct_brand&post=3413"},{"taxonomy":"product_cat","embeddable":true,"href":"https:\/\/yenhung.com\/index.php?rest_route=%2Fwp%2Fv2%2Fproduct_cat&post=3413"},{"taxonomy":"product_tag","embeddable":true,"href":"https:\/\/yenhung.com\/index.php?rest_route=%2Fwp%2Fv2%2Fproduct_tag&post=3413"}],"curies":[{"name":"wp","href":"https:\/\/api.w.org\/{rel}","templated":true}]}}