{"id":3425,"date":"2025-10-27T08:06:10","date_gmt":"2025-10-27T08:06:10","guid":{"rendered":"https:\/\/yenhung.com\/?product=che-pham-boi-tron-molykote-4-electrical-insulating-compound-150g"},"modified":"2026-02-25T07:25:17","modified_gmt":"2026-02-25T07:25:17","slug":"che-pham-boi-tron-molykote-4-electrical-insulating-compound-150g","status":"publish","type":"product","link":"https:\/\/yenhung.com\/?product=che-pham-boi-tron-molykote-4-electrical-insulating-compound-150g","title":{"rendered":"Ch\u1ebf ph\u1ea9m b\u00f4i tr\u01a1n Molykote 4 Electrical Insulating Compound (150g)"},"content":{"rendered":"<div class=\"ba-text-fpt\">\n<h2><strong>Ch\u1ebf ph\u1ea9m b\u00f4i tr\u01a1n molykote 4 electrical insulating compound (150g)<\/strong><\/h2>\n<p>\u0110\u00e2y l\u00e0 m\u1ed9t lo\u1ea1i <b>h\u1ee3p ch\u1ea5t c\u00e1ch \u0111i\u1ec7n g\u1ed1c silicone (silicone compound)<\/b> cao c\u1ea5p c\u1ee7a th\u01b0\u01a1ng hi\u1ec7u <b>Molykote<\/b> (thu\u1ed9c DuPont, tr\u01b0\u1edbc \u0111\u00e2y l\u00e0 Dow Corning).<\/p>\n<p>Molykote 4 l\u00e0 s\u1ea3n ph\u1ea9m \u0111\u01b0\u1ee3c thi\u1ebft k\u1ebf \u0111\u1eb7c bi\u1ec7t \u0111\u1ec3 b\u00f4i tr\u01a1n, l\u00e0m k\u00edn v\u00e0 b\u1ea3o v\u1ec7 c\u00e1c b\u1ed9 ph\u1eadn \u0111i\u1ec7n v\u00e0 \u0111i\u1ec7n t\u1eed, n\u01a1i y\u00eau c\u1ea7u kh\u1ea3 n\u0103ng c\u00e1ch \u0111i\u1ec7n v\u00e0 ch\u1ed1ng \u1ea9m tuy\u1ec7t v\u1eddi.<\/p>\n<h3>\u0110\u1eb7c \u0111i\u1ec3m n\u1ed5i b\u1eadt c\u1ee7a Molykote 4 Electrical Insulating Compound<\/h3>\n<p><img decoding=\"async\" title=\"4-electrical-insulating-compound-c-1751008170316-2\" src=\"https:\/\/yenhung.com\/wp-content\/uploads\/2025\/10\/4-electrical-insulating-compound-c-1751008170316-2.jpg\" alt=\"Ch\u1ebf ph\u1ea9m b\u00f4i tr\u01a1n molykote 4 electrical insulating compound (150g)\" data-thumb=\"large\" \/><\/p>\n<p>Molykote 4 s\u1edf h\u1eefu nhi\u1ec1u t\u00ednh n\u0103ng v\u01b0\u1ee3t tr\u1ed9i, l\u00fd t\u01b0\u1edfng cho c\u00e1c \u1ee9ng d\u1ee5ng \u0111i\u1ec7n v\u00e0 l\u00e0m k\u00edn:<\/p>\n<ul>\n<li><b>\u0110\u1ed9 b\u1ec1n \u0111i\u1ec7n m\u00f4i (Dielectric Strength) cao:<\/b> \u0110\u00e2y l\u00e0 \u0111\u1eb7c t\u00ednh quan tr\u1ecdng nh\u1ea5t. Molykote 4 cung c\u1ea5p kh\u1ea3 n\u0103ng c\u00e1ch \u0111i\u1ec7n v\u01b0\u1ee3t tr\u1ed9i, gi\u00fap ng\u0103n ng\u1eeba hi\u1ec7n t\u01b0\u1ee3ng ph\u00f3ng \u0111i\u1ec7n, h\u1ed3 quang \u0111i\u1ec7n v\u00e0 \u0111o\u1ea3n m\u1ea1ch, \u0111\u1ea3m b\u1ea3o an to\u00e0n v\u00e0 \u1ed5n \u0111\u1ecbnh cho h\u1ec7 th\u1ed1ng \u0111i\u1ec7n.<\/li>\n<li><b>Ch\u1ed1ng \u1ea9m v\u00e0 ch\u1ed1ng th\u1ea5m n\u01b0\u1edbc hi\u1ec7u qu\u1ea3:<\/b> S\u1ea3n ph\u1ea9m t\u1ea1o ra m\u1ed9t l\u1edbp m\u00e0ng b\u1ea3o v\u1ec7 ch\u1ed1ng l\u1ea1i s\u1ef1 x\u00e2m nh\u1eadp c\u1ee7a \u0111\u1ed9 \u1ea9m, n\u01b0\u1edbc v\u00e0 c\u00e1c ch\u1ea5t g\u00e2y \u00f4 nhi\u1ec5m kh\u00e1c. \u0110i\u1ec1u n\u00e0y gi\u00fap b\u1ea3o v\u1ec7 c\u00e1c k\u1ebft n\u1ed1i \u0111i\u1ec7n kh\u1ecfi \u0103n m\u00f2n v\u00e0 h\u01b0 h\u1ecfng, \u0111\u1eb7c bi\u1ec7t hi\u1ec7u qu\u1ea3 trong m\u00f4i tr\u01b0\u1eddng \u1ea9m \u01b0\u1edbt ho\u1eb7c ti\u1ebfp x\u00fac v\u1edbi n\u01b0\u1edbc.<\/li>\n<li><b>Ph\u1ea1m vi nhi\u1ec7t \u0111\u1ed9 ho\u1ea1t \u0111\u1ed9ng r\u1ed9ng:<\/b> M\u1ee1 duy tr\u00ec \u0111\u1ed9 \u0111\u1eb7c v\u00e0 hi\u1ec7u su\u1ea5t trong d\u1ea3i nhi\u1ec7t \u0111\u1ed9 r\u1ed9ng t\u1eeb kho\u1ea3ng <b>\u221240\u2218C \u0111\u1ebfn +200\u2218C<\/b> (c\u00f3 th\u1ec3 ch\u1ecbu nhi\u1ec7t ng\u1eafn h\u1ea1n l\u00ean \u0111\u1ebfn +204\u2218C), ph\u00f9 h\u1ee3p cho c\u1ea3 \u1ee9ng d\u1ee5ng trong m\u00f4i tr\u01b0\u1eddng l\u1ea1nh kh\u1eafc nghi\u1ec7t l\u1eabn nhi\u1ec7t \u0111\u1ed9 cao.<\/li>\n<li><b>\u0110\u1ed9 bay h\u01a1i th\u1ea5p:<\/b> Gi\u00fap s\u1ea3n ph\u1ea9m duy tr\u00ec t\u00ednh ch\u1ea5t v\u00e0 hi\u1ec7u su\u1ea5t trong th\u1eddi gian d\u00e0i, gi\u1ea3m thi\u1ec3u s\u1ef1 hao h\u1ee5t v\u1eadt li\u1ec7u v\u00e0 kh\u00f4ng g\u00e2y \u00f4 nhi\u1ec5m h\u1ec7 th\u1ed1ng.<\/li>\n<li><b>\u0110\u1ed9 b\u00e1m d\u00ednh t\u1ed1t:<\/b> Molykote 4 b\u00e1m d\u00ednh t\u1ed1t tr\u00ean nhi\u1ec1u v\u1eadt li\u1ec7u kh\u00f4 bao g\u1ed3m kim lo\u1ea1i, ch\u1ea5t \u0111\u00e0n h\u1ed3i (cao su), polymer v\u00e0 g\u1ed1m s\u1ee9.<\/li>\n<li><b>T\u01b0\u01a1ng th\u00edch v\u1edbi nhi\u1ec1u v\u1eadt li\u1ec7u:<\/b> T\u01b0\u01a1ng th\u00edch t\u1ed1t v\u1edbi h\u1ea7u h\u1ebft c\u00e1c lo\u1ea1i nh\u1ef1a v\u00e0 cao su, kh\u00f4ng g\u00e2y h\u01b0 h\u1ea1i hay l\u00e0m tr\u01b0\u01a1ng n\u1edf c\u00e1c chi ti\u1ebft l\u00e0m k\u00edn.<\/li>\n<li><b>\u1ed4n \u0111\u1ecbnh h\u00f3a h\u1ecdc v\u00e0 oxy h\u00f3a nhi\u1ec7t t\u1ed1t:<\/b> Gi\u00fap s\u1ea3n ph\u1ea9m duy tr\u00ec hi\u1ec7u su\u1ea5t trong \u0111i\u1ec1u ki\u1ec7n kh\u1eafc nghi\u1ec7t v\u00e0 k\u00e9o d\u00e0i tu\u1ed5i th\u1ecd s\u1eed d\u1ee5ng.<\/li>\n<li><b>Kh\u00f4ng \u0111\u1ed9c h\u1ea1i v\u00e0 \u0111\u1ea1t ti\u00eau chu\u1ea9n an to\u00e0n:<\/b> \u0110\u00e1p \u1ee9ng c\u00e1c ti\u00eau chu\u1ea9n nh\u01b0 <b>NSF 51, NSF 61 v\u00e0 FDA 21 CFR 175.300<\/b>, cho ph\u00e9p s\u1eed d\u1ee5ng an to\u00e0n trong c\u00e1c \u1ee9ng d\u1ee5ng c\u00f3 th\u1ec3 ti\u1ebfp x\u00fac ng\u1eabu nhi\u00ean v\u1edbi th\u1ef1c ph\u1ea9m v\u00e0 n\u01b0\u1edbc u\u1ed1ng.<br \/>\n<h3>\u1ee8ng d\u1ee5ng c\u1ee7a Molykote 4 Electrical Insulating Compound<\/h3>\n<p><img decoding=\"async\" title=\"4-electrical-insulating-compound-a-1751008089852-1\" src=\"https:\/\/yenhung.com\/wp-content\/uploads\/2025\/10\/4-electrical-insulating-compound-a-1751008089852-1.jpg\" alt=\"Ch\u1ebf ph\u1ea9m b\u00f4i tr\u01a1n molykote 4 electrical insulating compound (150g)\" data-thumb=\"large\" \/><\/p>\n<p>Molykote 4 Electrical Insulating Compound \u0111\u01b0\u1ee3c \u1ee9ng d\u1ee5ng r\u1ed9ng r\u00e3i trong c\u00e1c ng\u00e0nh c\u00f4ng nghi\u1ec7p \u0111\u00f2i h\u1ecfi kh\u1ea3 n\u0103ng c\u00e1ch \u0111i\u1ec7n v\u00e0 b\u1ea3o v\u1ec7 kh\u1ecfi \u0111\u1ed9 \u1ea9m:<\/li>\n<li><b>H\u1ec7 th\u1ed1ng \u0111\u00e1nh l\u1eeda v\u00e0 bugi:<\/b> L\u00e0m ph\u1edbt ch\u1ed1ng \u1ea9m cho h\u1ec7 th\u1ed1ng \u0111\u00e1nh l\u1eeda c\u1ee7a m\u00e1y bay, \u00f4 t\u00f4 v\u00e0 h\u00e0ng h\u1ea3i, c\u0169ng nh\u01b0 c\u00e1c \u0111\u1ea7u n\u1ed1i bugi \u0111\u1ec3 \u0111\u1ea3m b\u1ea3o ho\u1ea1t \u0111\u1ed9ng \u1ed5n \u0111\u1ecbnh.<\/li>\n<li><b>K\u1ebft n\u1ed1i \u0111i\u1ec7n v\u00e0 \u0111\u1ea7u cu\u1ed1i:<\/b> S\u1eed d\u1ee5ng l\u00e0m ch\u1ea5t l\u00e0m k\u00edn v\u00e0 b\u00f4i tr\u01a1n cho c\u00e1c \u0111\u1ea7u n\u1ed1i c\u00e1p, \u0111\u1ea7u c\u1ef1c pin, c\u00f4ng t\u1eafc, ti\u1ebfp \u0111i\u1ec3m \u0111i\u1ec7n, gi\u00fap ng\u0103n ch\u1eb7n s\u1ef1 \u0103n m\u00f2n v\u00e0 c\u1ea3i thi\u1ec7n \u0111\u1ed9 d\u1eabn \u0111i\u1ec7n (b\u1eb1ng c\u00e1ch ng\u0103n ch\u1eb7n s\u1ef1 h\u00ecnh th\u00e0nh m\u00e0ng oxit).<\/li>\n<li><b>Gio\u0103ng v\u00e0 ph\u1edbt cao su\/nh\u1ef1a:<\/b> D\u00f9ng \u0111\u1ec3 b\u00f4i tr\u01a1n v\u00e0 b\u1ea3o v\u1ec7 c\u00e1c gio\u0103ng cao su, v\u00f2ng ch\u1eef O (O-rings) v\u00e0 c\u00e1c mi\u1ebfng \u0111\u1ec7m b\u1eb1ng nh\u1ef1a, \u0111\u1eb7c bi\u1ec7t l\u00e0 trong c\u00e1c \u1ee9ng d\u1ee5ng c\u1ea7n ch\u1ed1ng \u1ea9m.<\/li>\n<li><b>L\u1eafp r\u00e1p c\u00e1c t\u1ed5 h\u1ee3p kim lo\u1ea1i tr\u00ean polymer\/cao su:<\/b> L\u00e0m ch\u1ea5t b\u00f4i tr\u01a1n l\u1eafp r\u00e1p \u0111\u1ec3 gi\u00fap qu\u00e1 tr\u00ecnh l\u1eafp r\u00e1p c\u00e1c chi ti\u1ebft n\u00e0y d\u1ec5 d\u00e0ng h\u01a1n v\u00e0 \u0111\u1ea3m b\u1ea3o \u0111\u1ed9 k\u00edn.<\/li>\n<li><b>Thi\u1ebft b\u1ecb \u0111i\u1ec7n v\u00e0 \u0111i\u1ec7n t\u1eed:<\/b> B\u1ea3o v\u1ec7 v\u00e0 l\u00e0m k\u00edn c\u00e1c c\u1ee5m v\u00e0 thi\u1ebft b\u1ecb \u0111\u1ea7u cu\u1ed1i \u0111i\u1ec7n trong nhi\u1ec1u lo\u1ea1i thi\u1ebft b\u1ecb.<\/li>\n<li><img decoding=\"async\" title=\"4-electrical-insulating-compound-b-1751008089054-1\" src=\"https:\/\/yenhung.com\/wp-content\/uploads\/2025\/10\/4-electrical-insulating-compound-b-1751008089054-1.jpg\" alt=\"Ch\u1ebf ph\u1ea9m b\u00f4i tr\u01a1n molykote 4 electrical insulating compound (150g)\" data-thumb=\"large\" \/><\/li>\n<\/ul>\n<\/div>\n","protected":false},"excerpt":{"rendered":"<div class=\"rte\">\n<p><strong>S\u1ea3n ph\u1ea9m:<\/strong>\u00a0Ch\u1ebf ph\u1ea9m b\u00f4i tr\u01a1n molykote 4 electrical insulating compound (150g)<\/p>\n<h2 data-sourcepos=\"1:1-1:114\"><strong>Li\u00ean H\u1ec7<\/strong>: 0397433258<\/h2>\n<p><strong>T\u00ecnh tr\u1ea1ng<\/strong>: Li\u00ean h\u1ec7 S\u0110T 090 666 5927<\/p>\n<\/div>\n","protected":false},"featured_media":3426,"comment_status":"closed","ping_status":"closed","template":"","meta":[],"product_brand":[],"product_cat":[146],"product_tag":[],"class_list":{"0":"post-3425","1":"product","2":"type-product","3":"status-publish","4":"has-post-thumbnail","6":"product_cat-mo-cong-nghiep","8":"first","9":"instock","10":"shipping-taxable","11":"product-type-simple"},"_links":{"self":[{"href":"https:\/\/yenhung.com\/index.php?rest_route=\/wp\/v2\/product\/3425","targetHints":{"allow":["GET"]}}],"collection":[{"href":"https:\/\/yenhung.com\/index.php?rest_route=\/wp\/v2\/product"}],"about":[{"href":"https:\/\/yenhung.com\/index.php?rest_route=\/wp\/v2\/types\/product"}],"replies":[{"embeddable":true,"href":"https:\/\/yenhung.com\/index.php?rest_route=%2Fwp%2Fv2%2Fcomments&post=3425"}],"wp:featuredmedia":[{"embeddable":true,"href":"https:\/\/yenhung.com\/index.php?rest_route=\/wp\/v2\/media\/3426"}],"wp:attachment":[{"href":"https:\/\/yenhung.com\/index.php?rest_route=%2Fwp%2Fv2%2Fmedia&parent=3425"}],"wp:term":[{"taxonomy":"product_brand","embeddable":true,"href":"https:\/\/yenhung.com\/index.php?rest_route=%2Fwp%2Fv2%2Fproduct_brand&post=3425"},{"taxonomy":"product_cat","embeddable":true,"href":"https:\/\/yenhung.com\/index.php?rest_route=%2Fwp%2Fv2%2Fproduct_cat&post=3425"},{"taxonomy":"product_tag","embeddable":true,"href":"https:\/\/yenhung.com\/index.php?rest_route=%2Fwp%2Fv2%2Fproduct_tag&post=3425"}],"curies":[{"name":"wp","href":"https:\/\/api.w.org\/{rel}","templated":true}]}}