{"id":3433,"date":"2025-10-27T08:06:17","date_gmt":"2025-10-27T08:06:17","guid":{"rendered":"https:\/\/yenhung.com\/?product=mo-boi-tron-rizol-lithium-complex-300c-18kg-thung"},"modified":"2026-02-25T07:24:58","modified_gmt":"2026-02-25T07:24:58","slug":"mo-boi-tron-rizol-lithium-complex-300c-18kg-thung","status":"publish","type":"product","link":"https:\/\/yenhung.com\/?product=mo-boi-tron-rizol-lithium-complex-300c-18kg-thung","title":{"rendered":"M\u1ee1 b\u00f4i tr\u01a1n RIZOL Lithium Complex 300*c (18kg\/th\u00f9ng)"},"content":{"rendered":"<div class=\"ba-text-fpt\">\n<h2 data-sourcepos=\"1:1-1:114\"><strong>M\u1ee1 b\u00f4i tr\u01a1n RIZOL Lithium Complex 300\u00b0C (18KG\/th\u00f9ng): Gi\u1ea3i ph\u00e1p b\u00f4i tr\u01a1n ho\u00e0n h\u1ea3o cho m\u1ecdi \u1ee9ng d\u1ee5ng nhi\u1ec7t \u0111\u1ed9 cao<\/strong><\/h2>\n<p><img decoding=\"async\" title=\"rizol-lithium-complex-300-c-jpeg-1\" src=\"https:\/\/yenhung.com\/wp-content\/uploads\/2025\/10\/rizol-lithium-complex-300-c-jpeg-1.jpg\" alt=\"M\u1ee1 b\u00f4i tr\u01a1n RIZOL Lithium Complex 300*C (18KG\/th\u00f9ng)\" data-thumb=\"large\" \/><\/p>\n<p data-sourcepos=\"3:1-3:376\"><strong>Rizol Lithium Complex 300\u00b0C<\/strong> l\u00e0 m\u1ee1 b\u00f4i tr\u01a1n \u0111a n\u0103ng, hi\u1ec7u su\u1ea5t cao \u0111\u01b0\u1ee3c thi\u1ebft k\u1ebf \u0111\u1eb7c bi\u1ec7t \u0111\u1ec3 \u0111\u00e1p \u1ee9ng nhu c\u1ea7u b\u00f4i tr\u01a1n trong \u0111i\u1ec1u ki\u1ec7n kh\u1eafc nghi\u1ec7t, nhi\u1ec7t \u0111\u1ed9 cao l\u00ean \u0111\u1ebfn 300\u00b0C. S\u1ea3n ph\u1ea9m \u0111\u01b0\u1ee3c s\u1ea3n xu\u1ea5t t\u1eeb d\u1ea7u g\u1ed1c kho\u00e1ng cao c\u1ea5p k\u1ebft h\u1ee3p v\u1edbi ph\u1ee9c h\u1ee3p Lithium v\u00e0 ph\u1ee5 gia ch\u1ed1ng oxy h\u00f3a, ch\u1ed1ng m\u00e0i m\u00f2n, mang \u0111\u1ebfn hi\u1ec7u qu\u1ea3 b\u00f4i tr\u01a1n v\u01b0\u1ee3t tr\u1ed9i v\u00e0 b\u1ea3o v\u1ec7 t\u1ed1i \u01b0u cho c\u00e1c chi ti\u1ebft m\u00e1y m\u00f3c.<\/p>\n<h2 data-sourcepos=\"5:1-5:20\"><strong>\u01afu \u0111i\u1ec3m n\u1ed5i b\u1eadt:<\/strong><\/h2>\n<p><strong><img decoding=\"async\" title=\"rizol-lithium-complex-300-c-1-jpeg-93ba53ef-802c-46b2-b246-93919e5b721a-1\" src=\"https:\/\/yenhung.com\/wp-content\/uploads\/2025\/10\/rizol-lithium-complex-300-c-1-jpeg-93ba53ef-802c-46b2-b246-93919e5b721a-1.jpg\" alt=\"M\u1ee1 b\u00f4i tr\u01a1n RIZOL Lithium Complex 300*C (18KG\/th\u00f9ng)\" data-thumb=\"large\" \/><\/strong><\/p>\n<ul data-sourcepos=\"7:1-12:0\">\n<li data-sourcepos=\"7:1-7:180\"><strong>Kh\u1ea3 n\u0103ng ch\u1ecbu nhi\u1ec7t \u0111\u1ed9 cao:<\/strong>\u00a0Ch\u1ecbu \u0111\u01b0\u1ee3c nhi\u1ec7t \u0111\u1ed9 ho\u1ea1t \u0111\u1ed9ng li\u00ean t\u1ee5c l\u00ean \u0111\u1ebfn 300\u00b0C m\u00e0 kh\u00f4ng b\u1ecb ch\u1ea3y nh\u1ecf gi\u1ecdt, ph\u00e2n h\u1ee7y hay thay \u0111\u1ed5i t\u00ednh ch\u1ea5t, \u0111\u1ea3m b\u1ea3o hi\u1ec7u qu\u1ea3 b\u00f4i tr\u01a1n l\u00e2u d\u00e0i.<\/li>\n<li data-sourcepos=\"8:1-8:216\"><strong>Kh\u1ea3 n\u0103ng ch\u1ed1ng n\u01b0\u1edbc tuy\u1ec7t v\u1eddi:<\/strong>\u00a0B\u1ea3o v\u1ec7 hi\u1ec7u qu\u1ea3 c\u00e1c chi ti\u1ebft kh\u1ecfi s\u1ef1 x\u00e2m nh\u1eadp c\u1ee7a n\u01b0\u1edbc, h\u01a1i \u1ea9m, ng\u0103n ng\u1eeba g\u1ec9 s\u00e9t v\u00e0 \u0103n m\u00f2n, \u0111\u1eb7c bi\u1ec7t th\u00edch h\u1ee3p cho m\u00f4i tr\u01b0\u1eddng ho\u1ea1t \u0111\u1ed9ng \u1ea9m \u01b0\u1edbt ho\u1eb7c th\u01b0\u1eddng xuy\u00ean ti\u1ebfp x\u00fac v\u1edbi n\u01b0\u1edbc.<\/li>\n<li data-sourcepos=\"9:1-9:160\"><strong>Kh\u1ea3 n\u0103ng b\u00f4i tr\u01a1n v\u01b0\u1ee3t tr\u1ed9i:<\/strong>\u00a0Gi\u1ea3m ma s\u00e1t v\u00e0 m\u00e0i m\u00f2n hi\u1ec7u qu\u1ea3, b\u1ea3o v\u1ec7 c\u00e1c chi ti\u1ebft m\u00e1y m\u00f3c kh\u1ecfi h\u01b0 h\u1ea1i, t\u0103ng tu\u1ed5i th\u1ecd s\u1eed d\u1ee5ng v\u00e0 ti\u1ebft ki\u1ec7m chi ph\u00ed b\u1ea3o tr\u00ec.<\/li>\n<li data-sourcepos=\"10:1-10:142\"><strong>Kh\u1ea3 n\u0103ng ch\u1ed1ng oxy h\u00f3a:<\/strong>\u00a0Ch\u1ed1ng l\u1ea1i s\u1ef1 ph\u00e2n h\u1ee7y do oxy h\u00f3a, k\u00e9o d\u00e0i tu\u1ed5i th\u1ecd c\u1ee7a m\u1ee1 b\u00f4i tr\u01a1n v\u00e0 b\u1ea3o v\u1ec7 c\u00e1c chi ti\u1ebft kh\u1ecfi t\u00e1c h\u1ea1i c\u1ee7a axit.<\/li>\n<li data-sourcepos=\"11:1-12:0\"><strong>Kh\u1ea3 n\u0103ng t\u01b0\u01a1ng th\u00edch:<\/strong>\u00a0T\u01b0\u01a1ng th\u00edch v\u1edbi h\u1ea7u h\u1ebft c\u00e1c lo\u1ea1i m\u1ee1 b\u00f4i tr\u01a1n kh\u00e1c, c\u00f3 th\u1ec3 s\u1eed d\u1ee5ng b\u1ed5 sung ho\u1eb7c thay th\u1ebf m\u00e0 kh\u00f4ng \u1ea3nh h\u01b0\u1edfng \u0111\u1ebfn hi\u1ec7u qu\u1ea3 ho\u1ea1t \u0111\u1ed9ng c\u1ee7a m\u00e1y m\u00f3c.<\/li>\n<\/ul>\n<h2 data-sourcepos=\"13:1-13:13\"><strong>\u1ee8ng d\u1ee5ng:<\/strong><\/h2>\n<p><strong><img decoding=\"async\" title=\"rizol-lithium-complex-300-c-1-jpeg-2\" src=\"https:\/\/yenhung.com\/wp-content\/uploads\/2025\/10\/rizol-lithium-complex-300-c-1-jpeg-2.jpg\" alt=\"M\u1ee1 b\u00f4i tr\u01a1n RIZOL Lithium Complex 300*C (18KG\/th\u00f9ng)\" data-thumb=\"large\" \/><\/strong><\/p>\n<ul data-sourcepos=\"15:1-18:0\">\n<li data-sourcepos=\"15:1-15:166\"><strong>B\u00f4i tr\u01a1n \u1ed5 b\u1ea1c, v\u00f2ng bi:<\/strong>\u00a0S\u1eed d\u1ee5ng cho c\u00e1c \u1ed5 b\u1ea1c, v\u00f2ng bi ch\u1ecbu t\u1ea3i cao, ho\u1ea1t \u0111\u1ed9ng trong m\u00f4i tr\u01b0\u1eddng nhi\u1ec7t \u0111\u1ed9 cao nh\u01b0: l\u00f2 nung, nh\u00e0 m\u00e1y xi m\u0103ng, th\u00e9p, luy\u1ec7n kim,&#8230;<\/li>\n<li data-sourcepos=\"16:1-16:129\"><strong>B\u00f4i tr\u01a1n kh\u1edbp n\u1ed1i, tr\u1ee5c truy\u1ec1n \u0111\u1ed9ng:<\/strong>\u00a0B\u1ea3o v\u1ec7 kh\u1edbp n\u1ed1i, tr\u1ee5c truy\u1ec1n \u0111\u1ed9ng kh\u1ecfi ma s\u00e1t v\u00e0 m\u00e0i m\u00f2n trong \u0111i\u1ec1u ki\u1ec7n nhi\u1ec7t \u0111\u1ed9 cao.<\/li>\n<li data-sourcepos=\"17:1-18:0\"><strong>B\u00f4i tr\u01a1n c\u00e1c chi ti\u1ebft m\u00e1y m\u00f3c kh\u00e1c:<\/strong>\u00a0S\u1eed d\u1ee5ng cho c\u00e1c chi ti\u1ebft m\u00e1y m\u00f3c th\u01b0\u1eddng xuy\u00ean ti\u1ebfp x\u00fac v\u1edbi nhi\u1ec7t \u0111\u1ed9 cao, n\u01b0\u1edbc, h\u01a1i \u1ea9m nh\u01b0: qu\u1ea1t gi\u00f3, b\u01a1m h\u01a1i n\u00f3ng, m\u00e1y s\u1ea5y,&#8230;<\/li>\n<\/ul>\n<p data-sourcepos=\"19:1-19:191\"><strong>Rizol Lithium Complex 300\u00b0C<\/strong> \u0111\u01b0\u1ee3c \u0111\u00f3ng th\u00f9ng 18kg, ph\u00f9 h\u1ee3p cho nhu c\u1ea7u s\u1eed d\u1ee5ng b\u00f4i tr\u01a1n v\u1edbi kh\u1ed1i l\u01b0\u1ee3ng l\u1edbn. S\u1ea3n ph\u1ea9m \u0111\u1ea1t ti\u00eau chu\u1ea9n ch\u1ea5t l\u01b0\u1ee3ng cao, an to\u00e0n cho ng\u01b0\u1eddi s\u1eed d\u1ee5ng v\u00e0 m\u00f4i tr\u01b0\u1eddng.<\/p>\n<\/div>\n","protected":false},"excerpt":{"rendered":"<div class=\"rte\">\n<p><strong>T\u00ean sa\u0309n ph\u00e2\u0309m:\u00a0RIZOL Lithium Complex 300*C\u00a0<\/strong><br \/>\n<strong>\u0110\u1eb7c \u0111i\u1ec3m:<\/strong> <strong>M\u1ee1 b\u00f4i tr\u01a1n <\/strong><br \/>\n<strong>Li\u00ean H\u1ec7<\/strong>: 0397433258<br \/>\n<strong>Li\u00ean h\u1ec7:<\/strong>\u00a0(24\/7)<br \/>\n<strong>Giao h\u00e0ng:<\/strong> Trong ng\u00e0y<\/p>\n<\/div>\n","protected":false},"featured_media":3434,"comment_status":"closed","ping_status":"closed","template":"","meta":[],"product_brand":[],"product_cat":[146],"product_tag":[],"class_list":{"0":"post-3433","1":"product","2":"type-product","3":"status-publish","4":"has-post-thumbnail","6":"product_cat-mo-cong-nghiep","8":"first","9":"instock","10":"shipping-taxable","11":"product-type-simple"},"_links":{"self":[{"href":"https:\/\/yenhung.com\/index.php?rest_route=\/wp\/v2\/product\/3433","targetHints":{"allow":["GET"]}}],"collection":[{"href":"https:\/\/yenhung.com\/index.php?rest_route=\/wp\/v2\/product"}],"about":[{"href":"https:\/\/yenhung.com\/index.php?rest_route=\/wp\/v2\/types\/product"}],"replies":[{"embeddable":true,"href":"https:\/\/yenhung.com\/index.php?rest_route=%2Fwp%2Fv2%2Fcomments&post=3433"}],"wp:featuredmedia":[{"embeddable":true,"href":"https:\/\/yenhung.com\/index.php?rest_route=\/wp\/v2\/media\/3434"}],"wp:attachment":[{"href":"https:\/\/yenhung.com\/index.php?rest_route=%2Fwp%2Fv2%2Fmedia&parent=3433"}],"wp:term":[{"taxonomy":"product_brand","embeddable":true,"href":"https:\/\/yenhung.com\/index.php?rest_route=%2Fwp%2Fv2%2Fproduct_brand&post=3433"},{"taxonomy":"product_cat","embeddable":true,"href":"https:\/\/yenhung.com\/index.php?rest_route=%2Fwp%2Fv2%2Fproduct_cat&post=3433"},{"taxonomy":"product_tag","embeddable":true,"href":"https:\/\/yenhung.com\/index.php?rest_route=%2Fwp%2Fv2%2Fproduct_tag&post=3433"}],"curies":[{"name":"wp","href":"https:\/\/api.w.org\/{rel}","templated":true}]}}