{"id":3441,"date":"2025-10-27T08:06:24","date_gmt":"2025-10-27T08:06:24","guid":{"rendered":"https:\/\/yenhung.com\/?product=mo-boi-tron-interflon-food-grease-1-tuyp-400ml"},"modified":"2026-02-25T07:23:46","modified_gmt":"2026-02-25T07:23:46","slug":"mo-boi-tron-interflon-food-grease-1-tuyp-400ml","status":"publish","type":"product","link":"https:\/\/yenhung.com\/?product=mo-boi-tron-interflon-food-grease-1-tuyp-400ml","title":{"rendered":"M\u1ee1 b\u00f4i tr\u01a1n interflon food grease 1, tu\u00fdp 400ml"},"content":{"rendered":"<div class=\"ba-text-fpt\">\n<h2 id=\"h-combat\"><strong>M\u00f4 t\u1ea3 Interflon Food Grease 1- M\u1ee1 th\u1ef1c ph\u1ea9m 1<\/strong><\/h2>\n<p><img decoding=\"async\" title=\"interflon-food-grease-1-2\" src=\"https:\/\/yenhung.com\/wp-content\/uploads\/2025\/10\/interflon-food-grease-1-2.jpg\" alt=\"M\u1ee1 b\u00f4i tr\u01a1n Interflon Food Grease 1, tu\u00fdp 400ml\" data-thumb=\"large\" \/><\/p>\n<p>M\u1ee1 \u0111a d\u1ee5ng hi\u1ec7u su\u1ea5t cao kh\u00f4ng ch\u1ea3y m\u00e1u.\u00a0\u0110\u01b0\u1ee3c thi\u1ebft k\u1ebf \u0111\u1ec3 b\u00f4i tr\u01a1n (t\u1ef1 \u0111\u1ed9ng) m\u00e1y m\u00f3c s\u1eed d\u1ee5ng trong m\u00f4i tr\u01b0\u1eddng c\u00f4ng nghi\u1ec7p v\u00e0 th\u1ef1c ph\u1ea9m.<\/p>\n<p>\u0110\u01b0\u1ee3c t\u0103ng c\u01b0\u1eddng v\u1edbi MicPol\u00ae \u0111\u1ec3 mang l\u1ea1i kh\u1ea3 n\u0103ng b\u1ea3o v\u1ec7 thi\u1ebft b\u1ecb v\u01b0\u1ee3t tr\u1ed9i v\u00e0 k\u00e9o d\u00e0i tu\u1ed5i th\u1ecd d\u1ea7u m\u1ee1 \u0111\u1ec3 v\u1eadn h\u00e0nh kh\u00f4ng g\u1eb7p s\u1ef1 c\u1ed1.<\/p>\n<p>Kh\u1ea3 n\u0103ng ch\u1ed1ng n\u01b0\u1edbc cao \u0111\u1ec3 cung c\u1ea5p ch\u1ee9c n\u0103ng khi c\u1ea7n k\u00e9o d\u00e0i tu\u1ed5i th\u1ecd d\u1ea7u m\u1ee1 ho\u1eb7c x\u1eed l\u00fd n\u01b0\u1edbc lo\u1ea1i tr\u1eeb vi\u1ec7c s\u1eed d\u1ee5ng ch\u1ea5t b\u00f4i tr\u01a1n th\u00f4ng th\u01b0\u1eddng.<\/p>\n<h2><strong>\u0110\u1eb7c \u0111i\u1ec3m\u00a0<\/strong><\/h2>\n<p><img decoding=\"async\" title=\"interflon-food-grease-1-1-jpeg-1\" src=\"https:\/\/yenhung.com\/wp-content\/uploads\/2025\/10\/interflon-food-grease-1-1-jpeg-1.jpg\" alt=\"M\u1ee1 b\u00f4i tr\u01a1n Interflon Food Grease 1, tu\u00fdp 400ml\" data-thumb=\"large\" \/><\/p>\n<ul>\n<li>Gi\u1ea3m ma s\u00e1t v\u00e0 m\u00e0i m\u00f2n t\u1ed1t h\u01a1n \u0111\u00e1ng k\u1ec3 so v\u1edbi c\u00f4ng ngh\u1ec7 b\u00f4i tr\u01a1n th\u00f4ng th\u01b0\u1eddng<\/li>\n<li>\u0110\u1eb7c t\u00ednh kh\u1ea3 n\u0103ng b\u01a1m tuy\u1ec7t v\u1eddi<\/li>\n<li>D\u00e0nh cho c\u00e1c h\u1ec7 th\u1ed1ng ti\u1ebfn b\u1ed9 c\u00f3 \u1ed1ng r\u1ea5t m\u1ecfng<\/li>\n<li>Ch\u1ed1ng n\u01b0\u1edbc r\u1eeda tr\u00f4i v\u00e0 \u00f4 nhi\u1ec5m<\/li>\n<li>\u0110\u1eb7c t\u00ednh b\u00e1m d\u00ednh t\u1ed1t<\/li>\n<li>Trong su\u1ed1t, cho ph\u00e9p ki\u1ec3m tra tr\u1ef1c quan d\u1ec5 d\u00e0ng<\/li>\n<\/ul>\n<h2 id=\"h-features-and-benefits\"><strong>\u1ee8ng d\u1ee5ng Interflon Food Grease 1<\/strong><\/h2>\n<p><strong><img decoding=\"async\" title=\"interflon-food-grease-1-2-jpeg-1\" src=\"https:\/\/yenhung.com\/wp-content\/uploads\/2025\/10\/interflon-food-grease-1-2-jpeg-1.jpg\" alt=\"M\u1ee1 b\u00f4i tr\u01a1n Interflon Food Grease 1, tu\u00fdp 400ml\" data-thumb=\"large\" \/><\/strong><\/p>\n<p>D\u00e0nh cho c\u00e1c \u1ee9ng d\u1ee5ng d\u1ea7u m\u1ee1 trong s\u1ea3n xu\u1ea5t th\u1ef1c ph\u1ea9m, \u0111\u1ed3 u\u1ed1ng v\u00e0 d\u01b0\u1ee3c ph\u1ea9m, m\u00e1y m\u00f3c chu\u1ea9n b\u1ecb v\u00e0 v\u1eadn chuy\u1ec3n d\u00f9ng \u0111\u1ec3 s\u1ea3n xu\u1ea5t c\u00e1c s\u1ea3n ph\u1ea9m t\u1eeb s\u1eefa, bia, r\u01b0\u1ee3u vang, n\u01b0\u1edbc tr\u00e1i c\u00e2y v\u00e0 nhi\u1ec1u lo\u1ea1i \u0111\u1ed3 u\u1ed1ng kh\u00e1c, th\u1ecbt \u0111\u1ecf, th\u1ecbt gia c\u1ea7m, c\u00e1, rau, tr\u00e1i c\u00e2y, c\u00e1c s\u1ea3n ph\u1ea9m b\u00e1nh m\u00ec v\u00e0 nhi\u1ec1u lo\u1ea1i kh\u00e1c, nhi\u1ec1u h\u01a1n n\u1eefa.<\/p>\n<\/div>\n","protected":false},"excerpt":{"rendered":"<div class=\"rte\">\n<p><strong>T\u00ean sa\u0309n ph\u00e2\u0309m: Interflon Food Grease 1<\/strong><\/p>\n<p><strong>Li\u00ean H\u1ec7<\/strong>: 0397433258<\/p>\n<p><strong>Li\u00ean h\u1ec7:<\/strong>\u00a0 (24\/7)<\/p>\n<p><strong>Giao h\u00e0ng:<\/strong>\u00a0Trong ng\u00e0y<\/p>\n<\/div>\n","protected":false},"featured_media":3442,"comment_status":"closed","ping_status":"closed","template":"","meta":[],"product_brand":[],"product_cat":[146],"product_tag":[],"class_list":{"0":"post-3441","1":"product","2":"type-product","3":"status-publish","4":"has-post-thumbnail","6":"product_cat-mo-cong-nghiep","8":"first","9":"instock","10":"shipping-taxable","11":"product-type-simple"},"_links":{"self":[{"href":"https:\/\/yenhung.com\/index.php?rest_route=\/wp\/v2\/product\/3441","targetHints":{"allow":["GET"]}}],"collection":[{"href":"https:\/\/yenhung.com\/index.php?rest_route=\/wp\/v2\/product"}],"about":[{"href":"https:\/\/yenhung.com\/index.php?rest_route=\/wp\/v2\/types\/product"}],"replies":[{"embeddable":true,"href":"https:\/\/yenhung.com\/index.php?rest_route=%2Fwp%2Fv2%2Fcomments&post=3441"}],"wp:featuredmedia":[{"embeddable":true,"href":"https:\/\/yenhung.com\/index.php?rest_route=\/wp\/v2\/media\/3442"}],"wp:attachment":[{"href":"https:\/\/yenhung.com\/index.php?rest_route=%2Fwp%2Fv2%2Fmedia&parent=3441"}],"wp:term":[{"taxonomy":"product_brand","embeddable":true,"href":"https:\/\/yenhung.com\/index.php?rest_route=%2Fwp%2Fv2%2Fproduct_brand&post=3441"},{"taxonomy":"product_cat","embeddable":true,"href":"https:\/\/yenhung.com\/index.php?rest_route=%2Fwp%2Fv2%2Fproduct_cat&post=3441"},{"taxonomy":"product_tag","embeddable":true,"href":"https:\/\/yenhung.com\/index.php?rest_route=%2Fwp%2Fv2%2Fproduct_tag&post=3441"}],"curies":[{"name":"wp","href":"https:\/\/api.w.org\/{rel}","templated":true}]}}