{"id":3513,"date":"2025-10-27T08:09:03","date_gmt":"2025-10-27T08:09:03","guid":{"rendered":"https:\/\/yenhung.com\/?product=son-ma-kem-lanh-300-zinc-guard-300-1l-lon"},"modified":"2026-02-25T07:17:36","modified_gmt":"2026-02-25T07:17:36","slug":"son-ma-kem-lanh-300-zinc-guard-300-1l-lon","status":"publish","type":"product","link":"https:\/\/yenhung.com\/?product=son-ma-kem-lanh-300-zinc-guard-300-1l-lon","title":{"rendered":"S\u01a0N M\u1ea0 K\u1ebcM L\u1ea0NH 300 ZINC GUARD 300 &#8211; 1L\/Lon"},"content":{"rendered":"<div class=\"ba-text-fpt\">\n<h2 data-sourcepos=\"9:1-9:97\"><strong>S\u01a1n m\u1ea1 k\u1ebdm l\u1ea1nh 300 Zinc Guard 300 &#8211; Gi\u1ea3i ph\u00e1p ch\u1ed1ng g\u1ec9 s\u00e9t hi\u1ec7u qu\u1ea3 cho kim lo\u1ea1i<\/strong><\/h2>\n<p><img decoding=\"async\" title=\"zincguard-300-1lit-jpeg-1\" src=\"https:\/\/yenhung.com\/wp-content\/uploads\/2025\/10\/zincguard-300-1lit-jpeg-1.jpg\" alt=\"S\u01a0N M\u1ea0 K\u1ebcM L\u1ea0NH 300 ZINC GUARD 300 - 1L\/Lon\" data-thumb=\"large\" \/><\/p>\n<p data-sourcepos=\"13:1-13:156\">S\u01a1n m\u1ea1 k\u1ebdm l\u1ea1nh 300 Zinc Guard 300 l\u00e0 s\u1ea3n ph\u1ea9m ch\u1ed1ng g\u1ec9 s\u00e9t h\u00e0ng \u0111\u1ea7u, b\u1ea3o v\u1ec7 b\u1ec1 m\u1eb7t kim lo\u1ea1i kh\u1ecfi t\u00e1c \u0111\u1ed9ng c\u1ee7a m\u00f4i tr\u01b0\u1eddng. V\u1edbi h\u00e0m l\u01b0\u1ee3ng k\u1ebdm cao v\u00e0 kh\u1ea3 n\u0103ng b\u00e1m d\u00ednh t\u1ed1t, s\u1ea3n ph\u1ea9m n\u00e0y \u0111\u01b0\u1ee3c \u1ee9ng d\u1ee5ng r\u1ed9ng r\u00e3i trong nhi\u1ec1u l\u0129nh v\u1ef1c c\u00f4ng nghi\u1ec7p.<\/p>\n<p data-sourcepos=\"17:1-17:77\"><strong>S\u01a1n m\u1ea1 k\u1ebdm l\u1ea1nh 300 Zinc Guard 300 &#8211; Gi\u1ea3i ph\u00e1p t\u1ed1i \u01b0u cho b\u1ec1 m\u1eb7t kim lo\u1ea1i<\/strong><\/p>\n<p data-sourcepos=\"19:1-19:173\">B\u1ea1n \u0111ang t\u00ecm ki\u1ebfm m\u1ed9t gi\u1ea3i ph\u00e1p hi\u1ec7u qu\u1ea3 \u0111\u1ec3 b\u1ea3o v\u1ec7 c\u00e1c s\u1ea3n ph\u1ea9m kim lo\u1ea1i c\u1ee7a m\u00ecnh kh\u1ecfi s\u1ef1 \u0103n m\u00f2n v\u00e0 g\u1ec9 s\u00e9t? S\u01a1n m\u1ea1 k\u1ebdm l\u1ea1nh 300 Zinc Guard 300 ch\u00ednh l\u00e0 c\u00e2u tr\u1ea3 l\u1eddi ho\u00e0n h\u1ea3o.<\/p>\n<p data-sourcepos=\"21:1-21:34\"><strong>S\u01a1n m\u1ea1 k\u1ebdm l\u1ea1nh 300 Zinc Guard 300 l\u00e0 g\u00ec?<\/strong><\/p>\n<p data-sourcepos=\"23:1-23:310\">S\u01a1n m\u1ea1 k\u1ebdm l\u1ea1nh 300 Zinc Guard 300 l\u00e0 m\u1ed9t lo\u1ea1i s\u01a1n m\u1ed9t th\u00e0nh ph\u1ea7n, c\u00f3 ch\u1ee9a h\u00e0m l\u01b0\u1ee3ng k\u1ebdm cao (l\u00ean \u0111\u1ebfn 95%). Khi \u0111\u01b0\u1ee3c ph\u1ee7 l\u00ean b\u1ec1 m\u1eb7t kim lo\u1ea1i, s\u1ea3n ph\u1ea9m n\u00e0y t\u1ea1o th\u00e0nh m\u1ed9t l\u1edbp m\u00e0ng b\u1ea3o v\u1ec7 ch\u1eafc ch\u1eafn, ng\u0103n ch\u1eb7n s\u1ef1 ti\u1ebfp x\u00fac tr\u1ef1c ti\u1ebfp c\u1ee7a kim lo\u1ea1i v\u1edbi m\u00f4i tr\u01b0\u1eddng b\u00ean ngo\u00e0i, t\u1eeb \u0111\u00f3 l\u00e0m gi\u1ea3m qu\u00e1 tr\u00ecnh oxy h\u00f3a v\u00e0 \u0103n m\u00f2n.<\/p>\n<p data-sourcepos=\"25:1-25:58\"><strong>\u01afu \u0111i\u1ec3m n\u1ed5i b\u1eadt c\u1ee7a s\u01a1n m\u1ea1 k\u1ebdm l\u1ea1nh 300 Zinc Guard 300<\/strong><\/p>\n<p data-sourcepos=\"25:1-25:58\"><img decoding=\"async\" title=\"zincguard-300-1lit-2\" src=\"https:\/\/yenhung.com\/wp-content\/uploads\/2025\/10\/zincguard-300-1lit-2.jpg\" alt=\"S\u01a0N M\u1ea0 K\u1ebcM L\u1ea0NH 300 ZINC GUARD 300 - 1L\/Lon\" data-thumb=\"large\" \/><\/p>\n<ul data-sourcepos=\"27:1-30:101\">\n<li data-sourcepos=\"27:1-27:158\"><strong>Kh\u1ea3 n\u0103ng ch\u1ed1ng g\u1ec9 s\u00e9t v\u01b0\u1ee3t tr\u1ed9i:<\/strong> Nh\u1edd h\u00e0m l\u01b0\u1ee3ng k\u1ebdm cao, s\u1ea3n ph\u1ea9m t\u1ea1o ra m\u1ed9t l\u1edbp b\u1ea3o v\u1ec7 c\u1ef1c k\u1ef3 hi\u1ec7u qu\u1ea3, gi\u00fap k\u00e9o d\u00e0i tu\u1ed5i th\u1ecd c\u1ee7a c\u00e1c s\u1ea3n ph\u1ea9m kim lo\u1ea1i.<\/li>\n<li data-sourcepos=\"28:1-28:93\"><strong>B\u00e1m d\u00ednh t\u1ed1t:<\/strong> S\u01a1n b\u00e1m ch\u1eafc v\u00e0o b\u1ec1 m\u1eb7t kim lo\u1ea1i, ngay c\u1ea3 khi b\u1ec1 m\u1eb7t kh\u00f4ng \u0111\u01b0\u1ee3c x\u1eed l\u00fd k\u1ef9.<\/li>\n<li data-sourcepos=\"29:1-29:99\"><strong>Kh\u00f4 nhanh:<\/strong> Th\u1eddi gian kh\u00f4 nhanh gi\u00fap ti\u1ebft ki\u1ec7m th\u1eddi gian thi c\u00f4ng v\u00e0 \u0111\u01b0a s\u1ea3n ph\u1ea9m v\u00e0o s\u1eed d\u1ee5ng.<\/li>\n<li data-sourcepos=\"30:1-30:101\"><strong>Ch\u1ecbu \u0111\u01b0\u1ee3c m\u00f4i tr\u01b0\u1eddng kh\u1eafc nghi\u1ec7t:<\/strong> S\u1ea3n ph\u1ea9m c\u00f3 kh\u1ea3 n\u0103ng ch\u1ecbu \u0111\u01b0\u1ee3c nhi\u1ec7t \u0111\u1ed9 cao, \u0111\u1ed9 \u1ea9m cao v\u00e0 c\u00e1c t\u00e1c \u0111\u1ed9ng c\u1ee7a h\u00f3a ch\u1ea5t.<\/li>\n<li data-sourcepos=\"31:1-32:0\"><strong>D\u1ec5 s\u1eed d\u1ee5ng:<\/strong> S\u01a1n c\u00f3 d\u1ea1ng l\u1ecfng, d\u1ec5 thi c\u00f4ng b\u1eb1ng nhi\u1ec1u ph\u01b0\u01a1ng ph\u00e1p kh\u00e1c nhau.<\/li>\n<\/ul>\n<p data-sourcepos=\"33:1-33:51\"><strong>\u1ee8ng d\u1ee5ng c\u1ee7a s\u01a1n m\u1ea1 k\u1ebdm l\u1ea1nh 300 Zinc Guard 300<\/strong><\/p>\n<p data-sourcepos=\"35:1-35:83\">S\u01a1n m\u1ea1 k\u1ebdm l\u1ea1nh 300 Zinc Guard 300 \u0111\u01b0\u1ee3c \u1ee9ng d\u1ee5ng r\u1ed9ng r\u00e3i trong nhi\u1ec1u l\u0129nh v\u1ef1c nh\u01b0:<\/p>\n<ul data-sourcepos=\"37:1-39:1\">\n<li data-sourcepos=\"37:1-37:62\"><strong>C\u00f4ng nghi\u1ec7p:<\/strong> B\u1ea3o v\u1ec7 c\u00e1c thi\u1ebft b\u1ecb, m\u00e1y m\u00f3c, k\u1ebft c\u1ea5u th\u00e9p.<\/li>\n<li data-sourcepos=\"38:1-38:87\"><strong>X\u00e2y d\u1ef1ng:<\/strong> B\u1ea3o v\u1ec7 c\u00e1c s\u1ea3n ph\u1ea9m kim lo\u1ea1i ngo\u00e0i tr\u1eddi nh\u01b0 m\u00e1i t\u00f4n, c\u1eeda s\u1eaft, h\u00e0ng r\u00e0o.<\/li>\n<li data-sourcepos=\"39:1-39:1\"><strong>Giao th\u00f4ng:<\/strong> B\u1ea3o v\u1ec7 c\u00e1c ph\u01b0\u01a1ng ti\u1ec7n giao th\u00f4ng, c\u1ea7u c\u1ed1ng.<\/li>\n<li data-sourcepos=\"40:1-41:0\"><strong>N\u00f4ng nghi\u1ec7p:<\/strong> B\u1ea3o v\u1ec7 c\u00e1c thi\u1ebft b\u1ecb n\u00f4ng nghi\u1ec7p.<\/li>\n<\/ul>\n<p>&nbsp;<\/p>\n<\/div>\n","protected":false},"excerpt":{"rendered":"<div class=\"rte\">\n<p>T\u00ean sa\u0309n ph\u00e2\u0309m:\u00a0S\u01a0N M\u1ea0 K\u1ebcM L\u1ea0NH 300 ZINC GUARD 300<\/p>\n<p><strong>Li\u00ean H\u1ec7<\/strong>: 0397433258<\/p>\n<p>Li\u00ean h\u1ec7: (24\/7) Giao h\u00e0ng: Trong ng\u00e0y<\/p>\n<\/div>\n","protected":false},"featured_media":3514,"comment_status":"closed","ping_status":"closed","template":"","meta":[],"product_brand":[],"product_cat":[147],"product_tag":[],"class_list":{"0":"post-3513","1":"product","2":"type-product","3":"status-publish","4":"has-post-thumbnail","6":"product_cat-hoa-chat-cong-nghiep","8":"first","9":"instock","10":"shipping-taxable","11":"product-type-simple"},"_links":{"self":[{"href":"https:\/\/yenhung.com\/index.php?rest_route=\/wp\/v2\/product\/3513","targetHints":{"allow":["GET"]}}],"collection":[{"href":"https:\/\/yenhung.com\/index.php?rest_route=\/wp\/v2\/product"}],"about":[{"href":"https:\/\/yenhung.com\/index.php?rest_route=\/wp\/v2\/types\/product"}],"replies":[{"embeddable":true,"href":"https:\/\/yenhung.com\/index.php?rest_route=%2Fwp%2Fv2%2Fcomments&post=3513"}],"wp:featuredmedia":[{"embeddable":true,"href":"https:\/\/yenhung.com\/index.php?rest_route=\/wp\/v2\/media\/3514"}],"wp:attachment":[{"href":"https:\/\/yenhung.com\/index.php?rest_route=%2Fwp%2Fv2%2Fmedia&parent=3513"}],"wp:term":[{"taxonomy":"product_brand","embeddable":true,"href":"https:\/\/yenhung.com\/index.php?rest_route=%2Fwp%2Fv2%2Fproduct_brand&post=3513"},{"taxonomy":"product_cat","embeddable":true,"href":"https:\/\/yenhung.com\/index.php?rest_route=%2Fwp%2Fv2%2Fproduct_cat&post=3513"},{"taxonomy":"product_tag","embeddable":true,"href":"https:\/\/yenhung.com\/index.php?rest_route=%2Fwp%2Fv2%2Fproduct_tag&post=3513"}],"curies":[{"name":"wp","href":"https:\/\/api.w.org\/{rel}","templated":true}]}}