{"id":3640,"date":"2025-10-27T08:11:33","date_gmt":"2025-10-27T08:11:33","guid":{"rendered":"https:\/\/yenhung.com\/?product=chat-boi-tron-bit-kin-birkosit-sealing-1kg-hop"},"modified":"2026-02-25T06:58:09","modified_gmt":"2026-02-25T06:58:09","slug":"chat-boi-tron-bit-kin-birkosit-sealing-1kg-hop","status":"publish","type":"product","link":"https:\/\/yenhung.com\/?product=chat-boi-tron-bit-kin-birkosit-sealing-1kg-hop","title":{"rendered":"Ch\u1ea5t b\u00f4i tr\u01a1n b\u1ecbt k\u00edn Birkosit Sealing (1kg\/h\u1ed9p)"},"content":{"rendered":"<div class=\"ba-text-fpt\">\n<h2><strong>M\u00f4 t\u1ea3 BIRKOSIT Dichtungskitt \u2013 H\u1ee3p ch\u1ea5t b\u1ecbt k\u00edn m\u1ed1i n\u1ed1i kim lo\u1ea1i<\/strong><\/h2>\n<p><img decoding=\"async\" title=\"birkosit-sealing-b-1752219571947-1\" src=\"https:\/\/yenhung.com\/wp-content\/uploads\/2025\/10\/birkosit-sealing-b-1752219571947-1.jpg\" alt=\"BIRKOSIT Dichtungskitt\" data-thumb=\"large\" \/><\/p>\n<p>BIRKOSIT\u00a0<small>Dichtungskitt<\/small>l\u00e0 ch\u1ea5t k\u1ebft d\u00ednh\/v\u1eadt li\u1ec7u b\u1ecbt k\u00edn d\u1ea1ng d\u00e1n, m\u1ed9t th\u00e0nh ph\u1ea7n d\u00f9ng trong c\u00f4ng nghi\u1ec7p \u1edf b\u1ea5t c\u1ee9 n\u01a1i n\u00e0o c\u00f3 \u0111i\u1ec1u ki\u1ec7n nhi\u1ec7t \u0111\u1ed9 k\u1ebft h\u1ee3p v\u1edbi \u00e1p su\u1ea5t tr\u00ean c\u00e1c b\u1ec1 m\u1eb7t b\u1ecbt k\u00edn ph\u1eb3ng, nh\u1eb5n (kh\u1edbp \u0111\u1ed1i \u0111\u1ea7u) \u0111\u1eb7t ra y\u00eau c\u1ea7u cao v\u1ec1 ch\u1ea5t l\u01b0\u1ee3ng c\u1ee7a h\u1ee3p ch\u1ea5t b\u1ecbt k\u00edn.<\/p>\n<p>\u0110\u00f3ng g\u00f3i trong h\u1ed9p thi\u1ebfc 1 kg<\/p>\n<h2><strong>\u0110\u1eb7c \u0111i\u1ec3m BIRKOSIT Dichtungskitt \u2013 H\u1ee3p ch\u1ea5t b\u1ecbt k\u00edn m\u1ed1i n\u1ed1i kim lo\u1ea1i<\/strong><\/h2>\n<p><img decoding=\"async\" title=\"birkosit-sealing-a-1752219571232-2\" src=\"https:\/\/yenhung.com\/wp-content\/uploads\/2025\/10\/birkosit-sealing-a-1752219571232-2.jpg\" alt=\"BIRKOSIT Dichtungskitt\" data-thumb=\"large\" \/><\/p>\n<ul>\n<li>Ch\u1ecbu nhi\u1ec7t \u0111\u1ed9 l\u00ean t\u1edbi 900 \u00b0C: ch\u1ecbu \u0111\u01b0\u1ee3c h\u01a1i n\u01b0\u1edbc v\u00e0 kh\u00f4ng kh\u00ed n\u00f3ng, n\u01b0\u1edbc n\u00f3ng v\u00e0 l\u1ea1nh, d\u1ea7u nhi\u00ean li\u1ec7u nh\u1eb9 v\u00e0 ch\u1ea5t b\u00f4i tr\u01a1n, c\u0169ng nh\u01b0 d\u1ea7u th\u00f4 v\u00e0 kh\u00ed t\u1ef1 nhi\u00ean<\/li>\n<li>Kh\u1ea3 n\u0103ng ch\u1ecbu \u00e1p l\u1ef1c: Kh\u1ea3 n\u0103ng ch\u1ecbu \u00e1p l\u1ef1c \u0111\u1ed1i v\u1edbi m\u1eb7t b\u00edch kh\u00f4ng c\u00f3 v\u00f2ng \u0111\u1ec7m k\u00edn \u0111\u01b0\u1ee3c \u0111\u1ea3m b\u1ea3o l\u00ean t\u1edbi 450 bar\u00a0, v\u00e0 th\u1eadm ch\u00ed\u00a0l\u00ean t\u1edbi 550 bar\u00a0\u0111\u1ed1i v\u1edbi c\u00e1c m\u1ed1i n\u1ed1i v\u00edt.<\/li>\n<li>\u0110\u1ed9 b\u00e1m d\u00ednh tr\u00ean c\u00e1c b\u1ec1 m\u1eb7t b\u1ecbt k\u00edn v\u00e0 c\u00e1c m\u1ed1i n\u1ed1i \u0111\u1ed1i \u0111\u1ea7u cao \u0111\u1ebfn m\u1ee9c \u0111\u1ea3m b\u1ea3o \u0111\u1ed9 k\u00edn m\u1ed9t tr\u0103m ph\u1ea7n tr\u0103m ngay c\u1ea3 \u0111\u1ed1i v\u1edbi \u00e1p su\u1ea5t\u00a0l\u00ean t\u1edbi 250 bar\u00a0.<\/li>\n<li>Tu\u1ed5i th\u1ecd s\u1eed d\u1ee5ng d\u00e0i: tu\u1ed5i th\u1ecd s\u1eed d\u1ee5ng tr\u00ean c\u00e1c b\u1ec1 m\u1eb7t l\u00e0m k\u00edn \u0111\u01b0\u1ee3c gia c\u00f4ng (kh\u1edbp \u0111\u1ed1i \u0111\u1ea7u) l\u00e0 10 n\u0103m\u00a0.<\/li>\n<\/ul>\n<h2><strong>\u1ee8ng d\u1ee5ng BIRKOSIT Dichtungskitt \u2013 H\u1ee3p ch\u1ea5t b\u1ecbt k\u00edn m\u1ed1i n\u1ed1i kim lo\u1ea1i<\/strong><\/h2>\n<p><img decoding=\"async\" title=\"birkosit-sealing-c-1752219572470-1\" src=\"https:\/\/yenhung.com\/wp-content\/uploads\/2025\/10\/birkosit-sealing-c-1752219572470-1.jpg\" alt=\"BIRKOSIT Dichtungskitt\" data-thumb=\"large\" \/><\/p>\n<p>Th\u00edch h\u1ee3p \u0111\u1ec3 b\u1ecbt k\u00edn m\u1ecdi k\u00edch th\u01b0\u1edbc b\u1ec1 m\u1eb7t.\u00a0Ch\u1ea5t l\u01b0\u1ee3ng b\u1ec1 m\u1eb7t c\u1ee7a c\u00e1c b\u1ec1 m\u1eb7t b\u1ecbt k\u00edn tu\u00e2n theo c\u00e1c b\u1ec1 m\u1eb7t \u0111\u01b0\u1ee3c phay\/c\u1ea1o v\u1edbi \u0111\u1ed9 ch\u00ednh x\u00e1c ho\u00e0n thi\u1ec7n<\/p>\n<p>Ra = 0,8 \u00b5m \u0111\u1ebfn 1,2 \u00b5m.<\/p>\n<p>Th\u00edch h\u1ee3p cho gia c\u00f4ng kh\u1edbp n\u1ed1i do n\u00f3 kh\u00f4ng kh\u00f4, kh\u00f4ng thay \u0111\u1ed5i \u0111\u1ed9 \u0111\u1eb7c ngay c\u1ea3 sau v\u00e0i gi\u1edd v\u00e0 v\u1eabn linh ho\u1ea1t v\u00e0 \u0111\u00e0n h\u1ed3i l\u00ean c\u00e1c b\u1ec1 m\u1eb7t b\u1ecbt k\u00edn kh\u00f4 b\u1eb1ng ch\u1ed5i ho\u1eb7c dao tr\u00e1t \u1edf c\u1ea3 hai m\u1eb7t.\u00a0\u0110\u1ed9 d\u00e0y l\u1edbp \u0111\u01b0\u1ee3c \u00e1p d\u1ee5ng l\u00e0\u00a00,2 mm\u00a0\u0111\u1ebfn\u00a00,3 mm.<\/p>\n<p>\u0110\u01b0\u1ee3c thi\u1ebft k\u1ebf \u0111\u1eb7c bi\u1ec7t \u0111\u1ec3 b\u1ecbt k\u00edn c\u00e1c m\u1ed1i n\u1ed1i kim lo\u1ea1i tr\u00ean tua bin h\u01a1i n\u01b0\u1edbc v\u00e0 kh\u00ed.\u00a0C\u00e1c \u1ee9ng d\u1ee5ng kh\u00e1c bao g\u1ed3m m\u00e1y n\u00e9n, m\u00e1y ph\u00e1t \u0111i\u1ec7n, m\u00e1y gi\u00e3n n\u1edf, m\u00e1y b\u01a1m, v\u1ecf v\u00e0 m\u1eb7t b\u00edch<\/p>\n<\/div>\n","protected":false},"excerpt":{"rendered":"<div class=\"rte\">\n<p><strong>T\u00ean sa\u0309n ph\u00e2\u0309m:<\/strong>\u00a0BIRKOSIT Dichtungskitt<\/p>\n<p><strong>\u0110\u1eb7c \u0111i\u1ec3m:<\/strong>\u00a0 \u00a0H\u1ee3p ch\u1ea5t b\u1ecbt k\u00edn m\u1ed1i n\u1ed1i kim lo\u1ea1i<\/p>\n<p><strong>Li\u00ean H\u1ec7<\/strong>: 0397433258<\/p>\n<\/div>\n","protected":false},"featured_media":3641,"comment_status":"closed","ping_status":"closed","template":"","meta":[],"product_brand":[],"product_cat":[147],"product_tag":[],"class_list":{"0":"post-3640","1":"product","2":"type-product","3":"status-publish","4":"has-post-thumbnail","6":"product_cat-hoa-chat-cong-nghiep","8":"first","9":"instock","10":"shipping-taxable","11":"product-type-simple"},"_links":{"self":[{"href":"https:\/\/yenhung.com\/index.php?rest_route=\/wp\/v2\/product\/3640","targetHints":{"allow":["GET"]}}],"collection":[{"href":"https:\/\/yenhung.com\/index.php?rest_route=\/wp\/v2\/product"}],"about":[{"href":"https:\/\/yenhung.com\/index.php?rest_route=\/wp\/v2\/types\/product"}],"replies":[{"embeddable":true,"href":"https:\/\/yenhung.com\/index.php?rest_route=%2Fwp%2Fv2%2Fcomments&post=3640"}],"wp:featuredmedia":[{"embeddable":true,"href":"https:\/\/yenhung.com\/index.php?rest_route=\/wp\/v2\/media\/3641"}],"wp:attachment":[{"href":"https:\/\/yenhung.com\/index.php?rest_route=%2Fwp%2Fv2%2Fmedia&parent=3640"}],"wp:term":[{"taxonomy":"product_brand","embeddable":true,"href":"https:\/\/yenhung.com\/index.php?rest_route=%2Fwp%2Fv2%2Fproduct_brand&post=3640"},{"taxonomy":"product_cat","embeddable":true,"href":"https:\/\/yenhung.com\/index.php?rest_route=%2Fwp%2Fv2%2Fproduct_cat&post=3640"},{"taxonomy":"product_tag","embeddable":true,"href":"https:\/\/yenhung.com\/index.php?rest_route=%2Fwp%2Fv2%2Fproduct_tag&post=3640"}],"curies":[{"name":"wp","href":"https:\/\/api.w.org\/{rel}","templated":true}]}}