{"id":3863,"date":"2025-10-28T01:33:00","date_gmt":"2025-10-28T01:33:00","guid":{"rendered":"https:\/\/yenhung.com\/?product=nham-3m-02601-ultrafine-20-cai-hop"},"modified":"2026-02-25T03:45:34","modified_gmt":"2026-02-25T03:45:34","slug":"nham-3m-02601-ultrafine-20-cai-hop","status":"publish","type":"product","link":"https:\/\/yenhung.com\/?product=nham-3m-02601-ultrafine-20-cai-hop","title":{"rendered":"NH\u00c1M 3M\u2122 02601, ULTRAFINE (20 C\u00c1I\/H\u1ed8P)"},"content":{"rendered":"<div class=\"ba-text-fpt\">\n<h2 data-sourcepos=\"1:1-1:193\"><strong>NH\u00c1M 3M\u2122 02601, ULTRAFINE (20 C\u00c1I\/H\u1ed8P)<\/strong><\/h2>\n<h2 data-sourcepos=\"1:1-1:193\"><strong><img decoding=\"async\" title=\"nha-m-3m-02601-jpeg-2\" src=\"https:\/\/yenhung.com\/wp-content\/uploads\/2025\/10\/nha-m-3m-02601-jpeg-2.jpg\" alt=\"NH\u00c1M 3M\u2122 02601, ULTRAFINE (20 C\u00c1I\/H\u1ed8P)\" data-thumb=\"large\" \/><\/strong><\/h2>\n<p data-sourcepos=\"1:1-1:193\">Nh\u00e1m 3M\u2122 02601 l\u00e0 m\u1ed9t lo\u1ea1i nh\u00e1m x\u1ed1p m\u1ecbn \u0111\u01b0\u1ee3c s\u1eed d\u1ee5ng r\u1ed9ng r\u00e3i trong nhi\u1ec1u \u1ee9ng d\u1ee5ng kh\u00e1c nhau, \u0111\u1eb7c bi\u1ec7t l\u00e0 trong ng\u00e0nh s\u01a1n v\u00e0 s\u1eeda ch\u1eefa \u00f4 t\u00f4. D\u01b0\u1edbi \u0111\u00e2y l\u00e0 nh\u1eefng th\u00f4ng tin chi ti\u1ebft v\u1ec1 s\u1ea3n ph\u1ea9m n\u00e0y:<\/p>\n<p data-sourcepos=\"3:1-3:21\"><strong>\u0110\u1eb7c \u0111i\u1ec3m n\u1ed5i b\u1eadt:<\/strong><\/p>\n<ul data-sourcepos=\"5:1-17:0\">\n<li data-sourcepos=\"5:1-7:66\"><strong>Ch\u1ea5t li\u1ec7u x\u1ed1p m\u1ec1m m\u1ea1i:<\/strong>\n<ul data-sourcepos=\"6:5-7:66\">\n<li data-sourcepos=\"6:5-6:119\">Nh\u00e1m 3M\u2122 02601 \u0111\u01b0\u1ee3c l\u00e0m t\u1eeb ch\u1ea5t li\u1ec7u x\u1ed1p m\u1ec1m m\u1ea1i, gi\u00fap d\u1ec5 d\u00e0ng thao t\u00e1c tr\u00ean c\u00e1c b\u1ec1 m\u1eb7t cong v\u00e0 kh\u00f4ng b\u1eb1ng ph\u1eb3ng.<\/li>\n<li data-sourcepos=\"7:5-7:66\">Gi\u00fap gi\u1ea3m thi\u1ec3u nguy c\u01a1 t\u1ea1o ra c\u00e1c v\u1ebft x\u01b0\u1edbc s\u00e2u tr\u00ean b\u1ec1 m\u1eb7t.<\/li>\n<\/ul>\n<\/li>\n<li data-sourcepos=\"8:1-10:36\"><strong>\u0110\u1ed9 h\u1ea1t m\u1ecbn:<\/strong>\n<ul data-sourcepos=\"9:5-10:36\">\n<li data-sourcepos=\"9:5-9:130\">V\u1edbi \u0111\u1ed9 h\u1ea1t si\u00eau m\u1ecbn (Ultrafine), nh\u00e1m 3M\u2122 02601 l\u00fd t\u01b0\u1edfng \u0111\u1ec3 lo\u1ea1i b\u1ecf c\u00e1c v\u1ebft x\u01b0\u1edbc nh\u1ecf v\u00e0 t\u1ea1o \u0111\u1ed9 m\u1ecbn cho b\u1ec1 m\u1eb7t tr\u01b0\u1edbc khi s\u01a1n.<\/li>\n<li data-sourcepos=\"10:5-10:36\">\u0110\u1ed9 h\u1ea1t t\u01b0\u01a1ng \u0111\u01b0\u01a1ng P800-P1000.<\/li>\n<\/ul>\n<\/li>\n<li data-sourcepos=\"11:1-13:56\"><strong>T\u00ednh linh ho\u1ea1t:<\/strong>\n<ul data-sourcepos=\"12:5-13:56\">\n<li data-sourcepos=\"12:5-12:51\">C\u00f3 th\u1ec3 s\u1eed d\u1ee5ng c\u1ea3 trong \u0111i\u1ec1u ki\u1ec7n kh\u00f4 v\u00e0 \u01b0\u1edbt.<\/li>\n<li data-sourcepos=\"13:5-13:56\">Ph\u00f9 h\u1ee3p cho c\u1ea3 vi\u1ec7c ch\u00e0 nh\u00e1m b\u1eb1ng tay v\u00e0 b\u1eb1ng m\u00e1y.<\/li>\n<\/ul>\n<\/li>\n<li data-sourcepos=\"14:1-17:0\"><strong>\u1ee8ng d\u1ee5ng \u0111a d\u1ea1ng:<\/strong>\n<ul data-sourcepos=\"15:5-17:0\">\n<li data-sourcepos=\"15:5-15:98\">S\u1ea3n ph\u1ea9m c\u00f3 th\u1ec3 d\u00f9ng tr\u00ean nhi\u1ec1u lo\u1ea1i v\u1eadt li\u1ec7u nh\u01b0 s\u01a1n, kim lo\u1ea1i, nh\u1ef1a, g\u1ed7 v\u00e0 v\u00e1ch th\u1ea1ch cao.<\/li>\n<li data-sourcepos=\"16:5-17:0\">Gi\u00fap lo\u1ea1i b\u1ecf d\u1ea5u v\u00e2n tay.<\/li>\n<\/ul>\n<\/li>\n<\/ul>\n<p data-sourcepos=\"18:1-18:13\"><strong>\u1ee8ng d\u1ee5ng:<\/strong><\/p>\n<p data-sourcepos=\"18:1-18:13\"><strong><img decoding=\"async\" title=\"nha-m-3m-02601-1-jpeg-1\" src=\"https:\/\/yenhung.com\/wp-content\/uploads\/2025\/10\/nha-m-3m-02601-1-jpeg-1.jpg\" alt=\"NH\u00c1M 3M\u2122 02601, ULTRAFINE (20 C\u00c1I\/H\u1ed8P)\" data-thumb=\"large\" \/><\/strong><\/p>\n<ul data-sourcepos=\"20:1-28:0\">\n<li data-sourcepos=\"20:1-22:51\"><strong>S\u1eeda ch\u1eefa \u00f4 t\u00f4:<\/strong>\n<ul data-sourcepos=\"21:5-22:51\">\n<li data-sourcepos=\"21:5-21:52\">Lo\u1ea1i b\u1ecf c\u00e1c v\u1ebft x\u01b0\u1edbc nh\u1ecf tr\u00ean b\u1ec1 m\u1eb7t s\u01a1n \u00f4 t\u00f4.<\/li>\n<li data-sourcepos=\"22:5-22:51\">Chu\u1ea9n b\u1ecb b\u1ec1 m\u1eb7t tr\u01b0\u1edbc khi s\u01a1n l\u00f3t v\u00e0 s\u01a1n ph\u1ee7.<\/li>\n<\/ul>\n<\/li>\n<li data-sourcepos=\"23:1-25:45\"><strong>Ho\u00e0n thi\u1ec7n b\u1ec1 m\u1eb7t:<\/strong>\n<ul data-sourcepos=\"24:5-25:45\">\n<li data-sourcepos=\"24:5-24:53\">T\u1ea1o \u0111\u1ed9 m\u1ecbn cho c\u00e1c b\u1ec1 m\u1eb7t kim lo\u1ea1i, nh\u1ef1a v\u00e0 g\u1ed7.<\/li>\n<li data-sourcepos=\"25:5-25:45\">Lo\u1ea1i b\u1ecf c\u00e1c khuy\u1ebft t\u1eadt nh\u1ecf tr\u00ean b\u1ec1 m\u1eb7t.<\/li>\n<\/ul>\n<\/li>\n<li data-sourcepos=\"26:1-28:0\"><strong>Chu\u1ea9n b\u1ecb b\u1ec1 m\u1eb7t s\u01a1n:<\/strong>\n<ul data-sourcepos=\"27:5-28:0\">\n<li data-sourcepos=\"27:5-28:0\">Chu\u1ea9n b\u1ecb s\u01a1n l\u00f3t c\u0169 cho l\u1edbp ph\u1ee7 m\u1edbi.<\/li>\n<\/ul>\n<\/li>\n<\/ul>\n<p data-sourcepos=\"29:1-29:28\"><strong>Th\u00f4ng s\u1ed1 k\u1ef9 thu\u1eadt ch\u00ednh:<\/strong><\/p>\n<ul data-sourcepos=\"31:1-37:0\">\n<li data-sourcepos=\"31:1-31:30\">V\u1eadt li\u1ec7u m\u00e0i m\u00f2n: Oxit nh\u00f4m.<\/li>\n<li data-sourcepos=\"32:1-32:32\">Lo\u1ea1i s\u1ea3n ph\u1ea9m: Mi\u1ebfng b\u1ecdt bi\u1ec3n.<\/li>\n<li data-sourcepos=\"33:1-33:48\">K\u00edch th\u01b0\u1edbc: 13,97 x 11,43 cm (5.5 x 4.5 inch).<\/li>\n<li data-sourcepos=\"34:1-34:21\">\u0110\u1ed9 h\u1ea1t: P800-P1000.<\/li>\n<li data-sourcepos=\"35:1-35:25\">\u0110\u00f3ng g\u00f3i: 20 mi\u1ebfng\/h\u1ed9p.<\/li>\n<li data-sourcepos=\"36:1-37:0\">M\u00e0u s\u1eafc: X\u00e1m.<\/li>\n<\/ul>\n<p data-sourcepos=\"38:1-38:22\"><strong>L\u01b0u \u00fd khi s\u1eed d\u1ee5ng:<\/strong><\/p>\n<ul data-sourcepos=\"40:1-42:0\">\n<li data-sourcepos=\"40:1-40:78\">S\u1eed d\u1ee5ng \u0111\u00fang k\u1ef9 thu\u1eadt ch\u00e0 nh\u00e1m \u0111\u1ec3 tr\u00e1nh t\u1ea1o ra c\u00e1c v\u1ebft x\u01b0\u1edbc kh\u00f4ng mong mu\u1ed1n.<\/li>\n<li data-sourcepos=\"41:1-42:0\">C\u00f3 th\u1ec3 r\u1eeda s\u1ea1ch v\u00e0 t\u00e1i s\u1eed d\u1ee5ng sau khi d\u00f9ng.<\/li>\n<\/ul>\n<\/div>\n","protected":false},"excerpt":{"rendered":"<p>T\u00ean sa\u0309n ph\u00e2\u0309m: NH\u00c1M 3M\u2122 02601<\/p>\n<p><strong>Li\u00ean H\u1ec7<\/strong>: 0397433258<\/p>\n","protected":false},"featured_media":3864,"comment_status":"closed","ping_status":"closed","template":"","meta":[],"product_brand":[],"product_cat":[134],"product_tag":[],"class_list":{"0":"post-3863","1":"product","2":"type-product","3":"status-publish","4":"has-post-thumbnail","6":"product_cat-3m","8":"first","9":"instock","10":"shipping-taxable","11":"product-type-simple"},"_links":{"self":[{"href":"https:\/\/yenhung.com\/index.php?rest_route=\/wp\/v2\/product\/3863","targetHints":{"allow":["GET"]}}],"collection":[{"href":"https:\/\/yenhung.com\/index.php?rest_route=\/wp\/v2\/product"}],"about":[{"href":"https:\/\/yenhung.com\/index.php?rest_route=\/wp\/v2\/types\/product"}],"replies":[{"embeddable":true,"href":"https:\/\/yenhung.com\/index.php?rest_route=%2Fwp%2Fv2%2Fcomments&post=3863"}],"wp:featuredmedia":[{"embeddable":true,"href":"https:\/\/yenhung.com\/index.php?rest_route=\/wp\/v2\/media\/3864"}],"wp:attachment":[{"href":"https:\/\/yenhung.com\/index.php?rest_route=%2Fwp%2Fv2%2Fmedia&parent=3863"}],"wp:term":[{"taxonomy":"product_brand","embeddable":true,"href":"https:\/\/yenhung.com\/index.php?rest_route=%2Fwp%2Fv2%2Fproduct_brand&post=3863"},{"taxonomy":"product_cat","embeddable":true,"href":"https:\/\/yenhung.com\/index.php?rest_route=%2Fwp%2Fv2%2Fproduct_cat&post=3863"},{"taxonomy":"product_tag","embeddable":true,"href":"https:\/\/yenhung.com\/index.php?rest_route=%2Fwp%2Fv2%2Fproduct_tag&post=3863"}],"curies":[{"name":"wp","href":"https:\/\/api.w.org\/{rel}","templated":true}]}}