{"id":4254,"date":"2025-10-28T01:46:34","date_gmt":"2025-10-28T01:46:34","guid":{"rendered":"https:\/\/yenhung.com\/?product=keo-3m-dp190-485ml"},"modified":"2026-02-25T02:33:03","modified_gmt":"2026-02-25T02:33:03","slug":"keo-3m-dp190-485ml","status":"publish","type":"product","link":"https:\/\/yenhung.com\/?product=keo-3m-dp190-485ml","title":{"rendered":"Keo 3M DP190 48,5ml"},"content":{"rendered":"<div class=\"ba-text-fpt\">\n<h2 data-sourcepos=\"1:1-1:46\">Keo 3M DP190 48: Gi\u1ea3i ph\u00e1p k\u1ebft d\u00ednh \u0111a n\u0103ng<\/h2>\n<p><img decoding=\"async\" title=\"keo-3m-dp190-48-2\" src=\"https:\/\/yenhung.com\/wp-content\/uploads\/2025\/10\/keo-3m-dp190-48-2.jpg\" alt=\"Keo 3M DP190\" data-thumb=\"large\" \/><\/p>\n<p data-sourcepos=\"3:1-3:218\"><strong>3M DP190<\/strong> l\u00e0 m\u1ed9t lo\u1ea1i keo epoxy hai th\u00e0nh ph\u1ea7n, \u0111\u01b0\u1ee3c \u0111\u00e1nh gi\u00e1 cao v\u1ec1 \u0111\u1ed9 b\u1ec1n, \u0111\u1ed9 k\u1ebft d\u00ednh v\u00e0 kh\u1ea3 n\u0103ng \u1ee9ng d\u1ee5ng \u0111a d\u1ea1ng. S\u1ea3n ph\u1ea9m n\u00e0y th\u01b0\u1eddng \u0111\u01b0\u1ee3c s\u1eed d\u1ee5ng trong c\u00e1c \u1ee9ng d\u1ee5ng c\u00f4ng nghi\u1ec7p, ch\u1ebf t\u1ea1o, s\u1eeda ch\u1eefa v\u00e0 gia c\u00f4ng.<\/p>\n<h3 data-sourcepos=\"5:1-5:38\">\u0110\u1eb7c \u0111i\u1ec3m n\u1ed5i b\u1eadt c\u1ee7a Keo 3M DP190:<\/h3>\n<ul data-sourcepos=\"7:1-12:0\">\n<li data-sourcepos=\"7:1-7:98\"><strong>\u0110\u1ed9 b\u1ec1n cao:<\/strong> T\u1ea1o ra m\u1ed1i li\u00ean k\u1ebft c\u1ef1c k\u1ef3 ch\u1eafc ch\u1eafn, ch\u1ecbu \u0111\u01b0\u1ee3c l\u1ef1c k\u00e9o, u\u1ed1n cong v\u00e0 va \u0111\u1eadp t\u1ed1t.<\/li>\n<li data-sourcepos=\"8:1-8:125\"><strong>Kh\u1ea3 n\u0103ng k\u1ebft d\u00ednh \u0111a d\u1ea1ng:<\/strong> K\u1ebft d\u00ednh t\u1ed1t tr\u00ean nhi\u1ec1u lo\u1ea1i v\u1eadt li\u1ec7u kh\u00e1c nhau nh\u01b0 kim lo\u1ea1i, nh\u1ef1a, g\u1ed1m s\u1ee9, g\u1ed7, th\u1ee7y tinh&#8230;<\/li>\n<li data-sourcepos=\"9:1-9:90\"><strong>Ch\u1ecbu \u0111\u01b0\u1ee3c m\u00f4i tr\u01b0\u1eddng kh\u1eafc nghi\u1ec7t:<\/strong> Ch\u1ecbu \u0111\u01b0\u1ee3c nhi\u1ec7t \u0111\u1ed9 cao, h\u00f3a ch\u1ea5t, d\u1ea7u m\u1ee1 v\u00e0 \u0111\u1ed9 \u1ea9m.<\/li>\n<li data-sourcepos=\"10:1-10:101\"><strong>Th\u1eddi gian \u0111\u00f4ng c\u1ee9ng linh ho\u1ea1t:<\/strong> C\u00f3 th\u1ec3 \u0111i\u1ec1u ch\u1ec9nh th\u1eddi gian \u0111\u00f4ng c\u1ee9ng t\u00f9y theo y\u00eau c\u1ea7u \u1ee9ng d\u1ee5ng.<\/li>\n<li data-sourcepos=\"11:1-12:0\"><strong>\u0110\u1ed9 b\u1ec1n k\u00e9o cao:<\/strong> T\u1ea1o ra m\u1ed1i li\u00ean k\u1ebft b\u1ec1n v\u1eefng, kh\u00f3 t\u00e1ch r\u1eddi.<\/li>\n<\/ul>\n<h3 data-sourcepos=\"13:1-13:12\">\u1ee8ng d\u1ee5ng<\/h3>\n<ul data-sourcepos=\"15:1-19:0\">\n<li data-sourcepos=\"15:1-15:79\"><strong>S\u1eeda ch\u1eefa:<\/strong> S\u1eeda ch\u1eefa c\u00e1c v\u1eadt li\u1ec7u b\u1ecb v\u1ee1, n\u1ee9t n\u1ebb nh\u01b0 g\u1ed1m s\u1ee9, nh\u1ef1a, kim lo\u1ea1i.<\/li>\n<li data-sourcepos=\"16:1-16:70\"><strong>L\u1eafp r\u00e1p:<\/strong> K\u1ebft n\u1ed1i c\u00e1c b\u1ed9 ph\u1eadn trong c\u00e1c thi\u1ebft b\u1ecb \u0111i\u1ec7n t\u1eed, c\u01a1 kh\u00ed.<\/li>\n<li data-sourcepos=\"17:1-17:58\"><strong>Ch\u1ebf t\u1ea1o m\u1eabu:<\/strong> T\u1ea1o m\u1eabu nhanh c\u00e1c s\u1ea3n ph\u1ea9m c\u00f4ng nghi\u1ec7p.<\/li>\n<li data-sourcepos=\"18:1-19:0\"><strong>Gia c\u1ed1:<\/strong> Gia c\u1ed1 c\u00e1c m\u1ed1i n\u1ed1i, t\u0103ng c\u01b0\u1eddng \u0111\u1ed9 b\u1ec1n cho c\u1ea5u tr\u00fac.<\/li>\n<\/ul>\n<h3 data-sourcepos=\"22:1-22:16\">C\u00e1ch s\u1eed d\u1ee5ng<\/h3>\n<ol data-sourcepos=\"24:1-29:0\">\n<li data-sourcepos=\"24:1-24:55\"><strong>Chu\u1ea9n b\u1ecb b\u1ec1 m\u1eb7t:<\/strong> L\u00e0m s\u1ea1ch v\u00e0 kh\u00f4 b\u1ec1 m\u1eb7t c\u1ea7n d\u00e1n.<\/li>\n<li data-sourcepos=\"25:1-25:93\"><strong>Tr\u1ed9n \u0111\u1ec1u hai th\u00e0nh ph\u1ea7n:<\/strong> Tr\u1ed9n \u0111\u1ec1u hai th\u00e0nh ph\u1ea7n theo t\u1ec9 l\u1ec7 quy \u0111\u1ecbnh c\u1ee7a nh\u00e0 s\u1ea3n xu\u1ea5t.<\/li>\n<li data-sourcepos=\"26:1-26:52\"><strong>B\u00f4i keo:<\/strong> B\u00f4i m\u1ed9t l\u1edbp keo m\u1ecfng \u0111\u1ec1u l\u00ean b\u1ec1 m\u1eb7t.<\/li>\n<li data-sourcepos=\"27:1-27:52\"><strong>\u1ea4n ch\u1eb7t:<\/strong> \u1ea4n ch\u1eb7t hai b\u1ec1 m\u1eb7t c\u1ea7n d\u00e1n v\u00e0o nhau.<\/li>\n<li data-sourcepos=\"28:1-29:0\"><strong>\u0110\u1ee3i keo kh\u00f4:<\/strong> Th\u1eddi gian kh\u00f4 t\u00f9y thu\u1ed9c v\u00e0o \u0111i\u1ec1u ki\u1ec7n nhi\u1ec7t \u0111\u1ed9 v\u00e0 \u0111\u1ed9 d\u00e0y l\u1edbp keo.<\/li>\n<\/ol>\n<h3 data-sourcepos=\"30:1-30:21\">L\u01b0u \u00fd khi s\u1eed d\u1ee5ng<\/h3>\n<ul data-sourcepos=\"32:1-35:0\">\n<li data-sourcepos=\"32:1-32:86\"><strong>B\u1ea3o qu\u1ea3n:<\/strong> B\u1ea3o qu\u1ea3n s\u1ea3n ph\u1ea9m \u1edf n\u01a1i kh\u00f4 r\u00e1o, tho\u00e1ng m\u00e1t, tr\u00e1nh \u00e1nh n\u1eafng tr\u1ef1c ti\u1ebfp.<\/li>\n<li data-sourcepos=\"33:1-33:68\"><strong>An to\u00e0n:<\/strong> S\u1eed d\u1ee5ng g\u0103ng tay v\u00e0 k\u00ednh b\u1ea3o h\u1ed9 khi l\u00e0m vi\u1ec7c v\u1edbi keo.<\/li>\n<li data-sourcepos=\"34:1-35:0\"><strong>Th\u1eddi gian s\u1eed d\u1ee5ng h\u1ed7n h\u1ee3p:<\/strong> Sau khi tr\u1ed9n, h\u1ed7n h\u1ee3p keo ch\u1ec9 c\u00f3 th\u1ec3 s\u1eed d\u1ee5ng trong m\u1ed9t kho\u1ea3ng th\u1eddi gian nh\u1ea5t \u0111\u1ecbnh.<\/li>\n<\/ul>\n<\/div>\n","protected":false},"excerpt":{"rendered":"<p>T\u00ean sa\u0309n ph\u00e2\u0309m:\u00a0Keo 3M DP190 48<\/p>\n<p><strong>Li\u00ean H\u1ec7<\/strong>: 0397433258<\/p>\n","protected":false},"featured_media":4255,"comment_status":"closed","ping_status":"closed","template":"","meta":[],"product_brand":[],"product_cat":[134],"product_tag":[],"class_list":{"0":"post-4254","1":"product","2":"type-product","3":"status-publish","4":"has-post-thumbnail","6":"product_cat-3m","8":"first","9":"instock","10":"shipping-taxable","11":"product-type-simple"},"_links":{"self":[{"href":"https:\/\/yenhung.com\/index.php?rest_route=\/wp\/v2\/product\/4254","targetHints":{"allow":["GET"]}}],"collection":[{"href":"https:\/\/yenhung.com\/index.php?rest_route=\/wp\/v2\/product"}],"about":[{"href":"https:\/\/yenhung.com\/index.php?rest_route=\/wp\/v2\/types\/product"}],"replies":[{"embeddable":true,"href":"https:\/\/yenhung.com\/index.php?rest_route=%2Fwp%2Fv2%2Fcomments&post=4254"}],"wp:featuredmedia":[{"embeddable":true,"href":"https:\/\/yenhung.com\/index.php?rest_route=\/wp\/v2\/media\/4255"}],"wp:attachment":[{"href":"https:\/\/yenhung.com\/index.php?rest_route=%2Fwp%2Fv2%2Fmedia&parent=4254"}],"wp:term":[{"taxonomy":"product_brand","embeddable":true,"href":"https:\/\/yenhung.com\/index.php?rest_route=%2Fwp%2Fv2%2Fproduct_brand&post=4254"},{"taxonomy":"product_cat","embeddable":true,"href":"https:\/\/yenhung.com\/index.php?rest_route=%2Fwp%2Fv2%2Fproduct_cat&post=4254"},{"taxonomy":"product_tag","embeddable":true,"href":"https:\/\/yenhung.com\/index.php?rest_route=%2Fwp%2Fv2%2Fproduct_tag&post=4254"}],"curies":[{"name":"wp","href":"https:\/\/api.w.org\/{rel}","templated":true}]}}