{"id":4266,"date":"2025-10-28T01:46:53","date_gmt":"2025-10-28T01:46:53","guid":{"rendered":"https:\/\/yenhung.com\/?product=bang-keo-3m-e1020h-410mm-x-25-yd"},"modified":"2026-02-25T02:31:02","modified_gmt":"2026-02-25T02:31:02","slug":"bang-keo-3m-e1020h-410mm-x-25-yd","status":"publish","type":"product","link":"https:\/\/yenhung.com\/?product=bang-keo-3m-e1020h-410mm-x-25-yd","title":{"rendered":"B\u0103ng keo 3M E1020H 410mm X 25 YD"},"content":{"rendered":"<div class=\"ba-text-fpt\">\n<h2 data-sourcepos=\"1:1-1:70\">B\u0103ng Keo 3M E1020H 410mm x 25YD: Gi\u1ea3i ph\u00e1p ho\u00e0n h\u1ea3o cho in \u1ea5n flexo<\/h2>\n<p><img decoding=\"async\" title=\"ba-ng-keo-3m-e1020h-460mm-x-25-yd-c0fff031-3b4f-4196-9ab7-915d4cc9ae1d-2\" src=\"https:\/\/yenhung.com\/wp-content\/uploads\/2025\/10\/ba-ng-keo-3m-e1020h-460mm-x-25-yd-c0fff031-3b4f-4196-9ab7-915d4cc9ae1d-2.jpg\" alt=\"B\u0103ng keo 3M E1020H 410mm X 25 YD\" data-thumb=\"large\" \/><\/p>\n<p data-sourcepos=\"3:1-3:288\"><strong>B\u0103ng keo 3M E1020H<\/strong> l\u00e0 m\u1ed9t s\u1ea3n ph\u1ea9m chuy\u00ean d\u1ee5ng trong ng\u00e0nh in \u1ea5n flexo, \u0111\u01b0\u1ee3c thi\u1ebft k\u1ebf \u0111\u1ec3 c\u1ed1 \u0111\u1ecbnh t\u1ea5m in l\u00ean \u1ed1ng in m\u1ed9t c\u00e1ch ch\u1eafc ch\u1eafn v\u00e0 ch\u00ednh x\u00e1c. V\u1edbi k\u00edch th\u01b0\u1edbc 410mm x 25YD (kho\u1ea3ng 410mm r\u1ed9ng v\u00e0 22,86 m\u00e9t d\u00e0i), s\u1ea3n ph\u1ea9m n\u00e0y \u0111\u00e1p \u1ee9ng \u0111\u01b0\u1ee3c nhu c\u1ea7u c\u1ee7a nhi\u1ec1u quy tr\u00ecnh in \u1ea5n kh\u00e1c nhau.<\/p>\n<h3 data-sourcepos=\"5:1-5:44\">\u0110\u1eb7c \u0111i\u1ec3m n\u1ed5i b\u1eadt c\u1ee7a b\u0103ng keo 3M E1020H:<\/h3>\n<ul data-sourcepos=\"7:1-11:0\">\n<li data-sourcepos=\"7:1-7:189\"><strong>Kh\u1ea3 n\u0103ng gi\u1ea3i ph\u00f3ng kh\u00ed:<\/strong> C\u00f4ng ngh\u1ec7 k\u1ebft d\u00ednh \u0111\u1eb7c bi\u1ec7t gi\u00fap gi\u1ea3i ph\u00f3ng kh\u00ed m\u1ed9t c\u00e1ch hi\u1ec7u qu\u1ea3, ng\u0103n ng\u1eeba hi\u1ec7n t\u01b0\u1ee3ng bong b\u00f3ng kh\u00ed, \u0111\u1ea3m b\u1ea3o b\u1ec1 m\u1eb7t ti\u1ebfp x\u00fac ho\u00e0n h\u1ea3o gi\u1eefa t\u1ea5m in v\u00e0 \u1ed1ng in.<\/li>\n<li data-sourcepos=\"8:1-8:154\"><strong>\u0110\u1ed9 b\u00e1m d\u00ednh m\u1ea1nh m\u1ebd:<\/strong> B\u0103ng keo t\u1ea1o ra \u0111\u1ed9 b\u00e1m d\u00ednh m\u1ea1nh m\u1ebd, gi\u00fap c\u1ed1 \u0111\u1ecbnh t\u1ea5m in ch\u1eafc ch\u1eafn tr\u00ean \u1ed1ng in, tr\u00e1nh t\u00ecnh tr\u1ea1ng x\u00ea d\u1ecbch trong qu\u00e1 tr\u00ecnh in \u1ea5n.<\/li>\n<li data-sourcepos=\"9:1-9:114\"><strong>T\u00ednh \u1ed5n \u0111\u1ecbnh cao:<\/strong> Kh\u1ea3 n\u0103ng ch\u1ecbu nhi\u1ec7t v\u00e0 h\u00f3a ch\u1ea5t t\u1ed1t, \u0111\u1ea3m b\u1ea3o ch\u1ea5t l\u01b0\u1ee3ng in \u1ea5n \u1ed5n \u0111\u1ecbnh trong th\u1eddi gian d\u00e0i.<\/li>\n<li data-sourcepos=\"10:1-11:0\"><strong>D\u1ec5 s\u1eed d\u1ee5ng:<\/strong> B\u0103ng keo d\u1ec5 d\u00e0ng c\u1eaft v\u00e0 d\u00e1n, ti\u1ebft ki\u1ec7m th\u1eddi gian v\u00e0 c\u00f4ng s\u1ee9c.<\/li>\n<\/ul>\n<h3 data-sourcepos=\"12:1-12:12\">\u1ee8ng d\u1ee5ng<\/h3>\n<ul data-sourcepos=\"14:1-16:0\">\n<li data-sourcepos=\"14:1-14:93\"><strong>In \u1ea5n flexo:<\/strong> D\u00f9ng \u0111\u1ec3 c\u1ed1 \u0111\u1ecbnh c\u00e1c t\u1ea5m in flexo l\u00ean \u1ed1ng in, \u0111\u1ea3m b\u1ea3o ch\u1ea5t l\u01b0\u1ee3ng in \u1ea5n cao.<\/li>\n<li data-sourcepos=\"15:1-16:0\"><strong>C\u00e1c \u1ee9ng d\u1ee5ng kh\u00e1c:<\/strong> C\u00f3 th\u1ec3 s\u1eed d\u1ee5ng trong c\u00e1c \u1ee9ng d\u1ee5ng kh\u00e1c y\u00eau c\u1ea7u \u0111\u1ed9 b\u00e1m d\u00ednh cao v\u00e0 \u1ed5n \u0111\u1ecbnh, nh\u01b0 d\u00e1n nh\u00e3n, d\u00e1n c\u00e1c v\u1eadt li\u1ec7u nh\u1eb9&#8230;<\/li>\n<\/ul>\n<h3 data-sourcepos=\"17:1-17:23\">\u01afu \u0111i\u1ec3m khi s\u1eed d\u1ee5ng<\/h3>\n<ul data-sourcepos=\"19:1-22:0\">\n<li data-sourcepos=\"19:1-19:74\"><strong>Ch\u1ea5t l\u01b0\u1ee3ng in \u1ea5n cao:<\/strong> \u0110\u1ea3m b\u1ea3o h\u00ecnh \u1ea3nh in r\u00f5 n\u00e9t, kh\u00f4ng b\u1ecb m\u1edd, nh\u00f2e.<\/li>\n<li data-sourcepos=\"20:1-20:65\"><strong>T\u0103ng n\u0103ng su\u1ea5t:<\/strong> Gi\u1ea3m th\u1eddi gian setup, t\u0103ng t\u1ed1c \u0111\u1ed9 s\u1ea3n xu\u1ea5t.<\/li>\n<li data-sourcepos=\"21:1-22:0\"><strong>Gi\u1ea3m thi\u1ec3u hao h\u1ee5t:<\/strong> Gi\u1ea3m thi\u1ec3u t\u00ecnh tr\u1ea1ng bong tr\u00f3c t\u1ea5m in, ti\u1ebft ki\u1ec7m nguy\u00ean v\u1eadt li\u1ec7u.<\/li>\n<\/ul>\n<\/div>\n","protected":false},"excerpt":{"rendered":"<p>T\u00ean sa\u0309n ph\u00e2\u0309m:B\u0103ng keo 3M E1020H 410mm X 25 YD<\/p>\n<p><strong>Li\u00ean H\u1ec7<\/strong>: 0397433258<\/p>\n","protected":false},"featured_media":4267,"comment_status":"closed","ping_status":"closed","template":"","meta":[],"product_brand":[],"product_cat":[134],"product_tag":[],"class_list":{"0":"post-4266","1":"product","2":"type-product","3":"status-publish","4":"has-post-thumbnail","6":"product_cat-3m","8":"first","9":"instock","10":"shipping-taxable","11":"product-type-simple"},"_links":{"self":[{"href":"https:\/\/yenhung.com\/index.php?rest_route=\/wp\/v2\/product\/4266","targetHints":{"allow":["GET"]}}],"collection":[{"href":"https:\/\/yenhung.com\/index.php?rest_route=\/wp\/v2\/product"}],"about":[{"href":"https:\/\/yenhung.com\/index.php?rest_route=\/wp\/v2\/types\/product"}],"replies":[{"embeddable":true,"href":"https:\/\/yenhung.com\/index.php?rest_route=%2Fwp%2Fv2%2Fcomments&post=4266"}],"wp:featuredmedia":[{"embeddable":true,"href":"https:\/\/yenhung.com\/index.php?rest_route=\/wp\/v2\/media\/4267"}],"wp:attachment":[{"href":"https:\/\/yenhung.com\/index.php?rest_route=%2Fwp%2Fv2%2Fmedia&parent=4266"}],"wp:term":[{"taxonomy":"product_brand","embeddable":true,"href":"https:\/\/yenhung.com\/index.php?rest_route=%2Fwp%2Fv2%2Fproduct_brand&post=4266"},{"taxonomy":"product_cat","embeddable":true,"href":"https:\/\/yenhung.com\/index.php?rest_route=%2Fwp%2Fv2%2Fproduct_cat&post=4266"},{"taxonomy":"product_tag","embeddable":true,"href":"https:\/\/yenhung.com\/index.php?rest_route=%2Fwp%2Fv2%2Fproduct_tag&post=4266"}],"curies":[{"name":"wp","href":"https:\/\/api.w.org\/{rel}","templated":true}]}}