{"id":4793,"date":"2025-10-28T02:14:03","date_gmt":"2025-10-28T02:14:03","guid":{"rendered":"https:\/\/yenhung.com\/?product=keo-loctite-ft-220-20g"},"modified":"2025-10-28T02:14:05","modified_gmt":"2025-10-28T02:14:05","slug":"keo-loctite-ft-220-20g","status":"publish","type":"product","link":"https:\/\/yenhung.com\/?product=keo-loctite-ft-220-20g","title":{"rendered":"Keo Loctite FT 220 &#8211; 20g"},"content":{"rendered":"<\/p>\n<div class=\"ba-text-fpt\">\n<h2 style=\"text-align: justify;\"><strong>T\u1ed5ng quan v\u1ec1 Keo Loctite FT 220 &#8211; 20g<\/strong><\/h2>\n<p style=\"text-align: justify;\">\u00a0<\/p>\n<p style=\"text-align: justify;\"><b>LOCTITE FT 220<\/b> l\u00e0 m\u1ed9t lo\u1ea1i keo d\u00e1n nhanh (Cyanoacrylate adhesive), hay c\u00f2n \u0111\u01b0\u1ee3c g\u1ecdi l\u00e0 <b>&#8220;Keo si\u00eau d\u00ednh&#8221;<\/b> (Super Glue). \u0110i\u1ec3m \u0111\u1eb7c bi\u1ec7t c\u1ee7a FT 220 l\u00e0 n\u00f3 \u0111\u01b0\u1ee3c Henkel (t\u1eadp \u0111o\u00e0n s\u1edf h\u1eefu Loctite) ph\u00e1t tri\u1ec3n chuy\u00ean bi\u1ec7t cho ng\u00e0nh c\u00f4ng nghi\u1ec7p gi\u00e0y d\u00e9p, t\u00fai x\u00e1ch v\u00e0 th\u1eddi trang.<\/p>\n<p style=\"text-align: justify;\">S\u1ea3n ph\u1ea9m n\u00e0y l\u00e0 m\u1ed9t gi\u1ea3i ph\u00e1p \u0111\u1ed9t ph\u00e1, v\u00ec keo Cyanoacrylate truy\u1ec1n th\u1ed1ng th\u01b0\u1eddng kh\u00f4ng \u0111\u01b0\u1ee3c s\u1eed d\u1ee5ng trong ng\u00e0nh gi\u00e0y do t\u00ednh linh ho\u1ea1t v\u00e0 kh\u1ea3 n\u0103ng kh\u00e1ng n\u01b0\u1edbc\/\u1ea9m k\u00e9m. <b>LOCTITE FT 220<\/b> \u0111\u00e3 kh\u1eafc ph\u1ee5c \u0111\u01b0\u1ee3c nh\u1eefng nh\u01b0\u1ee3c \u0111i\u1ec3m n\u00e0y \u0111\u1ec3 t\u1ea1o ra m\u1ed1i d\u00e1n nhanh, m\u1ea1nh v\u00e0 linh ho\u1ea1t.<\/p>\n<p style=\"text-align: justify;\">\u00a0<\/p>\n<h2 style=\"text-align: justify;\"><strong>\u0110\u1eb7c \u0111i\u1ec3m v\u00e0 \u01afu \u0111i\u1ec3m n\u1ed5i b\u1eadt\u00a0Keo Loctite FT 220 &#8211; 20g<\/strong><\/h2>\n<p style=\"text-align: center;\"><img decoding=\"async\" alt=\"Keo Loctite ft220 - 20g\" data-thumb=\"grande\" original-height=\"636\" original-width=\"523\" src=\"https:\/\/bizweb.dktcdn.net\/thumb\/grande\/100\/510\/748\/products\/keo-kho-nhanh-loctite-ft-220-3309bd0a-7b09-47f8-8bbd-c406872b9f04.jpg?v=1760344682640\"><\/p>\n<ul>\n<li>\n<p style=\"text-align: justify;\"><b>\u1ee8ng d\u1ee5ng chuy\u00ean bi\u1ec7t cho gi\u00e0y d\u00e9p<\/b>: \u0110\u01b0\u1ee3c thi\u1ebft k\u1ebf \u0111\u1ec3 s\u1eeda ch\u1eefa c\u00e1c l\u1ed7i k\u1ebd h\u1edf (bond gap repair) c\u1ee7a gi\u00e0y, d\u00e1n \u0111\u1ebf gi\u00e0y, d\u00e1n ph\u1ee5 ki\u1ec7n\/logo tr\u00ean gi\u00e0y v\u00e0 t\u00fai x\u00e1ch.<\/p>\n<\/li>\n<li>\n<p style=\"text-align: justify;\"><b>\u0110\u00f3ng r\u1eafn b\u1eb1ng \u0111\u1ed9 \u1ea9m kh\u00f4ng kh\u00ed<\/b>: Keo \u0111\u00f3ng r\u1eafn nhanh ch\u00f3ng \u1edf nhi\u1ec7t \u0111\u1ed9 ph\u00f2ng b\u1eb1ng c\u00e1ch h\u1ea5p th\u1ee5 \u0111\u1ed9 \u1ea9m trong kh\u00f4ng kh\u00ed, <b>kh\u00f4ng c\u1ea7n bu\u1ed3ng s\u01b0\u1edfi (heating chamber) ho\u1eb7c m\u00e1y \u00e9p<\/b>, gi\u00fap t\u0103ng n\u0103ng su\u1ea5t v\u00e0 gi\u1ea3m ti\u00eau th\u1ee5 n\u0103ng l\u01b0\u1ee3ng.<\/p>\n<\/li>\n<li>\n<p style=\"text-align: justify;\"><b>T\u1ea1o li\u00ean k\u1ebft m\u1ea1nh m\u1ebd v\u00e0 nhanh ch\u00f3ng<\/b>: Cung c\u1ea5p t\u1ed1c \u0111\u1ed9 c\u1ed1 \u0111\u1ecbnh nhanh, gi\u00fap qu\u00e1 tr\u00ecnh s\u1ea3n xu\u1ea5t di\u1ec5n ra li\u1ec1n m\u1ea1ch.<\/p>\n<\/li>\n<li>\n<p style=\"text-align: justify;\"><b>Linh ho\u1ea1t (Flexible)<\/b>: M\u1ed1i d\u00e1n c\u00f3 \u0111\u1ed9 linh ho\u1ea1t c\u1ea7n thi\u1ebft \u0111\u1ec3 ch\u1ecbu \u0111\u01b0\u1ee3c s\u1ef1 u\u1ed1n cong, k\u00e9o gi\u00e3n v\u00e0 c\u00e1c chuy\u1ec3n \u0111\u1ed9ng c\u1ee7a v\u1eadt li\u1ec7u gi\u00e0y v\u00e0 t\u00fai.<\/p>\n<\/li>\n<li>\n<p style=\"text-align: justify;\"><b>Kh\u00f4ng VOCs<\/b>: Keo \u0111\u01b0\u1ee3c b\u00e1o c\u00e1o l\u00e0 kh\u00f4ng ch\u1ee9a c\u00e1c h\u1ee3p ch\u1ea5t h\u1eefu c\u01a1 d\u1ec5 bay h\u01a1i (VOC-free), an to\u00e0n v\u1edbi m\u00f4i tr\u01b0\u1eddng v\u00e0 ng\u01b0\u1eddi s\u1eed d\u1ee5ng.<\/p>\n<\/li>\n<\/ul>\n<p style=\"text-align: justify;\">\u00a0<\/p>\n<h2 style=\"text-align: justify;\"><strong>Th\u00f4ng s\u1ed1 k\u1ef9 thu\u1eadt c\u01a1 b\u1ea3n\u00a0Keo Loctite FT 220 &#8211; 20g<\/strong><\/h2>\n<p style=\"text-align: center;\"><img decoding=\"async\" alt=\"Keo Loctite ft220 - 20g\" data-thumb=\"grande\" original-height=\"272\" original-width=\"182\" src=\"https:\/\/yenhung.com\/wp-content\/uploads\/2025\/10\/keo-loctite-ft220-20g-1.png\" title=\"keo-loctite-ft220-20g-1\"><\/p>\n<table class=\"MsoTableGridLight\" style=\"border-collapse:collapse; border:solid #bfbfbf 1.0pt\">\n<tbody>\n<tr>\n<td style=\"border:solid #bfbfbf 1.0pt; padding:0cm 5.4pt 0cm 5.4pt\" valign=\"top\">\n<p style=\"text-align: justify;\"><strong><span style=\"font-size:11pt\"><span style=\"line-height:normal\"><span style=\"font-family:Calibri,sans-serif\"><span style=\"font-size:12.0pt\"><span style='font-family:\"Times New Roman\",serif'><span style=\"color:#1b1c1d\">T\u00ean th\u00f4ng s\u1ed1<\/span><\/span><\/span><\/span><\/span><\/span><\/strong><\/p>\n<\/td>\n<td style=\"border:solid #bfbfbf 1.0pt; border-left:none; padding:0cm 5.4pt 0cm 5.4pt\" valign=\"top\">\n<p style=\"text-align: justify;\"><strong><span style=\"font-size:11pt\"><span style=\"line-height:normal\"><span style=\"font-family:Calibri,sans-serif\"><span style=\"font-size:12.0pt\"><span style='font-family:\"Times New Roman\",serif'><span style=\"color:#1b1c1d\">Chi ti\u1ebft<\/span><\/span><\/span><\/span><\/span><\/span><\/strong><\/p>\n<\/td>\n<\/tr>\n<tr>\n<td style=\"border:solid #bfbfbf 1.0pt; border-top:none; padding:0cm 5.4pt 0cm 5.4pt\" valign=\"top\">\n<p style=\"text-align: justify;\"><span style=\"font-size:11pt\"><span style=\"line-height:normal\"><span style=\"font-family:Calibri,sans-serif\"><b><span style=\"border:none windowtext 1.0pt; font-size:12.0pt; padding:0cm\"><span style='font-family:\"Times New Roman\",serif'><span style=\"color:#1b1c1d\">M\u00e3 s\u1ea3n ph\u1ea9m<\/span><\/span><\/span><\/b><\/span><\/span><\/span><\/p>\n<\/td>\n<td style=\"border-bottom:solid #bfbfbf 1.0pt; border-top:none; border-left:none; border-right:solid #bfbfbf 1.0pt; padding:0cm 5.4pt 0cm 5.4pt\" valign=\"top\">\n<p style=\"text-align: justify;\"><span style=\"font-size:11pt\"><span style=\"line-height:normal\"><span style=\"font-family:Calibri,sans-serif\"><span style=\"font-size:12.0pt\"><span style='font-family:\"Times New Roman\",serif'><span style=\"color:#1b1c1d\">LOCTITE FT 220<\/span><\/span><\/span><\/span><\/span><\/span><\/p>\n<\/td>\n<\/tr>\n<tr>\n<td style=\"border:solid #bfbfbf 1.0pt; border-top:none; padding:0cm 5.4pt 0cm 5.4pt\" valign=\"top\">\n<p style=\"text-align: justify;\"><span style=\"font-size:11pt\"><span style=\"line-height:normal\"><span style=\"font-family:Calibri,sans-serif\"><b><span style=\"border:none windowtext 1.0pt; font-size:12.0pt; padding:0cm\"><span style='font-family:\"Times New Roman\",serif'><span style=\"color:#1b1c1d\">Lo\u1ea1i keo<\/span><\/span><\/span><\/b><\/span><\/span><\/span><\/p>\n<\/td>\n<td style=\"border-bottom:solid #bfbfbf 1.0pt; border-top:none; border-left:none; border-right:solid #bfbfbf 1.0pt; padding:0cm 5.4pt 0cm 5.4pt\" valign=\"top\">\n<p style=\"text-align: justify;\"><span style=\"font-size:11pt\"><span style=\"line-height:normal\"><span style=\"font-family:Calibri,sans-serif\"><span style=\"font-size:12.0pt\"><span style='font-family:\"Times New Roman\",serif'><span style=\"color:#1b1c1d\">Cyanoacrylate (Keo d\u00e1n nhanh)<\/span><\/span><\/span><\/span><\/span><\/span><\/p>\n<\/td>\n<\/tr>\n<tr>\n<td style=\"border:solid #bfbfbf 1.0pt; border-top:none; padding:0cm 5.4pt 0cm 5.4pt\" valign=\"top\">\n<p style=\"text-align: justify;\"><span style=\"font-size:11pt\"><span style=\"line-height:normal\"><span style=\"font-family:Calibri,sans-serif\"><b><span style=\"border:none windowtext 1.0pt; font-size:12.0pt; padding:0cm\"><span style='font-family:\"Times New Roman\",serif'><span style=\"color:#1b1c1d\">\u1ee8ng d\u1ee5ng ch\u00ednh<\/span><\/span><\/span><\/b><\/span><\/span><\/span><\/p>\n<\/td>\n<td style=\"border-bottom:solid #bfbfbf 1.0pt; border-top:none; border-left:none; border-right:solid #bfbfbf 1.0pt; padding:0cm 5.4pt 0cm 5.4pt\" valign=\"top\">\n<p style=\"text-align: justify;\"><span style=\"font-size:11pt\"><span style=\"line-height:normal\"><span style=\"font-family:Calibri,sans-serif\"><span style=\"font-size:12.0pt\"><span style='font-family:\"Times New Roman\",serif'><span style=\"color:#1b1c1d\">S\u1eeda ch\u1eefa k\u1ebd h\u1edf gi\u00e0y, d\u00e1n ph\u1ee5 ki\u1ec7n th\u1eddi trang<\/span><\/span><\/span><\/span><\/span><\/span><\/p>\n<\/td>\n<\/tr>\n<tr>\n<td style=\"border:solid #bfbfbf 1.0pt; border-top:none; padding:0cm 5.4pt 0cm 5.4pt\" valign=\"top\">\n<p style=\"text-align: justify;\"><span style=\"font-size:11pt\"><span style=\"line-height:normal\"><span style=\"font-family:Calibri,sans-serif\"><b><span style=\"border:none windowtext 1.0pt; font-size:12.0pt; padding:0cm\"><span style='font-family:\"Times New Roman\",serif'><span style=\"color:#1b1c1d\">Ph\u01b0\u01a1ng ph\u00e1p \u0111\u00f3ng r\u1eafn<\/span><\/span><\/span><\/b><\/span><\/span><\/span><\/p>\n<\/td>\n<td style=\"border-bottom:solid #bfbfbf 1.0pt; border-top:none; border-left:none; border-right:solid #bfbfbf 1.0pt; padding:0cm 5.4pt 0cm 5.4pt\" valign=\"top\">\n<p style=\"text-align: justify;\"><span style=\"font-size:11pt\"><span style=\"line-height:normal\"><span style=\"font-family:Calibri,sans-serif\"><span style=\"font-size:12.0pt\"><span style='font-family:\"Times New Roman\",serif'><span style=\"color:#1b1c1d\">\u0110\u1ed9 \u1ea9m trong kh\u00f4ng kh\u00ed<\/span><\/span><\/span><\/span><\/span><\/span><\/p>\n<\/td>\n<\/tr>\n<tr>\n<td style=\"border:solid #bfbfbf 1.0pt; border-top:none; padding:0cm 5.4pt 0cm 5.4pt\" valign=\"top\">\n<p style=\"text-align: justify;\"><span style=\"font-size:11pt\"><span style=\"line-height:normal\"><span style=\"font-family:Calibri,sans-serif\"><b><span style=\"border:none windowtext 1.0pt; font-size:12.0pt; padding:0cm\"><span style='font-family:\"Times New Roman\",serif'><span style=\"color:#1b1c1d\">Th\u1eddi gian c\u1ed1 \u0111\u1ecbnh ban \u0111\u1ea7u<\/span><\/span><\/span><\/b><\/span><\/span><\/span><\/p>\n<\/td>\n<td style=\"border-bottom:solid #bfbfbf 1.0pt; border-top:none; border-left:none; border-right:solid #bfbfbf 1.0pt; padding:0cm 5.4pt 0cm 5.4pt\" valign=\"top\">\n<p style=\"text-align: justify;\"><span style=\"font-size:11pt\"><span style=\"line-height:normal\"><span style=\"font-family:Calibri,sans-serif\"><span style=\"font-size:12.0pt\"><span style='font-family:\"Times New Roman\",serif'><span style=\"color:#1b1c1d\">R\u1ea5t nhanh (kho\u1ea3ng 5 &#8211; 20 gi\u00e2y t\u00f9y v\u1eadt li\u1ec7u)<\/span><\/span><\/span><\/span><\/span><\/span><\/p>\n<\/td>\n<\/tr>\n<tr>\n<td style=\"border:solid #bfbfbf 1.0pt; border-top:none; padding:0cm 5.4pt 0cm 5.4pt\" valign=\"top\">\n<p style=\"text-align: justify;\"><span style=\"font-size:11pt\"><span style=\"line-height:normal\"><span style=\"font-family:Calibri,sans-serif\"><b><span style=\"border:none windowtext 1.0pt; font-size:12.0pt; padding:0cm\"><span style='font-family:\"Times New Roman\",serif'><span style=\"color:#1b1c1d\">Quy c\u00e1ch \u0111\u00f3ng g\u00f3i<\/span><\/span><\/span><\/b><\/span><\/span><\/span><\/p>\n<\/td>\n<td style=\"border-bottom:solid #bfbfbf 1.0pt; border-top:none; border-left:none; border-right:solid #bfbfbf 1.0pt; padding:0cm 5.4pt 0cm 5.4pt\" valign=\"top\">\n<p style=\"text-align: justify;\"><span style=\"font-size:11pt\"><span style=\"line-height:normal\"><span style=\"font-family:Calibri,sans-serif\"><span style=\"font-size:12.0pt\"><span style='font-family:\"Times New Roman\",serif'><span style=\"color:#1b1c1d\">Chai <span style=\"border:none windowtext 1.0pt; padding:0cm\">20g<\/span><\/span><\/span><\/span><\/span><\/span><\/span><\/p>\n<\/td>\n<\/tr>\n<\/tbody>\n<\/table>\n<p style=\"text-align: justify;\">\u00a0<\/p>\n<h2 style=\"text-align: justify;\"><strong>\u1ee8ng d\u1ee5ng ti\u00eau bi\u1ec3u\u00a0Keo Loctite FT 220 &#8211; 20g<\/strong><\/h2>\n<p style=\"text-align: center;\"><img decoding=\"async\" alt=\"Keo Loctite ft220 - 20g\" data-thumb=\"grande\" original-height=\"442\" original-width=\"505\" src=\"https:\/\/yenhung.com\/wp-content\/uploads\/2025\/10\/loctite-ft220-png-1-1.png\" title=\"loctite-ft220-png-1-1\"><\/p>\n<ul>\n<li>\n<p style=\"text-align: justify;\"><b>S\u1ea3n xu\u1ea5t gi\u00e0y<\/b>: D\u00e1n l\u1ed7i k\u1ebd h\u1edf, d\u00e1n c\u00e1c chi ti\u1ebft \u0111\u1ebf gi\u00e0y, v\u1eadt li\u1ec7u upper (ph\u1ea7n th\u00e2n tr\u00ean).<\/p>\n<\/li>\n<li>\n<p style=\"text-align: justify;\"><b>S\u1ea3n xu\u1ea5t t\u00fai x\u00e1ch<\/b>: D\u00e1n ph\u1ee5 ki\u1ec7n kim lo\u1ea1i, da, ho\u1eb7c logo l\u00ean t\u00fai x\u00e1ch.<\/p>\n<\/li>\n<li>\n<p style=\"text-align: justify;\"><b>V\u1eadt li\u1ec7u<\/b>: D\u00e1n cao su, da, nh\u1ef1a d\u1ebbo v\u00e0 m\u1ed9t s\u1ed1 kim lo\u1ea1i trong ng\u00e0nh th\u1eddi trang.<\/p>\n<\/li>\n<\/ul>\n<p style=\"text-align: justify;\"><b>Th\u00f4ng tin truy c\u1eadp<\/b><\/p>\n<p style=\"text-align: justify;\"><a href=\"https:\/\/www.loctiteproducts.com\/\" target=\"_blank\">T\u00ecm hi\u1ec3u th\u00eam t\u00e0i li\u1ec7u s\u1ea3n ph\u1ea9m LOCTITE<\/a><\/p>\n<p style=\"text-align: justify;\"><u><a href=\"https:\/\/suncompany.vn\">T\u00ecm hi\u1ec3u th\u00eam v\u1ec1 c\u00e1c d\u00f2ng s\u1ea3n ph\u1ea9m kh\u00e1c\u00a0c\u1ee7a SUN COMPANY<\/a><\/u><\/p>\n<h3 style=\"text-align: justify;\"><\/h3>\n<p style=\"text-align: justify;\">L\u00e0 nh\u00e0 ph\u00e2n ph\u1ed1i c\u00e1c s\u1ea3n ph\u1ea9m keo, m\u1ee1 b\u00f4i tr\u01a1n, b\u00ecnh x\u1ecbt v\u00e0 v\u1eadt t\u01b0 c\u00f4ng nghi\u1ec7p c\u1ee7a <strong>LOCTITE<\/strong>\u00a0 t\u1ea1i th\u1ecb tr\u01b0\u1eddng Vi\u1ec7t Nam v\u1edbi c\u00e1c \u1ee9ng d\u1ee5ng trong vi\u1ec7c b\u1ea3o tr\u00ec b\u1ea3o d\u01b0\u1ee1ng m\u00e1y m\u00f3c v\u00e0 thi\u1ebft b\u1ecb c\u00f4ng nghi\u1ec7p.<\/p>\n<p style=\"text-align: justify;\">B\u1eb1ng c\u00e1ch cung c\u1ea5p cho kh\u00e1ch h\u00e0ng c\u00e1c s\u1ea3n ph\u1ea9m t\u1ed1t v\u00e0 ch\u1ea5t l\u01b0\u1ee3ng \u0111\u01b0\u1ee3c s\u1ea3n xu\u1ea5t v\u00e0 gi\u00e1m s\u00e1t ch\u1eb7t ch\u1ebd b\u1edfi h\u1ec7 th\u1ed1ng qu\u1ea3n l\u00fd chuy\u00ean nghi\u1ec7p,\u00a0<a href=\"http:\/\/https\/suncompany.vn\"><b>SUNCOMPANY<\/b>\u00a0<\/a>t\u1ef1 h\u00e0o \u0111\u00e3 \u0111\u00f3ng g\u00f3p v\u00e0o cu\u1ed9c s\u1ed1ng con ng\u01b0\u1eddi c\u0169ng nh\u01b0 s\u1ef1 ph\u00e1t tri\u1ec3n tr\u00ean th\u1ecb tr\u01b0\u1eddng c\u00f4ng nghi\u1ec7p t\u1ea1i Vi\u1ec7t Nam.<\/p>\n<p style=\"text-align: justify;\"><strong>Th\u00f4ng tin li\u00ean h\u1ec7\u00a0<\/strong><\/p>\n<p style=\"text-align: justify;\"><strong>C\u00d4NG TY TNHH TH\u01af\u01a0NG M\u1ea0I D\u1ecaCH V\u1ee4 SUN COMMERCIAL \u2013 SUN COMMERCIAL SERVICE TRADING CO., LTD<\/strong><\/p>\n<p style=\"text-align: justify;\">\u2013 M\u00e3 s\u1ed1 thu\u1ebf: 0316694604<\/p>\n<p style=\"text-align: justify;\">\u2013 S\u0110T: 090 666 5927\u00a0<\/p>\n<p style=\"text-align: justify;\">\u2013 \u0110\u1ecba ch\u1ec9: 118\/8 Hu\u1ef3nh Thi\u1ec7n L\u1ed9c, Ph\u01b0\u1eddng Ho\u00e0 Th\u1ea1nh, Qu\u1eadn T\u00e2n Ph\u00fa, TP. H\u1ed3 Ch\u00ed Minh<\/p>\n<\/p><\/div>\n","protected":false},"excerpt":{"rendered":"<p><strong>T\u00ean sa\u0309n ph\u00e2\u0309m:\u00a0<\/strong>Keo Loctite FT 220 &#8211; 20g<br \/>\n<strong>T\u00ecnh tr\u1ea1ng:<\/strong>\u00a0Li\u00ean h\u1ec7 S\u0110T 090 666 5927\u00a0<br \/>\n<strong>Kho:<\/strong>\u00a0H\u1ed3 Ch\u00ed Minh.<br \/>\n<strong>Li\u00ean h\u1ec7:<\/strong>\u00a0090.666.5927 (24\/7)<br \/>\n<strong>Giao h\u00e0ng:<\/strong>\u00a0Trong ng\u00e0y<\/p>\n","protected":false},"featured_media":4794,"comment_status":"closed","ping_status":"closed","template":"","meta":[],"product_brand":[],"product_cat":[141],"product_tag":[],"class_list":{"0":"post-4793","1":"product","2":"type-product","3":"status-publish","4":"has-post-thumbnail","6":"product_cat-loctite","8":"first","9":"instock","10":"shipping-taxable","11":"product-type-simple"},"_links":{"self":[{"href":"https:\/\/yenhung.com\/index.php?rest_route=\/wp\/v2\/product\/4793","targetHints":{"allow":["GET"]}}],"collection":[{"href":"https:\/\/yenhung.com\/index.php?rest_route=\/wp\/v2\/product"}],"about":[{"href":"https:\/\/yenhung.com\/index.php?rest_route=\/wp\/v2\/types\/product"}],"replies":[{"embeddable":true,"href":"https:\/\/yenhung.com\/index.php?rest_route=%2Fwp%2Fv2%2Fcomments&post=4793"}],"wp:featuredmedia":[{"embeddable":true,"href":"https:\/\/yenhung.com\/index.php?rest_route=\/wp\/v2\/media\/4794"}],"wp:attachment":[{"href":"https:\/\/yenhung.com\/index.php?rest_route=%2Fwp%2Fv2%2Fmedia&parent=4793"}],"wp:term":[{"taxonomy":"product_brand","embeddable":true,"href":"https:\/\/yenhung.com\/index.php?rest_route=%2Fwp%2Fv2%2Fproduct_brand&post=4793"},{"taxonomy":"product_cat","embeddable":true,"href":"https:\/\/yenhung.com\/index.php?rest_route=%2Fwp%2Fv2%2Fproduct_cat&post=4793"},{"taxonomy":"product_tag","embeddable":true,"href":"https:\/\/yenhung.com\/index.php?rest_route=%2Fwp%2Fv2%2Fproduct_tag&post=4793"}],"curies":[{"name":"wp","href":"https:\/\/api.w.org\/{rel}","templated":true}]}}