{"id":4824,"date":"2025-10-28T02:14:33","date_gmt":"2025-10-28T02:14:33","guid":{"rendered":"https:\/\/yenhung.com\/?product=keo-loctite-496-20g"},"modified":"2025-10-28T02:14:35","modified_gmt":"2025-10-28T02:14:35","slug":"keo-loctite-496-20g","status":"publish","type":"product","link":"https:\/\/yenhung.com\/?product=keo-loctite-496-20g","title":{"rendered":"Keo Loctite 496 &#8211; 20g"},"content":{"rendered":"<\/p>\n<div class=\"ba-text-fpt\">\n<h2 style=\"text-align: justify;\"><strong>T\u1ed5ng quan v\u1ec1 Keo LOCTITE 496<\/strong><\/h2>\n<p style=\"text-align: justify;\">\u00a0<\/p>\n<p style=\"text-align: justify;\"><b>LOCTITE 496<\/b> (c\u00f2n g\u1ecdi l\u00e0 LOCTITE <b>Flashcure 496<\/b>) l\u00e0 m\u1ed9t lo\u1ea1i keo d\u00e1n nhanh (cyanoacrylate adhesive) c\u00f3 c\u01b0\u1eddng \u0111\u1ed9 cao, m\u1ee5c \u0111\u00edch s\u1eed d\u1ee5ng ch\u00ednh l\u00e0 d\u00e1n <b>kim lo\u1ea1i, nh\u1ef1a v\u00e0 c\u00e1c v\u1eadt li\u1ec7u \u0111\u00e0n h\u1ed3i (elastomers)<\/b>.<\/p>\n<p style=\"text-align: justify;\">\u0110\u1eb7c \u0111i\u1ec3m n\u1ed5i b\u1eadt c\u1ee7a LOCTITE 496 l\u00e0 kh\u1ea3 n\u0103ng \u0111\u00f3ng r\u1eafn r\u1ea5t nhanh v\u00e0 \u0111\u1ed9 b\u00e1m d\u00ednh tuy\u1ec7t v\u1eddi tr\u00ean c\u00e1c v\u1eadt li\u1ec7u kh\u00f3 d\u00e1n nh\u01b0 c\u00e1c lo\u1ea1i nh\u1ef1a c\u1ee9ng v\u00e0 kim lo\u1ea1i. Keo c\u00f3 \u0111\u1ed9 nh\u1edbt th\u1ea5p \u0111\u1ebfn trung b\u00ecnh, cho ph\u00e9p n\u00f3 d\u1ec5 d\u00e0ng ch\u1ea3y v\u00e0o c\u00e1c khe h\u1edf nh\u1ecf.<\/p>\n<p style=\"text-align: justify;\">\u00a0<\/p>\n<h2 style=\"text-align: justify;\"><strong>\u0110\u1eb7c \u0111i\u1ec3m v\u00e0 \u01afu \u0111i\u1ec3m n\u1ed5i b\u1eadt\u00a0Keo Loctite 496 &#8211; 20g<\/strong><\/h2>\n<p style=\"text-align: center;\"><img decoding=\"async\" alt=\"Keo Loctite 496 - 20g\" data-thumb=\"grande\" original-height=\"440\" original-width=\"343\" src=\"https:\/\/yenhung.com\/wp-content\/uploads\/2025\/10\/keo-loctite-496-20g-3.png\" title=\"keo-loctite-496-20g-3\"><\/p>\n<ul>\n<li>\n<p style=\"text-align: justify;\"><b>T\u1ed1c \u0111\u1ed9 \u0111\u00f3ng r\u1eafn c\u1ef1c nhanh<\/b>: Keo c\u1ed1 \u0111\u1ecbnh c\u00e1c chi ti\u1ebft ch\u1ec9 trong v\u00e0i gi\u00e2y, gi\u00fap t\u0103ng t\u1ed1c \u0111\u1ed9 l\u1eafp r\u00e1p v\u00e0 s\u1ea3n xu\u1ea5t.<\/p>\n<\/li>\n<li>\n<p style=\"text-align: justify;\"><b>D\u00e1n \u0111a n\u0103ng<\/b>: \u0110\u1eb7c bi\u1ec7t hi\u1ec7u qu\u1ea3 khi d\u00e1n<strong> <\/strong>kim lo\u1ea1i v\u1edbi kim lo\u1ea1i v\u00e0 d\u00e1n nh\u1ef1a v\u1edbi nh\u1ef1a (bao g\u1ed3m c\u1ea3 c\u00e1c lo\u1ea1i nh\u1ef1a k\u1ef9 thu\u1eadt).<\/p>\n<\/li>\n<li>\n<p style=\"text-align: justify;\"><b>\u0110\u1ed9 nh\u1edbt th\u1ea5p \u0111\u1ebfn trung b\u00ecnh<\/b>: Cho ph\u00e9p keo th\u1ea9m th\u1ea5u t\u1ed1t v\u00e0o c\u00e1c khe h\u1edf nh\u1ecf v\u00e0 v\u1ebft n\u1ee9t.<\/p>\n<\/li>\n<li>\n<p style=\"text-align: justify;\"><b>C\u01b0\u1eddng \u0111\u1ed9 li\u00ean k\u1ebft cao<\/b>: Cung c\u1ea5p m\u1ed1i d\u00e1n ch\u1eafc ch\u1eafn v\u00e0 \u0111\u00e1ng tin c\u1eady.<\/p>\n<\/li>\n<li>\n<p style=\"text-align: justify;\"><b>M\u00e0u trong su\u1ed1t<\/b>: T\u1ea1o ra m\u1ed1i d\u00e1n g\u1ea7n nh\u01b0 v\u00f4 h\u00ecnh, kh\u00f4ng l\u00e0m \u1ea3nh h\u01b0\u1edfng \u0111\u1ebfn th\u1ea9m m\u1ef9 s\u1ea3n ph\u1ea9m.<\/p>\n<\/li>\n<\/ul>\n<p style=\"text-align: justify;\">\u00a0<\/p>\n<h2 style=\"text-align: justify;\"><strong>Th\u00f4ng s\u1ed1 k\u1ef9 thu\u1eadt c\u01a1 b\u1ea3n\u00a0Keo Loctite 496 &#8211; 20g<\/strong><\/h2>\n<p style=\"text-align: center;\"><strong><img decoding=\"async\" alt=\"Keo Loctite 496 - 20g\" data-thumb=\"grande\" original-height=\"225\" original-width=\"215\" src=\"https:\/\/yenhung.com\/wp-content\/uploads\/2025\/10\/keo-loctite-496-20g-1-2.png\" title=\"keo-loctite-496-20g-1-2\"><\/strong><\/p>\n<table class=\"MsoTableGridLight\" style=\"border-collapse:collapse; border:solid #bfbfbf 1.0pt\">\n<tbody>\n<tr>\n<td style=\"border:solid #bfbfbf 1.0pt; padding:0cm 5.4pt 0cm 5.4pt\" valign=\"top\">\n<p style=\"text-align: justify;\"><strong><span style=\"font-size:11pt\"><span style=\"line-height:normal\"><span style=\"font-family:Calibri,sans-serif\"><span style=\"font-size:12.0pt\"><span style='font-family:\"Times New Roman\",serif'><span style=\"color:#1b1c1d\">T\u00ean th\u00f4ng s\u1ed1<\/span><\/span><\/span><\/span><\/span><\/span><\/strong><\/p>\n<\/td>\n<td style=\"border:solid #bfbfbf 1.0pt; border-left:none; padding:0cm 5.4pt 0cm 5.4pt\" valign=\"top\">\n<p style=\"text-align: justify;\"><strong><span style=\"font-size:11pt\"><span style=\"line-height:normal\"><span style=\"font-family:Calibri,sans-serif\"><span style=\"font-size:12.0pt\"><span style='font-family:\"Times New Roman\",serif'><span style=\"color:#1b1c1d\">Chi ti\u1ebft<\/span><\/span><\/span><\/span><\/span><\/span><\/strong><\/p>\n<\/td>\n<\/tr>\n<tr>\n<td style=\"border:solid #bfbfbf 1.0pt; border-top:none; padding:0cm 5.4pt 0cm 5.4pt\" valign=\"top\">\n<p style=\"text-align: justify;\"><span style=\"font-size:11pt\"><span style=\"line-height:normal\"><span style=\"font-family:Calibri,sans-serif\"><b><span style=\"border:none windowtext 1.0pt; font-size:12.0pt; padding:0cm\"><span style='font-family:\"Times New Roman\",serif'><span style=\"color:#1b1c1d\">M\u00e3 s\u1ea3n ph\u1ea9m<\/span><\/span><\/span><\/b><\/span><\/span><\/span><\/p>\n<\/td>\n<td style=\"border-bottom:solid #bfbfbf 1.0pt; border-top:none; border-left:none; border-right:solid #bfbfbf 1.0pt; padding:0cm 5.4pt 0cm 5.4pt\" valign=\"top\">\n<p style=\"text-align: justify;\"><span style=\"font-size:11pt\"><span style=\"line-height:normal\"><span style=\"font-family:Calibri,sans-serif\"><span style=\"font-size:12.0pt\"><span style='font-family:\"Times New Roman\",serif'><span style=\"color:#1b1c1d\">LOCTITE 496<\/span><\/span><\/span><\/span><\/span><\/span><\/p>\n<\/td>\n<\/tr>\n<tr>\n<td style=\"border:solid #bfbfbf 1.0pt; border-top:none; padding:0cm 5.4pt 0cm 5.4pt\" valign=\"top\">\n<p style=\"text-align: justify;\"><span style=\"font-size:11pt\"><span style=\"line-height:normal\"><span style=\"font-family:Calibri,sans-serif\"><b><span style=\"border:none windowtext 1.0pt; font-size:12.0pt; padding:0cm\"><span style='font-family:\"Times New Roman\",serif'><span style=\"color:#1b1c1d\">Lo\u1ea1i keo<\/span><\/span><\/span><\/b><\/span><\/span><\/span><\/p>\n<\/td>\n<td style=\"border-bottom:solid #bfbfbf 1.0pt; border-top:none; border-left:none; border-right:solid #bfbfbf 1.0pt; padding:0cm 5.4pt 0cm 5.4pt\" valign=\"top\">\n<p style=\"text-align: justify;\"><span style=\"font-size:11pt\"><span style=\"line-height:normal\"><span style=\"font-family:Calibri,sans-serif\"><span style=\"font-size:12.0pt\"><span style='font-family:\"Times New Roman\",serif'><span style=\"color:#1b1c1d\">Cyanoacrylate (Keo d\u00e1n nhanh)<\/span><\/span><\/span><\/span><\/span><\/span><\/p>\n<\/td>\n<\/tr>\n<tr>\n<td style=\"border:solid #bfbfbf 1.0pt; border-top:none; padding:0cm 5.4pt 0cm 5.4pt\" valign=\"top\">\n<p style=\"text-align: justify;\"><span style=\"font-size:11pt\"><span style=\"line-height:normal\"><span style=\"font-family:Calibri,sans-serif\"><b><span style=\"border:none windowtext 1.0pt; font-size:12.0pt; padding:0cm\"><span style='font-family:\"Times New Roman\",serif'><span style=\"color:#1b1c1d\">M\u00e0u s\u1eafc<\/span><\/span><\/span><\/b><\/span><\/span><\/span><\/p>\n<\/td>\n<td style=\"border-bottom:solid #bfbfbf 1.0pt; border-top:none; border-left:none; border-right:solid #bfbfbf 1.0pt; padding:0cm 5.4pt 0cm 5.4pt\" valign=\"top\">\n<p style=\"text-align: justify;\"><span style=\"font-size:11pt\"><span style=\"line-height:normal\"><span style=\"font-family:Calibri,sans-serif\"><span style=\"font-size:12.0pt\"><span style='font-family:\"Times New Roman\",serif'><span style=\"color:#1b1c1d\">Trong su\u1ed1t, kh\u00f4ng m\u00e0u<\/span><\/span><\/span><\/span><\/span><\/span><\/p>\n<\/td>\n<\/tr>\n<tr>\n<td style=\"border:solid #bfbfbf 1.0pt; border-top:none; padding:0cm 5.4pt 0cm 5.4pt\" valign=\"top\">\n<p style=\"text-align: justify;\"><span style=\"font-size:11pt\"><span style=\"line-height:normal\"><span style=\"font-family:Calibri,sans-serif\"><b><span style=\"border:none windowtext 1.0pt; font-size:12.0pt; padding:0cm\"><span style='font-family:\"Times New Roman\",serif'><span style=\"color:#1b1c1d\">\u0110\u1ed9 nh\u1edbt<\/span><\/span><\/span><\/b><\/span><\/span><\/span><\/p>\n<\/td>\n<td style=\"border-bottom:solid #bfbfbf 1.0pt; border-top:none; border-left:none; border-right:solid #bfbfbf 1.0pt; padding:0cm 5.4pt 0cm 5.4pt\" valign=\"top\">\n<p style=\"text-align: justify;\"><span style=\"font-size:11pt\"><span style=\"line-height:normal\"><span style=\"font-family:Calibri,sans-serif\"><span style=\"font-size:12.0pt\"><span style='font-family:\"Times New Roman\",serif'><span style=\"color:#1b1c1d\">Th\u1ea5p \u0111\u1ebfn Trung b\u00ecnh<\/span><\/span><\/span><\/span><\/span><\/span><\/p>\n<\/td>\n<\/tr>\n<tr>\n<td style=\"border:solid #bfbfbf 1.0pt; border-top:none; padding:0cm 5.4pt 0cm 5.4pt\" valign=\"top\">\n<p style=\"text-align: justify;\"><span style=\"font-size:11pt\"><span style=\"line-height:normal\"><span style=\"font-family:Calibri,sans-serif\"><b><span style=\"border:none windowtext 1.0pt; font-size:12.0pt; padding:0cm\"><span style='font-family:\"Times New Roman\",serif'><span style=\"color:#1b1c1d\">Th\u1eddi gian c\u1ed1 \u0111\u1ecbnh ban \u0111\u1ea7u<\/span><\/span><\/span><\/b><\/span><\/span><\/span><\/p>\n<\/td>\n<td style=\"border-bottom:solid #bfbfbf 1.0pt; border-top:none; border-left:none; border-right:solid #bfbfbf 1.0pt; padding:0cm 5.4pt 0cm 5.4pt\" valign=\"top\">\n<p style=\"text-align: justify;\"><span style=\"font-size:11pt\"><span style=\"line-height:normal\"><span style=\"font-family:Calibri,sans-serif\"><span style=\"font-size:12.0pt\"><span style='font-family:\"Times New Roman\",serif'><span style=\"color:#1b1c1d\">Th\u01b0\u1eddng 10 &#8211; 30 gi\u00e2y (tr\u00ean th\u00e9p)<\/span><\/span><\/span><\/span><\/span><\/span><\/p>\n<\/td>\n<\/tr>\n<tr>\n<td style=\"border:solid #bfbfbf 1.0pt; border-top:none; padding:0cm 5.4pt 0cm 5.4pt\" valign=\"top\">\n<p style=\"text-align: justify;\"><span style=\"font-size:11pt\"><span style=\"line-height:normal\"><span style=\"font-family:Calibri,sans-serif\"><b><span style=\"border:none windowtext 1.0pt; font-size:12.0pt; padding:0cm\"><span style='font-family:\"Times New Roman\",serif'><span style=\"color:#1b1c1d\">Ph\u1ea1m vi nhi\u1ec7t \u0111\u1ed9 ho\u1ea1t \u0111\u1ed9ng<\/span><\/span><\/span><\/b><\/span><\/span><\/span><\/p>\n<\/td>\n<td style=\"border-bottom:solid #bfbfbf 1.0pt; border-top:none; border-left:none; border-right:solid #bfbfbf 1.0pt; padding:0cm 5.4pt 0cm 5.4pt\" valign=\"top\">\n<p style=\"text-align: justify;\"><span style=\"font-size:11pt\"><span style=\"line-height:normal\"><span style=\"font-family:Calibri,sans-serif\"><span style=\"font-size:12.0pt\"><span style='font-family:\"Times New Roman\",serif'><span style=\"color:#1b1c1d\">Th\u01b0\u1eddng t\u1eeb -40\u00b0C \u0111\u1ebfn +80\u00b0C<\/span><\/span><\/span><\/span><\/span><\/span><\/p>\n<\/td>\n<\/tr>\n<tr>\n<td style=\"border:solid #bfbfbf 1.0pt; border-top:none; padding:0cm 5.4pt 0cm 5.4pt\" valign=\"top\">\n<p style=\"text-align: justify;\"><span style=\"font-size:11pt\"><span style=\"line-height:normal\"><span style=\"font-family:Calibri,sans-serif\"><b><span style=\"border:none windowtext 1.0pt; font-size:12.0pt; padding:0cm\"><span style='font-family:\"Times New Roman\",serif'><span style=\"color:#1b1c1d\">Quy c\u00e1ch \u0111\u00f3ng g\u00f3i<\/span><\/span><\/span><\/b><\/span><\/span><\/span><\/p>\n<\/td>\n<td style=\"border-bottom:solid #bfbfbf 1.0pt; border-top:none; border-left:none; border-right:solid #bfbfbf 1.0pt; padding:0cm 5.4pt 0cm 5.4pt\" valign=\"top\">\n<p style=\"text-align: justify;\"><span style=\"font-size:11pt\"><span style=\"line-height:normal\"><span style=\"font-family:Calibri,sans-serif\"><span style=\"font-size:12.0pt\"><span style='font-family:\"Times New Roman\",serif'><span style=\"color:#1b1c1d\">Chai <span style=\"border:none windowtext 1.0pt; padding:0cm\">20g<\/span><\/span><\/span><\/span><\/span><\/span><\/span><\/p>\n<\/td>\n<\/tr>\n<\/tbody>\n<\/table>\n<p style=\"text-align: justify;\">\u00a0<\/p>\n<h2 style=\"text-align: justify;\"><strong>\u1ee8ng d\u1ee5ng ti\u00eau bi\u1ec3u\u00a0Keo Loctite 496 &#8211; 20g<\/strong><\/h2>\n<p style=\"text-align: center;\"><img decoding=\"async\" alt=\"Keo Loctite 496 - 20g\" data-thumb=\"grande\" original-height=\"205\" original-width=\"169\" src=\"https:\/\/yenhung.com\/wp-content\/uploads\/2025\/10\/keo-loctite-496-20g-2-1.png\" title=\"keo-loctite-496-20g-2-1\"><\/p>\n<ul>\n<li>\n<p style=\"text-align: justify;\"><b>L\u1eafp r\u00e1p thi\u1ebft b\u1ecb<\/b>: D\u00f9ng trong s\u1ea3n xu\u1ea5t c\u00e1c thi\u1ebft b\u1ecb gia d\u1ee5ng, \u0111\u1ed3 ch\u01a1i, v\u00e0 linh ki\u1ec7n \u0111i\u1ec7n t\u1eed.<\/p>\n<\/li>\n<li>\n<p style=\"text-align: justify;\"><b>Ng\u00e0nh \u00f4 t\u00f4<\/b>: D\u00e1n c\u00e1c chi ti\u1ebft cao su v\u00e0 nh\u1ef1a nh\u1ecf.<\/p>\n<\/li>\n<li>\n<p style=\"text-align: justify;\"><b>D\u00e1n kim lo\u1ea1i<\/b>: C\u1ed1 \u0111\u1ecbnh nhanh c\u00e1c chi ti\u1ebft kim lo\u1ea1i c\u00f3 khe h\u1edf nh\u1ecf.<\/p>\n<\/li>\n<\/ul>\n<p style=\"text-align: justify;\"><b>Th\u00f4ng tin truy c\u1eadp<\/b><\/p>\n<p style=\"text-align: justify;\"><a href=\"https:\/\/www.loctiteproducts.com\/\" target=\"_blank\">T\u00ecm hi\u1ec3u th\u00eam t\u00e0i li\u1ec7u s\u1ea3n ph\u1ea9m LOCTITE<\/a><\/p>\n<p style=\"text-align: justify;\"><u><a href=\"https:\/\/suncompany.vn\">T\u00ecm hi\u1ec3u th\u00eam v\u1ec1 c\u00e1c d\u00f2ng s\u1ea3n ph\u1ea9m kh\u00e1c\u00a0c\u1ee7a SUN COMPANY<\/a><\/u><\/p>\n<h3 style=\"text-align: justify;\"><\/h3>\n<p style=\"text-align: justify;\">L\u00e0 nh\u00e0 ph\u00e2n ph\u1ed1i c\u00e1c s\u1ea3n ph\u1ea9m keo, m\u1ee1 b\u00f4i tr\u01a1n, b\u00ecnh x\u1ecbt v\u00e0 v\u1eadt t\u01b0 c\u00f4ng nghi\u1ec7p c\u1ee7a <strong>LOCTITE<\/strong>\u00a0 t\u1ea1i th\u1ecb tr\u01b0\u1eddng Vi\u1ec7t Nam v\u1edbi c\u00e1c \u1ee9ng d\u1ee5ng trong vi\u1ec7c b\u1ea3o tr\u00ec b\u1ea3o d\u01b0\u1ee1ng m\u00e1y m\u00f3c v\u00e0 thi\u1ebft b\u1ecb c\u00f4ng nghi\u1ec7p.<\/p>\n<p style=\"text-align: justify;\">B\u1eb1ng c\u00e1ch cung c\u1ea5p cho kh\u00e1ch h\u00e0ng c\u00e1c s\u1ea3n ph\u1ea9m t\u1ed1t v\u00e0 ch\u1ea5t l\u01b0\u1ee3ng \u0111\u01b0\u1ee3c s\u1ea3n xu\u1ea5t v\u00e0 gi\u00e1m s\u00e1t ch\u1eb7t ch\u1ebd b\u1edfi h\u1ec7 th\u1ed1ng qu\u1ea3n l\u00fd chuy\u00ean nghi\u1ec7p,\u00a0<a href=\"http:\/\/https\/suncompany.vn\"><b>SUNCOMPANY<\/b>\u00a0<\/a>t\u1ef1 h\u00e0o \u0111\u00e3 \u0111\u00f3ng g\u00f3p v\u00e0o cu\u1ed9c s\u1ed1ng con ng\u01b0\u1eddi c\u0169ng nh\u01b0 s\u1ef1 ph\u00e1t tri\u1ec3n tr\u00ean th\u1ecb tr\u01b0\u1eddng c\u00f4ng nghi\u1ec7p t\u1ea1i Vi\u1ec7t Nam.<\/p>\n<p style=\"text-align: justify;\"><strong>Th\u00f4ng tin li\u00ean h\u1ec7\u00a0<\/strong><\/p>\n<p style=\"text-align: justify;\"><strong>C\u00d4NG TY TNHH TH\u01af\u01a0NG M\u1ea0I D\u1ecaCH V\u1ee4 SUN COMMERCIAL \u2013 SUN COMMERCIAL SERVICE TRADING CO., LTD<\/strong><\/p>\n<p style=\"text-align: justify;\">\u2013 M\u00e3 s\u1ed1 thu\u1ebf: 0316694604<\/p>\n<p style=\"text-align: justify;\">\u2013 S\u0110T: 090 666 5927\u00a0<\/p>\n<p style=\"text-align: justify;\">\u2013 \u0110\u1ecba ch\u1ec9: 118\/8 Hu\u1ef3nh Thi\u1ec7n L\u1ed9c, Ph\u01b0\u1eddng Ho\u00e0 Th\u1ea1nh, Qu\u1eadn T\u00e2n Ph\u00fa, TP. H\u1ed3 Ch\u00ed Minh<\/p>\n<\/p><\/div>\n","protected":false},"excerpt":{"rendered":"<p><strong>T\u00ean sa\u0309n ph\u00e2\u0309m:<\/strong>\u00a0Keo Loctite 496 &#8211; 20g<br \/>\n<strong>T\u00ecnh tr\u1ea1ng:<\/strong>\u00a0Li\u00ean h\u1ec7 S\u0110T 090 666 5927\u00a0<br \/>\n<strong>Kho:<\/strong>\u00a0H\u1ed3 Ch\u00ed Minh.<br \/>\n<strong>Li\u00ean h\u1ec7:<\/strong>\u00a0090.666.5927 (24\/7)<br \/>\n<strong>Giao h\u00e0ng:<\/strong>\u00a0Trong ng\u00e0y<\/p>\n","protected":false},"featured_media":4825,"comment_status":"closed","ping_status":"closed","template":"","meta":[],"product_brand":[],"product_cat":[141],"product_tag":[],"class_list":{"0":"post-4824","1":"product","2":"type-product","3":"status-publish","4":"has-post-thumbnail","6":"product_cat-loctite","8":"first","9":"instock","10":"shipping-taxable","11":"product-type-simple"},"_links":{"self":[{"href":"https:\/\/yenhung.com\/index.php?rest_route=\/wp\/v2\/product\/4824","targetHints":{"allow":["GET"]}}],"collection":[{"href":"https:\/\/yenhung.com\/index.php?rest_route=\/wp\/v2\/product"}],"about":[{"href":"https:\/\/yenhung.com\/index.php?rest_route=\/wp\/v2\/types\/product"}],"replies":[{"embeddable":true,"href":"https:\/\/yenhung.com\/index.php?rest_route=%2Fwp%2Fv2%2Fcomments&post=4824"}],"wp:featuredmedia":[{"embeddable":true,"href":"https:\/\/yenhung.com\/index.php?rest_route=\/wp\/v2\/media\/4825"}],"wp:attachment":[{"href":"https:\/\/yenhung.com\/index.php?rest_route=%2Fwp%2Fv2%2Fmedia&parent=4824"}],"wp:term":[{"taxonomy":"product_brand","embeddable":true,"href":"https:\/\/yenhung.com\/index.php?rest_route=%2Fwp%2Fv2%2Fproduct_brand&post=4824"},{"taxonomy":"product_cat","embeddable":true,"href":"https:\/\/yenhung.com\/index.php?rest_route=%2Fwp%2Fv2%2Fproduct_cat&post=4824"},{"taxonomy":"product_tag","embeddable":true,"href":"https:\/\/yenhung.com\/index.php?rest_route=%2Fwp%2Fv2%2Fproduct_tag&post=4824"}],"curies":[{"name":"wp","href":"https:\/\/api.w.org\/{rel}","templated":true}]}}