{"id":4880,"date":"2025-10-28T02:15:36","date_gmt":"2025-10-28T02:15:36","guid":{"rendered":"https:\/\/yenhung.com\/?product=keo-loctite-55-50ml"},"modified":"2025-10-28T02:15:39","modified_gmt":"2025-10-28T02:15:39","slug":"keo-loctite-55-50ml","status":"publish","type":"product","link":"https:\/\/yenhung.com\/?product=keo-loctite-55-50ml","title":{"rendered":"Keo Loctite 55 &#8211; 50ml"},"content":{"rendered":"<\/p>\n<div class=\"ba-text-fpt\">\n<p style=\"text-align: justify;\">\u00a0<\/p>\n<h2 style=\"text-align: justify;\"><strong>T\u1ed5ng quan v\u1ec1 Keo Loctite 55 &#8211; 50ml<\/strong><\/h2>\n<p style=\"text-align: justify;\"><b>LOCTITE 55<\/b> l\u00e0 m\u1ed9t s\u1ea3n ph\u1ea9m l\u00e0m k\u00edn ren <b>\u0111\u1ed9c \u0111\u00e1o<\/b> v\u00e0 <b>c\u1ea3i ti\u1ebfn<\/b>, kh\u00f4ng ph\u1ea3i l\u00e0 keo l\u1ecfng hay keo d\u00e1n. \u0110\u00e2y l\u00e0 m\u1ed9t lo\u1ea1i s\u1ee3i\/ch\u1ec9 polymide \u0111a s\u1ee3i (multi-filament polyamide cord) \u0111\u01b0\u1ee3c ph\u1ee7 m\u1ed9t l\u1edbp h\u1ee3p ch\u1ea5t l\u00e0m k\u00edn, \u0111\u01b0\u1ee3c thi\u1ebft k\u1ebf \u0111\u1ec3 l\u00e0m k\u00edn c\u00e1c m\u1ed1i l\u1eafp ren \u1ed1ng v\u00e0 ph\u1ee5 ki\u1ec7n kim lo\u1ea1i ho\u1eb7c nh\u1ef1a m\u1ed9t c\u00e1ch t\u1ee9c th\u00ec.<\/p>\n<p style=\"text-align: justify;\">S\u1ea3n ph\u1ea9m \u0111\u01b0\u1ee3c \u0111\u00f3ng g\u00f3i trong h\u1ed9p ph\u00e2n ph\u1ed1i 50ml ti\u1ec7n d\u1ee5ng v\u1edbi l\u01b0\u1ee1i c\u1eaft t\u00edch h\u1ee3p, thay th\u1ebf ho\u00e0n to\u00e0n b\u0103ng keo l\u1ee5a (PTFE tape) v\u00e0 c\u00e1c lo\u1ea1i keo l\u1ecfng\/b\u1ed9t tr\u00e9t truy\u1ec1n th\u1ed1ng.<\/p>\n<p style=\"text-align: justify;\">\u00a0<\/p>\n<h2 style=\"text-align: justify;\"><strong>\u0110\u1eb7c \u0111i\u1ec3m v\u00e0 \u01afu \u0111i\u1ec3m n\u1ed5i b\u1eadt\u00a0Keo Loctite 55 &#8211; 50ml<\/strong><\/h2>\n<p style=\"text-align: center;\"><img decoding=\"async\" alt=\"Keo Loctite 55 - 50ml\" data-thumb=\"grande\" original-height=\"253\" original-width=\"291\" src=\"https:\/\/yenhung.com\/wp-content\/uploads\/2025\/10\/keo-loctite-55-50ml-2-1.png\" title=\"keo-loctite-55-50ml-2-1\"><\/p>\n<ul>\n<li>\n<p style=\"text-align: justify;\"><b>L\u00e0m k\u00edn t\u1ee9c th\u00ec (Instant Seal)<\/b>: Keo Loctite 55 kh\u00f4ng c\u1ea7n th\u1eddi gian \u0111\u00f3ng r\u1eafn. M\u1ed1i l\u1eafp ren \u0111\u01b0\u1ee3c l\u00e0m k\u00edn ngay l\u1eadp t\u1ee9c \u1edf m\u1ee9c \u00e1p su\u1ea5t \u0111\u1ea7y \u0111\u1ee7 (full pressure) sau khi l\u1eafp r\u00e1p.<\/p>\n<\/li>\n<li>\n<p style=\"text-align: justify;\"><b>D\u1ea1ng s\u1ee3i \u0111\u1ed9c \u0111\u00e1o<\/b>: Vi\u1ec7c s\u1eed d\u1ee5ng d\u1ea1ng s\u1ee3i gi\u00fap lo\u1ea1i b\u1ecf ho\u00e0n to\u00e0n t\u00ecnh tr\u1ea1ng nh\u1ecf gi\u1ecdt, lem b\u1ea9n hay v\u01b0\u01a1ng v\u00e3i nh\u01b0 keo l\u1ecfng, mang l\u1ea1i quy tr\u00ecnh l\u00e0m vi\u1ec7c s\u1ea1ch s\u1ebd h\u01a1n.<\/p>\n<\/li>\n<li>\n<p style=\"text-align: justify;\"><b>L\u1eafp r\u00e1p linh ho\u1ea1t<\/b>: Cho ph\u00e9p <b>\u0111i\u1ec1u ch\u1ec9nh\/\u0111\u1ecbnh v\u1ecb l\u1ea1i<\/b> (repositioning) ph\u1ee5 ki\u1ec7n l\u00ean \u0111\u1ebfn 45 \u0111\u1ed9 sau khi v\u1eb7n ch\u1eb7t m\u00e0 kh\u00f4ng l\u00e0m gi\u1ea3m hi\u1ec7u su\u1ea5t l\u00e0m k\u00edn.<\/p>\n<\/li>\n<li>\n<p style=\"text-align: justify;\"><b>\u0110a n\u0103ng v\u00e0 \u0111\u01b0\u1ee3c ch\u1ee9ng nh\u1eadn<\/b>: Th\u00edch h\u1ee3p cho nhi\u1ec1u lo\u1ea1i ch\u1ea5t l\u1ecfng v\u00e0 kh\u00ed (nh\u01b0 n\u01b0\u1edbc l\u1ea1nh\/n\u00f3ng, kh\u00ed \u0111\u1ed1t, d\u1ea7u, dung m\u00f4i). S\u1ea3n ph\u1ea9m th\u01b0\u1eddng \u0111\u01b0\u1ee3c ch\u1ee9ng nh\u1eadn cho c\u00e1c \u1ee9ng d\u1ee5ng c\u1ea5p n\u01b0\u1edbc sinh ho\u1ea1t v\u00e0 kh\u00ed \u0111\u1ed1t.<\/p>\n<\/li>\n<li>\n<p style=\"text-align: justify;\"><b>Ch\u1ed1ng rung \u0111\u1ed9ng v\u00e0 s\u1ed1c<\/b>: M\u1ed1i l\u1eafp ren \u0111\u01b0\u1ee3c kh\u00f3a ch\u1eb7t v\u00e0 l\u00e0m k\u00edn, ch\u1ed1ng l\u1ea1i s\u1ef1 n\u1edbi l\u1ecfng do rung \u0111\u1ed9ng.<\/p>\n<\/li>\n<\/ul>\n<h2 style=\"text-align: justify;\"><strong>Th\u00f4ng s\u1ed1 k\u1ef9 thu\u1eadt c\u01a1 b\u1ea3n\u00a0Keo Loctite 55 &#8211; 50ml<\/strong><\/h2>\n<p style=\"text-align: center;\"><img decoding=\"async\" alt=\"Keo Loctite 55 - 50ml\" data-thumb=\"grande\" original-height=\"364\" original-width=\"298\" src=\"https:\/\/yenhung.com\/wp-content\/uploads\/2025\/10\/keo-loctite-55-50ml-3.png\" title=\"keo-loctite-55-50ml-3\"><\/p>\n<table class=\"MsoTableGridLight\" style=\"border-collapse:collapse; border:solid #bfbfbf 1.0pt\">\n<tbody>\n<tr>\n<td style=\"border:solid #bfbfbf 1.0pt; padding:0cm 5.4pt 0cm 5.4pt\" valign=\"top\">\n<p style=\"text-align: justify;\"><strong><span style=\"font-size:11pt\"><span style=\"line-height:normal\"><span style=\"font-family:Calibri,sans-serif\"><span style=\"font-size:12.0pt\"><span style='font-family:\"Times New Roman\",serif'><span style=\"color:#1b1c1d\">T\u00ean th\u00f4ng s\u1ed1<\/span><\/span><\/span><\/span><\/span><\/span><\/strong><\/p>\n<\/td>\n<td style=\"border:solid #bfbfbf 1.0pt; border-left:none; padding:0cm 5.4pt 0cm 5.4pt\" valign=\"top\">\n<p style=\"text-align: justify;\"><strong><span style=\"font-size:11pt\"><span style=\"line-height:normal\"><span style=\"font-family:Calibri,sans-serif\"><span style=\"font-size:12.0pt\"><span style='font-family:\"Times New Roman\",serif'><span style=\"color:#1b1c1d\">Chi ti\u1ebft<\/span><\/span><\/span><\/span><\/span><\/span><\/strong><\/p>\n<\/td>\n<\/tr>\n<tr>\n<td style=\"border:solid #bfbfbf 1.0pt; border-top:none; padding:0cm 5.4pt 0cm 5.4pt\" valign=\"top\">\n<p style=\"text-align: justify;\"><span style=\"font-size:11pt\"><span style=\"line-height:normal\"><span style=\"font-family:Calibri,sans-serif\"><b><span style=\"border:none windowtext 1.0pt; font-size:12.0pt; padding:0cm\"><span style='font-family:\"Times New Roman\",serif'><span style=\"color:#1b1c1d\">M\u00e3 s\u1ea3n ph\u1ea9m<\/span><\/span><\/span><\/b><\/span><\/span><\/span><\/p>\n<\/td>\n<td style=\"border-bottom:solid #bfbfbf 1.0pt; border-top:none; border-left:none; border-right:solid #bfbfbf 1.0pt; padding:0cm 5.4pt 0cm 5.4pt\" valign=\"top\">\n<p style=\"text-align: justify;\"><span style=\"font-size:11pt\"><span style=\"line-height:normal\"><span style=\"font-family:Calibri,sans-serif\"><span style=\"font-size:12.0pt\"><span style='font-family:\"Times New Roman\",serif'><span style=\"color:#1b1c1d\">LOCTITE 55<\/span><\/span><\/span><\/span><\/span><\/span><\/p>\n<\/td>\n<\/tr>\n<tr>\n<td style=\"border:solid #bfbfbf 1.0pt; border-top:none; padding:0cm 5.4pt 0cm 5.4pt\" valign=\"top\">\n<p style=\"text-align: justify;\"><span style=\"font-size:11pt\"><span style=\"line-height:normal\"><span style=\"font-family:Calibri,sans-serif\"><b><span style=\"border:none windowtext 1.0pt; font-size:12.0pt; padding:0cm\"><span style='font-family:\"Times New Roman\",serif'><span style=\"color:#1b1c1d\">Lo\u1ea1i s\u1ea3n ph\u1ea9m<\/span><\/span><\/span><\/b><\/span><\/span><\/span><\/p>\n<\/td>\n<td style=\"border-bottom:solid #bfbfbf 1.0pt; border-top:none; border-left:none; border-right:solid #bfbfbf 1.0pt; padding:0cm 5.4pt 0cm 5.4pt\" valign=\"top\">\n<p style=\"text-align: justify;\"><span style=\"font-size:11pt\"><span style=\"line-height:normal\"><span style=\"font-family:Calibri,sans-serif\"><span style=\"font-size:12.0pt\"><span style='font-family:\"Times New Roman\",serif'><span style=\"color:#1b1c1d\">Ch\u1ec9\/S\u1ee3i l\u00e0m k\u00edn ren (Thread Sealing Cord)<\/span><\/span><\/span><\/span><\/span><\/span><\/p>\n<\/td>\n<\/tr>\n<tr>\n<td style=\"border:solid #bfbfbf 1.0pt; border-top:none; padding:0cm 5.4pt 0cm 5.4pt\" valign=\"top\">\n<p style=\"text-align: justify;\"><span style=\"font-size:11pt\"><span style=\"line-height:normal\"><span style=\"font-family:Calibri,sans-serif\"><b><span style=\"border:none windowtext 1.0pt; font-size:12.0pt; padding:0cm\"><span style='font-family:\"Times New Roman\",serif'><span style=\"color:#1b1c1d\">Th\u00e0nh ph\u1ea7n<\/span><\/span><\/span><\/b><\/span><\/span><\/span><\/p>\n<\/td>\n<td style=\"border-bottom:solid #bfbfbf 1.0pt; border-top:none; border-left:none; border-right:solid #bfbfbf 1.0pt; padding:0cm 5.4pt 0cm 5.4pt\" valign=\"top\">\n<p style=\"text-align: justify;\"><span style=\"font-size:11pt\"><span style=\"line-height:normal\"><span style=\"font-family:Calibri,sans-serif\"><span style=\"font-size:12.0pt\"><span style='font-family:\"Times New Roman\",serif'><span style=\"color:#1b1c1d\">S\u1ee3i Polyamide ph\u1ee7 h\u1ee3p ch\u1ea5t l\u00e0m k\u00edn<\/span><\/span><\/span><\/span><\/span><\/span><\/p>\n<\/td>\n<\/tr>\n<tr>\n<td style=\"border:solid #bfbfbf 1.0pt; border-top:none; padding:0cm 5.4pt 0cm 5.4pt\" valign=\"top\">\n<p style=\"text-align: justify;\"><span style=\"font-size:11pt\"><span style=\"line-height:normal\"><span style=\"font-family:Calibri,sans-serif\"><b><span style=\"border:none windowtext 1.0pt; font-size:12.0pt; padding:0cm\"><span style='font-family:\"Times New Roman\",serif'><span style=\"color:#1b1c1d\">Quy c\u00e1ch \u0111\u00f3ng g\u00f3i<\/span><\/span><\/span><\/b><\/span><\/span><\/span><\/p>\n<\/td>\n<td style=\"border-bottom:solid #bfbfbf 1.0pt; border-top:none; border-left:none; border-right:solid #bfbfbf 1.0pt; padding:0cm 5.4pt 0cm 5.4pt\" valign=\"top\">\n<p style=\"text-align: justify;\"><span style=\"font-size:11pt\"><span style=\"line-height:normal\"><span style=\"font-family:Calibri,sans-serif\"><span style=\"font-size:12.0pt\"><span style='font-family:\"Times New Roman\",serif'><span style=\"color:#1b1c1d\">H\u1ed9p ph\u00e2n ph\u1ed1i <span style=\"border:none windowtext 1.0pt; padding:0cm\">50 ml<\/span> (ch\u1ee9a kho\u1ea3ng 150 m\u00e9t s\u1ee3i)<\/span><\/span><\/span><\/span><\/span><\/span><\/p>\n<\/td>\n<\/tr>\n<tr>\n<td style=\"border:solid #bfbfbf 1.0pt; border-top:none; padding:0cm 5.4pt 0cm 5.4pt\" valign=\"top\">\n<p style=\"text-align: justify;\"><span style=\"font-size:11pt\"><span style=\"line-height:normal\"><span style=\"font-family:Calibri,sans-serif\"><b><span style=\"border:none windowtext 1.0pt; font-size:12.0pt; padding:0cm\"><span style='font-family:\"Times New Roman\",serif'><span style=\"color:#1b1c1d\">Nhi\u1ec7t \u0111\u1ed9 ho\u1ea1t \u0111\u1ed9ng<\/span><\/span><\/span><\/b><\/span><\/span><\/span><\/p>\n<\/td>\n<td style=\"border-bottom:solid #bfbfbf 1.0pt; border-top:none; border-left:none; border-right:solid #bfbfbf 1.0pt; padding:0cm 5.4pt 0cm 5.4pt\" valign=\"top\">\n<p style=\"text-align: justify;\"><span style=\"font-size:11pt\"><span style=\"line-height:normal\"><span style=\"font-family:Calibri,sans-serif\"><span style=\"font-size:12.0pt\"><span style='font-family:\"Times New Roman\",serif'><span style=\"color:#1b1c1d\">Th\u01b0\u1eddng t\u1eeb -55\u00b0C \u0111\u1ebfn +130\u00b0C<\/span><\/span><\/span><\/span><\/span><\/span><\/p>\n<\/td>\n<\/tr>\n<tr>\n<td style=\"border:solid #bfbfbf 1.0pt; border-top:none; padding:0cm 5.4pt 0cm 5.4pt\" valign=\"top\">\n<p style=\"text-align: justify;\"><span style=\"font-size:11pt\"><span style=\"line-height:normal\"><span style=\"font-family:Calibri,sans-serif\"><b><span style=\"border:none windowtext 1.0pt; font-size:12.0pt; padding:0cm\"><span style='font-family:\"Times New Roman\",serif'><span style=\"color:#1b1c1d\">\u00c1p su\u1ea5t l\u00e0m vi\u1ec7c t\u1ed1i \u0111a<\/span><\/span><\/span><\/b><\/span><\/span><\/span><\/p>\n<\/td>\n<td style=\"border-bottom:solid #bfbfbf 1.0pt; border-top:none; border-left:none; border-right:solid #bfbfbf 1.0pt; padding:0cm 5.4pt 0cm 5.4pt\" valign=\"top\">\n<p style=\"text-align: justify;\"><span style=\"font-size:11pt\"><span style=\"line-height:normal\"><span style=\"font-family:Calibri,sans-serif\"><span style=\"font-size:12.0pt\"><span style='font-family:\"Times New Roman\",serif'><span style=\"color:#1b1c1d\">L\u00ean \u0111\u1ebfn 10.000 psi (kho\u1ea3ng 700 bar)<\/span><\/span><\/span><\/span><\/span><\/span><\/p>\n<\/td>\n<\/tr>\n<tr>\n<td style=\"border:solid #bfbfbf 1.0pt; border-top:none; padding:0cm 5.4pt 0cm 5.4pt\" valign=\"top\">\n<p style=\"text-align: justify;\"><span style=\"font-size:11pt\"><span style=\"line-height:normal\"><span style=\"font-family:Calibri,sans-serif\"><b><span style=\"border:none windowtext 1.0pt; font-size:12.0pt; padding:0cm\"><span style='font-family:\"Times New Roman\",serif'><span style=\"color:#1b1c1d\">K\u00edch th\u01b0\u1edbc ren t\u1ed1i \u0111a<\/span><\/span><\/span><\/b><\/span><\/span><\/span><\/p>\n<\/td>\n<td style=\"border-bottom:solid #bfbfbf 1.0pt; border-top:none; border-left:none; border-right:solid #bfbfbf 1.0pt; padding:0cm 5.4pt 0cm 5.4pt\" valign=\"top\">\n<p style=\"text-align: justify;\"><span style=\"font-size:11pt\"><span style=\"line-height:normal\"><span style=\"font-family:Calibri,sans-serif\"><span style=\"font-size:12.0pt\"><span style='font-family:\"Times New Roman\",serif'><span style=\"color:#1b1c1d\">Th\u01b0\u1eddng l\u00e0 4 inch (t\u00f9y \u1ee9ng d\u1ee5ng v\u00e0 ti\u00eau chu\u1ea9n)<\/span><\/span><\/span><\/span><\/span><\/span><\/p>\n<\/td>\n<\/tr>\n<\/tbody>\n<\/table>\n<p style=\"text-align: justify;\">\u00a0<\/p>\n<h2 style=\"text-align: justify;\"><strong>\u1ee8ng d\u1ee5ng ti\u00eau bi\u1ec3u\u00a0Keo Loctite 55 &#8211; 50ml<\/strong><\/h2>\n<p style=\"text-align: center;\"><img decoding=\"async\" alt=\"Keo Loctite 55 - 50ml\" data-thumb=\"grande\" original-height=\"283\" original-width=\"374\" src=\"https:\/\/yenhung.com\/wp-content\/uploads\/2025\/10\/keo-loctite-55-50ml-1-2.png\" title=\"keo-loctite-55-50ml-1-2\"><\/p>\n<ul>\n<li>\n<p style=\"text-align: justify;\"><b>H\u1ec7 th\u1ed1ng \u0111\u01b0\u1eddng \u1ed1ng n\u01b0\u1edbc<\/b>: L\u00e0m k\u00edn c\u00e1c m\u1ed1i ren trong h\u1ec7 th\u1ed1ng \u1ed1ng n\u01b0\u1edbc d\u00e2n d\u1ee5ng v\u00e0 c\u00f4ng nghi\u1ec7p.<\/p>\n<\/li>\n<li>\n<p style=\"text-align: justify;\"><b>H\u1ec7 th\u1ed1ng kh\u00ed n\u00e9n<\/b>: L\u00e0m k\u00edn c\u00e1c \u0111\u01b0\u1eddng \u1ed1ng kh\u00ed n\u00e9n v\u00e0 ph\u1ee5 ki\u1ec7n.<\/p>\n<\/li>\n<li>\n<p style=\"text-align: justify;\"><b>H\u1ec7 th\u1ed1ng kh\u00ed \u0111\u1ed1t<\/b>: S\u1eed d\u1ee5ng \u0111\u1ec3 l\u00e0m k\u00edn c\u00e1c m\u1ed1i ren trong \u0111\u01b0\u1eddng \u1ed1ng d\u1eabn kh\u00ed \u0111\u1ed1t t\u1ef1 nhi\u00ean ho\u1eb7c LPG (c\u1ea7n ki\u1ec3m tra ch\u1ee9ng nh\u1eadn c\u1ee5 th\u1ec3 theo t\u1eebng qu\u1ed1c gia).<\/p>\n<\/li>\n<li>\n<p style=\"text-align: justify;\"><b>\u1ee8ng d\u1ee5ng chung<\/b>: L\u00e0m k\u00edn c\u00e1c m\u1ed1i l\u1eafp ren tr\u00ean c\u00e1c thi\u1ebft b\u1ecb, m\u00e1y b\u01a1m v\u00e0 van.<\/p>\n<\/li>\n<\/ul>\n<p style=\"text-align: justify;\"><b>Th\u00f4ng tin truy c\u1eadp<\/b><\/p>\n<p style=\"text-align: justify;\"><a href=\"https:\/\/www.loctiteproducts.com\/\" target=\"_blank\">T\u00ecm hi\u1ec3u th\u00eam t\u00e0i li\u1ec7u s\u1ea3n ph\u1ea9m LOCTITE<\/a><\/p>\n<p style=\"text-align: justify;\"><u><a href=\"https:\/\/suncompany.vn\">T\u00ecm hi\u1ec3u th\u00eam v\u1ec1 c\u00e1c d\u00f2ng s\u1ea3n ph\u1ea9m kh\u00e1c\u00a0c\u1ee7a SUN COMPANY<\/a><\/u><\/p>\n<h3 style=\"text-align: justify;\"><\/h3>\n<p style=\"text-align: justify;\">L\u00e0 nh\u00e0 ph\u00e2n ph\u1ed1i c\u00e1c s\u1ea3n ph\u1ea9m keo, m\u1ee1 b\u00f4i tr\u01a1n, b\u00ecnh x\u1ecbt v\u00e0 v\u1eadt t\u01b0 c\u00f4ng nghi\u1ec7p c\u1ee7a <strong>LOCTITE<\/strong>\u00a0 t\u1ea1i th\u1ecb tr\u01b0\u1eddng Vi\u1ec7t Nam v\u1edbi c\u00e1c \u1ee9ng d\u1ee5ng trong vi\u1ec7c b\u1ea3o tr\u00ec b\u1ea3o d\u01b0\u1ee1ng m\u00e1y m\u00f3c v\u00e0 thi\u1ebft b\u1ecb c\u00f4ng nghi\u1ec7p.<\/p>\n<p style=\"text-align: justify;\">B\u1eb1ng c\u00e1ch cung c\u1ea5p cho kh\u00e1ch h\u00e0ng c\u00e1c s\u1ea3n ph\u1ea9m t\u1ed1t v\u00e0 ch\u1ea5t l\u01b0\u1ee3ng \u0111\u01b0\u1ee3c s\u1ea3n xu\u1ea5t v\u00e0 gi\u00e1m s\u00e1t ch\u1eb7t ch\u1ebd b\u1edfi h\u1ec7 th\u1ed1ng qu\u1ea3n l\u00fd chuy\u00ean nghi\u1ec7p,\u00a0<a href=\"http:\/\/https\/suncompany.vn\"><b>SUNCOMPANY<\/b>\u00a0<\/a>t\u1ef1 h\u00e0o \u0111\u00e3 \u0111\u00f3ng g\u00f3p v\u00e0o cu\u1ed9c s\u1ed1ng con ng\u01b0\u1eddi c\u0169ng nh\u01b0 s\u1ef1 ph\u00e1t tri\u1ec3n tr\u00ean th\u1ecb tr\u01b0\u1eddng c\u00f4ng nghi\u1ec7p t\u1ea1i Vi\u1ec7t Nam.<\/p>\n<p style=\"text-align: justify;\"><strong>Th\u00f4ng tin li\u00ean h\u1ec7\u00a0<\/strong><\/p>\n<p style=\"text-align: justify;\"><strong>C\u00d4NG TY TNHH TH\u01af\u01a0NG M\u1ea0I D\u1ecaCH V\u1ee4 SUN COMMERCIAL \u2013 SUN COMMERCIAL SERVICE TRADING CO., LTD<\/strong><\/p>\n<p style=\"text-align: justify;\">\u2013 M\u00e3 s\u1ed1 thu\u1ebf: 0316694604<\/p>\n<p style=\"text-align: justify;\">\u2013 S\u0110T: 090 666 5927\u00a0<\/p>\n<p style=\"text-align: justify;\">\u2013 \u0110\u1ecba ch\u1ec9: 118\/8 Hu\u1ef3nh Thi\u1ec7n L\u1ed9c, Ph\u01b0\u1eddng Ho\u00e0 Th\u1ea1nh, Qu\u1eadn T\u00e2n Ph\u00fa, TP. H\u1ed3 Ch\u00ed Minh<\/p>\n<\/p><\/div>\n","protected":false},"excerpt":{"rendered":"<p><strong>T\u00ean sa\u0309n ph\u00e2\u0309m:<\/strong>\u00a0Keo Loctite 55 &#8211; 50ml<br \/>\n<strong>T\u00ecnh tr\u1ea1ng:<\/strong>\u00a0Li\u00ean h\u1ec7 S\u0110T 090 666 5927\u00a0<br \/>\n<strong>Kho:<\/strong>\u00a0H\u1ed3 Ch\u00ed Minh.<br \/>\n<strong>Li\u00ean h\u1ec7:<\/strong>\u00a0090.666.5927 (24\/7)<br \/>\n<strong>Giao h\u00e0ng:<\/strong>\u00a0Trong ng\u00e0y<\/p>\n","protected":false},"featured_media":4881,"comment_status":"closed","ping_status":"closed","template":"","meta":[],"product_brand":[],"product_cat":[141],"product_tag":[],"class_list":{"0":"post-4880","1":"product","2":"type-product","3":"status-publish","4":"has-post-thumbnail","6":"product_cat-loctite","8":"first","9":"instock","10":"shipping-taxable","11":"product-type-simple"},"_links":{"self":[{"href":"https:\/\/yenhung.com\/index.php?rest_route=\/wp\/v2\/product\/4880","targetHints":{"allow":["GET"]}}],"collection":[{"href":"https:\/\/yenhung.com\/index.php?rest_route=\/wp\/v2\/product"}],"about":[{"href":"https:\/\/yenhung.com\/index.php?rest_route=\/wp\/v2\/types\/product"}],"replies":[{"embeddable":true,"href":"https:\/\/yenhung.com\/index.php?rest_route=%2Fwp%2Fv2%2Fcomments&post=4880"}],"wp:featuredmedia":[{"embeddable":true,"href":"https:\/\/yenhung.com\/index.php?rest_route=\/wp\/v2\/media\/4881"}],"wp:attachment":[{"href":"https:\/\/yenhung.com\/index.php?rest_route=%2Fwp%2Fv2%2Fmedia&parent=4880"}],"wp:term":[{"taxonomy":"product_brand","embeddable":true,"href":"https:\/\/yenhung.com\/index.php?rest_route=%2Fwp%2Fv2%2Fproduct_brand&post=4880"},{"taxonomy":"product_cat","embeddable":true,"href":"https:\/\/yenhung.com\/index.php?rest_route=%2Fwp%2Fv2%2Fproduct_cat&post=4880"},{"taxonomy":"product_tag","embeddable":true,"href":"https:\/\/yenhung.com\/index.php?rest_route=%2Fwp%2Fv2%2Fproduct_tag&post=4880"}],"curies":[{"name":"wp","href":"https:\/\/api.w.org\/{rel}","templated":true}]}}