{"id":4888,"date":"2025-10-28T02:15:44","date_gmt":"2025-10-28T02:15:44","guid":{"rendered":"https:\/\/yenhung.com\/?product=keo-loctite-790-400ml"},"modified":"2025-10-28T02:15:46","modified_gmt":"2025-10-28T02:15:46","slug":"keo-loctite-790-400ml","status":"publish","type":"product","link":"https:\/\/yenhung.com\/?product=keo-loctite-790-400ml","title":{"rendered":"Keo Loctite 790 &#8211; 400ml"},"content":{"rendered":"<\/p>\n<div class=\"ba-text-fpt\">\n<p style=\"text-align: justify;\">\u00a0<\/p>\n<h2 style=\"text-align: justify;\"><strong>T\u1ed5ng quan v\u1ec1 Keo Loctite 790 &#8211; 400ml<\/strong><\/h2>\n<p style=\"text-align: justify;\">\u00a0<\/p>\n<p style=\"text-align: justify;\"><b>LOCTITE 790<\/b> l\u00e0 m\u1ed9t lo\u1ea1i dung d\u1ecbch t\u1ea9y r\u1eeda v\u00e0 l\u00e0m s\u1ea1ch b\u1ec1 m\u1eb7t chuy\u00ean d\u1ee5ng, \u0111\u00f3ng g\u00f3i d\u01b0\u1edbi d\u1ea1ng chai <b>x\u1ecbt aerosol 400ml<\/b>. M\u1eb7c d\u00f9 b\u1ea1n g\u1ecdi l\u00e0 &#8220;Keo Loctite&#8221;, s\u1ea3n ph\u1ea9m n\u00e0y th\u1ef1c ch\u1ea5t l\u00e0 m\u1ed9t <b>ch\u1ea5t t\u1ea9y r\u1eeda<\/b> (remover) \u0111\u01b0\u1ee3c thi\u1ebft k\u1ebf \u0111\u1eb7c bi\u1ec7t \u0111\u1ec3 <b>lo\u1ea1i b\u1ecf c\u00e1c l\u1edbp keo, gio\u0103ng v\u00e0 ch\u1ea5t l\u00e0m k\u00edn \u0111\u00e3 \u0111\u00f3ng r\u1eafn<\/b> tr\u00ean c\u00e1c m\u1eb7t b\u00edch, b\u1ed9 ph\u1eadn kim lo\u1ea1i v\u00e0 c\u00e1c m\u1ed1i n\u1ed1i.<\/p>\n<p style=\"text-align: justify;\">S\u1ea3n ph\u1ea9m n\u00e0y gi\u00fap c\u00f4ng vi\u1ec7c b\u1ea3o tr\u00ec v\u00e0 l\u00e0m s\u1ea1ch tr\u1edf n\u00ean d\u1ec5 d\u00e0ng h\u01a1n nhi\u1ec1u, \u0111\u1eb7c bi\u1ec7t khi c\u1ea7n lo\u1ea1i b\u1ecf c\u00e1c h\u00f3a ch\u1ea5t ch\u1ecbu nhi\u1ec7t v\u00e0 h\u00f3a ch\u1ea5t c\u00f3 c\u01b0\u1eddng \u0111\u1ed9 cao c\u1ee7a Loctite.<\/p>\n<p style=\"text-align: justify;\">\u00a0<\/p>\n<h2 style=\"text-align: justify;\"><strong>\u0110\u1eb7c \u0111i\u1ec3m v\u00e0 \u01afu \u0111i\u1ec3m n\u1ed5i b\u1eadt\u00a0Keo Loctite 790 &#8211; 400ml<\/strong><\/h2>\n<p style=\"text-align: center;\"><img decoding=\"async\" alt=\"Keo Loctite 790 - 400ml\" data-thumb=\"grande\" original-height=\"388\" original-width=\"282\" src=\"https:\/\/yenhung.com\/wp-content\/uploads\/2025\/10\/keo-loctite-790-400ml-3.png\" title=\"keo-loctite-790-400ml-3\"><\/p>\n<ul>\n<li>\n<p style=\"text-align: justify;\"><b>Kh\u1ea3 n\u0103ng t\u1ea9y r\u1eeda m\u1ea1nh m\u1ebd<\/b>: C\u00f4ng th\u1ee9c \u0111\u1eb7c bi\u1ec7t c\u00f3 th\u1ec3 h\u00f2a tan v\u00e0 lo\u1ea1i b\u1ecf hi\u1ec7u qu\u1ea3 c\u00e1c lo\u1ea1i keo \u0111\u00e3 \u0111\u00f3ng r\u1eafn, bao g\u1ed3m <b>keo gio\u0103ng RTV Silicone, keo l\u00e0m k\u00edn m\u1eb7t b\u00edch Anaerobic<\/b> v\u00e0 c\u00e1c lo\u1ea1i keo k\u1ebft c\u1ea5u kh\u00e1c.<\/p>\n<\/li>\n<li>\n<p style=\"text-align: justify;\"><b>Ti\u1ebft ki\u1ec7m th\u1eddi gian<\/b>: T\u00e1c \u0111\u1ed9ng nhanh ch\u00f3ng, gi\u00fap l\u00e0m m\u1ec1m c\u00e1c l\u1edbp keo c\u1ee9ng \u0111\u1ea7u, gi\u1ea3m thi\u1ec3u \u0111\u00e1ng k\u1ec3 th\u1eddi gian v\u00e0 c\u00f4ng s\u1ee9c c\u1ea1o, ch\u00e0 nh\u00e1m th\u1ee7 c\u00f4ng.<\/p>\n<\/li>\n<li>\n<p style=\"text-align: justify;\"><b>An to\u00e0n cho kim lo\u1ea1i<\/b>: LOCTITE 790 an to\u00e0n khi s\u1eed d\u1ee5ng tr\u00ean c\u00e1c b\u1ec1 m\u1eb7t kim lo\u1ea1i m\u00e0 kh\u00f4ng g\u00e2y \u0103n m\u00f2n, h\u01b0 h\u1ea1i hay \u0111\u1ec3 l\u1ea1i c\u1eb7n b\u1ea9n sau khi l\u00e0m s\u1ea1ch.<\/p>\n<\/li>\n<li>\n<p style=\"text-align: justify;\"><b>D\u1ea1ng x\u1ecbt ti\u1ec7n l\u1ee3i (400ml)<\/b>: Chai x\u1ecbt \u00e1p su\u1ea5t cao cho ph\u00e9p dung d\u1ecbch th\u1ea9m th\u1ea5u s\u00e2u v\u00e0o c\u00e1c khe h\u1edf v\u00e0 c\u00e1c khu v\u1ef1c kh\u00f3 ti\u1ebfp c\u1eadn tr\u00ean m\u1eb7t b\u00edch v\u00e0 chi ti\u1ebft m\u00e1y.<\/p>\n<\/li>\n<li>\n<p style=\"text-align: justify;\"><b>Chu\u1ea9n b\u1ecb b\u1ec1 m\u1eb7t<\/b>: Vi\u1ec7c lo\u1ea1i b\u1ecf ho\u00e0n to\u00e0n keo c\u0169 l\u00e0 b\u01b0\u1edbc quan tr\u1ecdng \u0111\u1ec3 \u0111\u1ea3m b\u1ea3o keo\/gio\u0103ng m\u1edbi c\u00f3 th\u1ec3 b\u00e1m d\u00ednh v\u00e0 l\u00e0m k\u00edn v\u1edbi hi\u1ec7u su\u1ea5t t\u1ed1i \u0111a.<\/p>\n<\/li>\n<\/ul>\n<p style=\"text-align: justify;\">\u00a0<\/p>\n<h2 style=\"text-align: justify;\"><strong>\u1ee8ng d\u1ee5ng ti\u00eau bi\u1ec3u\u00a0Keo Loctite 790 &#8211; 400ml<\/strong><\/h2>\n<p style=\"text-align: center;\"><img decoding=\"async\" alt=\"Keo Loctite 790 - 400ml\" data-thumb=\"grande\" original-height=\"400\" original-width=\"298\" src=\"https:\/\/yenhung.com\/wp-content\/uploads\/2025\/10\/keo-loctite-790-400ml-1-2.png\" title=\"keo-loctite-790-400ml-1-2\"><\/p>\n<ul>\n<li>\n<p style=\"text-align: justify;\"><b>B\u1ea3o tr\u00ec \u0111\u1ed9ng c\u01a1<\/b>: L\u00e0m s\u1ea1ch c\u00e1c m\u1eb7t b\u00edch c\u1ee7a ch\u1ea3o d\u1ea7u, n\u1eafp van, b\u01a1m n\u01b0\u1edbc v\u00e0 c\u00e1c b\u1ed9 ph\u1eadn \u0111\u1ed9ng c\u01a1 kh\u00e1c tr\u01b0\u1edbc khi l\u1eafp \u0111\u1eb7t gio\u0103ng m\u1edbi.<\/p>\n<\/li>\n<li>\n<p style=\"text-align: justify;\"><b>C\u00f4ng nghi\u1ec7p n\u1eb7ng<\/b>: Lo\u1ea1i b\u1ecf keo l\u00e0m k\u00edn c\u0169 tr\u00ean c\u00e1c h\u1ed9p s\u1ed1, m\u00e1y b\u01a1m, m\u00e1y n\u00e9n kh\u00ed trong qu\u00e1 tr\u00ecnh b\u1ea3o tr\u00ec v\u00e0 \u0111\u1ea1i tu.<\/p>\n<\/li>\n<li>\n<p style=\"text-align: justify;\"><b>S\u1eeda ch\u1eefa chung (MRO)<\/b>: T\u1ea9y keo v\u00e0 c\u00e1c ch\u1ea5t l\u00e0m k\u00edn tr\u00ean b\u1ea5t k\u1ef3 b\u1ed9 ph\u1eadn n\u00e0o tr\u01b0\u1edbc khi d\u00e1n keo ho\u1eb7c thay th\u1ebf chi ti\u1ebft.<\/p>\n<\/li>\n<\/ul>\n<p style=\"text-align: justify;\">\u00a0<\/p>\n<h2 style=\"text-align: justify;\"><strong>Th\u00f4ng s\u1ed1 k\u1ef9 thu\u1eadt c\u01a1 b\u1ea3n\u00a0Keo Loctite 790 &#8211; 400ml<\/strong><\/h2>\n<p style=\"text-align: center;\"><img decoding=\"async\" alt=\"Keo Loctite 790 - 400ml\" data-thumb=\"grande\" original-height=\"520\" original-width=\"325\" src=\"https:\/\/yenhung.com\/wp-content\/uploads\/2025\/10\/keo-loctite-790-400ml-2-1.png\" title=\"keo-loctite-790-400ml-2-1\"><\/p>\n<table class=\"MsoTableGridLight\" style=\"border-collapse:collapse; border:solid #bfbfbf 1.0pt\">\n<tbody>\n<tr>\n<td style=\"border:solid #bfbfbf 1.0pt; padding:0cm 5.4pt 0cm 5.4pt\" valign=\"top\">\n<p style=\"text-align: justify;\"><strong><span style=\"font-size:11pt\"><span style=\"line-height:normal\"><span style=\"font-family:Calibri,sans-serif\"><span style=\"font-size:12.0pt\"><span style='font-family:\"Times New Roman\",serif'><span style=\"color:#1b1c1d\">T\u00ean th\u00f4ng s\u1ed1<\/span><\/span><\/span><\/span><\/span><\/span><\/strong><\/p>\n<\/td>\n<td style=\"border:solid #bfbfbf 1.0pt; border-left:none; padding:0cm 5.4pt 0cm 5.4pt\" valign=\"top\">\n<p style=\"text-align: justify;\"><strong><span style=\"font-size:11pt\"><span style=\"line-height:normal\"><span style=\"font-family:Calibri,sans-serif\"><span style=\"font-size:12.0pt\"><span style='font-family:\"Times New Roman\",serif'><span style=\"color:#1b1c1d\">Chi ti\u1ebft<\/span><\/span><\/span><\/span><\/span><\/span><\/strong><\/p>\n<\/td>\n<\/tr>\n<tr>\n<td style=\"border:solid #bfbfbf 1.0pt; border-top:none; padding:0cm 5.4pt 0cm 5.4pt\" valign=\"top\">\n<p style=\"text-align: justify;\"><span style=\"font-size:11pt\"><span style=\"line-height:normal\"><span style=\"font-family:Calibri,sans-serif\"><b><span style=\"border:none windowtext 1.0pt; font-size:12.0pt; padding:0cm\"><span style='font-family:\"Times New Roman\",serif'><span style=\"color:#1b1c1d\">M\u00e3 s\u1ea3n ph\u1ea9m<\/span><\/span><\/span><\/b><\/span><\/span><\/span><\/p>\n<\/td>\n<td style=\"border-bottom:solid #bfbfbf 1.0pt; border-top:none; border-left:none; border-right:solid #bfbfbf 1.0pt; padding:0cm 5.4pt 0cm 5.4pt\" valign=\"top\">\n<p style=\"text-align: justify;\"><span style=\"font-size:11pt\"><span style=\"line-height:normal\"><span style=\"font-family:Calibri,sans-serif\"><span style=\"font-size:12.0pt\"><span style='font-family:\"Times New Roman\",serif'><span style=\"color:#1b1c1d\">LOCTITE 790<\/span><\/span><\/span><\/span><\/span><\/span><\/p>\n<\/td>\n<\/tr>\n<tr>\n<td style=\"border:solid #bfbfbf 1.0pt; border-top:none; padding:0cm 5.4pt 0cm 5.4pt\" valign=\"top\">\n<p style=\"text-align: justify;\"><span style=\"font-size:11pt\"><span style=\"line-height:normal\"><span style=\"font-family:Calibri,sans-serif\"><b><span style=\"border:none windowtext 1.0pt; font-size:12.0pt; padding:0cm\"><span style='font-family:\"Times New Roman\",serif'><span style=\"color:#1b1c1d\">Lo\u1ea1i s\u1ea3n ph\u1ea9m<\/span><\/span><\/span><\/b><\/span><\/span><\/span><\/p>\n<\/td>\n<td style=\"border-bottom:solid #bfbfbf 1.0pt; border-top:none; border-left:none; border-right:solid #bfbfbf 1.0pt; padding:0cm 5.4pt 0cm 5.4pt\" valign=\"top\">\n<p style=\"text-align: justify;\"><span style=\"font-size:11pt\"><span style=\"line-height:normal\"><span style=\"font-family:Calibri,sans-serif\"><span style=\"font-size:12.0pt\"><span style='font-family:\"Times New Roman\",serif'><span style=\"color:#1b1c1d\">Ch\u1ea5t t\u1ea9y keo v\u00e0 l\u00e0m s\u1ea1ch b\u1ec1 m\u1eb7t (Gasket\/Adhesive Remover)<\/span><\/span><\/span><\/span><\/span><\/span><\/p>\n<\/td>\n<\/tr>\n<tr>\n<td style=\"border:solid #bfbfbf 1.0pt; border-top:none; padding:0cm 5.4pt 0cm 5.4pt\" valign=\"top\">\n<p style=\"text-align: justify;\"><span style=\"font-size:11pt\"><span style=\"line-height:normal\"><span style=\"font-family:Calibri,sans-serif\"><b><span style=\"border:none windowtext 1.0pt; font-size:12.0pt; padding:0cm\"><span style='font-family:\"Times New Roman\",serif'><span style=\"color:#1b1c1d\">D\u1ea1ng s\u1ea3n ph\u1ea9m<\/span><\/span><\/span><\/b><\/span><\/span><\/span><\/p>\n<\/td>\n<td style=\"border-bottom:solid #bfbfbf 1.0pt; border-top:none; border-left:none; border-right:solid #bfbfbf 1.0pt; padding:0cm 5.4pt 0cm 5.4pt\" valign=\"top\">\n<p style=\"text-align: justify;\"><span style=\"font-size:11pt\"><span style=\"line-height:normal\"><span style=\"font-family:Calibri,sans-serif\"><span style=\"font-size:12.0pt\"><span style='font-family:\"Times New Roman\",serif'><span style=\"color:#1b1c1d\">X\u1ecbt aerosol<\/span><\/span><\/span><\/span><\/span><\/span><\/p>\n<\/td>\n<\/tr>\n<tr>\n<td style=\"border:solid #bfbfbf 1.0pt; border-top:none; padding:0cm 5.4pt 0cm 5.4pt\" valign=\"top\">\n<p style=\"text-align: justify;\"><span style=\"font-size:11pt\"><span style=\"line-height:normal\"><span style=\"font-family:Calibri,sans-serif\"><b><span style=\"border:none windowtext 1.0pt; font-size:12.0pt; padding:0cm\"><span style='font-family:\"Times New Roman\",serif'><span style=\"color:#1b1c1d\">M\u00e0u s\u1eafc<\/span><\/span><\/span><\/b><\/span><\/span><\/span><\/p>\n<\/td>\n<td style=\"border-bottom:solid #bfbfbf 1.0pt; border-top:none; border-left:none; border-right:solid #bfbfbf 1.0pt; padding:0cm 5.4pt 0cm 5.4pt\" valign=\"top\">\n<p style=\"text-align: justify;\"><span style=\"font-size:11pt\"><span style=\"line-height:normal\"><span style=\"font-family:Calibri,sans-serif\"><span style=\"font-size:12.0pt\"><span style='font-family:\"Times New Roman\",serif'><span style=\"color:#1b1c1d\">Trong su\u1ed1t \/ H\u1ed5 ph\u00e1ch nh\u1ea1t<\/span><\/span><\/span><\/span><\/span><\/span><\/p>\n<\/td>\n<\/tr>\n<tr>\n<td style=\"border:solid #bfbfbf 1.0pt; border-top:none; padding:0cm 5.4pt 0cm 5.4pt\" valign=\"top\">\n<p style=\"text-align: justify;\"><span style=\"font-size:11pt\"><span style=\"line-height:normal\"><span style=\"font-family:Calibri,sans-serif\"><b><span style=\"border:none windowtext 1.0pt; font-size:12.0pt; padding:0cm\"><span style='font-family:\"Times New Roman\",serif'><span style=\"color:#1b1c1d\">Quy c\u00e1ch \u0111\u00f3ng g\u00f3i<\/span><\/span><\/span><\/b><\/span><\/span><\/span><\/p>\n<\/td>\n<td style=\"border-bottom:solid #bfbfbf 1.0pt; border-top:none; border-left:none; border-right:solid #bfbfbf 1.0pt; padding:0cm 5.4pt 0cm 5.4pt\" valign=\"top\">\n<p style=\"text-align: justify;\"><span style=\"font-size:11pt\"><span style=\"line-height:normal\"><span style=\"font-family:Calibri,sans-serif\"><span style=\"font-size:12.0pt\"><span style='font-family:\"Times New Roman\",serif'><span style=\"color:#1b1c1d\">Chai x\u1ecbt <span style=\"border:none windowtext 1.0pt; padding:0cm\">400 ml<\/span><\/span><\/span><\/span><\/span><\/span><\/span><\/p>\n<\/td>\n<\/tr>\n<\/tbody>\n<\/table>\n<p style=\"text-align: justify;\">\u00a0<\/p>\n<p style=\"text-align: justify;\"><b>Th\u00f4ng tin truy c\u1eadp<\/b><\/p>\n<p style=\"text-align: justify;\"><a href=\"https:\/\/www.loctiteproducts.com\/\" target=\"_blank\">T\u00ecm hi\u1ec3u th\u00eam t\u00e0i li\u1ec7u s\u1ea3n ph\u1ea9m LOCTITE<\/a><\/p>\n<p style=\"text-align: justify;\"><u><a href=\"https:\/\/suncompany.vn\">T\u00ecm hi\u1ec3u th\u00eam v\u1ec1 c\u00e1c d\u00f2ng s\u1ea3n ph\u1ea9m kh\u00e1c\u00a0c\u1ee7a SUN COMPANY<\/a><\/u><\/p>\n<h3 style=\"text-align: justify;\"><\/h3>\n<p style=\"text-align: justify;\">L\u00e0 nh\u00e0 ph\u00e2n ph\u1ed1i c\u00e1c s\u1ea3n ph\u1ea9m keo, m\u1ee1 b\u00f4i tr\u01a1n, b\u00ecnh x\u1ecbt v\u00e0 v\u1eadt t\u01b0 c\u00f4ng nghi\u1ec7p c\u1ee7a <strong>LOCTITE<\/strong>\u00a0 t\u1ea1i th\u1ecb tr\u01b0\u1eddng Vi\u1ec7t Nam v\u1edbi c\u00e1c \u1ee9ng d\u1ee5ng trong vi\u1ec7c b\u1ea3o tr\u00ec b\u1ea3o d\u01b0\u1ee1ng m\u00e1y m\u00f3c v\u00e0 thi\u1ebft b\u1ecb c\u00f4ng nghi\u1ec7p.<\/p>\n<p style=\"text-align: justify;\">B\u1eb1ng c\u00e1ch cung c\u1ea5p cho kh\u00e1ch h\u00e0ng c\u00e1c s\u1ea3n ph\u1ea9m t\u1ed1t v\u00e0 ch\u1ea5t l\u01b0\u1ee3ng \u0111\u01b0\u1ee3c s\u1ea3n xu\u1ea5t v\u00e0 gi\u00e1m s\u00e1t ch\u1eb7t ch\u1ebd b\u1edfi h\u1ec7 th\u1ed1ng qu\u1ea3n l\u00fd chuy\u00ean nghi\u1ec7p,\u00a0<a href=\"http:\/\/https\/suncompany.vn\"><b>SUNCOMPANY<\/b>\u00a0<\/a>t\u1ef1 h\u00e0o \u0111\u00e3 \u0111\u00f3ng g\u00f3p v\u00e0o cu\u1ed9c s\u1ed1ng con ng\u01b0\u1eddi c\u0169ng nh\u01b0 s\u1ef1 ph\u00e1t tri\u1ec3n tr\u00ean th\u1ecb tr\u01b0\u1eddng c\u00f4ng nghi\u1ec7p t\u1ea1i Vi\u1ec7t Nam.<\/p>\n<p style=\"text-align: justify;\"><strong>Th\u00f4ng tin li\u00ean h\u1ec7\u00a0<\/strong><\/p>\n<p style=\"text-align: justify;\"><strong>C\u00d4NG TY TNHH TH\u01af\u01a0NG M\u1ea0I D\u1ecaCH V\u1ee4 SUN COMMERCIAL \u2013 SUN COMMERCIAL SERVICE TRADING CO., LTD<\/strong><\/p>\n<p style=\"text-align: justify;\">\u2013 M\u00e3 s\u1ed1 thu\u1ebf: 0316694604<\/p>\n<p style=\"text-align: justify;\">\u2013 S\u0110T: 090 666 5927\u00a0<\/p>\n<p style=\"text-align: justify;\">\u2013 \u0110\u1ecba ch\u1ec9: 118\/8 Hu\u1ef3nh Thi\u1ec7n L\u1ed9c, Ph\u01b0\u1eddng Ho\u00e0 Th\u1ea1nh, Qu\u1eadn T\u00e2n Ph\u00fa, TP. H\u1ed3 Ch\u00ed Minh<\/p>\n<\/p><\/div>\n","protected":false},"excerpt":{"rendered":"<p><strong>T\u00ean sa\u0309n ph\u00e2\u0309m:\u00a0<\/strong>Keo Loctite 790 &#8211; 400ml<br \/>\n<strong>T\u00ecnh tr\u1ea1ng:<\/strong>\u00a0Li\u00ean h\u1ec7 S\u0110T 090 666 5927\u00a0<br \/>\n<strong>Kho:<\/strong>\u00a0H\u1ed3 Ch\u00ed Minh.<br \/>\n<strong>Li\u00ean h\u1ec7:<\/strong>\u00a0090.666.5927 (24\/7)<br \/>\n<strong>Giao h\u00e0ng:<\/strong>\u00a0Trong ng\u00e0y<\/p>\n","protected":false},"featured_media":4889,"comment_status":"closed","ping_status":"closed","template":"","meta":[],"product_brand":[],"product_cat":[141],"product_tag":[],"class_list":{"0":"post-4888","1":"product","2":"type-product","3":"status-publish","4":"has-post-thumbnail","6":"product_cat-loctite","8":"first","9":"instock","10":"shipping-taxable","11":"product-type-simple"},"_links":{"self":[{"href":"https:\/\/yenhung.com\/index.php?rest_route=\/wp\/v2\/product\/4888","targetHints":{"allow":["GET"]}}],"collection":[{"href":"https:\/\/yenhung.com\/index.php?rest_route=\/wp\/v2\/product"}],"about":[{"href":"https:\/\/yenhung.com\/index.php?rest_route=\/wp\/v2\/types\/product"}],"replies":[{"embeddable":true,"href":"https:\/\/yenhung.com\/index.php?rest_route=%2Fwp%2Fv2%2Fcomments&post=4888"}],"wp:featuredmedia":[{"embeddable":true,"href":"https:\/\/yenhung.com\/index.php?rest_route=\/wp\/v2\/media\/4889"}],"wp:attachment":[{"href":"https:\/\/yenhung.com\/index.php?rest_route=%2Fwp%2Fv2%2Fmedia&parent=4888"}],"wp:term":[{"taxonomy":"product_brand","embeddable":true,"href":"https:\/\/yenhung.com\/index.php?rest_route=%2Fwp%2Fv2%2Fproduct_brand&post=4888"},{"taxonomy":"product_cat","embeddable":true,"href":"https:\/\/yenhung.com\/index.php?rest_route=%2Fwp%2Fv2%2Fproduct_cat&post=4888"},{"taxonomy":"product_tag","embeddable":true,"href":"https:\/\/yenhung.com\/index.php?rest_route=%2Fwp%2Fv2%2Fproduct_tag&post=4888"}],"curies":[{"name":"wp","href":"https:\/\/api.w.org\/{rel}","templated":true}]}}