{"id":4911,"date":"2025-10-28T02:16:06","date_gmt":"2025-10-28T02:16:06","guid":{"rendered":"https:\/\/yenhung.com\/?product=keo-loctite-939-xam"},"modified":"2025-10-28T02:16:07","modified_gmt":"2025-10-28T02:16:07","slug":"keo-loctite-939-xam","status":"publish","type":"product","link":"https:\/\/yenhung.com\/?product=keo-loctite-939-xam","title":{"rendered":"Keo Loctite 939 (x\u00e1m)"},"content":{"rendered":"<\/p>\n<div class=\"ba-text-fpt\">\n<h2 style=\"text-align: justify;\"><strong>\u0110\u1eb7c \u0111i\u1ec3m\u00a0 Keo Loctite 939 (x\u00e1m)<\/strong><\/h2>\n<p style=\"text-align: justify;\">Keo <b>EA 939<\/b> (m\u00e0u x\u00e1m) c\u00f3 c\u00e1c \u0111\u1eb7c t\u00ednh c\u01a1 b\u1ea3n t\u01b0\u01a1ng t\u1ef1 phi\u00ean b\u1ea3n m\u00e0u \u0111en, nh\u01b0ng m\u00e0u x\u00e1m th\u01b0\u1eddng \u0111\u01b0\u1ee3c \u01b0u ti\u00ean s\u1eed d\u1ee5ng trong c\u00e1c \u1ee9ng d\u1ee5ng c\u1ea7n ph\u00f9 h\u1ee3p v\u1edbi m\u00e0u kim lo\u1ea1i nh\u01b0 nh\u00f4m ho\u1eb7c c\u00e1c v\u1eadt li\u1ec7u composite c\u00f3 m\u00e0u x\u00e1m\/b\u1ea1c.\u00a0<\/p>\n<h2 style=\"text-align: justify;\">\u00a0<\/h2>\n<h2 style=\"text-align: justify;\"><strong>\u01afu \u0111i\u1ec3m n\u1ed5i b\u1eadt\u00a0Keo Loctite 939 (x\u00e1m)<\/strong><\/h2>\n<p style=\"text-align: center;\"><strong><img decoding=\"async\" alt=\"Keo Loctite 939 (x\u00e1m)\" data-thumb=\"grande\" original-height=\"555\" original-width=\"292\" src=\"https:\/\/yenhung.com\/wp-content\/uploads\/2025\/10\/keo-loctite-939-den-75c67073-62c0-4c8a-84df-6f8719e36933-1.png\" title=\"keo-loctite-939-den-75c67073-62c0-4c8a-84df-6f8719e36933-1\"><\/strong><\/p>\n<ul>\n<li>\n<p style=\"text-align: justify;\"><b>C\u01b0\u1eddng \u0111\u1ed9 k\u1ebft c\u1ea5u c\u1ef1c cao<\/b>: Cung c\u1ea5p \u0111\u1ed9 b\u1ec1n k\u00e9o v\u00e0 \u0111\u1ed9 b\u1ec1n c\u1eaft \u0111\u1eb7c bi\u1ec7t, \u0111\u00e1p \u1ee9ng c\u00e1c ti\u00eau chu\u1ea9n kh\u1eaft khe cho c\u00e1c \u1ee9ng d\u1ee5ng ch\u1ecbu t\u1ea3i tr\u1ecdng l\u1edbn v\u00e0 quan tr\u1ecdng.<\/p>\n<\/li>\n<li>\n<p style=\"text-align: justify;\"><b>Kh\u1ea3 n\u0103ng ch\u1ecbu nhi\u1ec7t v\u01b0\u1ee3t tr\u1ed9i<\/b>: Duy tr\u00ec c\u01b0\u1eddng \u0111\u1ed9 k\u1ebft d\u00ednh tuy\u1ec7t v\u1eddi ngay c\u1ea3 khi ho\u1ea1t \u0111\u1ed9ng \u1edf nhi\u1ec7t \u0111\u1ed9 cao (th\u01b0\u1eddng l\u00ean t\u1edbi <b>177\u00b0C<\/b> ho\u1eb7c h\u01a1n).<\/p>\n<\/li>\n<li>\n<p style=\"text-align: justify;\"><b>M\u00e0u x\u00e1m (Grey Color)<\/b>: Gi\u00fap m\u1ed1i d\u00e1n h\u00f2a h\u1ee3p v\u00e0 th\u1ea9m m\u1ef9 h\u01a1n khi d\u00e1n c\u00e1c chi ti\u1ebft kim lo\u1ea1i c\u00f3 m\u00e0u b\u1ea1c, x\u00e1m ho\u1eb7c nh\u00f4m.<\/p>\n<\/li>\n<li>\n<p style=\"text-align: justify;\"><b>Th\u1eddi gian l\u00e0m vi\u1ec7c d\u00e0i (Long Pot Life)<\/b>: Keo th\u01b0\u1eddng c\u00f3 th\u1eddi gian l\u00e0m vi\u1ec7c t\u01b0\u01a1ng \u0111\u1ed1i d\u00e0i (kho\u1ea3ng 90 ph\u00fat), r\u1ea5t l\u00fd t\u01b0\u1edfng cho c\u00e1c quy tr\u00ecnh l\u1eafp r\u00e1p l\u1edbn, ph\u1ee9c t\u1ea1p ho\u1eb7c c\u1ea7n \u0111\u1ecbnh v\u1ecb chi ti\u1ebft ch\u00ednh x\u00e1c.<\/p>\n<\/li>\n<li>\n<p style=\"text-align: justify;\"><b>D\u00e1n \u0111a n\u0103ng<\/b>: K\u1ebft d\u00ednh kim lo\u1ea1i, v\u1eadt li\u1ec7u composite (s\u1ee3i carbon, s\u1ee3i th\u1ee7y tinh), g\u1ed1m s\u1ee9 v\u00e0 c\u00e1c v\u1eadt li\u1ec7u k\u1ef9 thu\u1eadt kh\u00e1c.<\/p>\n<\/li>\n<\/ul>\n<h2 style=\"text-align: justify;\">\u00a0<\/h2>\n<h2 style=\"text-align: justify;\"><strong>Th\u00f4ng s\u1ed1 k\u1ef9 thu\u1eadt c\u01a1 b\u1ea3n\u00a0Keo Loctite 939 (x\u00e1m)<\/strong><\/h2>\n<p style=\"text-align: center;\"><img decoding=\"async\" alt=\"Keo Loctite 939 (x\u00e1m)\" data-thumb=\"grande\" original-height=\"311\" original-width=\"215\" src=\"https:\/\/yenhung.com\/wp-content\/uploads\/2025\/10\/keo-loctite-939-den-2-e3f5a8ba-5b92-4c9c-9243-945c8aa9f9bf-1.png\" title=\"keo-loctite-939-den-2-e3f5a8ba-5b92-4c9c-9243-945c8aa9f9bf-1\"><\/p>\n<table class=\"MsoTableGridLight\" style=\"border-collapse:collapse; border:solid #bfbfbf 1.0pt\">\n<tbody>\n<tr>\n<td style=\"border:solid #bfbfbf 1.0pt; padding:0cm 5.4pt 0cm 5.4pt\" valign=\"top\">\n<p style=\"text-align: justify;\"><strong><span style=\"font-size:11pt\"><span style=\"line-height:normal\"><span style=\"font-family:Calibri,sans-serif\"><span style=\"font-size:12.0pt\"><span style='font-family:\"Times New Roman\",serif'><span style=\"color:#1b1c1d\">T\u00ean th\u00f4ng s\u1ed1<\/span><\/span><\/span><\/span><\/span><\/span><\/strong><\/p>\n<\/td>\n<td style=\"border:solid #bfbfbf 1.0pt; border-left:none; padding:0cm 5.4pt 0cm 5.4pt\" valign=\"top\">\n<p style=\"text-align: justify;\"><strong><span style=\"font-size:11pt\"><span style=\"line-height:normal\"><span style=\"font-family:Calibri,sans-serif\"><span style=\"font-size:12.0pt\"><span style='font-family:\"Times New Roman\",serif'><span style=\"color:#1b1c1d\">Chi ti\u1ebft<\/span><\/span><\/span><\/span><\/span><\/span><\/strong><\/p>\n<\/td>\n<\/tr>\n<tr>\n<td style=\"border:solid #bfbfbf 1.0pt; border-top:none; padding:0cm 5.4pt 0cm 5.4pt\" valign=\"top\">\n<p style=\"text-align: justify;\"><span style=\"font-size:11pt\"><span style=\"line-height:normal\"><span style=\"font-family:Calibri,sans-serif\"><b><span style=\"border:none windowtext 1.0pt; font-size:12.0pt; padding:0cm\"><span style='font-family:\"Times New Roman\",serif'><span style=\"color:#1b1c1d\">M\u00e3 s\u1ea3n ph\u1ea9m<\/span><\/span><\/span><\/b><\/span><\/span><\/span><\/p>\n<\/td>\n<td style=\"border-bottom:solid #bfbfbf 1.0pt; border-top:none; border-left:none; border-right:solid #bfbfbf 1.0pt; padding:0cm 5.4pt 0cm 5.4pt\" valign=\"top\">\n<p style=\"text-align: justify;\"><span style=\"font-size:11pt\"><span style=\"line-height:normal\"><span style=\"font-family:Calibri,sans-serif\"><span style=\"font-size:12.0pt\"><span style='font-family:\"Times New Roman\",serif'><span style=\"color:#1b1c1d\">LOCTITE EA 939<\/span><\/span><\/span><\/span><\/span><\/span><\/p>\n<\/td>\n<\/tr>\n<tr>\n<td style=\"border:solid #bfbfbf 1.0pt; border-top:none; padding:0cm 5.4pt 0cm 5.4pt\" valign=\"top\">\n<p style=\"text-align: justify;\"><span style=\"font-size:11pt\"><span style=\"line-height:normal\"><span style=\"font-family:Calibri,sans-serif\"><b><span style=\"border:none windowtext 1.0pt; font-size:12.0pt; padding:0cm\"><span style='font-family:\"Times New Roman\",serif'><span style=\"color:#1b1c1d\">Lo\u1ea1i keo<\/span><\/span><\/span><\/b><\/span><\/span><\/span><\/p>\n<\/td>\n<td style=\"border-bottom:solid #bfbfbf 1.0pt; border-top:none; border-left:none; border-right:solid #bfbfbf 1.0pt; padding:0cm 5.4pt 0cm 5.4pt\" valign=\"top\">\n<p style=\"text-align: justify;\"><span style=\"font-size:11pt\"><span style=\"line-height:normal\"><span style=\"font-family:Calibri,sans-serif\"><span style=\"font-size:12.0pt\"><span style='font-family:\"Times New Roman\",serif'><span style=\"color:#1b1c1d\">Epoxy Hai th\u00e0nh ph\u1ea7n (2K), C\u01b0\u1eddng \u0111\u1ed9 k\u1ebft c\u1ea5u<\/span><\/span><\/span><\/span><\/span><\/span><\/p>\n<\/td>\n<\/tr>\n<tr>\n<td style=\"border:solid #bfbfbf 1.0pt; border-top:none; padding:0cm 5.4pt 0cm 5.4pt\" valign=\"top\">\n<p style=\"text-align: justify;\"><span style=\"font-size:11pt\"><span style=\"line-height:normal\"><span style=\"font-family:Calibri,sans-serif\"><b><span style=\"border:none windowtext 1.0pt; font-size:12.0pt; padding:0cm\"><span style='font-family:\"Times New Roman\",serif'><span style=\"color:#1b1c1d\">M\u00e0u s\u1eafc<\/span><\/span><\/span><\/b><\/span><\/span><\/span><\/p>\n<\/td>\n<td style=\"border-bottom:solid #bfbfbf 1.0pt; border-top:none; border-left:none; border-right:solid #bfbfbf 1.0pt; padding:0cm 5.4pt 0cm 5.4pt\" valign=\"top\">\n<p style=\"text-align: justify;\"><span style=\"font-size:11pt\"><span style=\"line-height:normal\"><span style=\"font-family:Calibri,sans-serif\"><b><span style=\"border:none windowtext 1.0pt; font-size:12.0pt; padding:0cm\"><span style='font-family:\"Times New Roman\",serif'><span style=\"color:#1b1c1d\">X\u00e1m (Grey)<\/span><\/span><\/span><\/b><\/span><\/span><\/span><\/p>\n<\/td>\n<\/tr>\n<tr>\n<td style=\"border:solid #bfbfbf 1.0pt; border-top:none; padding:0cm 5.4pt 0cm 5.4pt\" valign=\"top\">\n<p style=\"text-align: justify;\"><span style=\"font-size:11pt\"><span style=\"line-height:normal\"><span style=\"font-family:Calibri,sans-serif\"><b><span style=\"border:none windowtext 1.0pt; font-size:12.0pt; padding:0cm\"><span style='font-family:\"Times New Roman\",serif'><span style=\"color:#1b1c1d\">T\u1ef7 l\u1ec7 tr\u1ed9n (theo tr\u1ecdng l\u01b0\u1ee3ng)<\/span><\/span><\/span><\/b><\/span><\/span><\/span><\/p>\n<\/td>\n<td style=\"border-bottom:solid #bfbfbf 1.0pt; border-top:none; border-left:none; border-right:solid #bfbfbf 1.0pt; padding:0cm 5.4pt 0cm 5.4pt\" valign=\"top\">\n<p style=\"text-align: justify;\"><span style=\"font-size:11pt\"><span style=\"line-height:normal\"><span style=\"font-family:Calibri,sans-serif\"><span style=\"font-size:12.0pt\"><span style='font-family:\"Times New Roman\",serif'><span style=\"color:#1b1c1d\">Th\u01b0\u1eddng l\u00e0 100:23 (A:B)<\/span><\/span><\/span><\/span><\/span><\/span><\/p>\n<\/td>\n<\/tr>\n<tr>\n<td style=\"border:solid #bfbfbf 1.0pt; border-top:none; padding:0cm 5.4pt 0cm 5.4pt\" valign=\"top\">\n<p style=\"text-align: justify;\"><span style=\"font-size:11pt\"><span style=\"line-height:normal\"><span style=\"font-family:Calibri,sans-serif\"><b><span style=\"border:none windowtext 1.0pt; font-size:12.0pt; padding:0cm\"><span style='font-family:\"Times New Roman\",serif'><span style=\"color:#1b1c1d\">Th\u1eddi gian l\u00e0m vi\u1ec7c (Pot Life)<\/span><\/span><\/span><\/b><\/span><\/span><\/span><\/p>\n<\/td>\n<td style=\"border-bottom:solid #bfbfbf 1.0pt; border-top:none; border-left:none; border-right:solid #bfbfbf 1.0pt; padding:0cm 5.4pt 0cm 5.4pt\" valign=\"top\">\n<p style=\"text-align: justify;\"><span style=\"font-size:11pt\"><span style=\"line-height:normal\"><span style=\"font-family:Calibri,sans-serif\"><span style=\"font-size:12.0pt\"><span style='font-family:\"Times New Roman\",serif'><span style=\"color:#1b1c1d\">Kho\u1ea3ng 90 &#8211; 120 ph\u00fat (t\u1ea1i 25\u00b0C)<\/span><\/span><\/span><\/span><\/span><\/span><\/p>\n<\/td>\n<\/tr>\n<tr>\n<td style=\"border:solid #bfbfbf 1.0pt; border-top:none; padding:0cm 5.4pt 0cm 5.4pt\" valign=\"top\">\n<p style=\"text-align: justify;\"><span style=\"font-size:11pt\"><span style=\"line-height:normal\"><span style=\"font-family:Calibri,sans-serif\"><b><span style=\"border:none windowtext 1.0pt; font-size:12.0pt; padding:0cm\"><span style='font-family:\"Times New Roman\",serif'><span style=\"color:#1b1c1d\">Ph\u1ea1m vi nhi\u1ec7t \u0111\u1ed9 ho\u1ea1t \u0111\u1ed9ng<\/span><\/span><\/span><\/b><\/span><\/span><\/span><\/p>\n<\/td>\n<td style=\"border-bottom:solid #bfbfbf 1.0pt; border-top:none; border-left:none; border-right:solid #bfbfbf 1.0pt; padding:0cm 5.4pt 0cm 5.4pt\" valign=\"top\">\n<p style=\"text-align: justify;\"><span style=\"font-size:11pt\"><span style=\"line-height:normal\"><span style=\"font-family:Calibri,sans-serif\"><span style=\"font-size:12.0pt\"><span style='font-family:\"Times New Roman\",serif'><span style=\"color:#1b1c1d\">Th\u01b0\u1eddng t\u1eeb -55\u00b0C \u0111\u1ebfn +177\u00b0C<\/span><\/span><\/span><\/span><\/span><\/span><\/p>\n<\/td>\n<\/tr>\n<tr>\n<td style=\"border:solid #bfbfbf 1.0pt; border-top:none; padding:0cm 5.4pt 0cm 5.4pt\" valign=\"top\">\n<p style=\"text-align: justify;\"><span style=\"font-size:11pt\"><span style=\"line-height:normal\"><span style=\"font-family:Calibri,sans-serif\"><b><span style=\"border:none windowtext 1.0pt; font-size:12.0pt; padding:0cm\"><span style='font-family:\"Times New Roman\",serif'><span style=\"color:#1b1c1d\">Quy c\u00e1ch \u0111\u00f3ng g\u00f3i<\/span><\/span><\/span><\/b><\/span><\/span><\/span><\/p>\n<\/td>\n<td style=\"border-bottom:solid #bfbfbf 1.0pt; border-top:none; border-left:none; border-right:solid #bfbfbf 1.0pt; padding:0cm 5.4pt 0cm 5.4pt\" valign=\"top\">\n<p style=\"text-align: justify;\"><span style=\"font-size:11pt\"><span style=\"line-height:normal\"><span style=\"font-family:Calibri,sans-serif\"><span style=\"font-size:12.0pt\"><span style='font-family:\"Times New Roman\",serif'><span style=\"color:#1b1c1d\">Th\u01b0\u1eddng \u0111\u00f3ng g\u00f3i theo b\u1ed9 (Kit) ho\u1eb7c th\u00f9ng c\u00f4ng nghi\u1ec7p.<\/span><\/span><\/span><\/span><\/span><\/span><\/p>\n<\/td>\n<\/tr>\n<\/tbody>\n<\/table>\n<p style=\"text-align: justify;\">\u00a0<\/p>\n<h2 style=\"text-align: justify;\"><strong>\u1ee8ng d\u1ee5ng ti\u00eau bi\u1ec3u\u00a0Keo Loctite 939 (x\u00e1m)<\/strong><\/h2>\n<p style=\"text-align: center;\"><strong><img decoding=\"async\" alt=\"Keo Loctite 939 (x\u00e1m)\" data-thumb=\"grande\" original-height=\"407\" original-width=\"232\" src=\"https:\/\/yenhung.com\/wp-content\/uploads\/2025\/10\/keo-loctite-939-den-1-2.png\" title=\"keo-loctite-939-den-1-2\"><\/strong><\/p>\n<p style=\"text-align: justify;\">Do t\u00ednh ch\u1ea5t c\u01b0\u1eddng \u0111\u1ed9 cao, LOCTITE EA 939 (x\u00e1m) \u0111\u01b0\u1ee3c s\u1eed d\u1ee5ng r\u1ed9ng r\u00e3i trong c\u00e1c ng\u00e0nh sau:<\/p>\n<ul>\n<li>\n<p style=\"text-align: justify;\"><b>H\u00e0ng kh\u00f4ng v\u00e0 Qu\u1ed1c ph\u00f2ng<\/b>: D\u00e1n c\u00e1c chi ti\u1ebft ch\u1ecbu l\u1ef1c v\u00e0 ch\u1ecbu nhi\u1ec7t \u0111\u1ed9 cao tr\u00ean m\u00e1y bay, t\u00ean l\u1eeda, ho\u1eb7c c\u00e1c thi\u1ebft b\u1ecb qu\u00e2n s\u1ef1.<\/p>\n<\/li>\n<li>\n<p style=\"text-align: justify;\"><b>V\u1eadt li\u1ec7u Composite<\/b>: D\u00e1n v\u00e0 s\u1eeda ch\u1eefa c\u00e1c c\u1ea5u tr\u00fac b\u1eb1ng s\u1ee3i carbon ho\u1eb7c s\u1ee3i th\u1ee7y tinh.<\/p>\n<\/li>\n<li>\n<p style=\"text-align: justify;\"><b>C\u00f4ng nghi\u1ec7p n\u1eb7ng<\/b>: L\u1eafp r\u00e1p c\u00e1c chi ti\u1ebft m\u00e1y m\u00f3c, \u0111\u1ed9ng c\u01a1 ch\u1ecbu t\u1ea3i tr\u1ecdng l\u1edbn v\u00e0 th\u01b0\u1eddng xuy\u00ean thay \u0111\u1ed5i nhi\u1ec7t \u0111\u1ed9.<\/p>\n<\/li>\n<\/ul>\n<p style=\"text-align: justify;\"><b>Th\u00f4ng tin truy c\u1eadp<\/b><\/p>\n<p style=\"text-align: justify;\"><a href=\"https:\/\/www.loctiteproducts.com\/\" target=\"_blank\">T\u00ecm hi\u1ec3u th\u00eam t\u00e0i li\u1ec7u s\u1ea3n ph\u1ea9m LOCTITE<\/a><\/p>\n<p style=\"text-align: justify;\"><u><a href=\"https:\/\/suncompany.vn\">T\u00ecm hi\u1ec3u th\u00eam v\u1ec1 c\u00e1c d\u00f2ng s\u1ea3n ph\u1ea9m kh\u00e1c\u00a0c\u1ee7a SUN COMPANY<\/a><\/u><\/p>\n<h3 style=\"text-align: justify;\"><\/h3>\n<p style=\"text-align: justify;\">L\u00e0 nh\u00e0 ph\u00e2n ph\u1ed1i c\u00e1c s\u1ea3n ph\u1ea9m keo, m\u1ee1 b\u00f4i tr\u01a1n, b\u00ecnh x\u1ecbt v\u00e0 v\u1eadt t\u01b0 c\u00f4ng nghi\u1ec7p c\u1ee7a <strong>LOCTITE<\/strong>\u00a0 t\u1ea1i th\u1ecb tr\u01b0\u1eddng Vi\u1ec7t Nam v\u1edbi c\u00e1c \u1ee9ng d\u1ee5ng trong vi\u1ec7c b\u1ea3o tr\u00ec b\u1ea3o d\u01b0\u1ee1ng m\u00e1y m\u00f3c v\u00e0 thi\u1ebft b\u1ecb c\u00f4ng nghi\u1ec7p.<\/p>\n<p style=\"text-align: justify;\">B\u1eb1ng c\u00e1ch cung c\u1ea5p cho kh\u00e1ch h\u00e0ng c\u00e1c s\u1ea3n ph\u1ea9m t\u1ed1t v\u00e0 ch\u1ea5t l\u01b0\u1ee3ng \u0111\u01b0\u1ee3c s\u1ea3n xu\u1ea5t v\u00e0 gi\u00e1m s\u00e1t ch\u1eb7t ch\u1ebd b\u1edfi h\u1ec7 th\u1ed1ng qu\u1ea3n l\u00fd chuy\u00ean nghi\u1ec7p,\u00a0<a href=\"http:\/\/https\/suncompany.vn\"><b>SUNCOMPANY<\/b>\u00a0<\/a>t\u1ef1 h\u00e0o \u0111\u00e3 \u0111\u00f3ng g\u00f3p v\u00e0o cu\u1ed9c s\u1ed1ng con ng\u01b0\u1eddi c\u0169ng nh\u01b0 s\u1ef1 ph\u00e1t tri\u1ec3n tr\u00ean th\u1ecb tr\u01b0\u1eddng c\u00f4ng nghi\u1ec7p t\u1ea1i Vi\u1ec7t Nam.<\/p>\n<p style=\"text-align: justify;\"><strong>Th\u00f4ng tin li\u00ean h\u1ec7\u00a0<\/strong><\/p>\n<p style=\"text-align: justify;\"><strong>C\u00d4NG TY TNHH TH\u01af\u01a0NG M\u1ea0I D\u1ecaCH V\u1ee4 SUN COMMERCIAL \u2013 SUN COMMERCIAL SERVICE TRADING CO., LTD<\/strong><\/p>\n<p style=\"text-align: justify;\">\u2013 M\u00e3 s\u1ed1 thu\u1ebf: 0316694604<\/p>\n<p style=\"text-align: justify;\">\u2013 S\u0110T: 090 666 5927\u00a0<\/p>\n<p style=\"text-align: justify;\">\u2013 \u0110\u1ecba ch\u1ec9: 118\/8 Hu\u1ef3nh Thi\u1ec7n L\u1ed9c, Ph\u01b0\u1eddng Ho\u00e0 Th\u1ea1nh, Qu\u1eadn T\u00e2n Ph\u00fa, TP. H\u1ed3 Ch\u00ed Minh<\/p>\n<\/p><\/div>\n","protected":false},"excerpt":{"rendered":"<p><strong>T\u00ean sa\u0309n ph\u00e2\u0309m:\u00a0<\/strong>Keo Loctite 939 (x\u00e1m)<br \/>\n<strong>T\u00ecnh tr\u1ea1ng:<\/strong>\u00a0Li\u00ean h\u1ec7 S\u0110T 090 666 5927\u00a0<br \/>\n<strong>Kho:<\/strong>\u00a0H\u1ed3 Ch\u00ed Minh.<br \/>\n<strong>Li\u00ean h\u1ec7:<\/strong>\u00a0090.666.5927 (24\/7)<br \/>\n<strong>Giao h\u00e0ng:<\/strong>\u00a0Trong ng\u00e0y<\/p>\n","protected":false},"featured_media":4912,"comment_status":"closed","ping_status":"closed","template":"","meta":[],"product_brand":[],"product_cat":[141],"product_tag":[],"class_list":{"0":"post-4911","1":"product","2":"type-product","3":"status-publish","4":"has-post-thumbnail","6":"product_cat-loctite","8":"first","9":"instock","10":"shipping-taxable","11":"product-type-simple"},"_links":{"self":[{"href":"https:\/\/yenhung.com\/index.php?rest_route=\/wp\/v2\/product\/4911","targetHints":{"allow":["GET"]}}],"collection":[{"href":"https:\/\/yenhung.com\/index.php?rest_route=\/wp\/v2\/product"}],"about":[{"href":"https:\/\/yenhung.com\/index.php?rest_route=\/wp\/v2\/types\/product"}],"replies":[{"embeddable":true,"href":"https:\/\/yenhung.com\/index.php?rest_route=%2Fwp%2Fv2%2Fcomments&post=4911"}],"wp:featuredmedia":[{"embeddable":true,"href":"https:\/\/yenhung.com\/index.php?rest_route=\/wp\/v2\/media\/4912"}],"wp:attachment":[{"href":"https:\/\/yenhung.com\/index.php?rest_route=%2Fwp%2Fv2%2Fmedia&parent=4911"}],"wp:term":[{"taxonomy":"product_brand","embeddable":true,"href":"https:\/\/yenhung.com\/index.php?rest_route=%2Fwp%2Fv2%2Fproduct_brand&post=4911"},{"taxonomy":"product_cat","embeddable":true,"href":"https:\/\/yenhung.com\/index.php?rest_route=%2Fwp%2Fv2%2Fproduct_cat&post=4911"},{"taxonomy":"product_tag","embeddable":true,"href":"https:\/\/yenhung.com\/index.php?rest_route=%2Fwp%2Fv2%2Fproduct_tag&post=4911"}],"curies":[{"name":"wp","href":"https:\/\/api.w.org\/{rel}","templated":true}]}}