{"id":4935,"date":"2025-10-28T02:16:29","date_gmt":"2025-10-28T02:16:29","guid":{"rendered":"https:\/\/yenhung.com\/?product=keo-loctite-7070-15oz"},"modified":"2025-10-28T02:16:31","modified_gmt":"2025-10-28T02:16:31","slug":"keo-loctite-7070-15oz","status":"publish","type":"product","link":"https:\/\/yenhung.com\/?product=keo-loctite-7070-15oz","title":{"rendered":"Keo Loctite 7070-15oz"},"content":{"rendered":"<\/p>\n<div class=\"ba-text-fpt\">\n<h2 style=\"text-align: justify;\"><strong>T\u1ed5ng quan v\u1ec1 Keo Loctite 7070-15oz<\/strong><\/h2>\n<p style=\"text-align: justify;\">\u00a0<\/p>\n<p style=\"text-align: justify;\"><b>LOCTITE 7070<\/b> l\u00e0 m\u1ed9t lo\u1ea1i dung d\u1ecbch l\u00e0m s\u1ea1ch v\u00e0 t\u1ea9y d\u1ea7u m\u1ee1 kh\u00f4ng g\u1ed1c n\u01b0\u1edbc (non-aqueous) d\u1ea1ng x\u1ecbt (aerosol), \u0111\u01b0\u1ee3c thi\u1ebft k\u1ebf chuy\u00ean bi\u1ec7t \u0111\u1ec3 chu\u1ea9n b\u1ecb b\u1ec1 m\u1eb7t kim lo\u1ea1i tr\u01b0\u1edbc khi \u1ee9ng d\u1ee5ng c\u00e1c lo\u1ea1i keo kh\u00f3a ren, keo l\u00e0m k\u00edn, v\u00e0 c\u00e1c h\u1ee3p ch\u1ea5t gi\u1eef v\u00f2ng c\u1ee7a Loctite.<\/p>\n<p style=\"text-align: justify;\">M\u1eb7c d\u00f9 b\u1ea1n g\u1ecdi l\u00e0 &#8220;Keo Loctite,&#8221; s\u1ea3n ph\u1ea9m n\u00e0y th\u1ef1c ch\u1ea5t l\u00e0 m\u1ed9t ch\u1ea5t t\u1ea9y r\u1eeda c\u00f4ng nghi\u1ec7p cao c\u1ea5p, gi\u00fap lo\u1ea1i b\u1ecf c\u00e1c ch\u1ea5t g\u00e2y \u00f4 nhi\u1ec5m, d\u1ea7u m\u1ee1 v\u00e0 ch\u1ea5t l\u1ecfng c\u1eaft g\u1ecdt kh\u1ecfi b\u1ec1 m\u1eb7t, \u0111\u1ea3m b\u1ea3o keo c\u00f3 th\u1ec3 b\u00e1m d\u00ednh v\u00e0 \u0111\u00f3ng r\u1eafn v\u1edbi c\u01b0\u1eddng \u0111\u1ed9 t\u1ed1i \u0111a.<\/p>\n<p style=\"text-align: justify;\">\u00a0<\/p>\n<h2 style=\"text-align: justify;\"><strong>\u0110\u1eb7c \u0111i\u1ec3m v\u00e0 \u01afu \u0111i\u1ec3m Keo Loctite 7070-15oz<\/strong><\/h2>\n<p style=\"text-align: center;\"><img decoding=\"async\" alt=\"Keo Loctite 7070-15oz\" data-thumb=\"grande\" original-height=\"371\" original-width=\"264\" src=\"https:\/\/yenhung.com\/wp-content\/uploads\/2025\/10\/keo-loctite-7070-15oz-2-1.png\" title=\"keo-loctite-7070-15oz-2-1\"><\/p>\n<ul>\n<li>\n<p style=\"text-align: justify;\"><b>L\u00e0m s\u1ea1ch hi\u1ec7u qu\u1ea3<\/b>: Dung m\u00f4i c\u00f3 kh\u1ea3 n\u0103ng h\u00f2a tan v\u00e0 lo\u1ea1i b\u1ecf nhanh ch\u00f3ng nhi\u1ec1u lo\u1ea1i ch\u1ea5t b\u1ea9n c\u00f4ng nghi\u1ec7p nh\u01b0 d\u1ea7u, m\u1ee1, ch\u1ea5t l\u1ecfng c\u1eaft g\u1ecdt, m\u1ea1t kim lo\u1ea1i v\u00e0 c\u00e1c lo\u1ea1i ch\u1ea5t b\u00f4i tr\u01a1n kh\u00e1c.<\/p>\n<\/li>\n<li>\n<p style=\"text-align: justify;\"><b>Kh\u00f4ng \u0111\u1ec3 l\u1ea1i c\u1eb7n<\/b>: S\u1ea3n ph\u1ea9m bay h\u01a1i c\u1ef1c nhanh v\u00e0 ho\u00e0n to\u00e0n kh\u00f4ng \u0111\u1ec3 l\u1ea1i d\u01b0 l\u01b0\u1ee3ng tr\u00ean b\u1ec1 m\u1eb7t. \u0110i\u1ec1u n\u00e0y l\u00e0 t\u1ed1i quan tr\u1ecdng v\u00ec c\u1eb7n b\u1ea9n ho\u1eb7c dung m\u00f4i c\u00f2n s\u00f3t l\u1ea1i c\u00f3 th\u1ec3 c\u1ea3n tr\u1edf qu\u00e1 tr\u00ecnh \u0111\u00f3ng r\u1eafn c\u1ee7a keo.<\/p>\n<\/li>\n<li>\n<p style=\"text-align: justify;\"><b>\u0110a n\u0103ng<\/b>: An to\u00e0n \u0111\u1ec3 s\u1eed d\u1ee5ng tr\u00ean nhi\u1ec1u lo\u1ea1i b\u1ec1 m\u1eb7t bao g\u1ed3m kim lo\u1ea1i, k\u00ednh v\u00e0 h\u1ea7u h\u1ebft c\u00e1c lo\u1ea1i nh\u1ef1a.<\/p>\n<\/li>\n<li>\n<p style=\"text-align: justify;\"><b>\u0110\u1ea3m b\u1ea3o \u0111\u1ed9 b\u1ec1n m\u1ed1i d\u00e1n<\/b>: Vi\u1ec7c s\u1eed d\u1ee5ng LOCTITE 7070 gi\u00fap t\u1ed1i \u01b0u h\u00f3a hi\u1ec7u su\u1ea5t c\u1ee7a keo d\u00e1n Anaerobic (nh\u01b0 Loctite 243, 271,&#8230;) v\u00e0 c\u00e1c lo\u1ea1i keo d\u00e1n kh\u00e1c, \u0111\u1ea3m b\u1ea3o m\u1ed1i d\u00e1n \u0111\u1ea1t c\u01b0\u1eddng \u0111\u1ed9 t\u1ed1i \u0111a theo ti\u00eau chu\u1ea9n k\u1ef9 thu\u1eadt.<\/p>\n<\/li>\n<li>\n<p style=\"text-align: justify;\"><b>D\u1ea1ng x\u1ecbt ti\u1ec7n l\u1ee3i (15 oz)<\/b>: \u0110\u00f3ng g\u00f3i d\u01b0\u1edbi d\u1ea1ng chai x\u1ecbt \u00e1p su\u1ea5t cao (aerosol) gi\u00fap vi\u1ec7c \u00e1p d\u1ee5ng d\u1ec5 d\u00e0ng, ch\u00ednh x\u00e1c v\u00e0 ti\u1ebft ki\u1ec7m dung d\u1ecbch.<\/p>\n<\/li>\n<\/ul>\n<p style=\"text-align: justify;\">\u00a0<\/p>\n<h2 style=\"text-align: justify;\"><strong>\u1ee8ng d\u1ee5ng Keo Loctite 7070-15oz<\/strong><\/h2>\n<p style=\"text-align: center;\"><img decoding=\"async\" alt=\"Keo Loctite 7070-15oz\" data-thumb=\"grande\" original-height=\"407\" original-width=\"255\" src=\"https:\/\/yenhung.com\/wp-content\/uploads\/2025\/10\/keo-loctite-7070-15oz-1-2.png\" title=\"keo-loctite-7070-15oz-1-2\"><\/p>\n<p style=\"text-align: justify;\">LOCTITE 7070 \u0111\u01b0\u1ee3c s\u1eed d\u1ee5ng trong m\u1ecdi \u1ee9ng d\u1ee5ng \u0111\u00f2i h\u1ecfi b\u1ec1 m\u1eb7t s\u1ea1ch tuy\u1ec7t \u0111\u1ed1i tr\u01b0\u1edbc khi d\u00e1n ho\u1eb7c l\u00e0m k\u00edn:<\/p>\n<ul>\n<li>\n<p style=\"text-align: justify;\"><b>Chu\u1ea9n b\u1ecb m\u1ed1i l\u1eafp ren<\/b>: L\u00e0m s\u1ea1ch bu-l\u00f4ng, \u0111ai \u1ed1c, ho\u1eb7c c\u00e1c chi ti\u1ebft ren tr\u01b0\u1edbc khi s\u1eed d\u1ee5ng keo kh\u00f3a ren.<\/p>\n<\/li>\n<li>\n<p style=\"text-align: justify;\"><b>B\u1ea3o tr\u00ec v\u00e0 s\u1eeda ch\u1eefa (MRO)<\/b>: L\u00e0m s\u1ea1ch c\u00e1c b\u1ec1 m\u1eb7t tr\u01b0\u1edbc khi \u00e1p d\u1ee5ng keo l\u00e0m k\u00edn m\u1eb7t b\u00edch (gasket maker) ho\u1eb7c c\u00e1c h\u1ee3p ch\u1ea5t gi\u1eef v\u00f2ng.<\/p>\n<\/li>\n<li>\n<p style=\"text-align: justify;\"><b>L\u00e0m s\u1ea1ch c\u00e1c b\u1ed9 ph\u1eadn \u0111i\u1ec7n t\u1eed<\/b>: T\u1ea9y d\u1ea7u m\u1ee1 v\u00e0 b\u1ee5i b\u1ea9n tr\u00ean c\u00e1c chi ti\u1ebft kim lo\u1ea1i v\u00e0 nh\u1ef1a.<\/p>\n<\/li>\n<\/ul>\n<p style=\"text-align: justify;\">\u00a0<\/p>\n<h2 style=\"text-align: justify;\"><strong>Th\u00f4ng s\u1ed1 k\u1ef9 thu\u1eadt Keo Loctite 7070-15oz<\/strong><\/h2>\n<p style=\"text-align: center;\"><img decoding=\"async\" alt=\"Keo Loctite 7070-15oz\" data-thumb=\"grande\" original-height=\"479\" original-width=\"316\" src=\"https:\/\/yenhung.com\/wp-content\/uploads\/2025\/10\/keo-loctite-7070-15oz-3.png\" title=\"keo-loctite-7070-15oz-3\"><\/p>\n<table class=\"MsoTableGridLight\" style=\"border-collapse:collapse; border:solid #bfbfbf 1.0pt\">\n<tbody>\n<tr>\n<td style=\"border:solid #bfbfbf 1.0pt; padding:0cm 5.4pt 0cm 5.4pt\" valign=\"top\">\n<p style=\"text-align: justify;\"><strong><span style=\"font-size:11pt\"><span style=\"line-height:normal\"><span style=\"font-family:Calibri,sans-serif\"><span style=\"font-size:12.0pt\"><span style='font-family:\"Times New Roman\",serif'><span style=\"color:#1b1c1d\">T\u00ean th\u00f4ng s\u1ed1<\/span><\/span><\/span><\/span><\/span><\/span><\/strong><\/p>\n<\/td>\n<td style=\"border:solid #bfbfbf 1.0pt; border-left:none; padding:0cm 5.4pt 0cm 5.4pt\" valign=\"top\">\n<p style=\"text-align: justify;\"><strong><span style=\"font-size:11pt\"><span style=\"line-height:normal\"><span style=\"font-family:Calibri,sans-serif\"><span style=\"font-size:12.0pt\"><span style='font-family:\"Times New Roman\",serif'><span style=\"color:#1b1c1d\">Chi ti\u1ebft<\/span><\/span><\/span><\/span><\/span><\/span><\/strong><\/p>\n<\/td>\n<\/tr>\n<tr>\n<td style=\"border:solid #bfbfbf 1.0pt; border-top:none; padding:0cm 5.4pt 0cm 5.4pt\" valign=\"top\">\n<p style=\"text-align: justify;\"><span style=\"font-size:11pt\"><span style=\"line-height:normal\"><span style=\"font-family:Calibri,sans-serif\"><b><span style=\"border:none windowtext 1.0pt; font-size:12.0pt; padding:0cm\"><span style='font-family:\"Times New Roman\",serif'><span style=\"color:#1b1c1d\">M\u00e3 s\u1ea3n ph\u1ea9m<\/span><\/span><\/span><\/b><\/span><\/span><\/span><\/p>\n<\/td>\n<td style=\"border-bottom:solid #bfbfbf 1.0pt; border-top:none; border-left:none; border-right:solid #bfbfbf 1.0pt; padding:0cm 5.4pt 0cm 5.4pt\" valign=\"top\">\n<p style=\"text-align: justify;\"><span style=\"font-size:11pt\"><span style=\"line-height:normal\"><span style=\"font-family:Calibri,sans-serif\"><span style=\"font-size:12.0pt\"><span style='font-family:\"Times New Roman\",serif'><span style=\"color:#1b1c1d\">LOCTITE 7070<\/span><\/span><\/span><\/span><\/span><\/span><\/p>\n<\/td>\n<\/tr>\n<tr>\n<td style=\"border:solid #bfbfbf 1.0pt; border-top:none; padding:0cm 5.4pt 0cm 5.4pt\" valign=\"top\">\n<p style=\"text-align: justify;\"><span style=\"font-size:11pt\"><span style=\"line-height:normal\"><span style=\"font-family:Calibri,sans-serif\"><b><span style=\"border:none windowtext 1.0pt; font-size:12.0pt; padding:0cm\"><span style='font-family:\"Times New Roman\",serif'><span style=\"color:#1b1c1d\">Lo\u1ea1i s\u1ea3n ph\u1ea9m<\/span><\/span><\/span><\/b><\/span><\/span><\/span><\/p>\n<\/td>\n<td style=\"border-bottom:solid #bfbfbf 1.0pt; border-top:none; border-left:none; border-right:solid #bfbfbf 1.0pt; padding:0cm 5.4pt 0cm 5.4pt\" valign=\"top\">\n<p style=\"text-align: justify;\"><span style=\"font-size:11pt\"><span style=\"line-height:normal\"><span style=\"font-family:Calibri,sans-serif\"><span style=\"font-size:12.0pt\"><span style='font-family:\"Times New Roman\",serif'><span style=\"color:#1b1c1d\">Ch\u1ea5t t\u1ea9y r\u1eeda\/T\u1ea9y d\u1ea7u m\u1ee1<\/span><\/span><\/span><\/span><\/span><\/span><\/p>\n<\/td>\n<\/tr>\n<tr>\n<td style=\"border:solid #bfbfbf 1.0pt; border-top:none; padding:0cm 5.4pt 0cm 5.4pt\" valign=\"top\">\n<p style=\"text-align: justify;\"><span style=\"font-size:11pt\"><span style=\"line-height:normal\"><span style=\"font-family:Calibri,sans-serif\"><b><span style=\"border:none windowtext 1.0pt; font-size:12.0pt; padding:0cm\"><span style='font-family:\"Times New Roman\",serif'><span style=\"color:#1b1c1d\">G\u1ed1c dung m\u00f4i<\/span><\/span><\/span><\/b><\/span><\/span><\/span><\/p>\n<\/td>\n<td style=\"border-bottom:solid #bfbfbf 1.0pt; border-top:none; border-left:none; border-right:solid #bfbfbf 1.0pt; padding:0cm 5.4pt 0cm 5.4pt\" valign=\"top\">\n<p style=\"text-align: justify;\"><span style=\"font-size:11pt\"><span style=\"line-height:normal\"><span style=\"font-family:Calibri,sans-serif\"><span style=\"font-size:12.0pt\"><span style='font-family:\"Times New Roman\",serif'><span style=\"color:#1b1c1d\">Kh\u00f4ng g\u1ed1c n\u01b0\u1edbc (Non-Aqueous Solvent)<\/span><\/span><\/span><\/span><\/span><\/span><\/p>\n<\/td>\n<\/tr>\n<tr>\n<td style=\"border:solid #bfbfbf 1.0pt; border-top:none; padding:0cm 5.4pt 0cm 5.4pt\" valign=\"top\">\n<p style=\"text-align: justify;\"><span style=\"font-size:11pt\"><span style=\"line-height:normal\"><span style=\"font-family:Calibri,sans-serif\"><b><span style=\"border:none windowtext 1.0pt; font-size:12.0pt; padding:0cm\"><span style='font-family:\"Times New Roman\",serif'><span style=\"color:#1b1c1d\">M\u00e0u s\u1eafc<\/span><\/span><\/span><\/b><\/span><\/span><\/span><\/p>\n<\/td>\n<td style=\"border-bottom:solid #bfbfbf 1.0pt; border-top:none; border-left:none; border-right:solid #bfbfbf 1.0pt; padding:0cm 5.4pt 0cm 5.4pt\" valign=\"top\">\n<p style=\"text-align: justify;\"><span style=\"font-size:11pt\"><span style=\"line-height:normal\"><span style=\"font-family:Calibri,sans-serif\"><span style=\"font-size:12.0pt\"><span style='font-family:\"Times New Roman\",serif'><span style=\"color:#1b1c1d\">Trong su\u1ed1t<\/span><\/span><\/span><\/span><\/span><\/span><\/p>\n<\/td>\n<\/tr>\n<tr>\n<td style=\"border:solid #bfbfbf 1.0pt; border-top:none; padding:0cm 5.4pt 0cm 5.4pt\" valign=\"top\">\n<p style=\"text-align: justify;\"><span style=\"font-size:11pt\"><span style=\"line-height:normal\"><span style=\"font-family:Calibri,sans-serif\"><b><span style=\"border:none windowtext 1.0pt; font-size:12.0pt; padding:0cm\"><span style='font-family:\"Times New Roman\",serif'><span style=\"color:#1b1c1d\">T\u1ed1c \u0111\u1ed9 kh\u00f4<\/span><\/span><\/span><\/b><\/span><\/span><\/span><\/p>\n<\/td>\n<td style=\"border-bottom:solid #bfbfbf 1.0pt; border-top:none; border-left:none; border-right:solid #bfbfbf 1.0pt; padding:0cm 5.4pt 0cm 5.4pt\" valign=\"top\">\n<p style=\"text-align: justify;\"><span style=\"font-size:11pt\"><span style=\"line-height:normal\"><span style=\"font-family:Calibri,sans-serif\"><span style=\"font-size:12.0pt\"><span style='font-family:\"Times New Roman\",serif'><span style=\"color:#1b1c1d\">R\u1ea5t nhanh<\/span><\/span><\/span><\/span><\/span><\/span><\/p>\n<\/td>\n<\/tr>\n<tr>\n<td style=\"border:solid #bfbfbf 1.0pt; border-top:none; padding:0cm 5.4pt 0cm 5.4pt\" valign=\"top\">\n<p style=\"text-align: justify;\"><span style=\"font-size:11pt\"><span style=\"line-height:normal\"><span style=\"font-family:Calibri,sans-serif\"><b><span style=\"border:none windowtext 1.0pt; font-size:12.0pt; padding:0cm\"><span style='font-family:\"Times New Roman\",serif'><span style=\"color:#1b1c1d\">Quy c\u00e1ch \u0111\u00f3ng g\u00f3i<\/span><\/span><\/span><\/b><\/span><\/span><\/span><\/p>\n<\/td>\n<td style=\"border-bottom:solid #bfbfbf 1.0pt; border-top:none; border-left:none; border-right:solid #bfbfbf 1.0pt; padding:0cm 5.4pt 0cm 5.4pt\" valign=\"top\">\n<p style=\"text-align: justify;\"><span style=\"font-size:11pt\"><span style=\"line-height:normal\"><span style=\"font-family:Calibri,sans-serif\"><span style=\"font-size:12.0pt\"><span style='font-family:\"Times New Roman\",serif'><span style=\"color:#1b1c1d\">Chai x\u1ecbt <span style=\"border:none windowtext 1.0pt; padding:0cm\">15 oz<\/span> (ounce)<\/span><\/span><\/span><\/span><\/span><\/span><\/p>\n<\/td>\n<\/tr>\n<\/tbody>\n<\/table>\n<p style=\"text-align: justify;\">\u00a0<\/p>\n<p style=\"text-align: justify;\"><b>Th\u00f4ng tin truy c\u1eadp<\/b><\/p>\n<p style=\"text-align: justify;\"><a href=\"https:\/\/www.loctiteproducts.com\/\" target=\"_blank\">T\u00ecm hi\u1ec3u th\u00eam t\u00e0i li\u1ec7u s\u1ea3n ph\u1ea9m LOCTITE<\/a><\/p>\n<p style=\"text-align: justify;\"><u><a href=\"https:\/\/suncompany.vn\">T\u00ecm hi\u1ec3u th\u00eam v\u1ec1 c\u00e1c d\u00f2ng s\u1ea3n ph\u1ea9m kh\u00e1c\u00a0c\u1ee7a SUN COMPANY<\/a><\/u><\/p>\n<h3 style=\"text-align: justify;\"><\/h3>\n<p style=\"text-align: justify;\">L\u00e0 nh\u00e0 ph\u00e2n ph\u1ed1i c\u00e1c s\u1ea3n ph\u1ea9m keo, m\u1ee1 b\u00f4i tr\u01a1n, b\u00ecnh x\u1ecbt v\u00e0 v\u1eadt t\u01b0 c\u00f4ng nghi\u1ec7p c\u1ee7a <strong>LOCTITE<\/strong>\u00a0 t\u1ea1i th\u1ecb tr\u01b0\u1eddng Vi\u1ec7t Nam v\u1edbi c\u00e1c \u1ee9ng d\u1ee5ng trong vi\u1ec7c b\u1ea3o tr\u00ec b\u1ea3o d\u01b0\u1ee1ng m\u00e1y m\u00f3c v\u00e0 thi\u1ebft b\u1ecb c\u00f4ng nghi\u1ec7p.<\/p>\n<p style=\"text-align: justify;\">B\u1eb1ng c\u00e1ch cung c\u1ea5p cho kh\u00e1ch h\u00e0ng c\u00e1c s\u1ea3n ph\u1ea9m t\u1ed1t v\u00e0 ch\u1ea5t l\u01b0\u1ee3ng \u0111\u01b0\u1ee3c s\u1ea3n xu\u1ea5t v\u00e0 gi\u00e1m s\u00e1t ch\u1eb7t ch\u1ebd b\u1edfi h\u1ec7 th\u1ed1ng qu\u1ea3n l\u00fd chuy\u00ean nghi\u1ec7p,\u00a0<a href=\"http:\/\/https\/suncompany.vn\"><b>SUNCOMPANY<\/b>\u00a0<\/a>t\u1ef1 h\u00e0o \u0111\u00e3 \u0111\u00f3ng g\u00f3p v\u00e0o cu\u1ed9c s\u1ed1ng con ng\u01b0\u1eddi c\u0169ng nh\u01b0 s\u1ef1 ph\u00e1t tri\u1ec3n tr\u00ean th\u1ecb tr\u01b0\u1eddng c\u00f4ng nghi\u1ec7p t\u1ea1i Vi\u1ec7t Nam.<\/p>\n<p style=\"text-align: justify;\"><strong>Th\u00f4ng tin li\u00ean h\u1ec7\u00a0<\/strong><\/p>\n<p style=\"text-align: justify;\"><strong>C\u00d4NG TY TNHH TH\u01af\u01a0NG M\u1ea0I D\u1ecaCH V\u1ee4 SUN COMMERCIAL \u2013 SUN COMMERCIAL SERVICE TRADING CO., LTD<\/strong><\/p>\n<p style=\"text-align: justify;\">\u2013 M\u00e3 s\u1ed1 thu\u1ebf: 0316694604<\/p>\n<p style=\"text-align: justify;\">\u2013 S\u0110T: 090 666 5927\u00a0<\/p>\n<p style=\"text-align: justify;\">\u2013 \u0110\u1ecba ch\u1ec9: 118\/8 Hu\u1ef3nh Thi\u1ec7n L\u1ed9c, Ph\u01b0\u1eddng Ho\u00e0 Th\u1ea1nh, Qu\u1eadn T\u00e2n Ph\u00fa, TP. H\u1ed3 Ch\u00ed Minh<\/p>\n<\/p><\/div>\n","protected":false},"excerpt":{"rendered":"<p><strong>T\u00ean sa\u0309n ph\u00e2\u0309m:<\/strong>\u00a0Keo Loctite 7070-15oz<br \/>\n<strong>T\u00ecnh tr\u1ea1ng:<\/strong>\u00a0Li\u00ean h\u1ec7 S\u0110T 090 666 5927\u00a0<br \/>\n<strong>Kho:<\/strong>\u00a0H\u1ed3 Ch\u00ed Minh.<br \/>\n<strong>Li\u00ean h\u1ec7:<\/strong>\u00a0090.666.5927 (24\/7)<br \/>\n<strong>Giao h\u00e0ng:<\/strong>\u00a0Trong ng\u00e0y<\/p>\n","protected":false},"featured_media":4936,"comment_status":"closed","ping_status":"closed","template":"","meta":[],"product_brand":[],"product_cat":[141],"product_tag":[],"class_list":{"0":"post-4935","1":"product","2":"type-product","3":"status-publish","4":"has-post-thumbnail","6":"product_cat-loctite","8":"first","9":"instock","10":"shipping-taxable","11":"product-type-simple"},"_links":{"self":[{"href":"https:\/\/yenhung.com\/index.php?rest_route=\/wp\/v2\/product\/4935","targetHints":{"allow":["GET"]}}],"collection":[{"href":"https:\/\/yenhung.com\/index.php?rest_route=\/wp\/v2\/product"}],"about":[{"href":"https:\/\/yenhung.com\/index.php?rest_route=\/wp\/v2\/types\/product"}],"replies":[{"embeddable":true,"href":"https:\/\/yenhung.com\/index.php?rest_route=%2Fwp%2Fv2%2Fcomments&post=4935"}],"wp:featuredmedia":[{"embeddable":true,"href":"https:\/\/yenhung.com\/index.php?rest_route=\/wp\/v2\/media\/4936"}],"wp:attachment":[{"href":"https:\/\/yenhung.com\/index.php?rest_route=%2Fwp%2Fv2%2Fmedia&parent=4935"}],"wp:term":[{"taxonomy":"product_brand","embeddable":true,"href":"https:\/\/yenhung.com\/index.php?rest_route=%2Fwp%2Fv2%2Fproduct_brand&post=4935"},{"taxonomy":"product_cat","embeddable":true,"href":"https:\/\/yenhung.com\/index.php?rest_route=%2Fwp%2Fv2%2Fproduct_cat&post=4935"},{"taxonomy":"product_tag","embeddable":true,"href":"https:\/\/yenhung.com\/index.php?rest_route=%2Fwp%2Fv2%2Fproduct_tag&post=4935"}],"curies":[{"name":"wp","href":"https:\/\/api.w.org\/{rel}","templated":true}]}}