{"id":4943,"date":"2025-10-28T02:16:35","date_gmt":"2025-10-28T02:16:35","guid":{"rendered":"https:\/\/yenhung.com\/?product=keo-loctite-2701-250ml"},"modified":"2025-10-28T02:16:37","modified_gmt":"2025-10-28T02:16:37","slug":"keo-loctite-2701-250ml","status":"publish","type":"product","link":"https:\/\/yenhung.com\/?product=keo-loctite-2701-250ml","title":{"rendered":"Keo Loctite 2701-250ml"},"content":{"rendered":"<\/p>\n<div class=\"ba-text-fpt\">\n<h2 style=\"text-align: justify;\"><strong>T\u1ed5ng quan v\u1ec1 Keo Loctite 2701-250ml<\/strong><\/h2>\n<p style=\"text-align: justify;\">\u00a0<\/p>\n<p style=\"text-align: justify;\"><b>LOCTITE 2701<\/b> l\u00e0 m\u1ed9t lo\u1ea1i keo kh\u00f3a ren (threadlocker) c\u00f3 c\u01b0\u1eddng \u0111\u1ed9 cao, d\u1ea1ng l\u1ecfng m\u00e0u xanh l\u00e1, \u0111\u01b0\u1ee3c thi\u1ebft k\u1ebf \u0111\u1ec3 kh\u00f3a ch\u1eb7t v\u00e0 ni\u00eam phong v\u0129nh vi\u1ec5n c\u00e1c m\u1ed1i l\u1eafp ren kim lo\u1ea1i (nh\u01b0 bu-l\u00f4ng v\u00e0 \u0111ai \u1ed1c) l\u00ean \u0111\u1ebfn k\u00edch th\u01b0\u1edbc M20.<\/p>\n<p style=\"text-align: justify;\">S\u1ea3n ph\u1ea9m n\u00e0y c\u1ef1c k\u1ef3 hi\u1ec7u qu\u1ea3 trong vi\u1ec7c <b>ng\u0103n ch\u1eb7n s\u1ef1 l\u1ecfng ra<\/b> do rung \u0111\u1ed9ng, s\u1ed1c nhi\u1ec7t ho\u1eb7c t\u1ea3i tr\u1ecdng \u0111\u1ed9ng. \u0110\u1eb7c bi\u1ec7t, n\u00f3 \u0111\u01b0\u1ee3c pha ch\u1ebf \u0111\u1ec3 c\u00f3 kh\u1ea3 n\u0103ng ch\u1ecbu d\u1ea7u t\u1ed1t v\u00e0 \u0111\u1ed9 nh\u1edbt th\u1ea5p, cho ph\u00e9p th\u1ea9m th\u1ea5u hi\u1ec7u qu\u1ea3 v\u00e0o c\u00e1c khe h\u1edf nh\u1ecf.<\/p>\n<p style=\"text-align: justify;\">\u00a0<\/p>\n<h2 style=\"text-align: justify;\"><strong>\u0110\u1eb7c \u0111i\u1ec3m v\u00e0 \u01afu \u0111i\u1ec3m n\u1ed5i b\u1eadt\u00a0Keo Loctite 2701-250ml<\/strong><\/h2>\n<p style=\"text-align: center;\"><img decoding=\"async\" alt=\"Keo Loctite 2701-250ml\" data-thumb=\"grande\" original-height=\"408\" original-width=\"304\" src=\"https:\/\/yenhung.com\/wp-content\/uploads\/2025\/10\/loctite-2701-threadlocker-high-strength-green-50ml-bottle-4-2.png\" title=\"loctite-2701-threadlocker-high-strength-green-50ml-bottle-4-2\"><\/p>\n<ul>\n<li>\n<p style=\"text-align: justify;\"><b>C\u01b0\u1eddng \u0111\u1ed9 cao (High Strength)<\/b>: LOCTITE 2701 \u0111\u01b0\u1ee3c ph\u00e2n lo\u1ea1i l\u00e0 keo kh\u00f3a ren c\u01b0\u1eddng \u0111\u1ed9 cao. M\u1ed1i l\u1eafp \u0111\u01b0\u1ee3c kh\u00f3a b\u1eb1ng keo n\u00e0y y\u00eau c\u1ea7u ph\u1ea3i d\u00f9ng nhi\u1ec7t \u0111\u1ed9 cao v\u00e0 d\u1ee5ng c\u1ee5 chuy\u00ean d\u1ee5ng \u0111\u1ec3 th\u00e1o r\u1eddi. Th\u00edch h\u1ee3p cho c\u00e1c l\u1eafp r\u00e1p v\u0129nh vi\u1ec5n.<\/p>\n<\/li>\n<li>\n<p style=\"text-align: justify;\"><b>\u0110\u1ed9 nh\u1edbt th\u1ea5p<\/b>: \u0110\u1ed9 nh\u1edbt th\u1ea5p gi\u00fap keo d\u1ec5 d\u00e0ng ch\u1ea3y v\u00e0 th\u1ea9m th\u1ea5u s\u00e2u v\u00e0o c\u00e1c khe h\u1edf nh\u1ecf gi\u1eefa bu-l\u00f4ng v\u00e0 \u0111ai \u1ed1c, \u0111\u1ea3m b\u1ea3o s\u1ef1 ti\u1ebfp x\u00fac kim lo\u1ea1i-kim lo\u1ea1i to\u00e0n di\u1ec7n.<\/p>\n<\/li>\n<li>\n<p style=\"text-align: justify;\"><b>Kh\u1ea3 n\u0103ng ch\u1ecbu d\u1ea7u (Oil Tolerant)<\/b>: Keo c\u00f3 kh\u1ea3 n\u0103ng \u0111\u00f3ng r\u1eafn ngay c\u1ea3 tr\u00ean c\u00e1c b\u1ec1 m\u1eb7t c\u00f3 d\u00ednh m\u1ed9t ch\u00fat d\u1ea7u c\u00f4ng nghi\u1ec7p, d\u1ea7u ch\u1ed1ng g\u1ec9 ho\u1eb7c d\u1ea7u c\u1eaft g\u1ecdt, gi\u00fap \u0111\u01a1n gi\u1ea3n h\u00f3a quy tr\u00ecnh l\u00e0m s\u1ea1ch b\u1ec1 m\u1eb7t.<\/p>\n<\/li>\n<li>\n<p style=\"text-align: justify;\"><b>Ng\u0103n ch\u1eb7n r\u00f2 r\u1ec9 v\u00e0 \u0103n m\u00f2n<\/b>: Kh\u00f4ng ch\u1ec9 kh\u00f3a ren, keo c\u00f2n l\u1ea5p \u0111\u1ea7y ho\u00e0n to\u00e0n khe h\u1edf, ng\u0103n ch\u1eb7n s\u1ef1 r\u00f2 r\u1ec9 c\u1ee7a ch\u1ea5t l\u1ecfng v\u00e0 b\u1ea3o v\u1ec7 m\u1ed1i ren kh\u1ecfi g\u1ec9 s\u00e9t v\u00e0 \u0103n m\u00f2n.<\/p>\n<\/li>\n<li>\n<p style=\"text-align: justify;\"><b>M\u00e0u s\u1eafc d\u1ec5 nh\u1eadn bi\u1ebft<\/b>: M\u00e0u xanh l\u00e1 \u0111\u1eb7c tr\u01b0ng gi\u00fap d\u1ec5 d\u00e0ng ki\u1ec3m tra tr\u1ef1c quan sau khi thi c\u00f4ng.<\/p>\n<\/li>\n<\/ul>\n<p style=\"text-align: justify;\">\u00a0<\/p>\n<h2 style=\"text-align: justify;\"><strong>\u1ee8ng d\u1ee5ng Keo Loctite 2701-250ml<\/strong><\/h2>\n<p style=\"text-align: center;\"><img decoding=\"async\" alt=\"Keo Loctite 2701-250ml\" data-thumb=\"grande\" original-height=\"437\" original-width=\"280\" src=\"https:\/\/yenhung.com\/wp-content\/uploads\/2025\/10\/loctite-2701-threadlocker-high-strength-green-50ml-bottle-5-1.png\" title=\"loctite-2701-threadlocker-high-strength-green-50ml-bottle-5-1\"><\/p>\n<ul>\n<li>\n<p style=\"text-align: justify;\"><b>L\u1eafp r\u00e1p v\u0129nh vi\u1ec5n<\/b>: Kh\u00f3a bu-l\u00f4ng v\u00e0 \u0111ai \u1ed1c tr\u00ean c\u00e1c b\u1ed9 ph\u1eadn kh\u00f4ng c\u1ea7n th\u00e1o r\u1eddi trong su\u1ed1t th\u1eddi gian ho\u1ea1t \u0111\u1ed9ng c\u1ee7a thi\u1ebft b\u1ecb.<\/p>\n<\/li>\n<li>\n<p style=\"text-align: justify;\"><b>Thi\u1ebft b\u1ecb ch\u1ecbu rung \u0111\u1ed9ng<\/b>: S\u1eed d\u1ee5ng tr\u00ean c\u00e1c m\u00e1y n\u00e9n kh\u00ed, h\u1ed9p s\u1ed1, m\u00e1y b\u01a1m, \u0111\u1ed9ng c\u01a1 v\u00e0 c\u00e1c thi\u1ebft b\u1ecb c\u00f4ng nghi\u1ec7p n\u1eb7ng th\u01b0\u1eddng xuy\u00ean ph\u1ea3i ch\u1ecbu t\u1ea3i \u0111\u1ed9ng v\u00e0 rung l\u1eafc.<\/p>\n<\/li>\n<li>\n<p style=\"text-align: justify;\"><b>M\u1ed1i l\u1eafp quan tr\u1ecdng<\/b>: D\u00f9ng cho c\u00e1c chi ti\u1ebft then ch\u1ed1t m\u00e0 s\u1ef1 l\u1ecfng l\u1ebbo c\u00f3 th\u1ec3 d\u1eabn \u0111\u1ebfn h\u1ecfng h\u00f3c nghi\u00eam tr\u1ecdng ho\u1eb7c m\u1ea5t an to\u00e0n.<\/p>\n<\/li>\n<\/ul>\n<p style=\"text-align: justify;\">\u00a0<\/p>\n<h2 style=\"text-align: justify;\"><strong>Th\u00f4ng s\u1ed1 k\u1ef9 thu\u1eadt Keo Loctite 2701-250ml<\/strong><\/h2>\n<p style=\"text-align: center;\"><img decoding=\"async\" alt=\"Keo Loctite 2701-250ml\" data-thumb=\"grande\" original-height=\"451\" original-width=\"300\" src=\"https:\/\/yenhung.com\/wp-content\/uploads\/2025\/10\/loctite-2701-threadlocker-high-strength-green-50ml-bottle-6-1.png\" title=\"loctite-2701-threadlocker-high-strength-green-50ml-bottle-6-1\"><\/p>\n<table class=\"MsoTableGridLight\" style=\"border-collapse:collapse; border:solid #bfbfbf 1.0pt\">\n<tbody>\n<tr>\n<td style=\"border:solid #bfbfbf 1.0pt; padding:0cm 5.4pt 0cm 5.4pt\" valign=\"top\">\n<p style=\"text-align: justify;\"><strong><span style=\"font-size:11pt\"><span style=\"line-height:normal\"><span style=\"font-family:Calibri,sans-serif\"><span style=\"font-size:12.0pt\"><span style='font-family:\"Times New Roman\",serif'><span style=\"color:#1b1c1d\">T\u00ean th\u00f4ng s\u1ed1<\/span><\/span><\/span><\/span><\/span><\/span><\/strong><\/p>\n<\/td>\n<td style=\"border:solid #bfbfbf 1.0pt; border-left:none; padding:0cm 5.4pt 0cm 5.4pt\" valign=\"top\">\n<p style=\"text-align: justify;\"><strong><span style=\"font-size:11pt\"><span style=\"line-height:normal\"><span style=\"font-family:Calibri,sans-serif\"><span style=\"font-size:12.0pt\"><span style='font-family:\"Times New Roman\",serif'><span style=\"color:#1b1c1d\">Chi ti\u1ebft<\/span><\/span><\/span><\/span><\/span><\/span><\/strong><\/p>\n<\/td>\n<\/tr>\n<tr>\n<td style=\"border:solid #bfbfbf 1.0pt; border-top:none; padding:0cm 5.4pt 0cm 5.4pt\" valign=\"top\">\n<p style=\"text-align: justify;\"><span style=\"font-size:11pt\"><span style=\"line-height:normal\"><span style=\"font-family:Calibri,sans-serif\"><b><span style=\"border:none windowtext 1.0pt; font-size:12.0pt; padding:0cm\"><span style='font-family:\"Times New Roman\",serif'><span style=\"color:#1b1c1d\">M\u00e3 s\u1ea3n ph\u1ea9m<\/span><\/span><\/span><\/b><\/span><\/span><\/span><\/p>\n<\/td>\n<td style=\"border-bottom:solid #bfbfbf 1.0pt; border-top:none; border-left:none; border-right:solid #bfbfbf 1.0pt; padding:0cm 5.4pt 0cm 5.4pt\" valign=\"top\">\n<p style=\"text-align: justify;\"><span style=\"font-size:11pt\"><span style=\"line-height:normal\"><span style=\"font-family:Calibri,sans-serif\"><span style=\"font-size:12.0pt\"><span style='font-family:\"Times New Roman\",serif'><span style=\"color:#1b1c1d\">LOCTITE 2701<\/span><\/span><\/span><\/span><\/span><\/span><\/p>\n<\/td>\n<\/tr>\n<tr>\n<td style=\"border:solid #bfbfbf 1.0pt; border-top:none; padding:0cm 5.4pt 0cm 5.4pt\" valign=\"top\">\n<p style=\"text-align: justify;\"><span style=\"font-size:11pt\"><span style=\"line-height:normal\"><span style=\"font-family:Calibri,sans-serif\"><b><span style=\"border:none windowtext 1.0pt; font-size:12.0pt; padding:0cm\"><span style='font-family:\"Times New Roman\",serif'><span style=\"color:#1b1c1d\">Lo\u1ea1i keo<\/span><\/span><\/span><\/b><\/span><\/span><\/span><\/p>\n<\/td>\n<td style=\"border-bottom:solid #bfbfbf 1.0pt; border-top:none; border-left:none; border-right:solid #bfbfbf 1.0pt; padding:0cm 5.4pt 0cm 5.4pt\" valign=\"top\">\n<p style=\"text-align: justify;\"><span style=\"font-size:11pt\"><span style=\"line-height:normal\"><span style=\"font-family:Calibri,sans-serif\"><span style=\"font-size:12.0pt\"><span style='font-family:\"Times New Roman\",serif'><span style=\"color:#1b1c1d\">Kh\u00f3a ren Anaerobic<\/span><\/span><\/span><\/span><\/span><\/span><\/p>\n<\/td>\n<\/tr>\n<tr>\n<td style=\"border:solid #bfbfbf 1.0pt; border-top:none; padding:0cm 5.4pt 0cm 5.4pt\" valign=\"top\">\n<p style=\"text-align: justify;\"><span style=\"font-size:11pt\"><span style=\"line-height:normal\"><span style=\"font-family:Calibri,sans-serif\"><b><span style=\"border:none windowtext 1.0pt; font-size:12.0pt; padding:0cm\"><span style='font-family:\"Times New Roman\",serif'><span style=\"color:#1b1c1d\">C\u01b0\u1eddng \u0111\u1ed9<\/span><\/span><\/span><\/b><\/span><\/span><\/span><\/p>\n<\/td>\n<td style=\"border-bottom:solid #bfbfbf 1.0pt; border-top:none; border-left:none; border-right:solid #bfbfbf 1.0pt; padding:0cm 5.4pt 0cm 5.4pt\" valign=\"top\">\n<p style=\"text-align: justify;\"><span style=\"font-size:11pt\"><span style=\"line-height:normal\"><span style=\"font-family:Calibri,sans-serif\"><span style=\"font-size:12.0pt\"><span style='font-family:\"Times New Roman\",serif'><span style=\"color:#1b1c1d\">Cao (V\u0129nh vi\u1ec5n)<\/span><\/span><\/span><\/span><\/span><\/span><\/p>\n<\/td>\n<\/tr>\n<tr>\n<td style=\"border:solid #bfbfbf 1.0pt; border-top:none; padding:0cm 5.4pt 0cm 5.4pt\" valign=\"top\">\n<p style=\"text-align: justify;\"><span style=\"font-size:11pt\"><span style=\"line-height:normal\"><span style=\"font-family:Calibri,sans-serif\"><b><span style=\"border:none windowtext 1.0pt; font-size:12.0pt; padding:0cm\"><span style='font-family:\"Times New Roman\",serif'><span style=\"color:#1b1c1d\">M\u00e0u s\u1eafc<\/span><\/span><\/span><\/b><\/span><\/span><\/span><\/p>\n<\/td>\n<td style=\"border-bottom:solid #bfbfbf 1.0pt; border-top:none; border-left:none; border-right:solid #bfbfbf 1.0pt; padding:0cm 5.4pt 0cm 5.4pt\" valign=\"top\">\n<p style=\"text-align: justify;\"><span style=\"font-size:11pt\"><span style=\"line-height:normal\"><span style=\"font-family:Calibri,sans-serif\"><span style=\"font-size:12.0pt\"><span style='font-family:\"Times New Roman\",serif'><span style=\"color:#1b1c1d\">Xanh l\u00e1<\/span><\/span><\/span><\/span><\/span><\/span><\/p>\n<\/td>\n<\/tr>\n<tr>\n<td style=\"border:solid #bfbfbf 1.0pt; border-top:none; padding:0cm 5.4pt 0cm 5.4pt\" valign=\"top\">\n<p style=\"text-align: justify;\"><span style=\"font-size:11pt\"><span style=\"line-height:normal\"><span style=\"font-family:Calibri,sans-serif\"><b><span style=\"border:none windowtext 1.0pt; font-size:12.0pt; padding:0cm\"><span style='font-family:\"Times New Roman\",serif'><span style=\"color:#1b1c1d\">K\u00edch th\u01b0\u1edbc ren t\u1ed1i \u0111a<\/span><\/span><\/span><\/b><\/span><\/span><\/span><\/p>\n<\/td>\n<td style=\"border-bottom:solid #bfbfbf 1.0pt; border-top:none; border-left:none; border-right:solid #bfbfbf 1.0pt; padding:0cm 5.4pt 0cm 5.4pt\" valign=\"top\">\n<p style=\"text-align: justify;\"><span style=\"font-size:11pt\"><span style=\"line-height:normal\"><span style=\"font-family:Calibri,sans-serif\"><span style=\"font-size:12.0pt\"><span style='font-family:\"Times New Roman\",serif'><span style=\"color:#1b1c1d\">M20<\/span><\/span><\/span><\/span><\/span><\/span><\/p>\n<\/td>\n<\/tr>\n<tr>\n<td style=\"border:solid #bfbfbf 1.0pt; border-top:none; padding:0cm 5.4pt 0cm 5.4pt\" valign=\"top\">\n<p style=\"text-align: justify;\"><span style=\"font-size:11pt\"><span style=\"line-height:normal\"><span style=\"font-family:Calibri,sans-serif\"><b><span style=\"border:none windowtext 1.0pt; font-size:12.0pt; padding:0cm\"><span style='font-family:\"Times New Roman\",serif'><span style=\"color:#1b1c1d\">\u0110\u1ed9 nh\u1edbt<\/span><\/span><\/span><\/b><\/span><\/span><\/span><\/p>\n<\/td>\n<td style=\"border-bottom:solid #bfbfbf 1.0pt; border-top:none; border-left:none; border-right:solid #bfbfbf 1.0pt; padding:0cm 5.4pt 0cm 5.4pt\" valign=\"top\">\n<p style=\"text-align: justify;\"><span style=\"font-size:11pt\"><span style=\"line-height:normal\"><span style=\"font-family:Calibri,sans-serif\"><span style=\"font-size:12.0pt\"><span style='font-family:\"Times New Roman\",serif'><span style=\"color:#1b1c1d\">Th\u1ea5p<\/span><\/span><\/span><\/span><\/span><\/span><\/p>\n<\/td>\n<\/tr>\n<tr>\n<td style=\"border:solid #bfbfbf 1.0pt; border-top:none; padding:0cm 5.4pt 0cm 5.4pt\" valign=\"top\">\n<p style=\"text-align: justify;\"><span style=\"font-size:11pt\"><span style=\"line-height:normal\"><span style=\"font-family:Calibri,sans-serif\"><b><span style=\"border:none windowtext 1.0pt; font-size:12.0pt; padding:0cm\"><span style='font-family:\"Times New Roman\",serif'><span style=\"color:#1b1c1d\">Th\u1eddi gian c\u1ed1 \u0111\u1ecbnh ban \u0111\u1ea7u<\/span><\/span><\/span><\/b><\/span><\/span><\/span><\/p>\n<\/td>\n<td style=\"border-bottom:solid #bfbfbf 1.0pt; border-top:none; border-left:none; border-right:solid #bfbfbf 1.0pt; padding:0cm 5.4pt 0cm 5.4pt\" valign=\"top\">\n<p style=\"text-align: justify;\"><span style=\"font-size:11pt\"><span style=\"line-height:normal\"><span style=\"font-family:Calibri,sans-serif\"><span style=\"font-size:12.0pt\"><span style='font-family:\"Times New Roman\",serif'><span style=\"color:#1b1c1d\">Kho\u1ea3ng 10 &#8211; 20 ph\u00fat (tr\u00ean th\u00e9p)<\/span><\/span><\/span><\/span><\/span><\/span><\/p>\n<\/td>\n<\/tr>\n<tr>\n<td style=\"border:solid #bfbfbf 1.0pt; border-top:none; padding:0cm 5.4pt 0cm 5.4pt\" valign=\"top\">\n<p style=\"text-align: justify;\"><span style=\"font-size:11pt\"><span style=\"line-height:normal\"><span style=\"font-family:Calibri,sans-serif\"><b><span style=\"border:none windowtext 1.0pt; font-size:12.0pt; padding:0cm\"><span style='font-family:\"Times New Roman\",serif'><span style=\"color:#1b1c1d\">Ph\u1ea1m vi nhi\u1ec7t \u0111\u1ed9 ho\u1ea1t \u0111\u1ed9ng<\/span><\/span><\/span><\/b><\/span><\/span><\/span><\/p>\n<\/td>\n<td style=\"border-bottom:solid #bfbfbf 1.0pt; border-top:none; border-left:none; border-right:solid #bfbfbf 1.0pt; padding:0cm 5.4pt 0cm 5.4pt\" valign=\"top\">\n<p style=\"text-align: justify;\"><span style=\"font-size:11pt\"><span style=\"line-height:normal\"><span style=\"font-family:Calibri,sans-serif\"><span style=\"font-size:12.0pt\"><span style='font-family:\"Times New Roman\",serif'><span style=\"color:#1b1c1d\">Th\u01b0\u1eddng t\u1eeb -55\u00b0C \u0111\u1ebfn +150\u00b0C<\/span><\/span><\/span><\/span><\/span><\/span><\/p>\n<\/td>\n<\/tr>\n<tr>\n<td style=\"border:solid #bfbfbf 1.0pt; border-top:none; padding:0cm 5.4pt 0cm 5.4pt\" valign=\"top\">\n<p style=\"text-align: justify;\"><span style=\"font-size:11pt\"><span style=\"line-height:normal\"><span style=\"font-family:Calibri,sans-serif\"><b><span style=\"border:none windowtext 1.0pt; font-size:12.0pt; padding:0cm\"><span style='font-family:\"Times New Roman\",serif'><span style=\"color:#1b1c1d\">Quy c\u00e1ch \u0111\u00f3ng g\u00f3i<\/span><\/span><\/span><\/b><\/span><\/span><\/span><\/p>\n<\/td>\n<td style=\"border-bottom:solid #bfbfbf 1.0pt; border-top:none; border-left:none; border-right:solid #bfbfbf 1.0pt; padding:0cm 5.4pt 0cm 5.4pt\" valign=\"top\">\n<p style=\"text-align: justify;\"><span style=\"font-size:11pt\"><span style=\"line-height:normal\"><span style=\"font-family:Calibri,sans-serif\"><span style=\"font-size:12.0pt\"><span style='font-family:\"Times New Roman\",serif'><span style=\"color:#1b1c1d\">Chai <span style=\"border:none windowtext 1.0pt; padding:0cm\">250 ml<\/span><\/span><\/span><\/span><\/span><\/span><\/span><\/p>\n<\/td>\n<\/tr>\n<tr>\n<td style=\"border:solid #bfbfbf 1.0pt; border-top:none; padding:0cm 5.4pt 0cm 5.4pt\" valign=\"top\">\n<p style=\"text-align: justify;\"><span style=\"font-size:11pt\"><span style=\"line-height:normal\"><span style=\"font-family:Calibri,sans-serif\"><b><span style=\"border:none windowtext 1.0pt; font-size:12.0pt; padding:0cm\"><span style='font-family:\"Times New Roman\",serif'><span style=\"color:#1b1c1d\">Th\u00e1o g\u1ee1<\/span><\/span><\/span><\/b><\/span><\/span><\/span><\/p>\n<\/td>\n<td style=\"border-bottom:solid #bfbfbf 1.0pt; border-top:none; border-left:none; border-right:solid #bfbfbf 1.0pt; padding:0cm 5.4pt 0cm 5.4pt\" valign=\"top\">\n<p style=\"text-align: justify;\"><span style=\"font-size:11pt\"><span style=\"line-height:normal\"><span style=\"font-family:Calibri,sans-serif\"><span style=\"font-size:12.0pt\"><span style='font-family:\"Times New Roman\",serif'><span style=\"color:#1b1c1d\">C\u1ea7n gia nhi\u1ec7t c\u1ee5c b\u1ed9 (kho\u1ea3ng 250\u00b0C) \u0111\u1ec3 l\u00e0m m\u1ec1m keo tr\u01b0\u1edbc khi th\u00e1o b\u1eb1ng d\u1ee5ng c\u1ee5.<\/span><\/span><\/span><\/span><\/span><\/span><\/p>\n<\/td>\n<\/tr>\n<\/tbody>\n<\/table>\n<p style=\"text-align: justify;\">\u00a0<\/p>\n<p style=\"text-align: justify;\"><b>Th\u00f4ng tin truy c\u1eadp<\/b><\/p>\n<p style=\"text-align: justify;\"><a href=\"https:\/\/www.loctiteproducts.com\/\" target=\"_blank\">T\u00ecm hi\u1ec3u th\u00eam t\u00e0i li\u1ec7u s\u1ea3n ph\u1ea9m LOCTITE<\/a><\/p>\n<p style=\"text-align: justify;\"><u><a href=\"https:\/\/suncompany.vn\">T\u00ecm hi\u1ec3u th\u00eam v\u1ec1 c\u00e1c d\u00f2ng s\u1ea3n ph\u1ea9m kh\u00e1c\u00a0c\u1ee7a SUN COMPANY<\/a><\/u><\/p>\n<h3 style=\"text-align: justify;\"><\/h3>\n<p style=\"text-align: justify;\">L\u00e0 nh\u00e0 ph\u00e2n ph\u1ed1i c\u00e1c s\u1ea3n ph\u1ea9m keo, m\u1ee1 b\u00f4i tr\u01a1n, b\u00ecnh x\u1ecbt v\u00e0 v\u1eadt t\u01b0 c\u00f4ng nghi\u1ec7p c\u1ee7a <strong>LOCTITE<\/strong>\u00a0 t\u1ea1i th\u1ecb tr\u01b0\u1eddng Vi\u1ec7t Nam v\u1edbi c\u00e1c \u1ee9ng d\u1ee5ng trong vi\u1ec7c b\u1ea3o tr\u00ec b\u1ea3o d\u01b0\u1ee1ng m\u00e1y m\u00f3c v\u00e0 thi\u1ebft b\u1ecb c\u00f4ng nghi\u1ec7p.<\/p>\n<p style=\"text-align: justify;\">B\u1eb1ng c\u00e1ch cung c\u1ea5p cho kh\u00e1ch h\u00e0ng c\u00e1c s\u1ea3n ph\u1ea9m t\u1ed1t v\u00e0 ch\u1ea5t l\u01b0\u1ee3ng \u0111\u01b0\u1ee3c s\u1ea3n xu\u1ea5t v\u00e0 gi\u00e1m s\u00e1t ch\u1eb7t ch\u1ebd b\u1edfi h\u1ec7 th\u1ed1ng qu\u1ea3n l\u00fd chuy\u00ean nghi\u1ec7p,\u00a0<a href=\"http:\/\/https\/suncompany.vn\"><b>SUNCOMPANY<\/b>\u00a0<\/a>t\u1ef1 h\u00e0o \u0111\u00e3 \u0111\u00f3ng g\u00f3p v\u00e0o cu\u1ed9c s\u1ed1ng con ng\u01b0\u1eddi c\u0169ng nh\u01b0 s\u1ef1 ph\u00e1t tri\u1ec3n tr\u00ean th\u1ecb tr\u01b0\u1eddng c\u00f4ng nghi\u1ec7p t\u1ea1i Vi\u1ec7t Nam.<\/p>\n<p style=\"text-align: justify;\"><strong>Th\u00f4ng tin li\u00ean h\u1ec7\u00a0<\/strong><\/p>\n<p style=\"text-align: justify;\"><strong>C\u00d4NG TY TNHH TH\u01af\u01a0NG M\u1ea0I D\u1ecaCH V\u1ee4 SUN COMMERCIAL \u2013 SUN COMMERCIAL SERVICE TRADING CO., LTD<\/strong><\/p>\n<p style=\"text-align: justify;\">\u2013 M\u00e3 s\u1ed1 thu\u1ebf: 0316694604<\/p>\n<p style=\"text-align: justify;\">\u2013 S\u0110T: 090 666 5927\u00a0<\/p>\n<p style=\"text-align: justify;\">\u2013 \u0110\u1ecba ch\u1ec9: 118\/8 Hu\u1ef3nh Thi\u1ec7n L\u1ed9c, Ph\u01b0\u1eddng Ho\u00e0 Th\u1ea1nh, Qu\u1eadn T\u00e2n Ph\u00fa, TP. H\u1ed3 Ch\u00ed Minh<\/p>\n<\/p><\/div>\n","protected":false},"excerpt":{"rendered":"<p><strong>T\u00ean sa\u0309n ph\u00e2\u0309m:<\/strong>\u00a0Keo Loctite 2701-250ml<br \/>\n<strong>T\u00ecnh tr\u1ea1ng:<\/strong>\u00a0Li\u00ean h\u1ec7 S\u0110T 090 666 5927\u00a0<br \/>\n<strong>Kho:<\/strong>\u00a0H\u1ed3 Ch\u00ed Minh.<br \/>\n<strong>Li\u00ean h\u1ec7:<\/strong>\u00a0090.666.5927 (24\/7)<br \/>\n<strong>Giao h\u00e0ng:<\/strong>\u00a0Trong ng\u00e0y<\/p>\n","protected":false},"featured_media":4944,"comment_status":"closed","ping_status":"closed","template":"","meta":[],"product_brand":[],"product_cat":[141],"product_tag":[],"class_list":{"0":"post-4943","1":"product","2":"type-product","3":"status-publish","4":"has-post-thumbnail","6":"product_cat-loctite","8":"first","9":"instock","10":"shipping-taxable","11":"product-type-simple"},"_links":{"self":[{"href":"https:\/\/yenhung.com\/index.php?rest_route=\/wp\/v2\/product\/4943","targetHints":{"allow":["GET"]}}],"collection":[{"href":"https:\/\/yenhung.com\/index.php?rest_route=\/wp\/v2\/product"}],"about":[{"href":"https:\/\/yenhung.com\/index.php?rest_route=\/wp\/v2\/types\/product"}],"replies":[{"embeddable":true,"href":"https:\/\/yenhung.com\/index.php?rest_route=%2Fwp%2Fv2%2Fcomments&post=4943"}],"wp:featuredmedia":[{"embeddable":true,"href":"https:\/\/yenhung.com\/index.php?rest_route=\/wp\/v2\/media\/4944"}],"wp:attachment":[{"href":"https:\/\/yenhung.com\/index.php?rest_route=%2Fwp%2Fv2%2Fmedia&parent=4943"}],"wp:term":[{"taxonomy":"product_brand","embeddable":true,"href":"https:\/\/yenhung.com\/index.php?rest_route=%2Fwp%2Fv2%2Fproduct_brand&post=4943"},{"taxonomy":"product_cat","embeddable":true,"href":"https:\/\/yenhung.com\/index.php?rest_route=%2Fwp%2Fv2%2Fproduct_cat&post=4943"},{"taxonomy":"product_tag","embeddable":true,"href":"https:\/\/yenhung.com\/index.php?rest_route=%2Fwp%2Fv2%2Fproduct_tag&post=4943"}],"curies":[{"name":"wp","href":"https:\/\/api.w.org\/{rel}","templated":true}]}}