{"id":4951,"date":"2025-10-28T02:16:41","date_gmt":"2025-10-28T02:16:41","guid":{"rendered":"https:\/\/yenhung.com\/?product=keo-loctite-ea-3463-dang-bot-tret"},"modified":"2025-10-28T02:16:43","modified_gmt":"2025-10-28T02:16:43","slug":"keo-loctite-ea-3463-dang-bot-tret","status":"publish","type":"product","link":"https:\/\/yenhung.com\/?product=keo-loctite-ea-3463-dang-bot-tret","title":{"rendered":"Keo Loctite EA 3463 &#8211; d\u1ea1ng b\u1ed9t tr\u00e9t"},"content":{"rendered":"<\/p>\n<div class=\"ba-text-fpt\">\n<h2 style=\"text-align: justify;\"><strong>T\u1ed5ng quan v\u1ec1 Keo Loctite EA 3463 &#8211; d\u1ea1ng b\u1ed9t tr\u00e9t<\/strong><\/h2>\n<p style=\"text-align: justify;\"><b>LOCTITE EA 3463<\/b> (th\u01b0\u1eddng \u0111\u01b0\u1ee3c bi\u1ebft \u0111\u1ebfn v\u1edbi t\u00ean th\u01b0\u01a1ng m\u1ea1i l\u00e0 Metal Magic Steel) l\u00e0 m\u1ed9t lo\u1ea1i keo epoxy hai th\u00e0nh ph\u1ea7n d\u1ea1ng b\u1ed9t tr\u00e9t (putty stick) ch\u1ee9a th\u00e9p, \u0111\u01b0\u1ee3c thi\u1ebft k\u1ebf \u0111\u1eb7c bi\u1ec7t cho c\u00e1c c\u00f4ng vi\u1ec7c s\u1eeda ch\u1eefa kh\u1ea9n c\u1ea5p v\u00e0 nhanh ch\u00f3ng tr\u00ean c\u00e1c b\u1ed9 ph\u1eadn kim lo\u1ea1i.<\/p>\n<p style=\"text-align: justify;\">S\u1ea3n ph\u1ea9m n\u00e0y c\u1ef1c k\u1ef3 ti\u1ec7n l\u1ee3i v\u00ec n\u00f3 l\u00e0 m\u1ed9t thanh epoxy c\u00f3 s\u1eb5n, ng\u01b0\u1eddi d\u00f9ng ch\u1ec9 c\u1ea7n c\u1eaft, nh\u00e0o tr\u1ed9n v\u00e0 \u00e1p d\u1ee5ng. N\u00f3 mang l\u1ea1i kh\u1ea3 n\u0103ng k\u1ebft d\u00ednh v\u00e0 s\u1eeda ch\u1eefa c\u1ea5p \u0111\u1ed9 th\u00e9p ch\u1ec9 trong v\u00e0i ph\u00fat.<\/p>\n<p style=\"text-align: justify;\">\u00a0<\/p>\n<h2 style=\"text-align: justify;\"><strong>\u0110\u1eb7c \u0111i\u1ec3m v\u00e0 \u01afu \u0111i\u1ec3m Keo Loctite EA 3463 &#8211; d\u1ea1ng b\u1ed9t tr\u00e9t<\/strong><\/h2>\n<p style=\"text-align: center;\"><strong><img decoding=\"async\" alt=\"Keo Loctite EA 3463 - d\u1ea1ng b\u1ed9t tr\u00e9t\" data-thumb=\"grande\" original-height=\"421\" original-width=\"261\" src=\"https:\/\/yenhung.com\/wp-content\/uploads\/2025\/10\/keo-loctite-ea-3463-dang-bot-tret-2-2.png\" title=\"keo-loctite-ea-3463-dang-bot-tret-2-2\"><\/strong><\/p>\n<ul>\n<li>\n<p style=\"text-align: justify;\"><b>D\u1ea1ng b\u1ed9t tr\u00e9t ti\u1ec7n l\u1ee3i (Putty Stick Format)<\/b>: L\u00e0 \u01b0u \u0111i\u1ec3m l\u1edbn nh\u1ea5t. S\u1ea3n ph\u1ea9m l\u00e0 m\u1ed9t thanh keo hai m\u00e0u (keo v\u00e0 ch\u1ea5t l\u00e0m c\u1ee9ng) \u0111\u01b0\u1ee3c cu\u1ed9n l\u1ea1i v\u1edbi nhau. Ng\u01b0\u1eddi d\u00f9ng ch\u1ec9 c\u1ea7n c\u1eaft m\u1ed9t mi\u1ebfng v\u1eeba \u0111\u1ee7, nh\u00e0o tr\u1ed9n b\u1eb1ng tay cho \u0111\u1ebfn khi m\u00e0u \u0111\u1ed3ng nh\u1ea5t, v\u00e0 \u00e1p d\u1ee5ng ngay l\u1eadp t\u1ee9c. <b>Kh\u00f4ng c\u1ea7n d\u1ee5ng c\u1ee5 \u0111o l\u01b0\u1eddng hay tr\u1ed9n \u0111\u1eb7c bi\u1ec7t<\/b>.<\/p>\n<\/li>\n<li>\n<p style=\"text-align: justify;\"><b>C\u1ed1 \u0111\u1ecbnh c\u1ef1c nhanh<\/b>: Keo c\u00f3 th\u1eddi gian l\u00e0m vi\u1ec7c (pot life) r\u1ea5t ng\u1eafn, th\u01b0\u1eddng ch\u1ec9 kho\u1ea3ng <b>3 ph\u00fat<\/b>, v\u00e0 th\u1eddi gian c\u1ed1 \u0111\u1ecbnh (fix time) nhanh ch\u00f3ng, l\u00fd t\u01b0\u1edfng cho c\u00e1c t\u00ecnh hu\u1ed1ng kh\u1ea9n c\u1ea5p c\u1ea7n \u0111\u01b0a thi\u1ebft b\u1ecb tr\u1edf l\u1ea1i ho\u1ea1t \u0111\u1ed9ng nhanh nh\u1ea5t.<\/p>\n<\/li>\n<li>\n<p style=\"text-align: justify;\"><b>S\u1eeda ch\u1eefa \u0111a n\u0103ng<\/b>: B\u00e1m d\u00ednh v\u00e0 s\u1eeda ch\u1eefa tuy\u1ec7t v\u1eddi tr\u00ean nhi\u1ec1u lo\u1ea1i v\u1eadt li\u1ec7u kim lo\u1ea1i nh\u01b0 <b>th\u00e9p, s\u1eaft, nh\u00f4m<\/b>, v\u00e0 c\u1ea3 <b>\u0111\u1ed3ng<\/b>.<\/p>\n<\/li>\n<li>\n<p style=\"text-align: justify;\"><b>B\u00edt k\u00edn hi\u1ec7u qu\u1ea3<\/b>: C\u00f3 th\u1ec3 d\u00f9ng \u0111\u1ec3 b\u00edt k\u00edn c\u00e1c v\u1ebft n\u1ee9t, l\u1ed7 h\u1ed5ng, r\u00f2 r\u1ec9 tr\u00ean \u0111\u01b0\u1eddng \u1ed1ng, b\u1ed3n ch\u1ee9a, ho\u1eb7c c\u00e1c v\u1ecf m\u00e1y b\u1ecb n\u1ee9t.<\/p>\n<\/li>\n<li>\n<p style=\"text-align: justify;\"><b>Kh\u1ea3 n\u0103ng ch\u1ecbu nhi\u1ec7t v\u00e0 h\u00f3a ch\u1ea5t<\/b>: Sau khi \u0111\u00f3ng r\u1eafn ho\u00e0n to\u00e0n, keo c\u00f3 kh\u1ea3 n\u0103ng ch\u1ecbu \u0111\u01b0\u1ee3c nhi\u1ec7t \u0111\u1ed9 cao v\u00e0 kh\u00e1ng t\u1ed1t v\u1edbi d\u1ea7u, x\u0103ng, n\u01b0\u1edbc v\u00e0 c\u00e1c h\u00f3a ch\u1ea5t kh\u00e1c.<\/p>\n<\/li>\n<li>\n<p style=\"text-align: justify;\"><b>C\u00f3 th\u1ec3 gia c\u00f4ng<\/b>: M\u1ed1i d\u00e1n sau khi kh\u00f4 c\u1ee9ng c\u00f3 th\u1ec3 \u0111\u01b0\u1ee3c <b>khoan, m\u00e0i, d\u0169a, \u0111\u00e1nh b\u00f3ng ho\u1eb7c s\u01a1n ph\u1ee7<\/b> gi\u1ed1ng nh\u01b0 kim lo\u1ea1i th\u1eadt.<\/p>\n<\/li>\n<\/ul>\n<h2 style=\"text-align: justify;\"><strong>Th\u00f4ng s\u1ed1 k\u1ef9 thu\u1eadt Keo Loctite EA 3463 &#8211; d\u1ea1ng b\u1ed9t tr\u00e9t<\/strong><\/h2>\n<p>\u00a0<\/p>\n<p style=\"text-align: center;\"><img decoding=\"async\" alt=\"Keo Loctite EA 3463 - d\u1ea1ng b\u1ed9t tr\u00e9t\" data-thumb=\"2048x2048\" original-height=\"289\" original-width=\"290\" src=\"https:\/\/yenhung.com\/wp-content\/uploads\/2025\/10\/keo-loctite-ea-3463-dang-bot-tret-1-1.png\" title=\"keo-loctite-ea-3463-dang-bot-tret-1-1\"><\/p>\n<table class=\"MsoTableGridLight\" style=\"border-collapse:collapse; border:solid #bfbfbf 1.0pt\">\n<tbody>\n<tr>\n<td style=\"border:solid #bfbfbf 1.0pt; padding:0cm 5.4pt 0cm 5.4pt\" valign=\"top\">\n<p style=\"text-align: justify;\"><strong><span style=\"font-size:11pt\"><span style=\"line-height:normal\"><span style=\"font-family:Calibri,sans-serif\"><span style=\"font-size:12.0pt\"><span style='font-family:\"Times New Roman\",serif'><span style=\"color:#1b1c1d\">T\u00ean th\u00f4ng s\u1ed1<\/span><\/span><\/span><\/span><\/span><\/span><\/strong><\/p>\n<\/td>\n<td style=\"border:solid #bfbfbf 1.0pt; border-left:none; padding:0cm 5.4pt 0cm 5.4pt\" valign=\"top\">\n<p style=\"text-align: justify;\"><strong><span style=\"font-size:11pt\"><span style=\"line-height:normal\"><span style=\"font-family:Calibri,sans-serif\"><span style=\"font-size:12.0pt\"><span style='font-family:\"Times New Roman\",serif'><span style=\"color:#1b1c1d\">Chi ti\u1ebft<\/span><\/span><\/span><\/span><\/span><\/span><\/strong><\/p>\n<\/td>\n<\/tr>\n<tr>\n<td style=\"border:solid #bfbfbf 1.0pt; border-top:none; padding:0cm 5.4pt 0cm 5.4pt\" valign=\"top\">\n<p style=\"text-align: justify;\"><span style=\"font-size:11pt\"><span style=\"line-height:normal\"><span style=\"font-family:Calibri,sans-serif\"><b><span style=\"border:none windowtext 1.0pt; font-size:12.0pt; padding:0cm\"><span style='font-family:\"Times New Roman\",serif'><span style=\"color:#1b1c1d\">M\u00e3 s\u1ea3n ph\u1ea9m<\/span><\/span><\/span><\/b><\/span><\/span><\/span><\/p>\n<\/td>\n<td style=\"border-bottom:solid #bfbfbf 1.0pt; border-top:none; border-left:none; border-right:solid #bfbfbf 1.0pt; padding:0cm 5.4pt 0cm 5.4pt\" valign=\"top\">\n<p style=\"text-align: justify;\"><span style=\"font-size:11pt\"><span style=\"line-height:normal\"><span style=\"font-family:Calibri,sans-serif\"><span style=\"font-size:12.0pt\"><span style='font-family:\"Times New Roman\",serif'><span style=\"color:#1b1c1d\">LOCTITE EA 3463<\/span><\/span><\/span><\/span><\/span><\/span><\/p>\n<\/td>\n<\/tr>\n<tr>\n<td style=\"border:solid #bfbfbf 1.0pt; border-top:none; padding:0cm 5.4pt 0cm 5.4pt\" valign=\"top\">\n<p style=\"text-align: justify;\"><span style=\"font-size:11pt\"><span style=\"line-height:normal\"><span style=\"font-family:Calibri,sans-serif\"><b><span style=\"border:none windowtext 1.0pt; font-size:12.0pt; padding:0cm\"><span style='font-family:\"Times New Roman\",serif'><span style=\"color:#1b1c1d\">Lo\u1ea1i keo<\/span><\/span><\/span><\/b><\/span><\/span><\/span><\/p>\n<\/td>\n<td style=\"border-bottom:solid #bfbfbf 1.0pt; border-top:none; border-left:none; border-right:solid #bfbfbf 1.0pt; padding:0cm 5.4pt 0cm 5.4pt\" valign=\"top\">\n<p style=\"text-align: justify;\"><span style=\"font-size:11pt\"><span style=\"line-height:normal\"><span style=\"font-family:Calibri,sans-serif\"><span style=\"font-size:12.0pt\"><span style='font-family:\"Times New Roman\",serif'><span style=\"color:#1b1c1d\">Epoxy Hai th\u00e0nh ph\u1ea7n ch\u1ee9a Th\u00e9p<\/span><\/span><\/span><\/span><\/span><\/span><\/p>\n<\/td>\n<\/tr>\n<tr>\n<td style=\"border:solid #bfbfbf 1.0pt; border-top:none; padding:0cm 5.4pt 0cm 5.4pt\" valign=\"top\">\n<p style=\"text-align: justify;\"><span style=\"font-size:11pt\"><span style=\"line-height:normal\"><span style=\"font-family:Calibri,sans-serif\"><b><span style=\"border:none windowtext 1.0pt; font-size:12.0pt; padding:0cm\"><span style='font-family:\"Times New Roman\",serif'><span style=\"color:#1b1c1d\">D\u1ea1ng s\u1ea3n ph\u1ea9m<\/span><\/span><\/span><\/b><\/span><\/span><\/span><\/p>\n<\/td>\n<td style=\"border-bottom:solid #bfbfbf 1.0pt; border-top:none; border-left:none; border-right:solid #bfbfbf 1.0pt; padding:0cm 5.4pt 0cm 5.4pt\" valign=\"top\">\n<p style=\"text-align: justify;\"><span style=\"font-size:11pt\"><span style=\"line-height:normal\"><span style=\"font-family:Calibri,sans-serif\"><span style=\"font-size:12.0pt\"><span style='font-family:\"Times New Roman\",serif'><span style=\"color:#1b1c1d\">B\u1ed9t tr\u00e9t (Putty Stick)<\/span><\/span><\/span><\/span><\/span><\/span><\/p>\n<\/td>\n<\/tr>\n<tr>\n<td style=\"border:solid #bfbfbf 1.0pt; border-top:none; padding:0cm 5.4pt 0cm 5.4pt\" valign=\"top\">\n<p style=\"text-align: justify;\"><span style=\"font-size:11pt\"><span style=\"line-height:normal\"><span style=\"font-family:Calibri,sans-serif\"><b><span style=\"border:none windowtext 1.0pt; font-size:12.0pt; padding:0cm\"><span style='font-family:\"Times New Roman\",serif'><span style=\"color:#1b1c1d\">M\u00e0u s\u1eafc<\/span><\/span><\/span><\/b><\/span><\/span><\/span><\/p>\n<\/td>\n<td style=\"border-bottom:solid #bfbfbf 1.0pt; border-top:none; border-left:none; border-right:solid #bfbfbf 1.0pt; padding:0cm 5.4pt 0cm 5.4pt\" valign=\"top\">\n<p style=\"text-align: justify;\"><span style=\"font-size:11pt\"><span style=\"line-height:normal\"><span style=\"font-family:Calibri,sans-serif\"><span style=\"font-size:12.0pt\"><span style='font-family:\"Times New Roman\",serif'><span style=\"color:#1b1c1d\">X\u00e1m \u0111\u1eadm \/ Kim lo\u1ea1i<\/span><\/span><\/span><\/span><\/span><\/span><\/p>\n<\/td>\n<\/tr>\n<tr>\n<td style=\"border:solid #bfbfbf 1.0pt; border-top:none; padding:0cm 5.4pt 0cm 5.4pt\" valign=\"top\">\n<p style=\"text-align: justify;\"><span style=\"font-size:11pt\"><span style=\"line-height:normal\"><span style=\"font-family:Calibri,sans-serif\"><b><span style=\"border:none windowtext 1.0pt; font-size:12.0pt; padding:0cm\"><span style='font-family:\"Times New Roman\",serif'><span style=\"color:#1b1c1d\">Th\u1eddi gian l\u00e0m vi\u1ec7c (Pot Life)<\/span><\/span><\/span><\/b><\/span><\/span><\/span><\/p>\n<\/td>\n<td style=\"border-bottom:solid #bfbfbf 1.0pt; border-top:none; border-left:none; border-right:solid #bfbfbf 1.0pt; padding:0cm 5.4pt 0cm 5.4pt\" valign=\"top\">\n<p style=\"text-align: justify;\"><span style=\"font-size:11pt\"><span style=\"line-height:normal\"><span style=\"font-family:Calibri,sans-serif\"><span style=\"font-size:12.0pt\"><span style='font-family:\"Times New Roman\",serif'><span style=\"color:#1b1c1d\">Kho\u1ea3ng 3 ph\u00fat (t\u1ea1i 25\u00b0C)<\/span><\/span><\/span><\/span><\/span><\/span><\/p>\n<\/td>\n<\/tr>\n<tr>\n<td style=\"border:solid #bfbfbf 1.0pt; border-top:none; padding:0cm 5.4pt 0cm 5.4pt\" valign=\"top\">\n<p style=\"text-align: justify;\"><span style=\"font-size:11pt\"><span style=\"line-height:normal\"><span style=\"font-family:Calibri,sans-serif\"><b><span style=\"border:none windowtext 1.0pt; font-size:12.0pt; padding:0cm\"><span style='font-family:\"Times New Roman\",serif'><span style=\"color:#1b1c1d\">Th\u1eddi gian c\u1ed1 \u0111\u1ecbnh ban \u0111\u1ea7u<\/span><\/span><\/span><\/b><\/span><\/span><\/span><\/p>\n<\/td>\n<td style=\"border-bottom:solid #bfbfbf 1.0pt; border-top:none; border-left:none; border-right:solid #bfbfbf 1.0pt; padding:0cm 5.4pt 0cm 5.4pt\" valign=\"top\">\n<p style=\"text-align: justify;\"><span style=\"font-size:11pt\"><span style=\"line-height:normal\"><span style=\"font-family:Calibri,sans-serif\"><span style=\"font-size:12.0pt\"><span style='font-family:\"Times New Roman\",serif'><span style=\"color:#1b1c1d\">Kho\u1ea3ng 10 ph\u00fat (t\u1ea1i 25\u00b0C)<\/span><\/span><\/span><\/span><\/span><\/span><\/p>\n<\/td>\n<\/tr>\n<tr>\n<td style=\"border:solid #bfbfbf 1.0pt; border-top:none; padding:0cm 5.4pt 0cm 5.4pt\" valign=\"top\">\n<p style=\"text-align: justify;\"><span style=\"font-size:11pt\"><span style=\"line-height:normal\"><span style=\"font-family:Calibri,sans-serif\"><b><span style=\"border:none windowtext 1.0pt; font-size:12.0pt; padding:0cm\"><span style='font-family:\"Times New Roman\",serif'><span style=\"color:#1b1c1d\">Ph\u1ea1m vi nhi\u1ec7t \u0111\u1ed9 ho\u1ea1t \u0111\u1ed9ng<\/span><\/span><\/span><\/b><\/span><\/span><\/span><\/p>\n<\/td>\n<td style=\"border-bottom:solid #bfbfbf 1.0pt; border-top:none; border-left:none; border-right:solid #bfbfbf 1.0pt; padding:0cm 5.4pt 0cm 5.4pt\" valign=\"top\">\n<p style=\"text-align: justify;\"><span style=\"font-size:11pt\"><span style=\"line-height:normal\"><span style=\"font-family:Calibri,sans-serif\"><span style=\"font-size:12.0pt\"><span style='font-family:\"Times New Roman\",serif'><span style=\"color:#1b1c1d\">Th\u01b0\u1eddng t\u1eeb -30\u00b0C \u0111\u1ebfn +120\u00b0C<\/span><\/span><\/span><\/span><\/span><\/span><\/p>\n<\/td>\n<\/tr>\n<tr>\n<td style=\"border:solid #bfbfbf 1.0pt; border-top:none; padding:0cm 5.4pt 0cm 5.4pt\" valign=\"top\">\n<p style=\"text-align: justify;\"><span style=\"font-size:11pt\"><span style=\"line-height:normal\"><span style=\"font-family:Calibri,sans-serif\"><b><span style=\"border:none windowtext 1.0pt; font-size:12.0pt; padding:0cm\"><span style='font-family:\"Times New Roman\",serif'><span style=\"color:#1b1c1d\">Kh\u1ea3 n\u0103ng ch\u1ecbu n\u00e9n<\/span><\/span><\/span><\/b><\/span><\/span><\/span><\/p>\n<\/td>\n<td style=\"border-bottom:solid #bfbfbf 1.0pt; border-top:none; border-left:none; border-right:solid #bfbfbf 1.0pt; padding:0cm 5.4pt 0cm 5.4pt\" valign=\"top\">\n<p style=\"text-align: justify;\"><span style=\"font-size:11pt\"><span style=\"line-height:normal\"><span style=\"font-family:Calibri,sans-serif\"><span style=\"font-size:12.0pt\"><span style='font-family:\"Times New Roman\",serif'><span style=\"color:#1b1c1d\">R\u1ea5t cao<\/span><\/span><\/span><\/span><\/span><\/span><\/p>\n<\/td>\n<\/tr>\n<\/tbody>\n<\/table>\n<h2 style=\"text-align: justify;\">\u00a0<\/h2>\n<h2 style=\"text-align: justify;\"><strong>\u1ee8ng d\u1ee5ng Keo Loctite EA 3463 &#8211; d\u1ea1ng b\u1ed9t tr\u00e9t<\/strong><\/h2>\n<p style=\"text-align: center;\"><strong><img decoding=\"async\" alt=\"Keo Loctite EA 3463 - d\u1ea1ng b\u1ed9t tr\u00e9t\" data-thumb=\"grande\" original-height=\"296\" original-width=\"513\" src=\"https:\/\/yenhung.com\/wp-content\/uploads\/2025\/10\/keo-loctite-ea-3463-dang-bot-tret-3.png\" title=\"keo-loctite-ea-3463-dang-bot-tret-3\"><\/strong><\/p>\n<ul>\n<li>\n<p style=\"text-align: justify;\"><b>S\u1eeda ch\u1eefa \u0111\u01b0\u1eddng \u1ed1ng v\u00e0 b\u1ed3n ch\u1ee9a<\/b>: V\u00e1 c\u00e1c v\u1ebft n\u1ee9t ho\u1eb7c l\u1ed7 th\u1ee7ng g\u00e2y r\u00f2 r\u1ec9 d\u1ea7u, n\u01b0\u1edbc ho\u1eb7c nhi\u00ean li\u1ec7u.<\/p>\n<\/li>\n<li>\n<p style=\"text-align: justify;\"><b>S\u1eeda ch\u1eefa v\u1ecf m\u00e1y v\u00e0 v\u1ecf \u0111\u1ed9ng c\u01a1<\/b>: V\u00e1 c\u00e1c v\u1ebft n\u1ee9t tr\u00ean v\u1ecf b\u01a1m, h\u1ed9p s\u1ed1 ho\u1eb7c v\u1ecf \u0111\u1ed9ng c\u01a1 kim lo\u1ea1i.<\/p>\n<\/li>\n<li>\n<p style=\"text-align: justify;\"><b>Ph\u1ee5c h\u1ed3i ren<\/b>: T\u1ea1o l\u1ea1i ho\u1eb7c s\u1eeda ch\u1eefa c\u00e1c ren b\u1ecb tr\u1eddn, h\u1ecfng trong c\u00e1c l\u1ed7 kim lo\u1ea1i.<\/p>\n<\/li>\n<li>\n<p style=\"text-align: justify;\"><b>S\u1eeda ch\u1eefa kh\u1ea9n c\u1ea5p trong ng\u00e0nh h\u00e0ng h\u1ea3i<\/b>: D\u00f9ng \u0111\u1ec3 s\u1eeda ch\u1eefa nhanh tr\u00ean t\u00e0u thuy\u1ec1n v\u00e0 c\u00e1c thi\u1ebft b\u1ecb ngo\u00e0i kh\u01a1i.<\/p>\n<\/li>\n<\/ul>\n<p style=\"text-align: justify;\">\u00a0<\/p>\n<p style=\"text-align: justify;\"><b>Th\u00f4ng tin truy c\u1eadp<\/b><\/p>\n<p style=\"text-align: justify;\"><a href=\"https:\/\/www.loctiteproducts.com\/\" target=\"_blank\">T\u00ecm hi\u1ec3u th\u00eam t\u00e0i li\u1ec7u s\u1ea3n ph\u1ea9m LOCTITE<\/a><\/p>\n<p style=\"text-align: justify;\"><u><a href=\"https:\/\/suncompany.vn\">T\u00ecm hi\u1ec3u th\u00eam v\u1ec1 c\u00e1c d\u00f2ng s\u1ea3n ph\u1ea9m kh\u00e1c\u00a0c\u1ee7a SUN COMPANY<\/a><\/u><\/p>\n<h3 style=\"text-align: justify;\"><\/h3>\n<p style=\"text-align: justify;\">L\u00e0 nh\u00e0 ph\u00e2n ph\u1ed1i c\u00e1c s\u1ea3n ph\u1ea9m keo, m\u1ee1 b\u00f4i tr\u01a1n, b\u00ecnh x\u1ecbt v\u00e0 v\u1eadt t\u01b0 c\u00f4ng nghi\u1ec7p c\u1ee7a <strong>LOCTITE<\/strong>\u00a0 t\u1ea1i th\u1ecb tr\u01b0\u1eddng Vi\u1ec7t Nam v\u1edbi c\u00e1c \u1ee9ng d\u1ee5ng trong vi\u1ec7c b\u1ea3o tr\u00ec b\u1ea3o d\u01b0\u1ee1ng m\u00e1y m\u00f3c v\u00e0 thi\u1ebft b\u1ecb c\u00f4ng nghi\u1ec7p.<\/p>\n<p style=\"text-align: justify;\">B\u1eb1ng c\u00e1ch cung c\u1ea5p cho kh\u00e1ch h\u00e0ng c\u00e1c s\u1ea3n ph\u1ea9m t\u1ed1t v\u00e0 ch\u1ea5t l\u01b0\u1ee3ng \u0111\u01b0\u1ee3c s\u1ea3n xu\u1ea5t v\u00e0 gi\u00e1m s\u00e1t ch\u1eb7t ch\u1ebd b\u1edfi h\u1ec7 th\u1ed1ng qu\u1ea3n l\u00fd chuy\u00ean nghi\u1ec7p,\u00a0<a href=\"http:\/\/https\/suncompany.vn\"><b>SUNCOMPANY<\/b>\u00a0<\/a>t\u1ef1 h\u00e0o \u0111\u00e3 \u0111\u00f3ng g\u00f3p v\u00e0o cu\u1ed9c s\u1ed1ng con ng\u01b0\u1eddi c\u0169ng nh\u01b0 s\u1ef1 ph\u00e1t tri\u1ec3n tr\u00ean th\u1ecb tr\u01b0\u1eddng c\u00f4ng nghi\u1ec7p t\u1ea1i Vi\u1ec7t Nam.<\/p>\n<p style=\"text-align: justify;\"><strong>Th\u00f4ng tin li\u00ean h\u1ec7\u00a0<\/strong><\/p>\n<p style=\"text-align: justify;\"><strong>C\u00d4NG TY TNHH TH\u01af\u01a0NG M\u1ea0I D\u1ecaCH V\u1ee4 SUN COMMERCIAL \u2013 SUN COMMERCIAL SERVICE TRADING CO., LTD<\/strong><\/p>\n<p style=\"text-align: justify;\">\u2013 M\u00e3 s\u1ed1 thu\u1ebf: 0316694604<\/p>\n<p style=\"text-align: justify;\">\u2013 S\u0110T: 090 666 5927\u00a0<\/p>\n<p style=\"text-align: justify;\">\u2013 \u0110\u1ecba ch\u1ec9: 118\/8 Hu\u1ef3nh Thi\u1ec7n L\u1ed9c, Ph\u01b0\u1eddng Ho\u00e0 Th\u1ea1nh, Qu\u1eadn T\u00e2n Ph\u00fa, TP. H\u1ed3 Ch\u00ed Minh<\/p>\n<\/p><\/div>\n","protected":false},"excerpt":{"rendered":"<p><strong>T\u00ean sa\u0309n ph\u00e2\u0309m:<\/strong>\u00a0Keo Loctite EA 3463 &#8211; d\u1ea1ng b\u1ed9t tr\u00e9t<br \/>\n<strong>T\u00ecnh tr\u1ea1ng:<\/strong>\u00a0Li\u00ean h\u1ec7 S\u0110T 090 666 5927\u00a0<br \/>\n<strong>Kho:<\/strong>\u00a0H\u1ed3 Ch\u00ed Minh.<br \/>\n<strong>Li\u00ean h\u1ec7:<\/strong>\u00a0090.666.5927 (24\/7)<br \/>\n<strong>Giao h\u00e0ng:<\/strong>\u00a0Trong ng\u00e0y<\/p>\n","protected":false},"featured_media":4952,"comment_status":"closed","ping_status":"closed","template":"","meta":[],"product_brand":[],"product_cat":[141],"product_tag":[],"class_list":{"0":"post-4951","1":"product","2":"type-product","3":"status-publish","4":"has-post-thumbnail","6":"product_cat-loctite","8":"first","9":"instock","10":"shipping-taxable","11":"product-type-simple"},"_links":{"self":[{"href":"https:\/\/yenhung.com\/index.php?rest_route=\/wp\/v2\/product\/4951","targetHints":{"allow":["GET"]}}],"collection":[{"href":"https:\/\/yenhung.com\/index.php?rest_route=\/wp\/v2\/product"}],"about":[{"href":"https:\/\/yenhung.com\/index.php?rest_route=\/wp\/v2\/types\/product"}],"replies":[{"embeddable":true,"href":"https:\/\/yenhung.com\/index.php?rest_route=%2Fwp%2Fv2%2Fcomments&post=4951"}],"wp:featuredmedia":[{"embeddable":true,"href":"https:\/\/yenhung.com\/index.php?rest_route=\/wp\/v2\/media\/4952"}],"wp:attachment":[{"href":"https:\/\/yenhung.com\/index.php?rest_route=%2Fwp%2Fv2%2Fmedia&parent=4951"}],"wp:term":[{"taxonomy":"product_brand","embeddable":true,"href":"https:\/\/yenhung.com\/index.php?rest_route=%2Fwp%2Fv2%2Fproduct_brand&post=4951"},{"taxonomy":"product_cat","embeddable":true,"href":"https:\/\/yenhung.com\/index.php?rest_route=%2Fwp%2Fv2%2Fproduct_cat&post=4951"},{"taxonomy":"product_tag","embeddable":true,"href":"https:\/\/yenhung.com\/index.php?rest_route=%2Fwp%2Fv2%2Fproduct_tag&post=4951"}],"curies":[{"name":"wp","href":"https:\/\/api.w.org\/{rel}","templated":true}]}}