{"id":4959,"date":"2025-10-28T02:16:49","date_gmt":"2025-10-28T02:16:49","guid":{"rendered":"https:\/\/yenhung.com\/?product=keo-loctite-480-500g"},"modified":"2025-10-28T02:16:51","modified_gmt":"2025-10-28T02:16:51","slug":"keo-loctite-480-500g","status":"publish","type":"product","link":"https:\/\/yenhung.com\/?product=keo-loctite-480-500g","title":{"rendered":"Keo Loctite 480-500g"},"content":{"rendered":"<\/p>\n<div class=\"ba-text-fpt\">\n<h2 style=\"text-align: justify;\"><strong>T\u1ed5ng quan v\u1ec1 Keo Loctite 480-500g<\/strong><\/h2>\n<p style=\"text-align: justify;\"><b>LOCTITE 480<\/b> l\u00e0 m\u1ed9t lo\u1ea1i keo d\u00e1n nhanh (cyanoacrylate adhesive) cao c\u1ea5p, \u0111\u01b0\u1ee3c t\u0103ng c\u01b0\u1eddng \u0111\u1eb7c t\u00ednh c\u01b0\u1eddng l\u1ef1c (rubber-toughened) v\u00e0 c\u00f3 m\u00e0u \u0111en. \u0110\u00e2y l\u00e0 s\u1ea3n ph\u1ea9m \u0111\u01b0\u1ee3c thi\u1ebft k\u1ebf \u0111\u1ec3 kh\u1eafc ph\u1ee5c nh\u01b0\u1ee3c \u0111i\u1ec3m l\u1edbn nh\u1ea5t c\u1ee7a keo d\u00e1n t\u1ee9c th\u1eddi th\u00f4ng th\u01b0\u1eddng: kh\u1ea3 n\u0103ng ch\u1ecbu va \u0111\u1eadp v\u00e0 b\u00f3c t\u00e1ch k\u00e9m.<\/p>\n<p style=\"text-align: justify;\">Nh\u1edd vi\u1ec7c pha th\u00eam cao su, LOCTITE 480 t\u1ea1o ra m\u1ed1i d\u00e1n b\u1ec1n b\u1ec9, linh ho\u1ea1t h\u01a1n, l\u00fd t\u01b0\u1edfng cho c\u00e1c \u1ee9ng d\u1ee5ng k\u1ebft c\u1ea5u ph\u1ea3i ch\u1ecbu rung \u0111\u1ed9ng, s\u1ed1c nhi\u1ec7t v\u00e0 t\u1ea3i tr\u1ecdng \u0111\u1ed9ng.<\/p>\n<h2 style=\"text-align: justify;\"><strong>\u0110\u1eb7c \u0111i\u1ec3m v\u00e0 \u01afu \u0111i\u1ec3m Keo Loctite 480-500g<\/strong><\/h2>\n<p style=\"text-align: center;\"><strong><img decoding=\"async\" alt=\"Keo Loctite 480-500g\" data-thumb=\"grande\" original-height=\"509\" original-width=\"274\" src=\"https:\/\/yenhung.com\/wp-content\/uploads\/2025\/10\/keo-loctite-480-500g-2-1.png\" title=\"keo-loctite-480-500g-2-1\"><\/strong><\/p>\n<ul>\n<li>\n<p style=\"text-align: justify;\"><b>T\u0103ng c\u01b0\u1eddng \u0111\u1ed9 d\u1ebbo v\u00e0 b\u1ec1n va \u0111\u1eadp (Toughened)<\/b>: \u0110\u00e2y l\u00e0 t\u00ednh n\u0103ng c\u1ed1t l\u00f5i. Keo c\u00f3 kh\u1ea3 n\u0103ng <b>ch\u1ecbu va \u0111\u1eadp, rung \u0111\u1ed9ng v\u00e0 bong tr\u00f3c<\/b> v\u01b0\u1ee3t tr\u1ed9i, gi\u00fap m\u1ed1i d\u00e1n kh\u00f4ng b\u1ecb gi\u00f2n v\u00e0 n\u1ee9t d\u01b0\u1edbi t\u1ea3i tr\u1ecdng s\u1ed1c.<\/p>\n<\/li>\n<li>\n<p style=\"text-align: justify;\"><b>M\u00e0u \u0111en (Black Color)<\/b>: M\u00e0u \u0111en c\u1ee7a keo gi\u00fap n\u00f3 h\u00f2a h\u1ee3p v\u1edbi c\u00e1c b\u1ed9 ph\u1eadn t\u1ed1i m\u00e0u (nh\u01b0 cao su, nh\u1ef1a \u0111en) v\u00e0 cung c\u1ea5p kh\u1ea3 n\u0103ng ch\u1ed1ng tia UV nh\u1ea5t \u0111\u1ecbnh cho \u0111\u01b0\u1eddng keo.<\/p>\n<\/li>\n<li>\n<p style=\"text-align: justify;\"><b>D\u00e1n \u0111a n\u0103ng<\/b>: Keo b\u00e1m d\u00ednh tuy\u1ec7t v\u1eddi tr\u00ean nhi\u1ec1u lo\u1ea1i v\u1eadt li\u1ec7u, \u0111\u1eb7c bi\u1ec7t hi\u1ec7u qu\u1ea3 khi d\u00e1n<strong> <\/strong>kim lo\u1ea1i v\u1edbi kim lo\u1ea1i, cao su (v\u00ed d\u1ee5: v\u00f2ng \u0111\u1ec7m O-ring) v\u00e0 nhi\u1ec1u lo\u1ea1i nh\u1ef1a.<\/p>\n<\/li>\n<li>\n<p style=\"text-align: justify;\"><b>Ch\u1ecbu nhi\u1ec7t v\u00e0 \u0111\u1ed9 \u1ea9m<\/b>: Kh\u1ea3 n\u0103ng ch\u1ecbu \u0111\u1ef1ng m\u00f4i tr\u01b0\u1eddng kh\u1eafc nghi\u1ec7t v\u00e0 \u0111\u1ed9 \u1ea9m t\u1ed1t h\u01a1n c\u00e1c lo\u1ea1i keo cyanoacrylate ti\u00eau chu\u1ea9n.<\/p>\n<\/li>\n<li>\n<p style=\"text-align: justify;\"><b>K\u00edch th\u01b0\u1edbc c\u00f4ng nghi\u1ec7p (500g)<\/b>: Quy c\u00e1ch l\u1edbn n\u00e0y ph\u00f9 h\u1ee3p cho c\u00e1c d\u00e2y chuy\u1ec1n s\u1ea3n xu\u1ea5t c\u00f4ng nghi\u1ec7p t\u1ed1c \u0111\u1ed9 cao v\u00e0 s\u1ed1 l\u01b0\u1ee3ng l\u1edbn.<\/p>\n<\/li>\n<\/ul>\n<h2 style=\"text-align: justify;\"><strong>Th\u00f4ng s\u1ed1 k\u1ef9 thu\u1eadt c\u01a1 b\u1ea3n v\u00e0 Quy c\u00e1ch\u00a0Keo Loctite 480-500g<\/strong><\/h2>\n<p style=\"text-align: center;\"><strong><img decoding=\"async\" alt=\"Keo Loctite 480-500g\" data-thumb=\"grande\" original-height=\"353\" original-width=\"392\" src=\"https:\/\/yenhung.com\/wp-content\/uploads\/2025\/10\/keo-loctite-480-500g-3.png\" title=\"keo-loctite-480-500g-3\"><\/strong><\/p>\n<table class=\"MsoTableGridLight\" style=\"border-collapse:collapse; border:solid #bfbfbf 1.0pt\">\n<tbody>\n<tr>\n<td style=\"border:solid #bfbfbf 1.0pt; padding:0cm 5.4pt 0cm 5.4pt\" valign=\"top\">\n<p style=\"text-align: justify;\"><strong><span style=\"font-size:11pt\"><span style=\"line-height:normal\"><span style=\"font-family:Calibri,sans-serif\"><span style=\"font-size:12.0pt\"><span style='font-family:\"Times New Roman\",serif'><span style=\"color:#1b1c1d\">T\u00ean th\u00f4ng s\u1ed1<\/span><\/span><\/span><\/span><\/span><\/span><\/strong><\/p>\n<\/td>\n<td style=\"border:solid #bfbfbf 1.0pt; border-left:none; padding:0cm 5.4pt 0cm 5.4pt\" valign=\"top\">\n<p style=\"text-align: justify;\"><strong><span style=\"font-size:11pt\"><span style=\"line-height:normal\"><span style=\"font-family:Calibri,sans-serif\"><span style=\"font-size:12.0pt\"><span style='font-family:\"Times New Roman\",serif'><span style=\"color:#1b1c1d\">Chi ti\u1ebft<\/span><\/span><\/span><\/span><\/span><\/span><\/strong><\/p>\n<\/td>\n<\/tr>\n<tr>\n<td style=\"border:solid #bfbfbf 1.0pt; border-top:none; padding:0cm 5.4pt 0cm 5.4pt\" valign=\"top\">\n<p style=\"text-align: justify;\"><span style=\"font-size:11pt\"><span style=\"line-height:normal\"><span style=\"font-family:Calibri,sans-serif\"><b><span style=\"border:none windowtext 1.0pt; font-size:12.0pt; padding:0cm\"><span style='font-family:\"Times New Roman\",serif'><span style=\"color:#1b1c1d\">M\u00e3 s\u1ea3n ph\u1ea9m<\/span><\/span><\/span><\/b><\/span><\/span><\/span><\/p>\n<\/td>\n<td style=\"border-bottom:solid #bfbfbf 1.0pt; border-top:none; border-left:none; border-right:solid #bfbfbf 1.0pt; padding:0cm 5.4pt 0cm 5.4pt\" valign=\"top\">\n<p style=\"text-align: justify;\"><span style=\"font-size:11pt\"><span style=\"line-height:normal\"><span style=\"font-family:Calibri,sans-serif\"><span style=\"font-size:12.0pt\"><span style='font-family:\"Times New Roman\",serif'><span style=\"color:#1b1c1d\">LOCTITE 480<\/span><\/span><\/span><\/span><\/span><\/span><\/p>\n<\/td>\n<\/tr>\n<tr>\n<td style=\"border:solid #bfbfbf 1.0pt; border-top:none; padding:0cm 5.4pt 0cm 5.4pt\" valign=\"top\">\n<p style=\"text-align: justify;\"><span style=\"font-size:11pt\"><span style=\"line-height:normal\"><span style=\"font-family:Calibri,sans-serif\"><b><span style=\"border:none windowtext 1.0pt; font-size:12.0pt; padding:0cm\"><span style='font-family:\"Times New Roman\",serif'><span style=\"color:#1b1c1d\">Lo\u1ea1i keo<\/span><\/span><\/span><\/b><\/span><\/span><\/span><\/p>\n<\/td>\n<td style=\"border-bottom:solid #bfbfbf 1.0pt; border-top:none; border-left:none; border-right:solid #bfbfbf 1.0pt; padding:0cm 5.4pt 0cm 5.4pt\" valign=\"top\">\n<p style=\"text-align: justify;\"><span style=\"font-size:11pt\"><span style=\"line-height:normal\"><span style=\"font-family:Calibri,sans-serif\"><span style=\"font-size:12.0pt\"><span style='font-family:\"Times New Roman\",serif'><span style=\"color:#1b1c1d\">Cyanoacrylate (T\u0103ng c\u01b0\u1eddng cao su)<\/span><\/span><\/span><\/span><\/span><\/span><\/p>\n<\/td>\n<\/tr>\n<tr>\n<td style=\"border:solid #bfbfbf 1.0pt; border-top:none; padding:0cm 5.4pt 0cm 5.4pt\" valign=\"top\">\n<p style=\"text-align: justify;\"><span style=\"font-size:11pt\"><span style=\"line-height:normal\"><span style=\"font-family:Calibri,sans-serif\"><b><span style=\"border:none windowtext 1.0pt; font-size:12.0pt; padding:0cm\"><span style='font-family:\"Times New Roman\",serif'><span style=\"color:#1b1c1d\">M\u00e0u s\u1eafc<\/span><\/span><\/span><\/b><\/span><\/span><\/span><\/p>\n<\/td>\n<td style=\"border-bottom:solid #bfbfbf 1.0pt; border-top:none; border-left:none; border-right:solid #bfbfbf 1.0pt; padding:0cm 5.4pt 0cm 5.4pt\" valign=\"top\">\n<p style=\"text-align: justify;\"><span style=\"font-size:11pt\"><span style=\"line-height:normal\"><span style=\"font-family:Calibri,sans-serif\"><span style=\"font-size:12.0pt\"><span style='font-family:\"Times New Roman\",serif'><span style=\"color:#1b1c1d\">\u0110en<\/span><\/span><\/span><\/span><\/span><\/span><\/p>\n<\/td>\n<\/tr>\n<tr>\n<td style=\"border:solid #bfbfbf 1.0pt; border-top:none; padding:0cm 5.4pt 0cm 5.4pt\" valign=\"top\">\n<p style=\"text-align: justify;\"><span style=\"font-size:11pt\"><span style=\"line-height:normal\"><span style=\"font-family:Calibri,sans-serif\"><b><span style=\"border:none windowtext 1.0pt; font-size:12.0pt; padding:0cm\"><span style='font-family:\"Times New Roman\",serif'><span style=\"color:#1b1c1d\">\u0110\u1ed9 nh\u1edbt<\/span><\/span><\/span><\/b><\/span><\/span><\/span><\/p>\n<\/td>\n<td style=\"border-bottom:solid #bfbfbf 1.0pt; border-top:none; border-left:none; border-right:solid #bfbfbf 1.0pt; padding:0cm 5.4pt 0cm 5.4pt\" valign=\"top\">\n<p style=\"text-align: justify;\"><span style=\"font-size:11pt\"><span style=\"line-height:normal\"><span style=\"font-family:Calibri,sans-serif\"><span style=\"font-size:12.0pt\"><span style='font-family:\"Times New Roman\",serif'><span style=\"color:#1b1c1d\">Trung b\u00ecnh (Medium Viscosity)<\/span><\/span><\/span><\/span><\/span><\/span><\/p>\n<\/td>\n<\/tr>\n<tr>\n<td style=\"border:solid #bfbfbf 1.0pt; border-top:none; padding:0cm 5.4pt 0cm 5.4pt\" valign=\"top\">\n<p style=\"text-align: justify;\"><span style=\"font-size:11pt\"><span style=\"line-height:normal\"><span style=\"font-family:Calibri,sans-serif\"><b><span style=\"border:none windowtext 1.0pt; font-size:12.0pt; padding:0cm\"><span style='font-family:\"Times New Roman\",serif'><span style=\"color:#1b1c1d\">Th\u1eddi gian c\u1ed1 \u0111\u1ecbnh ban \u0111\u1ea7u<\/span><\/span><\/span><\/b><\/span><\/span><\/span><\/p>\n<\/td>\n<td style=\"border-bottom:solid #bfbfbf 1.0pt; border-top:none; border-left:none; border-right:solid #bfbfbf 1.0pt; padding:0cm 5.4pt 0cm 5.4pt\" valign=\"top\">\n<p style=\"text-align: justify;\"><span style=\"font-size:11pt\"><span style=\"line-height:normal\"><span style=\"font-family:Calibri,sans-serif\"><span style=\"font-size:12.0pt\"><span style='font-family:\"Times New Roman\",serif'><span style=\"color:#1b1c1d\">Kho\u1ea3ng 20 &#8211; 50 gi\u00e2y (thay \u0111\u1ed5i t\u00f9y v\u1eadt li\u1ec7u)<\/span><\/span><\/span><\/span><\/span><\/span><\/p>\n<\/td>\n<\/tr>\n<tr>\n<td style=\"border:solid #bfbfbf 1.0pt; border-top:none; padding:0cm 5.4pt 0cm 5.4pt\" valign=\"top\">\n<p style=\"text-align: justify;\"><span style=\"font-size:11pt\"><span style=\"line-height:normal\"><span style=\"font-family:Calibri,sans-serif\"><b><span style=\"border:none windowtext 1.0pt; font-size:12.0pt; padding:0cm\"><span style='font-family:\"Times New Roman\",serif'><span style=\"color:#1b1c1d\">Ph\u1ea1m vi nhi\u1ec7t \u0111\u1ed9 ho\u1ea1t \u0111\u1ed9ng<\/span><\/span><\/span><\/b><\/span><\/span><\/span><\/p>\n<\/td>\n<td style=\"border-bottom:solid #bfbfbf 1.0pt; border-top:none; border-left:none; border-right:solid #bfbfbf 1.0pt; padding:0cm 5.4pt 0cm 5.4pt\" valign=\"top\">\n<p style=\"text-align: justify;\"><span style=\"font-size:11pt\"><span style=\"line-height:normal\"><span style=\"font-family:Calibri,sans-serif\"><span style=\"font-size:12.0pt\"><span style='font-family:\"Times New Roman\",serif'><span style=\"color:#1b1c1d\">Th\u01b0\u1eddng t\u1eeb -40\u00b0C \u0111\u1ebfn +100\u00b0C<\/span><\/span><\/span><\/span><\/span><\/span><\/p>\n<\/td>\n<\/tr>\n<tr>\n<td style=\"border:solid #bfbfbf 1.0pt; border-top:none; padding:0cm 5.4pt 0cm 5.4pt\" valign=\"top\">\n<p style=\"text-align: justify;\"><span style=\"font-size:11pt\"><span style=\"line-height:normal\"><span style=\"font-family:Calibri,sans-serif\"><b><span style=\"border:none windowtext 1.0pt; font-size:12.0pt; padding:0cm\"><span style='font-family:\"Times New Roman\",serif'><span style=\"color:#1b1c1d\">Quy c\u00e1ch \u0111\u00f3ng g\u00f3i<\/span><\/span><\/span><\/b><\/span><\/span><\/span><\/p>\n<\/td>\n<td style=\"border-bottom:solid #bfbfbf 1.0pt; border-top:none; border-left:none; border-right:solid #bfbfbf 1.0pt; padding:0cm 5.4pt 0cm 5.4pt\" valign=\"top\">\n<p style=\"text-align: justify;\"><span style=\"font-size:11pt\"><span style=\"line-height:normal\"><span style=\"font-family:Calibri,sans-serif\"><span style=\"font-size:12.0pt\"><span style='font-family:\"Times New Roman\",serif'><span style=\"color:#1b1c1d\">Chai <span style=\"border:none windowtext 1.0pt; padding:0cm\">500g<\/span><\/span><\/span><\/span><\/span><\/span><\/span><\/p>\n<\/td>\n<\/tr>\n<\/tbody>\n<\/table>\n<p style=\"text-align: justify;\">\u00a0<\/p>\n<h2 style=\"text-align: justify;\"><strong>\u1ee8ng d\u1ee5ng Keo Loctite 480-500g<\/strong><\/h2>\n<p style=\"text-align: center;\"><strong><img decoding=\"async\" alt=\"Keo Loctite 480-500g\" data-thumb=\"grande\" original-height=\"447\" original-width=\"421\" src=\"https:\/\/yenhung.com\/wp-content\/uploads\/2025\/10\/keo-loctite-480-500g-1-2.png\" title=\"keo-loctite-480-500g-1-2\"><\/strong><\/p>\n<ul>\n<li>\n<p style=\"text-align: justify;\"><b>L\u1eafp r\u00e1p \u00f4 t\u00f4<\/b>: D\u00e1n c\u00e1c b\u1ed9 ph\u1eadn \u0111\u1ed9ng c\u01a1, linh ki\u1ec7n n\u1ed9i th\u1ea5t ph\u1ea3i ch\u1ecbu rung \u0111\u1ed9ng v\u00e0 nhi\u1ec7t \u0111\u1ed9 thay \u0111\u1ed5i.<\/p>\n<\/li>\n<li>\n<p style=\"text-align: justify;\"><b>S\u1ea3n xu\u1ea5t thi\u1ebft b\u1ecb \u0111i\u1ec7n t\u1eed<\/b>: D\u00e1n c\u00e1c chi ti\u1ebft loa, micro ho\u1eb7c c\u00e1c b\u1ed9 ph\u1eadn v\u1ecf c\u1ea7n ch\u1ecbu s\u1ed1c khi s\u1eed d\u1ee5ng.<\/p>\n<\/li>\n<li>\n<p style=\"text-align: justify;\"><b>D\u00e1n cao su<\/b>: K\u1ebft d\u00ednh c\u00e1c lo\u1ea1i cao su, \u0111\u1eb7c bi\u1ec7t l\u00e0 t\u1ea1o v\u00e0 s\u1eeda ch\u1eefa v\u00f2ng \u0111\u1ec7m O-ring.<\/p>\n<\/li>\n<li>\n<p style=\"text-align: justify;\"><b>D\u00e1n c\u00e1c chi ti\u1ebft ch\u1ecbu l\u1ef1c<\/b>: S\u1eed d\u1ee5ng cho b\u1ea5t k\u1ef3 l\u1eafp r\u00e1p n\u00e0o y\u00eau c\u1ea7u \u0111\u1ed9 b\u1ec1n c\u01a1 h\u1ecdc cao, ch\u1ecbu \u0111\u01b0\u1ee3c t\u1ea3i \u0111\u1ed9ng.<\/p>\n<\/li>\n<\/ul>\n<p style=\"text-align: justify;\">\u00a0 \u00a0<b>Th\u00f4ng tin truy c\u1eadp<\/b><\/p>\n<p style=\"text-align: justify;\"><a href=\"https:\/\/www.loctiteproducts.com\/\" target=\"_blank\">T\u00ecm hi\u1ec3u th\u00eam t\u00e0i li\u1ec7u s\u1ea3n ph\u1ea9m LOCTITE<\/a><\/p>\n<p style=\"text-align: justify;\"><u><a href=\"https:\/\/suncompany.vn\">T\u00ecm hi\u1ec3u th\u00eam v\u1ec1 c\u00e1c d\u00f2ng s\u1ea3n ph\u1ea9m kh\u00e1c\u00a0c\u1ee7a SUN COMPANY<\/a><\/u><\/p>\n<h3 style=\"text-align: justify;\"><\/h3>\n<p style=\"text-align: justify;\">L\u00e0 nh\u00e0 ph\u00e2n ph\u1ed1i c\u00e1c s\u1ea3n ph\u1ea9m keo, m\u1ee1 b\u00f4i tr\u01a1n, b\u00ecnh x\u1ecbt v\u00e0 v\u1eadt t\u01b0 c\u00f4ng nghi\u1ec7p c\u1ee7a <strong>LOCTITE<\/strong>\u00a0 t\u1ea1i th\u1ecb tr\u01b0\u1eddng Vi\u1ec7t Nam v\u1edbi c\u00e1c \u1ee9ng d\u1ee5ng trong vi\u1ec7c b\u1ea3o tr\u00ec b\u1ea3o d\u01b0\u1ee1ng m\u00e1y m\u00f3c v\u00e0 thi\u1ebft b\u1ecb c\u00f4ng nghi\u1ec7p.<\/p>\n<p style=\"text-align: justify;\">B\u1eb1ng c\u00e1ch cung c\u1ea5p cho kh\u00e1ch h\u00e0ng c\u00e1c s\u1ea3n ph\u1ea9m t\u1ed1t v\u00e0 ch\u1ea5t l\u01b0\u1ee3ng \u0111\u01b0\u1ee3c s\u1ea3n xu\u1ea5t v\u00e0 gi\u00e1m s\u00e1t ch\u1eb7t ch\u1ebd b\u1edfi h\u1ec7 th\u1ed1ng qu\u1ea3n l\u00fd chuy\u00ean nghi\u1ec7p,\u00a0<a href=\"http:\/\/https\/suncompany.vn\"><b>SUNCOMPANY<\/b>\u00a0<\/a>t\u1ef1 h\u00e0o \u0111\u00e3 \u0111\u00f3ng g\u00f3p v\u00e0o cu\u1ed9c s\u1ed1ng con ng\u01b0\u1eddi c\u0169ng nh\u01b0 s\u1ef1 ph\u00e1t tri\u1ec3n tr\u00ean th\u1ecb tr\u01b0\u1eddng c\u00f4ng nghi\u1ec7p t\u1ea1i Vi\u1ec7t Nam.<\/p>\n<p style=\"text-align: justify;\"><strong>Th\u00f4ng tin li\u00ean h\u1ec7\u00a0<\/strong><\/p>\n<p style=\"text-align: justify;\"><strong>C\u00d4NG TY TNHH TH\u01af\u01a0NG M\u1ea0I D\u1ecaCH V\u1ee4 SUN COMMERCIAL \u2013 SUN COMMERCIAL SERVICE TRADING CO., LTD<\/strong><\/p>\n<p style=\"text-align: justify;\">\u2013 M\u00e3 s\u1ed1 thu\u1ebf: 0316694604<\/p>\n<p style=\"text-align: justify;\">\u2013 S\u0110T: 090 666 5927\u00a0<\/p>\n<p style=\"text-align: justify;\">\u2013 \u0110\u1ecba ch\u1ec9: 118\/8 Hu\u1ef3nh Thi\u1ec7n L\u1ed9c, Ph\u01b0\u1eddng Ho\u00e0 Th\u1ea1nh, Qu\u1eadn T\u00e2n Ph\u00fa, TP. H\u1ed3 Ch\u00ed Minh<\/p>\n<\/p><\/div>\n","protected":false},"excerpt":{"rendered":"<p><strong>T\u00ean sa\u0309n ph\u00e2\u0309m:<\/strong>\u00a0Keo Loctite 480-500g<br \/>\n<strong>T\u00ecnh tr\u1ea1ng:<\/strong>\u00a0Li\u00ean h\u1ec7 S\u0110T 090 666 5927\u00a0<br \/>\n<strong>Kho:<\/strong>\u00a0H\u1ed3 Ch\u00ed Minh.<br \/>\n<strong>Li\u00ean h\u1ec7:<\/strong>\u00a0090.666.5927 (24\/7)<br \/>\n<strong>Giao h\u00e0ng:<\/strong>\u00a0Trong ng\u00e0y<\/p>\n","protected":false},"featured_media":4960,"comment_status":"closed","ping_status":"closed","template":"","meta":[],"product_brand":[],"product_cat":[141],"product_tag":[],"class_list":{"0":"post-4959","1":"product","2":"type-product","3":"status-publish","4":"has-post-thumbnail","6":"product_cat-loctite","8":"first","9":"instock","10":"shipping-taxable","11":"product-type-simple"},"_links":{"self":[{"href":"https:\/\/yenhung.com\/index.php?rest_route=\/wp\/v2\/product\/4959","targetHints":{"allow":["GET"]}}],"collection":[{"href":"https:\/\/yenhung.com\/index.php?rest_route=\/wp\/v2\/product"}],"about":[{"href":"https:\/\/yenhung.com\/index.php?rest_route=\/wp\/v2\/types\/product"}],"replies":[{"embeddable":true,"href":"https:\/\/yenhung.com\/index.php?rest_route=%2Fwp%2Fv2%2Fcomments&post=4959"}],"wp:featuredmedia":[{"embeddable":true,"href":"https:\/\/yenhung.com\/index.php?rest_route=\/wp\/v2\/media\/4960"}],"wp:attachment":[{"href":"https:\/\/yenhung.com\/index.php?rest_route=%2Fwp%2Fv2%2Fmedia&parent=4959"}],"wp:term":[{"taxonomy":"product_brand","embeddable":true,"href":"https:\/\/yenhung.com\/index.php?rest_route=%2Fwp%2Fv2%2Fproduct_brand&post=4959"},{"taxonomy":"product_cat","embeddable":true,"href":"https:\/\/yenhung.com\/index.php?rest_route=%2Fwp%2Fv2%2Fproduct_cat&post=4959"},{"taxonomy":"product_tag","embeddable":true,"href":"https:\/\/yenhung.com\/index.php?rest_route=%2Fwp%2Fv2%2Fproduct_tag&post=4959"}],"curies":[{"name":"wp","href":"https:\/\/api.w.org\/{rel}","templated":true}]}}