{"id":4967,"date":"2025-10-28T02:16:57","date_gmt":"2025-10-28T02:16:57","guid":{"rendered":"https:\/\/yenhung.com\/?product=keo-loctite-ea-20hp-50ml"},"modified":"2025-10-28T02:16:59","modified_gmt":"2025-10-28T02:16:59","slug":"keo-loctite-ea-20hp-50ml","status":"publish","type":"product","link":"https:\/\/yenhung.com\/?product=keo-loctite-ea-20hp-50ml","title":{"rendered":"Keo Loctite EA 20HP &#8211; 50ml"},"content":{"rendered":"<\/p>\n<div class=\"ba-text-fpt\">\n<h2 style=\"text-align: justify;\"><strong>T\u1ed5ng quan v\u1ec1 Keo Loctite EA 20HP &#8211; 50ml<\/strong><\/h2>\n<p style=\"text-align: justify;\"><b>LOCTITE EA 20HP<\/b> (th\u01b0\u1eddng \u0111\u01b0\u1ee3c g\u1ecdi l\u00e0 LOCTITE <b>Hysol E-20HP<\/b>) l\u00e0 m\u1ed9t lo\u1ea1i keo d\u00e1n epoxy hai th\u00e0nh ph\u1ea7n (Two-Part Epoxy Adhesive) c\u00f3 hi\u1ec7u su\u1ea5t cao v\u00e0 \u0111a n\u0103ng, \u0111\u01b0\u1ee3c thi\u1ebft k\u1ebf \u0111\u1ec3 d\u00e1n k\u1ebft c\u1ea5u (structural bonding) trong nhi\u1ec1u \u1ee9ng d\u1ee5ng c\u00f4ng nghi\u1ec7p.<\/p>\n<p style=\"text-align: justify;\">Keo \u0111\u01b0\u1ee3c bi\u1ebft \u0111\u1ebfn v\u1edbi \u0111\u1ed9 b\u1ec1n c\u01a1 h\u1ecdc v\u01b0\u1ee3t tr\u1ed9i, \u0111\u1ed9 nh\u1edbt trung b\u00ecnh v\u00e0 th\u1eddi gian l\u00e0m vi\u1ec7c v\u1eeba ph\u1ea3i, l\u00fd t\u01b0\u1edfng cho c\u00e1c \u1ee9ng d\u1ee5ng c\u1ea7n \u0111\u1ed9 ch\u00ednh x\u00e1c cao khi l\u1eafp r\u00e1p ho\u1eb7c s\u1eeda ch\u1eefa c\u00e1c chi ti\u1ebft ch\u1ecbu t\u1ea3i n\u1eb7ng.<\/p>\n<h2 style=\"text-align: justify;\"><strong>\u0110\u1eb7c \u0111i\u1ec3m v\u00e0 \u01afu \u0111i\u1ec3m Keo Loctite EA 20HP &#8211; 50ml<\/strong><\/h2>\n<p style=\"text-align: center;\"><strong><img decoding=\"async\" alt=\"Keo Loctite EA 20HP - 50ml\" data-thumb=\"grande\" original-height=\"477\" original-width=\"368\" src=\"https:\/\/yenhung.com\/wp-content\/uploads\/2025\/10\/loctite-ea-20hp-50ml-2.png\" title=\"loctite-ea-20hp-50ml-2\"><\/strong><\/p>\n<ul>\n<li>\n<p style=\"text-align: justify;\"><b>\u0110\u1ed9 b\u1ec1n k\u1ebft c\u1ea5u cao (High Strength)<\/b>: Cung c\u1ea5p \u0111\u1ed9 b\u1ec1n k\u00e9o (tensile strength), \u0111\u1ed9 b\u1ec1n c\u1eaft (shear strength) v\u00e0 \u0111\u1ed9 b\u1ec1n b\u00f3c t\u00e1ch (peel strength) tuy\u1ec7t v\u1eddi. Th\u00edch h\u1ee3p cho c\u00e1c m\u1ed1i d\u00e1n ch\u1ecbu t\u1ea3i n\u1eb7ng v\u00e0 rung \u0111\u1ed9ng.<\/p>\n<\/li>\n<li>\n<p style=\"text-align: justify;\"><b>Th\u1eddi gian l\u00e0m vi\u1ec7c v\u1eeba ph\u1ea3i<\/b>: V\u1edbi th\u1eddi gian l\u00e0m vi\u1ec7c (pot life) trung b\u00ecnh (th\u01b0\u1eddng kho\u1ea3ng 20-30 ph\u00fat), keo cho ph\u00e9p ng\u01b0\u1eddi d\u00f9ng c\u00f3 \u0111\u1ee7 th\u1eddi gian \u0111\u1ec3 \u0111\u1ecbnh v\u1ecb, \u0111i\u1ec1u ch\u1ec9nh chi ti\u1ebft tr\u01b0\u1edbc khi keo b\u1eaft \u0111\u1ea7u \u0111\u00f3ng r\u1eafn.<\/p>\n<\/li>\n<li>\n<p style=\"text-align: justify;\"><b>D\u00e1n \u0111a n\u0103ng<\/b>: Keo k\u1ebft d\u00ednh m\u1ea1nh m\u1ebd tr\u00ean nhi\u1ec1u lo\u1ea1i v\u1eadt li\u1ec7u kh\u00e1c nhau bao g\u1ed3m kim lo\u1ea1i (nh\u01b0 th\u00e9p, nh\u00f4m), nh\u1ef1a (tr\u1eeb LSE), g\u1ed1m s\u1ee9, g\u1ed7 v\u00e0 v\u1eadt li\u1ec7u composite.<\/p>\n<\/li>\n<li>\n<p style=\"text-align: justify;\"><b>Kh\u00e1ng m\u00f4i tr\u01b0\u1eddng<\/b>: Ch\u1ecbu \u0111\u01b0\u1ee3c \u0111\u1ed9 \u1ea9m, n\u01b0\u1edbc, nhi\u1ec1u lo\u1ea1i h\u00f3a ch\u1ea5t v\u00e0 s\u1ef1 thay \u0111\u1ed5i nhi\u1ec7t \u0111\u1ed9, \u0111\u1ea3m b\u1ea3o \u0111\u1ed9 b\u1ec1n c\u1ee7a m\u1ed1i d\u00e1n trong m\u00f4i tr\u01b0\u1eddng c\u00f4ng nghi\u1ec7p kh\u1eafc nghi\u1ec7t.<\/p>\n<\/li>\n<li>\n<p style=\"text-align: justify;\"><b>D\u1ec5 thi c\u00f4ng<\/b>: \u0110\u01b0\u1ee3c \u0111\u00f3ng g\u00f3i trong \u1ed1ng k\u00e9p 50ml, d\u1ec5 d\u00e0ng \u0111\u1ecbnh l\u01b0\u1ee3ng ch\u00ednh x\u00e1c t\u1ef7 l\u1ec7 tr\u1ed9n th\u00f4ng qua v\u00f2i tr\u1ed9n t\u0129nh (static mixer nozzle) chuy\u00ean d\u1ee5ng.<\/p>\n<\/li>\n<\/ul>\n<h2 style=\"text-align: justify;\"><strong>Th\u00f4ng s\u1ed1 k\u1ef9 thu\u1eadt Keo Loctite EA 20HP &#8211; 50ml<\/strong><\/h2>\n<p style=\"text-align: center;\"><strong><img decoding=\"async\" alt=\"Keo Loctite EA 20HP - 50ml\" data-thumb=\"grande\" original-height=\"392\" original-width=\"495\" src=\"https:\/\/yenhung.com\/wp-content\/uploads\/2025\/10\/loctite-ea-20hp-50ml-1-2.png\" title=\"loctite-ea-20hp-50ml-1-2\"><\/strong><\/p>\n<table class=\"MsoTableGridLight\" style=\"border-collapse:collapse; border:solid #bfbfbf 1.0pt\">\n<tbody>\n<tr>\n<td style=\"border:solid #bfbfbf 1.0pt; padding:0cm 5.4pt 0cm 5.4pt\" valign=\"top\">\n<p style=\"text-align: justify;\"><span style=\"font-size:11pt\"><span style=\"line-height:normal\"><span style=\"font-family:Calibri,sans-serif\"><b><span style=\"font-size:12.0pt\"><span style='font-family:\"Times New Roman\",serif'><span style=\"color:#1b1c1d\">T\u00ean th\u00f4ng s\u1ed1<\/span><\/span><\/span><\/b><\/span><\/span><\/span><\/p>\n<\/td>\n<td style=\"border:solid #bfbfbf 1.0pt; border-left:none; padding:0cm 5.4pt 0cm 5.4pt\" valign=\"top\">\n<p style=\"text-align: justify;\"><span style=\"font-size:11pt\"><span style=\"line-height:normal\"><span style=\"font-family:Calibri,sans-serif\"><b><span style=\"font-size:12.0pt\"><span style='font-family:\"Times New Roman\",serif'><span style=\"color:#1b1c1d\">Chi ti\u1ebft<\/span><\/span><\/span><\/b><\/span><\/span><\/span><\/p>\n<\/td>\n<\/tr>\n<tr>\n<td style=\"border:solid #bfbfbf 1.0pt; border-top:none; padding:0cm 5.4pt 0cm 5.4pt\" valign=\"top\">\n<p style=\"text-align: justify;\"><span style=\"font-size:11pt\"><span style=\"line-height:normal\"><span style=\"font-family:Calibri,sans-serif\"><b><span style=\"border:none windowtext 1.0pt; font-size:12.0pt; padding:0cm\"><span style='font-family:\"Times New Roman\",serif'><span style=\"color:#1b1c1d\">M\u00e3 s\u1ea3n ph\u1ea9m<\/span><\/span><\/span><\/b><\/span><\/span><\/span><\/p>\n<\/td>\n<td style=\"border-bottom:solid #bfbfbf 1.0pt; border-top:none; border-left:none; border-right:solid #bfbfbf 1.0pt; padding:0cm 5.4pt 0cm 5.4pt\" valign=\"top\">\n<p style=\"text-align: justify;\"><span style=\"font-size:11pt\"><span style=\"line-height:normal\"><span style=\"font-family:Calibri,sans-serif\"><span style=\"font-size:12.0pt\"><span style='font-family:\"Times New Roman\",serif'><span style=\"color:#1b1c1d\">LOCTITE EA 20HP<\/span><\/span><\/span><\/span><\/span><\/span><\/p>\n<\/td>\n<\/tr>\n<tr>\n<td style=\"border:solid #bfbfbf 1.0pt; border-top:none; padding:0cm 5.4pt 0cm 5.4pt\" valign=\"top\">\n<p style=\"text-align: justify;\"><span style=\"font-size:11pt\"><span style=\"line-height:normal\"><span style=\"font-family:Calibri,sans-serif\"><b><span style=\"border:none windowtext 1.0pt; font-size:12.0pt; padding:0cm\"><span style='font-family:\"Times New Roman\",serif'><span style=\"color:#1b1c1d\">Lo\u1ea1i keo<\/span><\/span><\/span><\/b><\/span><\/span><\/span><\/p>\n<\/td>\n<td style=\"border-bottom:solid #bfbfbf 1.0pt; border-top:none; border-left:none; border-right:solid #bfbfbf 1.0pt; padding:0cm 5.4pt 0cm 5.4pt\" valign=\"top\">\n<p style=\"text-align: justify;\"><span style=\"font-size:11pt\"><span style=\"line-height:normal\"><span style=\"font-family:Calibri,sans-serif\"><span style=\"font-size:12.0pt\"><span style='font-family:\"Times New Roman\",serif'><span style=\"color:#1b1c1d\">Epoxy Hai th\u00e0nh ph\u1ea7n (2K)<\/span><\/span><\/span><\/span><\/span><\/span><\/p>\n<\/td>\n<\/tr>\n<tr>\n<td style=\"border:solid #bfbfbf 1.0pt; border-top:none; padding:0cm 5.4pt 0cm 5.4pt\" valign=\"top\">\n<p style=\"text-align: justify;\"><span style=\"font-size:11pt\"><span style=\"line-height:normal\"><span style=\"font-family:Calibri,sans-serif\"><b><span style=\"border:none windowtext 1.0pt; font-size:12.0pt; padding:0cm\"><span style='font-family:\"Times New Roman\",serif'><span style=\"color:#1b1c1d\">M\u00e0u s\u1eafc<\/span><\/span><\/span><\/b><\/span><\/span><\/span><\/p>\n<\/td>\n<td style=\"border-bottom:solid #bfbfbf 1.0pt; border-top:none; border-left:none; border-right:solid #bfbfbf 1.0pt; padding:0cm 5.4pt 0cm 5.4pt\" valign=\"top\">\n<p style=\"text-align: justify;\"><span style=\"font-size:11pt\"><span style=\"line-height:normal\"><span style=\"font-family:Calibri,sans-serif\"><span style=\"font-size:12.0pt\"><span style='font-family:\"Times New Roman\",serif'><span style=\"color:#1b1c1d\">Tr\u1eafng ng\u00e0 \/ Kem (Off-White \/ Beige)<\/span><\/span><\/span><\/span><\/span><\/span><\/p>\n<\/td>\n<\/tr>\n<tr>\n<td style=\"border:solid #bfbfbf 1.0pt; border-top:none; padding:0cm 5.4pt 0cm 5.4pt\" valign=\"top\">\n<p style=\"text-align: justify;\"><span style=\"font-size:11pt\"><span style=\"line-height:normal\"><span style=\"font-family:Calibri,sans-serif\"><b><span style=\"border:none windowtext 1.0pt; font-size:12.0pt; padding:0cm\"><span style='font-family:\"Times New Roman\",serif'><span style=\"color:#1b1c1d\">T\u1ef7 l\u1ec7 tr\u1ed9n (theo th\u1ec3 t\u00edch)<\/span><\/span><\/span><\/b><\/span><\/span><\/span><\/p>\n<\/td>\n<td style=\"border-bottom:solid #bfbfbf 1.0pt; border-top:none; border-left:none; border-right:solid #bfbfbf 1.0pt; padding:0cm 5.4pt 0cm 5.4pt\" valign=\"top\">\n<p style=\"text-align: justify;\"><span style=\"font-size:11pt\"><span style=\"line-height:normal\"><span style=\"font-family:Calibri,sans-serif\"><span style=\"font-size:12.0pt\"><span style='font-family:\"Times New Roman\",serif'><span style=\"color:#1b1c1d\">2:1 (A:B)<\/span><\/span><\/span><\/span><\/span><\/span><\/p>\n<\/td>\n<\/tr>\n<tr>\n<td style=\"border:solid #bfbfbf 1.0pt; border-top:none; padding:0cm 5.4pt 0cm 5.4pt\" valign=\"top\">\n<p style=\"text-align: justify;\"><span style=\"font-size:11pt\"><span style=\"line-height:normal\"><span style=\"font-family:Calibri,sans-serif\"><b><span style=\"border:none windowtext 1.0pt; font-size:12.0pt; padding:0cm\"><span style='font-family:\"Times New Roman\",serif'><span style=\"color:#1b1c1d\">Th\u1eddi gian l\u00e0m vi\u1ec7c (Pot Life)<\/span><\/span><\/span><\/b><\/span><\/span><\/span><\/p>\n<\/td>\n<td style=\"border-bottom:solid #bfbfbf 1.0pt; border-top:none; border-left:none; border-right:solid #bfbfbf 1.0pt; padding:0cm 5.4pt 0cm 5.4pt\" valign=\"top\">\n<p style=\"text-align: justify;\"><span style=\"font-size:11pt\"><span style=\"line-height:normal\"><span style=\"font-family:Calibri,sans-serif\"><span style=\"font-size:12.0pt\"><span style='font-family:\"Times New Roman\",serif'><span style=\"color:#1b1c1d\">Kho\u1ea3ng 20 &#8211; 30 ph\u00fat (t\u1ea1i 25\u00b0C)<\/span><\/span><\/span><\/span><\/span><\/span><\/p>\n<\/td>\n<\/tr>\n<tr>\n<td style=\"border:solid #bfbfbf 1.0pt; border-top:none; padding:0cm 5.4pt 0cm 5.4pt\" valign=\"top\">\n<p style=\"text-align: justify;\"><span style=\"font-size:11pt\"><span style=\"line-height:normal\"><span style=\"font-family:Calibri,sans-serif\"><b><span style=\"border:none windowtext 1.0pt; font-size:12.0pt; padding:0cm\"><span style='font-family:\"Times New Roman\",serif'><span style=\"color:#1b1c1d\">Th\u1eddi gian c\u1ed1 \u0111\u1ecbnh ban \u0111\u1ea7u<\/span><\/span><\/span><\/b><\/span><\/span><\/span><\/p>\n<\/td>\n<td style=\"border-bottom:solid #bfbfbf 1.0pt; border-top:none; border-left:none; border-right:solid #bfbfbf 1.0pt; padding:0cm 5.4pt 0cm 5.4pt\" valign=\"top\">\n<p style=\"text-align: justify;\"><span style=\"font-size:11pt\"><span style=\"line-height:normal\"><span style=\"font-family:Calibri,sans-serif\"><span style=\"font-size:12.0pt\"><span style='font-family:\"Times New Roman\",serif'><span style=\"color:#1b1c1d\">Kho\u1ea3ng 120 ph\u00fat (t\u1ea1i 25\u00b0C)<\/span><\/span><\/span><\/span><\/span><\/span><\/p>\n<\/td>\n<\/tr>\n<tr>\n<td style=\"border:solid #bfbfbf 1.0pt; border-top:none; padding:0cm 5.4pt 0cm 5.4pt\" valign=\"top\">\n<p style=\"text-align: justify;\"><span style=\"font-size:11pt\"><span style=\"line-height:normal\"><span style=\"font-family:Calibri,sans-serif\"><b><span style=\"border:none windowtext 1.0pt; font-size:12.0pt; padding:0cm\"><span style='font-family:\"Times New Roman\",serif'><span style=\"color:#1b1c1d\">Ph\u1ea1m vi nhi\u1ec7t \u0111\u1ed9 ho\u1ea1t \u0111\u1ed9ng<\/span><\/span><\/span><\/b><\/span><\/span><\/span><\/p>\n<\/td>\n<td style=\"border-bottom:solid #bfbfbf 1.0pt; border-top:none; border-left:none; border-right:solid #bfbfbf 1.0pt; padding:0cm 5.4pt 0cm 5.4pt\" valign=\"top\">\n<p style=\"text-align: justify;\"><span style=\"font-size:11pt\"><span style=\"line-height:normal\"><span style=\"font-family:Calibri,sans-serif\"><span style=\"font-size:12.0pt\"><span style='font-family:\"Times New Roman\",serif'><span style=\"color:#1b1c1d\">Th\u01b0\u1eddng t\u1eeb -55\u00b0C \u0111\u1ebfn +120\u00b0C<\/span><\/span><\/span><\/span><\/span><\/span><\/p>\n<\/td>\n<\/tr>\n<tr>\n<td style=\"border:solid #bfbfbf 1.0pt; border-top:none; padding:0cm 5.4pt 0cm 5.4pt\" valign=\"top\">\n<p style=\"text-align: justify;\"><span style=\"font-size:11pt\"><span style=\"line-height:normal\"><span style=\"font-family:Calibri,sans-serif\"><b><span style=\"border:none windowtext 1.0pt; font-size:12.0pt; padding:0cm\"><span style='font-family:\"Times New Roman\",serif'><span style=\"color:#1b1c1d\">\u0110\u1ed9 nh\u1edbt<\/span><\/span><\/span><\/b><\/span><\/span><\/span><\/p>\n<\/td>\n<td style=\"border-bottom:solid #bfbfbf 1.0pt; border-top:none; border-left:none; border-right:solid #bfbfbf 1.0pt; padding:0cm 5.4pt 0cm 5.4pt\" valign=\"top\">\n<p style=\"text-align: justify;\"><span style=\"font-size:11pt\"><span style=\"line-height:normal\"><span style=\"font-family:Calibri,sans-serif\"><span style=\"font-size:12.0pt\"><span style='font-family:\"Times New Roman\",serif'><span style=\"color:#1b1c1d\">Trung b\u00ecnh<\/span><\/span><\/span><\/span><\/span><\/span><\/p>\n<\/td>\n<\/tr>\n<tr>\n<td style=\"border:solid #bfbfbf 1.0pt; border-top:none; padding:0cm 5.4pt 0cm 5.4pt\" valign=\"top\">\n<p style=\"text-align: justify;\"><span style=\"font-size:11pt\"><span style=\"line-height:normal\"><span style=\"font-family:Calibri,sans-serif\"><b><span style=\"border:none windowtext 1.0pt; font-size:12.0pt; padding:0cm\"><span style='font-family:\"Times New Roman\",serif'><span style=\"color:#1b1c1d\">Quy c\u00e1ch \u0111\u00f3ng g\u00f3i<\/span><\/span><\/span><\/b><\/span><\/span><\/span><\/p>\n<\/td>\n<td style=\"border-bottom:solid #bfbfbf 1.0pt; border-top:none; border-left:none; border-right:solid #bfbfbf 1.0pt; padding:0cm 5.4pt 0cm 5.4pt\" valign=\"top\">\n<p style=\"text-align: justify;\"><span style=\"font-size:11pt\"><span style=\"line-height:normal\"><span style=\"font-family:Calibri,sans-serif\"><span style=\"font-size:12.0pt\"><span style='font-family:\"Times New Roman\",serif'><span style=\"color:#1b1c1d\">\u1ed0ng k\u00e9p <span style=\"border:none windowtext 1.0pt; padding:0cm\">50 ml<\/span><\/span><\/span><\/span><\/span><\/span><\/span><\/p>\n<\/td>\n<\/tr>\n<\/tbody>\n<\/table>\n<h2 style=\"text-align: justify;\"><strong>\u1ee8ng d\u1ee5ng Keo Loctite EA 20HP &#8211; 50ml<\/strong><\/h2>\n<p style=\"text-align: center;\"><img decoding=\"async\" alt=\"Keo Loctite EA 20HP - 50ml\" data-thumb=\"2048x2048\" original-height=\"198\" original-width=\"357\" src=\"https:\/\/yenhung.com\/wp-content\/uploads\/2025\/10\/loctite-ea-20hp-50ml-3-1.png\" title=\"loctite-ea-20hp-50ml-3-1\"><\/p>\n<ul>\n<li>\n<p style=\"text-align: justify;\"><b>L\u1eafp r\u00e1p k\u1ebft c\u1ea5u<\/b>: D\u00e1n c\u00e1c b\u1ed9 ph\u1eadn ch\u1ecbu t\u1ea3i trong ng\u00e0nh c\u00f4ng nghi\u1ec7p \u00f4 t\u00f4, thi\u1ebft b\u1ecb \u0111i\u1ec7n t\u1eed, v\u00e0 s\u1ea3n xu\u1ea5t m\u00e1y m\u00f3c.<\/p>\n<\/li>\n<li>\n<p style=\"text-align: justify;\"><b>S\u1eeda ch\u1eefa v\u00e0 b\u1ea3o tr\u00ec (MRO)<\/b>: S\u1eeda ch\u1eefa c\u00e1c chi ti\u1ebft b\u1ecb v\u1ee1, n\u1ee9t ho\u1eb7c gia c\u1ed1 c\u00e1c b\u1ed9 ph\u1eadn \u0111\u00f2i h\u1ecfi \u0111\u1ed9 b\u1ec1n cao.<\/p>\n<\/li>\n<li>\n<p style=\"text-align: justify;\"><b>Ng\u00e0nh c\u00f4ng c\u1ee5<\/b>: D\u00e1n c\u00e1c th\u00e0nh ph\u1ea7n c\u1ee7a d\u1ee5ng c\u1ee5 ho\u1eb7c thi\u1ebft b\u1ecb c\u1ea7n \u0111\u1ed9 b\u1ec1n v\u00e0 ch\u1ecbu \u0111\u01b0\u1ee3c \u0111i\u1ec1u ki\u1ec7n l\u00e0m vi\u1ec7c kh\u1eafc nghi\u1ec7t.<\/p>\n<\/li>\n<\/ul>\n<p style=\"text-align: justify;\"><b>Th\u00f4ng tin truy c\u1eadp<\/b><\/p>\n<p style=\"text-align: justify;\"><a href=\"https:\/\/www.loctiteproducts.com\/\" target=\"_blank\">T\u00ecm hi\u1ec3u th\u00eam t\u00e0i li\u1ec7u s\u1ea3n ph\u1ea9m LOCTITE<\/a><\/p>\n<p style=\"text-align: justify;\"><u><a href=\"https:\/\/suncompany.vn\">T\u00ecm hi\u1ec3u th\u00eam v\u1ec1 c\u00e1c d\u00f2ng s\u1ea3n ph\u1ea9m kh\u00e1c\u00a0c\u1ee7a SUN COMPANY<\/a><\/u><\/p>\n<h3 style=\"text-align: justify;\"><\/h3>\n<p style=\"text-align: justify;\">L\u00e0 nh\u00e0 ph\u00e2n ph\u1ed1i c\u00e1c s\u1ea3n ph\u1ea9m keo, m\u1ee1 b\u00f4i tr\u01a1n, b\u00ecnh x\u1ecbt v\u00e0 v\u1eadt t\u01b0 c\u00f4ng nghi\u1ec7p c\u1ee7a <strong>LOCTITE<\/strong>\u00a0 t\u1ea1i th\u1ecb tr\u01b0\u1eddng Vi\u1ec7t Nam v\u1edbi c\u00e1c \u1ee9ng d\u1ee5ng trong vi\u1ec7c b\u1ea3o tr\u00ec b\u1ea3o d\u01b0\u1ee1ng m\u00e1y m\u00f3c v\u00e0 thi\u1ebft b\u1ecb c\u00f4ng nghi\u1ec7p.<\/p>\n<p style=\"text-align: justify;\">B\u1eb1ng c\u00e1ch cung c\u1ea5p cho kh\u00e1ch h\u00e0ng c\u00e1c s\u1ea3n ph\u1ea9m t\u1ed1t v\u00e0 ch\u1ea5t l\u01b0\u1ee3ng \u0111\u01b0\u1ee3c s\u1ea3n xu\u1ea5t v\u00e0 gi\u00e1m s\u00e1t ch\u1eb7t ch\u1ebd b\u1edfi h\u1ec7 th\u1ed1ng qu\u1ea3n l\u00fd chuy\u00ean nghi\u1ec7p,\u00a0<a href=\"http:\/\/https\/suncompany.vn\"><b>SUNCOMPANY<\/b>\u00a0<\/a>t\u1ef1 h\u00e0o \u0111\u00e3 \u0111\u00f3ng g\u00f3p v\u00e0o cu\u1ed9c s\u1ed1ng con ng\u01b0\u1eddi c\u0169ng nh\u01b0 s\u1ef1 ph\u00e1t tri\u1ec3n tr\u00ean th\u1ecb tr\u01b0\u1eddng c\u00f4ng nghi\u1ec7p t\u1ea1i Vi\u1ec7t Nam.<\/p>\n<p style=\"text-align: justify;\"><strong>Th\u00f4ng tin li\u00ean h\u1ec7\u00a0<\/strong><\/p>\n<p style=\"text-align: justify;\"><strong>C\u00d4NG TY TNHH TH\u01af\u01a0NG M\u1ea0I D\u1ecaCH V\u1ee4 SUN COMMERCIAL \u2013 SUN COMMERCIAL SERVICE TRADING CO., LTD<\/strong><\/p>\n<p style=\"text-align: justify;\">\u2013 M\u00e3 s\u1ed1 thu\u1ebf: 0316694604<\/p>\n<p style=\"text-align: justify;\">\u2013 S\u0110T: 090 666 5927\u00a0<\/p>\n<p style=\"text-align: justify;\">\u2013 \u0110\u1ecba ch\u1ec9: 118\/8 Hu\u1ef3nh Thi\u1ec7n L\u1ed9c, Ph\u01b0\u1eddng Ho\u00e0 Th\u1ea1nh, Qu\u1eadn T\u00e2n Ph\u00fa, TP. H\u1ed3 Ch\u00ed Minh<\/p>\n<\/p><\/div>\n","protected":false},"excerpt":{"rendered":"<p><strong>T\u00ean sa\u0309n ph\u00e2\u0309m:<\/strong>\u00a0Keo Loctite EA 20HP &#8211; 50ml<br \/>\n<strong>T\u00ecnh tr\u1ea1ng:<\/strong>\u00a0Li\u00ean h\u1ec7 S\u0110T 090 666 5927\u00a0<br \/>\n<strong>Kho:<\/strong>\u00a0H\u1ed3 Ch\u00ed Minh.<br \/>\n<strong>Li\u00ean h\u1ec7:<\/strong>\u00a0090.666.5927 (24\/7)<br \/>\n<strong>Giao h\u00e0ng:<\/strong>\u00a0Trong ng\u00e0y<\/p>\n","protected":false},"featured_media":4968,"comment_status":"closed","ping_status":"closed","template":"","meta":[],"product_brand":[],"product_cat":[141],"product_tag":[],"class_list":{"0":"post-4967","1":"product","2":"type-product","3":"status-publish","4":"has-post-thumbnail","6":"product_cat-loctite","8":"first","9":"instock","10":"shipping-taxable","11":"product-type-simple"},"_links":{"self":[{"href":"https:\/\/yenhung.com\/index.php?rest_route=\/wp\/v2\/product\/4967","targetHints":{"allow":["GET"]}}],"collection":[{"href":"https:\/\/yenhung.com\/index.php?rest_route=\/wp\/v2\/product"}],"about":[{"href":"https:\/\/yenhung.com\/index.php?rest_route=\/wp\/v2\/types\/product"}],"replies":[{"embeddable":true,"href":"https:\/\/yenhung.com\/index.php?rest_route=%2Fwp%2Fv2%2Fcomments&post=4967"}],"wp:featuredmedia":[{"embeddable":true,"href":"https:\/\/yenhung.com\/index.php?rest_route=\/wp\/v2\/media\/4968"}],"wp:attachment":[{"href":"https:\/\/yenhung.com\/index.php?rest_route=%2Fwp%2Fv2%2Fmedia&parent=4967"}],"wp:term":[{"taxonomy":"product_brand","embeddable":true,"href":"https:\/\/yenhung.com\/index.php?rest_route=%2Fwp%2Fv2%2Fproduct_brand&post=4967"},{"taxonomy":"product_cat","embeddable":true,"href":"https:\/\/yenhung.com\/index.php?rest_route=%2Fwp%2Fv2%2Fproduct_cat&post=4967"},{"taxonomy":"product_tag","embeddable":true,"href":"https:\/\/yenhung.com\/index.php?rest_route=%2Fwp%2Fv2%2Fproduct_tag&post=4967"}],"curies":[{"name":"wp","href":"https:\/\/api.w.org\/{rel}","templated":true}]}}