{"id":5039,"date":"2025-10-28T02:22:38","date_gmt":"2025-10-28T02:22:38","guid":{"rendered":"https:\/\/yenhung.com\/?product=keo-loctite-2701-50ml"},"modified":"2026-02-24T09:59:57","modified_gmt":"2026-02-24T09:59:57","slug":"keo-loctite-2701-50ml","status":"publish","type":"product","link":"https:\/\/yenhung.com\/?product=keo-loctite-2701-50ml","title":{"rendered":"Keo Loctite 2701 50ml"},"content":{"rendered":"<div class=\"ba-text-fpt\">\n<h2><strong>Loctite 2701 50ml<\/strong><\/h2>\n<p>\u0110\u00e2y l\u00e0 m\u1ed9t s\u1ea3n ph\u1ea9m keo kh\u00f3a ren cao c\u1ea5p c\u1ee7a <strong>Henkel Loctite<\/strong>, \u0111\u01b0\u1ee3c thi\u1ebft k\u1ebf \u0111\u1ec3 kh\u00f3a v\u00e0 l\u00e0m k\u00edn v\u0129nh vi\u1ec5n c\u00e1c m\u1ed1i n\u1ed1i ren kim lo\u1ea1i, \u0111\u1eb7c bi\u1ec7t l\u00e0 c\u00e1c b\u1ec1 m\u1eb7t \u00edt ho\u1ea1t \u0111\u1ed9ng ho\u1eb7c khi y\u00eau c\u1ea7u kh\u1ea3 n\u0103ng ch\u1ecbu d\u1ea7u n\u00f3ng t\u1ed1i \u0111a.<\/p>\n<p><img decoding=\"async\" title=\"loctite-2701-50ml-a-1752735511732-2\" src=\"https:\/\/yenhung.com\/wp-content\/uploads\/2025\/10\/loctite-2701-50ml-a-1752735511732-2.jpg\" alt=\"Loctite 2701 50ml\" data-thumb=\"large\" \/><\/p>\n<p style=\"margin-bottom: 11px;\"><span style=\"font-size: 11pt;\"><span style=\"line-height: normal;\"><span style=\"font-family: Calibri,sans-serif;\"><b><span style=\"font-size: 13.5pt;\"><span style=\"font-family: 'Times New Roman',serif;\">\u0110\u1eb7c \u0111i\u1ec3m n\u1ed5i b\u1eadt c\u1ee7a Loctite 2701<\/span><\/span><\/b><\/span><\/span><\/span><\/p>\n<p style=\"margin-bottom: 11px;\"><span style=\"font-size: 11pt;\"><span style=\"line-height: normal;\"><span style=\"font-family: Calibri,sans-serif;\"><span style=\"font-size: 12.0pt;\"><span style=\"font-family: 'Times New Roman',serif;\">Loctite 2701 l\u00e0 lo\u1ea1i keo kh\u00f3a ren c\u01b0\u1eddng \u0111\u1ed9 cao, m\u00e0u xanh l\u00e1 c\u00e2y, v\u1edbi nh\u1eefng \u0111\u1eb7c t\u00ednh k\u1ef9 thu\u1eadt \u1ea5n t\u01b0\u1ee3ng:<\/span><\/span><\/span><\/span><\/span><\/p>\n<ul>\n<li style=\"margin-bottom: 11px;\"><span style=\"font-size: 11pt;\"><span style=\"line-height: normal;\"><span style=\"tab-stops: list 36.0pt;\"><span style=\"font-family: Calibri,sans-serif;\"><b><span style=\"font-size: 12.0pt;\"><span style=\"font-family: 'Times New Roman',serif;\">Keo kh\u00f3a ren c\u01b0\u1eddng \u0111\u1ed9 cao (High Strength Threadlocker):<\/span><\/span><\/b><span style=\"font-size: 12.0pt;\"><span style=\"font-family: 'Times New Roman',serif;\"> \u0110\u01b0\u1ee3c thi\u1ebft k\u1ebf \u0111\u1ec3 kh\u00f3a ch\u1eb7t v\u0129nh vi\u1ec5n c\u00e1c m\u1ed1i n\u1ed1i ren, ng\u0103n ch\u1eb7n s\u1ef1 n\u1edbi l\u1ecfng do s\u1ed1c, rung \u0111\u1ed9ng v\u00e0 c\u00e1c t\u00e1c \u0111\u1ed9ng t\u1eeb m\u00f4i tr\u01b0\u1eddng. Vi\u1ec7c th\u00e1o r\u1eddi th\u01b0\u1eddng y\u00eau c\u1ea7u gia nhi\u1ec7t c\u1ee5c b\u1ed9 l\u00ean \u0111\u1ebfn kho\u1ea3ng 250\u00b0C.<\/span><\/span><\/span><\/span><\/span><\/span><\/li>\n<li style=\"margin-bottom: 11px;\"><span style=\"font-size: 11pt;\"><span style=\"line-height: normal;\"><span style=\"tab-stops: list 36.0pt;\"><span style=\"font-family: Calibri,sans-serif;\"><b><span style=\"font-size: 12.0pt;\"><span style=\"font-family: 'Times New Roman',serif;\">Keo k\u1ef5 kh\u00ed (Anaerobic):<\/span><\/span><\/b><span style=\"font-size: 12.0pt;\"><span style=\"font-family: 'Times New Roman',serif;\"> Keo ch\u1ec9 \u0111\u00f3ng r\u1eafn khi kh\u00f4ng c\u00f3 kh\u00f4ng kh\u00ed v\u00e0 n\u1eb1m gi\u1eefa c\u00e1c b\u1ec1 m\u1eb7t kim lo\u1ea1i v\u1eeba kh\u00edt.<\/span><\/span><\/span><\/span><\/span><\/span><\/li>\n<li style=\"margin-bottom: 11px;\"><span style=\"font-size: 11pt;\"><span style=\"line-height: normal;\"><span style=\"tab-stops: list 36.0pt;\"><span style=\"font-family: Calibri,sans-serif;\"><b><span style=\"font-size: 12.0pt;\"><span style=\"font-family: 'Times New Roman',serif;\">M\u00e0u xanh l\u00e1 c\u00e2y (Green):<\/span><\/span><\/b><span style=\"font-size: 12.0pt;\"><span style=\"font-family: 'Times New Roman',serif;\"> M\u00e0u \u0111\u1eb7c tr\u01b0ng gi\u00fap d\u1ec5 d\u00e0ng nh\u1eadn bi\u1ebft s\u1ea3n ph\u1ea9m.<\/span><\/span><\/span><\/span><\/span><\/span><\/li>\n<li style=\"margin-bottom: 11px;\"><span style=\"font-size: 11pt;\"><span style=\"line-height: normal;\"><span style=\"tab-stops: list 36.0pt;\"><span style=\"font-family: Calibri,sans-serif;\"><b><span style=\"font-size: 12.0pt;\"><span style=\"font-family: 'Times New Roman',serif;\">\u0110\u1ed9 nh\u1edbt th\u1ea5p (Low Viscosity):<\/span><\/span><\/b><span style=\"font-size: 12.0pt;\"><span style=\"font-family: 'Times New Roman',serif;\"> Gi\u00fap keo d\u1ec5 d\u00e0ng th\u1ea9m th\u1ea5u v\u00e0o c\u00e1c khe h\u1edf nh\u1ecf c\u1ee7a ren, \u0111\u1ea3m b\u1ea3o l\u1ea5p \u0111\u1ea7y v\u00e0 kh\u00f3a ch\u1eb7t hi\u1ec7u qu\u1ea3. \u0110\u1ed9 nh\u1edbt th\u01b0\u1eddng n\u1eb1m trong kho\u1ea3ng <b>500 &#8211; 900 mPa\u00b7s (cP)<\/b>.<\/span><\/span><\/span><\/span><\/span><\/span><\/li>\n<li style=\"margin-bottom: 11px;\"><span style=\"font-size: 11pt;\"><span style=\"line-height: normal;\"><span style=\"tab-stops: list 36.0pt;\"><span style=\"font-family: Calibri,sans-serif;\"><b><span style=\"font-size: 12.0pt;\"><span style=\"font-family: 'Times New Roman',serif;\">\u0110\u1eb7c bi\u1ec7t ph\u00f9 h\u1ee3p cho b\u1ec1 m\u1eb7t m\u1ea1 Chrome (Chromated Surfaces):<\/span><\/span><\/b><span style=\"font-size: 12.0pt;\"><span style=\"font-family: 'Times New Roman',serif;\"> M\u1ed9t trong nh\u1eefng \u01b0u \u0111i\u1ec3m n\u1ed5i b\u1eadt, cho ph\u00e9p hi\u1ec7u su\u1ea5t k\u1ebft d\u00ednh cao tr\u00ean c\u00e1c b\u1ec1 m\u1eb7t kim lo\u1ea1i th\u1ee5 \u0111\u1ed9ng ho\u1eb7c \u00edt ho\u1ea1t \u0111\u1ed9ng.<\/span><\/span><\/span><\/span><\/span><\/span><\/li>\n<li style=\"margin-bottom: 11px;\"><img decoding=\"async\" title=\"loctite-2701-50ml-b-1752735509850-1\" src=\"https:\/\/yenhung.com\/wp-content\/uploads\/2025\/10\/loctite-2701-50ml-b-1752735509850-1.jpg\" alt=\"Loctite 2701 50ml\" data-thumb=\"large\" \/><\/li>\n<li style=\"margin-bottom: 11px;\"><span style=\"font-size: 11pt;\"><span style=\"line-height: normal;\"><span style=\"tab-stops: list 36.0pt;\"><span style=\"font-family: Calibri,sans-serif;\"><b><span style=\"font-size: 12.0pt;\"><span style=\"font-family: 'Times New Roman',serif;\">Kh\u1ea3 n\u0103ng ch\u1ecbu nhi\u1ec7t \u0111\u1ed9 r\u1ed9ng:<\/span><\/span><\/b><span style=\"font-size: 12.0pt;\"><span style=\"font-family: 'Times New Roman',serif;\"> Ho\u1ea1t \u0111\u1ed9ng hi\u1ec7u qu\u1ea3 trong d\u1ea3i nhi\u1ec7t \u0111\u1ed9 t\u1eeb <b>-55\u00b0C \u0111\u1ebfn +150\u00b0C<\/b>.<\/span><\/span><\/span><\/span><\/span><\/span><\/li>\n<li style=\"margin-bottom: 11px;\"><span style=\"font-size: 11pt;\"><span style=\"line-height: normal;\"><span style=\"tab-stops: list 36.0pt;\"><span style=\"font-family: Calibri,sans-serif;\"><b><span style=\"font-size: 12.0pt;\"><span style=\"font-family: 'Times New Roman',serif;\">Ch\u1ed1ng rung \u0111\u1ed9ng v\u00e0 r\u00f2 r\u1ec9:<\/span><\/span><\/b><span style=\"font-size: 12.0pt;\"><span style=\"font-family: 'Times New Roman',serif;\"> Ng\u0103n ch\u1eb7n c\u00e1c bu l\u00f4ng, \u0111ai \u1ed1c b\u1ecb l\u1ecfng ra do rung \u0111\u1ed9ng v\u00e0 \u0111\u1ed3ng th\u1eddi t\u1ea1o l\u1edbp l\u00e0m k\u00edn, ch\u1ed1ng r\u00f2 r\u1ec9.<\/span><\/span><\/span><\/span><\/span><\/span><\/li>\n<li style=\"margin-bottom: 11px;\"><span style=\"font-size: 11pt;\"><span style=\"line-height: normal;\"><span style=\"tab-stops: list 36.0pt;\"><span style=\"font-family: Calibri,sans-serif;\"><b><span style=\"font-size: 12.0pt;\"><span style=\"font-family: 'Times New Roman',serif;\">Th\u1eddi gian \u0111\u00f3ng r\u1eafn nhanh:<\/span><\/span><\/b> <\/span><\/span><\/span><\/span>\n<ul style=\"list-style-type: circle;\">\n<li style=\"margin-bottom: 11px;\"><span style=\"font-size: 11pt;\"><span style=\"line-height: normal;\"><span style=\"tab-stops: list 72.0pt;\"><span style=\"font-family: Calibri,sans-serif;\"><span style=\"font-size: 12.0pt;\"><span style=\"font-family: 'Times New Roman',serif;\">Th\u00e9p: Kho\u1ea3ng <b>10 ph\u00fat<\/b> \u0111\u1ec3 c\u00f3 \u0111\u1ed9 b\u1ec1n ban \u0111\u1ea7u, <b>3 gi\u1edd<\/b> \u0111\u1ec3 \u0111\u1ea1t c\u01b0\u1eddng \u0111\u1ed9 t\u1ed1i \u0111a.<\/span><\/span><\/span><\/span><\/span><\/span><\/li>\n<li style=\"margin-bottom: 11px;\"><span style=\"font-size: 11pt;\"><span style=\"line-height: normal;\"><span style=\"tab-stops: list 72.0pt;\"><span style=\"font-family: Calibri,sans-serif;\"><span style=\"font-size: 12.0pt;\"><span style=\"font-family: 'Times New Roman',serif;\">\u0110\u1ed3ng thau: Kho\u1ea3ng <b>4 ph\u00fat<\/b> \u0111\u1ec3 c\u00f3 \u0111\u1ed9 b\u1ec1n ban \u0111\u1ea7u, <b>30 ph\u00fat<\/b> \u0111\u1ec3 \u0111\u1ea1t c\u01b0\u1eddng \u0111\u1ed9 t\u1ed1i \u0111a.<\/span><\/span><\/span><\/span><\/span><\/span><\/li>\n<li style=\"margin-bottom: 11px;\"><span style=\"font-size: 11pt;\"><span style=\"line-height: normal;\"><span style=\"tab-stops: list 72.0pt;\"><span style=\"font-family: Calibri,sans-serif;\"><span style=\"font-size: 12.0pt;\"><span style=\"font-family: 'Times New Roman',serif;\">Th\u00e9p kh\u00f4ng g\u1ec9: Kho\u1ea3ng <b>25-30 ph\u00fat<\/b> \u0111\u1ec3 c\u00f3 \u0111\u1ed9 b\u1ec1n ban \u0111\u1ea7u, <b>12 gi\u1edd<\/b> \u0111\u1ec3 \u0111\u1ea1t c\u01b0\u1eddng \u0111\u1ed9 t\u1ed1i \u0111a.<\/span><\/span><\/span><\/span><\/span><\/span><\/li>\n<\/ul>\n<\/li>\n<li style=\"margin-bottom: 11px;\"><span style=\"font-size: 11pt;\"><span style=\"line-height: normal;\"><span style=\"tab-stops: list 36.0pt;\"><span style=\"font-family: Calibri,sans-serif;\"><b><span style=\"font-size: 12.0pt;\"><span style=\"font-family: 'Times New Roman',serif;\">Ph\u00e1t hu\u1ef3nh quang d\u01b0\u1edbi tia UV:<\/span><\/span><\/b><span style=\"font-size: 12.0pt;\"><span style=\"font-family: 'Times New Roman',serif;\"> Gi\u00fap ki\u1ec3m so\u00e1t ch\u1ea5t l\u01b0\u1ee3ng v\u00e0 ki\u1ec3m tra d\u1ec5 d\u00e0ng h\u01a1n sau khi \u1ee9ng d\u1ee5ng.<\/span><\/span><\/span><\/span><\/span><\/span><\/li>\n<li style=\"margin-bottom: 11px;\"><span style=\"font-size: 11pt;\"><span style=\"line-height: normal;\"><span style=\"tab-stops: list 36.0pt;\"><span style=\"font-family: Calibri,sans-serif;\"><b><span style=\"font-size: 12.0pt;\"><span style=\"font-family: 'Times New Roman',serif;\">Ch\u1ed1ng ch\u1ecbu t\u1ed1t v\u1edbi d\u1ea7u n\u00f3ng:<\/span><\/span><\/b><span style=\"font-size: 12.0pt;\"><span style=\"font-family: 'Times New Roman',serif;\"> \u0110\u1eb7c bi\u1ec7t ph\u00f9 h\u1ee3p cho c\u00e1c \u1ee9ng d\u1ee5ng c\u00f3 ti\u1ebfp x\u00fac v\u1edbi d\u1ea7u n\u00f3ng.<\/span><\/span><\/span><\/span><\/span><\/span>\n<p style=\"margin-bottom: 11px;\"><span style=\"font-size: 11pt;\"><span style=\"line-height: normal;\"><span style=\"font-family: Calibri,sans-serif;\"><b><span style=\"font-size: 13.5pt;\"><span style=\"font-family: 'Times New Roman',serif;\">\u1ee8ng d\u1ee5ng c\u1ee7a Loctite 2701<\/span><\/span><\/b><\/span><\/span><\/span><\/p>\n<\/li>\n<li style=\"margin-bottom: 11px;\">\n<p style=\"margin-bottom: 11px;\"><img decoding=\"async\" title=\"loctite-2701-50ml-c-1752735508038-1\" src=\"https:\/\/yenhung.com\/wp-content\/uploads\/2025\/10\/loctite-2701-50ml-c-1752735508038-1.jpg\" alt=\"Loctite 2701 50ml\" data-thumb=\"large\" \/><\/p>\n<p><span style=\"font-size: 11pt;\"><span style=\"line-height: normal;\"><span style=\"font-family: Calibri,sans-serif;\"><span style=\"font-size: 12.0pt;\"><span style=\"font-family: 'Times New Roman',serif;\">Loctite 2701 \u0111\u01b0\u1ee3c s\u1eed d\u1ee5ng r\u1ed9ng r\u00e3i trong c\u00e1c ng\u00e0nh c\u00f4ng nghi\u1ec7p v\u00e0 c\u01a1 kh\u00ed, n\u01a1i y\u00eau c\u1ea7u kh\u00f3a ren v\u0129nh vi\u1ec5n v\u00e0 \u0111\u1ed9 tin c\u1eady cao:<\/span><\/span><\/span><\/span><\/span><\/li>\n<li style=\"margin-bottom: 11px;\"><span style=\"font-size: 11pt;\"><span style=\"line-height: normal;\"><span style=\"tab-stops: list 36.0pt;\"><span style=\"font-family: Calibri,sans-serif;\"><b><span style=\"font-size: 12.0pt;\"><span style=\"font-family: 'Times New Roman',serif;\">Kh\u00f3a c\u00e1c m\u1ed1i n\u1ed1i bu l\u00f4ng, \u0111ai \u1ed1c, ch\u1ed1t ren:<\/span><\/span><\/b><span style=\"font-size: 12.0pt;\"><span style=\"font-family: 'Times New Roman',serif;\"> Trong c\u00e1c thi\u1ebft b\u1ecb ch\u1ecbu rung \u0111\u1ed9ng m\u1ea1nh nh\u01b0 \u0111\u1ed9ng c\u01a1, m\u00e1y b\u01a1m, h\u1ed9p s\u1ed1, v\u00e0 c\u00e1c m\u00e1y m\u00f3c c\u00f4ng nghi\u1ec7p.<\/span><\/span><\/span><\/span><\/span><\/span><\/li>\n<li style=\"margin-bottom: 11px;\"><span style=\"font-size: 11pt;\"><span style=\"line-height: normal;\"><span style=\"tab-stops: list 36.0pt;\"><span style=\"font-family: Calibri,sans-serif;\"><b><span style=\"font-size: 12.0pt;\"><span style=\"font-family: 'Times New Roman',serif;\">L\u00e0m k\u00edn c\u00e1c m\u1ed1i n\u1ed1i ren:<\/span><\/span><\/b><span style=\"font-size: 12.0pt;\"><span style=\"font-family: 'Times New Roman',serif;\"> Ng\u0103n ch\u1eb7n r\u00f2 r\u1ec9 ch\u1ea5t l\u1ecfng ho\u1eb7c kh\u00ed.<\/span><\/span><\/span><\/span><\/span><\/span><\/li>\n<li style=\"margin-bottom: 11px;\"><span style=\"font-size: 11pt;\"><span style=\"line-height: normal;\"><span style=\"tab-stops: list 36.0pt;\"><span style=\"font-family: Calibri,sans-serif;\"><b><span style=\"font-size: 12.0pt;\"><span style=\"font-family: 'Times New Roman',serif;\">\u1ee8ng d\u1ee5ng tr\u00ean c\u00e1c b\u1ec1 m\u1eb7t kim lo\u1ea1i th\u1ee5 \u0111\u1ed9ng:<\/span><\/span><\/b><span style=\"font-size: 12.0pt;\"><span style=\"font-family: 'Times New Roman',serif;\"> Nh\u01b0 th\u00e9p kh\u00f4ng g\u1ec9, nh\u00f4m, b\u1ec1 m\u1eb7t m\u1ea1 k\u1ebdm ho\u1eb7c m\u1ea1 chrome, n\u01a1i c\u00e1c lo\u1ea1i keo k\u1ef5 kh\u00ed th\u00f4ng th\u01b0\u1eddng c\u00f3 th\u1ec3 \u0111\u00f3ng r\u1eafn ch\u1eadm ho\u1eb7c k\u00e9m hi\u1ec7u qu\u1ea3.<\/span><\/span><\/span><\/span><\/span><\/span><\/li>\n<li style=\"margin-bottom: 11px;\"><span style=\"font-size: 11pt;\"><span style=\"line-height: normal;\"><span style=\"tab-stops: list 36.0pt;\"><span style=\"font-family: Calibri,sans-serif;\"><b><span style=\"font-size: 12.0pt;\"><span style=\"font-family: 'Times New Roman',serif;\">Trong c\u00e1c m\u00f4i tr\u01b0\u1eddng kh\u1eafc nghi\u1ec7t:<\/span><\/span><\/b><span style=\"font-size: 12.0pt;\"><span style=\"font-family: 'Times New Roman',serif;\"> N\u01a1i c\u00f3 nhi\u1ec7t \u0111\u1ed9 cao, rung \u0111\u1ed9ng li\u00ean t\u1ee5c ho\u1eb7c ti\u1ebfp x\u00fac v\u1edbi h\u00f3a ch\u1ea5t, d\u1ea7u m\u1ee1.<\/span><\/span><\/span><\/span><\/span><\/span><\/li>\n<\/ul>\n<\/div>\n","protected":false},"excerpt":{"rendered":"<p><strong>T\u00ean sa\u0309n ph\u00e2\u0309m:\u00a0Loctite 2701 50ml<\/strong><\/p>\n<p><b>Li\u00ean h\u1ec7: 0397433258<\/b><\/p>\n","protected":false},"featured_media":5040,"comment_status":"closed","ping_status":"closed","template":"","meta":[],"product_brand":[],"product_cat":[141],"product_tag":[],"class_list":{"0":"post-5039","1":"product","2":"type-product","3":"status-publish","4":"has-post-thumbnail","6":"product_cat-loctite","8":"first","9":"instock","10":"shipping-taxable","11":"product-type-simple"},"_links":{"self":[{"href":"https:\/\/yenhung.com\/index.php?rest_route=\/wp\/v2\/product\/5039","targetHints":{"allow":["GET"]}}],"collection":[{"href":"https:\/\/yenhung.com\/index.php?rest_route=\/wp\/v2\/product"}],"about":[{"href":"https:\/\/yenhung.com\/index.php?rest_route=\/wp\/v2\/types\/product"}],"replies":[{"embeddable":true,"href":"https:\/\/yenhung.com\/index.php?rest_route=%2Fwp%2Fv2%2Fcomments&post=5039"}],"wp:featuredmedia":[{"embeddable":true,"href":"https:\/\/yenhung.com\/index.php?rest_route=\/wp\/v2\/media\/5040"}],"wp:attachment":[{"href":"https:\/\/yenhung.com\/index.php?rest_route=%2Fwp%2Fv2%2Fmedia&parent=5039"}],"wp:term":[{"taxonomy":"product_brand","embeddable":true,"href":"https:\/\/yenhung.com\/index.php?rest_route=%2Fwp%2Fv2%2Fproduct_brand&post=5039"},{"taxonomy":"product_cat","embeddable":true,"href":"https:\/\/yenhung.com\/index.php?rest_route=%2Fwp%2Fv2%2Fproduct_cat&post=5039"},{"taxonomy":"product_tag","embeddable":true,"href":"https:\/\/yenhung.com\/index.php?rest_route=%2Fwp%2Fv2%2Fproduct_tag&post=5039"}],"curies":[{"name":"wp","href":"https:\/\/api.w.org\/{rel}","templated":true}]}}