{"id":5071,"date":"2025-10-28T02:23:09","date_gmt":"2025-10-28T02:23:09","guid":{"rendered":"https:\/\/yenhung.com\/?product=keo-loctite-620-50ml"},"modified":"2026-02-24T09:56:57","modified_gmt":"2026-02-24T09:56:57","slug":"keo-loctite-620-50ml","status":"publish","type":"product","link":"https:\/\/yenhung.com\/?product=keo-loctite-620-50ml","title":{"rendered":"Keo Loctite 620 50ml"},"content":{"rendered":"<div class=\"ba-text-fpt\">\n<h2><strong>Loctite 620 50ml<\/strong><\/h2>\n<p><b>Keo ch\u1ed1ng xoay Loctite 620<\/b> l\u00e0 m\u1ed9t c\u00e1ch g\u1ecdi ph\u1ed5 bi\u1ebfn v\u00e0 ch\u00ednh x\u00e1c cho s\u1ea3n ph\u1ea9m n\u00e0y t\u1ea1i Vi\u1ec7t Nam. N\u00f3 m\u00f4 t\u1ea3 \u0111\u00fang ch\u1ee9c n\u0103ng ch\u00ednh c\u1ee7a keo l\u00e0 ng\u0103n ch\u1eb7n s\u1ef1 xoay v\u00e0 n\u1edbi l\u1ecfng gi\u1eefa c\u00e1c b\u1ed9 ph\u1eadn kim lo\u1ea1i h\u00ecnh tr\u1ee5 \u0111\u01b0\u1ee3c l\u1eafp r\u00e1p v\u1edbi nhau.<\/p>\n<p><b>Loctite 620<\/b> l\u00e0 m\u1ed9t lo\u1ea1i <b>h\u1ee3p ch\u1ea5t gi\u1eef ch\u1eb7t (retaining compound) k\u1ef5 kh\u00ed (anaerobic) m\u1ed9t th\u00e0nh ph\u1ea7n<\/b> v\u1edbi c\u00e1c \u0111\u1eb7c \u0111i\u1ec3m n\u1ed5i b\u1eadt sau:<\/p>\n<p><img decoding=\"async\" title=\"loctite-620-3-2\" src=\"https:\/\/yenhung.com\/wp-content\/uploads\/2025\/10\/loctite-620-3-2.jpg\" alt=\"Loctite 620 50ml\" data-thumb=\"large\" \/><\/p>\n<ul>\n<li><b>\u0110\u1ed9 b\u1ec1n cao:<\/b> T\u1ea1o ra m\u1ed1i n\u1ed1i r\u1ea5t ch\u1eafc ch\u1eafn, ch\u1ecbu \u0111\u01b0\u1ee3c l\u1ef1c xo\u1eafn, rung \u0111\u1ed9ng v\u00e0 va \u0111\u1eadp, ng\u0103n ch\u1eb7n s\u1ef1 n\u1edbi l\u1ecfng v\u00e0 xoay chuy\u1ec3n gi\u1eefa c\u00e1c b\u1ed9 ph\u1eadn kim lo\u1ea1i h\u00ecnh tr\u1ee5.<\/li>\n<li><b>Ch\u1ecbu nhi\u1ec7t \u0111\u1ed9 cao:<\/b> \u0110\u1eb7c bi\u1ec7t ph\u00f9 h\u1ee3p cho c\u00e1c \u1ee9ng d\u1ee5ng ho\u1ea1t \u0111\u1ed9ng \u1edf nhi\u1ec7t \u0111\u1ed9 cao, th\u01b0\u1eddng l\u00ean \u0111\u1ebfn <b>200\u00b0C (392\u00b0F)<\/b> v\u00e0 c\u00f3 th\u1ec3 ch\u1ecbu \u0111\u01b0\u1ee3c nhi\u1ec7t \u0111\u1ed9 gi\u00e1n \u0111o\u1ea1n cao h\u01a1n sau khi gia nhi\u1ec7t \u0111\u1ec3 \u0111\u00f3ng r\u1eafn ho\u00e0n to\u00e0n (h\u00e3y lu\u00f4n ki\u1ec3m tra th\u00f4ng s\u1ed1 k\u1ef9 thu\u1eadt c\u1ee5 th\u1ec3).<\/li>\n<li><b>\u0110\u00f3ng r\u1eafn k\u1ef5 kh\u00ed:<\/b> Ch\u1ec9 \u0111\u00f3ng r\u1eafn khi kh\u00f4ng c\u00f3 kh\u00f4ng kh\u00ed v\u00e0 b\u1ecb k\u1eb9p gi\u1eefa c\u00e1c b\u1ec1 m\u1eb7t kim lo\u1ea1i ti\u1ebfp x\u00fac g\u1ea7n nhau.<\/li>\n<li><b>Kh\u00e1ng h\u00f3a ch\u1ea5t t\u1ed1t:<\/b> Ch\u1ecbu \u0111\u01b0\u1ee3c nhi\u1ec1u lo\u1ea1i d\u1ea7u, nhi\u00ean li\u1ec7u v\u00e0 h\u00f3a ch\u1ea5t kh\u00e1c.<\/li>\n<li><b>Ng\u0103n ng\u1eeba r\u1ec9 s\u00e9t v\u00e0 \u0103n m\u00f2n:<\/b> L\u1ea5p \u0111\u1ea7y c\u00e1c khe h\u1edf nh\u1ecf gi\u1eefa c\u00e1c b\u1ed9 ph\u1eadn kim lo\u1ea1i, ng\u0103n ng\u1eeba s\u1ef1 m\u00e0i m\u00f2n v\u00e0 \u0103n m\u00f2n do chuy\u1ec3n \u0111\u1ed9ng.<\/li>\n<li><b>L\u00e0m k\u00edn m\u1ed1i n\u1ed1i:<\/b> T\u1ea1o ra m\u1ed9t l\u1edbp l\u00e0m k\u00edn ch\u1eb7t ch\u1ebd, ng\u0103n ch\u1eb7n s\u1ef1 r\u00f2 r\u1ec9 ch\u1ea5t l\u1ecfng v\u00e0 kh\u00ed.<\/li>\n<li><b>\u0110\u1ed9 nh\u1edbt cao:<\/b> Th\u00edch h\u1ee3p cho c\u00e1c khe h\u1edf l\u1edbn h\u01a1n (l\u00ean \u0111\u1ebfn 0.15 &#8211; 0.25 mm, t\u00f9y thu\u1ed9c v\u00e0o th\u00f4ng s\u1ed1 k\u1ef9 thu\u1eadt c\u1ee5 th\u1ec3).<\/li>\n<li><b>M\u00e0u xanh l\u00e1 c\u00e2y:<\/b> M\u00e0u \u0111\u1eb7c tr\u01b0ng c\u1ee7a keo sau khi \u0111\u00f3ng r\u1eafn.<\/li>\n<\/ul>\n<p><b>\u1ee8ng d\u1ee5ng ti\u00eau bi\u1ec3u c\u1ee7a keo ch\u1ed1ng xoay Loctite 620 bao g\u1ed3m:<\/b><\/p>\n<p><b><img decoding=\"async\" title=\"loctite-620-2-1\" src=\"https:\/\/yenhung.com\/wp-content\/uploads\/2025\/10\/loctite-620-2-1.jpg\" alt=\"Loctite 620 50ml\" data-thumb=\"large\" \/><\/b><\/p>\n<ul>\n<li>Gi\u1eef ch\u1eb7t c\u00e1c ch\u1ed1t \u0111\u1ecbnh v\u1ecb trong c\u1ee5m t\u1ea3n nhi\u1ec7t.<\/li>\n<li>C\u1ed1 \u0111\u1ecbnh \u1ed1ng l\u00f3t trong v\u1ecf b\u01a1m.<\/li>\n<li>D\u00e1n v\u00f2ng bi trong h\u1ed9p s\u1ed1 \u00f4 t\u00f4.<\/li>\n<li>Kh\u00f3a c\u00e1c \u1ed1ng l\u00f3t v\u00e0 m\u0103ng x\u00f4ng v\u00e0o v\u1ecf v\u00e0 tr\u1ee5c.<\/li>\n<li>Gi\u1eef ch\u1eb7t tr\u1ee5c, b\u00e1nh r\u0103ng, puli v\u00e0 c\u00e1c b\u1ed9 ph\u1eadn h\u00ecnh tr\u1ee5 t\u01b0\u01a1ng t\u1ef1.<\/li>\n<\/ul>\n<p>Khi s\u1eed d\u1ee5ng Loctite 620, vi\u1ec7c <b>chu\u1ea9n b\u1ecb b\u1ec1 m\u1eb7t s\u1ea1ch s\u1ebd<\/b> l\u00e0 y\u1ebfu t\u1ed1 then ch\u1ed1t \u0111\u1ec3 \u0111\u1ea3m b\u1ea3o \u0111\u1ed9 b\u00e1m d\u00ednh v\u00e0 hi\u1ec7u qu\u1ea3 t\u1ed1i \u01b0u. B\u1ea1n n\u00ean s\u1eed d\u1ee5ng c\u00e1c s\u1ea3n ph\u1ea9m l\u00e0m s\u1ea1ch chuy\u00ean d\u1ee5ng c\u1ee7a Loctite \u0111\u1ec3 lo\u1ea1i b\u1ecf d\u1ea7u m\u1ee1, b\u1ee5i b\u1ea9n v\u00e0 c\u00e1c ch\u1ea5t g\u00e2y \u00f4 nhi\u1ec5m kh\u00e1c.<\/p>\n<p><img decoding=\"async\" title=\"loctite-620-1-1\" src=\"https:\/\/yenhung.com\/wp-content\/uploads\/2025\/10\/loctite-620-1-1.png\" alt=\"Loctite 620 50ml\" data-thumb=\"large\" \/><\/p>\n<\/div>\n","protected":false},"excerpt":{"rendered":"<p>T\u00ean sa\u0309n ph\u00e2\u0309m:\u00a0Loctite 620 50ml<\/p>\n<p><b>Li\u00ean h\u1ec7: 0397433258<\/b><\/p>\n","protected":false},"featured_media":5072,"comment_status":"closed","ping_status":"closed","template":"","meta":[],"product_brand":[],"product_cat":[141],"product_tag":[],"class_list":{"0":"post-5071","1":"product","2":"type-product","3":"status-publish","4":"has-post-thumbnail","6":"product_cat-loctite","8":"first","9":"instock","10":"shipping-taxable","11":"product-type-simple"},"_links":{"self":[{"href":"https:\/\/yenhung.com\/index.php?rest_route=\/wp\/v2\/product\/5071","targetHints":{"allow":["GET"]}}],"collection":[{"href":"https:\/\/yenhung.com\/index.php?rest_route=\/wp\/v2\/product"}],"about":[{"href":"https:\/\/yenhung.com\/index.php?rest_route=\/wp\/v2\/types\/product"}],"replies":[{"embeddable":true,"href":"https:\/\/yenhung.com\/index.php?rest_route=%2Fwp%2Fv2%2Fcomments&post=5071"}],"wp:featuredmedia":[{"embeddable":true,"href":"https:\/\/yenhung.com\/index.php?rest_route=\/wp\/v2\/media\/5072"}],"wp:attachment":[{"href":"https:\/\/yenhung.com\/index.php?rest_route=%2Fwp%2Fv2%2Fmedia&parent=5071"}],"wp:term":[{"taxonomy":"product_brand","embeddable":true,"href":"https:\/\/yenhung.com\/index.php?rest_route=%2Fwp%2Fv2%2Fproduct_brand&post=5071"},{"taxonomy":"product_cat","embeddable":true,"href":"https:\/\/yenhung.com\/index.php?rest_route=%2Fwp%2Fv2%2Fproduct_cat&post=5071"},{"taxonomy":"product_tag","embeddable":true,"href":"https:\/\/yenhung.com\/index.php?rest_route=%2Fwp%2Fv2%2Fproduct_tag&post=5071"}],"curies":[{"name":"wp","href":"https:\/\/api.w.org\/{rel}","templated":true}]}}