{"id":5087,"date":"2025-10-28T02:23:21","date_gmt":"2025-10-28T02:23:21","guid":{"rendered":"https:\/\/yenhung.com\/?product=keo-loctite-660-50ml"},"modified":"2026-02-24T09:56:44","modified_gmt":"2026-02-24T09:56:44","slug":"keo-loctite-660-50ml","status":"publish","type":"product","link":"https:\/\/yenhung.com\/?product=keo-loctite-660-50ml","title":{"rendered":"Keo Loctite 660 &#8211; 50ml"},"content":{"rendered":"<div class=\"ba-text-fpt\">\n<h2 data-sourcepos=\"1:1-1:160\"><strong>Loctite 660 &#8211; 50ml<\/strong><\/h2>\n<h2 data-sourcepos=\"1:1-1:160\"><img decoding=\"async\" title=\"loctite-660-50ml-1-1\" src=\"https:\/\/yenhung.com\/wp-content\/uploads\/2025\/10\/loctite-660-50ml-1-1.jpg\" alt=\"Loctite 660 - 50ml\" data-thumb=\"large\" \/><\/h2>\n<p data-sourcepos=\"1:1-1:160\">Keo Loctite 660 l\u00e0 m\u1ed9t lo\u1ea1i keo k\u1ef5 kh\u00ed c\u00f3 \u0111\u1ed9 b\u1ec1n cao, \u0111\u01b0\u1ee3c thi\u1ebft k\u1ebf \u0111\u1ec3 gi\u1eef c\u00e1c b\u1ed9 ph\u1eadn h\u00ecnh tr\u1ee5 kh\u00edt nhau. D\u01b0\u1edbi \u0111\u00e2y l\u00e0 nh\u1eefng th\u00f4ng tin chi ti\u1ebft v\u1ec1 s\u1ea3n ph\u1ea9m n\u00e0y:<\/p>\n<p data-sourcepos=\"3:1-3:21\"><strong>\u0110\u1eb7c \u0111i\u1ec3m n\u1ed5i b\u1eadt:<\/strong><\/p>\n<ul data-sourcepos=\"5:1-15:0\">\n<li data-sourcepos=\"5:1-6:98\"><strong>\u0110\u1ed9 b\u1ec1n cao:<\/strong>\n<ul data-sourcepos=\"6:5-6:98\">\n<li data-sourcepos=\"6:5-6:98\">Loctite 660 t\u1ea1o ra m\u1ed1i li\u00ean k\u1ebft r\u1ea5t ch\u1eafc ch\u1eafn, l\u00fd t\u01b0\u1edfng cho c\u00e1c \u1ee9ng d\u1ee5ng \u0111\u00f2i h\u1ecfi \u0111\u1ed9 b\u1ec1n cao.<\/li>\n<\/ul>\n<\/li>\n<li data-sourcepos=\"7:1-8:155\"><strong>L\u1ea5p \u0111\u1ea7y khe h\u1edf:<\/strong>\n<ul data-sourcepos=\"8:5-8:155\">\n<li data-sourcepos=\"8:5-8:155\">\u0110\u1eb7c bi\u1ec7t h\u1eefu \u00edch cho c\u00e1c \u1ee9ng d\u1ee5ng c\u00f3 khe h\u1edf l\u1edbn gi\u1eefa c\u00e1c b\u1ed9 ph\u1eadn l\u1eafp r\u00e1p, l\u00ean \u0111\u1ebfn 0,5 mm. \u0110i\u1ec1u n\u00e0y l\u00e0m cho n\u00f3 ph\u00f9 h\u1ee3p \u0111\u1ec3 s\u1eeda ch\u1eefa c\u00e1c b\u1ed9 ph\u1eadn b\u1ecb m\u00f2n.<\/li>\n<\/ul>\n<\/li>\n<li data-sourcepos=\"9:1-10:98\"><strong>L\u01b0u h\u00f3a k\u1ef5 kh\u00ed:<\/strong>\n<ul data-sourcepos=\"10:5-10:98\">\n<li data-sourcepos=\"10:5-10:98\">N\u00f3 l\u01b0u h\u00f3a trong \u0111i\u1ec1u ki\u1ec7n kh\u00f4ng c\u00f3 kh\u00f4ng kh\u00ed khi b\u1ecb k\u1eb9p gi\u1eefa c\u00e1c b\u1ec1 m\u1eb7t kim lo\u1ea1i kh\u00edt nhau.<\/li>\n<\/ul>\n<\/li>\n<li data-sourcepos=\"11:1-12:62\"><strong>Ng\u0103n ch\u1eb7n s\u1ef1 n\u1edbi l\u1ecfng:<\/strong>\n<ul data-sourcepos=\"12:5-12:62\">\n<li data-sourcepos=\"12:5-12:62\">Gi\u00fap ng\u0103n ch\u1eb7n s\u1ef1 n\u1edbi l\u1ecfng v\u00e0 r\u00f2 r\u1ec9 do s\u1ed1c v\u00e0 rung \u0111\u1ed9ng.<\/li>\n<\/ul>\n<\/li>\n<li data-sourcepos=\"13:1-15:0\"><strong>\u1ee8ng d\u1ee5ng s\u1eeda ch\u1eefa:<\/strong>\n<ul data-sourcepos=\"14:5-15:0\">\n<li data-sourcepos=\"14:5-15:0\">Th\u01b0\u1eddng \u0111\u01b0\u1ee3c s\u1eed d\u1ee5ng \u0111\u1ec3 kh\u00f4i ph\u1ee5c \u0111\u1ed9 kh\u00edt ch\u00ednh x\u00e1c tr\u00ean tr\u1ee5c b\u1ecb m\u00f2n, \u1ed5 tr\u1ee5c quay v\u00e0 r\u00e3nh then b\u1ecb h\u01b0 h\u1ecfng, lo\u1ea1i b\u1ecf nhu c\u1ea7u gia c\u00f4ng l\u1ea1i.<\/li>\n<\/ul>\n<\/li>\n<\/ul>\n<p data-sourcepos=\"16:1-16:13\"><strong>\u1ee8ng d\u1ee5ng:<\/strong><\/p>\n<p data-sourcepos=\"16:1-16:13\"><strong><img decoding=\"async\" title=\"loctite-660-50ml-2-1\" src=\"https:\/\/yenhung.com\/wp-content\/uploads\/2025\/10\/loctite-660-50ml-2-1.jpg\" alt=\"Loctite 660 - 50ml\" data-thumb=\"large\" \/><\/strong><\/p>\n<ul data-sourcepos=\"18:1-24:0\">\n<li data-sourcepos=\"18:1-19:77\"><strong>S\u1eeda ch\u1eefa c\u00e1c b\u1ed9 ph\u1eadn b\u1ecb m\u00f2n:<\/strong>\n<ul data-sourcepos=\"19:5-19:77\">\n<li data-sourcepos=\"19:5-19:77\">Kh\u00f4i ph\u1ee5c \u0111\u1ed9 kh\u00edt tr\u00ean tr\u1ee5c, \u1ed5 tr\u1ee5c, r\u00e3nh then v\u00e0 r\u00e3nh then hoa b\u1ecb m\u00f2n.<\/li>\n<\/ul>\n<\/li>\n<li data-sourcepos=\"20:1-21:49\"><strong>Gi\u1eef c\u00e1c b\u1ed9 ph\u1eadn h\u00ecnh tr\u1ee5:<\/strong>\n<ul data-sourcepos=\"21:5-21:49\">\n<li data-sourcepos=\"21:5-21:49\">Li\u00ean k\u1ebft \u1ed5 tr\u1ee5c, \u1ed1ng l\u00f3t v\u00e0 \u1ed1ng b\u1ecdc v\u00e0o v\u1ecf.<\/li>\n<\/ul>\n<\/li>\n<li data-sourcepos=\"22:1-24:0\"><strong>B\u1ea3o tr\u00ec c\u00f4ng nghi\u1ec7p:<\/strong>\n<ul data-sourcepos=\"23:5-24:0\">\n<li data-sourcepos=\"23:5-24:0\">B\u1ea3o tr\u00ec v\u00e0 s\u1eeda ch\u1eefa chung m\u00e1y m\u00f3c v\u00e0 thi\u1ebft b\u1ecb.<\/li>\n<\/ul>\n<\/li>\n<\/ul>\n<p data-sourcepos=\"25:1-25:27\"><strong>Nh\u1eefng l\u01b0u \u00fd quan tr\u1ecdng:<\/strong><\/p>\n<p data-sourcepos=\"25:1-25:27\"><strong><img decoding=\"async\" title=\"loctite-660-50ml-3-2\" src=\"https:\/\/yenhung.com\/wp-content\/uploads\/2025\/10\/loctite-660-50ml-3-2.jpg\" alt=\"Loctite 660 - 50ml\" data-thumb=\"large\" \/><\/strong><\/p>\n<ul data-sourcepos=\"27:1-33:0\">\n<li data-sourcepos=\"27:1-28:72\"><strong>B\u1ec1 m\u1eb7t kim lo\u1ea1i:<\/strong>\n<ul data-sourcepos=\"28:5-28:72\">\n<li data-sourcepos=\"28:5-28:72\">Loctite 660 \u0111\u01b0\u1ee3c thi\u1ebft k\u1ebf ch\u1ee7 y\u1ebfu \u0111\u1ec3 s\u1eed d\u1ee5ng tr\u00ean b\u1ec1 m\u1eb7t kim lo\u1ea1i.<\/li>\n<\/ul>\n<\/li>\n<li data-sourcepos=\"29:1-30:113\"><strong>Th\u1eddi gian l\u01b0u h\u00f3a:<\/strong>\n<ul data-sourcepos=\"30:5-30:113\">\n<li data-sourcepos=\"30:5-30:113\">Th\u1eddi gian l\u01b0u h\u00f3a c\u00f3 th\u1ec3 thay \u0111\u1ed5i t\u00f9y thu\u1ed9c v\u00e0o c\u00e1c y\u1ebfu t\u1ed1 nh\u01b0 v\u1eadt li\u1ec7u n\u1ec1n, k\u00edch th\u01b0\u1edbc khe h\u1edf v\u00e0 nhi\u1ec7t \u0111\u1ed9.<\/li>\n<\/ul>\n<\/li>\n<li data-sourcepos=\"31:1-33:0\"><strong>Ch\u1ea5t k\u00edch ho\u1ea1t:<\/strong>\n<ul data-sourcepos=\"32:5-33:0\">\n<li data-sourcepos=\"32:5-33:0\">Trong nh\u1eefng t\u00ecnh hu\u1ed1ng c\u1ea7n t\u1ed1c \u0111\u1ed9 l\u01b0u h\u00f3a nhanh ho\u1eb7c khe h\u1edf l\u1edbn, c\u00f3 th\u1ec3 s\u1eed d\u1ee5ng ch\u1ea5t k\u00edch ho\u1ea1t Loctite \u0111\u1ec3 t\u0103ng t\u1ed1c qu\u00e1 tr\u00ecnh l\u01b0u h\u00f3a.<\/li>\n<\/ul>\n<\/li>\n<\/ul>\n<\/div>\n","protected":false},"excerpt":{"rendered":"<p>T\u00ean sa\u0309n ph\u00e2\u0309m:\u00a0Loctite 660-50ml<\/p>\n<p><b>Li\u00ean h\u1ec7: 0397433258<\/b><\/p>\n","protected":false},"featured_media":5088,"comment_status":"closed","ping_status":"closed","template":"","meta":[],"product_brand":[],"product_cat":[141],"product_tag":[],"class_list":{"0":"post-5087","1":"product","2":"type-product","3":"status-publish","4":"has-post-thumbnail","6":"product_cat-loctite","8":"first","9":"instock","10":"shipping-taxable","11":"product-type-simple"},"_links":{"self":[{"href":"https:\/\/yenhung.com\/index.php?rest_route=\/wp\/v2\/product\/5087","targetHints":{"allow":["GET"]}}],"collection":[{"href":"https:\/\/yenhung.com\/index.php?rest_route=\/wp\/v2\/product"}],"about":[{"href":"https:\/\/yenhung.com\/index.php?rest_route=\/wp\/v2\/types\/product"}],"replies":[{"embeddable":true,"href":"https:\/\/yenhung.com\/index.php?rest_route=%2Fwp%2Fv2%2Fcomments&post=5087"}],"wp:featuredmedia":[{"embeddable":true,"href":"https:\/\/yenhung.com\/index.php?rest_route=\/wp\/v2\/media\/5088"}],"wp:attachment":[{"href":"https:\/\/yenhung.com\/index.php?rest_route=%2Fwp%2Fv2%2Fmedia&parent=5087"}],"wp:term":[{"taxonomy":"product_brand","embeddable":true,"href":"https:\/\/yenhung.com\/index.php?rest_route=%2Fwp%2Fv2%2Fproduct_brand&post=5087"},{"taxonomy":"product_cat","embeddable":true,"href":"https:\/\/yenhung.com\/index.php?rest_route=%2Fwp%2Fv2%2Fproduct_cat&post=5087"},{"taxonomy":"product_tag","embeddable":true,"href":"https:\/\/yenhung.com\/index.php?rest_route=%2Fwp%2Fv2%2Fproduct_tag&post=5087"}],"curies":[{"name":"wp","href":"https:\/\/api.w.org\/{rel}","templated":true}]}}