{"id":5120,"date":"2025-10-28T02:24:04","date_gmt":"2025-10-28T02:24:04","guid":{"rendered":"https:\/\/yenhung.com\/?product=keo-dan-loctite-263-50ml"},"modified":"2026-02-24T09:54:36","modified_gmt":"2026-02-24T09:54:36","slug":"keo-dan-loctite-263-50ml","status":"publish","type":"product","link":"https:\/\/yenhung.com\/?product=keo-dan-loctite-263-50ml","title":{"rendered":"Keo d\u00e1n Loctite 263 50ml"},"content":{"rendered":"<div class=\"ba-text-fpt\">\n<h2 data-sourcepos=\"1:1-1:98\"><strong>Keo Loctite 263 50ml<\/strong><\/h2>\n<p data-sourcepos=\"1:1-1:98\"><strong>Loctite 263 50ml<\/strong> l\u00e0 m\u1ed9t lo\u1ea1i keo kh\u00f3a ren chuy\u00ean d\u1ee5ng thu\u1ed9c d\u00f2ng s\u1ea3n ph\u1ea9m c\u1ee7a Henkel Loctite.<\/p>\n<p data-sourcepos=\"1:1-1:98\"><img decoding=\"async\" title=\"keo-loctite-263-50ml-a-1752739550414-1\" src=\"https:\/\/yenhung.com\/wp-content\/uploads\/2025\/10\/keo-loctite-263-50ml-a-1752739550414-1.jpg\" alt=\"Keo Loctite 263 50ml\" data-thumb=\"large\" \/><\/p>\n<p data-sourcepos=\"3:1-3:19\"><strong>\u0110\u1eb7c \u0111i\u1ec3m ch\u00ednh:<\/strong><\/p>\n<ul data-sourcepos=\"5:1-9:0\">\n<li data-sourcepos=\"5:1-5:21\"><strong>M\u00e0u s\u1eafc:<\/strong> M\u00e0u \u0111\u1ecf<\/li>\n<li data-sourcepos=\"6:1-6:25\"><strong>\u0110\u1ed9 nh\u1edbt:<\/strong> Trung b\u00ecnh<\/li>\n<li data-sourcepos=\"7:1-7:54\"><strong>Kh\u1ea3 n\u0103ng kh\u00f3a:<\/strong> Kh\u00f3a ch\u1eb7t c\u00e1c m\u1ed1i ren trung b\u00ecnh.<\/li>\n<li data-sourcepos=\"8:1-9:0\"><strong>Kh\u1ea3 n\u0103ng th\u00e1o l\u1eafp:<\/strong> C\u00f3 th\u1ec3 th\u00e1o l\u1eafp l\u1ea1i b\u1eb1ng l\u1ef1c t\u00e1c \u0111\u1ed9ng v\u1eeba ph\u1ea3i.<\/li>\n<\/ul>\n<p data-sourcepos=\"10:1-10:13\"><strong>\u1ee8ng d\u1ee5ng:<\/strong><\/p>\n<p data-sourcepos=\"10:1-10:13\"><strong><img decoding=\"async\" title=\"keo-loctite-263-50ml-b-1752739550035-1\" src=\"https:\/\/yenhung.com\/wp-content\/uploads\/2025\/10\/keo-loctite-263-50ml-b-1752739550035-1.jpg\" alt=\"Keo Loctite 263 50ml\" data-thumb=\"large\" \/><\/strong><\/p>\n<ul data-sourcepos=\"12:1-15:0\">\n<li data-sourcepos=\"12:1-12:106\"><strong>Kh\u00f3a ch\u1eb7t c\u00e1c m\u1ed1i ren trung b\u00ecnh:<\/strong> \u1ed0c v\u00edt, bul\u00f4ng, \u0111ai \u1ed1c trong c\u00e1c \u1ee9ng d\u1ee5ng c\u00f4ng nghi\u1ec7p v\u00e0 d\u00e2n d\u1ee5ng.<\/li>\n<li data-sourcepos=\"13:1-13:88\"><strong>Ng\u0103n ng\u1eeba s\u1ef1 l\u1ecfng l\u1ebbo:<\/strong> Ng\u0103n ch\u1eb7n s\u1ef1 l\u1ecfng l\u1ebbo c\u1ee7a c\u00e1c m\u1ed1i ren do rung \u0111\u1ed9ng, va \u0111\u1eadp.<\/li>\n<li data-sourcepos=\"14:1-15:0\"><strong>Ch\u1ed1ng r\u00f2 r\u1ec9:<\/strong> Gi\u00fap ng\u0103n ch\u1eb7n s\u1ef1 r\u00f2 r\u1ec9 ch\u1ea5t l\u1ecfng ho\u1eb7c kh\u00ed qua c\u00e1c m\u1ed1i ren.<\/li>\n<\/ul>\n<p data-sourcepos=\"16:1-16:12\"><strong>\u01afu \u0111i\u1ec3m:<\/strong><\/p>\n<ul data-sourcepos=\"18:1-21:0\">\n<li data-sourcepos=\"18:1-18:82\"><strong>\u0110\u1ed9 b\u1ec1n cao:<\/strong> T\u1ea1o ra li\u00ean k\u1ebft b\u1ec1n v\u1eefng, ch\u1ecbu \u0111\u01b0\u1ee3c l\u1ef1c rung \u0111\u1ed9ng v\u00e0 va \u0111\u1eadp t\u1ed1t.<\/li>\n<li data-sourcepos=\"19:1-19:73\"><strong>Ch\u1ecbu nhi\u1ec7t t\u1ed1t:<\/strong> C\u00f3 th\u1ec3 ho\u1ea1t \u0111\u1ed9ng t\u1ed1t trong m\u00f4i tr\u01b0\u1eddng nhi\u1ec7t \u0111\u1ed9 cao.<\/li>\n<li data-sourcepos=\"20:1-21:0\"><strong>D\u1ec5 s\u1eed d\u1ee5ng:<\/strong> D\u1ec5 d\u00e0ng b\u00f4i l\u00ean b\u1ec1 m\u1eb7t ren.<\/li>\n<\/ul>\n<p data-sourcepos=\"22:1-22:22\"><strong>L\u01b0u \u00fd khi s\u1eed d\u1ee5ng:<\/strong><\/p>\n<p data-sourcepos=\"22:1-22:22\"><strong><img decoding=\"async\" title=\"keo-loctite-263-50ml-c-1752739549552-2\" src=\"https:\/\/yenhung.com\/wp-content\/uploads\/2025\/10\/keo-loctite-263-50ml-c-1752739549552-2.jpg\" alt=\"Keo Loctite 263 50ml\" data-thumb=\"large\" \/><\/strong><\/p>\n<ul data-sourcepos=\"24:1-29:0\">\n<li data-sourcepos=\"24:1-24:132\"><strong>L\u00e0m s\u1ea1ch b\u1ec1 m\u1eb7t:<\/strong> Tr\u01b0\u1edbc khi s\u1eed d\u1ee5ng, c\u1ea7n l\u00e0m s\u1ea1ch b\u1ec1 m\u1eb7t ren b\u1eb1ng dung m\u00f4i th\u00edch h\u1ee3p (nh\u01b0 x\u0103ng th\u01a1m ho\u1eb7c dung m\u00f4i chuy\u00ean d\u1ee5ng).<\/li>\n<li data-sourcepos=\"25:1-25:59\"><strong>B\u00f4i keo \u0111\u1ec1u:<\/strong> B\u00f4i m\u1ed9t l\u01b0\u1ee3ng keo v\u1eeba \u0111\u1ee7 l\u00ean b\u1ec1 m\u1eb7t ren.<\/li>\n<li data-sourcepos=\"26:1-26:101\"><strong>L\u1eafp r\u00e1p nhanh ch\u00f3ng:<\/strong> L\u1eafp r\u00e1p c\u00e1c chi ti\u1ebft ngay sau khi b\u00f4i keo \u0111\u1ec3 \u0111\u1ea3m b\u1ea3o \u0111\u1ed9 k\u1ebft d\u00ednh t\u1ed1t nh\u1ea5t.<\/li>\n<li data-sourcepos=\"27:1-27:105\"><strong>Tu\u00e2n th\u1ee7 h\u01b0\u1edbng d\u1eabn s\u1eed d\u1ee5ng:<\/strong> \u0110\u1ecdc k\u1ef9 h\u01b0\u1edbng d\u1eabn s\u1eed d\u1ee5ng c\u1ee7a nh\u00e0 s\u1ea3n xu\u1ea5t \u0111\u1ec3 \u0111\u1ea3m b\u1ea3o s\u1eed d\u1ee5ng \u0111\u00fang c\u00e1ch.<\/li>\n<li data-sourcepos=\"28:1-29:0\"><strong>B\u1ea3o qu\u1ea3n:<\/strong> B\u1ea3o qu\u1ea3n s\u1ea3n ph\u1ea9m \u1edf n\u01a1i kh\u00f4 r\u00e1o, tho\u00e1ng m\u00e1t, tr\u00e1nh \u00e1nh n\u1eafng tr\u1ef1c ti\u1ebfp.<\/li>\n<\/ul>\n<\/div>\n","protected":false},"excerpt":{"rendered":"<p>T\u00ean sa\u0309n ph\u00e2\u0309m:\u00a0Keo Loctite 263 50ml<\/p>\n<p><b>Li\u00ean h\u1ec7: 0397433258<\/b><\/p>\n","protected":false},"featured_media":5121,"comment_status":"closed","ping_status":"closed","template":"","meta":[],"product_brand":[],"product_cat":[141],"product_tag":[],"class_list":{"0":"post-5120","1":"product","2":"type-product","3":"status-publish","4":"has-post-thumbnail","6":"product_cat-loctite","8":"first","9":"instock","10":"shipping-taxable","11":"product-type-simple"},"_links":{"self":[{"href":"https:\/\/yenhung.com\/index.php?rest_route=\/wp\/v2\/product\/5120","targetHints":{"allow":["GET"]}}],"collection":[{"href":"https:\/\/yenhung.com\/index.php?rest_route=\/wp\/v2\/product"}],"about":[{"href":"https:\/\/yenhung.com\/index.php?rest_route=\/wp\/v2\/types\/product"}],"replies":[{"embeddable":true,"href":"https:\/\/yenhung.com\/index.php?rest_route=%2Fwp%2Fv2%2Fcomments&post=5120"}],"wp:featuredmedia":[{"embeddable":true,"href":"https:\/\/yenhung.com\/index.php?rest_route=\/wp\/v2\/media\/5121"}],"wp:attachment":[{"href":"https:\/\/yenhung.com\/index.php?rest_route=%2Fwp%2Fv2%2Fmedia&parent=5120"}],"wp:term":[{"taxonomy":"product_brand","embeddable":true,"href":"https:\/\/yenhung.com\/index.php?rest_route=%2Fwp%2Fv2%2Fproduct_brand&post=5120"},{"taxonomy":"product_cat","embeddable":true,"href":"https:\/\/yenhung.com\/index.php?rest_route=%2Fwp%2Fv2%2Fproduct_cat&post=5120"},{"taxonomy":"product_tag","embeddable":true,"href":"https:\/\/yenhung.com\/index.php?rest_route=%2Fwp%2Fv2%2Fproduct_tag&post=5120"}],"curies":[{"name":"wp","href":"https:\/\/api.w.org\/{rel}","templated":true}]}}