{"id":5485,"date":"2025-10-28T02:30:27","date_gmt":"2025-10-28T02:30:27","guid":{"rendered":"https:\/\/yenhung.com\/?product=keo-loctite-609-50ml"},"modified":"2026-02-24T09:31:50","modified_gmt":"2026-02-24T09:31:50","slug":"keo-loctite-609-50ml","status":"publish","type":"product","link":"https:\/\/yenhung.com\/?product=keo-loctite-609-50ml","title":{"rendered":"Keo Loctite 609 50ml"},"content":{"rendered":"<div class=\"ba-text-fpt\">\n<h2><strong>LOCTITE 609 50ML: Keo d\u00e1n c\u01b0\u1eddng \u0111\u1ed9 cao cho li\u00ean k\u1ebft kim lo\u1ea1i v\u1edbi nhau<\/strong><\/h2>\n<h2>T\u1ed5ng quan<\/h2>\n<p><img decoding=\"async\" title=\"loctite-609-50ml-a-1753168566760-1\" src=\"https:\/\/yenhung.com\/wp-content\/uploads\/2025\/10\/loctite-609-50ml-a-1753168566760-1.jpg\" alt=\"LOCTITE 609 50ML\" data-thumb=\"large\" \/><\/p>\n<p>LOCTITE 609 50ML l\u00e0 s\u1ea3n ph\u1ea9m keo d\u00e1n c\u01b0\u1eddng \u0111\u1ed9 cao \u0111\u01b0\u1ee3c thi\u1ebft k\u1ebf \u0111\u1ec3 li\u00ean k\u1ebft ch\u1eafc ch\u1eafn c\u00e1c b\u1ec1 m\u1eb7t kim lo\u1ea1i v\u1edbi nhau. C\u00f4ng th\u1ee9c ti\u00ean ti\u1ebfn c\u1ee7a n\u00f3 v\u1edbi c\u00f4ng ngh\u1ec7 methacrylate c\u1ea3i thi\u1ec7n \u0111\u1ed9 b\u1ec1n v\u00e0 kh\u1ea3 n\u0103ng ch\u1ecbu nhi\u1ec7t, mang l\u1ea1i li\u00ean k\u1ebft \u0111\u00e1ng tin c\u1eady trong nhi\u1ec1u \u1ee9ng d\u1ee5ng c\u00f4ng nghi\u1ec7p v\u00e0 gia \u0111\u00ecnh.<\/p>\n<h2>T\u00ednh n\u0103ng<\/h2>\n<ul>\n<li>Th\u00edch h\u1ee3p cho nhi\u1ec1u lo\u1ea1i kim lo\u1ea1i, bao g\u1ed3m th\u00e9p, nh\u00f4m, \u0111\u1ed3ng thau v\u00e0 s\u1eaft<\/li>\n<li>Li\u00ean k\u1ebft m\u1ea1nh m\u1ebd t\u1ea1o ra s\u1ee9c b\u1ec1n cao t\u1edbi 2.200 psi<\/li>\n<li>Ch\u1ecbu \u0111\u01b0\u1ee3c nhi\u1ec7t \u0111\u1ed9 l\u00ean \u0111\u1ebfn 150\u00b0C (302\u00b0F)<\/li>\n<li>Dung sai khe h\u1edf t\u1ed1i \u0111a 0,15mm (0,006 inch)<\/li>\n<li>D\u1ec5 d\u00e0ng thi c\u00f4ng v\u1edbi th\u1eddi gian c\u1ed1 \u0111\u1ecbnh nhanh ch\u1ec9 trong 5 ph\u00fat<\/li>\n<li>Kh\u1ea3 n\u0103ng l\u1ea5p khe h\u1edf tuy\u1ec7t v\u1eddi, th\u00edch \u1ee9ng v\u1edbi c\u00e1c b\u1ec1 m\u1eb7t kh\u00f4ng b\u1eb1ng ph\u1eb3ng<\/li>\n<li>Kh\u00e1ng dung m\u00f4i v\u00e0 h\u00f3a ch\u1ea5t<\/li>\n<\/ul>\n<h2>\u1ee8ng d\u1ee5ng<\/h2>\n<p><img decoding=\"async\" title=\"loctite-609-50ml-b-1753168566308-1\" src=\"https:\/\/yenhung.com\/wp-content\/uploads\/2025\/10\/loctite-609-50ml-b-1753168566308-1.jpg\" alt=\"LOCTITE 609 50ML\" data-thumb=\"large\" \/><\/p>\n<p>LOCTITE 609 50ML \u0111\u01b0\u1ee3c s\u1eed d\u1ee5ng r\u1ed9ng r\u00e3i trong nhi\u1ec1u \u1ee9ng d\u1ee5ng, bao g\u1ed3m:<\/p>\n<ul>\n<li>Li\u00ean k\u1ebft c\u00e1c th\u00e0nh ph\u1ea7n trong m\u00e1y m\u00f3c v\u00e0 thi\u1ebft b\u1ecb<\/li>\n<li>S\u1eeda ch\u1eefa c\u00e1c v\u1ebft n\u1ee9t v\u00e0 l\u1ed7 h\u1ed5ng trong kim lo\u1ea1i<\/li>\n<li>L\u00e0m k\u00edn c\u00e1c m\u1ed1i n\u1ed1i v\u00e0 l\u1eafp r\u00e1p h\u1edf<\/li>\n<li>C\u1ed1 \u0111\u1ecbnh c\u00e1c \u0111\u1ea7u ren ho\u1eb7c c\u00e1c th\u00e0nh ph\u1ea7n nh\u1ecf kh\u00e1c<\/li>\n<li>S\u1eed d\u1ee5ng trong s\u1ea3n xu\u1ea5t v\u00e0 b\u1ea3o tr\u00ec \u00f4 t\u00f4, h\u00e0ng kh\u00f4ng v\u0169 tr\u1ee5 v\u00e0 thi\u1ebft b\u1ecb \u0111i\u1ec7n t\u1eed<\/li>\n<\/ul>\n<h2>H\u01b0\u1edbng d\u1eabn s\u1eed d\u1ee5ng<\/h2>\n<ol>\n<li>L\u00e0m s\u1ea1ch v\u00e0 l\u00e0m kh\u00f4 c\u00e1c b\u1ec1 m\u1eb7t tr\u01b0\u1edbc khi s\u1eed d\u1ee5ng.<\/li>\n<li>Thoa m\u1ed9t l\u01b0\u1ee3ng keo m\u1ecfng l\u00ean m\u1ed9t b\u1ec1 m\u1eb7t v\u00e0 r\u00e1p l\u1ea1i v\u1edbi b\u1ec1 m\u1eb7t c\u00f2n l\u1ea1i.<\/li>\n<li>\u00c9p ch\u1eb7t c\u00e1c b\u1ec1 m\u1eb7t l\u1ea1i v\u1edbi nhau v\u00e0 gi\u1eef trong th\u1eddi gian c\u1ed1 \u0111\u1ecbnh (5 ph\u00fat).<\/li>\n<li>\u0110\u1ec3 \u0111\u1ea1t \u0111\u01b0\u1ee3c c\u01b0\u1eddng \u0111\u1ed9 li\u00ean k\u1ebft t\u1ed1i \u0111a, h\u00e3y \u0111\u1ec3 keo c\u1ee9ng trong t\u1ed1i thi\u1ec3u 24 gi\u1edd.<\/li>\n<\/ol>\n<h2>\u01afu \u0111i\u1ec3m<\/h2>\n<p><img decoding=\"async\" title=\"loctite-609-50ml-c-1753168565856-1\" src=\"https:\/\/yenhung.com\/wp-content\/uploads\/2025\/10\/loctite-609-50ml-c-1753168565856-1.jpg\" alt=\"LOCTITE 609 50ML\" data-thumb=\"large\" \/><\/p>\n<ul>\n<li>T\u1ea1o li\u00ean k\u1ebft ch\u1eafc ch\u1eafn v\u00e0 b\u1ec1n l\u00e2u<\/li>\n<li>Ch\u1ecbu \u0111\u01b0\u1ee3c nhi\u1ec7t \u0111\u1ed9 v\u00e0 h\u00f3a ch\u1ea5t cao<\/li>\n<li>Thi c\u00f4ng nhanh ch\u00f3ng v\u00e0 d\u1ec5 d\u00e0ng<\/li>\n<li>\u0110a n\u0103ng cho nhi\u1ec1u \u1ee9ng d\u1ee5ng<\/li>\n<li>Tu\u1ed5i th\u1ecd b\u1ea3o qu\u1ea3n d\u00e0i<\/li>\n<\/ul>\n<h2>L\u01b0u \u00fd<\/h2>\n<ul>\n<li>Kh\u00f4ng s\u1eed d\u1ee5ng tr\u00ean nh\u1ef1a ho\u1eb7c b\u1ec1 m\u1eb7t c\u00f3 l\u1edbp ph\u1ee7.<\/li>\n<li>Tr\u00e1nh ti\u1ebfp x\u00fac v\u1edbi da ho\u1eb7c m\u1eaft.<\/li>\n<li>\u0110eo g\u0103ng tay b\u1ea3o h\u1ed9 v\u00e0 k\u00ednh an to\u00e0n khi s\u1eed d\u1ee5ng.<\/li>\n<li>\u0110\u1ecdc k\u1ef9 h\u01b0\u1edbng d\u1eabn s\u1eed d\u1ee5ng tr\u01b0\u1edbc khi s\u1eed d\u1ee5ng.<\/li>\n<\/ul>\n<\/div>\n","protected":false},"excerpt":{"rendered":"<p><strong>T\u00ean sa\u0309n ph\u00e2\u0309m:<\/strong>LOCTITE 609 50ML<br \/>\n<b>Li\u00ean h\u1ec7: 0397433258<\/b><\/p>\n","protected":false},"featured_media":5486,"comment_status":"closed","ping_status":"closed","template":"","meta":[],"product_brand":[],"product_cat":[141],"product_tag":[],"class_list":{"0":"post-5485","1":"product","2":"type-product","3":"status-publish","4":"has-post-thumbnail","6":"product_cat-loctite","8":"first","9":"instock","10":"shipping-taxable","11":"product-type-simple"},"_links":{"self":[{"href":"https:\/\/yenhung.com\/index.php?rest_route=\/wp\/v2\/product\/5485","targetHints":{"allow":["GET"]}}],"collection":[{"href":"https:\/\/yenhung.com\/index.php?rest_route=\/wp\/v2\/product"}],"about":[{"href":"https:\/\/yenhung.com\/index.php?rest_route=\/wp\/v2\/types\/product"}],"replies":[{"embeddable":true,"href":"https:\/\/yenhung.com\/index.php?rest_route=%2Fwp%2Fv2%2Fcomments&post=5485"}],"wp:featuredmedia":[{"embeddable":true,"href":"https:\/\/yenhung.com\/index.php?rest_route=\/wp\/v2\/media\/5486"}],"wp:attachment":[{"href":"https:\/\/yenhung.com\/index.php?rest_route=%2Fwp%2Fv2%2Fmedia&parent=5485"}],"wp:term":[{"taxonomy":"product_brand","embeddable":true,"href":"https:\/\/yenhung.com\/index.php?rest_route=%2Fwp%2Fv2%2Fproduct_brand&post=5485"},{"taxonomy":"product_cat","embeddable":true,"href":"https:\/\/yenhung.com\/index.php?rest_route=%2Fwp%2Fv2%2Fproduct_cat&post=5485"},{"taxonomy":"product_tag","embeddable":true,"href":"https:\/\/yenhung.com\/index.php?rest_route=%2Fwp%2Fv2%2Fproduct_tag&post=5485"}],"curies":[{"name":"wp","href":"https:\/\/api.w.org\/{rel}","templated":true}]}}