{"id":5494,"date":"2025-10-28T02:30:36","date_gmt":"2025-10-28T02:30:36","guid":{"rendered":"https:\/\/yenhung.com\/?product=keo-loctite-603-250ml"},"modified":"2026-02-24T09:31:31","modified_gmt":"2026-02-24T09:31:31","slug":"keo-loctite-603-250ml","status":"publish","type":"product","link":"https:\/\/yenhung.com\/?product=keo-loctite-603-250ml","title":{"rendered":"Keo Loctite 603 250ml"},"content":{"rendered":"<div class=\"ba-text-fpt\">\n<p>&nbsp;<\/p>\n<h2><strong>LOCTITE\u00ae 603 250ML: Gi\u1ea3i ph\u00e1p Keo Ch\u1ecbu Nhi\u1ec7t \u0110\u00e1ng Tin C\u1eady<\/strong><\/h2>\n<h2>Gi\u1edbi thi\u1ec7u<\/h2>\n<p><img decoding=\"async\" title=\"lt-603-250-a-1753169652185-1\" src=\"https:\/\/yenhung.com\/wp-content\/uploads\/2025\/10\/lt-603-250-a-1753169652185-1.jpg\" alt=\"Loctite 603 250ml\" data-thumb=\"large\" \/><\/p>\n<p>LOCTITE\u00ae 603 250ML l\u00e0 m\u1ed9t lo\u1ea1i keo gi\u1eef ren ch\u1ecbu nhi\u1ec7t cao c\u1ea5p \u0111\u01b0\u1ee3c thi\u1ebft k\u1ebf \u0111\u1ec3 kh\u00f3a v\u00e0 ni\u00eam phong c\u00e1c m\u1ed1i gh\u00e9p ren kim lo\u1ea1i hi\u1ec7u qu\u1ea3. S\u1ea3n ph\u1ea9m n\u00e0y l\u00fd t\u01b0\u1edfng cho c\u00e1c \u1ee9ng d\u1ee5ng c\u00f4ng nghi\u1ec7p \u0111\u00f2i h\u1ecfi kh\u1ea3 n\u0103ng ch\u1ecbu nhi\u1ec7t \u0111\u1ed9 c\u1ef1c cao v\u00e0 kh\u1ea3 n\u0103ng ch\u1ed1ng rung \u0111\u1ed9ng.<\/p>\n<h2>\u0110\u1eb7c t\u00ednh<\/h2>\n<ul>\n<li><strong>Ch\u1ecbu nhi\u1ec7t \u0111\u1ed9 cao:<\/strong> LOCTITE\u00ae 603 c\u00f3 th\u1ec3 ch\u1ecbu \u0111\u01b0\u1ee3c nhi\u1ec7t \u0111\u1ed9 l\u00ean \u0111\u1ebfn 343\u00b0C (650\u00b0F), \u0111\u1ea3m b\u1ea3o li\u00ean k\u1ebft ch\u1eafc ch\u1eafn ngay c\u1ea3 trong m\u00f4i tr\u01b0\u1eddng kh\u1eafc nghi\u1ec7t.<\/li>\n<li><strong>Kh\u1ea3 n\u0103ng ch\u1ed1ng rung \u0111\u1ed9ng tuy\u1ec7t v\u1eddi:<\/strong> S\u1ea3n ph\u1ea9m n\u00e0y t\u1ea1o th\u00e0nh li\u00ean k\u1ebft c\u1ee9ng ch\u1eafc c\u00f3 kh\u1ea3 n\u0103ng ch\u1ed1ng rung \u0111\u1ed9ng v\u00e0 n\u1edbi l\u1ecfng, ng\u0103n ng\u1eeba c\u00e1c m\u1ed1i gh\u00e9p ren b\u1ecb tu\u1ed9t.<\/li>\n<li><strong>Kh\u1ea3 n\u0103ng ch\u1ecbu h\u00f3a ch\u1ea5t:<\/strong> LOCTITE\u00ae 603 c\u00f3 kh\u1ea3 n\u0103ng ch\u1ed1ng l\u1ea1i h\u1ea7u h\u1ebft c\u00e1c lo\u1ea1i h\u00f3a ch\u1ea5t, bao g\u1ed3m d\u1ea7u, nhi\u00ean li\u1ec7u v\u00e0 dung m\u00f4i, gi\u00fap b\u1ea3o v\u1ec7 m\u1ed1i gh\u00e9p kh\u1ecfi s\u1ef1 \u0103n m\u00f2n.<\/li>\n<li><strong>Th\u1eddi gian \u0111\u00f4ng k\u1ebft nhanh:<\/strong> S\u1ea3n ph\u1ea9m n\u00e0y \u0111\u00f4ng k\u1ebft nhanh ch\u00f3ng, mang l\u1ea1i hi\u1ec7u qu\u1ea3 li\u00ean k\u1ebft nhanh ch\u00f3ng v\u00e0 ti\u1ebft ki\u1ec7m th\u1eddi gian.<\/li>\n<li><strong>S\u1eed d\u1ee5ng d\u1ec5 d\u00e0ng:<\/strong> V\u1edbi thi\u1ebft k\u1ebf \u0111\u00f3ng g\u00f3i thu\u1eadn ti\u1ec7n, LOCTITE\u00ae 603 c\u00f3 th\u1ec3 d\u1ec5 d\u00e0ng b\u00f4i l\u00ean c\u00e1c m\u1ed1i gh\u00e9p ren.<\/li>\n<\/ul>\n<h2>\u1ee8ng d\u1ee5ng<\/h2>\n<p><img decoding=\"async\" title=\"lt-603-250-b-1753169651672-1\" src=\"https:\/\/yenhung.com\/wp-content\/uploads\/2025\/10\/lt-603-250-b-1753169651672-1.jpg\" alt=\"Loctite 603 250ml\" data-thumb=\"large\" \/><\/p>\n<p>LOCTITE\u00ae 603 l\u00e0 gi\u1ea3i ph\u00e1p keo l\u00fd t\u01b0\u1edfng cho nhi\u1ec1u \u1ee9ng d\u1ee5ng, bao g\u1ed3m:<\/p>\n<ul>\n<li>Kh\u00f3a v\u00e0 ni\u00eam phong c\u00e1c ch\u1ed1t, bu l\u00f4ng v\u00e0 \u0111ai \u1ed1c trong \u0111\u1ed9ng c\u01a1, h\u1ed9p s\u1ed1 v\u00e0 thi\u1ebft b\u1ecb kh\u00e1c.<\/li>\n<li>Ng\u0103n ng\u1eeba r\u00f2 r\u1ec9 trong c\u00e1c h\u1ec7 th\u1ed1ng \u0111\u01b0\u1eddng \u1ed1ng v\u00e0 ph\u1ee5 ki\u1ec7n kim lo\u1ea1i.<\/li>\n<li>B\u1ea3o v\u1ec7 c\u00e1c m\u1ed1i gh\u00e9p ren trong m\u00e1y m\u00f3c v\u00e0 thi\u1ebft b\u1ecb ch\u1ecbu nhi\u1ec7t \u0111\u1ed9 cao.<\/li>\n<\/ul>\n<h2>Th\u00f4ng s\u1ed1 k\u1ef9 thu\u1eadt<\/h2>\n<ul>\n<li>M\u00e0u s\u1eafc: Xanh l\u1ee5c nh\u1ea1t<\/li>\n<li>T\u1ef7 tr\u1ecdng ri\u00eang: 1,15<\/li>\n<li>\u0110\u1ed9 nh\u1edbt (ASTM D 1084): 5000-7000 mPa\u00b7s<\/li>\n<li>Nhi\u1ec7t \u0111\u1ed9 ho\u1ea1t \u0111\u1ed9ng: -55\u00b0C \u0111\u1ebfn 343\u00b0C (-67\u00b0F \u0111\u1ebfn 650\u00b0F)<\/li>\n<li>Th\u1eddi gian \u0111\u00f4ng k\u1ebft: 5-10 ph\u00fat (tr\u00ean th\u00e9p)<\/li>\n<\/ul>\n<h2>\u01afu \u0111i\u1ec3m<\/h2>\n<p><img decoding=\"async\" title=\"lt-603-250-c-1753169651152-1\" src=\"https:\/\/yenhung.com\/wp-content\/uploads\/2025\/10\/lt-603-250-c-1753169651152-1.jpg\" alt=\"Loctite 603 250ml\" data-thumb=\"large\" \/><\/p>\n<ul>\n<li>Ch\u1ecbu nhi\u1ec7t \u0111\u1ed9 c\u1ef1c cao cho \u0111\u1ed9 b\u1ec1n v\u00e0 tin c\u1eady.<\/li>\n<li>Kh\u1ea3 n\u0103ng ch\u1ed1ng rung \u0111\u1ed9ng v\u00e0 n\u1edbi l\u1ecfng \u0111\u1ec3 ng\u0103n ng\u1eeba h\u1ecfng h\u00f3c.<\/li>\n<li>Kh\u1ea3 n\u0103ng ch\u1ecbu h\u00f3a ch\u1ea5t \u0111\u1ec3 b\u1ea3o v\u1ec7 kh\u1ecfi \u0103n m\u00f2n.<\/li>\n<li>\u0110\u00f4ng k\u1ebft nhanh \u0111\u1ec3 ti\u1ebft ki\u1ec7m th\u1eddi gian v\u00e0 t\u0103ng n\u0103ng su\u1ea5t.<\/li>\n<li>Thi\u1ebft k\u1ebf \u0111\u00f3ng g\u00f3i thu\u1eadn ti\u1ec7n gi\u00fap s\u1eed d\u1ee5ng d\u1ec5 d\u00e0ng.<\/li>\n<\/ul>\n<h2>K\u1ebft lu\u1eadn<\/h2>\n<p>LOCTITE\u00ae 603 250ML l\u00e0 m\u1ed9t lo\u1ea1i keo ch\u1ecbu nhi\u1ec7t ch\u1ea5t l\u01b0\u1ee3ng cao \u0111\u00e1p \u1ee9ng c\u00e1c y\u00eau c\u1ea7u c\u1ee7a c\u00e1c \u1ee9ng d\u1ee5ng c\u00f4ng nghi\u1ec7p kh\u1eafc nghi\u1ec7t. V\u1edbi kh\u1ea3 n\u0103ng ch\u1ecbu nhi\u1ec7t \u0111\u1ed9 c\u1ef1c cao, kh\u1ea3 n\u0103ng ch\u1ed1ng rung \u0111\u1ed9ng v\u00e0 kh\u1ea3 n\u0103ng ch\u1ecbu h\u00f3a ch\u1ea5t tuy\u1ec7t v\u1eddi, s\u1ea3n ph\u1ea9m n\u00e0y mang l\u1ea1i \u0111\u1ed9 tin c\u1eady v\u00e0 hi\u1ec7u su\u1ea5t v\u01b0\u1ee3t tr\u1ed9i, \u0111\u1ea3m b\u1ea3o c\u00e1c m\u1ed1i gh\u00e9p ren c\u1ee7a b\u1ea1n \u0111\u01b0\u1ee3c an to\u00e0n v\u00e0 b\u1ea3o v\u1ec7 trong m\u1ecdi \u0111i\u1ec1u ki\u1ec7n.<\/p>\n<\/div>\n","protected":false},"excerpt":{"rendered":"<p><strong>T\u00ean sa\u0309n ph\u00e2\u0309m:<\/strong>LOCTITE 603 250ML<br \/>\n<b>Li\u00ean h\u1ec7: 0397433258<\/b><\/p>\n","protected":false},"featured_media":5495,"comment_status":"closed","ping_status":"closed","template":"","meta":[],"product_brand":[],"product_cat":[141],"product_tag":[],"class_list":{"0":"post-5494","1":"product","2":"type-product","3":"status-publish","4":"has-post-thumbnail","6":"product_cat-loctite","8":"first","9":"instock","10":"shipping-taxable","11":"product-type-simple"},"_links":{"self":[{"href":"https:\/\/yenhung.com\/index.php?rest_route=\/wp\/v2\/product\/5494","targetHints":{"allow":["GET"]}}],"collection":[{"href":"https:\/\/yenhung.com\/index.php?rest_route=\/wp\/v2\/product"}],"about":[{"href":"https:\/\/yenhung.com\/index.php?rest_route=\/wp\/v2\/types\/product"}],"replies":[{"embeddable":true,"href":"https:\/\/yenhung.com\/index.php?rest_route=%2Fwp%2Fv2%2Fcomments&post=5494"}],"wp:featuredmedia":[{"embeddable":true,"href":"https:\/\/yenhung.com\/index.php?rest_route=\/wp\/v2\/media\/5495"}],"wp:attachment":[{"href":"https:\/\/yenhung.com\/index.php?rest_route=%2Fwp%2Fv2%2Fmedia&parent=5494"}],"wp:term":[{"taxonomy":"product_brand","embeddable":true,"href":"https:\/\/yenhung.com\/index.php?rest_route=%2Fwp%2Fv2%2Fproduct_brand&post=5494"},{"taxonomy":"product_cat","embeddable":true,"href":"https:\/\/yenhung.com\/index.php?rest_route=%2Fwp%2Fv2%2Fproduct_cat&post=5494"},{"taxonomy":"product_tag","embeddable":true,"href":"https:\/\/yenhung.com\/index.php?rest_route=%2Fwp%2Fv2%2Fproduct_tag&post=5494"}],"curies":[{"name":"wp","href":"https:\/\/api.w.org\/{rel}","templated":true}]}}