{"id":5503,"date":"2025-10-28T02:30:44","date_gmt":"2025-10-28T02:30:44","guid":{"rendered":"https:\/\/yenhung.com\/?product=keo-loctite-601-50ml"},"modified":"2026-02-24T09:30:15","modified_gmt":"2026-02-24T09:30:15","slug":"keo-loctite-601-50ml","status":"publish","type":"product","link":"https:\/\/yenhung.com\/?product=keo-loctite-601-50ml","title":{"rendered":"Keo Loctite 601 50ml"},"content":{"rendered":"<div class=\"ba-text-fpt\">\n<p>&nbsp;<\/p>\n<h2><strong>LOCTITE 601 50ML: Keo d\u00e1n t\u1ed5ng h\u1ee3p chuy\u00ean nghi\u1ec7p cho nhi\u1ec1u \u1ee9ng d\u1ee5ng<\/strong><\/h2>\n<h2>Gi\u1edbi thi\u1ec7u<\/h2>\n<p><img decoding=\"async\" title=\"loctite-601-50ml-a-1753171651665-1\" src=\"https:\/\/yenhung.com\/wp-content\/uploads\/2025\/10\/loctite-601-50ml-a-1753171651665-1.jpg\" alt=\"LOCTITE 601 50ML\" data-thumb=\"large\" \/><\/p>\n<p>LOCTITE 601 50ML l\u00e0 keo d\u00e1n t\u1ed5ng h\u1ee3p hi\u1ec7u su\u1ea5t cao \u0111\u01b0\u1ee3c thi\u1ebft k\u1ebf \u0111\u1ec3 li\u00ean k\u1ebft m\u1ea1nh m\u1ebd nhi\u1ec1u lo\u1ea1i v\u1eadt li\u1ec7u. Keo d\u00e1n n\u00e0y \u0111\u01b0\u1ee3c s\u1eed d\u1ee5ng r\u1ed9ng r\u00e3i trong c\u1ea3 \u1ee9ng d\u1ee5ng c\u00f4ng nghi\u1ec7p v\u00e0 gia \u0111\u00ecnh, cung c\u1ea5p \u0111\u1ed9 b\u1ec1n v\u00e0 \u0111\u1ed9 tin c\u1eady v\u01b0\u1ee3t tr\u1ed9i.<\/p>\n<h2>T\u00ednh n\u0103ng ch\u00ednh<\/h2>\n<ul>\n<li>Li\u00ean k\u1ebft m\u1ea1nh m\u1ebd v\u1edbi kim lo\u1ea1i, nh\u1ef1a, cao su, g\u1ed1m v\u00e0 g\u1ed7<\/li>\n<li>Kh\u1ea3 n\u0103ng ch\u1ecbu \u0111\u01b0\u1ee3c nhi\u1ec7t \u0111\u1ed9 l\u00ean t\u1edbi 150\u00b0C<\/li>\n<li>Ch\u1ed1ng ch\u1ecbu \u0111\u01b0\u1ee3c n\u01b0\u1edbc, d\u1ea7u v\u00e0 dung m\u00f4i<\/li>\n<li>\u0110\u00f4ng c\u1ee9ng nhanh, gi\u00fap t\u0103ng hi\u1ec7u qu\u1ea3<\/li>\n<li>Kh\u00f4ng ch\u1ea3y x\u1ec7, l\u00fd t\u01b0\u1edfng cho c\u00e1c b\u1ec1 m\u1eb7t th\u1eb3ng \u0111\u1ee9ng ho\u1eb7c tr\u00ean cao<\/li>\n<\/ul>\n<h2>\u1ee8ng d\u1ee5ng<\/h2>\n<p><img decoding=\"async\" title=\"loctite-601-50ml-b-1753171651174-1\" src=\"https:\/\/yenhung.com\/wp-content\/uploads\/2025\/10\/loctite-601-50ml-b-1753171651174-1.jpg\" alt=\"LOCTITE 601 50ML\" data-thumb=\"large\" \/><\/p>\n<p>LOCTITE 601 50ML l\u00fd t\u01b0\u1edfng cho nhi\u1ec1u \u1ee9ng d\u1ee5ng li\u00ean k\u1ebft, bao g\u1ed3m:<\/p>\n<ul>\n<li>S\u1eeda ch\u1eefa v\u00e0 b\u1ea3o d\u01b0\u1ee1ng thi\u1ebft b\u1ecb<\/li>\n<li>Li\u00ean k\u1ebft c\u00e1c b\u1ed9 ph\u1eadn kim lo\u1ea1i, nh\u1ef1a v\u00e0 cao su<\/li>\n<li>C\u1ed1 \u0111\u1ecbnh \u0111inh v\u00edt, bu l\u00f4ng v\u00e0 \u0111ai \u1ed1c<\/li>\n<li>Keo d\u00e1n c\u00e1c s\u1ea3n ph\u1ea9m gia d\u1ee5ng<\/li>\n<li>K\u1ebft h\u1ee3p c\u00e1c v\u1eadt li\u1ec7u kh\u00f4ng gi\u1ed1ng nhau<\/li>\n<\/ul>\n<h2>\u01afu \u0111i\u1ec3m<\/h2>\n<ul>\n<li>\u0110\u1ed9 b\u1ec1n li\u00ean k\u1ebft tuy\u1ec7t v\u1eddi<\/li>\n<li>Kh\u1ea3 n\u0103ng ch\u1ecbu \u0111\u01b0\u1ee3c c\u00e1c \u0111i\u1ec1u ki\u1ec7n kh\u1eafc nghi\u1ec7t<\/li>\n<li>D\u1ec5 s\u1eed d\u1ee5ng v\u1edbi th\u1eddi gian \u0111\u00f4ng k\u1ebft nhanh<\/li>\n<li>Th\u00edch h\u1ee3p cho nhi\u1ec1u lo\u1ea1i v\u1eadt li\u1ec7u<\/li>\n<li>Tu\u00fdp nh\u1ecf 50ML thu\u1eadn ti\u1ec7n v\u00e0 d\u1ec5 b\u1ea3o qu\u1ea3n<\/li>\n<\/ul>\n<h2>H\u01b0\u1edbng d\u1eabn s\u1eed d\u1ee5ng<\/h2>\n<ol>\n<li>L\u00e0m s\u1ea1ch v\u00e0 lau kh\u00f4 b\u1ec1 m\u1eb7t c\u1ea7n d\u00e1n<\/li>\n<li>Thoa m\u1ed9t l\u1edbp keo d\u00e1n m\u1ecfng l\u00ean m\u1ed9t b\u1ec1 m\u1eb7t<\/li>\n<li>C\u1ed1 \u0111\u1ecbnh c\u00e1c b\u1ed9 ph\u1eadn l\u1ea1i v\u1edbi nhau v\u00e0 gi\u1eef ch\u1eb7t trong th\u1eddi gian \u0111\u00f4ng k\u1ebft (th\u01b0\u1eddng l\u00e0 v\u00e0i ph\u00fat)<\/li>\n<li>\u0110\u1ec3 keo d\u00e1n \u0111\u00f4ng c\u1ee9ng ho\u00e0n to\u00e0n trong 24 gi\u1edd \u0111\u1ec3 \u0111\u1ea1t \u0111\u01b0\u1ee3c \u0111\u1ed9 b\u1ec1n t\u1ed1i \u0111a<\/li>\n<\/ol>\n<h2>Th\u00f4ng s\u1ed1 k\u1ef9 thu\u1eadt<\/h2>\n<p><img decoding=\"async\" title=\"loctite-601-50ml-c-1753171650794-1\" src=\"https:\/\/yenhung.com\/wp-content\/uploads\/2025\/10\/loctite-601-50ml-c-1753171650794-1.jpg\" alt=\"LOCTITE 601 50ML\" data-thumb=\"large\" \/><\/p>\n<ul>\n<li>M\u00e0u s\u1eafc: Trong su\u1ed1t<\/li>\n<li>\u0110\u1ed9 nh\u1edbt: 125 mPa\u00b7s<\/li>\n<li>C\u01b0\u1eddng \u0111\u1ed9 li\u00ean k\u1ebft k\u00e9o: Kim lo\u1ea1i \u2265 10 N\/mm\u00b2, Nh\u1ef1a \u2265 5 N\/mm\u00b2<\/li>\n<li>Th\u1eddi gian \u0111\u00f4ng c\u1ee9ng: 10 &#8211; 30 ph\u00fat<\/li>\n<li>Nhi\u1ec7t \u0111\u1ed9 ho\u1ea1t \u0111\u1ed9ng: -55\u00b0C \u0111\u1ebfn +150\u00b0C<\/li>\n<\/ul>\n<h2>L\u01b0u \u00fd<\/h2>\n<ul>\n<li>Tr\u00e1nh ti\u1ebfp x\u00fac v\u1edbi m\u1eaft ho\u1eb7c da<\/li>\n<li>B\u1ea3o qu\u1ea3n keo d\u00e1n \u1edf n\u01a1i kh\u00f4 r\u00e1o, tho\u00e1ng m\u00e1t<\/li>\n<li>Ch\u1ec9 s\u1eed d\u1ee5ng theo \u0111\u00fang h\u01b0\u1edbng d\u1eabn<\/li>\n<\/ul>\n<h2>K\u1ebft lu\u1eadn<\/h2>\n<p>LOCTITE 601 50ML l\u00e0 keo d\u00e1n t\u1ed5ng h\u1ee3p chuy\u00ean d\u1ee5ng mang l\u1ea1i \u0111\u1ed9 b\u1ec1n v\u00e0 \u0111\u1ed9 tin c\u1eady cao cho nhi\u1ec1u lo\u1ea1i \u1ee9ng d\u1ee5ng li\u00ean k\u1ebft. V\u1edbi kh\u1ea3 n\u0103ng ch\u1ecbu \u0111\u01b0\u1ee3c nhi\u1ec7t \u0111\u1ed9 cao, n\u01b0\u1edbc v\u00e0 dung m\u00f4i, k\u1ebft h\u1ee3p v\u1edbi th\u1eddi gian \u0111\u00f4ng k\u1ebft nhanh v\u00e0 d\u1ec5 s\u1eed d\u1ee5ng, s\u1ea3n ph\u1ea9m n\u00e0y l\u00e0 s\u1ef1 l\u1ef1a ch\u1ecdn tuy\u1ec7t v\u1eddi cho c\u1ea3 th\u1ee3 chuy\u00ean nghi\u1ec7p v\u00e0 th\u1ee3 DIY.<\/p>\n<\/div>\n","protected":false},"excerpt":{"rendered":"<p><strong>T\u00ean sa\u0309n ph\u00e2\u0309m:<\/strong>LOCTITE 601 50ML<br \/>\n<b>Li\u00ean h\u1ec7: 0397433258<\/b><\/p>\n","protected":false},"featured_media":5504,"comment_status":"closed","ping_status":"closed","template":"","meta":[],"product_brand":[],"product_cat":[141],"product_tag":[],"class_list":{"0":"post-5503","1":"product","2":"type-product","3":"status-publish","4":"has-post-thumbnail","6":"product_cat-loctite","8":"first","9":"instock","10":"shipping-taxable","11":"product-type-simple"},"_links":{"self":[{"href":"https:\/\/yenhung.com\/index.php?rest_route=\/wp\/v2\/product\/5503","targetHints":{"allow":["GET"]}}],"collection":[{"href":"https:\/\/yenhung.com\/index.php?rest_route=\/wp\/v2\/product"}],"about":[{"href":"https:\/\/yenhung.com\/index.php?rest_route=\/wp\/v2\/types\/product"}],"replies":[{"embeddable":true,"href":"https:\/\/yenhung.com\/index.php?rest_route=%2Fwp%2Fv2%2Fcomments&post=5503"}],"wp:featuredmedia":[{"embeddable":true,"href":"https:\/\/yenhung.com\/index.php?rest_route=\/wp\/v2\/media\/5504"}],"wp:attachment":[{"href":"https:\/\/yenhung.com\/index.php?rest_route=%2Fwp%2Fv2%2Fmedia&parent=5503"}],"wp:term":[{"taxonomy":"product_brand","embeddable":true,"href":"https:\/\/yenhung.com\/index.php?rest_route=%2Fwp%2Fv2%2Fproduct_brand&post=5503"},{"taxonomy":"product_cat","embeddable":true,"href":"https:\/\/yenhung.com\/index.php?rest_route=%2Fwp%2Fv2%2Fproduct_cat&post=5503"},{"taxonomy":"product_tag","embeddable":true,"href":"https:\/\/yenhung.com\/index.php?rest_route=%2Fwp%2Fv2%2Fproduct_tag&post=5503"}],"curies":[{"name":"wp","href":"https:\/\/api.w.org\/{rel}","templated":true}]}}