{"id":5512,"date":"2025-10-28T02:30:58","date_gmt":"2025-10-28T02:30:58","guid":{"rendered":"https:\/\/yenhung.com\/?product=keo-loctite-567-50ml"},"modified":"2026-02-24T09:30:01","modified_gmt":"2026-02-24T09:30:01","slug":"keo-loctite-567-50ml","status":"publish","type":"product","link":"https:\/\/yenhung.com\/?product=keo-loctite-567-50ml","title":{"rendered":"Keo Loctite 567 50ml"},"content":{"rendered":"<div class=\"ba-text-fpt\">\n<h2>LOCTITE 567 50ml<\/h2>\n<p>Keo d\u00e1n ch\u1ecbu nhi\u1ec7t cao c\u1ea5p cho \u1ee9ng d\u1ee5ng c\u00f4ng nghi\u1ec7p<\/p>\n<p>T\u1ed5ng quan s\u1ea3n ph\u1ea9m<\/p>\n<p>LOCTITE 567 l\u00e0 keo d\u00e1n anaerob k\u1ebft h\u1ee3p c\u01b0\u1eddng \u0111\u1ed9 cao, ch\u1ecbu nhi\u1ec7t \u0111\u1ed9 cao \u0111\u01b0\u1ee3c thi\u1ebft k\u1ebf \u0111\u1eb7c bi\u1ec7t cho c\u00e1c \u1ee9ng d\u1ee5ng c\u00f4ng nghi\u1ec7p. Keo c\u00f3 t\u00ednh tr\u00e1m khe h\u1edf tuy\u1ec7t v\u1eddi, l\u00fd t\u01b0\u1edfng cho c\u00e1c m\u1ed1i gh\u00e9p m\u1eb7t b\u00edch kim lo\u1ea1i, l\u1eafp r\u00e1p c\u00e1c b\u1ed9 ph\u1eadn v\u00e0 c\u00e1c \u1ee9ng d\u1ee5ng y\u00eau c\u1ea7u kh\u1ea3 n\u0103ng ch\u1ecbu nhi\u1ec7t \u0111\u1ed9 cao.<\/p>\n<h3>\u0110\u1eb7c \u0111i\u1ec3m v\u00e0 l\u1ee3i \u00edch<\/h3>\n<p><img decoding=\"async\" src=\"https:\/\/bizweb.dktcdn.net\/thumb\/large\/100\/510\/748\/products\/loctite-567-50ml-5.jpg?v=1747725797963\" alt=\"LOCTITE 567 50ML\" data-thumb=\"large\" \/><\/p>\n<ul>\n<li>Kh\u1ea3 n\u0103ng ch\u1ecbu nhi\u1ec7t \u0111\u1ed9 li\u00ean t\u1ee5c l\u00ean \u0111\u1ebfn 230\u00b0C (446\u00b0F)<\/li>\n<li>Kh\u1ea3 n\u0103ng tr\u00e1m khe h\u1edf: 0,10mm (0,004 in)<\/li>\n<li>\u0110\u1ed9 nh\u1edbt th\u1ea5p \u0111\u1ec3 th\u1ea9m th\u1ea5u s\u00e2u v\u00e0o c\u00e1c khe h\u1edf ch\u1eb7t ch\u1ebd<\/li>\n<li>C\u01b0\u1eddng \u0111\u1ed9 c\u1eaft cao: 30 N\/mm\u00b2 (4350 psi)<\/li>\n<li>Th\u00edch h\u1ee3p cho nhi\u1ec1u lo\u1ea1i v\u1eadt li\u1ec7u kim lo\u1ea1i<\/li>\n<li>Kh\u00f4ng ch\u1ee9a dung m\u00f4i, \u0111\u00e1p \u1ee9ng c\u00e1c ti\u00eau chu\u1ea9n VOC nghi\u00eam ng\u1eb7t<\/li>\n<li>D\u1ec5 s\u1eed d\u1ee5ng v\u1edbi \u1ed1ng nh\u1ecf gi\u1ecdt 50ml<\/li>\n<\/ul>\n<h3>\u1ee8ng d\u1ee5ng<\/h3>\n<p><img decoding=\"async\" src=\"https:\/\/bizweb.dktcdn.net\/thumb\/large\/100\/510\/748\/products\/loctite-567-3-jpeg.jpg?v=1747725793233\" alt=\"LOCTITE 567 50ML\" data-thumb=\"large\" \/><\/p>\n<p>LOCTITE 567 l\u00fd t\u01b0\u1edfng cho c\u00e1c \u1ee9ng d\u1ee5ng c\u00f4ng nghi\u1ec7p nh\u01b0:<\/p>\n<ul>\n<li>M\u1ed1i gh\u00e9p m\u1eb7t b\u00edch kim lo\u1ea1i ch\u1ecbu nhi\u1ec7t \u0111\u1ed9 cao<\/li>\n<li>L\u1eafp r\u00e1p b\u1ed9 ph\u1eadn ch\u1ecbu \u00e1p l\u1ef1c v\u00e0 rung \u0111\u1ed9ng<\/li>\n<li>Tr\u00e1m khe h\u1edf trong c\u00e1c h\u1ec7 th\u1ed1ng \u1ed1ng d\u1eabn v\u00e0 b\u1ed9 trao \u0111\u1ed5i nhi\u1ec7t<\/li>\n<li>S\u1eeda ch\u1eefa c\u00e1c b\u1ed9 ph\u1eadn kim lo\u1ea1i b\u1ecb n\u1ee9t ho\u1eb7c v\u1ee1<\/li>\n<\/ul>\n<h3>H\u01b0\u1edbng d\u1eabn s\u1eed d\u1ee5ng<\/h3>\n<ol>\n<li>L\u00e0m s\u1ea1ch v\u00e0 kh\u1eed d\u1ea7u m\u1ee1 c\u00e1c b\u1ec1 m\u1eb7t c\u1ea7n d\u00e1n.<\/li>\n<li>Nh\u1ecf m\u1ed9t l\u01b0\u1ee3ng keo th\u00edch h\u1ee3p v\u00e0o m\u1ed9t m\u1eb7t c\u1ee7a m\u1ed1i gh\u00e9p.<\/li>\n<li>Gh\u00e9p c\u00e1c b\u1ed9 ph\u1eadn l\u1ea1i v\u1edbi nhau v\u00e0 gi\u1eef ch\u1eb7t trong th\u1eddi gian l\u00e0m \u0111\u00f4ng.<\/li>\n<li>Th\u1eddi gian \u0111\u00f4ng: 20 ph\u00fat<\/li>\n<li>C\u1ea7n 24 gi\u1edd \u0111\u1ec3 \u0111\u1ea1t \u0111\u01b0\u1ee3c c\u01b0\u1eddng \u0111\u1ed9 t\u1ed1i \u0111a.<\/li>\n<\/ol>\n<h3>C\u00e1c l\u01b0u \u00fd khi s\u1eed d\u1ee5ng<\/h3>\n<p><img decoding=\"async\" src=\"https:\/\/bizweb.dktcdn.net\/thumb\/large\/100\/510\/748\/products\/loctite-567-jpeg.jpg?v=1747725788277\" alt=\"LOCTITE 567 50ML\" data-thumb=\"large\" \/><\/p>\n<ul>\n<li>Kh\u00f4ng s\u1eed d\u1ee5ng tr\u00ean c\u00e1c b\u1ec1 m\u1eb7t \u00f4 nhi\u1ec5m ho\u1eb7c c\u00f3 d\u1ea7u m\u1ee1.<\/li>\n<li>\u0110\u1ec3 c\u00f3 hi\u1ec7u qu\u1ea3 t\u1ed1i \u01b0u, n\u00ean l\u00e0m s\u1ea1ch c\u00e1c b\u1ec1 m\u1eb7t b\u1eb1ng dung m\u00f4i s\u1ea1ch tr\u01b0\u1edbc khi s\u1eed d\u1ee5ng.<\/li>\n<li>Tr\u00e1nh ti\u1ebfp x\u00fac v\u1edbi da v\u00e0 m\u1eaft.<\/li>\n<li>Kh\u00f4ng n\u00ean s\u1eed d\u1ee5ng trong m\u00f4i tr\u01b0\u1eddng oxy tinh khi\u1ebft ho\u1eb7c trong ch\u00e2n kh\u00f4ng.<\/li>\n<\/ul>\n<h3>K\u1ebft lu\u1eadn<\/h3>\n<p>LOCTITE 567 50ml l\u00e0 m\u1ed9t keo d\u00e1n anaerob ch\u1ecbu nhi\u1ec7t \u0111\u1ed9 cao v\u00e0 b\u1ec1n b\u1ec9, r\u1ea5t th\u00edch h\u1ee3p cho c\u00e1c \u1ee9ng d\u1ee5ng c\u00f4ng nghi\u1ec7p \u0111\u00f2i h\u1ecfi kh\u1ea3 n\u0103ng ch\u1ecbu nhi\u1ec7t, rung \u0111\u1ed9ng v\u00e0 \u00e1p l\u1ef1c cao. T\u00ednh d\u1ec5 s\u1eed d\u1ee5ng v\u00e0 hi\u1ec7u su\u1ea5t v\u01b0\u1ee3t tr\u1ed9i khi\u1ebfn LOCTITE 567 tr\u1edf th\u00e0nh l\u1ef1a ch\u1ecdn l\u00fd t\u01b0\u1edfng cho c\u00e1c chuy\u00ean gia c\u00f4ng nghi\u1ec7p \u0111ang t\u00ecm ki\u1ebfm m\u1ed9t gi\u1ea3i ph\u00e1p d\u00e1n an to\u00e0n, \u0111\u00e1ng tin c\u1eady.<\/p>\n<p>&nbsp;<\/p>\n<\/div>\n","protected":false},"excerpt":{"rendered":"<p><strong>T\u00ean sa\u0309n ph\u00e2\u0309m:<\/strong>LOCTITE 567 50ML<br \/>\n<b>Li\u00ean h\u1ec7: 0397433258<\/b><\/p>\n","protected":false},"featured_media":5513,"comment_status":"closed","ping_status":"closed","template":"","meta":[],"product_brand":[],"product_cat":[141],"product_tag":[],"class_list":{"0":"post-5512","1":"product","2":"type-product","3":"status-publish","4":"has-post-thumbnail","6":"product_cat-loctite","8":"first","9":"instock","10":"shipping-taxable","11":"product-type-simple"},"_links":{"self":[{"href":"https:\/\/yenhung.com\/index.php?rest_route=\/wp\/v2\/product\/5512","targetHints":{"allow":["GET"]}}],"collection":[{"href":"https:\/\/yenhung.com\/index.php?rest_route=\/wp\/v2\/product"}],"about":[{"href":"https:\/\/yenhung.com\/index.php?rest_route=\/wp\/v2\/types\/product"}],"replies":[{"embeddable":true,"href":"https:\/\/yenhung.com\/index.php?rest_route=%2Fwp%2Fv2%2Fcomments&post=5512"}],"wp:featuredmedia":[{"embeddable":true,"href":"https:\/\/yenhung.com\/index.php?rest_route=\/wp\/v2\/media\/5513"}],"wp:attachment":[{"href":"https:\/\/yenhung.com\/index.php?rest_route=%2Fwp%2Fv2%2Fmedia&parent=5512"}],"wp:term":[{"taxonomy":"product_brand","embeddable":true,"href":"https:\/\/yenhung.com\/index.php?rest_route=%2Fwp%2Fv2%2Fproduct_brand&post=5512"},{"taxonomy":"product_cat","embeddable":true,"href":"https:\/\/yenhung.com\/index.php?rest_route=%2Fwp%2Fv2%2Fproduct_cat&post=5512"},{"taxonomy":"product_tag","embeddable":true,"href":"https:\/\/yenhung.com\/index.php?rest_route=%2Fwp%2Fv2%2Fproduct_tag&post=5512"}],"curies":[{"name":"wp","href":"https:\/\/api.w.org\/{rel}","templated":true}]}}