{"id":5520,"date":"2025-10-28T02:31:15","date_gmt":"2025-10-28T02:31:15","guid":{"rendered":"https:\/\/yenhung.com\/?product=keo-loctite-565-250ml"},"modified":"2026-02-24T09:29:45","modified_gmt":"2026-02-24T09:29:45","slug":"keo-loctite-565-250ml","status":"publish","type":"product","link":"https:\/\/yenhung.com\/?product=keo-loctite-565-250ml","title":{"rendered":"Keo Loctite 565 250ml"},"content":{"rendered":"<div class=\"ba-text-fpt\">\n<h2><strong>Loctite 565 250ml<\/strong><\/h2>\n<h3>Gi\u1edbi thi\u1ec7u<\/h3>\n<p><img decoding=\"async\" title=\"loctite-565-250ml-a-jpeg-1753172226772-1\" src=\"https:\/\/yenhung.com\/wp-content\/uploads\/2025\/10\/loctite-565-250ml-a-jpeg-1753172226772-1.jpg\" alt=\"Loctite 565 250ml\" data-thumb=\"large\" \/><\/p>\n<p>LOCTITE 565 l\u00e0 keo l\u1ed3ng linh ho\u1ea1t cao c\u1ea5p \u0111\u01b0\u1ee3c thi\u1ebft k\u1ebf \u0111\u1ec3 li\u00ean k\u1ebft kim lo\u1ea1i, nh\u1ef1a ho\u1eb7c c\u00e1c v\u1eadt li\u1ec7u k\u1ebft h\u1ee3p kh\u00e1c m\u1ed9t c\u00e1ch hi\u1ec7u qu\u1ea3. S\u1ea3n ph\u1ea9m l\u00fd t\u01b0\u1edfng cho c\u00e1c \u1ee9ng d\u1ee5ng trong nhi\u1ec1u ng\u00e0nh c\u00f4ng nghi\u1ec7p, bao g\u1ed3m \u00f4 t\u00f4, h\u00e0ng kh\u00f4ng v\u00e0 thi\u1ebft b\u1ecb g\u1ed1c.<\/p>\n<h3>T\u00ednh n\u0103ng &amp; L\u1ee3i \u00edch<\/h3>\n<ul>\n<li>Li\u00ean k\u1ebft nhi\u1ec1u lo\u1ea1i v\u1eadt li\u1ec7u, bao g\u1ed3m kim lo\u1ea1i, nh\u1ef1a v\u00e0 nhi\u1ec1u v\u1eadt li\u1ec7u kh\u00e1c<\/li>\n<li>\u0110\u1ed9 b\u00e1m d\u00ednh cao, ch\u1ecbu \u0111\u01b0\u1ee3c nhi\u1ec7t \u0111\u1ed9, h\u00f3a ch\u1ea5t v\u00e0 rung \u0111\u1ed9ng<\/li>\n<li>Linh ho\u1ea1t \u0111\u1ec3 h\u1ea5p th\u1ee5 \u1ee9ng su\u1ea5t v\u00e0 chuy\u1ec3n \u0111\u1ed9ng<\/li>\n<li>Ch\u1ecbu nhi\u1ec7t \u0111\u1ed9 l\u00ean \u0111\u1ebfn 230\u00b0C<\/li>\n<li>Kh\u00f4ng ch\u1ea3y x\u1ec7, d\u1ec5 s\u1eed d\u1ee5ng<\/li>\n<li>\u0110\u1ed9 nh\u1edbt th\u1ea5p gi\u00fap th\u00e2m nh\u1eadp s\u00e2u v\u00e0o c\u00e1c khe h\u1edf<\/li>\n<\/ul>\n<h3>\u1ee8ng d\u1ee5ng<\/h3>\n<p><img decoding=\"async\" title=\"loctite-565-250ml-b-1753172226009-1\" src=\"https:\/\/yenhung.com\/wp-content\/uploads\/2025\/10\/loctite-565-250ml-b-1753172226009-1.jpg\" alt=\"Loctite 565 250ml\" data-thumb=\"large\" \/><\/p>\n<ul>\n<li>Li\u00ean k\u1ebft \u1ed5 tr\u1ee5c v\u00e0 b\u1ea1c \u0111\u1ea1n<\/li>\n<li>L\u1eafp r\u00e1p linh ki\u1ec7n \u0111i\u1ec7n t\u1eed<\/li>\n<li>Li\u00ean k\u1ebft c\u00e1c b\u1ed9 ph\u1eadn chuy\u1ec3n \u0111\u1ed9ng nh\u01b0 b\u00e1nh r\u0103ng v\u00e0 tr\u1ee5c<\/li>\n<li>Tr\u00e1m k\u00edn v\u00e0 b\u1ea3o v\u1ec7 c\u00e1c b\u1ed9 ph\u1eadn kh\u1ecfi nhi\u1ec7t \u0111\u1ed9 v\u00e0 rung \u0111\u1ed9ng<\/li>\n<li>S\u1eeda ch\u1eefa v\u00e0 b\u1ea3o tr\u00ec thi\u1ebft b\u1ecb<\/li>\n<\/ul>\n<h3>Th\u00f4ng s\u1ed1 K\u1ef9 Thu\u1eadt<\/h3>\n<dl>\n<dt>D\u1ea1ng<\/dt>\n<dd>L\u1ecfng<\/dd>\n<dt>M\u00e0u s\u1eafc<\/dt>\n<dd>Xanh l\u1ee5c<\/dd>\n<dt>\u0110\u1ed9 nh\u1edbt<\/dt>\n<dd>200 mPa.s<\/dd>\n<dt>Th\u1eddi gian \u0111\u00f3ng r\u1eafn<\/dt>\n<dd>10 &#8211; 20 ph\u00fat<\/dd>\n<dt>Nhi\u1ec7t \u0111\u1ed9 ch\u1ecbu \u0111\u1ef1ng<\/dt>\n<dd>-55\u00b0C \u0111\u1ebfn 230\u00b0C<\/dd>\n<dt>Dung t\u00edch<\/dt>\n<dd>250ml<\/dd>\n<\/dl>\n<h3>C\u00e1ch S\u1eed D\u1ee5ng<\/h3>\n<p><img decoding=\"async\" title=\"loctite-565-250ml-c-1753172224529-1\" src=\"https:\/\/yenhung.com\/wp-content\/uploads\/2025\/10\/loctite-565-250ml-c-1753172224529-1.png\" data-thumb=\"large\" \/><\/p>\n<ol>\n<li>L\u00e0m s\u1ea1ch b\u1ec1 m\u1eb7t c\u1ea7n li\u00ean k\u1ebft b\u1eb1ng dung m\u00f4i th\u00edch h\u1ee3p.<\/li>\n<li>B\u00f4i m\u1ed9t l\u01b0\u1ee3ng keo v\u1eeba \u0111\u1ee7 l\u00ean m\u1ed9t trong c\u00e1c b\u1ec1 m\u1eb7t.<\/li>\n<li>\u00c9p ch\u1eb7t c\u00e1c b\u1ec1 m\u1eb7t l\u1ea1i v\u1edbi nhau.<\/li>\n<li>Gi\u1eef ch\u1eb7t c\u00e1c b\u1ed9 ph\u1eadn cho \u0111\u1ebfn khi keo \u0111\u00f4ng c\u1ee9ng.<\/li>\n<\/ol>\n<h3>L\u01b0u \u00dd<\/h3>\n<ul>\n<li>S\u1ea3n ph\u1ea9m c\u00f3 th\u1ec3 g\u00e2y k\u00edch \u1ee9ng da v\u00e0 m\u1eaft.<\/li>\n<li>S\u1eed d\u1ee5ng \u0111\u00fang thi\u1ebft b\u1ecb b\u1ea3o v\u1ec7 c\u00e1 nh\u00e2n khi s\u1eed d\u1ee5ng.<\/li>\n<li>B\u1ea3o qu\u1ea3n \u1edf n\u01a1i tho\u00e1ng m\u00e1t, kh\u00f4 r\u00e1o.<\/li>\n<\/ul>\n<h3>K\u1ebft Lu\u1eadn<\/h3>\n<p>LOCTITE 565 l\u00e0 l\u1ef1a ch\u1ecdn l\u00fd t\u01b0\u1edfng cho c\u00e1c \u1ee9ng d\u1ee5ng li\u00ean k\u1ebft trong nhi\u1ec1u ng\u00e0nh c\u00f4ng nghi\u1ec7p. V\u1edbi \u0111\u1ed9 b\u00e1m d\u00ednh cao, kh\u1ea3 n\u0103ng linh ho\u1ea1t v\u00e0 ch\u1ecbu \u0111\u1ef1ng nhi\u1ec7t \u0111\u1ed9 kh\u1eafc nghi\u1ec7t, s\u1ea3n ph\u1ea9m n\u00e0y mang \u0111\u1ebfn gi\u1ea3i ph\u00e1p li\u00ean k\u1ebft \u0111\u00e1ng tin c\u1eady v\u00e0 hi\u1ec7u qu\u1ea3.<\/p>\n<\/div>\n","protected":false},"excerpt":{"rendered":"<p><strong>T\u00ean sa\u0309n ph\u00e2\u0309m:<\/strong>LOCTITE 565 250ML<br \/>\n<b>Li\u00ean h\u1ec7: 0397433258<\/b><\/p>\n","protected":false},"featured_media":5521,"comment_status":"closed","ping_status":"closed","template":"","meta":[],"product_brand":[],"product_cat":[141],"product_tag":[],"class_list":{"0":"post-5520","1":"product","2":"type-product","3":"status-publish","4":"has-post-thumbnail","6":"product_cat-loctite","8":"first","9":"instock","10":"shipping-taxable","11":"product-type-simple"},"_links":{"self":[{"href":"https:\/\/yenhung.com\/index.php?rest_route=\/wp\/v2\/product\/5520","targetHints":{"allow":["GET"]}}],"collection":[{"href":"https:\/\/yenhung.com\/index.php?rest_route=\/wp\/v2\/product"}],"about":[{"href":"https:\/\/yenhung.com\/index.php?rest_route=\/wp\/v2\/types\/product"}],"replies":[{"embeddable":true,"href":"https:\/\/yenhung.com\/index.php?rest_route=%2Fwp%2Fv2%2Fcomments&post=5520"}],"wp:featuredmedia":[{"embeddable":true,"href":"https:\/\/yenhung.com\/index.php?rest_route=\/wp\/v2\/media\/5521"}],"wp:attachment":[{"href":"https:\/\/yenhung.com\/index.php?rest_route=%2Fwp%2Fv2%2Fmedia&parent=5520"}],"wp:term":[{"taxonomy":"product_brand","embeddable":true,"href":"https:\/\/yenhung.com\/index.php?rest_route=%2Fwp%2Fv2%2Fproduct_brand&post=5520"},{"taxonomy":"product_cat","embeddable":true,"href":"https:\/\/yenhung.com\/index.php?rest_route=%2Fwp%2Fv2%2Fproduct_cat&post=5520"},{"taxonomy":"product_tag","embeddable":true,"href":"https:\/\/yenhung.com\/index.php?rest_route=%2Fwp%2Fv2%2Fproduct_tag&post=5520"}],"curies":[{"name":"wp","href":"https:\/\/api.w.org\/{rel}","templated":true}]}}