{"id":5529,"date":"2025-10-28T02:31:25","date_gmt":"2025-10-28T02:31:25","guid":{"rendered":"https:\/\/yenhung.com\/?product=keo-loctite-565-50ml"},"modified":"2026-02-24T09:29:37","modified_gmt":"2026-02-24T09:29:37","slug":"keo-loctite-565-50ml","status":"publish","type":"product","link":"https:\/\/yenhung.com\/?product=keo-loctite-565-50ml","title":{"rendered":"Keo Loctite 565 50ml"},"content":{"rendered":"<div class=\"ba-text-fpt\">\n<h2><strong>Loctite 565 50ml<\/strong><\/h2>\n<p>Loctite 565 l\u00e0 m\u1ed9t h\u1ee3p ch\u1ea5t l\u00e0m k\u00edn ren d\u1ea1ng l\u1ecfng ho\u1eb7c s\u1ec7t, m\u00e0u tr\u1eafng \u0111\u1ebfn tr\u1eafng nh\u1ea1t. N\u00f3 \u0111\u00f3ng r\u1eafn khi b\u1ecb k\u1eb9t gi\u1eefa c\u00e1c b\u1ec1 m\u1eb7t kim lo\u1ea1i kh\u00edt nhau trong m\u00f4i tr\u01b0\u1eddng kh\u00f4ng c\u00f3 kh\u00f4ng kh\u00ed (k\u1ef5 kh\u00ed). S\u1ea3n ph\u1ea9m n\u00e0y gi\u00fap ng\u0103n ch\u1eb7n s\u1ef1 r\u00f2 r\u1ec9 v\u00e0 n\u1edbi l\u1ecfng m\u1ed1i n\u1ed1i do s\u1ed1c v\u00e0 rung \u0111\u1ed9ng.<\/p>\n<h3><b>\u0110\u1eb7c \u0111i\u1ec3m n\u1ed5i b\u1eadt c\u1ee7a Loctite 565 (50ml)<\/b><\/h3>\n<p><img decoding=\"async\" title=\"loctite-565-50ml-a-1753172784066-1\" src=\"https:\/\/yenhung.com\/wp-content\/uploads\/2025\/10\/loctite-565-50ml-a-1753172784066-1.jpg\" alt=\"LOCTITE 565 50ML\" data-thumb=\"large\" \/><\/p>\n<ul>\n<li><b>L\u00e0m k\u00edn v\u00e0 kh\u00f3a ren kim lo\u1ea1i:<\/b> \u0110\u01b0\u1ee3c thi\u1ebft k\u1ebf \u0111\u1eb7c bi\u1ec7t cho c\u00e1c \u1ed1ng v\u00e0 ph\u1ee5 ki\u1ec7n ren c\u00f4n kim lo\u1ea1i (tapered metal pipe threads and fittings).<\/li>\n<li><b>Ng\u0103n ng\u1eeba r\u00f2 r\u1ec9 v\u00e0 n\u1edbi l\u1ecfng:<\/b> Hi\u1ec7u qu\u1ea3 ch\u1ed1ng l\u1ea1i s\u1ef1 l\u1ecfng l\u1ebbo v\u00e0 r\u00f2 r\u1ec9 do rung \u0111\u1ed9ng v\u00e0 s\u1ed1c.<\/li>\n<li><b>\u0110\u1ed9 b\u1ec1n th\u1ea5p:<\/b> C\u00f3 \u0111\u1ed9 b\u1ec1n th\u00e1o g\u1ee1 th\u1ea5p, cho ph\u00e9p th\u00e1o r\u1eddi d\u1ec5 d\u00e0ng b\u1eb1ng d\u1ee5ng c\u1ee5 c\u1ea7m tay th\u00f4ng th\u01b0\u1eddng khi c\u1ea7n b\u1ea3o tr\u00ec.<\/li>\n<li><b>\u0110\u1ed9 nh\u1edbt cao:<\/b> D\u1ea1ng s\u1ec7t gi\u00fap d\u1ec5 d\u00e0ng b\u00f4i tr\u01a1n v\u00e0 \u0111i\u1ec1n \u0111\u1ea7y c\u00e1c khe h\u1edf ren.<\/li>\n<li><b>Kh\u00f4ng c\u1ea7n tr\u1ed9n:<\/b> L\u00e0 s\u1ea3n ph\u1ea9m m\u1ed9t th\u00e0nh ph\u1ea7n, ti\u1ec7n l\u1ee3i khi s\u1eed d\u1ee5ng.<\/li>\n<li><b>Ch\u1ecbu nhi\u1ec7t \u0111\u1ed9 r\u1ed9ng:<\/b> Ho\u1ea1t \u0111\u1ed9ng hi\u1ec7u qu\u1ea3 trong d\u1ea3i nhi\u1ec7t \u0111\u1ed9 t\u1eeb <b>\u221255\u2218C \u0111\u1ebfn +150\u2218C<\/b> (ho\u1eb7c l\u00ean \u0111\u1ebfn 300\u2218F\/375\u2218F gi\u00e1n \u0111o\u1ea1n).<\/li>\n<li><b>Ch\u1ed1ng \u0103n m\u00f2n:<\/b> B\u00f4i tr\u01a1n c\u00f3 ki\u1ec3m so\u00e1t gi\u00fap ng\u0103n ng\u1eeba hi\u1ec7n t\u01b0\u1ee3ng k\u1eb9t ren (galling) v\u00e0 b\u1ea3o v\u1ec7 ch\u1ed1ng g\u1ec9 s\u00e9t, \u0103n m\u00f2n.<\/li>\n<li><b>Th\u1eddi gian \u0111\u00f3ng r\u1eafn:<\/b> \u0110\u00f3ng r\u1eafn ban \u0111\u1ea7u nhanh, \u0111\u1ea1t \u0111\u1ed9 b\u1ec1n ch\u1ee9c n\u0103ng trong v\u00f2ng 72 gi\u1edd \u1edf 22\u2218C.<\/li>\n<li><b>\u0110\u01b0\u1ee3c ch\u1ee9ng nh\u1eadn an to\u00e0n:<\/b>\n<ul>\n<li><b>UL Classified:<\/b> \u0110\u01b0\u1ee3c UL ph\u00e2n lo\u1ea1i \u0111\u1ec3 ng\u0103n ng\u1eeba n\u1edbi l\u1ecfng v\u00e0 r\u00f2 r\u1ec9 do rung \u0111\u1ed9ng trong c\u00e1c thi\u1ebft b\u1ecb x\u1eed l\u00fd x\u0103ng, d\u1ea7u m\u1ecf v\u00e0 kh\u00ed t\u1ef1 nhi\u00ean.<\/li>\n<li><b>NSF\/ANSI Standard 61:<\/b> \u0110\u01b0\u1ee3c ch\u1ee9ng nh\u1eadn cho h\u1ec7 th\u1ed1ng n\u01b0\u1edbc u\u1ed1ng.<\/li>\n<li><b>CSA, ULC Classified, CFIA Approved.<\/b><\/li>\n<\/ul>\n<\/li>\n<li><b>Thay th\u1ebf truy\u1ec1n th\u1ed1ng:<\/b> C\u00f3 th\u1ec3 thay th\u1ebf h\u1ea7u h\u1ebft c\u00e1c lo\u1ea1i b\u0103ng tan (tape) v\u00e0 h\u1ee3p ch\u1ea5t l\u00e0m k\u00edn \u1ed1ng (pipe dope) truy\u1ec1n th\u1ed1ng.<\/li>\n<li><b>Quy c\u00e1ch:<\/b> Th\u01b0\u1eddng c\u00f3 s\u1eb5n trong tu\u00fdp <b>50ml<\/b> v\u00e0 250ml.<br \/>\n<h3><b>\u1ee8ng d\u1ee5ng ph\u1ed5 bi\u1ebfn c\u1ee7a Loctite 565<\/b><\/h3>\n<p><img decoding=\"async\" title=\"loctite-565-50ml-b-1753172783684-1\" src=\"https:\/\/yenhung.com\/wp-content\/uploads\/2025\/10\/loctite-565-50ml-b-1753172783684-1.jpg\" alt=\"LOCTITE 565 50ML\" data-thumb=\"large\" \/><\/p>\n<p>Loctite 565 \u0111\u01b0\u1ee3c s\u1eed d\u1ee5ng r\u1ed9ng r\u00e3i trong c\u00e1c \u1ee9ng d\u1ee5ng l\u00e0m k\u00edn ren kim lo\u1ea1i, \u0111\u1eb7c bi\u1ec7t l\u00e0 trong:<\/li>\n<li><b>H\u1ec7 th\u1ed1ng \u0111\u01b0\u1eddng \u1ed1ng d\u1eabn kh\u00ed \u0111\u1ed1t v\u00e0 d\u1ea7u m\u1ecf:<\/b> L\u00e0m k\u00edn c\u00e1c m\u1ed1i n\u1ed1i ren trong c\u00e1c \u0111\u01b0\u1eddng \u1ed1ng d\u1eabn x\u0103ng, d\u1ea7u, kh\u00ed t\u1ef1 nhi\u00ean.<\/li>\n<li><b>H\u1ec7 th\u1ed1ng th\u1ee7y l\u1ef1c v\u00e0 kh\u00ed n\u00e9n:<\/b> \u0110\u1ea3m b\u1ea3o \u0111\u1ed9 k\u00edn cho c\u00e1c m\u1ed1i n\u1ed1i ren trong c\u00e1c thi\u1ebft b\u1ecb v\u00e0 \u0111\u01b0\u1eddng \u1ed1ng th\u1ee7y l\u1ef1c, kh\u00ed n\u00e9n.<\/li>\n<li><b>H\u1ec7 th\u1ed1ng n\u01b0\u1edbc u\u1ed1ng:<\/b> Do \u0111\u01b0\u1ee3c ch\u1ee9ng nh\u1eadn NSF\/ANSI 61, n\u00f3 an to\u00e0n \u0111\u1ec3 s\u1eed d\u1ee5ng trong c\u00e1c h\u1ec7 th\u1ed1ng \u0111\u01b0\u1eddng \u1ed1ng d\u1eabn n\u01b0\u1edbc u\u1ed1ng.<\/li>\n<li><b>L\u1eafp r\u00e1p c\u00f4ng nghi\u1ec7p:<\/b> D\u00f9ng trong vi\u1ec7c l\u1eafp r\u00e1p v\u00e0 b\u1ea3o tr\u00ec c\u00e1c thi\u1ebft b\u1ecb, m\u00e1y m\u00f3c c\u00f4ng nghi\u1ec7p c\u00f3 m\u1ed1i n\u1ed1i ren kim lo\u1ea1i.<\/li>\n<li><b>C\u00e1c m\u1ed1i n\u1ed1i ren c\u00f4n:<\/b> \u0110\u1eb7c bi\u1ec7t ph\u00f9 h\u1ee3p cho c\u00e1c lo\u1ea1i ren c\u00f4n kim lo\u1ea1i.<br \/>\n<h3><b>Th\u00f4ng s\u1ed1 k\u1ef9 thu\u1eadt ti\u00eau bi\u1ec3u<\/b><\/h3>\n<p><img decoding=\"async\" title=\"loctite-565-50ml-c-1753172783226-1\" src=\"https:\/\/yenhung.com\/wp-content\/uploads\/2025\/10\/loctite-565-50ml-c-1753172783226-1.jpg\" alt=\"LOCTITE 565 50ML\" data-thumb=\"large\" \/><\/li>\n<li><b>T\u00ean s\u1ea3n ph\u1ea9m:<\/b> Loctite 565 Thread Sealant<\/li>\n<li><b>Th\u01b0\u01a1ng hi\u1ec7u:<\/b> Loctite (Henkel)<\/li>\n<li><b>C\u00f4ng ngh\u1ec7:<\/b> K\u1ef5 kh\u00ed (Anaerobic)<\/li>\n<li><b>Lo\u1ea1i h\u00f3a ch\u1ea5t:<\/b> Este Methacrylate<\/li>\n<li><b>M\u00e0u s\u1eafc:<\/b> Tr\u1eafng \u0111\u1ebfn tr\u1eafng nh\u1ea1t<\/li>\n<li><b>D\u1ea1ng v\u1eadt l\u00fd:<\/b> D\u1ea1ng s\u1ec7t (Paste)<\/li>\n<li><b>\u0110\u1ed9 nh\u1edbt (\u1edf 25\u2218C):<\/b> $175.000 &#8211; 525.000 text{ mPa\u00b7s}$<\/li>\n<li><b>T\u1ef7 tr\u1ecdng ri\u00eang (\u1edf 25\u2218C):<\/b> 1.1<\/li>\n<li><b>K\u00edch th\u01b0\u1edbc ren t\u1ed1i \u0111a:<\/b> L\u00ean \u0111\u1ebfn 2 inch (kho\u1ea3ng 50mm)<\/li>\n<li><b>Nhi\u1ec7t \u0111\u1ed9 ho\u1ea1t \u0111\u1ed9ng:<\/b> \u221255\u2218C \u0111\u1ebfn +150\u2218C<\/li>\n<li><b>\u00c1p su\u1ea5t l\u00e0m vi\u1ec7c t\u1ed1i \u0111a:<\/b> 68.9\u00a0bar (10.000\u00a0psi)<\/li>\n<li><b>Th\u1eddi gian \u0111\u00f3ng r\u1eafn ban \u0111\u1ea7u:<\/b> Kho\u1ea3ng 20-30 ph\u00fat (\u0111\u1ea1t \u0111\u1ed9 b\u1ec1n x\u1eed l\u00fd)<\/li>\n<li><b>Th\u1eddi gian \u0111\u00f3ng r\u1eafn ho\u00e0n to\u00e0n:<\/b> 72 gi\u1edd<\/li>\n<li><b>\u0110\u1ed9 b\u1ec1n th\u00e1o g\u1ee1:<\/b> Th\u1ea5p<\/li>\n<li><b>Quy c\u00e1ch \u0111\u00f3ng g\u00f3i:<\/b> Tu\u00fdp <b>50ml<\/b> (v\u00e0 250ml)<\/li>\n<\/ul>\n<\/div>\n","protected":false},"excerpt":{"rendered":"<p><strong>T\u00ean sa\u0309n ph\u00e2\u0309m:<\/strong>LOCTITE 565 50ML<br \/>\n<b>Li\u00ean h\u1ec7: 0397433258<\/b><\/p>\n","protected":false},"featured_media":5530,"comment_status":"closed","ping_status":"closed","template":"","meta":[],"product_brand":[],"product_cat":[141],"product_tag":[],"class_list":{"0":"post-5529","1":"product","2":"type-product","3":"status-publish","4":"has-post-thumbnail","6":"product_cat-loctite","8":"first","9":"instock","10":"shipping-taxable","11":"product-type-simple"},"_links":{"self":[{"href":"https:\/\/yenhung.com\/index.php?rest_route=\/wp\/v2\/product\/5529","targetHints":{"allow":["GET"]}}],"collection":[{"href":"https:\/\/yenhung.com\/index.php?rest_route=\/wp\/v2\/product"}],"about":[{"href":"https:\/\/yenhung.com\/index.php?rest_route=\/wp\/v2\/types\/product"}],"replies":[{"embeddable":true,"href":"https:\/\/yenhung.com\/index.php?rest_route=%2Fwp%2Fv2%2Fcomments&post=5529"}],"wp:featuredmedia":[{"embeddable":true,"href":"https:\/\/yenhung.com\/index.php?rest_route=\/wp\/v2\/media\/5530"}],"wp:attachment":[{"href":"https:\/\/yenhung.com\/index.php?rest_route=%2Fwp%2Fv2%2Fmedia&parent=5529"}],"wp:term":[{"taxonomy":"product_brand","embeddable":true,"href":"https:\/\/yenhung.com\/index.php?rest_route=%2Fwp%2Fv2%2Fproduct_brand&post=5529"},{"taxonomy":"product_cat","embeddable":true,"href":"https:\/\/yenhung.com\/index.php?rest_route=%2Fwp%2Fv2%2Fproduct_cat&post=5529"},{"taxonomy":"product_tag","embeddable":true,"href":"https:\/\/yenhung.com\/index.php?rest_route=%2Fwp%2Fv2%2Fproduct_tag&post=5529"}],"curies":[{"name":"wp","href":"https:\/\/api.w.org\/{rel}","templated":true}]}}