{"id":5538,"date":"2025-10-28T02:31:34","date_gmt":"2025-10-28T02:31:34","guid":{"rendered":"https:\/\/yenhung.com\/?product=keo-loctite-567-250ml"},"modified":"2026-02-24T09:29:24","modified_gmt":"2026-02-24T09:29:24","slug":"keo-loctite-567-250ml","status":"publish","type":"product","link":"https:\/\/yenhung.com\/?product=keo-loctite-567-250ml","title":{"rendered":"Keo Loctite 567 250ml"},"content":{"rendered":"<div class=\"ba-text-fpt\">\n<h2><strong>LOCTITE 567 250ML<\/strong><\/h2>\n<h2>Gi\u1edbi thi\u1ec7u<\/h2>\n<p><img decoding=\"async\" src=\"https:\/\/bizweb.dktcdn.net\/thumb\/large\/100\/510\/748\/products\/loctite-567-250ml-a-1753173148174.jpg?v=1753173151853\" alt=\"Loctite 567 250ml\" data-thumb=\"large\" \/><\/p>\n<p>LOCTITE 567 250ML l\u00e0 m\u1ed9t lo\u1ea1i keo ch\u1ed1ng r\u00f2 r\u1ec9 c\u01b0\u1eddng \u0111\u1ed9 trung b\u00ecnh, \u0111\u00f3ng r\u1eafn ch\u1eadm \u0111\u01b0\u1ee3c thi\u1ebft k\u1ebf \u0111\u1eb7c bi\u1ec7t cho c\u00e1c \u1ee9ng d\u1ee5ng g\u1eafn k\u1ebft v\u00e0 v\u1eb7n ren. S\u1ea3n ph\u1ea9m n\u00e0y cung c\u1ea5p kh\u1ea3 n\u0103ng li\u00ean k\u1ebft v\u00e0 ch\u1ed1ng r\u00f2 r\u1ec9 tuy\u1ec7t v\u1eddi cho nhi\u1ec1u lo\u1ea1i v\u1eadt li\u1ec7u bao g\u1ed3m kim lo\u1ea1i, nh\u1ef1a v\u00e0 g\u1ed1m s\u1ee9.<\/p>\n<h2>\u0110\u1eb7c \u0111i\u1ec3m<\/h2>\n<ul>\n<li>C\u01b0\u1eddng \u0111\u1ed9 trung b\u00ecnh<\/li>\n<li>\u0110\u00f3ng r\u1eafn ch\u1eadm (10 &#8211; 30 ph\u00fat)<\/li>\n<li>Ch\u1ed1ng r\u00f2 r\u1ec9 tuy\u1ec7t v\u1eddi<\/li>\n<li>Kh\u1ea3 n\u0103ng li\u00ean k\u1ebft cao<\/li>\n<li>Ch\u1ecbu nhi\u1ec7t \u0111\u1ed9 l\u00ean \u0111\u1ebfn 150\u00b0C<\/li>\n<li>Ho\u00e0n h\u1ea3o cho c\u00e1c \u1ee9ng d\u1ee5ng g\u1eafn k\u1ebft v\u00e0 v\u1eb7n ren<\/li>\n<\/ul>\n<h2>\u1ee8ng d\u1ee5ng<\/h2>\n<p><img decoding=\"async\" src=\"https:\/\/bizweb.dktcdn.net\/thumb\/large\/100\/510\/748\/products\/loctite-567-250ml-b-1753173147763.jpg?v=1753173151223\" alt=\"Loctite 567 250ml\" data-thumb=\"large\" \/><\/p>\n<p>LOCTITE 567 250ML \u0111\u01b0\u1ee3c s\u1eed d\u1ee5ng r\u1ed9ng r\u00e3i trong nhi\u1ec1u ng\u00e0nh c\u00f4ng nghi\u1ec7p, bao g\u1ed3m:<\/p>\n<ul>\n<li>B\u1ea3o tr\u00ec v\u00e0 s\u1eeda ch\u1eefa \u00f4 t\u00f4<\/li>\n<li>\u0110i\u1ec7n t\u1eed<\/li>\n<li>S\u1ea3n xu\u1ea5t m\u00e1y m\u00f3c<\/li>\n<li>V\u1ecf b\u1ecdc<\/li>\n<li>Thi\u1ebft b\u1ecb y t\u1ebf<\/li>\n<\/ul>\n<h2>L\u1ee3i \u00edch<\/h2>\n<ul>\n<li>Ng\u0103n ch\u1eb7n r\u00f2 r\u1ec9 v\u00e0 th\u1ea9m th\u1ea5u<\/li>\n<li>T\u1ea1o ra m\u1ed1i li\u00ean k\u1ebft ch\u1eafc ch\u1eafn v\u00e0 b\u1ec1n b\u1ec9<\/li>\n<li>D\u1ec5 s\u1eed d\u1ee5ng v\u00e0 thi c\u00f4ng<\/li>\n<li>T\u0103ng tu\u1ed5i th\u1ecd c\u1ee7a linh ki\u1ec7n<\/li>\n<li>Ti\u1ebft ki\u1ec7m chi ph\u00ed b\u1ea3o tr\u00ec<\/li>\n<\/ul>\n<h2>C\u00e1ch s\u1eed d\u1ee5ng<\/h2>\n<ol>\n<li>L\u00e0m s\u1ea1ch v\u00e0 l\u00e0m kh\u00f4 b\u1ec1 m\u1eb7t tr\u01b0\u1edbc khi thi c\u00f4ng.<\/li>\n<li>Nh\u1ecf m\u1ed9t l\u01b0\u1ee3ng keo l\u00ean m\u1ed9t trong c\u00e1c b\u1ec1 m\u1eb7t.<\/li>\n<li>L\u1eafp r\u00e1p c\u00e1c b\u1ed9 ph\u1eadn v\u00e0 gi\u1eef c\u1ed1 \u0111\u1ecbnh trong th\u1eddi gian \u0111\u00f3ng r\u1eafn.<\/li>\n<li>\u0110\u1ee3i keo kh\u00f4 ho\u00e0n to\u00e0n tr\u01b0\u1edbc khi \u0111\u01b0a v\u00e0o s\u1eed d\u1ee5ng.<\/li>\n<\/ol>\n<h2>L\u01b0u \u00fd<\/h2>\n<p><img decoding=\"async\" src=\"https:\/\/bizweb.dktcdn.net\/thumb\/large\/100\/510\/748\/products\/loctite-567-250ml-c-1753173147282.jpg?v=1753173150743\" alt=\"Loctite 567 250ml\" data-thumb=\"large\" \/><\/p>\n<ul>\n<li>Kh\u00f4ng s\u1eed d\u1ee5ng tr\u00ean c\u00e1c b\u1ec1 m\u1eb7t c\u00f3 th\u1ec3 b\u1ecb \u0103n m\u00f2n b\u1edfi axeton.<\/li>\n<li>\u0110\u1ec3 xa t\u1ea7m tay tr\u1ebb em.<\/li>\n<li>\u0110\u1ecdc k\u1ef9 h\u01b0\u1edbng d\u1eabn s\u1eed d\u1ee5ng tr\u01b0\u1edbc khi s\u1eed d\u1ee5ng.<\/li>\n<\/ul>\n<h2>\u0110\u00f3ng g\u00f3i<\/h2>\n<p>LOCTITE 567 250ML \u0111\u01b0\u1ee3c \u0111\u00f3ng g\u00f3i trong chai 250ml thu\u1eadn ti\u1ec7n.<\/p>\n<h2>K\u1ebft lu\u1eadn<\/h2>\n<p>LOCTITE 567 250ML l\u00e0 m\u1ed9t gi\u1ea3i ph\u00e1p keo ch\u1ed1ng r\u00f2 r\u1ec9 \u0111\u00e1ng tin c\u1eady v\u00e0 hi\u1ec7u qu\u1ea3 cao cho c\u00e1c \u1ee9ng d\u1ee5ng g\u1eafn k\u1ebft v\u00e0 v\u1eb7n ren. V\u1edbi kh\u1ea3 n\u0103ng ch\u1ed1ng r\u00f2 r\u1ec9 tuy\u1ec7t v\u1eddi, \u0111\u1ed9 b\u1ec1n ch\u1eafc ch\u1eafn v\u00e0 d\u1ec5 s\u1eed d\u1ee5ng, s\u1ea3n ph\u1ea9m n\u00e0y l\u00e0 s\u1ef1 l\u1ef1a ch\u1ecdn l\u00fd t\u01b0\u1edfng cho nhi\u1ec1u ng\u00e0nh c\u00f4ng nghi\u1ec7p.<\/p>\n<\/div>\n","protected":false},"excerpt":{"rendered":"<p><strong>T\u00ean sa\u0309n ph\u00e2\u0309m:<\/strong>LOCTITE 567 250ML<br \/>\n<b>Li\u00ean h\u1ec7: 0397433258<\/b><\/p>\n","protected":false},"featured_media":5539,"comment_status":"closed","ping_status":"closed","template":"","meta":[],"product_brand":[],"product_cat":[141],"product_tag":[],"class_list":{"0":"post-5538","1":"product","2":"type-product","3":"status-publish","4":"has-post-thumbnail","6":"product_cat-loctite","8":"first","9":"instock","10":"shipping-taxable","11":"product-type-simple"},"_links":{"self":[{"href":"https:\/\/yenhung.com\/index.php?rest_route=\/wp\/v2\/product\/5538","targetHints":{"allow":["GET"]}}],"collection":[{"href":"https:\/\/yenhung.com\/index.php?rest_route=\/wp\/v2\/product"}],"about":[{"href":"https:\/\/yenhung.com\/index.php?rest_route=\/wp\/v2\/types\/product"}],"replies":[{"embeddable":true,"href":"https:\/\/yenhung.com\/index.php?rest_route=%2Fwp%2Fv2%2Fcomments&post=5538"}],"wp:featuredmedia":[{"embeddable":true,"href":"https:\/\/yenhung.com\/index.php?rest_route=\/wp\/v2\/media\/5539"}],"wp:attachment":[{"href":"https:\/\/yenhung.com\/index.php?rest_route=%2Fwp%2Fv2%2Fmedia&parent=5538"}],"wp:term":[{"taxonomy":"product_brand","embeddable":true,"href":"https:\/\/yenhung.com\/index.php?rest_route=%2Fwp%2Fv2%2Fproduct_brand&post=5538"},{"taxonomy":"product_cat","embeddable":true,"href":"https:\/\/yenhung.com\/index.php?rest_route=%2Fwp%2Fv2%2Fproduct_cat&post=5538"},{"taxonomy":"product_tag","embeddable":true,"href":"https:\/\/yenhung.com\/index.php?rest_route=%2Fwp%2Fv2%2Fproduct_tag&post=5538"}],"curies":[{"name":"wp","href":"https:\/\/api.w.org\/{rel}","templated":true}]}}