{"id":5543,"date":"2025-10-28T02:31:39","date_gmt":"2025-10-28T02:31:39","guid":{"rendered":"https:\/\/yenhung.com\/?product=keo-loctite-573-250ml"},"modified":"2026-02-24T09:27:58","modified_gmt":"2026-02-24T09:27:58","slug":"keo-loctite-573-250ml","status":"publish","type":"product","link":"https:\/\/yenhung.com\/?product=keo-loctite-573-250ml","title":{"rendered":"Keo Loctite 573 250ml"},"content":{"rendered":"<div class=\"ba-text-fpt\">\n<h2><strong><span style=\"font-size: 11pt;\"><span style=\"line-height: normal;\"><span style=\"font-family: Calibri,sans-serif;\"><span style=\"font-size: 12.0pt;\"><span style=\"font-family: 'Times New Roman',serif;\">Loctite 573 250ml<\/span><\/span><\/span><\/span><\/span><\/strong><\/h2>\n<h1><span style=\"font-size: 11pt;\"><span style=\"line-height: normal;\"><span style=\"font-family: Calibri,sans-serif;\"><span style=\"font-size: 12.0pt;\"><span style=\"font-family: 'Times New Roman',serif;\">\u0110\u00e2y l\u00e0 m\u1ed9t s\u1ea3n ph\u1ea9m l\u00e0m k\u00edn gio\u0103ng\/ron (gasketing product) chuy\u00ean d\u1ee5ng c\u1ee7a Loctite (thu\u1ed9c t\u1eadp \u0111o\u00e0n Henkel), \u0111\u01b0\u1ee3c thi\u1ebft k\u1ebf \u0111\u1eb7c bi\u1ec7t cho c\u00e1c m\u1eb7t b\u00edch kim lo\u1ea1i c\u1ee9ng.<\/span><\/span><\/span><\/span><\/span><\/h1>\n<p><span style=\"font-size: 11pt;\"><span style=\"line-height: normal;\"><span style=\"font-family: Calibri,sans-serif;\"><span style=\"font-size: 12.0pt;\"><span style=\"font-family: 'Times New Roman',serif;\"><img decoding=\"async\" title=\"loctite-573-250ml-c-1752735832753-2\" src=\"https:\/\/yenhung.com\/wp-content\/uploads\/2025\/10\/loctite-573-250ml-c-1752735832753-2.jpg\" alt=\"LOCTITE 573 250ML\" data-thumb=\"large\" \/><\/span><\/span><\/span><\/span><\/span><\/p>\n<p style=\"margin-bottom: 11px;\"><span style=\"font-size: 11pt;\"><span style=\"line-height: normal;\"><span style=\"font-family: Calibri,sans-serif;\"><b><span style=\"font-size: 13.5pt;\"><span style=\"font-family: 'Times New Roman',serif;\">\u0110\u1eb7c \u0111i\u1ec3m n\u1ed5i b\u1eadt c\u1ee7a Loctite 573 (250ml)<\/span><\/span><\/b><\/span><\/span><\/span><\/p>\n<p style=\"margin-bottom: 11px;\"><span style=\"font-size: 11pt;\"><span style=\"line-height: normal;\"><span style=\"font-family: Calibri,sans-serif;\"><span style=\"font-size: 12.0pt;\"><span style=\"font-family: 'Times New Roman',serif;\">Loctite 573 l\u00e0 m\u1ed9t lo\u1ea1i keo l\u00e0m k\u00edn m\u1eb7t b\u00edch k\u1ef5 kh\u00ed (anaerobic), c\u00f3 \u0111\u1ed9 nh\u1edbt trung b\u00ecnh \u0111\u1ebfn cao (d\u1ea1ng paste) v\u00e0 th\u1eddi gian \u0111\u00f3ng r\u1eafn ch\u1eadm. \u0110\u1eb7c t\u00ednh n\u00e0y l\u00e0m cho n\u00f3 tr\u1edf n\u00ean l\u00fd t\u01b0\u1edfng cho c\u00e1c \u1ee9ng d\u1ee5ng \u0111\u00f2i h\u1ecfi th\u1eddi gian l\u1eafp r\u00e1p k\u00e9o d\u00e0i ho\u1eb7c cho c\u00e1c m\u1ed1i n\u1ed1i m\u1eb7t b\u00edch l\u1edbn.<\/span><\/span><\/span><\/span><\/span><\/p>\n<ul>\n<li style=\"margin-bottom: 11px;\"><span style=\"font-size: 11pt;\"><span style=\"line-height: normal;\"><span style=\"tab-stops: list 36.0pt;\"><span style=\"font-family: Calibri,sans-serif;\"><b><span style=\"font-size: 12.0pt;\"><span style=\"font-family: 'Times New Roman',serif;\">Ch\u1ea5t l\u00e0m k\u00edn m\u1eb7t b\u00edch chuy\u00ean d\u1ee5ng:<\/span><\/span><\/b><span style=\"font-size: 12.0pt;\"><span style=\"font-family: 'Times New Roman',serif;\"> \u0110\u01b0\u1ee3c thi\u1ebft k\u1ebf \u0111\u1ec3 b\u1ecbt k\u00edn c\u00e1c m\u1ed1i n\u1ed1i kh\u00edt gi\u1eefa c\u00e1c m\u1eb7t v\u00e0 m\u1eb7t b\u00edch b\u1eb1ng kim lo\u1ea1i c\u1ee9ng \u0111\u00e3 \u0111\u01b0\u1ee3c gia c\u00f4ng (nh\u01b0 th\u00e9p, nh\u00f4m, gang). N\u00f3 t\u1ea1o ra m\u1ed9t l\u1edbp \u0111\u1ec7m k\u00edn ho\u00e0n h\u1ea3o, ng\u0103n ch\u1eb7n r\u00f2 r\u1ec9 ch\u1ea5t l\u1ecfng v\u00e0 kh\u00ed.<\/span><\/span><\/span><\/span><\/span><\/span><\/li>\n<li style=\"margin-bottom: 11px;\"><span style=\"font-size: 11pt;\"><span style=\"line-height: normal;\"><span style=\"tab-stops: list 36.0pt;\"><span style=\"font-family: Calibri,sans-serif;\"><b><span style=\"font-size: 12.0pt;\"><span style=\"font-family: 'Times New Roman',serif;\">\u0110\u00f3ng r\u1eafn ch\u1eadm:<\/span><\/span><\/b><span style=\"font-size: 12.0pt;\"><span style=\"font-family: 'Times New Roman',serif;\"> \u0110\u00e2y l\u00e0 m\u1ed9t \u01b0u \u0111i\u1ec3m l\u1edbn c\u1ee7a Loctite 573. Th\u1eddi gian \u0111\u00f3ng r\u1eafn ch\u1eadm (th\u1eddi gian c\u1ed1 \u0111\u1ecbnh kho\u1ea3ng 9-12 gi\u1edd) cho ph\u00e9p ng\u01b0\u1eddi d\u00f9ng c\u00f3 \u0111\u1ee7 th\u1eddi gian \u0111\u1ec3 c\u0103n ch\u1ec9nh, l\u1eafp r\u00e1p c\u00e1c b\u1ed9 ph\u1eadn l\u1edbn ho\u1eb7c ph\u1ee9c t\u1ea1p m\u00e0 kh\u00f4ng b\u1ecb \u00e1p l\u1ef1c v\u1ec1 th\u1eddi gian \u0111\u00f3ng r\u1eafn nhanh.<\/span><\/span><\/span><\/span><\/span><\/span><\/li>\n<li style=\"margin-bottom: 11px;\"><span style=\"font-size: 11pt;\"><span style=\"line-height: normal;\"><span style=\"tab-stops: list 36.0pt;\"><span style=\"font-family: Calibri,sans-serif;\"><span style=\"font-size: 12.0pt;\"><span style=\"font-family: 'Times New Roman',serif;\"><img decoding=\"async\" title=\"loctite-573-250ml-a-1752735835906-1\" src=\"https:\/\/yenhung.com\/wp-content\/uploads\/2025\/10\/loctite-573-250ml-a-1752735835906-1.jpg\" alt=\"LOCTITE 573 250ML\" data-thumb=\"large\" \/><\/span><\/span><\/span><\/span><\/span><\/span><\/li>\n<li style=\"margin-bottom: 11px;\"><span style=\"font-size: 11pt;\"><span style=\"line-height: normal;\"><span style=\"tab-stops: list 36.0pt;\"><span style=\"font-family: Calibri,sans-serif;\"><b><span style=\"font-size: 12.0pt;\"><span style=\"font-family: 'Times New Roman',serif;\">Kh\u00f4ng ch\u1ea3y x\u1ec7:<\/span><\/span><\/b><span style=\"font-size: 12.0pt;\"><span style=\"font-family: 'Times New Roman',serif;\"> V\u1edbi k\u1ebft c\u1ea5u d\u1ea1ng s\u1ec7t (thixotropic), keo duy tr\u00ec v\u1ecb tr\u00ed sau khi \u0111\u01b0\u1ee3c b\u00f4i l\u00ean b\u1ec1 m\u1eb7t, kh\u00f4ng b\u1ecb ch\u1ea3y lan hay co ng\u00f3t, \u0111\u1ea3m b\u1ea3o \u0111\u1ed9 ph\u1ee7 v\u00e0 \u0111\u1ed9 d\u00e0y l\u1edbp keo mong mu\u1ed1n.<\/span><\/span><\/span><\/span><\/span><\/span><\/li>\n<li style=\"margin-bottom: 11px;\"><span style=\"font-size: 11pt;\"><span style=\"line-height: normal;\"><span style=\"tab-stops: list 36.0pt;\"><span style=\"font-family: Calibri,sans-serif;\"><b><span style=\"font-size: 12.0pt;\"><span style=\"font-family: 'Times New Roman',serif;\">Ch\u1ed1ng rung \u0111\u1ed9ng v\u00e0 s\u1ed1c:<\/span><\/span><\/b><span style=\"font-size: 12.0pt;\"><span style=\"font-family: 'Times New Roman',serif;\"> Keo \u0111\u00f3ng r\u1eafn t\u1ea1o th\u00e0nh m\u1ed9t l\u1edbp \u0111\u1ec7m k\u00edn ch\u1eafc ch\u1eafn, gi\u00fap m\u1ed1i n\u1ed1i ch\u1ecbu \u0111\u01b0\u1ee3c rung \u0111\u1ed9ng v\u00e0 s\u1ed1c m\u00e0 v\u1eabn duy tr\u00ec \u0111\u01b0\u1ee3c \u0111\u1ed9 k\u00edn.<\/span><\/span><\/span><\/span><\/span><\/span><\/li>\n<li style=\"margin-bottom: 11px;\"><span style=\"font-size: 11pt;\"><span style=\"line-height: normal;\"><span style=\"tab-stops: list 36.0pt;\"><span style=\"font-family: Calibri,sans-serif;\"><b><span style=\"font-size: 12.0pt;\"><span style=\"font-family: 'Times New Roman',serif;\">Kh\u00e1ng h\u00f3a ch\u1ea5t tuy\u1ec7t v\u1eddi:<\/span><\/span><\/b><span style=\"font-size: 12.0pt;\"><span style=\"font-family: 'Times New Roman',serif;\"> Ch\u1ed1ng l\u1ea1i s\u1ef1 t\u1ea5n c\u00f4ng c\u1ee7a nhi\u1ec1u lo\u1ea1i h\u00f3a ch\u1ea5t c\u00f4ng nghi\u1ec7p v\u00e0 ch\u1ea5t l\u1ecfng trong \u00f4 t\u00f4 nh\u01b0 d\u1ea7u, n\u01b0\u1edbc, nhi\u00ean li\u1ec7u, ch\u1ea5t l\u00e0m m\u00e1t v\u00e0 dung m\u00f4i, \u0111\u1ea3m b\u1ea3o \u0111\u1ed9 b\u1ec1n l\u00e2u d\u00e0i c\u1ee7a m\u1ed1i b\u1ecbt k\u00edn.<\/span><\/span><\/span><\/span><\/span><\/span><\/li>\n<li style=\"margin-bottom: 11px;\"><span style=\"font-size: 11pt;\"><span style=\"line-height: normal;\"><span style=\"tab-stops: list 36.0pt;\"><span style=\"font-family: Calibri,sans-serif;\"><b><span style=\"font-size: 12.0pt;\"><span style=\"font-family: 'Times New Roman',serif;\">M\u00e0u xanh l\u00e1 c\u00e2y:<\/span><\/span><\/b><span style=\"font-size: 12.0pt;\"><span style=\"font-family: 'Times New Roman',serif;\"> M\u00e0u \u0111\u1eb7c tr\u01b0ng c\u1ee7a Loctite 573, gi\u00fap d\u1ec5 d\u00e0ng nh\u1eadn bi\u1ebft.<\/span><\/span><\/span><\/span><\/span><\/span><\/li>\n<\/ul>\n<h1><b><span style=\"font-size: 12.0pt;\"><span style=\"line-height: 107%;\"><span style=\"font-family: 'Times New Roman',serif;\">Ph\u00e1t quang d\u01b0\u1edbi \u0111\u00e8n UV:<\/span><\/span><\/span><\/b><span style=\"font-size: 12.0pt;\"><span style=\"line-height: 107%;\"><span style=\"font-family: 'Times New Roman',serif;\"> Keo ph\u00e1t s\u00e1ng d\u01b0\u1edbi \u00e1nh s\u00e1ng tia c\u1ef1c t\u00edm, gi\u00fap d\u1ec5 d\u00e0ng ki\u1ec3m tra s\u1ef1 hi\u1ec7n di\u1ec7n c\u1ee7a keo sau khi \u1ee9ng d\u1ee5ng, h\u1ed7 tr\u1ee3 ki\u1ec3m so\u00e1t ch\u1ea5t l\u01b0\u1ee3ng.<\/span><\/span><\/span><\/h1>\n<p style=\"margin-bottom: 11px;\"><span style=\"font-size: 11pt;\"><span style=\"line-height: normal;\"><span style=\"font-family: Calibri,sans-serif;\"><b><span style=\"font-size: 13.5pt;\"><span style=\"font-family: 'Times New Roman',serif;\">\u1ee8ng d\u1ee5ng ph\u1ed5 bi\u1ebfn c\u1ee7a Loctite 573<\/span><\/span><\/b><\/span><\/span><\/span><\/p>\n<p style=\"margin-bottom: 11px;\"><span style=\"font-size: 11pt;\"><span style=\"line-height: normal;\"><span style=\"font-family: Calibri,sans-serif;\"><b><span style=\"font-size: 13.5pt;\"><span style=\"font-family: 'Times New Roman',serif;\"><img decoding=\"async\" title=\"loctite-573-250ml-b-1752735834417-1\" src=\"https:\/\/yenhung.com\/wp-content\/uploads\/2025\/10\/loctite-573-250ml-b-1752735834417-1.jpg\" alt=\"LOCTITE 573 250ML\" data-thumb=\"large\" \/><\/span><\/span><\/b><\/span><\/span><\/span><\/p>\n<p style=\"margin-bottom: 11px;\"><span style=\"font-size: 11pt;\"><span style=\"line-height: normal;\"><span style=\"font-family: Calibri,sans-serif;\"><span style=\"font-size: 12.0pt;\"><span style=\"font-family: 'Times New Roman',serif;\">Loctite 573 l\u00e0 l\u1ef1a ch\u1ecdn l\u00fd t\u01b0\u1edfng cho c\u00e1c \u1ee9ng d\u1ee5ng l\u00e0m k\u00edn m\u1eb7t b\u00edch kim lo\u1ea1i c\u1ee9ng trong nhi\u1ec1u ng\u00e0nh c\u00f4ng nghi\u1ec7p, \u0111\u1eb7c bi\u1ec7t l\u00e0 nh\u1eefng n\u01a1i y\u00eau c\u1ea7u th\u1eddi gian l\u1eafp r\u00e1p d\u00e0i:<\/span><\/span><\/span><\/span><\/span><\/p>\n<ul>\n<li style=\"margin-bottom: 11px;\"><span style=\"font-size: 11pt;\"><span style=\"line-height: normal;\"><span style=\"tab-stops: list 36.0pt;\"><span style=\"font-family: Calibri,sans-serif;\"><b><span style=\"font-size: 12.0pt;\"><span style=\"font-family: 'Times New Roman',serif;\">H\u1ed9p s\u1ed1 v\u00e0 v\u1ecf \u0111\u1ed9ng c\u01a1:<\/span><\/span><\/b><span style=\"font-size: 12.0pt;\"><span style=\"font-family: 'Times New Roman',serif;\"> Th\u01b0\u1eddng \u0111\u01b0\u1ee3c s\u1eed d\u1ee5ng l\u00e0m gio\u0103ng \u0111\u1ecbnh h\u00ecnh t\u1ea1i ch\u1ed7 (form-in-place gasket) tr\u00ean c\u00e1c k\u1ebft n\u1ed1i m\u1eb7t b\u00edch c\u1ee9ng c\u1ee7a h\u1ed9p s\u1ed1 v\u00e0 v\u1ecf \u0111\u1ed9ng c\u01a1, n\u01a1i c\u1ea7n \u0111\u1ea3m b\u1ea3o \u0111\u1ed9 k\u00edn kh\u00edt cao v\u00e0 kh\u1ea3 n\u0103ng ch\u1ecbu t\u1ea3i tr\u1ecdng.<\/span><\/span><\/span><\/span><\/span><\/span><\/li>\n<li style=\"margin-bottom: 11px;\"><span style=\"font-size: 11pt;\"><span style=\"line-height: normal;\"><span style=\"tab-stops: list 36.0pt;\"><span style=\"font-family: Calibri,sans-serif;\"><b><span style=\"font-size: 12.0pt;\"><span style=\"font-family: 'Times New Roman',serif;\">H\u1ec7 th\u1ed1ng th\u1ee7y l\u1ef1c v\u00e0 kh\u00ed n\u00e9n:<\/span><\/span><\/b><span style=\"font-size: 12.0pt;\"><span style=\"font-family: 'Times New Roman',serif;\"> L\u00e0m k\u00edn c\u00e1c m\u1eb7t b\u00edch trong h\u1ec7 th\u1ed1ng \u1ed1ng d\u1eabn, b\u01a1m, van, n\u01a1i y\u00eau c\u1ea7u ch\u1ed1ng r\u00f2 r\u1ec9 \u00e1p su\u1ea5t.<\/span><\/span><\/span><\/span><\/span><\/span><\/li>\n<li style=\"margin-bottom: 11px;\"><span style=\"font-size: 11pt;\"><span style=\"line-height: normal;\"><span style=\"tab-stops: list 36.0pt;\"><span style=\"font-family: Calibri,sans-serif;\"><b><span style=\"font-size: 12.0pt;\"><span style=\"font-family: 'Times New Roman',serif;\">M\u00e1y m\u00f3c c\u00f4ng nghi\u1ec7p:<\/span><\/span><\/b><span style=\"font-size: 12.0pt;\"><span style=\"font-family: 'Times New Roman',serif;\"> C\u00e1c b\u1ed9 ph\u1eadn m\u00e1y m\u00f3c trong s\u1ea3n xu\u1ea5t, ch\u1ebf bi\u1ebfn, n\u01a1i c\u1ea7n l\u00e0m k\u00edn c\u00e1c m\u1ed1i n\u1ed1i m\u1eb7t b\u00edch ch\u1ecbu rung \u0111\u1ed9ng v\u00e0 \u00e1p su\u1ea5t.<\/span><\/span><\/span><\/span><\/span><\/span><\/li>\n<li style=\"margin-bottom: 11px;\"><span style=\"font-size: 11pt;\"><span style=\"line-height: normal;\"><span style=\"tab-stops: list 36.0pt;\"><span style=\"font-family: Calibri,sans-serif;\"><b><span style=\"font-size: 12.0pt;\"><span style=\"font-family: 'Times New Roman',serif;\">L\u1eafp r\u00e1p thi\u1ebft b\u1ecb l\u1edbn:<\/span><\/span><\/b><span style=\"font-size: 12.0pt;\"><span style=\"font-family: 'Times New Roman',serif;\"> \u0110\u1eb7c bi\u1ec7t h\u1eefu \u00edch cho vi\u1ec7c l\u1eafp r\u00e1p c\u00e1c b\u1ed9 ph\u1eadn l\u1edbn, n\u1eb7ng, ph\u1ee9c t\u1ea1p m\u00e0 qu\u00e1 tr\u00ecnh l\u1eafp r\u00e1p c\u00f3 th\u1ec3 k\u00e9o d\u00e0i v\u00e0i gi\u1edd.<\/span><\/span><\/span><\/span><\/span><\/span>\n<p style=\"margin-bottom: 11px;\"><span style=\"font-size: 11pt;\"><span style=\"line-height: normal;\"><span style=\"font-family: Calibri,sans-serif;\"><b><span style=\"font-size: 13.5pt;\"><span style=\"font-family: 'Times New Roman',serif;\">Th\u00f4ng s\u1ed1 k\u1ef9 thu\u1eadt ti\u00eau bi\u1ec3u<\/span><\/span><\/b><\/span><\/span><\/span><\/p>\n<\/li>\n<li style=\"margin-bottom: 11px;\"><span style=\"font-size: 11pt;\"><span style=\"line-height: normal;\"><span style=\"tab-stops: list 36.0pt;\"><span style=\"font-family: Calibri,sans-serif;\"><b><span style=\"font-size: 12.0pt;\"><span style=\"font-family: 'Times New Roman',serif;\">T\u00ean s\u1ea3n ph\u1ea9m:<\/span><\/span><\/b><span style=\"font-size: 12.0pt;\"><span style=\"font-family: 'Times New Roman',serif;\"> Loctite 573 (Gasketing Product \u2013 Slow Curing)<\/span><\/span><\/span><\/span><\/span><\/span><\/li>\n<li style=\"margin-bottom: 11px;\"><span style=\"font-size: 11pt;\"><span style=\"line-height: normal;\"><span style=\"tab-stops: list 36.0pt;\"><span style=\"font-family: Calibri,sans-serif;\"><b><span style=\"font-size: 12.0pt;\"><span style=\"font-family: 'Times New Roman',serif;\">Th\u00e0nh ph\u1ea7n ch\u00ednh:<\/span><\/span><\/b><span style=\"font-size: 12.0pt;\"><span style=\"font-family: 'Times New Roman',serif;\"> Acrylic (Dimethacrylate ester)<\/span><\/span><\/span><\/span><\/span><\/span><\/li>\n<li style=\"margin-bottom: 11px;\"><span style=\"font-size: 11pt;\"><span style=\"line-height: normal;\"><span style=\"tab-stops: list 36.0pt;\"><span style=\"font-family: Calibri,sans-serif;\"><b><span style=\"font-size: 12.0pt;\"><span style=\"font-family: 'Times New Roman',serif;\">M\u00e0u s\u1eafc:<\/span><\/span><\/b><span style=\"font-size: 12.0pt;\"><span style=\"font-family: 'Times New Roman',serif;\"> Xanh l\u00e1 c\u00e2y (Green paste)<\/span><\/span><\/span><\/span><\/span><\/span><\/li>\n<li style=\"margin-bottom: 11px;\"><span style=\"font-size: 11pt;\"><span style=\"line-height: normal;\"><span style=\"tab-stops: list 36.0pt;\"><span style=\"font-family: Calibri,sans-serif;\"><b><span style=\"font-size: 12.0pt;\"><span style=\"font-family: 'Times New Roman',serif;\">Quy c\u00e1ch \u0111\u00f3ng g\u00f3i:<\/span><\/span><\/b><span style=\"font-size: 12.0pt;\"><span style=\"font-family: 'Times New Roman',serif;\"> Chai <b>250ml<\/b> (c\u0169ng c\u00f3 c\u00e1c quy c\u00e1ch kh\u00e1c nh\u01b0 50ml, 1 l\u00edt)<\/span><\/span><\/span><\/span><\/span><\/span><\/li>\n<li style=\"margin-bottom: 11px;\"><span style=\"font-size: 11pt;\"><span style=\"line-height: normal;\"><span style=\"tab-stops: list 36.0pt;\"><span style=\"font-family: Calibri,sans-serif;\"><b><span style=\"font-size: 12.0pt;\"><span style=\"font-family: 'Times New Roman',serif;\">\u0110\u1ed9 nh\u1edbt:<\/span><\/span><\/b><span style=\"font-size: 12.0pt;\"><span style=\"font-family: 'Times New Roman',serif;\"> Trung b\u00ecnh \u0111\u1ebfn cao (thixotropic), kho\u1ea3ng 13.500\u221233.000\u00a0mPa<\/span><\/span><span style=\"font-size: 12.0pt;\"><span style=\"font-family: 'Cambria Math',serif;\">\u22c5<\/span><\/span><span style=\"font-size: 12.0pt;\"><span style=\"font-family: 'Times New Roman',serif;\">s \u1edf 20\u00a0rpm.<\/span><\/span><\/span><\/span><\/span><\/span><\/li>\n<li style=\"margin-bottom: 11px;\"><span style=\"font-size: 11pt;\"><span style=\"line-height: normal;\"><span style=\"tab-stops: list 36.0pt;\"><span style=\"font-family: Calibri,sans-serif;\"><b><span style=\"font-size: 12.0pt;\"><span style=\"font-family: 'Times New Roman',serif;\">Khe h\u1edf t\u1ed1i \u0111a:<\/span><\/span><\/b><span style=\"font-size: 12.0pt;\"><span style=\"font-family: 'Times New Roman',serif;\"> 0.1\u00a0mm<\/span><\/span><\/span><\/span><\/span><\/span><\/li>\n<li style=\"margin-bottom: 11px;\"><span style=\"font-size: 11pt;\"><span style=\"line-height: normal;\"><span style=\"tab-stops: list 36.0pt;\"><span style=\"font-family: Calibri,sans-serif;\"><b><span style=\"font-size: 12.0pt;\"><span style=\"font-family: 'Times New Roman',serif;\">Th\u1eddi gian c\u1ed1 \u0111\u1ecbnh (Fixture Time):<\/span><\/span><\/b><span style=\"font-size: 12.0pt;\"><span style=\"font-family: 'Times New Roman',serif;\"> Kho\u1ea3ng 9 &#8211; 12 gi\u1edd (tr\u00ean th\u00e9p v\u00e0 nh\u00f4m)<\/span><\/span><\/span><\/span><\/span><\/span><\/li>\n<li style=\"margin-bottom: 11px;\"><span style=\"font-size: 11pt;\"><span style=\"line-height: normal;\"><span style=\"tab-stops: list 36.0pt;\"><span style=\"font-family: Calibri,sans-serif;\"><b><span style=\"font-size: 12.0pt;\"><span style=\"font-family: 'Times New Roman',serif;\">Th\u1eddi gian \u0111\u00f3ng r\u1eafn ho\u00e0n to\u00e0n:<\/span><\/span><\/b><span style=\"font-size: 12.0pt;\"><span style=\"font-family: 'Times New Roman',serif;\"> 48 gi\u1edd<\/span><\/span><\/span><\/span><\/span><\/span><\/li>\n<li style=\"margin-bottom: 11px;\"><span style=\"font-size: 11pt;\"><span style=\"line-height: normal;\"><span style=\"tab-stops: list 36.0pt;\"><span style=\"font-family: Calibri,sans-serif;\"><b><span style=\"font-size: 12.0pt;\"><span style=\"font-family: 'Times New Roman',serif;\">\u0110\u1ed9 b\u1ec1n c\u1eaft (Shear Strength) tr\u00ean th\u00e9p:<\/span><\/span><\/b><span style=\"font-size: 12.0pt;\"><span style=\"font-family: 'Times New Roman',serif;\"> 1.3\u00a0N\/mm2 (ho\u1eb7c 190 psi)<\/span><\/span><\/span><\/span><\/span><\/span><\/li>\n<li style=\"margin-bottom: 11px;\"><span style=\"font-size: 11pt;\"><span style=\"line-height: normal;\"><span style=\"tab-stops: list 36.0pt;\"><span style=\"font-family: Calibri,sans-serif;\"><b><span style=\"font-size: 12.0pt;\"><span style=\"font-family: 'Times New Roman',serif;\">\u0110\u1ed9 b\u1ec1n k\u00e9o (Tensile Strength):<\/span><\/span><\/b><span style=\"font-size: 12.0pt;\"><span style=\"font-family: 'Times New Roman',serif;\"> 5\u00a0N\/mm2 (ho\u1eb7c 725 psi)<\/span><\/span><\/span><\/span><\/span><\/span><\/li>\n<li style=\"margin-bottom: 11px;\"><span style=\"font-size: 11pt;\"><span style=\"line-height: normal;\"><span style=\"tab-stops: list 36.0pt;\"><span style=\"font-family: Calibri,sans-serif;\"><b><span style=\"font-size: 12.0pt;\"><span style=\"font-family: 'Times New Roman',serif;\">Ph\u1ea1m vi nhi\u1ec7t \u0111\u1ed9 ho\u1ea1t \u0111\u1ed9ng:<\/span><\/span><\/b><span style=\"font-size: 12.0pt;\"><span style=\"font-family: 'Times New Roman',serif;\"> \u221255<\/span><\/span><span style=\"font-size: 12.0pt;\"><span style=\"font-family: 'Cambria Math',serif;\">\u2218<\/span><\/span><span style=\"font-size: 12.0pt;\"><span style=\"font-family: 'Times New Roman',serif;\">C \u0111\u1ebfn +150<\/span><\/span><span style=\"font-size: 12.0pt;\"><span style=\"font-family: 'Cambria Math',serif;\">\u2218<\/span><\/span><span style=\"font-size: 12.0pt;\"><span style=\"font-family: 'Times New Roman',serif;\">C<\/span><\/span><\/span><\/span><\/span><\/span><\/li>\n<\/ul>\n<\/div>\n","protected":false},"excerpt":{"rendered":"<p><strong>T\u00ean sa\u0309n ph\u00e2\u0309m:<\/strong>LOCTITE 573 250ML<br \/>\n<b>Li\u00ean h\u1ec7: 0397433258<\/b><\/p>\n","protected":false},"featured_media":5544,"comment_status":"closed","ping_status":"closed","template":"","meta":[],"product_brand":[],"product_cat":[141],"product_tag":[],"class_list":{"0":"post-5543","1":"product","2":"type-product","3":"status-publish","4":"has-post-thumbnail","6":"product_cat-loctite","8":"first","9":"instock","10":"shipping-taxable","11":"product-type-simple"},"_links":{"self":[{"href":"https:\/\/yenhung.com\/index.php?rest_route=\/wp\/v2\/product\/5543","targetHints":{"allow":["GET"]}}],"collection":[{"href":"https:\/\/yenhung.com\/index.php?rest_route=\/wp\/v2\/product"}],"about":[{"href":"https:\/\/yenhung.com\/index.php?rest_route=\/wp\/v2\/types\/product"}],"replies":[{"embeddable":true,"href":"https:\/\/yenhung.com\/index.php?rest_route=%2Fwp%2Fv2%2Fcomments&post=5543"}],"wp:featuredmedia":[{"embeddable":true,"href":"https:\/\/yenhung.com\/index.php?rest_route=\/wp\/v2\/media\/5544"}],"wp:attachment":[{"href":"https:\/\/yenhung.com\/index.php?rest_route=%2Fwp%2Fv2%2Fmedia&parent=5543"}],"wp:term":[{"taxonomy":"product_brand","embeddable":true,"href":"https:\/\/yenhung.com\/index.php?rest_route=%2Fwp%2Fv2%2Fproduct_brand&post=5543"},{"taxonomy":"product_cat","embeddable":true,"href":"https:\/\/yenhung.com\/index.php?rest_route=%2Fwp%2Fv2%2Fproduct_cat&post=5543"},{"taxonomy":"product_tag","embeddable":true,"href":"https:\/\/yenhung.com\/index.php?rest_route=%2Fwp%2Fv2%2Fproduct_tag&post=5543"}],"curies":[{"name":"wp","href":"https:\/\/api.w.org\/{rel}","templated":true}]}}