{"id":5551,"date":"2025-10-28T02:31:44","date_gmt":"2025-10-28T02:31:44","guid":{"rendered":"https:\/\/yenhung.com\/?product=keo-loctite-545-50ml"},"modified":"2026-02-24T09:27:45","modified_gmt":"2026-02-24T09:27:45","slug":"keo-loctite-545-50ml","status":"publish","type":"product","link":"https:\/\/yenhung.com\/?product=keo-loctite-545-50ml","title":{"rendered":"Keo Loctite 545 50ml"},"content":{"rendered":"<div class=\"ba-text-fpt\">\n<h1>LOCTITE 545 50ML<\/h1>\n<h2>Gi\u1edbi thi\u1ec7u<\/h2>\n<p><img decoding=\"async\" title=\"loctite-545-50ml-a-1753173609385-1\" src=\"https:\/\/yenhung.com\/wp-content\/uploads\/2025\/10\/loctite-545-50ml-a-1753173609385-1.jpg\" alt=\"LOCTITE 545 50ML\" data-thumb=\"large\" \/><\/p>\n<p>LOCTITE 545 50ML l\u00e0 ch\u1ea5t k\u1ebft d\u00ednh anaerob m\u1ed9t th\u00e0nh ph\u1ea7n, c\u01b0\u1eddng \u0111\u1ed9 c\u1ee9ng, \u0111\u01b0\u1ee3c thi\u1ebft k\u1ebf \u0111\u1ec3 kh\u00f3a v\u00e0 ni\u00eam phong c\u00e1c m\u1ed1i gh\u00e9p l\u1eafp gh\u00e9p b\u1eb1ng kim lo\u1ea1i m\u1ed9t c\u00e1ch hi\u1ec7u qu\u1ea3. S\u1ea3n ph\u1ea9m n\u00e0y l\u00fd t\u01b0\u1edfng cho c\u00e1c \u1ee9ng d\u1ee5ng quan tr\u1ecdng, n\u01a1i \u0111\u1ed9 tin c\u1eady, \u0111\u1ed9 b\u1ec1n v\u00e0 kh\u1ea3 n\u0103ng ch\u1ecbu c\u00e1c \u0111i\u1ec1u ki\u1ec7n kh\u1eafc nghi\u1ec7t l\u00e0 r\u1ea5t quan tr\u1ecdng.<\/p>\n<h2>\u0110\u1eb7c t\u00ednh v\u00e0 l\u1ee3i \u00edch<\/h2>\n<ul>\n<li><strong>C\u01b0\u1eddng \u0111\u1ed9 c\u1ee9ng cao:<\/strong> T\u1ea1o ra m\u1ed1i li\u00ean k\u1ebft b\u1ec1n ch\u1eafc, ch\u1ed1ng rung v\u00e0 s\u1ed1c.<\/li>\n<li><strong>Kh\u1ea3 n\u0103ng ch\u1ecbu nhi\u1ec7t tuy\u1ec7t v\u1eddi:<\/strong> Duy tr\u00ec hi\u1ec7u su\u1ea5t \u1edf nhi\u1ec7t \u0111\u1ed9 t\u1eeb -55\u00b0C \u0111\u1ebfn +150\u00b0C.<\/li>\n<li><strong>Kh\u1ea3 n\u0103ng ch\u1ecbu h\u00f3a ch\u1ea5t t\u1ed1t:<\/strong> Ch\u1ed1ng l\u1ea1i h\u1ea7u h\u1ebft c\u00e1c lo\u1ea1i h\u00f3a ch\u1ea5t c\u00f4ng nghi\u1ec7p th\u00f4ng th\u01b0\u1eddng.<\/li>\n<li><strong>Th\u1eddi gian \u0111\u00f3ng r\u1eafn nhanh:<\/strong> C\u1ed1 \u0111\u1ecbnh c\u00e1c b\u1ed9 ph\u1eadn ch\u1ec9 sau v\u00e0i ph\u00fat.<\/li>\n<li><strong>Kh\u00f4ng ch\u1ea3y x\u1ec7:<\/strong> Th\u00edch h\u1ee3p cho c\u1ea3 \u1ee9ng d\u1ee5ng theo ph\u01b0\u01a1ng ngang v\u00e0 ph\u01b0\u01a1ng th\u1eb3ng \u0111\u1ee9ng.<\/li>\n<li><strong>\u0110\u1ea1t ti\u00eau chu\u1ea9n NSF:<\/strong> \u0110\u00e1p \u1ee9ng y\u00eau c\u1ea7u c\u1ee7a NSF\/ANSI 61 \u0111\u1ec3 s\u1eed d\u1ee5ng trong c\u00e1c h\u1ec7 th\u1ed1ng n\u01b0\u1edbc u\u1ed1ng.<\/li>\n<\/ul>\n<h2>\u1ee8ng d\u1ee5ng<\/h2>\n<p><img decoding=\"async\" title=\"loctite-545-50ml-b-1753173609067-1\" src=\"https:\/\/yenhung.com\/wp-content\/uploads\/2025\/10\/loctite-545-50ml-b-1753173609067-1.jpg\" alt=\"LOCTITE 545 50ML\" data-thumb=\"large\" \/><\/p>\n<p>LOCTITE 545 50ML \u0111\u01b0\u1ee3c s\u1eed d\u1ee5ng r\u1ed9ng r\u00e3i trong nhi\u1ec1u ng\u00e0nh c\u00f4ng nghi\u1ec7p, bao g\u1ed3m:<\/p>\n<ul>\n<li><strong>Ch\u1ebf t\u1ea1o m\u00e1y m\u00f3c:<\/strong> G\u1eafn b\u1ea1c \u0111\u1ea1n, v\u00f2ng bi, \u1ed5 tr\u1ee5c v\u00e0 tr\u1ee5c.<\/li>\n<li><strong>B\u1ea3o tr\u00ec v\u00e0 s\u1eeda ch\u1eefa:<\/strong> Kh\u00f3a v\u00edt, bu l\u00f4ng v\u00e0 \u0111ai \u1ed1c, ni\u00eam phong m\u1eb7t b\u00edch v\u00e0 h\u1ed9p s\u1ed1.<\/li>\n<li><strong>Ng\u00e0nh h\u00e0ng kh\u00f4ng v\u0169 tr\u1ee5:<\/strong> G\u1eafn c\u00e1c th\u00e0nh ph\u1ea7n quan tr\u1ecdng trong \u0111\u1ed9ng c\u01a1, h\u1ec7 th\u1ed1ng nhi\u00ean li\u1ec7u v\u00e0 h\u1ec7 th\u1ed1ng \u0111i\u1ec7n.<\/li>\n<li><strong>Ng\u00e0nh d\u1ea7u kh\u00ed:<\/strong> Kh\u00f3a v\u00e0 ni\u00eam phong \u1ed1ng, ph\u1ee5 ki\u1ec7n v\u00e0 van.<\/li>\n<\/ul>\n<h2>H\u01b0\u1edbng d\u1eabn s\u1eed d\u1ee5ng<\/h2>\n<ol>\n<li>L\u00e0m s\u1ea1ch v\u00e0 l\u00e0m kh\u00f4 c\u00e1c b\u1ec1 m\u1eb7t c\u1ea7n li\u00ean k\u1ebft.<\/li>\n<li>Thoa m\u1ed9t l\u01b0\u1ee3ng nh\u1ecf LOCTITE 545 50ML l\u00ean m\u1ed9t ho\u1eb7c c\u1ea3 hai b\u1ec1 m\u1eb7t.<\/li>\n<li>L\u1eafp r\u00e1p c\u00e1c b\u1ed9 ph\u1eadn v\u00e0 si\u1ebft ch\u1eb7t theo th\u00f4ng s\u1ed1 k\u1ef9 thu\u1eadt.<\/li>\n<li>\u0110\u1ec3 s\u1ea3n ph\u1ea9m \u0111\u00f3ng r\u1eafn trong th\u1eddi gian \u0111\u01b0\u1ee3c ch\u1ec9 \u0111\u1ecbnh.<\/li>\n<\/ol>\n<h2>\u0110\u00f3ng g\u00f3i<\/h2>\n<p><img decoding=\"async\" title=\"loctite-545-50ml-c-1753173608579-1\" src=\"https:\/\/yenhung.com\/wp-content\/uploads\/2025\/10\/loctite-545-50ml-c-1753173608579-1.jpg\" alt=\"LOCTITE 545 50ML\" data-thumb=\"large\" \/><\/p>\n<p>LOCTITE 545 50ML c\u00f3 s\u1eb5n trong \u1ed1ng 50 ml thu\u1eadn ti\u1ec7n.<\/p>\n<h2>L\u01b0u tr\u1eef<\/h2>\n<p>B\u1ea3o qu\u1ea3n s\u1ea3n ph\u1ea9m \u1edf n\u01a1i kh\u00f4 r\u00e1o, tho\u00e1ng m\u00e1t, tr\u00e1nh \u00e1nh s\u00e1ng tr\u1ef1c ti\u1ebfp. Nhi\u1ec7t \u0111\u1ed9 l\u01b0u tr\u1eef l\u00fd t\u01b0\u1edfng l\u00e0 t\u1eeb 8\u00b0C \u0111\u1ebfn 21\u00b0C.<\/p>\n<h2>K\u1ebft lu\u1eadn<\/h2>\n<p>LOCTITE 545 50ML l\u00e0 m\u1ed9t gi\u1ea3i ph\u00e1p k\u1ebft d\u00ednh anaerob hi\u1ec7u su\u1ea5t cao cung c\u1ea5p m\u1ed9t m\u1ed1i li\u00ean k\u1ebft b\u1ec1n ch\u1eafc, tin c\u1eady v\u00e0 l\u00e2u d\u00e0i cho c\u00e1c \u1ee9ng d\u1ee5ng quan tr\u1ecdng trong nhi\u1ec1u ng\u00e0nh c\u00f4ng nghi\u1ec7p. V\u1edbi kh\u1ea3 n\u0103ng ch\u1ecbu nhi\u1ec7t, ch\u1ecbu h\u00f3a ch\u1ea5t v\u00e0 \u0111\u00f3ng r\u1eafn nhanh, s\u1ea3n ph\u1ea9m n\u00e0y l\u00fd t\u01b0\u1edfng \u0111\u1ec3 s\u1eed d\u1ee5ng trong nh\u1eefng \u1ee9ng d\u1ee5ng \u0111\u00f2i h\u1ecfi \u0111\u1ed9 tin c\u1eady tuy\u1ec7t \u0111\u1ed1i.<\/p>\n<\/div>\n","protected":false},"excerpt":{"rendered":"<p><strong>T\u00ean sa\u0309n ph\u00e2\u0309m:<\/strong>LOCTITE 545 50ML<br \/>\n<b>Li\u00ean h\u1ec7: 0397433258<\/b><\/p>\n","protected":false},"featured_media":5552,"comment_status":"closed","ping_status":"closed","template":"","meta":[],"product_brand":[],"product_cat":[141],"product_tag":[],"class_list":{"0":"post-5551","1":"product","2":"type-product","3":"status-publish","4":"has-post-thumbnail","6":"product_cat-loctite","8":"first","9":"instock","10":"shipping-taxable","11":"product-type-simple"},"_links":{"self":[{"href":"https:\/\/yenhung.com\/index.php?rest_route=\/wp\/v2\/product\/5551","targetHints":{"allow":["GET"]}}],"collection":[{"href":"https:\/\/yenhung.com\/index.php?rest_route=\/wp\/v2\/product"}],"about":[{"href":"https:\/\/yenhung.com\/index.php?rest_route=\/wp\/v2\/types\/product"}],"replies":[{"embeddable":true,"href":"https:\/\/yenhung.com\/index.php?rest_route=%2Fwp%2Fv2%2Fcomments&post=5551"}],"wp:featuredmedia":[{"embeddable":true,"href":"https:\/\/yenhung.com\/index.php?rest_route=\/wp\/v2\/media\/5552"}],"wp:attachment":[{"href":"https:\/\/yenhung.com\/index.php?rest_route=%2Fwp%2Fv2%2Fmedia&parent=5551"}],"wp:term":[{"taxonomy":"product_brand","embeddable":true,"href":"https:\/\/yenhung.com\/index.php?rest_route=%2Fwp%2Fv2%2Fproduct_brand&post=5551"},{"taxonomy":"product_cat","embeddable":true,"href":"https:\/\/yenhung.com\/index.php?rest_route=%2Fwp%2Fv2%2Fproduct_cat&post=5551"},{"taxonomy":"product_tag","embeddable":true,"href":"https:\/\/yenhung.com\/index.php?rest_route=%2Fwp%2Fv2%2Fproduct_tag&post=5551"}],"curies":[{"name":"wp","href":"https:\/\/api.w.org\/{rel}","templated":true}]}}