{"id":5560,"date":"2025-10-28T02:31:50","date_gmt":"2025-10-28T02:31:50","guid":{"rendered":"https:\/\/yenhung.com\/?product=keo-loctite-545-250ml"},"modified":"2026-02-24T09:27:22","modified_gmt":"2026-02-24T09:27:22","slug":"keo-loctite-545-250ml","status":"publish","type":"product","link":"https:\/\/yenhung.com\/?product=keo-loctite-545-250ml","title":{"rendered":"Keo Loctite 545 250ml"},"content":{"rendered":"<div class=\"ba-text-fpt\">\n<h2>Keo Ch\u1ecbu Nhi\u1ec7t LOCTITE 545 250ML: Gi\u1ea3i Ph\u00e1p Li\u00ean K\u1ebft Hi\u1ec7u Qu\u1ea3 cho C\u00e1c \u1ee8ng D\u1ee5ng Y\u00eau C\u1ea7u Cao<\/h2>\n<h3>T\u1ed5ng Quan S\u1ea3n Ph\u1ea9m<\/h3>\n<p>LOCTITE 545 250ML l\u00e0 keo d\u00e1n anaerobics ch\u1ecbu nhi\u1ec7t, l\u00fd t\u01b0\u1edfng cho li\u00ean k\u1ebft c\u00e1c b\u1ec1 m\u1eb7t kim lo\u1ea1i, \u0111\u1eb7c bi\u1ec7t l\u00e0 khi \u0111\u1ed9 b\u1ec1n nhi\u1ec7t cao ho\u1eb7c kho\u1ea3ng h\u1edf l\u1edbn l\u00e0 y\u00eau c\u1ea7u b\u1eaft bu\u1ed9c. N\u00f3 mang l\u1ea1i kh\u1ea3 n\u0103ng ch\u1ecbu nhi\u1ec7t v\u01b0\u1ee3t tr\u1ed9i v\u1edbi kh\u1ea3 n\u0103ng ch\u1ecbu \u0111\u1ef1ng li\u00ean t\u1ee5c l\u00ean \u0111\u1ebfn 200\u00b0C (392\u00b0F) v\u00e0 kh\u1ea3 n\u0103ng ch\u1ecbu nhi\u1ec7t ng\u1eafn h\u1ea1n l\u00ean \u0111\u1ebfn 260\u00b0C (500\u00b0F).<\/p>\n<h3>C\u00e1c T\u00ednh N\u0103ng v\u00e0 \u01afu \u0110i\u1ec3m<\/h3>\n<ul>\n<li><strong>Kh\u1ea3 n\u0103ng ch\u1ecbu nhi\u1ec7t cao:<\/strong> Ch\u1ecbu \u0111\u01b0\u1ee3c nhi\u1ec7t \u0111\u1ed9 l\u00ean \u0111\u1ebfn 200\u00b0C (392\u00b0F) li\u00ean t\u1ee5c v\u00e0 260\u00b0C (500\u00b0F) trong th\u1eddi gian ng\u1eafn.<\/li>\n<li><strong>Li\u00ean k\u1ebft m\u1ea1nh m\u1ebd:<\/strong> T\u1ea1o th\u00e0nh li\u00ean k\u1ebft b\u1ec1n v\u1eefng gi\u1eefa c\u00e1c b\u1ec1 m\u1eb7t kim lo\u1ea1i, ng\u0103n ch\u1eb7n s\u1ef1 n\u1edbi l\u1ecfng v\u00e0 r\u00f2 r\u1ec9.<\/li>\n<li><strong>Kho\u1ea3ng h\u1edf l\u1edbn:<\/strong> L\u1ea5p \u0111\u1ea7y kho\u1ea3ng h\u1edf l\u00ean \u0111\u1ebfn 0,5mm (0,020in), gi\u00fap d\u1ec5 d\u00e0ng li\u00ean k\u1ebft c\u00e1c b\u1ec1 m\u1eb7t kh\u00f4ng b\u1eb1ng ph\u1eb3ng.<\/li>\n<li><strong>Kh\u1ea3 n\u0103ng ch\u1ed1ng h\u00f3a ch\u1ea5t:<\/strong> Ch\u1ed1ng ch\u1ecbu t\u1ed1t v\u1edbi h\u1ea7u h\u1ebft c\u00e1c lo\u1ea1i d\u1ea7u, dung m\u00f4i v\u00e0 h\u00f3a ch\u1ea5t.<\/li>\n<li><strong>D\u1ec5 d\u00e0ng s\u1eed d\u1ee5ng:<\/strong> D\u1ea1ng l\u1ecfng thu\u1eadn ti\u1ec7n d\u1ec5 d\u00e0ng thi c\u00f4ng v\u00e0 th\u1eddi gian \u0111\u00f4ng k\u1ebft nhanh.<\/li>\n<\/ul>\n<h3>C\u00e1c \u1ee8ng D\u1ee5ng<\/h3>\n<p>LOCTITE 545 250ML \u0111\u01b0\u1ee3c s\u1eed d\u1ee5ng trong nhi\u1ec1u \u1ee9ng d\u1ee5ng \u0111\u00f2i h\u1ecfi kh\u1ea3 n\u0103ng ch\u1ecbu nhi\u1ec7t cao v\u00e0 \u0111\u1ed9 b\u1ec1n li\u00ean k\u1ebft t\u1ed1i \u01b0u, bao g\u1ed3m:<\/p>\n<ul>\n<li>Li\u00ean k\u1ebft \u1ed5 tr\u1ee5c, b\u00e1nh r\u0103ng v\u00e0 b\u1ea1c \u0111\u1ea1n<\/li>\n<li>L\u1eafp r\u00e1p bu l\u00f4ng v\u00e0 \u0111inh v\u00edt ch\u1ecbu t\u1ea3i n\u1eb7ng<\/li>\n<li>S\u1eeda ch\u1eefa b\u01a1m v\u00e0 van<\/li>\n<li>Ni\u00eam phong b\u1ec1 m\u1eb7t ch\u1ecbu nhi\u1ec7t<\/li>\n<li>B\u1ea3o d\u01b0\u1ee1ng \u00f4 t\u00f4 v\u00e0 h\u00e0ng h\u1ea3i<\/li>\n<\/ul>\n<h3>Th\u00f4ng S\u1ed1 K\u1ef9 Thu\u1eadt<\/h3>\n<table border=\"1\">\n<tbody>\n<tr>\n<th>Lo\u1ea1i s\u1ea3n ph\u1ea9m<\/th>\n<td>Keo d\u00e1n anaerobics ch\u1ecbu nhi\u1ec7t<\/td>\n<\/tr>\n<tr>\n<th>M\u00e0u s\u1eafc<\/th>\n<td>\u0110\u1ecf<\/td>\n<\/tr>\n<tr>\n<th>Th\u1eddi gian \u0111\u00f4ng k\u1ebft<\/th>\n<td>10 \u0111\u1ebfn 30 ph\u00fat<\/td>\n<\/tr>\n<tr>\n<th>Ho\u00e0n to\u00e0n \u0111\u00f4ng k\u1ebft<\/th>\n<td>24 gi\u1edd<\/td>\n<\/tr>\n<tr>\n<th>Kho\u1ea3ng h\u1edf t\u1ed1i \u0111a<\/th>\n<td>0,5mm (0,020in)<\/td>\n<\/tr>\n<tr>\n<th>Nhi\u1ec7t \u0111\u1ed9 ho\u1ea1t \u0111\u1ed9ng<\/th>\n<td>-55\u00b0C \u0111\u1ebfn 200\u00b0C (-67\u00b0F \u0111\u1ebfn 392\u00b0F)<\/td>\n<\/tr>\n<tr>\n<th>Nhi\u1ec7t \u0111\u1ed9 chi\u1ebfu s\u00e1ng<\/th>\n<td>260\u00b0C (500\u00b0F)<\/td>\n<\/tr>\n<\/tbody>\n<\/table>\n<h3>H\u01b0\u1edbng D\u1eabn S\u1eed D\u1ee5ng<\/h3>\n<ol>\n<li>L\u00e0m s\u1ea1ch v\u00e0 lo\u1ea1i b\u1ecf d\u1ea7u m\u1ee1 tr\u00ean c\u00e1c b\u1ec1 m\u1eb7t \u0111\u01b0\u1ee3c li\u00ean k\u1ebft.<\/li>\n<li>Thoa \u0111\u1ec1u keo l\u00ean m\u1ed9t trong c\u00e1c b\u1ec1 m\u1eb7t.<\/li>\n<li>L\u1eafp r\u00e1p c\u00e1c b\u1ed9 ph\u1eadn v\u00e0 gi\u1eef c\u1ed1 \u0111\u1ecbnh trong th\u1eddi gian \u0111\u00f4ng k\u1ebft.<\/li>\n<li>\u0110\u1ec3 keo ho\u00e0n to\u00e0n \u0111\u00f4ng k\u1ebft trong 24 gi\u1edd.<\/li>\n<\/ol>\n<h3>L\u01b0u Tr\u1eef v\u00e0 X\u1eed L\u00fd<\/h3>\n<ul>\n<li>L\u01b0u tr\u1eef s\u1ea3n ph\u1ea9m \u1edf n\u01a1i kh\u00f4 r\u00e1o, tho\u00e1ng m\u00e1t \u1edf nhi\u1ec7t \u0111\u1ed9 t\u1eeb 8\u00b0C \u0111\u1ebfn 28\u00b0C (46\u00b0F \u0111\u1ebfn 82\u00b0F).<\/li>\n<li>Tr\u00e1nh ti\u1ebfp x\u00fac v\u1edbi kh\u00f4ng kh\u00ed v\u00e0 \u0111\u1ed9 \u1ea9m \u0111\u1ec3 ng\u0103n ch\u1eb7n s\u1ef1 l\u01b0u h\u00f3a.<\/li>\n<li>X\u1eed l\u00fd s\u1ea3n ph\u1ea9m ch\u01b0a s\u1eed d\u1ee5ng theo \u0111\u00fang quy \u0111\u1ecbnh c\u1ee7a \u0111\u1ecba ph\u01b0\u01a1ng.<\/li>\n<\/ul>\n<h3>K\u1ebft Lu\u1eadn<\/h3>\n<p>LOCTITE 545 250ML l\u00e0 keo d\u00e1n anaerobics ch\u1ecbu nhi\u1ec7t v\u01b0\u1ee3t tr\u1ed9i l\u00fd t\u01b0\u1edfng cho c\u00e1c \u1ee9ng d\u1ee5ng y\u00eau c\u1ea7u \u0111\u1ed9 b\u1ec1n li\u00ean k\u1ebft cao v\u00e0 kh\u1ea3 n\u0103ng ch\u1ecbu nhi\u1ec7t t\u1ed1i \u01b0u. V\u1eadt li\u1ec7u n\u00e0y d\u1ec5 s\u1eed d\u1ee5ng, cung c\u1ea5p li\u00ean k\u1ebft m\u1ea1nh m\u1ebd v\u00e0 c\u00f3 th\u1ec3 ch\u1ecbu \u0111\u01b0\u1ee3c nhi\u1ec7t \u0111\u1ed9 kh\u1eafc nghi\u1ec7t, l\u00e0m cho n\u00f3 tr\u1edf th\u00e0nh gi\u1ea3i ph\u00e1p tuy\u1ec7t v\u1eddi cho nhi\u1ec1u \u1ee9ng d\u1ee5ng ng\u00e0nh c\u00f4ng nghi\u1ec7p v\u00e0 \u00f4 t\u00f4.<\/p>\n<\/div>\n","protected":false},"excerpt":{"rendered":"<p><strong>T\u00ean sa\u0309n ph\u00e2\u0309m:<\/strong>LOCTITE 545 250ML<br \/>\n<b>Li\u00ean h\u1ec7: 0397433258<\/b><\/p>\n","protected":false},"featured_media":5561,"comment_status":"closed","ping_status":"closed","template":"","meta":[],"product_brand":[],"product_cat":[141],"product_tag":[],"class_list":{"0":"post-5560","1":"product","2":"type-product","3":"status-publish","4":"has-post-thumbnail","6":"product_cat-loctite","8":"first","9":"instock","10":"shipping-taxable","11":"product-type-simple"},"_links":{"self":[{"href":"https:\/\/yenhung.com\/index.php?rest_route=\/wp\/v2\/product\/5560","targetHints":{"allow":["GET"]}}],"collection":[{"href":"https:\/\/yenhung.com\/index.php?rest_route=\/wp\/v2\/product"}],"about":[{"href":"https:\/\/yenhung.com\/index.php?rest_route=\/wp\/v2\/types\/product"}],"replies":[{"embeddable":true,"href":"https:\/\/yenhung.com\/index.php?rest_route=%2Fwp%2Fv2%2Fcomments&post=5560"}],"wp:featuredmedia":[{"embeddable":true,"href":"https:\/\/yenhung.com\/index.php?rest_route=\/wp\/v2\/media\/5561"}],"wp:attachment":[{"href":"https:\/\/yenhung.com\/index.php?rest_route=%2Fwp%2Fv2%2Fmedia&parent=5560"}],"wp:term":[{"taxonomy":"product_brand","embeddable":true,"href":"https:\/\/yenhung.com\/index.php?rest_route=%2Fwp%2Fv2%2Fproduct_brand&post=5560"},{"taxonomy":"product_cat","embeddable":true,"href":"https:\/\/yenhung.com\/index.php?rest_route=%2Fwp%2Fv2%2Fproduct_cat&post=5560"},{"taxonomy":"product_tag","embeddable":true,"href":"https:\/\/yenhung.com\/index.php?rest_route=%2Fwp%2Fv2%2Fproduct_tag&post=5560"}],"curies":[{"name":"wp","href":"https:\/\/api.w.org\/{rel}","templated":true}]}}