{"id":5566,"date":"2025-10-28T02:31:58","date_gmt":"2025-10-28T02:31:58","guid":{"rendered":"https:\/\/yenhung.com\/?product=keo-loctite-603-50ml"},"modified":"2026-02-24T09:27:14","modified_gmt":"2026-02-24T09:27:14","slug":"keo-loctite-603-50ml","status":"publish","type":"product","link":"https:\/\/yenhung.com\/?product=keo-loctite-603-50ml","title":{"rendered":"Keo Loctite 603 50ml"},"content":{"rendered":"<div class=\"ba-text-fpt\">\n<h2><strong>LOCTITE 603 50ml<\/strong><\/h2>\n<p>Keo d\u00e1n \u0111a n\u0103ng \u1ee9ng d\u1ee5ng cho nhi\u1ec1u ng\u00e0nh c\u00f4ng nghi\u1ec7p<\/p>\n<h3>Gi\u1edbi thi\u1ec7u<\/h3>\n<p><img decoding=\"async\" title=\"loctite-603-50ml-a-1753177067638-1\" src=\"https:\/\/yenhung.com\/wp-content\/uploads\/2025\/10\/loctite-603-50ml-a-1753177067638-1.jpg\" alt=\"Loctite 603 50ml\" data-thumb=\"large\" \/><\/p>\n<p>LOCTITE 603 50ml l\u00e0 keo d\u00e1n \u0111a n\u0103ng, c\u01b0\u1eddng \u0111\u1ed9 cao \u0111\u01b0\u1ee3c thi\u1ebft k\u1ebf \u0111\u1ec3 li\u00ean k\u1ebft nhi\u1ec1u lo\u1ea1i v\u1eadt li\u1ec7u trong c\u00e1c \u1ee9ng d\u1ee5ng c\u00f4ng nghi\u1ec7p, bao g\u1ed3m kim lo\u1ea1i, th\u1ee7y tinh, g\u1ed7, nh\u1ef1a v\u00e0 s\u1ee9. V\u1edbi c\u00f4ng th\u1ee9c c\u1ea3i ti\u1ebfn, LOCTITE 603 cung c\u1ea5p \u0111\u1ed9 k\u1ebft d\u00ednh l\u00e2u d\u00e0i, kh\u1ea3 n\u0103ng ch\u1ecbu nhi\u1ec7t \u0111\u1ed9 v\u00e0 h\u00f3a ch\u1ea5t tuy\u1ec7t v\u1eddi, khi\u1ebfn n\u00f3 tr\u1edf th\u00e0nh l\u1ef1a ch\u1ecdn l\u00fd t\u01b0\u1edfng cho nhi\u1ec1u nhu c\u1ea7u d\u00e1n d\u00ednh.<\/p>\n<h3>C\u00e1c t\u00ednh n\u0103ng v\u00e0 l\u1ee3i \u00edch ch\u00ednh<\/h3>\n<ul>\n<li><strong>\u0110\u1ed9 k\u1ebft d\u00ednh cao:<\/strong> T\u1ea1o li\u00ean k\u1ebft ch\u1eafc ch\u1eafn, ch\u1ecbu l\u1ef1c v\u00e0 b\u1ec1n b\u1ec9 gi\u1eefa c\u00e1c lo\u1ea1i v\u1eadt li\u1ec7u kh\u00e1c nhau.<\/li>\n<li><strong>Kh\u1ea3 n\u0103ng ch\u1ecbu nhi\u1ec7t \u0111\u1ed9:<\/strong> C\u00f3 th\u1ec3 duy tr\u00ec \u0111\u1ed9 k\u1ebft d\u00ednh trong ph\u1ea1m vi nhi\u1ec7t \u0111\u1ed9 r\u1ed9ng t\u1eeb -55 \u0111\u1ebfn 150 \u0111\u1ed9 C.<\/li>\n<li><strong>Kh\u1ea3 n\u0103ng ch\u1ecbu h\u00f3a ch\u1ea5t:<\/strong> Ch\u1ed1ng ch\u1ecbu v\u1edbi d\u1ea7u, dung m\u00f4i v\u00e0 c\u00e1c h\u00f3a ch\u1ea5t c\u00f4ng nghi\u1ec7p th\u00f4ng th\u01b0\u1eddng.<\/li>\n<li><strong>Th\u1eddi gian k\u1ebft d\u00ednh nhanh:<\/strong> K\u1ebft d\u00ednh nhanh ch\u00f3ng, gi\u00fap t\u0103ng hi\u1ec7u su\u1ea5t s\u1ea3n xu\u1ea5t.<\/li>\n<li><strong>T\u00ednh linh ho\u1ea1t:<\/strong> Ph\u00f9 h\u1ee3p v\u1edbi nhi\u1ec1u lo\u1ea1i v\u1eadt li\u1ec7u, bao g\u1ed3m c\u1ea3 b\u1ec1 m\u1eb7t b\u00f3ng v\u00e0 nhi\u1ec1u l\u1ed7.<\/li>\n<li><strong>D\u1ec5 s\u1eed d\u1ee5ng:<\/strong> D\u1ec5 d\u00e0ng thi c\u00f4ng b\u1eb1ng c\u00e1ch nh\u1ecf gi\u1ecdt, phun ho\u1eb7c qu\u00e9t.<\/li>\n<li><strong>Tu\u1ed5i th\u1ecd d\u00e0i:<\/strong> Duy tr\u00ec \u0111\u1ed9 k\u1ebft d\u00ednh l\u00e2u d\u00e0i, \u0111\u1ea3m b\u1ea3o \u0111\u1ed9 b\u1ec1n v\u00e0 \u0111\u1ed9 tin c\u1eady c\u1ee7a m\u1ed1i n\u1ed1i.<\/li>\n<\/ul>\n<h3>C\u00e1c \u1ee9ng d\u1ee5ng<\/h3>\n<p><img decoding=\"async\" title=\"loctite-603-50ml-b-1753177066946-1\" src=\"https:\/\/yenhung.com\/wp-content\/uploads\/2025\/10\/loctite-603-50ml-b-1753177066946-1.png\" alt=\"Loctite 603 50ml\" data-thumb=\"large\" \/><\/p>\n<p>LOCTITE 603 50ml \u0111\u01b0\u1ee3c s\u1eed d\u1ee5ng r\u1ed9ng r\u00e3i trong c\u00e1c ng\u00e0nh c\u00f4ng nghi\u1ec7p sau \u0111\u00e2y:<\/p>\n<ul>\n<li><strong>Ch\u1ebf t\u1ea1o m\u00e1y:<\/strong> Li\u00ean k\u1ebft c\u00e1c b\u1ed9 ph\u1eadn m\u00e1y, ni\u00eam phong c\u00e1c kh\u1edbp n\u1ed1i v\u00e0 l\u1eafp r\u00e1p c\u00e1c c\u1ea5u tr\u00fac.<\/li>\n<li><strong>\u00d4 t\u00f4:<\/strong> S\u1eeda ch\u1eefa v\u00e0 b\u1ea3o tr\u00ec c\u00e1c b\u1ed9 ph\u1eadn \u00f4 t\u00f4, bao g\u1ed3m ni\u00eam phong gio\u0103ng, li\u00ean k\u1ebft c\u00e1c t\u1ea5m kim lo\u1ea1i v\u00e0 l\u1eafp r\u00e1p c\u00e1c c\u1ee5m \u0111\u00e8n.<\/li>\n<li><strong>\u0110i\u1ec7n t\u1eed:<\/strong> Li\u00ean k\u1ebft c\u00e1c th\u00e0nh ph\u1ea7n b\u1ea3ng m\u1ea1ch, ni\u00eam phong c\u00e1c m\u1ed1i n\u1ed1i v\u00e0 c\u1ed1 \u0111\u1ecbnh c\u00e1c linh ki\u1ec7n.<\/li>\n<li><strong>Ng\u00e0nh h\u00e0ng kh\u00f4ng v\u0169 tr\u1ee5:<\/strong> S\u1eeda ch\u1eefa v\u00e0 b\u1ea3o tr\u00ec c\u00e1c b\u1ed9 ph\u1eadn m\u00e1y bay, ni\u00eam phong c\u00e1c \u0111\u01b0\u1eddng \u1ed1ng v\u00e0 l\u1eafp r\u00e1p c\u00e1c c\u1ea5u tr\u00fac.<\/li>\n<li><strong>S\u1eeda ch\u1eefa nh\u00e0:<\/strong> Li\u00ean k\u1ebft c\u00e1c v\u1eadt li\u1ec7u x\u00e2y d\u1ef1ng, l\u1eafp \u0111\u1eb7t \u0111\u1ed3 \u0111\u1ea1c v\u00e0 s\u1eeda ch\u1eefa c\u00e1c thi\u1ebft b\u1ecb gia d\u1ee5ng.<\/li>\n<\/ul>\n<h3>H\u01b0\u1edbng d\u1eabn s\u1eed d\u1ee5ng<\/h3>\n<ol>\n<li><strong>Chu\u1ea9n b\u1ecb b\u1ec1 m\u1eb7t:<\/strong> L\u00e0m s\u1ea1ch v\u00e0 lau kh\u00f4 c\u00e1c b\u1ec1 m\u1eb7t c\u1ea7n d\u00e1n \u0111\u1ec3 \u0111\u1ea3m b\u1ea3o \u0111\u1ed9 k\u1ebft d\u00ednh t\u1ed1i \u01b0u.<\/li>\n<li><strong>Thi c\u00f4ng keo d\u00e1n:<\/strong> Nh\u1ecf gi\u1ecdt ho\u1eb7c qu\u00e9t m\u1ed9t l\u01b0\u1ee3ng nh\u1ecf LOCTITE 603 l\u00ean m\u1ed9t trong c\u00e1c b\u1ec1 m\u1eb7t.<\/li>\n<li><strong>L\u1eafp r\u00e1p:<\/strong> G\u1eafn c\u00e1c b\u1ec1 m\u1eb7t v\u00e0 gi\u1eef ch\u1eb7t trong th\u1eddi gian quy \u0111\u1ecbnh (tham kh\u1ea3o b\u1ea3ng d\u1eef li\u1ec7u k\u1ef9 thu\u1eadt).<\/li>\n<li><strong>L\u00e0m s\u1ea1ch:<\/strong> Lau s\u1ea1ch keo d\u00e1n th\u1eeba b\u1eb1ng dung m\u00f4i ph\u00f9 h\u1ee3p.<\/li>\n<\/ol>\n<h3>Th\u00f4ng s\u1ed1 k\u1ef9 thu\u1eadt<\/h3>\n<p><img decoding=\"async\" title=\"loctite-603-50ml-c-1753177066283-1\" src=\"https:\/\/yenhung.com\/wp-content\/uploads\/2025\/10\/loctite-603-50ml-c-1753177066283-1.png\" data-thumb=\"large\" \/><\/p>\n<ul>\n<li><strong>Dung t\u00edch:<\/strong> 50ml<\/li>\n<li><strong>G\u1ed1c h\u00f3a h\u1ecdc:<\/strong> Acrylate<\/li>\n<li><strong>M\u00e0u s\u1eafc:<\/strong> \u0110\u1ecf<\/li>\n<li><strong>\u0110\u1ed9 nh\u1edbt:<\/strong> 120-160 mPa\u00b7s<\/li>\n<li><strong>Th\u1eddi gian k\u1ebft d\u00ednh ban \u0111\u1ea7u:<\/strong> 5-15 ph\u00fat<\/li>\n<li><strong>\u0110\u1ed9 b\u1ec1n k\u00e9o:<\/strong> 20-25 N\/mm\u00b2<\/li>\n<li><strong>Nhi\u1ec7t \u0111\u1ed9 ho\u1ea1t \u0111\u1ed9ng:<\/strong> -55 \u0111\u1ebfn 150 \u0111\u1ed9 C<\/li>\n<\/ul>\n<h3>K\u1ebft lu\u1eadn<\/h3>\n<p>LOCTITE 603 50ml l\u00e0 keo d\u00e1n \u0111a n\u0103ng, hi\u1ec7u su\u1ea5t cao \u0111\u00e1p \u1ee9ng nhu c\u1ea7u d\u00e1n d\u00ednh trong nhi\u1ec1u ng\u00e0nh c\u00f4ng nghi\u1ec7p. V\u1edbi \u0111\u1ed9 k\u1ebft d\u00ednh cao, kh\u1ea3 n\u0103ng ch\u1ecbu nhi\u1ec7t \u0111\u1ed9 v\u00e0 h\u00f3a ch\u1ea5t tuy\u1ec7t v\u1eddi, c\u00f9ng th\u1eddi gian k\u1ebft d\u00ednh nhanh ch\u00f3ng, LOCTITE 603 l\u00e0 s\u1ef1 l\u1ef1a ch\u1ecdn l\u00fd t\u01b0\u1edfng \u0111\u1ec3 li\u00ean k\u1ebft b\u1ec1n ch\u1eafc c\u00e1c lo\u1ea1i v\u1eadt li\u1ec7u kh\u00e1c nhau. Cho d\u00f9 b\u1ea1n \u0111ang s\u1eeda ch\u1eefa m\u00e1y m\u00f3c, l\u1eafp r\u00e1p c\u00e1c s\u1ea3n ph\u1ea9m \u0111i\u1ec7n t\u1eed hay ch\u1ec9 c\u1ea7n c\u1ed1 \u0111\u1ecbnh c\u00e1c \u0111\u1ed3 v\u1eadt gia d\u1ee5ng, LOCTITE 603 50ml cung c\u1ea5p \u0111\u1ed9 k\u1ebft d\u00ednh \u0111\u00e1ng tin c\u1eady v\u00e0 l\u00e2u d\u00e0i.<\/p>\n<p>&nbsp;<\/p>\n<\/div>\n","protected":false},"excerpt":{"rendered":"<p><strong>T\u00ean sa\u0309n ph\u00e2\u0309m:<\/strong>LOCTITE 603 50ml<br \/>\n<b>Li\u00ean h\u1ec7: 0397433258<\/b><\/p>\n","protected":false},"featured_media":5567,"comment_status":"closed","ping_status":"closed","template":"","meta":[],"product_brand":[],"product_cat":[141],"product_tag":[],"class_list":{"0":"post-5566","1":"product","2":"type-product","3":"status-publish","4":"has-post-thumbnail","6":"product_cat-loctite","8":"first","9":"instock","10":"shipping-taxable","11":"product-type-simple"},"_links":{"self":[{"href":"https:\/\/yenhung.com\/index.php?rest_route=\/wp\/v2\/product\/5566","targetHints":{"allow":["GET"]}}],"collection":[{"href":"https:\/\/yenhung.com\/index.php?rest_route=\/wp\/v2\/product"}],"about":[{"href":"https:\/\/yenhung.com\/index.php?rest_route=\/wp\/v2\/types\/product"}],"replies":[{"embeddable":true,"href":"https:\/\/yenhung.com\/index.php?rest_route=%2Fwp%2Fv2%2Fcomments&post=5566"}],"wp:featuredmedia":[{"embeddable":true,"href":"https:\/\/yenhung.com\/index.php?rest_route=\/wp\/v2\/media\/5567"}],"wp:attachment":[{"href":"https:\/\/yenhung.com\/index.php?rest_route=%2Fwp%2Fv2%2Fmedia&parent=5566"}],"wp:term":[{"taxonomy":"product_brand","embeddable":true,"href":"https:\/\/yenhung.com\/index.php?rest_route=%2Fwp%2Fv2%2Fproduct_brand&post=5566"},{"taxonomy":"product_cat","embeddable":true,"href":"https:\/\/yenhung.com\/index.php?rest_route=%2Fwp%2Fv2%2Fproduct_cat&post=5566"},{"taxonomy":"product_tag","embeddable":true,"href":"https:\/\/yenhung.com\/index.php?rest_route=%2Fwp%2Fv2%2Fproduct_tag&post=5566"}],"curies":[{"name":"wp","href":"https:\/\/api.w.org\/{rel}","templated":true}]}}