{"id":5575,"date":"2025-10-28T02:32:05","date_gmt":"2025-10-28T02:32:05","guid":{"rendered":"https:\/\/yenhung.com\/?product=keo-loctite-569-250ml"},"modified":"2026-02-24T09:26:52","modified_gmt":"2026-02-24T09:26:52","slug":"keo-loctite-569-250ml","status":"publish","type":"product","link":"https:\/\/yenhung.com\/?product=keo-loctite-569-250ml","title":{"rendered":"Keo Loctite 569 250ml"},"content":{"rendered":"<div class=\"ba-text-fpt\">\n<p>&nbsp;<\/p>\n<h2><strong>LOCTITE 569 250ML<\/strong><\/h2>\n<p>\u0110\u00e2y l\u00e0 m\u1ed9t lo\u1ea1i keo l\u00e0m k\u00edn ren k\u1ef5 kh\u00ed (anaerobic thread sealant) chuy\u00ean d\u1ee5ng c\u1ee7a Henkel, \u0111\u01b0\u1ee3c thi\u1ebft k\u1ebf \u0111\u1ec3 kh\u00f3a v\u00e0 l\u00e0m k\u00edn c\u00e1c m\u1ed1i n\u1ed1i ren kim lo\u1ea1i.Loctite 569 l\u00e0 m\u1ed9t h\u1ee3p ch\u1ea5t l\u00e0m k\u00edn ren d\u1ea1ng l\u1ecfng, m\u00e0u <b>n\u00e2u<\/b>, \u0111\u01b0\u1ee3c thi\u1ebft k\u1ebf \u0111\u1ec3 \u0111\u00f3ng r\u1eafn khi n\u1eb1m gi\u1eefa c\u00e1c b\u1ec1 m\u1eb7t kim lo\u1ea1i kh\u00edt nhau trong m\u00f4i tr\u01b0\u1eddng kh\u00f4ng c\u00f3 kh\u00f4ng kh\u00ed (k\u1ef5 kh\u00ed). S\u1ea3n ph\u1ea9m n\u00e0y \u0111\u1eb7c bi\u1ec7t hi\u1ec7u qu\u1ea3 trong vi\u1ec7c ng\u0103n ch\u1eb7n s\u1ef1 r\u00f2 r\u1ec9 v\u00e0 n\u1edbi l\u1ecfng m\u1ed1i n\u1ed1i do s\u1ed1c v\u00e0 rung \u0111\u1ed9ng, th\u01b0\u1eddng \u0111\u01b0\u1ee3c d\u00f9ng cho c\u00e1c h\u1ec7 th\u1ed1ng th\u1ee7y l\u1ef1c v\u00e0 kh\u00ed n\u00e9n.<\/p>\n<h3><b>\u0110\u1eb7c \u0111i\u1ec3m n\u1ed5i b\u1eadt c\u1ee7a Loctite 569 (250ml)<\/b><\/h3>\n<p><img decoding=\"async\" title=\"loctite-569-250ml-a-1753177332973-1\" src=\"https:\/\/yenhung.com\/wp-content\/uploads\/2025\/10\/loctite-569-250ml-a-1753177332973-1.jpg\" alt=\"LOCTITE 569 250ML\" data-thumb=\"large\" \/><\/p>\n<ul>\n<li><b>L\u00e0m k\u00edn v\u00e0 kh\u00f3a ren kim lo\u1ea1i:<\/b> Loctite 569 chuy\u00ean d\u00f9ng \u0111\u1ec3 kh\u00f3a v\u00e0 l\u00e0m k\u00edn c\u00e1c \u0111\u01b0\u1eddng \u1ed1ng v\u00e0 ph\u1ee5 ki\u1ec7n kim lo\u1ea1i c\u00f3 ren, \u0111\u1eb7c bi\u1ec7t l\u00e0 c\u00e1c ren m\u1ecbn trong h\u1ec7 th\u1ed1ng th\u1ee7y l\u1ef1c v\u00e0 kh\u00ed n\u00e9n.<b>Ng\u0103n ng\u1eeba r\u00f2 r\u1ec9 v\u00e0 n\u1edbi l\u1ecfng:<\/b> Keo \u0111\u00f3ng r\u1eafn t\u1ea1o th\u00e0nh m\u1ed9t li\u00ean k\u1ebft ch\u1eafc ch\u1eafn, gi\u00fap ch\u1ed1ng l\u1ea1i s\u1ef1 l\u1ecfng l\u1ebbo v\u00e0 r\u00f2 r\u1ec9 do rung \u0111\u1ed9ng v\u00e0 s\u1ed1c.<\/li>\n<li><b>\u0110\u1ed9 b\u1ec1n th\u1ea5p:<\/b> M\u1eb7c d\u00f9 l\u00e0 keo kh\u00f3a ren, Loctite 569 th\u01b0\u1eddng \u0111\u01b0\u1ee3c ph\u00e2n lo\u1ea1i l\u00e0 c\u00f3 <b>\u0111\u1ed9 b\u1ec1n th\u1ea5p<\/b> ho\u1eb7c <b>trung b\u00ecnh<\/b> khi th\u00e1o g\u1ee1. \u0110i\u1ec1u n\u00e0y cho ph\u00e9p th\u00e1o r\u1eddi m\u1ed1i n\u1ed1i d\u1ec5 d\u00e0ng b\u1eb1ng d\u1ee5ng c\u1ee5 c\u1ea7m tay th\u00f4ng th\u01b0\u1eddng khi c\u1ea7n b\u1ea3o tr\u00ec, s\u1eeda ch\u1eefa.<\/li>\n<li><b>\u0110\u1ed9 nh\u1edbt th\u1ea5p:<\/b> D\u1ea1ng l\u1ecfng gi\u00fap keo d\u1ec5 d\u00e0ng th\u1ea9m th\u1ea5u v\u00e0 \u0111i\u1ec1n \u0111\u1ea7y c\u00e1c khe h\u1edf nh\u1ecf nh\u1ea5t trong ren.<\/li>\n<li><img decoding=\"async\" title=\"loctite-569-250ml-c-1753177332128-1\" src=\"https:\/\/yenhung.com\/wp-content\/uploads\/2025\/10\/loctite-569-250ml-c-1753177332128-1.jpg\" alt=\"LOCTITE 569 250ML\" data-thumb=\"large\" \/><\/li>\n<li><b>Kh\u00f4ng ch\u1ee9a dung m\u00f4i:<\/b> S\u1ea3n ph\u1ea9m kh\u00f4ng ch\u1ee9a dung m\u00f4i d\u1ec5 bay h\u01a1i, gi\u1ea3m nguy c\u01a1 co ng\u00f3t sau khi \u0111\u00f3ng r\u1eafn v\u00e0 \u0111\u1ea3m b\u1ea3o \u0111\u1ed9 k\u00edn \u1ed5n \u0111\u1ecbnh.<\/li>\n<li><b>Ch\u1ecbu nhi\u1ec7t \u0111\u1ed9 r\u1ed9ng:<\/b> Ho\u1ea1t \u0111\u1ed9ng hi\u1ec7u qu\u1ea3 trong d\u1ea3i nhi\u1ec7t \u0111\u1ed9 t\u1eeb <b>\u221255\u2218C \u0111\u1ebfn +150\u2218C<\/b> (ho\u1eb7c l\u00ean \u0111\u1ebfn 302\u2218F).<\/li>\n<li><b>Ch\u1ed1ng \u0103n m\u00f2n:<\/b> L\u1edbp keo kh\u00f4 gi\u00fap b\u1ea3o v\u1ec7 c\u00e1c m\u1ed1i n\u1ed1i ren kh\u1ecfi b\u1ecb r\u1ec9 s\u00e9t v\u00e0 \u0103n m\u00f2n.<\/li>\n<li><b>Th\u1eddi gian \u0111\u00f3ng r\u1eafn:<\/b> Th\u1eddi gian \u0111\u00f3ng r\u1eafn ban \u0111\u1ea7u kh\u00e1 nhanh, gi\u00fap c\u1ed1 \u0111\u1ecbnh m\u1ed1i n\u1ed1i. \u0110\u1ec3 \u0111\u1ea1t \u0111\u1ed9 b\u1ec1n ho\u00e0n to\u00e0n, c\u1ea7n kho\u1ea3ng 24 gi\u1edd.<\/li>\n<li><b>\u0110\u01b0\u1ee3c ch\u1ee9ng nh\u1eadn an to\u00e0n:<\/b> \u0110\u01b0\u1ee3c Hi\u1ec7p h\u1ed9i Kh\u00ed \u0111\u1ed1t \u00dac (Australian Gas Association) ph\u00ea duy\u1ec7t (Ch\u1ee9ng nh\u1eadn s\u1ed1 3375, \u00e1p su\u1ea5t l\u00e0m vi\u1ec7c \u0111\u1ecbnh m\u1ee9c c\u1ea5p III 2000 KPa, nhi\u1ec7t \u0111\u1ed9 l\u00e0m vi\u1ec7c \u221210\u2218C \u0111\u1ebfn +150\u2218C). C\u00f3 th\u1ec3 c\u00f3 c\u00e1c ch\u1ee9ng nh\u1eadn kh\u00e1c nh\u01b0 CFIA (C\u01a1 quan Ki\u1ec3m so\u00e1t Th\u1ef1c ph\u1ea9m Canada) t\u00f9y phi\u00ean b\u1ea3n v\u00e0 th\u1ecb tr\u01b0\u1eddng<br \/>\n<h3><b>\u1ee8ng d\u1ee5ng ph\u1ed5 bi\u1ebfn c\u1ee7a Loctite 569<\/b><\/h3>\n<p><img decoding=\"async\" title=\"loctite-569-250ml-b-1753177332646-1\" src=\"https:\/\/yenhung.com\/wp-content\/uploads\/2025\/10\/loctite-569-250ml-b-1753177332646-1.jpg\" alt=\"LOCTITE 569 250ML\" data-thumb=\"large\" \/><\/p>\n<p>Loctite 569 l\u00e0 l\u1ef1a ch\u1ecdn l\u00fd t\u01b0\u1edfng cho nhi\u1ec1u \u1ee9ng d\u1ee5ng l\u00e0m k\u00edn ren kim lo\u1ea1i, \u0111\u1eb7c bi\u1ec7t l\u00e0 nh\u1eefng n\u01a1i c\u1ea7n kh\u1ea3 n\u0103ng th\u00e1o g\u1ee1 sau n\u00e0y:<\/li>\n<li><b>H\u1ec7 th\u1ed1ng th\u1ee7y l\u1ef1c v\u00e0 kh\u00ed n\u00e9n:<\/b> Chuy\u00ean d\u00f9ng \u0111\u1ec3 l\u00e0m k\u00edn c\u00e1c m\u1ed1i n\u1ed1i ren trong c\u00e1c thi\u1ebft b\u1ecb v\u00e0 \u0111\u01b0\u1eddng \u1ed1ng c\u1ee7a h\u1ec7 th\u1ed1ng th\u1ee7y l\u1ef1c v\u00e0 kh\u00ed n\u00e9n, n\u01a1i \u00e1p su\u1ea5t cao v\u00e0 rung \u0111\u1ed9ng l\u00e0 ph\u1ed5 bi\u1ebfn.<b>Ni\u00eam phong m\u1eb7t b\u00edch v\u00e0 \u0111\u01b0\u1eddng gh\u00e9p:<\/b> S\u1eed d\u1ee5ng \u0111\u1ec3 b\u1ecbt k\u00edn c\u00e1c m\u1eb7t b\u00edch v\u00e0 \u0111\u01b0\u1eddng gh\u00e9p kim lo\u1ea1i.<\/li>\n<li><b>Gh\u00e9p tr\u1ee5c v\u00e0 \u1ed5 bi:<\/b> Trong m\u1ed9t s\u1ed1 \u1ee9ng d\u1ee5ng \u0111\u1eb7c bi\u1ec7t, c\u00f3 th\u1ec3 d\u00f9ng cho vi\u1ec7c gh\u00e9p tr\u1ee5c v\u00e0 \u1ed5 bi n\u1ebfu c\u1ea7n \u0111\u1ed9 b\u1ec1n th\u00e1o g\u1ee1 th\u1ea5p.<\/li>\n<li><b>S\u1eeda ch\u1eefa m\u00e1y b\u01a1m v\u00e0 van:<\/b> Th\u00edch h\u1ee3p \u0111\u1ec3 l\u00e0m k\u00edn c\u00e1c m\u1ed1i n\u1ed1i ren tr\u00ean m\u00e1y b\u01a1m v\u00e0 van.<\/li>\n<li><b>Gi\u1ea3m ti\u1ebfng \u1ed3n v\u00e0 rung \u0111\u1ed9ng:<\/b> B\u1eb1ng c\u00e1ch \u0111i\u1ec1n \u0111\u1ea7y c\u00e1c khe h\u1edf, keo gi\u00fap gi\u1ea3m ti\u1ebfng \u1ed3n v\u00e0 rung \u0111\u1ed9ng truy\u1ec1n qua m\u1ed1i n\u1ed1i.<\/li>\n<\/ul>\n<\/div>\n","protected":false},"excerpt":{"rendered":"<p><strong>T\u00ean sa\u0309n ph\u00e2\u0309m:<\/strong>LOCTITE 569 250ML<br \/>\n<b>Li\u00ean h\u1ec7: 0397433258<\/b><\/p>\n","protected":false},"featured_media":5576,"comment_status":"closed","ping_status":"closed","template":"","meta":[],"product_brand":[],"product_cat":[141],"product_tag":[],"class_list":{"0":"post-5575","1":"product","2":"type-product","3":"status-publish","4":"has-post-thumbnail","6":"product_cat-loctite","8":"first","9":"instock","10":"shipping-taxable","11":"product-type-simple"},"_links":{"self":[{"href":"https:\/\/yenhung.com\/index.php?rest_route=\/wp\/v2\/product\/5575","targetHints":{"allow":["GET"]}}],"collection":[{"href":"https:\/\/yenhung.com\/index.php?rest_route=\/wp\/v2\/product"}],"about":[{"href":"https:\/\/yenhung.com\/index.php?rest_route=\/wp\/v2\/types\/product"}],"replies":[{"embeddable":true,"href":"https:\/\/yenhung.com\/index.php?rest_route=%2Fwp%2Fv2%2Fcomments&post=5575"}],"wp:featuredmedia":[{"embeddable":true,"href":"https:\/\/yenhung.com\/index.php?rest_route=\/wp\/v2\/media\/5576"}],"wp:attachment":[{"href":"https:\/\/yenhung.com\/index.php?rest_route=%2Fwp%2Fv2%2Fmedia&parent=5575"}],"wp:term":[{"taxonomy":"product_brand","embeddable":true,"href":"https:\/\/yenhung.com\/index.php?rest_route=%2Fwp%2Fv2%2Fproduct_brand&post=5575"},{"taxonomy":"product_cat","embeddable":true,"href":"https:\/\/yenhung.com\/index.php?rest_route=%2Fwp%2Fv2%2Fproduct_cat&post=5575"},{"taxonomy":"product_tag","embeddable":true,"href":"https:\/\/yenhung.com\/index.php?rest_route=%2Fwp%2Fv2%2Fproduct_tag&post=5575"}],"curies":[{"name":"wp","href":"https:\/\/api.w.org\/{rel}","templated":true}]}}