{"id":5584,"date":"2025-10-28T02:32:17","date_gmt":"2025-10-28T02:32:17","guid":{"rendered":"https:\/\/yenhung.com\/?product=day-lam-kin-ren-loctite-55-160m"},"modified":"2026-02-24T09:24:38","modified_gmt":"2026-02-24T09:24:38","slug":"day-lam-kin-ren-loctite-55-160m","status":"publish","type":"product","link":"https:\/\/yenhung.com\/?product=day-lam-kin-ren-loctite-55-160m","title":{"rendered":"D\u00e2y l\u00e0m k\u00edn ren Loctite 55-160m"},"content":{"rendered":"<div class=\"ba-text-fpt\">\n<h2><strong>LOCTITE 55 150M<\/strong><\/h2>\n<p><b>Loctite 55 Pipe Sealing Cord<\/b> l\u00e0 m\u1ed9t lo\u1ea1i <b>d\u00e2y l\u00e0m k\u00edn ren \u0111a n\u0103ng<\/b> \u0111\u00e3 \u0111\u01b0\u1ee3c ph\u1ee7 m\u1ed9t l\u1edbp h\u1ee3p ch\u1ea5t d\u00e1n \u0111\u1eb7c bi\u1ec7t. S\u1ea3n ph\u1ea9m n\u00e0y \u0111\u01b0\u1ee3c thi\u1ebft k\u1ebf \u0111\u1ec3 l\u00e0m k\u00edn c\u00e1c m\u1ed1i n\u1ed1i ren c\u1ea3 b\u1eb1ng kim lo\u1ea1i v\u00e0 nh\u1ef1a. N\u00f3 \u0111\u00f3ng vai tr\u00f2 l\u00e0 m\u1ed9t gi\u1ea3i ph\u00e1p thay th\u1ebf hi\u1ec7n \u0111\u1ea1i v\u00e0 hi\u1ec7u qu\u1ea3 cho c\u00e1c v\u1eadt li\u1ec7u l\u00e0m k\u00edn ren truy\u1ec1n th\u1ed1ng nh\u01b0 b\u0103ng tan PTFE (Teflon tape) hay s\u1ee3i lanh v\u00e0 b\u1ed9t nh\u00e3o, mang l\u1ea1i s\u1ef1 ti\u1ec7n l\u1ee3i, s\u1ea1ch s\u1ebd v\u00e0 t\u1ed1c \u0111\u1ed9 thi c\u00f4ng v\u01b0\u1ee3t tr\u1ed9i.Cu\u1ed9n d\u00e2y d\u00e0i <b>150 m\u00e9t<\/b> \u0111\u1eb7c bi\u1ec7t ph\u00f9 h\u1ee3p cho c\u00e1c d\u1ef1 \u00e1n l\u1edbn ho\u1eb7c c\u00e1c \u1ee9ng d\u1ee5ng th\u01b0\u1eddng xuy\u00ean, gi\u00fap k\u00e9o d\u00e0i th\u1eddi gian s\u1eed d\u1ee5ng tr\u01b0\u1edbc khi c\u1ea7n thay th\u1ebf cu\u1ed9n m\u1edbi.<\/p>\n<h3><b>\u0110\u1eb7c \u0111i\u1ec3m n\u1ed5i b\u1eadt c\u1ee7a Loctite 55 (150m)<\/b><\/h3>\n<p><img decoding=\"async\" title=\"loctite-55-150m-a-jpeg-1753239349762-1\" src=\"https:\/\/yenhung.com\/wp-content\/uploads\/2025\/10\/loctite-55-150m-a-jpeg-1753239349762-1.jpg\" alt=\"Loctite 55 150m\" data-thumb=\"large\" \/><\/p>\n<ul>\n<li><b>L\u00e0m k\u00edn t\u1ee9c th\u00ec v\u00e0 ch\u1ecbu \u00e1p su\u1ea5t \u0111\u1ea7y \u0111\u1ee7:<\/b> M\u1ed9t trong nh\u1eefng \u01b0u \u0111i\u1ec3m n\u1ed5i b\u1eadt nh\u1ea5t l\u00e0 kh\u1ea3 n\u0103ng l\u00e0m k\u00edn ngay l\u1eadp t\u1ee9c sau khi qu\u1ea5n v\u00e0 si\u1ebft ch\u1eb7t, cho ph\u00e9p h\u1ec7 th\u1ed1ng ch\u1ecbu \u0111\u01b0\u1ee3c \u00e1p su\u1ea5t \u0111\u1ea7y \u0111\u1ee7 m\u00e0 kh\u00f4ng c\u1ea7n th\u1eddi gian ch\u1edd \u0111\u00f3ng r\u1eafn.<b>\u0110a n\u0103ng tr\u00ean nhi\u1ec1u v\u1eadt li\u1ec7u:<\/b> Hi\u1ec7u qu\u1ea3 tr\u00ean c\u1ea3 <b>ren kim lo\u1ea1i v\u00e0 ren nh\u1ef1a<\/b>, c\u00f3 th\u1ec3 d\u00f9ng cho c\u00e1c \u0111\u01b0\u1eddng \u1ed1ng c\u00f3 k\u00edch th\u01b0\u1edbc l\u00ean \u0111\u1ebfn 4 inch NPT (National Pipe Thread).<\/li>\n<li><b>Thao t\u00e1c nhanh ch\u00f3ng v\u00e0 s\u1ea1ch s\u1ebd:<\/b> D\u1ea1ng d\u00e2y d\u1ec5 d\u00e0ng qu\u1ea5n quanh ren t\u1eeb h\u1ed9p \u0111\u1ef1ng t\u00edch h\u1ee3p s\u1eb5n dao c\u1eaft, gi\u00fap thao t\u00e1c nhanh h\u01a1n \u0111\u1ebfn 50% so v\u1edbi b\u0103ng tan ho\u1eb7c lanh truy\u1ec1n th\u1ed1ng. Qu\u00e1 tr\u00ecnh n\u00e0y c\u0169ng kh\u00f4ng g\u00e2y b\u1ea9n tay hay c\u1ea7n d\u1ee5ng c\u1ee5 v\u1ec7 sinh ph\u1ee9c t\u1ea1p.<\/li>\n<li><b>Cho ph\u00e9p \u0111i\u1ec1u ch\u1ec9nh m\u1ed1i n\u1ed1i:<\/b> Sau khi si\u1ebft ch\u1eb7t, m\u1ed1i n\u1ed1i v\u1eabn c\u00f3 th\u1ec3 \u0111\u01b0\u1ee3c \u0111i\u1ec1u ch\u1ec9nh (n\u1edbi l\u1ecfng nh\u1eb9) l\u00ean \u0111\u1ebfn 45 \u0111\u1ed9 m\u00e0 v\u1eabn duy tr\u00ec \u0111\u1ed9 k\u00edn, r\u1ea5t h\u1eefu \u00edch trong qu\u00e1 tr\u00ecnh l\u1eafp \u0111\u1eb7t v\u00e0 c\u0103n ch\u1ec9nh.<\/li>\n<li><b>Ch\u1ed1ng rung \u0111\u1ed9ng v\u00e0 n\u1edbi l\u1ecfng:<\/b> Gi\u00fap gi\u1eef ch\u1eb7t m\u1ed1i n\u1ed1i v\u00e0 ch\u1ed1ng l\u1ea1i s\u1ef1 n\u1edbi l\u1ecfng do rung \u0111\u1ed9ng, \u0111\u1ea3m b\u1ea3o \u0111\u1ed9 b\u1ec1n v\u00e0 an to\u00e0n cho h\u1ec7 th\u1ed1ng.<\/li>\n<li><b>Ph\u1ea1m vi nhi\u1ec7t \u0111\u1ed9 ho\u1ea1t \u0111\u1ed9ng r\u1ed9ng:<\/b> Duy tr\u00ec hi\u1ec7u qu\u1ea3 l\u00e0m k\u00edn trong d\u1ea3i nhi\u1ec7t \u0111\u1ed9 t\u1eeb <b>\u221255\u2218C \u0111\u1ebfn +150\u2218C<\/b>.<\/li>\n<li>\n<ul>\n<li><b>DVGW\/KTW:<\/b> Ch\u1ea5p thu\u1eadn cho h\u1ec7 th\u1ed1ng gas v\u00e0 n\u01b0\u1edbc u\u1ed1ng.\n<p><b>Ch\u1ee9ng nh\u1eadn an to\u00e0n \u0111a d\u1ea1ng:<\/b><b style=\"font-size: 14.4px;\">NSF\/ANSI Standard 61:<\/b><span style=\"font-size: 14.4px;\"> \u0110\u01b0\u1ee3c ch\u1ee9ng nh\u1eadn cho n\u01b0\u1edbc u\u1ed1ng, \u0111\u1ea3m b\u1ea3o an to\u00e0n v\u1ec7 sinh.<\/span><\/li>\n<li>\n<ul>\n<li><b>WRAS:<\/b> \u0110\u00e1p \u1ee9ng BS 6920 cho n\u01b0\u1edbc u\u1ed1ng.<\/li>\n<li><b>KIWA GASTEC QA AR 214:<\/b> Ch\u1ee9ng nh\u1eadn cho h\u1ec7 th\u1ed1ng kh\u00ed hydro.&nbsp;<br \/>\n<h3><b>\u1ee8ng d\u1ee5ng ph\u1ed5 bi\u1ebfn c\u1ee7a Loctite 55<\/b><\/h3>\n<p><img decoding=\"async\" title=\"loctite-55-150m-b-1753239349366-1\" src=\"https:\/\/yenhung.com\/wp-content\/uploads\/2025\/10\/loctite-55-150m-b-1753239349366-1.jpg\" alt=\"Loctite 55 150m\" data-thumb=\"large\" \/><\/p>\n<p>Loctite 55 (150m) l\u00e0 l\u1ef1a ch\u1ecdn l\u00fd t\u01b0\u1edfng cho c\u00e1c \u1ee9ng d\u1ee5ng l\u00e0m k\u00edn ren trong nhi\u1ec1u ng\u00e0nh, \u0111\u1eb7c bi\u1ec7t l\u00e0 nh\u1eefng n\u01a1i c\u1ea7n hi\u1ec7u su\u1ea5t cao v\u00e0 s\u1ef1 ti\u1ec7n l\u1ee3i:<\/li>\n<li><b>H\u1ec7 th\u1ed1ng \u0111\u01b0\u1eddng \u1ed1ng n\u01b0\u1edbc:<\/b> S\u1eed d\u1ee5ng r\u1ed9ng r\u00e3i cho c\u00e1c m\u1ed1i n\u1ed1i \u1ed1ng n\u01b0\u1edbc sinh ho\u1ea1t, c\u00f4ng nghi\u1ec7p, h\u1ec7 th\u1ed1ng s\u01b0\u1edfi \u1ea5m v\u00e0 \u0111\u1eb7c bi\u1ec7t l\u00e0 h\u1ec7 th\u1ed1ng \u1ed1ng n\u01b0\u1edbc u\u1ed1ng do c\u00e1c ch\u1ee9ng nh\u1eadn an to\u00e0n.<\/li>\n<li><b>H\u1ec7 th\u1ed1ng gas:<\/b> L\u00e0m k\u00edn c\u00e1c m\u1ed1i n\u1ed1i ren trong \u0111\u01b0\u1eddng \u1ed1ng d\u1eabn gas, \u0111\u1ea3m b\u1ea3o an to\u00e0n ch\u00e1y n\u1ed5.<\/li>\n<li><b>H\u1ec7 th\u1ed1ng kh\u00ed n\u00e9n v\u00e0 th\u1ee7y l\u1ef1c:<\/b> \u0110\u1ea3m b\u1ea3o \u0111\u1ed9 k\u00edn kh\u00ed v\u00e0 ch\u1ea5t l\u1ecfng cho c\u00e1c m\u1ed1i n\u1ed1i ren trong h\u1ec7 th\u1ed1ng kh\u00ed n\u00e9n v\u00e0 th\u1ee7y l\u1ef1c.<\/li>\n<li><b>L\u1eafp \u0111\u1eb7t thi\u1ebft b\u1ecb HVAC:<\/b> D\u00f9ng cho c\u00e1c h\u1ec7 th\u1ed1ng s\u01b0\u1edfi, th\u00f4ng gi\u00f3, v\u00e0 \u0111i\u1ec1u h\u00f2a kh\u00f4ng kh\u00ed.<\/li>\n<li><b>\u1ee8ng d\u1ee5ng c\u00f4ng nghi\u1ec7p kh\u00e1c:<\/b> L\u00e0m k\u00edn c\u00e1c m\u1ed1i n\u1ed1i ren trong m\u00e1y m\u00f3c, thi\u1ebft b\u1ecb, n\u01a1i c\u1ea7n l\u1eafp r\u00e1p nhanh ch\u00f3ng v\u00e0 c\u00f3 kh\u1ea3 n\u0103ng \u0111i\u1ec1u ch\u1ec9nh sau \u0111\u00f3.\n<p style=\"margin-bottom: 11px;\"><span style=\"font-size: 11pt;\"><span style=\"line-height: normal;\"><span style=\"font-family: Calibri,sans-serif;\"><b><span style=\"font-size: 13.5pt;\"><span style=\"font-family: 'Times New Roman',serif;\">Th\u00f4ng s\u1ed1 k\u1ef9 thu\u1eadt ti\u00eau bi\u1ec3u<\/span><\/span><\/b><\/span><\/span><\/span><\/p>\n<\/li>\n<li style=\"margin-bottom: 11px;\"><span style=\"font-size: 11pt;\"><span style=\"line-height: normal;\"><span style=\"tab-stops: list 36.0pt;\"><span style=\"font-family: Calibri,sans-serif;\"><b><span style=\"font-size: 12.0pt;\"><span style=\"font-family: 'Times New Roman',serif;\">T\u00ean s\u1ea3n ph\u1ea9m:<\/span><\/span><\/b><span style=\"font-size: 12.0pt;\"><span style=\"font-family: 'Times New Roman',serif;\"> Loctite 55 Pipe Sealing Cord<\/span><\/span><\/span><\/span><\/span><\/span><\/li>\n<li style=\"margin-bottom: 11px;\"><span style=\"font-size: 11pt;\"><span style=\"line-height: normal;\"><span style=\"tab-stops: list 36.0pt;\"><span style=\"font-family: Calibri,sans-serif;\"><b><span style=\"font-size: 12.0pt;\"><span style=\"font-family: 'Times New Roman',serif;\">Th\u01b0\u01a1ng hi\u1ec7u:<\/span><\/span><\/b><span style=\"font-size: 12.0pt;\"><span style=\"font-family: 'Times New Roman',serif;\"> Loctite (Henkel)<\/span><\/span><\/span><\/span><\/span><\/span><\/li>\n<li style=\"margin-bottom: 11px;\"><span style=\"font-size: 11pt;\"><span style=\"line-height: normal;\"><span style=\"tab-stops: list 36.0pt;\"><span style=\"font-family: Calibri,sans-serif;\"><b><span style=\"font-size: 12.0pt;\"><span style=\"font-family: 'Times New Roman',serif;\">C\u00f4ng ngh\u1ec7:<\/span><\/span><\/b><span style=\"font-size: 12.0pt;\"><span style=\"font-family: 'Times New Roman',serif;\"> S\u1ee3i \u0111a s\u1ee3i \u0111\u01b0\u1ee3c ph\u1ee7 (Coated multifilament thread)<\/span><\/span><\/span><\/span><\/span><\/span><\/li>\n<li style=\"margin-bottom: 11px;\"><span style=\"font-size: 11pt;\"><span style=\"line-height: normal;\"><span style=\"tab-stops: list 36.0pt;\"><span style=\"font-family: Calibri,sans-serif;\"><b><span style=\"font-size: 12.0pt;\"><span style=\"font-family: 'Times New Roman',serif;\">Lo\u1ea1i h\u00f3a ch\u1ea5t:<\/span><\/span><\/b><span style=\"font-size: 12.0pt;\"><span style=\"font-family: 'Times New Roman',serif;\"> S\u1ee3i polyamide v\u1edbi b\u1ed9t nh\u00e3o \u0111\u1ed9c quy\u1ec1n tr\u01a1<\/span><\/span><\/span><\/span><\/span><\/span><\/li>\n<li style=\"margin-bottom: 11px;\"><span style=\"font-size: 11pt;\"><span style=\"line-height: normal;\"><span style=\"tab-stops: list 36.0pt;\"><span style=\"font-family: Calibri,sans-serif;\"><b><span style=\"font-size: 12.0pt;\"><span style=\"font-family: 'Times New Roman',serif;\">M\u00e0u s\u1eafc:<\/span><\/span><\/b><span style=\"font-size: 12.0pt;\"><span style=\"font-family: 'Times New Roman',serif;\"> Tr\u1eafng<\/span><\/span><\/span><\/span><\/span><\/span><\/li>\n<li style=\"margin-bottom: 11px;\"><span style=\"font-size: 11pt;\"><span style=\"line-height: normal;\"><span style=\"tab-stops: list 36.0pt;\"><span style=\"font-family: Calibri,sans-serif;\"><b><span style=\"font-size: 12.0pt;\"><span style=\"font-family: 'Times New Roman',serif;\">Quy c\u00e1ch \u0111\u00f3ng g\u00f3i:<\/span><\/span><\/b><span style=\"font-size: 12.0pt;\"><span style=\"font-family: 'Times New Roman',serif;\"> \u1ed0ng \u0111\u1ef1ng ch\u1ee9a cu\u1ed9n d\u00e2y <b>150 m\u00e9t<\/b><\/span><\/span><\/span><\/span><\/span><\/span><\/li>\n<li style=\"margin-bottom: 11px;\"><span style=\"font-size: 11pt;\"><span style=\"line-height: normal;\"><span style=\"tab-stops: list 36.0pt;\"><span style=\"font-family: Calibri,sans-serif;\"><b><span style=\"font-size: 12.0pt;\"><span style=\"font-family: 'Times New Roman',serif;\">K\u00edch th\u01b0\u1edbc ren t\u1ed1i \u0111a:<\/span><\/span><\/b><span style=\"font-size: 12.0pt;\"><span style=\"font-family: 'Times New Roman',serif;\"> L\u00ean \u0111\u1ebfn 4 inch (kho\u1ea3ng M100)<\/span><\/span><\/span><\/span><\/span><\/span><\/li>\n<li style=\"margin-bottom: 11px;\"><span style=\"font-size: 11pt;\"><span style=\"line-height: normal;\"><span style=\"tab-stops: list 36.0pt;\"><span style=\"font-family: Calibri,sans-serif;\"><b><span style=\"font-size: 12.0pt;\"><span style=\"font-family: 'Times New Roman',serif;\">Nhi\u1ec7t \u0111\u1ed9 ho\u1ea1t \u0111\u1ed9ng:<\/span><\/span><\/b><span style=\"font-size: 12.0pt;\"><span style=\"font-family: 'Times New Roman',serif;\"> \u221255<\/span><\/span><span style=\"font-size: 12.0pt;\"><span style=\"font-family: 'Cambria Math',serif;\">\u2218<\/span><\/span><span style=\"font-size: 12.0pt;\"><span style=\"font-family: 'Times New Roman',serif;\">C \u0111\u1ebfn +150<\/span><\/span><span style=\"font-size: 12.0pt;\"><span style=\"font-family: 'Cambria Math',serif;\">\u2218<\/span><\/span><span style=\"font-size: 12.0pt;\"><span style=\"font-family: 'Times New Roman',serif;\">C<\/span><\/span><\/span><\/span><\/span><\/span><\/li>\n<li style=\"margin-bottom: 11px;\"><span style=\"font-size: 11pt;\"><span style=\"line-height: normal;\"><span style=\"tab-stops: list 36.0pt;\"><span style=\"font-family: Calibri,sans-serif;\"><b><span style=\"font-size: 12.0pt;\"><span style=\"font-family: 'Times New Roman',serif;\">\u00c1p su\u1ea5t l\u00e0m vi\u1ec7c t\u1ed1i \u0111a:<\/span><\/span><\/b><span style=\"font-size: 12.0pt;\"><span style=\"font-family: 'Times New Roman',serif;\"> 68.9\u00a0bar (10.000\u00a0psi)<\/span><\/span><\/span><\/span><\/span><\/span><\/li>\n<li style=\"margin-bottom: 11px;\"><span style=\"font-size: 11pt;\"><span style=\"line-height: normal;\"><span style=\"tab-stops: list 36.0pt;\"><span style=\"font-family: Calibri,sans-serif;\"><b><span style=\"font-size: 12.0pt;\"><span style=\"font-family: 'Times New Roman',serif;\">Kh\u00f4ng c\u1ea7n th\u1eddi gian \u0111\u00f3ng r\u1eafn.<\/span><\/span><\/b><\/span><\/span><\/span><\/span><\/li>\n<li style=\"margin-bottom: 11px;\"><span style=\"font-size: 11pt;\"><span style=\"line-height: normal;\"><span style=\"tab-stops: list 36.0pt;\"><span style=\"font-family: Calibri,sans-serif;\"><b><span style=\"font-size: 12.0pt;\"><span style=\"font-family: 'Times New Roman',serif;\">\u0110\u01b0\u1ee3c ch\u1ee9ng nh\u1eadn:<\/span><\/span><\/b><span style=\"font-size: 12.0pt;\"><span style=\"font-family: 'Times New Roman',serif;\"> DVGW, KTW, NSF\/ANSI Standard 61, WRAS, BAM (c\u00f3 th\u1ec3 thay \u0111\u1ed5i t\u00f9y phi\u00ean b\u1ea3n v\u00e0 khu v\u1ef1c).<\/span><\/span><\/span><\/span><\/span><\/span><\/li>\n<li style=\"margin-bottom: 11px;\"><span style=\"font-size: 11pt;\"><span style=\"line-height: normal;\"><span style=\"tab-stops: list 36.0pt;\"><span style=\"font-family: Calibri,sans-serif;\"><span style=\"font-size: 12.0pt;\"><span style=\"font-family: 'Times New Roman',serif;\"><img decoding=\"async\" title=\"loctite-55-150m-c-1753239348868-1\" src=\"https:\/\/yenhung.com\/wp-content\/uploads\/2025\/10\/loctite-55-150m-c-1753239348868-1.jpg\" alt=\"Loctite 55 150m\" data-thumb=\"large\" \/><\/span><\/span><\/span><\/span><\/span><\/span><\/li>\n<li>&nbsp;<\/li>\n<\/ul>\n<\/li>\n<\/ul>\n<\/li>\n<\/ul>\n<\/div>\n","protected":false},"excerpt":{"rendered":"<p><strong>T\u00ean sa\u0309n ph\u00e2\u0309m:<\/strong>LOCTITE 55 150M<br \/>\n<b>Li\u00ean h\u1ec7: 0397433258<\/b><\/p>\n","protected":false},"featured_media":5585,"comment_status":"closed","ping_status":"closed","template":"","meta":[],"product_brand":[],"product_cat":[141],"product_tag":[],"class_list":{"0":"post-5584","1":"product","2":"type-product","3":"status-publish","4":"has-post-thumbnail","6":"product_cat-loctite","8":"first","9":"instock","10":"shipping-taxable","11":"product-type-simple"},"_links":{"self":[{"href":"https:\/\/yenhung.com\/index.php?rest_route=\/wp\/v2\/product\/5584","targetHints":{"allow":["GET"]}}],"collection":[{"href":"https:\/\/yenhung.com\/index.php?rest_route=\/wp\/v2\/product"}],"about":[{"href":"https:\/\/yenhung.com\/index.php?rest_route=\/wp\/v2\/types\/product"}],"replies":[{"embeddable":true,"href":"https:\/\/yenhung.com\/index.php?rest_route=%2Fwp%2Fv2%2Fcomments&post=5584"}],"wp:featuredmedia":[{"embeddable":true,"href":"https:\/\/yenhung.com\/index.php?rest_route=\/wp\/v2\/media\/5585"}],"wp:attachment":[{"href":"https:\/\/yenhung.com\/index.php?rest_route=%2Fwp%2Fv2%2Fmedia&parent=5584"}],"wp:term":[{"taxonomy":"product_brand","embeddable":true,"href":"https:\/\/yenhung.com\/index.php?rest_route=%2Fwp%2Fv2%2Fproduct_brand&post=5584"},{"taxonomy":"product_cat","embeddable":true,"href":"https:\/\/yenhung.com\/index.php?rest_route=%2Fwp%2Fv2%2Fproduct_cat&post=5584"},{"taxonomy":"product_tag","embeddable":true,"href":"https:\/\/yenhung.com\/index.php?rest_route=%2Fwp%2Fv2%2Fproduct_tag&post=5584"}],"curies":[{"name":"wp","href":"https:\/\/api.w.org\/{rel}","templated":true}]}}