{"id":5596,"date":"2025-10-28T02:32:25","date_gmt":"2025-10-28T02:32:25","guid":{"rendered":"https:\/\/yenhung.com\/?product=keo-loctite-601-250ml"},"modified":"2026-02-24T09:24:11","modified_gmt":"2026-02-24T09:24:11","slug":"keo-loctite-601-250ml","status":"publish","type":"product","link":"https:\/\/yenhung.com\/?product=keo-loctite-601-250ml","title":{"rendered":"Keo Loctite 601 250ml"},"content":{"rendered":"<div class=\"ba-text-fpt\">\n<p>&nbsp;<\/p>\n<h2><strong>Loctite 601 250ml<\/strong><\/h2>\n<p>\u0110\u00e2y l\u00e0 m\u1ed9t lo\u1ea1i <b>keo kh\u00f3a tr\u1ee5 (retaining compound)<\/b> c\u1ee7a Henkel, \u0111\u01b0\u1ee3c thi\u1ebft k\u1ebf chuy\u00ean bi\u1ec7t \u0111\u1ec3 c\u1ed1 \u0111\u1ecbnh v\u00e0 l\u00e0m ch\u1eafc c\u00e1c chi ti\u1ebft l\u1eafp gh\u00e9p h\u00ecnh tr\u1ee5 (cylindrical fitting parts) kh\u00f4ng ren.Loctite 601 l\u00e0 m\u1ed9t h\u1ee3p ch\u1ea5t kh\u00f3a tr\u1ee5 k\u1ef5 kh\u00ed (anaerobic retaining compound) d\u1ea1ng l\u1ecfng, c\u00f3 m\u00e0u <b>xanh l\u00e1 c\u00e2y<\/b>. S\u1ea3n ph\u1ea9m n\u00e0y \u0111\u00f3ng r\u1eafn khi b\u1ecb k\u1eb9t gi\u1eefa c\u00e1c b\u1ec1 m\u1eb7t kim lo\u1ea1i kh\u00edt nhau trong m\u00f4i tr\u01b0\u1eddng kh\u00f4ng c\u00f3 kh\u00f4ng kh\u00ed. M\u1ee5c \u0111\u00edch ch\u00ednh c\u1ee7a Loctite 601 l\u00e0 \u0111\u1ec3 c\u1ed1 \u0111\u1ecbnh c\u00e1c chi ti\u1ebft l\u1eafp gh\u00e9p c\u00f3 \u0111\u1ed9 h\u1edf nh\u1ecf ho\u1eb7c l\u1eafp v\u1eeba (press fit), gi\u00fap ng\u0103n ch\u1eb7n s\u1ef1 n\u1edbi l\u1ecfng v\u00e0 r\u00f2 r\u1ec9 do rung \u0111\u1ed9ng v\u00e0 s\u1ed1c.<\/p>\n<p><img decoding=\"async\" title=\"loctite-601-250ml-a-1\" src=\"https:\/\/yenhung.com\/wp-content\/uploads\/2025\/10\/loctite-601-250ml-a-1.jpg\" alt=\"LOCTITE 601 250ML\" data-thumb=\"large\" \/><\/p>\n<h3><b>\u0110\u1eb7c \u0111i\u1ec3m n\u1ed5i b\u1eadt c\u1ee7a Loctite 601 (250ml)<\/b><\/h3>\n<ul>\n<li><b>Chuy\u00ean d\u00f9ng cho chi ti\u1ebft l\u1eafp gh\u00e9p tr\u1ee5:<\/b> L\u00fd t\u01b0\u1edfng \u0111\u1ec3 c\u1ed1 \u0111\u1ecbnh c\u00e1c b\u1ed9 ph\u1eadn h\u00ecnh tr\u1ee5 kh\u00f4ng ren nh\u01b0 b\u1ea1c \u0111\u1ea1n (bearings), \u1ed1ng l\u00f3t (bushings), r\u00f2ng r\u1ecdc (pulleys), b\u00e1nh r\u0103ng (gears) v\u00e0o tr\u1ee5c ho\u1eb7c c\u00e1c l\u1ed7 kho\u00e9t.<\/li>\n<li><b>C\u01b0\u1eddng \u0111\u1ed9 cao:<\/b> Loctite 601 cung c\u1ea5p <b>\u0111\u1ed9 b\u1ec1n k\u1ebft n\u1ed1i cao<\/b>, gi\u00fap m\u1ed1i l\u1eafp gh\u00e9p ch\u1ecbu \u0111\u01b0\u1ee3c t\u1ea3i tr\u1ecdng v\u00e0 rung \u0111\u1ed9ng l\u1edbn. Vi\u1ec7c th\u00e1o r\u1eddi m\u1ed1i n\u1ed1i th\u01b0\u1eddng y\u00eau c\u1ea7u gia nhi\u1ec7t c\u1ee5c b\u1ed9 (250oC) v\u00e0 s\u1eed d\u1ee5ng d\u1ee5ng c\u1ee5 \u0111\u1eb7c bi\u1ec7t.<\/li>\n<li><b>\u0110i\u1ec1n \u0111\u1ea7y khe h\u1edf:<\/b> S\u1ea3n ph\u1ea9m c\u00f3 kh\u1ea3 n\u0103ng l\u1ea5p \u0111\u1ea7y ho\u00e0n to\u00e0n c\u00e1c khe h\u1edf nh\u1ecf gi\u1eefa c\u00e1c b\u1ec1 m\u1eb7t l\u1eafp gh\u00e9p, t\u1ea1o ra m\u1ed9t li\u00ean k\u1ebft ch\u1eb7t ch\u1ebd, \u0111\u1ed3ng nh\u1ea5t, gi\u00fap ph\u00e2n b\u1ed5 t\u1ea3i tr\u1ecdng \u0111\u1ec1u h\u01a1n tr\u00ean to\u00e0n b\u1ed9 m\u1ed1i n\u1ed1i.<\/li>\n<li><b>Ng\u0103n ng\u1eeba \u0103n m\u00f2n:<\/b> B\u1eb1ng c\u00e1ch b\u1ecbt k\u00edn c\u00e1c kho\u1ea3ng tr\u1ed1ng, Loctite 601 b\u1ea3o v\u1ec7 c\u00e1c b\u1ec1 m\u1eb7t kim lo\u1ea1i kh\u1ecfi b\u1ecb \u0103n m\u00f2n.<\/li>\n<li><b>Ch\u1ed1ng rung \u0111\u1ed9ng v\u00e0 s\u1ed1c:<\/b> Li\u00ean k\u1ebft b\u1ec1n v\u1eefng gi\u00fap c\u00e1c chi ti\u1ebft kh\u00f4ng b\u1ecb n\u1edbi l\u1ecfng hay d\u1ecbch chuy\u1ec3n d\u01b0\u1edbi t\u00e1c \u0111\u1ed9ng c\u1ee7a rung \u0111\u1ed9ng v\u00e0 s\u1ed1c.<\/li>\n<li><b>Th\u1eddi gian \u0111\u00f3ng r\u1eafn nhanh:<\/b> C\u00f3 th\u1eddi gian \u0111\u00f3ng r\u1eafn ban \u0111\u1ea7u t\u01b0\u01a1ng \u0111\u1ed1i nhanh (th\u1eddi gian c\u1ed1 \u0111\u1ecbnh), gi\u00fap c\u1ed1 \u0111\u1ecbnh chi ti\u1ebft nhanh ch\u00f3ng. Th\u1eddi gian \u0111\u00f3ng r\u1eafn ho\u00e0n to\u00e0n l\u00e0 24 gi\u1edd.<\/li>\n<li><b>Ch\u1ecbu nhi\u1ec7t \u0111\u1ed9 t\u1ed1t:<\/b> Ho\u1ea1t \u0111\u1ed9ng hi\u1ec7u qu\u1ea3 trong d\u1ea3i nhi\u1ec7t \u0111\u1ed9 t\u1eeb <b>-55oC \u0111\u1ebfn 150oC<\/b>.<\/li>\n<li><b>Quy c\u00e1ch:<\/b> Th\u01b0\u1eddng c\u00f3 s\u1eb5n trong chai <b>250ml<\/b> (c\u0169ng c\u00f3 c\u00e1c quy c\u00e1ch kh\u00e1c nh\u01b0 10ml, 50ml).<br \/>\n<h3><b>\u1ee8ng d\u1ee5ng ph\u1ed5 bi\u1ebfn c\u1ee7a Loctite 601<\/b><\/h3>\n<p><img decoding=\"async\" title=\"loctite-601-250ml-b-1\" src=\"https:\/\/yenhung.com\/wp-content\/uploads\/2025\/10\/loctite-601-250ml-b-1.png\" alt=\"LOCTITE 601 250ML\" data-thumb=\"large\" \/><\/p>\n<p>Loctite 601 l\u00e0 l\u1ef1a ch\u1ecdn l\u00fd t\u01b0\u1edfng cho c\u00e1c \u1ee9ng d\u1ee5ng c\u1ea7n c\u1ed1 \u0111\u1ecbnh v\u0129nh vi\u1ec5n c\u00e1c chi ti\u1ebft h\u00ecnh tr\u1ee5, n\u01a1i y\u00eau c\u1ea7u \u0111\u1ed9 b\u1ec1n cao v\u00e0 kh\u1ea3 n\u0103ng ch\u1ed1ng n\u1edbi l\u1ecfng:<\/li>\n<li><b>C\u1ed1 \u0111\u1ecbnh b\u1ea1c \u0111\u1ea1n v\u00e0o tr\u1ee5c ho\u1eb7c l\u1ed7:<\/b> M\u1ed9t trong nh\u1eefng \u1ee9ng d\u1ee5ng ph\u1ed5 bi\u1ebfn nh\u1ea5t \u0111\u1ec3 c\u1ed1 \u0111\u1ecbnh b\u1ea1c \u0111\u1ea1n kh\u00f4ng ren.<\/li>\n<li><b>L\u1eafp r\u00e1p b\u00e1nh r\u0103ng, r\u00f2ng r\u1ecdc, qu\u1ea1t v\u00e0o tr\u1ee5c:<\/b> \u0110\u1ea3m b\u1ea3o c\u00e1c b\u1ed9 ph\u1eadn n\u00e0y kh\u00f4ng b\u1ecb tr\u01b0\u1ee3t hay xoay tr\u00ean tr\u1ee5c.<\/li>\n<li><b>C\u1ed1 \u0111\u1ecbnh \u1ed1ng l\u00f3t v\u00e0 v\u1ecf b\u1ecdc:<\/b> \u0110\u1eb7c bi\u1ec7t h\u1eefu \u00edch khi l\u1eafp \u1ed1ng l\u00f3t v\u00e0o c\u00e1c chi ti\u1ebft m\u00e1y.<\/li>\n<li><img decoding=\"async\" title=\"loctite-601-250ml-c-1\" src=\"https:\/\/yenhung.com\/wp-content\/uploads\/2025\/10\/loctite-601-250ml-c-1.jpg\" alt=\"LOCTITE 601 250ML\" data-thumb=\"large\" \/><\/li>\n<li><b>S\u1eeda ch\u1eefa c\u00e1c m\u1ed1i l\u1eafp gh\u00e9p b\u1ecb m\u00f2n:<\/b> C\u00f3 th\u1ec3 \u0111\u01b0\u1ee3c s\u1eed d\u1ee5ng \u0111\u1ec3 kh\u00f4i ph\u1ee5c l\u1ea1i \u0111\u1ed9 kh\u00edt c\u1ee7a c\u00e1c m\u1ed1i l\u1eafp gh\u00e9p \u0111\u00e3 b\u1ecb m\u00e0i m\u00f2n nh\u1eb9.<\/li>\n<li><b>C\u00e1c m\u1ed1i l\u1eafp gh\u00e9p c\u00f3 dung sai nh\u1ecf ho\u1eb7c l\u1eafp v\u1eeba:<\/b> T\u1ed1i \u01b0u cho c\u00e1c m\u1ed1i l\u1eafp gh\u00e9p v\u1edbi khe h\u1edf kh\u00f4ng qu\u00e1 l\u1edbn.<\/li>\n<\/ul>\n<\/div>\n","protected":false},"excerpt":{"rendered":"<p><strong>T\u00ean sa\u0309n ph\u00e2\u0309m:<\/strong>LOCTITE 601 250ML<br \/>\n<b>Li\u00ean h\u1ec7: 0397433258<\/b><\/p>\n","protected":false},"featured_media":5597,"comment_status":"closed","ping_status":"closed","template":"","meta":[],"product_brand":[],"product_cat":[141],"product_tag":[],"class_list":{"0":"post-5596","1":"product","2":"type-product","3":"status-publish","4":"has-post-thumbnail","6":"product_cat-loctite","8":"first","9":"instock","10":"shipping-taxable","11":"product-type-simple"},"_links":{"self":[{"href":"https:\/\/yenhung.com\/index.php?rest_route=\/wp\/v2\/product\/5596","targetHints":{"allow":["GET"]}}],"collection":[{"href":"https:\/\/yenhung.com\/index.php?rest_route=\/wp\/v2\/product"}],"about":[{"href":"https:\/\/yenhung.com\/index.php?rest_route=\/wp\/v2\/types\/product"}],"replies":[{"embeddable":true,"href":"https:\/\/yenhung.com\/index.php?rest_route=%2Fwp%2Fv2%2Fcomments&post=5596"}],"wp:featuredmedia":[{"embeddable":true,"href":"https:\/\/yenhung.com\/index.php?rest_route=\/wp\/v2\/media\/5597"}],"wp:attachment":[{"href":"https:\/\/yenhung.com\/index.php?rest_route=%2Fwp%2Fv2%2Fmedia&parent=5596"}],"wp:term":[{"taxonomy":"product_brand","embeddable":true,"href":"https:\/\/yenhung.com\/index.php?rest_route=%2Fwp%2Fv2%2Fproduct_brand&post=5596"},{"taxonomy":"product_cat","embeddable":true,"href":"https:\/\/yenhung.com\/index.php?rest_route=%2Fwp%2Fv2%2Fproduct_cat&post=5596"},{"taxonomy":"product_tag","embeddable":true,"href":"https:\/\/yenhung.com\/index.php?rest_route=%2Fwp%2Fv2%2Fproduct_tag&post=5596"}],"curies":[{"name":"wp","href":"https:\/\/api.w.org\/{rel}","templated":true}]}}