{"id":5629,"date":"2025-10-28T02:32:54","date_gmt":"2025-10-28T02:32:54","guid":{"rendered":"https:\/\/yenhung.com\/?product=keo-loctite-542-50ml"},"modified":"2026-02-24T09:23:22","modified_gmt":"2026-02-24T09:23:22","slug":"keo-loctite-542-50ml","status":"publish","type":"product","link":"https:\/\/yenhung.com\/?product=keo-loctite-542-50ml","title":{"rendered":"Keo Loctite 542 50ml"},"content":{"rendered":"<div class=\"ba-text-fpt\">\n<h2><strong>LOCTITE 542 50ML<\/strong><\/h2>\n<h2>T\u1ed5ng quan s\u1ea3n ph\u1ea9m<\/h2>\n<p><img decoding=\"async\" title=\"loctite-542-50ml-b-jpeg-1753243747286-1\" src=\"https:\/\/yenhung.com\/wp-content\/uploads\/2025\/10\/loctite-542-50ml-b-jpeg-1753243747286-1.jpg\" alt=\"LOCTITE 542 50ML\" data-thumb=\"large\" \/><\/p>\n<p>LOCTITE 542 50ML l\u00e0 keo ch\u00e0 ron cao c\u1ea5p \u0111\u01b0\u1ee3c thi\u1ebft k\u1ebf \u0111\u1ec3 t\u1ea1o ra c\u00e1c m\u1ed1i n\u1ed1i ch\u1eafc ch\u1eafn, k\u00edn n\u01b0\u1edbc v\u00e0 b\u1ec1n l\u00e2u trong nhi\u1ec1u lo\u1ea1i \u1ee9ng d\u1ee5ng c\u00f4ng nghi\u1ec7p v\u00e0 d\u00e2n d\u1ee5ng. V\u1edbi c\u00f4ng th\u1ee9c cyanoacrylate ti\u00ean ti\u1ebfn, s\u1ea3n ph\u1ea9m n\u00e0y mang l\u1ea1i kh\u1ea3 n\u0103ng li\u00ean k\u1ebft nhanh v\u00e0 m\u1ea1nh m\u1ebd cho nhi\u1ec1u lo\u1ea1i v\u1eadt li\u1ec7u, bao g\u1ed3m kim lo\u1ea1i, nh\u1ef1a, cao su v\u00e0 g\u1ed1m s\u1ee9.<\/p>\n<h3>C\u00e1c t\u00ednh n\u0103ng ch\u00ednh<\/h3>\n<ul>\n<li>Keo ch\u00e0 ron c\u1ea5p c\u00f4ng nghi\u1ec7p mang l\u1ea1i \u0111\u1ed9 b\u1ec1n v\u00e0 \u0111\u1ed9 tin c\u1eady v\u01b0\u1ee3t tr\u1ed9i<\/li>\n<li>Kh\u1ea3 n\u0103ng li\u00ean k\u1ebft nhanh, ch\u1ec9 trong v\u00e0i gi\u00e2y<\/li>\n<li>Li\u00ean k\u1ebft ch\u1eafc ch\u1eafn tr\u00ean nhi\u1ec1u lo\u1ea1i v\u1eadt li\u1ec7u, bao g\u1ed3m kim lo\u1ea1i, nh\u1ef1a, cao su v\u00e0 g\u1ed1m s\u1ee9<\/li>\n<li>Ch\u1ecbu \u0111\u01b0\u1ee3c nhi\u1ec7t \u0111\u1ed9 cao, l\u00ean \u0111\u1ebfn 120\u00b0C<\/li>\n<li>Kh\u00f4ng ch\u1ee9a dung m\u00f4i, kh\u00f4ng g\u00e2y \u0103n m\u00f2n v\u00e0 kh\u00f4ng g\u00e2y h\u01b0 h\u1ecfng b\u1ec1 m\u1eb7t<\/li>\n<li>D\u1ec5 s\u1eed d\u1ee5ng v\u1edbi \u0111\u1ea7u nh\u1ecf gi\u1ecdt ch\u00ednh x\u00e1c<\/li>\n<\/ul>\n<h3>\u1ee8ng d\u1ee5ng<\/h3>\n<p><img decoding=\"async\" title=\"loctite-542-50ml-c-1753243730514-1\" src=\"https:\/\/yenhung.com\/wp-content\/uploads\/2025\/10\/loctite-542-50ml-c-1753243730514-1.jpg\" alt=\"LOCTITE 542 50ML\" data-thumb=\"large\" \/><\/p>\n<p>LOCTITE 542 50ML ph\u00f9 h\u1ee3p cho nhi\u1ec1u \u1ee9ng d\u1ee5ng trong c\u00e1c ng\u00e0nh c\u00f4ng nghi\u1ec7p kh\u00e1c nhau, bao g\u1ed3m:<\/p>\n<ul>\n<li>B\u1ea3o tr\u00ec v\u00e0 s\u1eeda ch\u1eefa \u00f4 t\u00f4<\/li>\n<li>Ch\u1ebf t\u1ea1o v\u00e0 l\u1eafp r\u00e1p m\u00e1y m\u00f3c<\/li>\n<li>\u0110i\u1ec7n t\u1eed<\/li>\n<li>X\u00e2y d\u1ef1ng<\/li>\n<li>Thi\u1ebft b\u1ecb y t\u1ebf<\/li>\n<li>S\u1ea3n xu\u1ea5t h\u00e0ng ti\u00eau d\u00f9ng<\/li>\n<\/ul>\n<h3>L\u1ee3i \u00edch<\/h3>\n<ul>\n<li>Ti\u1ebft ki\u1ec7m th\u1eddi gian v\u00e0 chi ph\u00ed v\u1edbi kh\u1ea3 n\u0103ng li\u00ean k\u1ebft nhanh ch\u00f3ng<\/li>\n<li>\u0110\u1ea3m b\u1ea3o \u0111\u1ed9 tin c\u1eady l\u00e2u d\u00e0i cho c\u00e1c m\u1ed1i n\u1ed1i quan tr\u1ecdng<\/li>\n<li>Lo\u1ea1i b\u1ecf r\u00f2 r\u1ec9 v\u00e0 s\u1ef1 c\u1ed1 nh\u1edd kh\u1ea3 n\u0103ng b\u1ecbt k\u00edn v\u01b0\u1ee3t tr\u1ed9i<\/li>\n<li>D\u1ec5 d\u00e0ng s\u1eed d\u1ee5ng, ngay c\u1ea3 trong nh\u1eefng kh\u00f4ng gian h\u1ea1n ch\u1ebf<\/li>\n<li>Tu\u00e2n th\u1ee7 c\u00e1c ti\u00eau chu\u1ea9n c\u00f4ng nghi\u1ec7p nghi\u00eam ng\u1eb7t<\/li>\n<\/ul>\n<h3>H\u01b0\u1edbng d\u1eabn s\u1eed d\u1ee5ng<\/h3>\n<p><img decoding=\"async\" title=\"loctite-542-50ml-d-1753243730082-1\" src=\"https:\/\/yenhung.com\/wp-content\/uploads\/2025\/10\/loctite-542-50ml-d-1753243730082-1.jpg\" alt=\"LOCTITE 542 50ML\" data-thumb=\"large\" \/><\/p>\n<ol>\n<li>L\u00e0m s\u1ea1ch v\u00e0 l\u00e0m kh\u00f4 ho\u00e0n to\u00e0n c\u00e1c b\u1ec1 m\u1eb7t c\u1ea7n li\u00ean k\u1ebft.<\/li>\n<li>Thoa m\u1ed9t l\u01b0\u1ee3ng nh\u1ecf LOCTITE 542 50ML l\u00ean m\u1ed9t trong c\u00e1c b\u1ec1 m\u1eb7t.<\/li>\n<li>\u00c9p c\u00e1c b\u1ec1 m\u1eb7t l\u1ea1i v\u1edbi nhau v\u00e0 gi\u1eef c\u1ed1 \u0111\u1ecbnh trong v\u00e0i gi\u00e2y.<\/li>\n<li>\u0110\u1ec3 keo \u0111\u00f4ng ho\u00e0n to\u00e0n trong 24 gi\u1edd.<\/li>\n<\/ol>\n<h3>B\u1ea3o qu\u1ea3n<\/h3>\n<p>B\u1ea3o qu\u1ea3n LOCTITE 542 50ML \u1edf n\u01a1i kh\u00f4 r\u00e1o, tho\u00e1ng m\u00e1t, tr\u00e1nh xa nhi\u1ec7t \u0111\u1ed9 c\u1ef1c cao v\u00e0 \u00e1nh n\u1eafng tr\u1ef1c ti\u1ebfp. \u0110\u1ec3 chai lu\u00f4n th\u1eb3ng \u0111\u1ee9ng v\u00e0 \u0111\u1eady k\u00edn n\u1eafp sau m\u1ed7i l\u1ea7n s\u1eed d\u1ee5ng.<\/p>\n<\/div>\n","protected":false},"excerpt":{"rendered":"<p><strong>T\u00ean sa\u0309n ph\u00e2\u0309m:<\/strong>LOCTITE 542 50ML<br \/>\n<b>Li\u00ean h\u1ec7: 0397433258<\/b><\/p>\n","protected":false},"featured_media":5630,"comment_status":"closed","ping_status":"closed","template":"","meta":[],"product_brand":[],"product_cat":[141],"product_tag":[],"class_list":{"0":"post-5629","1":"product","2":"type-product","3":"status-publish","4":"has-post-thumbnail","6":"product_cat-loctite","8":"first","9":"instock","10":"shipping-taxable","11":"product-type-simple"},"_links":{"self":[{"href":"https:\/\/yenhung.com\/index.php?rest_route=\/wp\/v2\/product\/5629","targetHints":{"allow":["GET"]}}],"collection":[{"href":"https:\/\/yenhung.com\/index.php?rest_route=\/wp\/v2\/product"}],"about":[{"href":"https:\/\/yenhung.com\/index.php?rest_route=\/wp\/v2\/types\/product"}],"replies":[{"embeddable":true,"href":"https:\/\/yenhung.com\/index.php?rest_route=%2Fwp%2Fv2%2Fcomments&post=5629"}],"wp:featuredmedia":[{"embeddable":true,"href":"https:\/\/yenhung.com\/index.php?rest_route=\/wp\/v2\/media\/5630"}],"wp:attachment":[{"href":"https:\/\/yenhung.com\/index.php?rest_route=%2Fwp%2Fv2%2Fmedia&parent=5629"}],"wp:term":[{"taxonomy":"product_brand","embeddable":true,"href":"https:\/\/yenhung.com\/index.php?rest_route=%2Fwp%2Fv2%2Fproduct_brand&post=5629"},{"taxonomy":"product_cat","embeddable":true,"href":"https:\/\/yenhung.com\/index.php?rest_route=%2Fwp%2Fv2%2Fproduct_cat&post=5629"},{"taxonomy":"product_tag","embeddable":true,"href":"https:\/\/yenhung.com\/index.php?rest_route=%2Fwp%2Fv2%2Fproduct_tag&post=5629"}],"curies":[{"name":"wp","href":"https:\/\/api.w.org\/{rel}","templated":true}]}}