{"id":5683,"date":"2025-10-28T02:33:48","date_gmt":"2025-10-28T02:33:48","guid":{"rendered":"https:\/\/yenhung.com\/?product=keo-loctite-277-50ml"},"modified":"2026-02-24T09:15:51","modified_gmt":"2026-02-24T09:15:51","slug":"keo-loctite-277-50ml","status":"publish","type":"product","link":"https:\/\/yenhung.com\/?product=keo-loctite-277-50ml","title":{"rendered":"Keo Loctite 277 50ml"},"content":{"rendered":"<div class=\"ba-text-fpt\">\n<h2><strong>LOCTITE 277 50ML: Keo d\u00e1n \u0111a n\u0103ng, k\u1ebft d\u00ednh nhanh v\u00e0 b\u1ec1n ch\u1eafc<\/strong><\/h2>\n<h3>Gi\u1edbi thi\u1ec7u<\/h3>\n<p><img decoding=\"async\" title=\"loctite-277-50ml-b-1753247132710-1\" src=\"https:\/\/yenhung.com\/wp-content\/uploads\/2025\/10\/loctite-277-50ml-b-1753247132710-1.jpg\" alt=\"LOCTITE 277 50ML\" data-thumb=\"large\" \/><\/p>\n<p>LOCTITE 277 50ML l\u00e0 m\u1ed9t lo\u1ea1i keo d\u00e1n cyanoacrylate \u0111a n\u0103ng, c\u1ef1c k\u1ef3 m\u1ea1nh m\u1ebd v\u00e0 d\u1ec5 s\u1eed d\u1ee5ng. N\u00f3 cung c\u1ea5p kh\u1ea3 n\u0103ng k\u1ebft d\u00ednh t\u1ee9c th\u00ec v\u00e0 li\u00ean k\u1ebft b\u1ec1n ch\u1eafc tr\u00ean nhi\u1ec1u lo\u1ea1i v\u1eadt li\u1ec7u, bao g\u1ed3m kim lo\u1ea1i, nh\u1ef1a, g\u1ed1m s\u1ee9 v\u00e0 g\u1ed7.<\/p>\n<h3>\u0110\u1eb7c t\u00ednh<\/h3>\n<ul>\n<li><b>K\u1ebft d\u00ednh c\u1ef1c nhanh:<\/b> Li\u00ean k\u1ebft v\u1eadt li\u1ec7u trong v\u00e0i gi\u00e2y, gi\u00fap t\u0103ng hi\u1ec7u qu\u1ea3 v\u00e0 ti\u1ebft ki\u1ec7m th\u1eddi gian.<\/li>\n<li><b>\u0110\u1ed9 b\u1ec1n cao:<\/b> T\u1ea1o ra li\u00ean k\u1ebft b\u1ec1n ch\u1eafc ch\u1ecbu \u0111\u01b0\u1ee3c l\u1ef1c t\u00e1c \u0111\u1ed9ng v\u00e0 rung \u0111\u1ed9ng.<\/li>\n<li><b>\u0110a n\u0103ng:<\/b> K\u1ebft d\u00ednh \u0111\u01b0\u1ee3c nhi\u1ec1u lo\u1ea1i v\u1eadt li\u1ec7u, bao g\u1ed3m c\u1ea3 nh\u1eefng v\u1eadt li\u1ec7u c\u00f3 t\u00ednh ch\u1ea5t kh\u00e1c nhau.<\/li>\n<li><b>\u0110\u1ed9 nh\u1edbt th\u1ea5p:<\/b> D\u1ec5 d\u00e0ng thi c\u00f4ng b\u1eb1ng c\u00e1ch nh\u1ecf gi\u1ecdt ch\u00ednh x\u00e1c v\u00e0o c\u00e1c khu v\u1ef1c kh\u00f3 ti\u1ebfp c\u1eadn.<\/li>\n<li><b>Trong su\u1ed1t khi kh\u00f4:<\/b> T\u1ea1o ra li\u00ean k\u1ebft v\u00f4 h\u00ecnh, duy tr\u00ec t\u00ednh th\u1ea9m m\u1ef9 c\u1ee7a b\u1ec1 m\u1eb7t.<\/li>\n<\/ul>\n<h3>\u1ee8ng d\u1ee5ng<\/h3>\n<p>LOCTITE 277 50ML l\u00fd t\u01b0\u1edfng \u0111\u1ec3 s\u1eed d\u1ee5ng trong c\u00e1c \u1ee9ng d\u1ee5ng kh\u00e1c nhau, bao g\u1ed3m:<\/p>\n<ul>\n<li>S\u1eeda ch\u1eefa thi\u1ebft b\u1ecb gia d\u1ee5ng<\/li>\n<li>Li\u00ean k\u1ebft c\u00e1c b\u1ed9 ph\u1eadn m\u00e1y m\u00f3c<\/li>\n<li>C\u1ed1 \u0111\u1ecbnh \u0111\u1ed3 \u0111\u1ea1c v\u00e0 ph\u1ee5 ki\u1ec7n<\/li>\n<li>S\u1eeda ch\u1eefa \u0111\u1ed3 trang s\u1ee9c v\u00e0 \u0111\u1ed3 th\u1ee7 c\u00f4ng<\/li>\n<li>K\u1ebft n\u1ed1i c\u00e1c v\u1eadt li\u1ec7u kh\u00e1c nhau<\/li>\n<\/ul>\n<h3>\u01afu \u0111i\u1ec3m<\/h3>\n<p><img decoding=\"async\" title=\"loctite-277-50ml-a-1753247132278-1\" src=\"https:\/\/yenhung.com\/wp-content\/uploads\/2025\/10\/loctite-277-50ml-a-1753247132278-1.jpg\" alt=\"LOCTITE 277 50ML\" data-thumb=\"large\" \/><\/p>\n<ul>\n<li>D\u1ec5 d\u00e0ng thi c\u00f4ng v\u00e0 l\u00e0m s\u1ea1ch<\/li>\n<li>Ti\u1ebft ki\u1ec7m th\u1eddi gian v\u00e0 chi ph\u00ed<\/li>\n<li>\u0110\u1ea3m b\u1ea3o k\u1ebft n\u1ed1i \u0111\u00e1ng tin c\u1eady v\u00e0 l\u00e2u d\u00e0i<\/li>\n<\/ul>\n<h3>H\u01b0\u1edbng d\u1eabn s\u1eed d\u1ee5ng<\/h3>\n<ol>\n<li>L\u00e0m s\u1ea1ch v\u00e0 l\u00e0m kh\u00f4 c\u00e1c b\u1ec1 m\u1eb7t c\u1ea7n li\u00ean k\u1ebft.<\/li>\n<li>Nh\u1ecf m\u1ed9t l\u01b0\u1ee3ng keo v\u1eeba \u0111\u1ee7 l\u00ean m\u1ed9t b\u1ec1 m\u1eb7t.<\/li>\n<li>\u00c9p hai b\u1ec1 m\u1eb7t l\u1ea1i v\u1edbi nhau trong v\u00e0i gi\u00e2y.<\/li>\n<li>\u0110\u1ec3 kh\u00f4 ho\u00e0n to\u00e0n trong v\u00f2ng 24 gi\u1edd.<\/li>\n<\/ol>\n<h3>L\u01b0u \u00fd<\/h3>\n<ul>\n<li>Tr\u00e1nh ti\u1ebfp x\u00fac v\u1edbi da v\u00e0 m\u1eaft. Trong tr\u01b0\u1eddng h\u1ee3p ti\u1ebfp x\u00fac, r\u1eeda s\u1ea1ch b\u1eb1ng nhi\u1ec1u n\u01b0\u1edbc.<\/li>\n<li>\u0110\u1ec3 xa t\u1ea7m tay tr\u1ebb em.<\/li>\n<li>B\u1ea3o qu\u1ea3n n\u01a1i kh\u00f4 r\u00e1o, tho\u00e1ng m\u00e1t.<\/li>\n<\/ul>\n<h3>K\u1ebft lu\u1eadn<\/h3>\n<p><img decoding=\"async\" title=\"loctite-277-50ml-c-1753247131839-1\" src=\"https:\/\/yenhung.com\/wp-content\/uploads\/2025\/10\/loctite-277-50ml-c-1753247131839-1.jpg\" alt=\"LOCTITE 277 50ML\" data-thumb=\"large\" \/><\/p>\n<p>LOCTITE 277 50ML l\u00e0 m\u1ed9t gi\u1ea3i ph\u00e1p l\u00fd t\u01b0\u1edfng cho c\u00e1c nhu c\u1ea7u k\u1ebft d\u00ednh nhanh ch\u00f3ng v\u00e0 hi\u1ec7u qu\u1ea3. V\u1edbi \u0111\u1ed9 b\u1ec1n cao, t\u00ednh \u0111a n\u0103ng v\u00e0 d\u1ec5 s\u1eed d\u1ee5ng, n\u00f3 l\u00e0 s\u1ef1 l\u1ef1a ch\u1ecdn ho\u00e0n h\u1ea3o cho vi\u1ec7c s\u1eeda ch\u1eefa, ch\u1ebf t\u1ea1o v\u00e0 b\u1ea3o tr\u00ec trong nhi\u1ec1u ng\u00e0nh c\u00f4ng nghi\u1ec7p v\u00e0 gia \u0111\u00ecnh.<\/p>\n<\/div>\n","protected":false},"excerpt":{"rendered":"<p><strong>T\u00ean sa\u0309n ph\u00e2\u0309m:<\/strong>LOCTITE 277 50ML<br \/>\n<b>Li\u00ean h\u1ec7: 0397433258<\/b><\/p>\n","protected":false},"featured_media":5684,"comment_status":"closed","ping_status":"closed","template":"","meta":[],"product_brand":[],"product_cat":[141],"product_tag":[],"class_list":{"0":"post-5683","1":"product","2":"type-product","3":"status-publish","4":"has-post-thumbnail","6":"product_cat-loctite","8":"first","9":"instock","10":"shipping-taxable","11":"product-type-simple"},"_links":{"self":[{"href":"https:\/\/yenhung.com\/index.php?rest_route=\/wp\/v2\/product\/5683","targetHints":{"allow":["GET"]}}],"collection":[{"href":"https:\/\/yenhung.com\/index.php?rest_route=\/wp\/v2\/product"}],"about":[{"href":"https:\/\/yenhung.com\/index.php?rest_route=\/wp\/v2\/types\/product"}],"replies":[{"embeddable":true,"href":"https:\/\/yenhung.com\/index.php?rest_route=%2Fwp%2Fv2%2Fcomments&post=5683"}],"wp:featuredmedia":[{"embeddable":true,"href":"https:\/\/yenhung.com\/index.php?rest_route=\/wp\/v2\/media\/5684"}],"wp:attachment":[{"href":"https:\/\/yenhung.com\/index.php?rest_route=%2Fwp%2Fv2%2Fmedia&parent=5683"}],"wp:term":[{"taxonomy":"product_brand","embeddable":true,"href":"https:\/\/yenhung.com\/index.php?rest_route=%2Fwp%2Fv2%2Fproduct_brand&post=5683"},{"taxonomy":"product_cat","embeddable":true,"href":"https:\/\/yenhung.com\/index.php?rest_route=%2Fwp%2Fv2%2Fproduct_cat&post=5683"},{"taxonomy":"product_tag","embeddable":true,"href":"https:\/\/yenhung.com\/index.php?rest_route=%2Fwp%2Fv2%2Fproduct_tag&post=5683"}],"curies":[{"name":"wp","href":"https:\/\/api.w.org\/{rel}","templated":true}]}}