{"id":5692,"date":"2025-10-28T02:33:54","date_gmt":"2025-10-28T02:33:54","guid":{"rendered":"https:\/\/yenhung.com\/?product=keo-loctite-401-500g"},"modified":"2026-02-24T09:13:56","modified_gmt":"2026-02-24T09:13:56","slug":"keo-loctite-401-500g","status":"publish","type":"product","link":"https:\/\/yenhung.com\/?product=keo-loctite-401-500g","title":{"rendered":"Keo Loctite 401 500g"},"content":{"rendered":"<div class=\"ba-text-fpt\">\n<h2><strong>LOCTITE 401: Keo d\u00e1n c\u00f4ng nghi\u1ec7p t\u1ed1c \u0111\u1ed9 cao, \u0111\u1ed9 b\u1ec1n cao<\/strong><\/h2>\n<p>Gi\u1edbi thi\u1ec7u<\/p>\n<p><img decoding=\"async\" title=\"loctite-401-500g-a-1\" src=\"https:\/\/yenhung.com\/wp-content\/uploads\/2025\/10\/loctite-401-500g-a-1.jpg\" alt=\"LOCTITE 401 500G\" data-thumb=\"large\" \/><\/p>\n<p>LOCTITE 401 l\u00e0 lo\u1ea1i keo d\u00e1n c\u00f4ng nghi\u1ec7p t\u1ed1c \u0111\u1ed9 cao, \u0111\u1ed9 b\u1ec1n cao \u0111\u01b0\u1ee3c thi\u1ebft k\u1ebf \u0111\u1ec3 li\u00ean k\u1ebft c\u00e1c v\u1eadt li\u1ec7u kh\u00e1c nhau nh\u01b0 kim lo\u1ea1i, nh\u1ef1a v\u00e0 g\u1ed1m s\u1ee9. Keo d\u00e1n n\u00e0y \u0111\u01b0\u1ee3c s\u1eed d\u1ee5ng r\u1ed9ng r\u00e3i trong nhi\u1ec1u ng\u00e0nh c\u00f4ng nghi\u1ec7p, bao g\u1ed3m ch\u1ebf t\u1ea1o, l\u1eafp r\u00e1p v\u00e0 s\u1eeda ch\u1eefa.<\/p>\n<p>\u0110\u1eb7c t\u00ednh<\/p>\n<ul>\n<li>T\u1ed1c \u0111\u1ed9 \u0111\u00f3ng r\u1eafn nhanh: Keo d\u00e1n LOCTITE 401 \u0111\u00f4ng c\u1ee9ng trong v\u00f2ng v\u00e0i gi\u00e2y khi ti\u1ebfp x\u00fac v\u1edbi kim lo\u1ea1i, gi\u00fap t\u0103ng hi\u1ec7u qu\u1ea3 s\u1ea3n xu\u1ea5t.<\/li>\n<li>\u0110\u1ed9 b\u1ec1n cao: Keo d\u00e1n li\u00ean k\u1ebft ch\u1eb7t ch\u1ebd v\u1edbi c\u00e1c v\u1eadt li\u1ec7u, t\u1ea1o ra c\u00e1c m\u1ed1i n\u1ed1i ch\u1eafc ch\u1eafn c\u00f3 th\u1ec3 ch\u1ecbu \u0111\u01b0\u1ee3c nhi\u1ec7t \u0111\u1ed9 cao, h\u00f3a ch\u1ea5t v\u00e0 rung \u0111\u1ed9ng.<\/li>\n<li>Kh\u1ea3 n\u0103ng ch\u1ecbu nhi\u1ec7t: Keo d\u00e1n c\u00f3 th\u1ec3 ch\u1ecbu \u0111\u01b0\u1ee3c nhi\u1ec7t \u0111\u1ed9 l\u00ean \u0111\u1ebfn 150\u00b0C (302\u00b0F), l\u00e0m cho n\u00f3 ph\u00f9 h\u1ee3p v\u1edbi c\u00e1c \u1ee9ng d\u1ee5ng trong m\u00f4i tr\u01b0\u1eddng kh\u1eafc nghi\u1ec7t.<\/li>\n<li>Kh\u1ea3 n\u0103ng ch\u1ed1ng h\u00f3a ch\u1ea5t: Keo d\u00e1n ch\u1ed1ng l\u1ea1i h\u1ea7u h\u1ebft c\u00e1c h\u00f3a ch\u1ea5t, bao g\u1ed3m d\u1ea7u, dung m\u00f4i v\u00e0 axit, \u0111\u1ea3m b\u1ea3o \u0111\u1ed9 b\u1ec1n l\u00e2u d\u00e0i c\u1ee7a c\u00e1c m\u1ed1i n\u1ed1i.<\/li>\n<\/ul>\n<p>\u1ee8ng d\u1ee5ng<\/p>\n<p><img decoding=\"async\" title=\"loctite-401-500g-b-1\" src=\"https:\/\/yenhung.com\/wp-content\/uploads\/2025\/10\/loctite-401-500g-b-1.jpg\" alt=\"LOCTITE 401 500G\" data-thumb=\"large\" \/><\/p>\n<p>LOCTITE 401 \u0111\u01b0\u1ee3c s\u1eed d\u1ee5ng trong nhi\u1ec1u \u1ee9ng d\u1ee5ng, bao g\u1ed3m:<\/p>\n<ul>\n<li>Li\u00ean k\u1ebft kim lo\u1ea1i v\u1edbi kim lo\u1ea1i<\/li>\n<li>Li\u00ean k\u1ebft nh\u1ef1a v\u1edbi nh\u1ef1a<\/li>\n<li>Li\u00ean k\u1ebft nh\u1ef1a v\u1edbi kim lo\u1ea1i<\/li>\n<li>Li\u00ean k\u1ebft g\u1ed1m s\u1ee9 v\u1edbi kim lo\u1ea1i<\/li>\n<li>S\u1eeda ch\u1eefa c\u00e1c v\u1eadt li\u1ec7u \u0111\u00e3 b\u1ecb h\u01b0 h\u1ecfng<\/li>\n<\/ul>\n<p>\u01afu \u0111i\u1ec3m<\/p>\n<ul>\n<li>T\u1ed1c \u0111\u1ed9 \u0111\u00f3ng r\u1eafn nhanh<\/li>\n<li>\u0110\u1ed9 b\u1ec1n cao<\/li>\n<li>Kh\u1ea3 n\u0103ng ch\u1ecbu nhi\u1ec7t v\u00e0 h\u00f3a ch\u1ea5t<\/li>\n<li>D\u1ec5 s\u1eed d\u1ee5ng v\u00e0 \u00e1p d\u1ee5ng<\/li>\n<li>Ph\u00f9 h\u1ee3p v\u1edbi nhi\u1ec1u v\u1eadt li\u1ec7u<\/li>\n<li>Gi\u1ea3m th\u1eddi gian ch\u1ebft v\u00e0 t\u0103ng hi\u1ec7u qu\u1ea3<\/li>\n<\/ul>\n<p>C\u00e1ch s\u1eed d\u1ee5ng<\/p>\n<ol>\n<li>L\u00e0m s\u1ea1ch v\u00e0 lau kh\u00f4 c\u00e1c b\u1ec1 m\u1eb7t li\u00ean k\u1ebft.<\/li>\n<li>Nh\u1ecf m\u1ed9t l\u01b0\u1ee3ng keo nh\u1ecf l\u00ean m\u1ed9t trong c\u00e1c b\u1ec1 m\u1eb7t.<\/li>\n<li>\u00c9p c\u00e1c b\u1ec1 m\u1eb7t l\u1ea1i v\u1edbi nhau v\u00e0 gi\u1eef trong v\u00e0i gi\u00e2y cho \u0111\u1ebfn khi keo \u0111\u00f4ng c\u1ee9ng.<\/li>\n<\/ol>\n<p>L\u01b0u \u00fd<\/p>\n<p><img decoding=\"async\" title=\"loctite-401-500g-c-jpeg-1\" src=\"https:\/\/yenhung.com\/wp-content\/uploads\/2025\/10\/loctite-401-500g-c-jpeg-1.jpg\" alt=\"LOCTITE 401 500G\" data-thumb=\"large\" \/><\/p>\n<ul>\n<li>Tr\u00e1nh ti\u1ebfp x\u00fac v\u1edbi da v\u00e0 m\u1eaft.<\/li>\n<li>B\u1ea3o qu\u1ea3n keo d\u00e1n \u1edf n\u01a1i kh\u00f4 r\u00e1o, tho\u00e1ng m\u00e1t.<\/li>\n<li>\u0110\u1ecdc k\u1ef9 h\u01b0\u1edbng d\u1eabn an to\u00e0n tr\u01b0\u1edbc khi s\u1eed d\u1ee5ng.<\/li>\n<\/ul>\n<p>K\u1ebft lu\u1eadn<\/p>\n<p>LOCTITE 401 l\u00e0 lo\u1ea1i keo d\u00e1n c\u00f4ng nghi\u1ec7p t\u1ed1c \u0111\u1ed9 cao, \u0111\u1ed9 b\u1ec1n cao l\u00fd t\u01b0\u1edfng \u0111\u1ec3 li\u00ean k\u1ebft c\u00e1c v\u1eadt li\u1ec7u kh\u00e1c nhau. \u0110\u1ed9 b\u1ec1n cao, kh\u1ea3 n\u0103ng ch\u1ecbu nhi\u1ec7t v\u00e0 h\u00f3a ch\u1ea5t c\u1ee7a n\u00f3 l\u00e0m cho n\u00f3 ph\u00f9 h\u1ee3p v\u1edbi nhi\u1ec1u \u1ee9ng d\u1ee5ng trong c\u00e1c ng\u00e0nh c\u00f4ng nghi\u1ec7p kh\u00e1c nhau. T\u1ed1c \u0111\u1ed9 \u0111\u00f3ng r\u1eafn nhanh ch\u00f3ng gi\u00fap t\u0103ng hi\u1ec7u qu\u1ea3 s\u1ea3n xu\u1ea5t, trong khi thao t\u00e1c d\u1ec5 d\u00e0ng gi\u00fap gi\u1ea3m th\u1eddi gian ch\u1ebft.<\/p>\n<\/div>\n","protected":false},"excerpt":{"rendered":"<p><strong>T\u00ean sa\u0309n ph\u00e2\u0309m:<\/strong>LOCTITE 401 500G<br \/>\n<b>Li\u00ean h\u1ec7: 0397433258<\/b><\/p>\n","protected":false},"featured_media":5693,"comment_status":"closed","ping_status":"closed","template":"","meta":[],"product_brand":[],"product_cat":[141],"product_tag":[],"class_list":{"0":"post-5692","1":"product","2":"type-product","3":"status-publish","4":"has-post-thumbnail","6":"product_cat-loctite","8":"first","9":"instock","10":"shipping-taxable","11":"product-type-simple"},"_links":{"self":[{"href":"https:\/\/yenhung.com\/index.php?rest_route=\/wp\/v2\/product\/5692","targetHints":{"allow":["GET"]}}],"collection":[{"href":"https:\/\/yenhung.com\/index.php?rest_route=\/wp\/v2\/product"}],"about":[{"href":"https:\/\/yenhung.com\/index.php?rest_route=\/wp\/v2\/types\/product"}],"replies":[{"embeddable":true,"href":"https:\/\/yenhung.com\/index.php?rest_route=%2Fwp%2Fv2%2Fcomments&post=5692"}],"wp:featuredmedia":[{"embeddable":true,"href":"https:\/\/yenhung.com\/index.php?rest_route=\/wp\/v2\/media\/5693"}],"wp:attachment":[{"href":"https:\/\/yenhung.com\/index.php?rest_route=%2Fwp%2Fv2%2Fmedia&parent=5692"}],"wp:term":[{"taxonomy":"product_brand","embeddable":true,"href":"https:\/\/yenhung.com\/index.php?rest_route=%2Fwp%2Fv2%2Fproduct_brand&post=5692"},{"taxonomy":"product_cat","embeddable":true,"href":"https:\/\/yenhung.com\/index.php?rest_route=%2Fwp%2Fv2%2Fproduct_cat&post=5692"},{"taxonomy":"product_tag","embeddable":true,"href":"https:\/\/yenhung.com\/index.php?rest_route=%2Fwp%2Fv2%2Fproduct_tag&post=5692"}],"curies":[{"name":"wp","href":"https:\/\/api.w.org\/{rel}","templated":true}]}}