{"id":5746,"date":"2025-10-28T02:35:04","date_gmt":"2025-10-28T02:35:04","guid":{"rendered":"https:\/\/yenhung.com\/?product=keo-loctite-518-50ml"},"modified":"2026-02-11T08:08:15","modified_gmt":"2026-02-11T08:08:15","slug":"keo-loctite-518-50ml","status":"publish","type":"product","link":"https:\/\/yenhung.com\/?product=keo-loctite-518-50ml","title":{"rendered":"Keo Loctite 518 &#8211; 50ml"},"content":{"rendered":"<div class=\"ba-text-fpt\">\n<p>## LOCTITE 518 50ML: Keo Chuy\u00ean D\u1ee5ng Cho K\u1ebft D\u00ednh Kim Lo\u1ea1i Si\u00eau B\u1ec1n<\/p>\n<p>### T\u1ed5ng Quan V\u1ec1 S\u1ea3n Ph\u1ea9m<\/p>\n<h3 id=\"tong-quan-ve-san-pham\">T\u1ed5ng Quan V\u1ec1 S\u1ea3n Ph\u1ea9m<\/h3>\n<p>LOCTITE 518 50ML l\u00e0 keo d\u00e1n kh\u1ea3 n\u0103ng cao, chuy\u00ean \u0111\u01b0\u1ee3c thi\u1ebft k\u1ebf \u0111\u1ec3 k\u1ebft d\u00ednh nhanh ch\u00f3ng v\u00e0 b\u1ec1n ch\u1eafc c\u00e1c b\u1ec1 m\u1eb7t kim lo\u1ea1i. C\u00f4ng th\u1ee9c \u0111\u1ed9c \u0111\u00e1o c\u1ee7a lo\u1ea1i keo n\u00e0y t\u1ea1o ra m\u1ed1i li\u00ean k\u1ebft b\u1ec1n v\u1eefng ngay c\u1ea3 trong nh\u1eefng \u0111i\u1ec1u ki\u1ec7n kh\u1eafc nghi\u1ec7t.<\/p>\n<p>### T\u00ednh N\u0103ng v\u00e0 L\u1ee3i \u00cdch Ch\u00ednh<\/p>\n<h3 id=\"tinh-nang-va-loi-ich-chinh\">T\u00ednh N\u0103ng v\u00e0 L\u1ee3i \u00cdch Ch\u00ednh<\/h3>\n<ul>\n<li>**Kh\u1ea3 n\u0103ng k\u1ebft d\u00ednh si\u00eau b\u1ec1n:** T\u1ea1o ra li\u00ean k\u1ebft b\u1ec1n ch\u1eafc ch\u1ecbu \u0111\u01b0\u1ee3c t\u1ea3i tr\u1ecdng cao v\u00e0 l\u1ef1c rung.<\/li>\n<li>**Ch\u1ecbu nhi\u1ec7t \u0111\u1ed9 cao:** Ch\u1ecbu \u0111\u01b0\u1ee3c nhi\u1ec7t \u0111\u1ed9 l\u00ean \u0111\u1ebfn 150\u00b0C, ph\u00f9 h\u1ee3p cho c\u00e1c \u1ee9ng d\u1ee5ng \u0111\u00f2i h\u1ecfi kh\u1ea3 n\u0103ng ch\u1ecbu nhi\u1ec7t.<\/li>\n<li>**Kh\u1ea3 n\u0103ng ch\u1ecbu h\u00f3a ch\u1ea5t:** Ch\u1ecbu \u0111\u01b0\u1ee3c t\u00e1c \u0111\u1ed9ng c\u1ee7a nhi\u1ec1u lo\u1ea1i h\u00f3a ch\u1ea5t, bao g\u1ed3m d\u1ea7u, nhi\u00ean li\u1ec7u v\u00e0 dung m\u00f4i.<\/li>\n<li>**Kh\u1ea3 n\u0103ng l\u1ea5p khe h\u1edf:** L\u1ea5p \u0111\u1ea7y v\u00e0 b\u1ecbt k\u00edn c\u00e1c khe h\u1edf l\u00ean \u0111\u1ebfn 0,25 mm.<\/li>\n<li>**Kh\u00f4 nhanh:** \u0110\u1ea1t \u0111\u1ebfn c\u01b0\u1eddng \u0111\u1ed9 cao trong v\u00f2ng v\u00e0i ph\u00fat, gi\u00fap t\u0103ng n\u0103ng su\u1ea5t.<\/li>\n<\/ul>\n<p>### C\u00e1c \u1ee8ng D\u1ee5ng Ti\u00eau Bi\u1ec3u<\/p>\n<h3 id=\"cac-ung-dung-tieu-bieu\">C\u00e1c \u1ee8ng D\u1ee5ng Ti\u00eau Bi\u1ec3u<\/h3>\n<p>LOCTITE 518 50ML \u0111\u01b0\u1ee3c s\u1eed d\u1ee5ng r\u1ed9ng r\u00e3i trong c\u00e1c \u1ee9ng d\u1ee5ng c\u00f4ng nghi\u1ec7p v\u00e0 th\u01b0\u01a1ng m\u1ea1i, bao g\u1ed3m:<\/p>\n<ul>\n<li>K\u1ebft d\u00ednh c\u00e1c th\u00e0nh ph\u1ea7n kim lo\u1ea1i trong \u0111\u1ed9ng c\u01a1, m\u00e1y b\u01a1m v\u00e0 h\u1ed9p s\u1ed1.<\/li>\n<li>S\u1eeda ch\u1eefa c\u00e1c b\u1ed9 ph\u1eadn b\u1ecb n\u1ee9t ho\u1eb7c v\u1ee1 trong m\u00e1y m\u00f3c v\u00e0 thi\u1ebft b\u1ecb.<\/li>\n<li>B\u1ecbt k\u00edn c\u00e1c \u0111\u01b0\u1eddng \u1ed1ng v\u00e0 \u0111\u01b0\u1eddng \u1ed1ng d\u1eabn.<\/li>\n<li>K\u1ebft d\u00ednh c\u00e1c t\u1ea5m kim lo\u1ea1i trong c\u00e1c \u1ee9ng d\u1ee5ng ch\u1ebf t\u1ea1o v\u00e0 gia c\u00f4ng.<\/li>\n<\/ul>\n<p>### H\u01b0\u1edbng D\u1eabn S\u1eed D\u1ee5ng<\/p>\n<h3 id=\"huong-dan-su-dung\">H\u01b0\u1edbng D\u1eabn S\u1eed D\u1ee5ng<\/h3>\n<ol>\n<li>L\u00e0m s\u1ea1ch v\u00e0 l\u00e0m kh\u00f4 c\u00e1c b\u1ec1 m\u1eb7t c\u1ea7n k\u1ebft d\u00ednh.<\/li>\n<li>Ch\u1ea5m m\u1ed9t l\u01b0\u1ee3ng nh\u1ecf LOCTITE 518 l\u00ean m\u1ed9t trong c\u00e1c b\u1ec1 m\u1eb7t.<\/li>\n<li>Gh\u00e9p c\u00e1c b\u1ed9 ph\u1eadn l\u1ea1i v\u1edbi nhau v\u00e0 gi\u1eef ch\u1eb7t trong v\u00e0i ph\u00fat.<\/li>\n<li>\u0110\u1ec3 keo kh\u00f4 ho\u00e0n to\u00e0n trong 24 gi\u1edd.<\/li>\n<\/ol>\n<p>### Th\u00f4ng S\u1ed1 K\u1ef9 Thu\u1eadt<\/p>\n<h3 id=\"thong-so-ky-thuat\">Th\u00f4ng S\u1ed1 K\u1ef9 Thu\u1eadt<\/h3>\n<table border=\"1\">\n<tbody>\n<tr>\n<th>Th\u00f4ng s\u1ed1<\/th>\n<th>Gi\u00e1 tr\u1ecb<\/th>\n<\/tr>\n<tr>\n<td>Th\u00e0nh ph\u1ea7n<\/td>\n<td>Este metacrylate<\/td>\n<\/tr>\n<tr>\n<td>\u0110\u1ed9 nh\u1edbt<\/td>\n<td>50-100 mPa\u00b7s<\/td>\n<\/tr>\n<tr>\n<td>Kho\u1ea3ng c\u00e1ch khe h\u1edf<\/td>\n<td>L\u00ean \u0111\u1ebfn 0,25 mm<\/td>\n<\/tr>\n<tr>\n<td>Th\u1eddi gian \u0111\u00f3ng r\u1eafn ban \u0111\u1ea7u<\/td>\n<td>V\u00e0i ph\u00fat<\/td>\n<\/tr>\n<tr>\n<td>Th\u1eddi gian \u0111\u00f3ng r\u1eafn ho\u00e0n to\u00e0n<\/td>\n<td>24 gi\u1edd<\/td>\n<\/tr>\n<tr>\n<td>Nhi\u1ec7t \u0111\u1ed9 s\u1eed d\u1ee5ng<\/td>\n<td>-55\u00b0C \u0111\u1ebfn +150\u00b0C<\/td>\n<\/tr>\n<tr>\n<td>M\u00e0u s\u1eafc<\/td>\n<td>Xanh l\u1ee5c<\/td>\n<\/tr>\n<\/tbody>\n<\/table>\n<p>### K\u1ebft Lu\u1eadn<\/p>\n<h3 id=\"ket-luan\">K\u1ebft Lu\u1eadn<\/h3>\n<p>LOCTITE 518 50ML l\u00e0 l\u1ef1a ch\u1ecdn l\u00fd t\u01b0\u1edfng cho c\u00e1c \u1ee9ng d\u1ee5ng \u0111\u00f2i h\u1ecfi kh\u1ea3 n\u0103ng k\u1ebft d\u00ednh kim lo\u1ea1i si\u00eau b\u1ec1n v\u00e0 \u0111\u00e1ng tin c\u1eady. V\u1edbi c\u00f4ng th\u1ee9c ti\u00ean ti\u1ebfn v\u00e0 kh\u1ea3 n\u0103ng ch\u1ecbu nhi\u1ec7t v\u00e0 h\u00f3a ch\u1ea5t v\u01b0\u1ee3t tr\u1ed9i, lo\u1ea1i keo n\u00e0y \u0111\u1ea3m b\u1ea3o c\u00e1c m\u1ed1i li\u00ean k\u1ebft ch\u1eafc ch\u1eafn v\u00e0 b\u1ec1n l\u00e2u cho nhi\u1ec1u \u1ee9ng d\u1ee5ng c\u00f4ng nghi\u1ec7p v\u00e0 th\u01b0\u01a1ng m\u1ea1i.<\/p>\n<\/div>\n","protected":false},"excerpt":{"rendered":"<p><strong>T\u00ean sa\u0309n ph\u00e2\u0309m:<\/strong>LOCTITE 518 50ML<br \/>\n<strong>Li\u00ean H\u1ec7<\/strong>: 0397.433.258<\/p>\n","protected":false},"featured_media":5747,"comment_status":"closed","ping_status":"closed","template":"","meta":[],"product_brand":[],"product_cat":[141],"product_tag":[],"class_list":{"0":"post-5746","1":"product","2":"type-product","3":"status-publish","4":"has-post-thumbnail","6":"product_cat-loctite","8":"first","9":"instock","10":"shipping-taxable","11":"product-type-simple"},"_links":{"self":[{"href":"https:\/\/yenhung.com\/index.php?rest_route=\/wp\/v2\/product\/5746","targetHints":{"allow":["GET"]}}],"collection":[{"href":"https:\/\/yenhung.com\/index.php?rest_route=\/wp\/v2\/product"}],"about":[{"href":"https:\/\/yenhung.com\/index.php?rest_route=\/wp\/v2\/types\/product"}],"replies":[{"embeddable":true,"href":"https:\/\/yenhung.com\/index.php?rest_route=%2Fwp%2Fv2%2Fcomments&post=5746"}],"wp:featuredmedia":[{"embeddable":true,"href":"https:\/\/yenhung.com\/index.php?rest_route=\/wp\/v2\/media\/5747"}],"wp:attachment":[{"href":"https:\/\/yenhung.com\/index.php?rest_route=%2Fwp%2Fv2%2Fmedia&parent=5746"}],"wp:term":[{"taxonomy":"product_brand","embeddable":true,"href":"https:\/\/yenhung.com\/index.php?rest_route=%2Fwp%2Fv2%2Fproduct_brand&post=5746"},{"taxonomy":"product_cat","embeddable":true,"href":"https:\/\/yenhung.com\/index.php?rest_route=%2Fwp%2Fv2%2Fproduct_cat&post=5746"},{"taxonomy":"product_tag","embeddable":true,"href":"https:\/\/yenhung.com\/index.php?rest_route=%2Fwp%2Fv2%2Fproduct_tag&post=5746"}],"curies":[{"name":"wp","href":"https:\/\/api.w.org\/{rel}","templated":true}]}}