{"id":5752,"date":"2025-10-28T02:35:12","date_gmt":"2025-10-28T02:35:12","guid":{"rendered":"https:\/\/yenhung.com\/?product=keo-loctite-515-50ml"},"modified":"2026-02-11T08:02:48","modified_gmt":"2026-02-11T08:02:48","slug":"keo-loctite-515-50ml","status":"publish","type":"product","link":"https:\/\/yenhung.com\/?product=keo-loctite-515-50ml","title":{"rendered":"Keo Loctite 515 50ml"},"content":{"rendered":"<div class=\"ba-text-fpt\">\n<h2><strong>LOCTITE 515 50ML: Keo ch\u1ed1ng ch\u1ea3y r\u00f3t d\u1ea1ng gel hi\u1ec7u su\u1ea5t cao<\/strong><\/h2>\n<p>Gi\u1edbi thi\u1ec7u<\/p>\n<p><img decoding=\"async\" title=\"lt-515-50-c-1753263677066-1\" src=\"https:\/\/yenhung.com\/wp-content\/uploads\/2025\/10\/lt-515-50-c-1753263677066-1.jpg\" alt=\"LOCTITE 515 50ML\" data-thumb=\"large\" \/><\/p>\n<p>LOCTITE 515 50ML l\u00e0 m\u1ed9t lo\u1ea1i keo ch\u1ed1ng ch\u1ea3y r\u00f3t d\u1ea1ng gel xanh c\u00f3 \u0111\u1ed9 nh\u1edbt cao, \u0111\u01b0\u1ee3c thi\u1ebft k\u1ebf \u0111\u1ec3 ch\u1ed1ng th\u1ea5m hi\u1ec7u qu\u1ea3 c\u00e1c m\u1ed1i gh\u00e9p d\u1ea1ng ren. S\u1ea3n ph\u1ea9m n\u00e0y c\u00f3 c\u00f4ng th\u1ee9c \u0111\u1eb7c bi\u1ec7t v\u1edbi kh\u1ea3 n\u0103ng l\u1ea5p \u0111\u1ea7y khe h\u1edf cao, mang l\u1ea1i kh\u1ea3 n\u0103ng ni\u00eam phong v\u01b0\u1ee3t tr\u1ed9i cho c\u00e1c m\u1ed1i gh\u00e9p \u0111\u01b0\u1eddng \u1ed1ng v\u00e0 m\u00e1y m\u00f3c.<\/p>\n<p>C\u00e1c t\u00ednh n\u0103ng v\u00e0 l\u1ee3i \u00edch<\/p>\n<ul>\n<li><b>D\u1ea1ng gel:<\/b> Gel xanh c\u00f3 \u0111\u1ed9 nh\u1edbt cao gi\u00fap b\u00e1m d\u00ednh tuy\u1ec7t v\u1eddi v\u00e0o c\u00e1c b\u1ec1 m\u1eb7t ren<\/li>\n<li><b>L\u1ea5p \u0111\u1ea7y khe h\u1edf:<\/b> Kh\u1ea3 n\u0103ng l\u1ea5p \u0111\u1ea7y khe h\u1edf tuy\u1ec7t v\u1eddi l\u00ean \u0111\u1ebfn 0,25 mm (0,01 in)<\/li>\n<li><b>Ch\u1ed1ng rung \u0111\u1ed9ng:<\/b> Ch\u1ecbu \u0111\u01b0\u1ee3c rung \u0111\u1ed9ng v\u00e0 va \u0111\u1eadp m\u00e0 kh\u00f4ng b\u1ecb n\u1edbi l\u1ecfng<\/li>\n<li><b>Ch\u1ecbu nhi\u1ec7t \u0111\u1ed9 cao:<\/b> C\u00f3 th\u1ec3 ch\u1ecbu \u0111\u01b0\u1ee3c nhi\u1ec7t \u0111\u1ed9 l\u00ean \u0111\u1ebfn 150\u00b0C (302\u00b0F)<\/li>\n<li><b>Ch\u1ee9ng nh\u1eadn NSF:<\/b> Kh\u00f4ng \u0111\u1ed9c h\u1ea1i, an to\u00e0n \u0111\u1ec3 s\u1eed d\u1ee5ng trong c\u00e1c \u1ee9ng d\u1ee5ng ti\u1ebfp x\u00fac v\u1edbi th\u1ef1c ph\u1ea9m<\/li>\n<\/ul>\n<p>\u1ee8ng d\u1ee5ng<\/p>\n<p><img decoding=\"async\" title=\"lt-515-50-b-1753263677602-1\" src=\"https:\/\/yenhung.com\/wp-content\/uploads\/2025\/10\/lt-515-50-b-1753263677602-1.jpg\" alt=\"LOCTITE 515 50ML\" data-thumb=\"large\" \/><\/p>\n<p>LOCTITE 515 50ML l\u00fd t\u01b0\u1edfng cho c\u00e1c \u1ee9ng d\u1ee5ng sau:<\/p>\n<ul>\n<li>Ch\u1ed1ng r\u00f2 r\u1ec9 trong c\u00e1c m\u1ed1i gh\u00e9p \u0111\u01b0\u1eddng \u1ed1ng n\u01b0\u1edbc v\u00e0 kh\u00ed<\/li>\n<li>Ni\u00eam phong c\u00e1c m\u1ed1i gh\u00e9p ren tr\u00ean m\u00e1y b\u01a1m, m\u00e1y n\u00e9n v\u00e0 \u0111\u1ed9ng c\u01a1<\/li>\n<li>B\u1ea3o v\u1ec7 c\u00e1c b\u1ed9 ph\u1eadn kim lo\u1ea1i kh\u1ecfi \u0103n m\u00f2n<\/li>\n<li>S\u1eeda ch\u1eefa c\u00e1c m\u1ed1i gh\u00e9p \u0111\u00e3 b\u1ecb h\u01b0 h\u1ecfng ho\u1eb7c ch\u1ea3y r\u00f3t<\/li>\n<\/ul>\n<p>H\u01b0\u1edbng d\u1eabn s\u1eed d\u1ee5ng<\/p>\n<ol>\n<li>L\u00e0m s\u1ea1ch v\u00e0 l\u00e0m kh\u00f4 c\u00e1c b\u1ec1 m\u1eb7t c\u1ea7n gh\u00e9p n\u1ed1i.<\/li>\n<li>Thoa m\u1ed9t l\u01b0\u1ee3ng nh\u1ecf keo l\u00ean ren c\u1ee7a m\u1ed9t trong c\u00e1c b\u1ed9 ph\u1eadn.<\/li>\n<li>V\u1eb7n ch\u1eb7t c\u00e1c b\u1ed9 ph\u1eadn theo h\u01b0\u1edbng d\u1eabn c\u1ee7a nh\u00e0 s\u1ea3n xu\u1ea5t.<\/li>\n<li>Lau s\u1ea1ch keo th\u1eeba b\u1eb1ng kh\u0103n s\u1ea1ch.<\/li>\n<li>\u0110\u1ec3 keo kh\u00f4 trong \u00edt nh\u1ea5t 24 gi\u1edd tr\u01b0\u1edbc khi \u0111\u01b0a v\u00e0o s\u1eed d\u1ee5ng.<\/li>\n<\/ol>\n<p>L\u01b0u \u00fd<\/p>\n<p><img decoding=\"async\" title=\"lt-515-50-a-1753263677974-1\" src=\"https:\/\/yenhung.com\/wp-content\/uploads\/2025\/10\/lt-515-50-a-1753263677974-1.png\" alt=\"LOCTITE 515 50ML\" data-thumb=\"large\" \/><\/p>\n<ul>\n<li>Kh\u00f4ng s\u1eed d\u1ee5ng tr\u00ean c\u00e1c b\u1ec1 m\u1eb7t c\u00f3 \u0111\u1ed9 kh\u00edt cao ho\u1eb7c c\u00e1c l\u1ed7 nh\u1ecf.<\/li>\n<li>Kh\u00f4ng s\u1eed d\u1ee5ng tr\u00ean nh\u1ef1a ho\u1eb7c b\u1ec1 m\u1eb7t x\u1ed1p.<\/li>\n<li>Tr\u00e1nh ti\u1ebfp x\u00fac v\u1edbi da v\u00e0 m\u1eaft.<\/li>\n<li>B\u1ea3o qu\u1ea3n n\u01a1i kh\u00f4 r\u00e1o, tho\u00e1ng m\u00e1t.<\/li>\n<\/ul>\n<p>K\u1ebft lu\u1eadn<\/p>\n<p>LOCTITE 515 50ML l\u00e0 m\u1ed9t gi\u1ea3i ph\u00e1p hi\u1ec7u qu\u1ea3 v\u00e0 \u0111\u00e1ng tin c\u1eady \u0111\u1ec3 ch\u1ed1ng ch\u1ea3y r\u00f3t trong c\u00e1c m\u1ed1i gh\u00e9p d\u1ea1ng ren. V\u1edbi kh\u1ea3 n\u0103ng l\u1ea5p \u0111\u1ea7y khe h\u1edf cao, kh\u1ea3 n\u0103ng ch\u1ecbu nhi\u1ec7t v\u00e0 rung \u0111\u1ed9ng tuy\u1ec7t v\u1eddi, s\u1ea3n ph\u1ea9m n\u00e0y l\u00e0 l\u1ef1a ch\u1ecdn ho\u00e0n h\u1ea3o cho m\u1ed9t lo\u1ea1t c\u00e1c \u1ee9ng d\u1ee5ng c\u00f4ng nghi\u1ec7p v\u00e0 gia \u0111\u00ecnh.<\/p>\n<\/div>\n","protected":false},"excerpt":{"rendered":"<p><strong>T\u00ean sa\u0309n ph\u00e2\u0309m:<\/strong>LOCTITE 515 50ML<br \/>\n<strong>Li\u00ean H\u1ec7<\/strong>: 0397.433.258<\/p>\n","protected":false},"featured_media":5753,"comment_status":"closed","ping_status":"closed","template":"","meta":[],"product_brand":[],"product_cat":[141],"product_tag":[],"class_list":{"0":"post-5752","1":"product","2":"type-product","3":"status-publish","4":"has-post-thumbnail","6":"product_cat-loctite","8":"first","9":"instock","10":"shipping-taxable","11":"product-type-simple"},"_links":{"self":[{"href":"https:\/\/yenhung.com\/index.php?rest_route=\/wp\/v2\/product\/5752","targetHints":{"allow":["GET"]}}],"collection":[{"href":"https:\/\/yenhung.com\/index.php?rest_route=\/wp\/v2\/product"}],"about":[{"href":"https:\/\/yenhung.com\/index.php?rest_route=\/wp\/v2\/types\/product"}],"replies":[{"embeddable":true,"href":"https:\/\/yenhung.com\/index.php?rest_route=%2Fwp%2Fv2%2Fcomments&post=5752"}],"wp:featuredmedia":[{"embeddable":true,"href":"https:\/\/yenhung.com\/index.php?rest_route=\/wp\/v2\/media\/5753"}],"wp:attachment":[{"href":"https:\/\/yenhung.com\/index.php?rest_route=%2Fwp%2Fv2%2Fmedia&parent=5752"}],"wp:term":[{"taxonomy":"product_brand","embeddable":true,"href":"https:\/\/yenhung.com\/index.php?rest_route=%2Fwp%2Fv2%2Fproduct_brand&post=5752"},{"taxonomy":"product_cat","embeddable":true,"href":"https:\/\/yenhung.com\/index.php?rest_route=%2Fwp%2Fv2%2Fproduct_cat&post=5752"},{"taxonomy":"product_tag","embeddable":true,"href":"https:\/\/yenhung.com\/index.php?rest_route=%2Fwp%2Fv2%2Fproduct_tag&post=5752"}],"curies":[{"name":"wp","href":"https:\/\/api.w.org\/{rel}","templated":true}]}}