{"id":5792,"date":"2025-10-28T02:35:46","date_gmt":"2025-10-28T02:35:46","guid":{"rendered":"https:\/\/yenhung.com\/?product=keo-loctite-495-20g"},"modified":"2026-02-11T08:00:06","modified_gmt":"2026-02-11T08:00:06","slug":"keo-loctite-495-20g","status":"publish","type":"product","link":"https:\/\/yenhung.com\/?product=keo-loctite-495-20g","title":{"rendered":"Keo Loctite 495 20g"},"content":{"rendered":"<div class=\"ba-text-fpt\">\n<h2><strong>LOCTITE 495 20G<\/strong>: Keo d\u00e1n \u0111a n\u0103ng cho \u1ee9ng d\u1ee5ng c\u00f4ng nghi\u1ec7p<\/h2>\n<h3><img decoding=\"async\" title=\"lt-495-20-a-1752738073888-2\" src=\"https:\/\/yenhung.com\/wp-content\/uploads\/2025\/10\/lt-495-20-a-1752738073888-2.jpg\" alt=\"Loctite 495 20g\" data-thumb=\"large\" \/><\/h3>\n<p>LOCTITE 495 20G l\u00e0 m\u1ed9t lo\u1ea1i keo d\u00e1n c\u01b0\u1eddng l\u1ef1c, \u0111\u01a1n th\u00e0nh ph\u1ea7n, \u0111a n\u0103ng, \u0111\u01b0\u1ee3c thi\u1ebft k\u1ebf \u0111\u00e1p \u1ee9ng nhu c\u1ea7u li\u00ean k\u1ebft trong c\u00e1c \u1ee9ng d\u1ee5ng c\u00f4ng nghi\u1ec7p kh\u1eafc nghi\u1ec7t. S\u1ea3n ph\u1ea9m n\u00e0y l\u00fd t\u01b0\u1edfng cho c\u1ea3 li\u00ean k\u1ebft kim lo\u1ea1i v\u00e0 nh\u1ef1a, cung c\u1ea5p kh\u1ea3 n\u0103ng b\u00e1m d\u00ednh tuy\u1ec7t v\u1eddi, ch\u1ecbu nhi\u1ec7t t\u1ed1t v\u00e0 kh\u1ea3 n\u0103ng ch\u1ed1ng h\u00f3a ch\u1ea5t.<\/p>\n<h3>C\u00e1c t\u00ednh n\u0103ng ch\u00ednh<\/h3>\n<ul>\n<li><strong>Kh\u1ea3 n\u0103ng b\u00e1m d\u00ednh tuy\u1ec7t v\u1eddi:<\/strong> LOCTITE 495 20G t\u1ea1o ra m\u1ed1i li\u00ean k\u1ebft ch\u1eafc ch\u1eafn gi\u1eefa nhi\u1ec1u lo\u1ea1i v\u1eadt li\u1ec7u, bao g\u1ed3m kim lo\u1ea1i, nh\u1ef1a, g\u1ed1m s\u1ee9 v\u00e0 th\u1ee7y tinh.<\/li>\n<li><strong>Ch\u1ecbu nhi\u1ec7t t\u1ed1t:<\/strong> Keo d\u00e1n c\u00f3 th\u1ec3 ch\u1ecbu \u0111\u01b0\u1ee3c nhi\u1ec7t \u0111\u1ed9 li\u00ean t\u1ee5c l\u00ean \u0111\u1ebfn 150\u00b0C v\u00e0 nhi\u1ec7t \u0111\u1ed9 ng\u1eafn h\u1ea1n l\u00ean \u0111\u1ebfn 200\u00b0C.<\/li>\n<li><strong>Kh\u1ea3 n\u0103ng ch\u1ed1ng h\u00f3a ch\u1ea5t:<\/strong> LOCTITE 495 20G c\u00f3 kh\u1ea3 n\u0103ng ch\u1ed1ng l\u1ea1i nhi\u1ec1u lo\u1ea1i h\u00f3a ch\u1ea5t, bao g\u1ed3m d\u1ea7u, nhi\u00ean li\u1ec7u, dung m\u00f4i v\u00e0 axit y\u1ebfu.<\/li>\n<li><strong>Kh\u00f4 nhanh:<\/strong> Keo d\u00e1n kh\u00f4 nhanh \u1edf nhi\u1ec7t \u0111\u1ed9 ph\u00f2ng, gi\u00fap gi\u1ea3m th\u1eddi gian l\u1eafp r\u00e1p v\u00e0 ti\u1ebft ki\u1ec7m th\u1eddi gian s\u1ea3n xu\u1ea5t.<\/li>\n<li><strong>Ti\u1ebft ki\u1ec7m:<\/strong> Bao b\u00ec 20g nh\u1ecf g\u1ecdn, l\u00fd t\u01b0\u1edfng cho c\u00e1c \u1ee9ng d\u1ee5ng c\u1ea7n l\u01b0\u1ee3ng keo d\u00e1n nh\u1ecf.<\/li>\n<\/ul>\n<h3>C\u00e1c \u1ee9ng d\u1ee5ng<\/h3>\n<p><img decoding=\"async\" title=\"lt-495-20-b-1752738072404-1\" src=\"https:\/\/yenhung.com\/wp-content\/uploads\/2025\/10\/lt-495-20-b-1752738072404-1.jpg\" alt=\"Loctite 495 20g\" data-thumb=\"large\" \/><\/p>\n<p>LOCTITE 495 20G c\u00f3 ph\u1ea1m vi \u1ee9ng d\u1ee5ng r\u1ed9ng r\u00e3i trong c\u00e1c ng\u00e0nh c\u00f4ng nghi\u1ec7p kh\u00e1c nhau, bao g\u1ed3m:<\/p>\n<ul>\n<li><strong>Ng\u00e0nh \u00f4 t\u00f4:<\/strong> Li\u00ean k\u1ebft c\u00e1c b\u1ed9 ph\u1eadn kim lo\u1ea1i, nh\u1ef1a v\u00e0 cao su.<\/li>\n<li><strong>Ng\u00e0nh \u0111i\u1ec7n t\u1eed:<\/strong> Li\u00ean k\u1ebft c\u00e1c th\u00e0nh ph\u1ea7n \u0111i\u1ec7n t\u1eed v\u00e0 c\u1ed1 \u0111\u1ecbnh \u0111\u1ea7u n\u1ed1i.<\/li>\n<li><strong>Ng\u00e0nh ch\u1ebf t\u1ea1o m\u00e1y:<\/strong> Li\u00ean k\u1ebft c\u00e1c b\u1ed9 ph\u1eadn m\u00e1y m\u00f3c, c\u1ed1 \u0111\u1ecbnh v\u00f2ng bi v\u00e0 ph\u1edbt.<\/li>\n<li><strong>Ng\u00e0nh h\u00e0ng kh\u00f4ng v\u0169 tr\u1ee5:<\/strong> Li\u00ean k\u1ebft c\u00e1c v\u1eadt li\u1ec7u composite v\u00e0 kim lo\u1ea1i trong c\u00e1c \u1ee9ng d\u1ee5ng c\u00f3 t\u1ea3i tr\u1ecdng cao.<\/li>\n<li><strong>Ng\u00e0nh h\u00e0ng ti\u00eau d\u00f9ng:<\/strong> Li\u00ean k\u1ebft c\u00e1c v\u1eadt li\u1ec7u trong c\u00e1c s\u1ea3n ph\u1ea9m gia d\u1ee5ng, \u0111\u1ed3 ch\u01a1i v\u00e0 thi\u1ebft b\u1ecb th\u1ec3 thao.<\/li>\n<\/ul>\n<h3>H\u01b0\u1edbng d\u1eabn s\u1eed d\u1ee5ng<\/h3>\n<ol>\n<li>L\u00e0m s\u1ea1ch v\u00e0 lo\u1ea1i b\u1ecf d\u1ea7u m\u1ee1 kh\u1ecfi c\u00e1c b\u1ec1 m\u1eb7t c\u1ea7n li\u00ean k\u1ebft.<\/li>\n<li>Thoa m\u1ed9t l\u01b0\u1ee3ng nh\u1ecf LOCTITE 495 20G l\u00ean m\u1ed9t b\u1ec1 m\u1eb7t.<\/li>\n<li>Gh\u00e9p c\u00e1c b\u1ec1 m\u1eb7t l\u1ea1i v\u1edbi nhau v\u00e0 gi\u1eef ch\u1eb7t trong v\u00e0i gi\u00e2y.<\/li>\n<li>\u0110\u1ec3 kh\u00f4 \u00edt nh\u1ea5t 24 gi\u1edd \u0111\u1ec3 \u0111\u1ea1t \u0111\u01b0\u1ee3c \u0111\u1ed9 b\u00e1m d\u00ednh t\u1ed1i \u0111a.<\/li>\n<\/ol>\n<h3>Th\u00f4ng s\u1ed1 k\u1ef9 thu\u1eadt<\/h3>\n<ul>\n<li>Th\u00e0nh ph\u1ea7n: Methacrylat<\/li>\n<li>M\u00e0u s\u1eafc: Trong su\u1ed1t<\/li>\n<li>\u0110\u1ed9 nh\u1edbt: 1.000 &#8211; 1.500 mPa\u00b7s<\/li>\n<li>Th\u1eddi gian c\u1ed1 \u0111\u1ecbnh: 2 &#8211; 10 ph\u00fat<\/li>\n<li>C\u01b0\u1eddng \u0111\u1ed9 li\u00ean k\u1ebft: 10 &#8211; 20 MPa<\/li>\n<li>Ph\u1ea1m vi nhi\u1ec7t \u0111\u1ed9 ho\u1ea1t \u0111\u1ed9ng: -40\u00b0C \u0111\u1ebfn +150\u00b0C<\/li>\n<\/ul>\n<h3>L\u1ee3i \u00edch<\/h3>\n<ul>\n<li>\u0110\u1ed9 b\u1ec1n v\u00e0 \u0111\u1ed9 tin c\u1eady cao trong c\u00e1c \u1ee9ng d\u1ee5ng c\u00f4ng nghi\u1ec7p kh\u1eafc nghi\u1ec7t.<\/li>\n<li>Ti\u1ebft ki\u1ec7m th\u1eddi gian v\u00e0 chi ph\u00ed l\u1eafp r\u00e1p v\u1edbi th\u1eddi gian c\u1ed1 \u0111\u1ecbnh nhanh.<\/li>\n<li>Gi\u1ea3m nguy c\u01a1 h\u1ecfng h\u00f3c v\u00e0 b\u1ea3o tr\u00ec v\u1edbi kh\u1ea3 n\u0103ng ch\u1ecbu t\u1ea3i cao.<\/li>\n<li>S\u1eed d\u1ee5ng linh ho\u1ea1t cho nhi\u1ec1u lo\u1ea1i v\u1eadt li\u1ec7u v\u00e0 \u1ee9ng d\u1ee5ng.<\/li>\n<\/ul>\n<h3><img decoding=\"async\" title=\"lt-495-20-c-1752738070937-1\" src=\"https:\/\/yenhung.com\/wp-content\/uploads\/2025\/10\/lt-495-20-c-1752738070937-1.jpg\" alt=\"Loctite 495 20g\" data-thumb=\"large\" \/><\/h3>\n<p>LOCTITE 495 20G l\u00e0 l\u1ef1a ch\u1ecdn l\u00fd t\u01b0\u1edfng cho nhu c\u1ea7u li\u00ean k\u1ebft trong c\u00e1c \u1ee9ng d\u1ee5ng c\u00f4ng nghi\u1ec7p y\u00eau c\u1ea7u \u0111\u1ed9 b\u1ec1n, kh\u1ea3 n\u0103ng ch\u1ed1ng nhi\u1ec7t v\u00e0 ch\u1ed1ng h\u00f3a ch\u1ea5t. S\u1ea3n ph\u1ea9m n\u00e0y cung c\u1ea5p m\u1ed1i li\u00ean k\u1ebft ch\u1eafc ch\u1eafn, gi\u00fap t\u0103ng tu\u1ed5i th\u1ecd v\u00e0 hi\u1ec7u su\u1ea5t cho c\u00e1c s\u1ea3n ph\u1ea9m v\u00e0 th\u00e0nh ph\u1ea7n. Quy c\u00e1ch \u0111\u00f3ng g\u00f3i nh\u1ecf 20g mang \u0111\u1ebfn s\u1ef1 ti\u1ec7n l\u1ee3i v\u00e0 ti\u1ebft ki\u1ec7m cho c\u00e1c \u1ee9ng d\u1ee5ng c\u1ea7n l\u01b0\u1ee3ng keo d\u00e1n nh\u1ecf.<\/p>\n<\/div>\n","protected":false},"excerpt":{"rendered":"<p><strong>T\u00ean sa\u0309n ph\u00e2\u0309m:<\/strong>LOCTITE 495 20G<br \/>\n<strong>Li\u00ean H\u1ec7<\/strong>: 0397.433.258<\/p>\n","protected":false},"featured_media":5793,"comment_status":"closed","ping_status":"closed","template":"","meta":[],"product_brand":[],"product_cat":[141],"product_tag":[],"class_list":{"0":"post-5792","1":"product","2":"type-product","3":"status-publish","4":"has-post-thumbnail","6":"product_cat-loctite","8":"first","9":"instock","10":"shipping-taxable","11":"product-type-simple"},"_links":{"self":[{"href":"https:\/\/yenhung.com\/index.php?rest_route=\/wp\/v2\/product\/5792","targetHints":{"allow":["GET"]}}],"collection":[{"href":"https:\/\/yenhung.com\/index.php?rest_route=\/wp\/v2\/product"}],"about":[{"href":"https:\/\/yenhung.com\/index.php?rest_route=\/wp\/v2\/types\/product"}],"replies":[{"embeddable":true,"href":"https:\/\/yenhung.com\/index.php?rest_route=%2Fwp%2Fv2%2Fcomments&post=5792"}],"wp:featuredmedia":[{"embeddable":true,"href":"https:\/\/yenhung.com\/index.php?rest_route=\/wp\/v2\/media\/5793"}],"wp:attachment":[{"href":"https:\/\/yenhung.com\/index.php?rest_route=%2Fwp%2Fv2%2Fmedia&parent=5792"}],"wp:term":[{"taxonomy":"product_brand","embeddable":true,"href":"https:\/\/yenhung.com\/index.php?rest_route=%2Fwp%2Fv2%2Fproduct_brand&post=5792"},{"taxonomy":"product_cat","embeddable":true,"href":"https:\/\/yenhung.com\/index.php?rest_route=%2Fwp%2Fv2%2Fproduct_cat&post=5792"},{"taxonomy":"product_tag","embeddable":true,"href":"https:\/\/yenhung.com\/index.php?rest_route=%2Fwp%2Fv2%2Fproduct_tag&post=5792"}],"curies":[{"name":"wp","href":"https:\/\/api.w.org\/{rel}","templated":true}]}}