{"id":5800,"date":"2025-10-28T02:35:53","date_gmt":"2025-10-28T02:35:53","guid":{"rendered":"https:\/\/yenhung.com\/?product=keo-loctite-411-20g"},"modified":"2026-02-11T07:59:53","modified_gmt":"2026-02-11T07:59:53","slug":"keo-loctite-411-20g","status":"publish","type":"product","link":"https:\/\/yenhung.com\/?product=keo-loctite-411-20g","title":{"rendered":"Keo Loctite 411 20g"},"content":{"rendered":"<div class=\"ba-text-fpt\">\n<h2><strong>LOCTITE 411 20G: Keo Ch\u1ed1ng R\u00f2 R\u1ec9 Si\u00eau M\u1ea1nh \u0110\u1ea1t Ti\u00eau Chu\u1ea9n C\u00f4ng Nghi\u1ec7p<\/strong><\/h2>\n<p>T\u1ed5ng quan<\/p>\n<p><img decoding=\"async\" title=\"loctite-411-20g-a-1753265870717-1\" src=\"https:\/\/yenhung.com\/wp-content\/uploads\/2025\/10\/loctite-411-20g-a-1753265870717-1.jpg\" alt=\"LOCTITE 411 20G\" data-thumb=\"large\" \/><\/p>\n<p>LOCTITE 411 20G l\u00e0 m\u1ed9t lo\u1ea1i keo ch\u1ed1ng r\u00f2 r\u1ec9 t\u1ee9c th\u00ec, \u0111a d\u1ee5ng \u0111\u01b0\u1ee3c thi\u1ebft k\u1ebf \u0111\u1ec3 s\u1eeda ch\u1eefa v\u00e0 ng\u0103n ng\u1eeba r\u00f2 r\u1ec9 tr\u00ean nhi\u1ec1u lo\u1ea1i b\u1ec1 m\u1eb7t. S\u1ea3n ph\u1ea9m n\u00e0y cung c\u1ea5p kh\u1ea3 n\u0103ng li\u00ean k\u1ebft t\u1ee9c th\u00ec v\u1edbi \u0111\u1ed9 b\u1ec1n v\u01b0\u1ee3t tr\u1ed9i, khi\u1ebfn n\u00f3 tr\u1edf th\u00e0nh l\u1ef1a ch\u1ecdn l\u00fd t\u01b0\u1edfng cho c\u00e1c \u1ee9ng d\u1ee5ng \u0111\u00f2i h\u1ecfi \u0111\u1ed9 tin c\u1eady v\u00e0 hi\u1ec7u su\u1ea5t cao.<\/p>\n<p>T\u00ednh n\u0103ng v\u00e0 L\u1ee3i \u00edch<\/p>\n<ul>\n<li><strong>Li\u00ean k\u1ebft t\u1ee9c th\u00ec:<\/strong> LOCTITE 411 li\u00ean k\u1ebft trong v\u00e0i gi\u00e2y, gi\u1ea3m th\u1eddi gian ch\u1ebft v\u00e0 cho ph\u00e9p x\u1eed l\u00fd nhanh ch\u00f3ng.<\/li>\n<li><strong>\u0110\u1ed9 b\u1ec1n v\u01b0\u1ee3t tr\u1ed9i:<\/strong> Lo\u1ea1i keo n\u00e0y t\u1ea1o th\u00e0nh m\u1ed9t l\u1edbp li\u00ean k\u1ebft ch\u1eafc ch\u1eafn ch\u1ecbu \u0111\u01b0\u1ee3c nhi\u1ec7t \u0111\u1ed9 cao, rung \u0111\u1ed9ng v\u00e0 t\u00e1c \u0111\u1ed9ng h\u00f3a h\u1ecdc.<\/li>\n<li><strong>\u0110a n\u0103ng:<\/strong> C\u00f3 th\u1ec3 s\u1eed d\u1ee5ng tr\u00ean kim lo\u1ea1i, nh\u1ef1a, cao su v\u00e0 c\u00e1c v\u1eadt li\u1ec7u kh\u00e1c, khi\u1ebfn n\u00f3 tr\u1edf th\u00e0nh m\u1ed9t gi\u1ea3i ph\u00e1p to\u00e0n di\u1ec7n cho nhi\u1ec1u m\u1ee5c \u0111\u00edch s\u1eeda ch\u1eefa.<\/li>\n<li><strong>Kh\u00e1ng dung m\u00f4i:<\/strong> Kh\u1ea3 n\u0103ng ch\u1ecbu dung m\u00f4i tuy\u1ec7t v\u1eddi \u0111\u1ea3m b\u1ea3o hi\u1ec7u su\u1ea5t \u1ed5n \u0111\u1ecbnh ngay c\u1ea3 trong m\u00f4i tr\u01b0\u1eddng kh\u1eafc nghi\u1ec7t.<\/li>\n<li><strong>T\u1ed1i \u0111a 20 l\u1ea7n s\u1eed d\u1ee5ng:<\/strong> Dung t\u00edch 20G cho ph\u00e9p s\u1eed d\u1ee5ng nhi\u1ec1u l\u1ea7n, l\u00e0m cho n\u00f3 ti\u1ebft ki\u1ec7m chi ph\u00ed cho c\u00e1c \u1ee9ng d\u1ee5ng s\u1eed d\u1ee5ng th\u01b0\u1eddng xuy\u00ean.<\/li>\n<\/ul>\n<p>C\u00e1c \u1ee9ng d\u1ee5ng<\/p>\n<p><img decoding=\"async\" title=\"loctite-411-20g-b-1753265870320-1\" src=\"https:\/\/yenhung.com\/wp-content\/uploads\/2025\/10\/loctite-411-20g-b-1753265870320-1.jpg\" alt=\"LOCTITE 411 20G\" data-thumb=\"large\" \/><\/p>\n<p>LOCTITE 411 20G l\u00fd t\u01b0\u1edfng cho c\u00e1c \u1ee9ng d\u1ee5ng sau:<\/p>\n<ul>\n<li>Ng\u0103n ng\u1eeba v\u00e0 s\u1eeda ch\u1eefa r\u00f2 r\u1ec9 tr\u00ean \u0111\u01b0\u1eddng \u1ed1ng, van v\u00e0 ph\u1ee5 ki\u1ec7n<\/li>\n<li>S\u1eeda ch\u1eefa van, m\u00e1y b\u01a1m v\u00e0 c\u00e1c b\u1ed9 ph\u1eadn m\u00e1y m\u00f3c<\/li>\n<li>Li\u00ean k\u1ebft c\u00e1c b\u1ed9 ph\u1eadn b\u1eb1ng kim lo\u1ea1i, nh\u1ef1a ho\u1eb7c cao su<\/li>\n<li>Tr\u00e1m k\u00edn c\u00e1c khe n\u1ee9t v\u00e0 m\u1ed1i n\u1ed1i<\/li>\n<li>Ng\u0103n ng\u1eeba \u0103n m\u00f2n v\u00e0 oxy h\u00f3a<\/li>\n<\/ul>\n<p>H\u01b0\u1edbng d\u1eabn s\u1eed d\u1ee5ng<\/p>\n<ol>\n<li>L\u00e0m s\u1ea1ch v\u00e0 l\u00e0m kh\u00f4 b\u1ec1 m\u1eb7t c\u1ea7n li\u00ean k\u1ebft.<\/li>\n<li>B\u00f4i m\u1ed9t l\u01b0\u1ee3ng nh\u1ecf LOCTITE 411 v\u00e0o m\u1ed9t trong c\u00e1c b\u1ec1 m\u1eb7t.<\/li>\n<li>G\u1eafn c\u00e1c b\u1ed9 ph\u1eadn l\u1ea1i v\u1edbi nhau v\u00e0 gi\u1eef ch\u00fang \u1ed5n \u0111\u1ecbnh trong v\u00e0i gi\u00e2y.<\/li>\n<li>\u0110\u1ec3 keo kh\u00f4 ho\u00e0n to\u00e0n trong 24 gi\u1edd \u0111\u1ec3 \u0111\u1ea1t \u0111\u01b0\u1ee3c \u0111\u1ed9 b\u1ec1n t\u1ed1i \u01b0u.<\/li>\n<\/ol>\n<p>Th\u00f4ng s\u1ed1 k\u1ef9 thu\u1eadt<\/p>\n<ul>\n<li><strong>D\u1ea1ng keo:<\/strong> L\u1ecfng, m\u00e0u xanh lam<\/li>\n<li><strong>Th\u1eddi gian kh\u00f4:<\/strong> Li\u00ean k\u1ebft t\u1ee9c th\u00ec; \u0111\u00f3ng r\u1eafn ho\u00e0n to\u00e0n trong 24 gi\u1edd<\/li>\n<li><strong>Ph\u1ea1m vi nhi\u1ec7t \u0111\u1ed9 s\u1eed d\u1ee5ng:<\/strong> -55\u00b0C \u0111\u1ebfn +150\u00b0C<\/li>\n<li><strong>Kh\u00e1ng dung m\u00f4i:<\/strong> T\u1ed1t<\/li>\n<li><strong>Dung t\u00edch:<\/strong> 20G<\/li>\n<\/ul>\n<p>K\u1ebft lu\u1eadn<\/p>\n<p><img decoding=\"async\" title=\"loctite-411-20g-c-1753265869913-1\" src=\"https:\/\/yenhung.com\/wp-content\/uploads\/2025\/10\/loctite-411-20g-c-1753265869913-1.jpg\" alt=\"LOCTITE 411 20G\" data-thumb=\"large\" \/><\/p>\n<p>LOCTITE 411 20G l\u00e0 m\u1ed9t gi\u1ea3i ph\u00e1p ch\u1ed1ng r\u00f2 r\u1ec9 m\u1ea1nh m\u1ebd v\u00e0 \u0111\u00e1ng tin c\u1eady cho nhi\u1ec1u \u1ee9ng d\u1ee5ng c\u00f4ng nghi\u1ec7p v\u00e0 gia \u0111\u00ecnh. V\u1edbi kh\u1ea3 n\u0103ng li\u00ean k\u1ebft t\u1ee9c th\u00ec, \u0111\u1ed9 b\u1ec1n v\u01b0\u1ee3t tr\u1ed9i v\u00e0 t\u00ednh \u0111a n\u0103ng, lo\u1ea1i keo n\u00e0y mang \u0111\u1ebfn hi\u1ec7u su\u1ea5t \u0111\u00e1ng tin c\u1eady v\u00e0 ti\u1ebft ki\u1ec7m chi ph\u00ed cho nhi\u1ec1u m\u1ee5c \u0111\u00edch s\u1eeda ch\u1eefa.<\/p>\n<\/div>\n","protected":false},"excerpt":{"rendered":"<p><strong>T\u00ean sa\u0309n ph\u00e2\u0309m:<\/strong>LOCTITE 411 20G<\/p>\n","protected":false},"featured_media":5801,"comment_status":"closed","ping_status":"closed","template":"","meta":[],"product_brand":[],"product_cat":[141],"product_tag":[],"class_list":{"0":"post-5800","1":"product","2":"type-product","3":"status-publish","4":"has-post-thumbnail","6":"product_cat-loctite","8":"first","9":"instock","10":"shipping-taxable","11":"product-type-simple"},"_links":{"self":[{"href":"https:\/\/yenhung.com\/index.php?rest_route=\/wp\/v2\/product\/5800","targetHints":{"allow":["GET"]}}],"collection":[{"href":"https:\/\/yenhung.com\/index.php?rest_route=\/wp\/v2\/product"}],"about":[{"href":"https:\/\/yenhung.com\/index.php?rest_route=\/wp\/v2\/types\/product"}],"replies":[{"embeddable":true,"href":"https:\/\/yenhung.com\/index.php?rest_route=%2Fwp%2Fv2%2Fcomments&post=5800"}],"wp:featuredmedia":[{"embeddable":true,"href":"https:\/\/yenhung.com\/index.php?rest_route=\/wp\/v2\/media\/5801"}],"wp:attachment":[{"href":"https:\/\/yenhung.com\/index.php?rest_route=%2Fwp%2Fv2%2Fmedia&parent=5800"}],"wp:term":[{"taxonomy":"product_brand","embeddable":true,"href":"https:\/\/yenhung.com\/index.php?rest_route=%2Fwp%2Fv2%2Fproduct_brand&post=5800"},{"taxonomy":"product_cat","embeddable":true,"href":"https:\/\/yenhung.com\/index.php?rest_route=%2Fwp%2Fv2%2Fproduct_cat&post=5800"},{"taxonomy":"product_tag","embeddable":true,"href":"https:\/\/yenhung.com\/index.php?rest_route=%2Fwp%2Fv2%2Fproduct_tag&post=5800"}],"curies":[{"name":"wp","href":"https:\/\/api.w.org\/{rel}","templated":true}]}}