{"id":5827,"date":"2025-10-28T02:36:24","date_gmt":"2025-10-28T02:36:24","guid":{"rendered":"https:\/\/yenhung.com\/?product=keo-loctite-263-50ml"},"modified":"2026-02-11T07:58:28","modified_gmt":"2026-02-11T07:58:28","slug":"keo-loctite-263-50ml","status":"publish","type":"product","link":"https:\/\/yenhung.com\/?product=keo-loctite-263-50ml","title":{"rendered":"Keo Loctite 263 50ml"},"content":{"rendered":"<div class=\"ba-text-fpt\">\n<p>&nbsp;<\/p>\n<h2><strong>LOCTITE 263 50ML: Keo L\u00e0m K\u00edn Ch\u1ecbu Nhi\u1ec7t \u0110\u1ed9 Cao cho Kh\u1edbp Ren Kim Lo\u1ea1i<\/strong><\/h2>\n<p>Gi\u1edbi thi\u1ec7u<\/p>\n<p>LOCTITE 263 l\u00e0 keo l\u00e0m k\u00edn ch\u1ecbu nhi\u1ec7t \u0111\u1ed9 cao \u0111\u01b0\u1ee3c thi\u1ebft k\u1ebf \u0111\u1eb7c bi\u1ec7t \u0111\u1ec3 b\u00f4i tr\u01a1n v\u00e0 l\u00e0m k\u00edn c\u00e1c kh\u1edbp ren kim lo\u1ea1i. S\u1ea3n ph\u1ea9m n\u00e0y t\u1ea1o th\u00e0nh m\u1ed9t l\u1edbp ph\u1ee7 b\u1ea3o v\u1ec7 tr\u00ean b\u1ec1 m\u1eb7t ren, ng\u0103n ch\u1eb7n r\u00f2 r\u1ec9 v\u00e0 t\u0103ng c\u01b0\u1eddng \u0111\u1ed9 k\u00edn c\u1ee7a m\u1ed1i gh\u00e9p.<\/p>\n<p>T\u00ednh n\u0103ng v\u00e0 \u01afu \u0111i\u1ec3m<\/p>\n<p><img decoding=\"async\" title=\"loctite-263-50ml-a-1753267522946-1\" src=\"https:\/\/yenhung.com\/wp-content\/uploads\/2025\/10\/loctite-263-50ml-a-1753267522946-1.jpg\" alt=\"Loctite 263 50ml\" data-thumb=\"large\" \/><\/p>\n<ul>\n<li><strong>Ch\u1ecbu nhi\u1ec7t \u0111\u1ed9 cao:<\/strong> Ch\u1ecbu \u0111\u01b0\u1ee3c nhi\u1ec7t \u0111\u1ed9 l\u00ean \u0111\u1ebfn 230\u00b0C, l\u00e0m cho n\u00f3 l\u00fd t\u01b0\u1edfng cho c\u00e1c \u1ee9ng d\u1ee5ng nhi\u1ec7t \u0111\u1ed9 cao.<\/li>\n<li><strong>Kh\u1ea3 n\u0103ng ch\u1ecbu rung:<\/strong> T\u1ea1o th\u00e0nh m\u1ed9t l\u1edbp ph\u1ee7 \u0111\u00e0n h\u1ed3i gi\u00fap h\u1ea5p th\u1ee5 rung v\u00e0 ng\u0103n ch\u1eb7n n\u1edbi l\u1ecfng.<\/li>\n<li><strong>Ch\u1ed1ng \u0103n m\u00f2n:<\/strong> B\u1ea3o v\u1ec7 c\u00e1c b\u1ec1 m\u1eb7t ren kh\u1ecfi qu\u00e1 tr\u00ecnh \u0103n m\u00f2n, k\u00e9o d\u00e0i tu\u1ed5i th\u1ecd c\u1ee7a m\u1ed1i gh\u00e9p.<\/li>\n<li><strong>B\u00f4i tr\u01a1n:<\/strong> Gi\u1ea3m ma s\u00e1t trong qu\u00e1 tr\u00ecnh l\u1eafp r\u00e1p v\u00e0 th\u00e1o r\u1eddi, ng\u0103n ch\u1eb7n hi\u1ec7n t\u01b0\u1ee3ng k\u1eb9t ren.<\/li>\n<li><strong>Kh\u00e1ng h\u00f3a ch\u1ea5t:<\/strong> Ch\u1ecbu \u0111\u01b0\u1ee3c nhi\u1ec1u lo\u1ea1i h\u00f3a ch\u1ea5t, bao g\u1ed3m c\u1ea3 d\u1ea7u, nhi\u00ean li\u1ec7u v\u00e0 dung m\u00f4i.<\/li>\n<li><strong>Curing nhanh:<\/strong> Curing nhanh \u1edf nhi\u1ec7t \u0111\u1ed9 ph\u00f2ng, gi\u00fap ti\u1ebft ki\u1ec7m th\u1eddi gian l\u1eafp r\u00e1p.<\/li>\n<\/ul>\n<p>\u1ee8ng d\u1ee5ng<\/p>\n<p><img decoding=\"async\" title=\"loctite-263-50ml-b-1753267522524-1\" src=\"https:\/\/yenhung.com\/wp-content\/uploads\/2025\/10\/loctite-263-50ml-b-1753267522524-1.jpg\" alt=\"Loctite 263 50ml\" data-thumb=\"large\" \/><\/p>\n<p>LOCTITE 263 50ML l\u00fd t\u01b0\u1edfng cho c\u00e1c \u1ee9ng d\u1ee5ng sau:<\/p>\n<ul>\n<li>C\u00e1c kh\u1edbp ren tr\u00ean \u1ed1ng n\u01b0\u1edbc v\u00e0 \u0111\u01b0\u1eddng \u1ed1ng d\u1eabn nhi\u1ec7t<\/li>\n<li>\u0110\u1ed9ng c\u01a1 \u0111\u1ed1t trong v\u00e0 h\u1ed9p s\u1ed1<\/li>\n<li>Thi\u1ebft b\u1ecb \u0111i\u1ec7n v\u00e0 \u0111i\u1ec7n t\u1eed<\/li>\n<li>M\u00e1y m\u00f3c c\u00f4ng nghi\u1ec7p<\/li>\n<li>Thi\u1ebft b\u1ecb h\u00e0ng kh\u00f4ng v\u0169 tr\u1ee5<\/li>\n<\/ul>\n<p>C\u00e1ch S\u1eed D\u1ee5ng<\/p>\n<ol>\n<li>L\u00e0m s\u1ea1ch v\u00e0 l\u00e0m kh\u00f4 c\u00e1c b\u1ec1 m\u1eb7t ren.<\/li>\n<li>Thoa m\u1ed9t l\u01b0\u1ee3ng nh\u1ecf LOCTITE 263 l\u00ean c\u00e1c b\u1ec1 m\u1eb7t ren.<\/li>\n<li>L\u1eafp r\u00e1p c\u00e1c b\u1ed9 ph\u1eadn v\u00e0 v\u1eb7n ch\u1eb7t.<\/li>\n<li>\u0110\u1ec3 s\u1ea3n ph\u1ea9m curing \u1edf nhi\u1ec7t \u0111\u1ed9 ph\u00f2ng trong 24 gi\u1edd \u0111\u1ec3 \u0111\u1ea1t \u0111\u01b0\u1ee3c kh\u1ea3 n\u0103ng l\u00e0m k\u00edn t\u1ed1i \u01b0u.<\/li>\n<\/ol>\n<p>\u0110\u00f3ng G\u00f3i<\/p>\n<p>LOCTITE 263 50ML c\u00f3 s\u1eb5n trong c\u00e1c \u1ed1ng nh\u1ecf gi\u1ecdt 50 ml \u0111\u1ec3 d\u1ec5 d\u00e0ng s\u1eed d\u1ee5ng tr\u00ean c\u00e1c b\u1ec1 m\u1eb7t ren nh\u1ecf.<\/p>\n<p>L\u01b0u \u00dd<\/p>\n<ul>\n<li>Kh\u00f4ng s\u1eed d\u1ee5ng tr\u00ean nh\u1ef1a ho\u1eb7c b\u1ec1 m\u1eb7t c\u00f3 l\u1edbp ph\u1ee7.<\/li>\n<li>Tr\u00e1nh ti\u1ebfp x\u00fac tr\u1ef1c ti\u1ebfp v\u1edbi da v\u00e0 m\u1eaft.<\/li>\n<li>B\u1ea3o qu\u1ea3n s\u1ea3n ph\u1ea9m \u1edf n\u01a1i kh\u00f4 r\u00e1o, tho\u00e1ng m\u00e1t.<\/li>\n<\/ul>\n<p>K\u1ebft Lu\u1eadn<\/p>\n<p><img decoding=\"async\" title=\"loctite-263-50ml-c-1753267522006-1\" src=\"https:\/\/yenhung.com\/wp-content\/uploads\/2025\/10\/loctite-263-50ml-c-1753267522006-1.jpg\" alt=\"Loctite 263 50ml\" data-thumb=\"large\" \/><\/p>\n<p>LOCTITE 263 50ML l\u00e0 m\u1ed9t gi\u1ea3i ph\u00e1p l\u00fd t\u01b0\u1edfng \u0111\u1ec3 l\u00e0m k\u00edn v\u00e0 b\u1ea3o v\u1ec7 c\u00e1c kh\u1edbp ren kim lo\u1ea1i kh\u1ecfi r\u00f2 r\u1ec9, \u0103n m\u00f2n v\u00e0 n\u1edbi l\u1ecfng do rung \u0111\u1ed9ng. S\u1ea3n ph\u1ea9m n\u00e0y mang l\u1ea1i \u0111\u1ed9 tin c\u1eady cao v\u00e0 hi\u1ec7u su\u1ea5t l\u00e2u d\u00e0i trong c\u00e1c \u1ee9ng d\u1ee5ng nhi\u1ec7t \u0111\u1ed9 cao v\u00e0 c\u00e1c m\u00f4i tr\u01b0\u1eddng kh\u1eafc nghi\u1ec7t kh\u00e1c.<\/p>\n<\/div>\n","protected":false},"excerpt":{"rendered":"<p><strong>T\u00ean sa\u0309n ph\u00e2\u0309m:<\/strong>LOCTITE 263 50ML<br \/>\n<strong>Li\u00ean H\u1ec7<\/strong>: 0397.433.258<\/p>\n","protected":false},"featured_media":5828,"comment_status":"closed","ping_status":"closed","template":"","meta":[],"product_brand":[],"product_cat":[141],"product_tag":[],"class_list":{"0":"post-5827","1":"product","2":"type-product","3":"status-publish","4":"has-post-thumbnail","6":"product_cat-loctite","8":"first","9":"instock","10":"shipping-taxable","11":"product-type-simple"},"_links":{"self":[{"href":"https:\/\/yenhung.com\/index.php?rest_route=\/wp\/v2\/product\/5827","targetHints":{"allow":["GET"]}}],"collection":[{"href":"https:\/\/yenhung.com\/index.php?rest_route=\/wp\/v2\/product"}],"about":[{"href":"https:\/\/yenhung.com\/index.php?rest_route=\/wp\/v2\/types\/product"}],"replies":[{"embeddable":true,"href":"https:\/\/yenhung.com\/index.php?rest_route=%2Fwp%2Fv2%2Fcomments&post=5827"}],"wp:featuredmedia":[{"embeddable":true,"href":"https:\/\/yenhung.com\/index.php?rest_route=\/wp\/v2\/media\/5828"}],"wp:attachment":[{"href":"https:\/\/yenhung.com\/index.php?rest_route=%2Fwp%2Fv2%2Fmedia&parent=5827"}],"wp:term":[{"taxonomy":"product_brand","embeddable":true,"href":"https:\/\/yenhung.com\/index.php?rest_route=%2Fwp%2Fv2%2Fproduct_brand&post=5827"},{"taxonomy":"product_cat","embeddable":true,"href":"https:\/\/yenhung.com\/index.php?rest_route=%2Fwp%2Fv2%2Fproduct_cat&post=5827"},{"taxonomy":"product_tag","embeddable":true,"href":"https:\/\/yenhung.com\/index.php?rest_route=%2Fwp%2Fv2%2Fproduct_tag&post=5827"}],"curies":[{"name":"wp","href":"https:\/\/api.w.org\/{rel}","templated":true}]}}