{"id":5845,"date":"2025-10-28T02:36:37","date_gmt":"2025-10-28T02:36:37","guid":{"rendered":"https:\/\/yenhung.com\/?product=keo-loctite-277-250ml"},"modified":"2026-02-11T07:57:29","modified_gmt":"2026-02-11T07:57:29","slug":"keo-loctite-277-250ml","status":"publish","type":"product","link":"https:\/\/yenhung.com\/?product=keo-loctite-277-250ml","title":{"rendered":"Keo Loctite 277 250ml"},"content":{"rendered":"<div class=\"ba-text-fpt\">\n<h2><strong>Loctite 277 250ml<\/strong><\/h2>\n<h3><b>Gi\u1edbi thi\u1ec7u v\u1ec1 Loctite 277 (250ml)<\/b><\/h3>\n<p><img decoding=\"async\" title=\"loctite-277-250ml-a-1753344251091-1\" src=\"https:\/\/yenhung.com\/wp-content\/uploads\/2025\/10\/loctite-277-250ml-a-1753344251091-1.jpg\" alt=\"Loctite 277 250ml\" data-thumb=\"large\" \/><\/p>\n<p>Loctite 277 l\u00e0 m\u1ed9t h\u1ee3p ch\u1ea5t kh\u00f3a ren k\u1ef5 kh\u00ed (anaerobic threadlocker) d\u1ea1ng l\u1ecfng, c\u00f3 m\u00e0u <b>\u0111\u1ecf<\/b>. S\u1ea3n ph\u1ea9m n\u00e0y \u0111\u00f3ng r\u1eafn khi b\u1ecb k\u1eb9t gi\u1eefa c\u00e1c b\u1ec1 m\u1eb7t kim lo\u1ea1i kh\u00edt nhau trong m\u00f4i tr\u01b0\u1eddng kh\u00f4ng c\u00f3 kh\u00f4ng kh\u00ed (k\u1ef5 kh\u00ed). Loctite 277 \u0111\u01b0\u1ee3c thi\u1ebft k\u1ebf \u0111\u1ec3 <b>kh\u00f3a v\u0129nh vi\u1ec5n v\u00e0 l\u00e0m k\u00edn<\/b> c\u00e1c m\u1ed1i n\u1ed1i ren, \u0111\u1eb7c bi\u1ec7t l\u00e0 c\u00e1c bu l\u00f4ng v\u00e0 \u0111ai \u1ed1c l\u1edbn (th\u01b0\u1eddng l\u00e0 M25 tr\u1edf l\u00ean). N\u00f3 ng\u0103n ch\u1eb7n s\u1ef1 n\u1edbi l\u1ecfng v\u00e0 r\u00f2 r\u1ec9 do s\u1ed1c v\u00e0 rung \u0111\u1ed9ng m\u1ed9t c\u00e1ch hi\u1ec7u qu\u1ea3.<\/p>\n<h3><b>\u0110\u1eb7c \u0111i\u1ec3m n\u1ed5i b\u1eadt c\u1ee7a Loctite 277 (250ml)<\/b><\/h3>\n<p><img decoding=\"async\" title=\"loctite-277-250ml-b-1753344250626-1\" src=\"https:\/\/yenhung.com\/wp-content\/uploads\/2025\/10\/loctite-277-250ml-b-1753344250626-1.jpg\" alt=\"Loctite 277 250ml\" data-thumb=\"large\" \/><\/p>\n<ul>\n<li><b>C\u01b0\u1eddng \u0111\u1ed9 kh\u00f3a r\u1ea5t cao:<\/b> \u0110\u00e2y l\u00e0 \u0111i\u1ec3m kh\u00e1c bi\u1ec7t ch\u00ednh c\u1ee7a Loctite 277. N\u00f3 t\u1ea1o ra m\u1ed9t li\u00ean k\u1ebft c\u1ef1c k\u1ef3 b\u1ec1n ch\u1eafc, gi\u00fap c\u1ed1 \u0111\u1ecbnh v\u0129nh vi\u1ec5n c\u00e1c m\u1ed1i n\u1ed1i ren. Vi\u1ec7c th\u00e1o r\u1eddi m\u1ed1i n\u1ed1i n\u00e0y th\u01b0\u1eddng y\u00eau c\u1ea7u gia nhi\u1ec7t c\u1ee5c b\u1ed9 l\u00ean \u0111\u1ebfn 250oC (482oF) v\u00e0 s\u1eed d\u1ee5ng d\u1ee5ng c\u1ee5 chuy\u00ean d\u1ee5ng.<\/li>\n<li><b>M\u00e0u s\u1eafc \u0111\u1ecf:<\/b> M\u00e0u \u0111\u1ecf \u0111\u1eb7c tr\u01b0ng gi\u00fap d\u1ec5 d\u00e0ng nh\u1eadn bi\u1ebft s\u1ea3n ph\u1ea9m c\u00f3 c\u01b0\u1eddng \u0111\u1ed9 cao v\u00e0 \u0111\u00e3 \u0111\u01b0\u1ee3c s\u1eed d\u1ee5ng.<\/li>\n<li><b>\u0110\u1ed9 nh\u1edbt cao:<\/b> D\u1ea1ng l\u1ecfng c\u00f3 \u0111\u1ed9 nh\u1edbt cao, gi\u00fap keo kh\u00f4ng b\u1ecb ch\u1ea3y lan ra kh\u1ecfi v\u1ecb tr\u00ed \u1ee9ng d\u1ee5ng, ph\u00f9 h\u1ee3p cho c\u00e1c ren l\u1edbn v\u00e0 c\u00e1c m\u1ed1i n\u1ed1i y\u00eau c\u1ea7u \u0111\u1ed9 \u0111i\u1ec1n \u0111\u1ea7y t\u1ed1t.<\/li>\n<li><b>Ch\u1ed1ng rung \u0111\u1ed9ng v\u00e0 s\u1ed1c:<\/b> Ng\u0103n ch\u1eb7n tuy\u1ec7t \u0111\u1ed1i s\u1ef1 n\u1edbi l\u1ecfng c\u1ee7a m\u1ed1i n\u1ed1i do c\u00e1c t\u00e1c \u0111\u1ed9ng rung \u0111\u1ed9ng m\u1ea1nh v\u00e0 s\u1ed1c.<\/li>\n<li><b>Ch\u1ed1ng r\u00f2 r\u1ec9 v\u00e0 \u0103n m\u00f2n:<\/b> B\u1ecbt k\u00edn ho\u00e0n to\u00e0n c\u00e1c khe h\u1edf ren, ng\u0103n ng\u1eeba r\u00f2 r\u1ec9 kh\u00ed v\u00e0 ch\u1ea5t l\u1ecfng, \u0111\u1ed3ng th\u1eddi b\u1ea3o v\u1ec7 ren kh\u1ecfi b\u1ecb g\u1ec9 s\u00e9t v\u00e0 \u0103n m\u00f2n.<\/li>\n<li><b>Ph\u1ea1m vi nhi\u1ec7t \u0111\u1ed9 ho\u1ea1t \u0111\u1ed9ng r\u1ed9ng:<\/b> Duy tr\u00ec hi\u1ec7u qu\u1ea3 l\u00e0m vi\u1ec7c trong d\u1ea3i nhi\u1ec7t \u0111\u1ed9 t\u1eeb <b>-55oC \u0111\u1ebfn150oC<\/b> (-65oF \u0111\u1ebfn 300oF).<\/li>\n<li><b>Th\u1eddi gian \u0111\u00f3ng r\u1eafn:<\/b> Th\u1eddi gian c\u1ed1 \u0111\u1ecbnh (fixture time) tr\u00ean th\u00e9p kho\u1ea3ng 25-45 ph\u00fat, v\u00e0 \u0111\u1ea1t \u0111\u1ed9 b\u1ec1n ho\u00e0n to\u00e0n sau 24-72 gi\u1edd (t\u00f9y thu\u1ed9c v\u00e0o v\u1eadt li\u1ec7u v\u00e0 khe h\u1edf).<\/li>\n<li><b>Kh\u1ea3 n\u0103ng ch\u1ecbu d\u1ea7u nh\u1eb9:<\/b> C\u00f3 th\u1ec3 ch\u1ecbu \u0111\u01b0\u1ee3c m\u1ed9t m\u1ee9c \u0111\u1ed9 nh\u1ecf t\u1ea1p ch\u1ea5t d\u1ea7u c\u00f4ng nghi\u1ec7p tr\u00ean b\u1ec1 m\u1eb7t m\u00e0 v\u1eabn \u0111\u00f3ng r\u1eafn hi\u1ec7u qu\u1ea3.<\/li>\n<li><b>Hu\u1ef3nh quang:<\/b> Ph\u00e1t quang d\u01b0\u1edbi \u0111\u00e8n UV, gi\u00fap ki\u1ec3m tra s\u1ef1 hi\u1ec7n di\u1ec7n c\u1ee7a keo sau khi thi c\u00f4ng.<\/li>\n<li><b>Quy c\u00e1ch:<\/b> Th\u01b0\u1eddng c\u00f3 s\u1eb5n trong chai <b>250ml<\/b> (v\u00e0 10ml, 50ml).<br \/>\n<h3><b>\u1ee8ng d\u1ee5ng ph\u1ed5 bi\u1ebfn c\u1ee7a Loctite 277<\/b><\/h3>\n<p><img decoding=\"async\" title=\"loctite-277-250ml-c-1753344250104-1\" src=\"https:\/\/yenhung.com\/wp-content\/uploads\/2025\/10\/loctite-277-250ml-c-1753344250104-1.jpg\" alt=\"Loctite 277 250ml\" data-thumb=\"large\" \/><\/p>\n<p>Loctite 277 \u0111\u01b0\u1ee3c s\u1eed d\u1ee5ng trong c\u00e1c \u1ee9ng d\u1ee5ng c\u1ea7n c\u1ed1 \u0111\u1ecbnh ren v\u0129nh vi\u1ec5n, n\u01a1i vi\u1ec7c th\u00e1o r\u1eddi kh\u00f4ng th\u01b0\u1eddng xuy\u00ean ho\u1eb7c \u0111\u01b0\u1ee3c l\u00ean k\u1ebf ho\u1ea1ch:<\/li>\n<li><b>Kh\u00f3a v\u00e0 l\u00e0m k\u00edn c\u00e1c bu l\u00f4ng v\u00e0 \u0111inh t\u00e1n l\u1edbn:<\/b> \u0110\u1eb7c bi\u1ec7t hi\u1ec7u qu\u1ea3 cho c\u00e1c m\u1ed1i n\u1ed1i c\u00f3 ren t\u1eeb M25 (1 inch) tr\u1edf l\u00ean.<\/li>\n<li><b>M\u00e1y m\u00f3c v\u00e0 thi\u1ebft b\u1ecb h\u1ea1ng n\u1eb7ng:<\/b> C\u00e1c m\u1ed1i n\u1ed1i ren trong m\u00e1y c\u00f4ng c\u1ee5, thi\u1ebft b\u1ecb khai th\u00e1c m\u1ecf, m\u00e1y m\u00f3c n\u00f4ng nghi\u1ec7p, n\u01a1i ch\u1ecbu rung \u0111\u1ed9ng v\u00e0 t\u1ea3i tr\u1ecdng c\u1ef1c l\u1edbn.<\/li>\n<li><b>L\u1eafp r\u00e1p \u0111\u1ed9ng c\u01a1 v\u00e0 h\u1ed9p s\u1ed1:<\/b> C\u00e1c bu l\u00f4ng quan tr\u1ecdng trong \u0111\u1ed9ng c\u01a1, h\u1ed9p s\u1ed1 m\u00e0 kh\u00f4ng mu\u1ed1n b\u1ecb l\u1ecfng.<\/li>\n<li><b>Thi\u1ebft b\u1ecb x\u00e2y d\u1ef1ng:<\/b> Kh\u00f3a c\u00e1c m\u1ed1i n\u1ed1i tr\u00ean c\u1ea7n c\u1ea9u, m\u00e1y x\u00fac, v.v.<\/li>\n<li><b>H\u1ec7 th\u1ed1ng th\u1ee7y l\u1ef1c v\u00e0 kh\u00ed n\u00e9n:<\/b> C\u00e1c m\u1ed1i n\u1ed1i ren quan tr\u1ecdng c\u1ea7n \u0111\u01b0\u1ee3c l\u00e0m k\u00edn v\u00e0 kh\u00f3a v\u0129nh vi\u1ec5n \u0111\u1ec3 tr\u00e1nh r\u00f2 r\u1ec9 v\u00e0 h\u1ecfng h\u00f3c.<\/li>\n<\/ul>\n<\/div>\n","protected":false},"excerpt":{"rendered":"<p><strong>T\u00ean sa\u0309n ph\u00e2\u0309m:<\/strong>LOCTITE 277 250ML<\/p>\n<p><strong>Li\u00ean H\u1ec7<\/strong>: 0397.433.258<\/p>\n","protected":false},"featured_media":5846,"comment_status":"closed","ping_status":"closed","template":"","meta":[],"product_brand":[],"product_cat":[141],"product_tag":[],"class_list":{"0":"post-5845","1":"product","2":"type-product","3":"status-publish","4":"has-post-thumbnail","6":"product_cat-loctite","8":"first","9":"instock","10":"shipping-taxable","11":"product-type-simple"},"_links":{"self":[{"href":"https:\/\/yenhung.com\/index.php?rest_route=\/wp\/v2\/product\/5845","targetHints":{"allow":["GET"]}}],"collection":[{"href":"https:\/\/yenhung.com\/index.php?rest_route=\/wp\/v2\/product"}],"about":[{"href":"https:\/\/yenhung.com\/index.php?rest_route=\/wp\/v2\/types\/product"}],"replies":[{"embeddable":true,"href":"https:\/\/yenhung.com\/index.php?rest_route=%2Fwp%2Fv2%2Fcomments&post=5845"}],"wp:featuredmedia":[{"embeddable":true,"href":"https:\/\/yenhung.com\/index.php?rest_route=\/wp\/v2\/media\/5846"}],"wp:attachment":[{"href":"https:\/\/yenhung.com\/index.php?rest_route=%2Fwp%2Fv2%2Fmedia&parent=5845"}],"wp:term":[{"taxonomy":"product_brand","embeddable":true,"href":"https:\/\/yenhung.com\/index.php?rest_route=%2Fwp%2Fv2%2Fproduct_brand&post=5845"},{"taxonomy":"product_cat","embeddable":true,"href":"https:\/\/yenhung.com\/index.php?rest_route=%2Fwp%2Fv2%2Fproduct_cat&post=5845"},{"taxonomy":"product_tag","embeddable":true,"href":"https:\/\/yenhung.com\/index.php?rest_route=%2Fwp%2Fv2%2Fproduct_tag&post=5845"}],"curies":[{"name":"wp","href":"https:\/\/api.w.org\/{rel}","templated":true}]}}