{"id":5854,"date":"2025-10-28T02:36:45","date_gmt":"2025-10-28T02:36:45","guid":{"rendered":"https:\/\/yenhung.com\/?product=keo-loctite-270-sg-50ml"},"modified":"2026-02-11T07:57:10","modified_gmt":"2026-02-11T07:57:10","slug":"keo-loctite-270-sg-50ml","status":"publish","type":"product","link":"https:\/\/yenhung.com\/?product=keo-loctite-270-sg-50ml","title":{"rendered":"Keo Loctite 270 SG 50ml"},"content":{"rendered":"<div class=\"ba-text-fpt\">\n<p>&nbsp;<\/p>\n<h2><strong>Loctite 270 SG 50ml<\/strong><\/h2>\n<h1><\/h1>\n<p style=\"margin-bottom: 11px;\"><span style=\"font-size: 11pt;\"><span style=\"line-height: normal;\"><span style=\"font-family: Calibri,sans-serif;\"><span style=\"font-size: 12.0pt;\"><span style=\"font-family: 'Times New Roman',serif;\">\u0110\u00e2y l\u00e0 m\u1ed9t lo\u1ea1i keo kh\u00f3a ren <b>c\u01b0\u1eddng \u0111\u1ed9 cao<\/b> c\u1ee7a Henkel\/Loctite, th\u01b0\u1eddng c\u00f3 m\u00e0u xanh l\u00e1 c\u00e2y v\u00e0 \u0111\u01b0\u1ee3c \u0111\u00f3ng g\u00f3i trong chai 50ml. Ch\u1eef &#8220;SG&#8221; trong t\u00ean s\u1ea3n ph\u1ea9m th\u01b0\u1eddng d\u00f9ng \u0111\u1ec3 ch\u1ec9 m\u1ed9t phi\u00ean b\u1ea3n ho\u1eb7c k\u00fd hi\u1ec7u n\u1ed9i b\u1ed9 c\u1ee7a s\u1ea3n ph\u1ea9m 270, nh\u01b0ng v\u1ec1 c\u01a1 b\u1ea3n, n\u00f3 v\u1eabn l\u00e0 Loctite 270 ti\u00eau chu\u1ea9n.<\/span><\/span><\/span><\/span><\/span><\/p>\n<p style=\"margin-bottom: 11px;\"><span style=\"font-size: 11pt;\"><span style=\"line-height: normal;\"><span style=\"font-family: Calibri,sans-serif;\"><span style=\"font-size: 12.0pt;\"><span style=\"font-family: 'Times New Roman',serif;\"><img decoding=\"async\" title=\"loctite-270-sg-50ml-a-1752463758577-2\" src=\"https:\/\/yenhung.com\/wp-content\/uploads\/2025\/10\/loctite-270-sg-50ml-a-1752463758577-2.jpg\" alt=\"Loctite 270 SG 50ml\" data-thumb=\"large\" \/><\/span><\/span><\/span><\/span><\/span><\/p>\n<p style=\"margin-bottom: 11px;\"><span style=\"font-size: 11pt;\"><span style=\"line-height: normal;\"><span style=\"font-family: Calibri,sans-serif;\"><b><span style=\"font-size: 13.5pt;\"><span style=\"font-family: 'Times New Roman',serif;\">\u0110\u1eb7c \u0111i\u1ec3m n\u1ed5i b\u1eadt c\u1ee7a Loctite 270 SG 50ml<\/span><\/span><\/b><\/span><\/span><\/span><\/p>\n<p style=\"margin-bottom: 11px;\"><span style=\"font-size: 11pt;\"><span style=\"line-height: normal;\"><span style=\"font-family: Calibri,sans-serif;\"><span style=\"font-size: 12.0pt;\"><span style=\"font-family: 'Times New Roman',serif;\">Loctite 270 l\u00e0 m\u1ed9t lo\u1ea1i keo kh\u00f3a ren <b>c\u01b0\u1eddng \u0111\u1ed9 cao<\/b> (High Strength), \u0111\u01b0\u1ee3c thi\u1ebft k\u1ebf \u0111\u1ec3 kh\u00f3a v\u00e0 l\u00e0m k\u00edn v\u0129nh vi\u1ec5n c\u00e1c m\u1ed1i n\u1ed1i ren kim lo\u1ea1i. M\u1ee5c ti\u00eau ch\u00ednh l\u00e0 ng\u0103n ch\u1eb7n s\u1ef1 n\u1edbi l\u1ecfng c\u1ee7a bu l\u00f4ng, \u0111ai \u1ed1c v\u00e0 \u0111inh t\u00e1n do rung \u0111\u1ed9ng v\u00e0 s\u1ed1c.<\/span><\/span><\/span><\/span><\/span><\/p>\n<ul>\n<li style=\"margin-bottom: 11px;\"><span style=\"font-size: 11pt;\"><span style=\"line-height: normal;\"><span style=\"tab-stops: list 36.0pt;\"><span style=\"font-family: Calibri,sans-serif;\"><b><span style=\"font-size: 12.0pt;\"><span style=\"font-family: 'Times New Roman',serif;\">C\u01b0\u1eddng \u0111\u1ed9 cao (High Strength):<\/span><\/span><\/b><span style=\"font-size: 12.0pt;\"><span style=\"font-family: 'Times New Roman',serif;\"> Keo t\u1ea1o ra m\u1ed9t m\u1ed1i li\u00ean k\u1ebft r\u1ea5t m\u1ea1nh v\u00e0 v\u0129nh c\u1eedu. C\u00e1c m\u1ed1i n\u1ed1i \u0111\u00e3 \u0111\u01b0\u1ee3c d\u00e1n b\u1eb1ng Loctite 270 th\u01b0\u1eddng r\u1ea5t kh\u00f3 th\u00e1o r\u1eddi b\u1eb1ng d\u1ee5ng c\u1ee5 c\u1ea7m tay th\u00f4ng th\u01b0\u1eddng; c\u1ea7n ph\u1ea3i gia nhi\u1ec7t (l\u00ean \u0111\u1ebfn kho\u1ea3ng 300oC \u0111\u1ec3 c\u00f3 th\u1ec3 th\u00e1o r\u1eddi.<\/span><\/span><\/span><\/span><\/span><\/span><\/li>\n<li style=\"margin-bottom: 11px;\"><span style=\"font-size: 11pt;\"><span style=\"line-height: normal;\"><span style=\"tab-stops: list 36.0pt;\"><span style=\"font-family: Calibri,sans-serif;\"><b><span style=\"font-size: 12.0pt;\"><span style=\"font-family: 'Times New Roman',serif;\">Ch\u1ed1ng rung \u0111\u1ed9ng v\u00e0 s\u1ed1c:<\/span><\/span><\/b><span style=\"font-size: 12.0pt;\"><span style=\"font-family: 'Times New Roman',serif;\"> Ng\u0103n ch\u1eb7n tuy\u1ec7t \u0111\u1ed1i vi\u1ec7c t\u1ef1 n\u1edbi l\u1ecfng c\u1ee7a c\u00e1c chi ti\u1ebft ren trong m\u00f4i tr\u01b0\u1eddng c\u00f3 rung \u0111\u1ed9ng m\u1ea1nh ho\u1eb7c ch\u1ecbu t\u1ea3i tr\u1ecdng s\u1ed1c. \u0110i\u1ec1u n\u00e0y \u0111\u1eb7c bi\u1ec7t quan tr\u1ecdng trong c\u00e1c \u1ee9ng d\u1ee5ng m\u00e1y m\u00f3c h\u1ea1ng n\u1eb7ng, \u0111\u1ed9ng c\u01a1, h\u1ed9p s\u1ed1, v\u00e0 b\u01a1m.<\/span><\/span><\/span><\/span><\/span><\/span><\/li>\n<li style=\"margin-bottom: 11px;\"><span style=\"font-size: 11pt;\"><span style=\"line-height: normal;\"><span style=\"tab-stops: list 36.0pt;\"><span style=\"font-family: Calibri,sans-serif;\"><b><span style=\"font-size: 12.0pt;\"><span style=\"font-family: 'Times New Roman',serif;\">Ho\u1ea1t \u0111\u1ed9ng tr\u00ean m\u1ecdi kim lo\u1ea1i:<\/span><\/span><\/b><span style=\"font-size: 12.0pt;\"><span style=\"font-family: 'Times New Roman',serif;\"> Keo c\u00f3 hi\u1ec7u qu\u1ea3 tr\u00ean t\u1ea5t c\u1ea3 c\u00e1c lo\u1ea1i kim lo\u1ea1i, bao g\u1ed3m c\u1ea3 c\u00e1c b\u1ec1 m\u1eb7t &#8220;th\u1ee5 \u0111\u1ed9ng&#8221; (\u00edt ho\u1ea1t \u0111\u1ed9ng h\u00f3a h\u1ecdc h\u01a1n) nh\u01b0 th\u00e9p kh\u00f4ng g\u1ec9, nh\u00f4m v\u00e0 c\u00e1c b\u1ec1 m\u1eb7t m\u1ea1. \u0110i\u1ec1u n\u00e0y l\u00e0m cho n\u00f3 r\u1ea5t linh ho\u1ea1t.<\/span><\/span><\/span><\/span><\/span><\/span><\/li>\n<li style=\"margin-bottom: 11px;\"><span style=\"font-size: 11pt;\"><span style=\"line-height: normal;\"><span style=\"tab-stops: list 36.0pt;\"><span style=\"font-family: Calibri,sans-serif;\"><b><span style=\"font-size: 12.0pt;\"><span style=\"font-family: 'Times New Roman',serif;\">Dung n\u1ea1p d\u1ea7u nh\u1eb9:<\/span><\/span><\/b><span style=\"font-size: 12.0pt;\"><span style=\"font-family: 'Times New Roman',serif;\"> Loctite 270 c\u00f3 kh\u1ea3 n\u0103ng ch\u1ecbu \u0111\u01b0\u1ee3c m\u1ed9t l\u01b0\u1ee3ng nh\u1ecf d\u1ea7u c\u00f4ng nghi\u1ec7p tr\u00ean b\u1ec1 m\u1eb7t (v\u00ed d\u1ee5: d\u1ea7u \u0111\u1ed9ng c\u01a1, d\u1ea7u ch\u1ed1ng \u0103n m\u00f2n, d\u1ea7u c\u1eaft g\u1ecdt) m\u00e0 v\u1eabn \u0111\u1ea3m b\u1ea3o hi\u1ec7u su\u1ea5t k\u1ebft d\u00ednh, gi\u00fap gi\u1ea3m b\u1edbt ho\u1eb7c lo\u1ea1i b\u1ecf nhu c\u1ea7u l\u00e0m s\u1ea1ch k\u1ef9 l\u01b0\u1ee1ng tr\u01b0\u1edbc khi \u1ee9ng d\u1ee5ng.<\/span><\/span><\/span><\/span><\/span><\/span><\/li>\n<li style=\"margin-bottom: 11px;\"><span style=\"font-size: 11pt;\"><span style=\"line-height: normal;\"><span style=\"tab-stops: list 36.0pt;\"><span style=\"font-family: Calibri,sans-serif;\"><b><span style=\"font-size: 12.0pt;\"><span style=\"font-family: 'Times New Roman',serif;\">\u0110\u00f3ng r\u1eafn k\u1ef5 kh\u00ed (Anaerobic Cure):<\/span><\/span><\/b><span style=\"font-size: 12.0pt;\"><span style=\"font-family: 'Times New Roman',serif;\"> Keo \u0111\u00f3ng r\u1eafn khi \u0111\u01b0\u1ee3c gi\u1eef k\u00edn trong m\u00f4i tr\u01b0\u1eddng kh\u00f4ng c\u00f3 kh\u00f4ng kh\u00ed gi\u1eefa hai b\u1ec1 m\u1eb7t kim lo\u1ea1i v\u1eeba kh\u00edt.<\/span><\/span><\/span><\/span><\/span><\/span><\/li>\n<li style=\"margin-bottom: 11px;\"><span style=\"font-size: 11pt;\"><span style=\"line-height: normal;\"><span style=\"tab-stops: list 36.0pt;\"><span style=\"font-family: Calibri,sans-serif;\"><span style=\"font-size: 12.0pt;\"><span style=\"font-family: 'Times New Roman',serif;\"><img decoding=\"async\" title=\"loctite-270-sg-50ml-c-jpeg-1752463757502-1\" src=\"https:\/\/yenhung.com\/wp-content\/uploads\/2025\/10\/loctite-270-sg-50ml-c-jpeg-1752463757502-1.jpg\" alt=\"Loctite 270 SG 50ml\" data-thumb=\"large\" \/><\/span><\/span><\/span><\/span><\/span><\/span><\/li>\n<li style=\"margin-bottom: 11px;\"><span style=\"font-size: 11pt;\"><span style=\"line-height: normal;\"><span style=\"tab-stops: list 36.0pt;\"><span style=\"font-family: Calibri,sans-serif;\"><b><span style=\"font-size: 12.0pt;\"><span style=\"font-family: 'Times New Roman',serif;\">M\u00e0u xanh l\u00e1 c\u00e2y:<\/span><\/span><\/b><span style=\"font-size: 12.0pt;\"><span style=\"font-family: 'Times New Roman',serif;\"> M\u00e0u \u0111\u1eb7c tr\u01b0ng c\u1ee7a Loctite 270, gi\u00fap d\u1ec5 d\u00e0ng nh\u1eadn bi\u1ebft v\u00e0 ki\u1ec3m tra.<\/span><\/span><\/span><\/span><\/span><\/span><\/li>\n<li style=\"margin-bottom: 11px;\"><span style=\"font-size: 11pt;\"><span style=\"line-height: normal;\"><span style=\"tab-stops: list 36.0pt;\"><span style=\"font-family: Calibri,sans-serif;\"><b><span style=\"font-size: 12.0pt;\"><span style=\"font-family: 'Times New Roman',serif;\">Ph\u00e1t quang d\u01b0\u1edbi \u0111\u00e8n UV (Fluorescent):<\/span><\/span><\/b><span style=\"font-size: 12.0pt;\"><span style=\"font-family: 'Times New Roman',serif;\"> C\u00f3 kh\u1ea3 n\u0103ng ph\u00e1t s\u00e1ng d\u01b0\u1edbi \u00e1nh s\u00e1ng UV, gi\u00fap ng\u01b0\u1eddi d\u00f9ng d\u1ec5 d\u00e0ng ki\u1ec3m tra s\u1ef1 hi\u1ec7n di\u1ec7n c\u1ee7a keo sau khi \u0111\u00e3 \u1ee9ng d\u1ee5ng.<\/span><\/span><\/span><\/span><\/span><\/span><\/li>\n<\/ul>\n<p style=\"margin-bottom: 11px;\"><b><span style=\"font-size: 12.0pt;\"><span style=\"line-height: 107%;\"><span style=\"font-family: 'Times New Roman',serif;\">Ph\u1ea1m vi nhi\u1ec7t \u0111\u1ed9 ho\u1ea1t \u0111\u1ed9ng r\u1ed9ng:<\/span><\/span><\/span><\/b><span style=\"font-size: 12.0pt;\"><span style=\"line-height: 107%;\"><span style=\"font-family: 'Times New Roman',serif;\"> Duy tr\u00ec hi\u1ec7u su\u1ea5t \u1ed5n \u0111\u1ecbnh trong d\u1ea3i nhi\u1ec7t \u0111\u1ed9 t\u1eeb -55oC \u0111\u1ebfn +180oC (c\u00f3 th\u1ec3 ch\u1ecbu \u0111\u01b0\u1ee3c nhi\u1ec7t \u0111\u1ed9 l\u00ean \u0111\u1ebfn 300oC khi th\u00e1o r\u1eddi).<\/span><\/span><\/span><\/p>\n<p style=\"margin-bottom: 11px;\"><span style=\"font-size: 11pt;\"><span style=\"line-height: normal;\"><span style=\"font-family: Calibri,sans-serif;\"><b><span style=\"font-size: 13.5pt;\"><span style=\"font-family: 'Times New Roman',serif;\">\u1ee8ng d\u1ee5ng ph\u1ed5 bi\u1ebfn c\u1ee7a Loctite 270 SG<\/span><\/span><\/b><\/span><\/span><\/span><\/p>\n<p style=\"margin-bottom: 11px;\"><span style=\"font-size: 11pt;\"><span style=\"line-height: normal;\"><span style=\"font-family: Calibri,sans-serif;\"><span style=\"font-size: 12.0pt;\"><span style=\"font-family: 'Times New Roman',serif;\">Loctite 270 SG l\u00e0 l\u1ef1a ch\u1ecdn h\u00e0ng \u0111\u1ea7u cho c\u00e1c \u1ee9ng d\u1ee5ng y\u00eau c\u1ea7u kh\u00f3a ren v\u0129nh vi\u1ec5n v\u00e0 \u0111\u1ed9 b\u1ec1n cao nh\u1ea5t:<\/span><\/span><\/span><\/span><\/span><\/p>\n<ul>\n<li style=\"margin-bottom: 11px;\"><span style=\"font-size: 11pt;\"><span style=\"line-height: normal;\"><span style=\"tab-stops: list 36.0pt;\"><span style=\"font-family: Calibri,sans-serif;\"><b><span style=\"font-size: 12.0pt;\"><span style=\"font-family: 'Times New Roman',serif;\">\u0110inh t\u00e1n v\u00e0o v\u1ecf \u0111\u1ed9ng c\u01a1:<\/span><\/span><\/b><span style=\"font-size: 12.0pt;\"><span style=\"font-family: 'Times New Roman',serif;\"> \u0110\u1ea3m b\u1ea3o \u0111\u1ed9 ch\u1eafc ch\u1eafn tuy\u1ec7t \u0111\u1ed1i.<\/span><\/span><\/span><\/span><\/span><\/span><\/li>\n<li style=\"margin-bottom: 11px;\"><span style=\"font-size: 11pt;\"><span style=\"line-height: normal;\"><span style=\"tab-stops: list 36.0pt;\"><span style=\"font-family: Calibri,sans-serif;\"><b><span style=\"font-size: 12.0pt;\"><span style=\"font-family: 'Times New Roman',serif;\">\u0110ai \u1ed1c v\u00e0o \u0111inh t\u00e1n trong v\u1ecf m\u00e1y b\u01a1m:<\/span><\/span><\/b><span style=\"font-size: 12.0pt;\"><span style=\"font-family: 'Times New Roman',serif;\"> Ng\u0103n ng\u1eeba r\u00f2 r\u1ec9 v\u00e0 n\u1edbi l\u1ecfng.<\/span><\/span><\/span><\/span><\/span><\/span><\/li>\n<li style=\"margin-bottom: 11px;\"><span style=\"font-size: 11pt;\"><span style=\"line-height: normal;\"><span style=\"tab-stops: list 36.0pt;\"><span style=\"font-family: Calibri,sans-serif;\"><b><span style=\"font-size: 12.0pt;\"><span style=\"font-family: 'Times New Roman',serif;\">C\u00e1c chi ti\u1ebft m\u00e1y m\u00f3c h\u1ea1ng n\u1eb7ng:<\/span><\/span><\/b><span style=\"font-size: 12.0pt;\"><span style=\"font-family: 'Times New Roman',serif;\"> N\u01a1i c\u00e1c m\u1ed1i n\u1ed1i ren ch\u1ecbu t\u1ea3i tr\u1ecdng cao, rung \u0111\u1ed9ng v\u00e0 y\u00eau c\u1ea7u t\u00ednh v\u0129nh c\u1eedu.<\/span><\/span><\/span><\/span><\/span><\/span><\/li>\n<li style=\"margin-bottom: 11px;\"><span style=\"font-size: 11pt;\"><span style=\"line-height: normal;\"><span style=\"tab-stops: list 36.0pt;\"><span style=\"font-family: Calibri,sans-serif;\"><b><span style=\"font-size: 12.0pt;\"><span style=\"font-family: 'Times New Roman',serif;\">L\u1eafp r\u00e1p thi\u1ebft b\u1ecb c\u00f4ng nghi\u1ec7p n\u1eb7ng:<\/span><\/span><\/b><span style=\"font-size: 12.0pt;\"><span style=\"font-family: 'Times New Roman',serif;\"> Nh\u01b0 m\u00e1y n\u00e9n kh\u00ed, thi\u1ebft b\u1ecb khai th\u00e1c m\u1ecf, m\u00e1y c\u00f4ng c\u1ee5.<\/span><\/span><\/span><\/span><\/span><\/span><span style=\"font-size: 11pt;\"><span style=\"line-height: normal;\"><span style=\"tab-stops: list 36.0pt;\"><span style=\"font-family: Calibri,sans-serif;\"><span style=\"font-size: 12.0pt;\"><span style=\"font-family: 'Times New Roman',serif;\"><img decoding=\"async\" title=\"loctite-270-sg-50ml-b-1752463758023-1\" src=\"https:\/\/yenhung.com\/wp-content\/uploads\/2025\/10\/loctite-270-sg-50ml-b-1752463758023-1.jpg\" alt=\"Loctite 270 SG 50ml\" data-thumb=\"large\" \/><\/span><\/span><\/span><\/span><\/span><\/span><\/li>\n<\/ul>\n<\/div>\n","protected":false},"excerpt":{"rendered":"<p><strong>T\u00ean sa\u0309n ph\u00e2\u0309m:<\/strong>LOCTITE 270 50ML<br \/>\n<strong>Li\u00ean H\u1ec7<\/strong>: 0397.433.258<\/p>\n","protected":false},"featured_media":5855,"comment_status":"closed","ping_status":"closed","template":"","meta":[],"product_brand":[],"product_cat":[141],"product_tag":[],"class_list":{"0":"post-5854","1":"product","2":"type-product","3":"status-publish","4":"has-post-thumbnail","6":"product_cat-loctite","8":"first","9":"instock","10":"shipping-taxable","11":"product-type-simple"},"_links":{"self":[{"href":"https:\/\/yenhung.com\/index.php?rest_route=\/wp\/v2\/product\/5854","targetHints":{"allow":["GET"]}}],"collection":[{"href":"https:\/\/yenhung.com\/index.php?rest_route=\/wp\/v2\/product"}],"about":[{"href":"https:\/\/yenhung.com\/index.php?rest_route=\/wp\/v2\/types\/product"}],"replies":[{"embeddable":true,"href":"https:\/\/yenhung.com\/index.php?rest_route=%2Fwp%2Fv2%2Fcomments&post=5854"}],"wp:featuredmedia":[{"embeddable":true,"href":"https:\/\/yenhung.com\/index.php?rest_route=\/wp\/v2\/media\/5855"}],"wp:attachment":[{"href":"https:\/\/yenhung.com\/index.php?rest_route=%2Fwp%2Fv2%2Fmedia&parent=5854"}],"wp:term":[{"taxonomy":"product_brand","embeddable":true,"href":"https:\/\/yenhung.com\/index.php?rest_route=%2Fwp%2Fv2%2Fproduct_brand&post=5854"},{"taxonomy":"product_cat","embeddable":true,"href":"https:\/\/yenhung.com\/index.php?rest_route=%2Fwp%2Fv2%2Fproduct_cat&post=5854"},{"taxonomy":"product_tag","embeddable":true,"href":"https:\/\/yenhung.com\/index.php?rest_route=%2Fwp%2Fv2%2Fproduct_tag&post=5854"}],"curies":[{"name":"wp","href":"https:\/\/api.w.org\/{rel}","templated":true}]}}