{"id":5862,"date":"2025-10-28T02:36:51","date_gmt":"2025-10-28T02:36:51","guid":{"rendered":"https:\/\/yenhung.com\/?product=keo-loctite-243-250ml"},"modified":"2026-02-11T07:56:00","modified_gmt":"2026-02-11T07:56:00","slug":"keo-loctite-243-250ml","status":"publish","type":"product","link":"https:\/\/yenhung.com\/?product=keo-loctite-243-250ml","title":{"rendered":"Keo Loctite 243 250ml"},"content":{"rendered":"<div class=\"ba-text-fpt\">\n<h2><strong>LOCTITE 243: Keo kh\u00f3a ren trung c\u01b0\u1eddng trong s\u1eeda ch\u1eefa v\u00e0 b\u1ea3o d\u01b0\u1ee1ng chuy\u00ean nghi\u1ec7p<\/strong><\/h2>\n<p>Gi\u1edbi thi\u1ec7u<\/p>\n<p><img decoding=\"async\" title=\"loctite-243-250ml-a-1753344776046-1\" src=\"https:\/\/yenhung.com\/wp-content\/uploads\/2025\/10\/loctite-243-250ml-a-1753344776046-1.jpg\" alt=\"LOCTITE 243 250ML\" data-thumb=\"large\" \/><\/p>\n<p>LOCTITE 243 l\u00e0 m\u1ed9t lo\u1ea1i keo kh\u00f3a ren m\u1ea1nh m\u1ebd, hi\u1ec7u su\u1ea5t cao, \u0111\u01b0\u1ee3c thi\u1ebft k\u1ebf \u0111\u1ec3 kh\u00f3a v\u00e0 ni\u00eam phong c\u00e1c m\u1ed1i gh\u00e9p ren kim lo\u1ea1i. N\u00f3 l\u00fd t\u01b0\u1edfng cho c\u00e1c \u1ee9ng d\u1ee5ng ch\u1ecbu l\u1ef1c v\u00e0 rung \u0111\u1ed9ng l\u1edbn, ng\u0103n ng\u1eeba t\u1ef1 n\u1edbi l\u1ecfng v\u00e0 r\u00f2 r\u1ec9.<\/p>\n<p>C\u00e1c t\u00ednh n\u0103ng ch\u00ednh<\/p>\n<ul>\n<li>Keo kh\u00f3a ren m\u1ea1nh, c\u00f3 th\u1ec3 kh\u00f3a c\u00e1c m\u1ed1i gh\u00e9p l\u00ean \u0111\u1ebfn M36<\/li>\n<li>Ch\u1ecbu \u0111\u01b0\u1ee3c nhi\u1ec7t \u0111\u1ed9 l\u00ean \u0111\u1ebfn 150\u00b0C<\/li>\n<li>Ch\u1ed1ng rung v\u00e0 va \u0111\u1eadp<\/li>\n<li>Ng\u0103n ng\u1eeba t\u1ef1 n\u1edbi l\u1ecfng v\u00e0 r\u00f2 r\u1ec9<\/li>\n<li>D\u1ec5 d\u00e0ng th\u00e1o l\u1eafp sau khi b\u1ea3o d\u01b0\u1ee1ng<\/li>\n<li>\u0110\u1ed9 nh\u1edbt trung b\u00ecnh cho kh\u1ea3 n\u0103ng th\u1ea9m th\u1ea5u v\u00e0 \u0111i\u1ec1n \u0111\u1ea7y m\u1ed1i gh\u00e9p t\u1ed1t<\/li>\n<li>Kh\u00f4ng nh\u1ecf gi\u1ecdt v\u00e0 ch\u1ea3y<\/li>\n<\/ul>\n<p>\u1ee8ng d\u1ee5ng<\/p>\n<p>LOCTITE 243 \u0111\u01b0\u1ee3c s\u1eed d\u1ee5ng r\u1ed9ng r\u00e3i trong nhi\u1ec1u ng\u00e0nh c\u00f4ng nghi\u1ec7p, bao g\u1ed3m:<\/p>\n<ul>\n<li>B\u1ea3o d\u01b0\u1ee1ng \u00f4 t\u00f4 v\u00e0 xe m\u00e1y<\/li>\n<li>X\u00e2y d\u1ef1ng v\u00e0 c\u01a1 s\u1edf h\u1ea1 t\u1ea7ng<\/li>\n<li>Thi\u1ebft b\u1ecb c\u00f4ng nghi\u1ec7p<\/li>\n<li>H\u00e0ng kh\u00f4ng v\u0169 tr\u1ee5<\/li>\n<li>\u0110i\u1ec7n t\u1eed<\/li>\n<\/ul>\n<p>M\u1ed9t s\u1ed1 \u1ee9ng d\u1ee5ng \u0111i\u1ec3n h\u00ecnh bao g\u1ed3m:<\/p>\n<ul>\n<li>Kh\u00f3a \u1ed1c v\u00edt, bu l\u00f4ng v\u00e0 \u0111ai \u1ed1c tr\u00ean \u0111\u1ed9ng c\u01a1, h\u1ed9p s\u1ed1 v\u00e0 h\u1ec7 th\u1ed1ng treo<\/li>\n<li>Ni\u00eam phong ren \u1ed1ng n\u01b0\u1edbc v\u00e0 h\u1ec7 th\u1ed1ng kh\u00ed n\u00e9n<\/li>\n<li>Gi\u1eef ch\u1eb7t c\u00e1c b\u1ed9 ph\u1eadn kim lo\u1ea1i v\u1edbi nhau trong m\u00e1y m\u00f3c v\u00e0 thi\u1ebft b\u1ecb<\/li>\n<\/ul>\n<p>C\u00e1ch s\u1eed d\u1ee5ng<\/p>\n<p><img decoding=\"async\" title=\"loctite-243-250ml-b-jpeg-1753344775594-1\" src=\"https:\/\/yenhung.com\/wp-content\/uploads\/2025\/10\/loctite-243-250ml-b-jpeg-1753344775594-1.jpg\" alt=\"LOCTITE 243 250ML\" data-thumb=\"large\" \/><\/p>\n<ol>\n<li>L\u00e0m s\u1ea1ch v\u00e0 l\u00e0m kh\u00f4 c\u00e1c b\u1ec1 m\u1eb7t ti\u1ebfp x\u00fac.<\/li>\n<li>Nh\u1ecf m\u1ed9t l\u01b0\u1ee3ng keo v\u1eeba \u0111\u1ee7 v\u00e0o ren \u0111\u1ef1c.<\/li>\n<li>L\u1eafp gh\u00e9p c\u00e1c b\u1ed9 ph\u1eadn l\u1ea1i v\u1edbi nhau v\u00e0 v\u1eb7n ch\u1eb7t.<\/li>\n<li>\u0110\u1ec3 keo kh\u00f4 v\u00e0 \u0111\u00f3ng r\u1eafn ho\u00e0n to\u00e0n (th\u01b0\u1eddng trong v\u00f2ng 24 gi\u1edd).<\/li>\n<\/ol>\n<p>L\u1ee3i \u00edch<\/p>\n<p>S\u1eed d\u1ee5ng LOCTITE 243 mang l\u1ea1i nhi\u1ec1u l\u1ee3i \u00edch, bao g\u1ed3m:<\/p>\n<ul>\n<li>Ng\u0103n ng\u1eeba th\u1ea5t b\u1ea1i c\u1ee7a m\u00e1y m\u00f3c do t\u1ef1 n\u1edbi l\u1ecfng<\/li>\n<li>Gi\u1ea3m th\u1eddi gian ch\u1ebft v\u00e0 chi ph\u00ed b\u1ea3o tr\u00ec<\/li>\n<li>C\u1ea3i thi\u1ec7n \u0111\u1ed9 an to\u00e0n v\u00e0 \u0111\u1ed9 tin c\u1eady c\u1ee7a c\u00e1c li\u00ean k\u1ebft c\u01a1 kh\u00ed<\/li>\n<li>T\u0103ng hi\u1ec7u su\u1ea5t v\u00e0 tu\u1ed5i th\u1ecd c\u1ee7a m\u00e1y m\u00f3c v\u00e0 thi\u1ebft b\u1ecb<\/li>\n<\/ul>\n<p>Quy c\u00e1ch \u0111\u00f3ng g\u00f3i<\/p>\n<p><img decoding=\"async\" title=\"loctite-243-250ml-c-1753344775231-1\" src=\"https:\/\/yenhung.com\/wp-content\/uploads\/2025\/10\/loctite-243-250ml-c-1753344775231-1.jpg\" alt=\"LOCTITE 243 250ML\" data-thumb=\"large\" \/><\/p>\n<p>LOCTITE 243 \u0111\u01b0\u1ee3c cung c\u1ea5p trong c\u00e1c chai nh\u1ecf gi\u1ecdt 250ml ti\u1ec7n l\u1ee3i, d\u1ec5 s\u1eed d\u1ee5ng.<\/p>\n<p>L\u01b0u \u00fd<\/p>\n<ul>\n<li>Kh\u00f4ng s\u1eed d\u1ee5ng tr\u00ean c\u00e1c b\u1ec1 m\u1eb7t nh\u1ef1a ho\u1eb7c tr\u00ean c\u00e1c m\u1ed1i gh\u00e9p qu\u00e1 g\u1ea7n ngu\u1ed3n nhi\u1ec7t.<\/li>\n<li>Tr\u00e1nh ti\u1ebfp x\u00fac v\u1edbi m\u1eaft v\u00e0 da.<\/li>\n<li>\u0110\u1ec3 xa t\u1ea7m tay tr\u1ebb em.<\/li>\n<\/ul>\n<\/div>\n","protected":false},"excerpt":{"rendered":"<p><strong>T\u00ean sa\u0309n ph\u00e2\u0309m:<\/strong>LOCTITE 243 250ML<br \/>\n<strong>Li\u00ean H\u1ec7<\/strong>: 0397.433.258<\/p>\n","protected":false},"featured_media":5863,"comment_status":"closed","ping_status":"closed","template":"","meta":[],"product_brand":[],"product_cat":[141],"product_tag":[],"class_list":{"0":"post-5862","1":"product","2":"type-product","3":"status-publish","4":"has-post-thumbnail","6":"product_cat-loctite","8":"first","9":"instock","10":"shipping-taxable","11":"product-type-simple"},"_links":{"self":[{"href":"https:\/\/yenhung.com\/index.php?rest_route=\/wp\/v2\/product\/5862","targetHints":{"allow":["GET"]}}],"collection":[{"href":"https:\/\/yenhung.com\/index.php?rest_route=\/wp\/v2\/product"}],"about":[{"href":"https:\/\/yenhung.com\/index.php?rest_route=\/wp\/v2\/types\/product"}],"replies":[{"embeddable":true,"href":"https:\/\/yenhung.com\/index.php?rest_route=%2Fwp%2Fv2%2Fcomments&post=5862"}],"wp:featuredmedia":[{"embeddable":true,"href":"https:\/\/yenhung.com\/index.php?rest_route=\/wp\/v2\/media\/5863"}],"wp:attachment":[{"href":"https:\/\/yenhung.com\/index.php?rest_route=%2Fwp%2Fv2%2Fmedia&parent=5862"}],"wp:term":[{"taxonomy":"product_brand","embeddable":true,"href":"https:\/\/yenhung.com\/index.php?rest_route=%2Fwp%2Fv2%2Fproduct_brand&post=5862"},{"taxonomy":"product_cat","embeddable":true,"href":"https:\/\/yenhung.com\/index.php?rest_route=%2Fwp%2Fv2%2Fproduct_cat&post=5862"},{"taxonomy":"product_tag","embeddable":true,"href":"https:\/\/yenhung.com\/index.php?rest_route=%2Fwp%2Fv2%2Fproduct_tag&post=5862"}],"curies":[{"name":"wp","href":"https:\/\/api.w.org\/{rel}","templated":true}]}}