{"id":5871,"date":"2025-10-28T02:36:57","date_gmt":"2025-10-28T02:36:57","guid":{"rendered":"https:\/\/yenhung.com\/?product=keo-loctite-222-50ml"},"modified":"2026-02-11T07:55:25","modified_gmt":"2026-02-11T07:55:25","slug":"keo-loctite-222-50ml","status":"publish","type":"product","link":"https:\/\/yenhung.com\/?product=keo-loctite-222-50ml","title":{"rendered":"Keo Loctite 222 50ml"},"content":{"rendered":"<div class=\"ba-text-fpt\">\n<h2><strong>LOCTITE 222 50ML: Keo d\u00e1n \u0111a n\u0103ng g\u1ed1c Cyanoacrylate si\u00eau b\u1ec1n<\/strong><\/h2>\n<p>Gi\u1edbi thi\u1ec7u s\u1ea3n ph\u1ea9m<\/p>\n<p><img decoding=\"async\" title=\"loctite-222-50ml-a-1753345197787-1\" src=\"https:\/\/yenhung.com\/wp-content\/uploads\/2025\/10\/loctite-222-50ml-a-1753345197787-1.jpg\" alt=\"LOCTITE 222 50ML\" data-thumb=\"large\" \/><\/p>\n<p>LOCTITE 222 50ML l\u00e0 m\u1ed9t lo\u1ea1i keo d\u00e1n cyanoacrylate \u0111a n\u0103ng, c\u00f3 kh\u1ea3 n\u0103ng li\u00ean k\u1ebft nhanh ch\u00f3ng v\u00e0 ch\u1eafc ch\u1eafn h\u1ea7u h\u1ebft c\u00e1c lo\u1ea1i v\u1eadt li\u1ec7u, bao g\u1ed3m kim lo\u1ea1i, nh\u1ef1a, cao su, g\u1ed7 v\u00e0 th\u1ee7y tinh. S\u1ea3n ph\u1ea9m n\u00e0y th\u01b0\u1eddng \u0111\u01b0\u1ee3c s\u1eed d\u1ee5ng trong c\u00e1c \u1ee9ng d\u1ee5ng c\u00f4ng nghi\u1ec7p, d\u00e2n d\u1ee5ng v\u00e0 s\u1eeda ch\u1eefa.<\/p>\n<p>C\u00e1c t\u00ednh n\u0103ng ch\u00ednh<\/p>\n<ul>\n<li><strong>Li\u00ean k\u1ebft nhanh:<\/strong> LOCTITE 222 li\u00ean k\u1ebft trong v\u00e0i gi\u00e2y, gi\u00fap ti\u1ebft ki\u1ec7m th\u1eddi gian ch\u1edd \u0111\u1ee3i.<\/li>\n<li><strong>\u0110\u1ed9 b\u1ec1n cao:<\/strong> Keo d\u00e1n t\u1ea1o th\u00e0nh li\u00ean k\u1ebft r\u1ea5t b\u1ec1n, ch\u1ecbu \u0111\u01b0\u1ee3c nhi\u1ec7t \u0111\u1ed9, h\u00f3a ch\u1ea5t v\u00e0 l\u1ef1c t\u00e1c \u0111\u1ed9ng.<\/li>\n<li><strong>T\u00ednh linh ho\u1ea1t:<\/strong> Keo d\u00e1n c\u00f3 th\u1ec3 li\u00ean k\u1ebft v\u1edbi nhi\u1ec1u lo\u1ea1i v\u1eadt li\u1ec7u kh\u00e1c nhau, khi\u1ebfn n\u00f3 tr\u1edf n\u00ean l\u00fd t\u01b0\u1edfng cho nhi\u1ec1u \u1ee9ng d\u1ee5ng.<\/li>\n<li><strong>D\u1ec5 s\u1eed d\u1ee5ng:<\/strong> LOCTITE 222 \u0111i k\u00e8m v\u1edbi \u0111\u1ea7u nh\u1ecf gi\u1ecdt ti\u1ec7n d\u1ee5ng, gi\u00fap d\u1ec5 d\u00e0ng ki\u1ec3m so\u00e1t l\u01b0\u1ee3ng keo d\u00e1n.<\/li>\n<li><strong>D\u00f9ng \u0111\u01b0\u1ee3c trong nhi\u1ec1u ng\u00e0nh:<\/strong> Keo d\u00e1n n\u00e0y \u0111\u01b0\u1ee3c s\u1eed d\u1ee5ng r\u1ed9ng r\u00e3i trong c\u00e1c ng\u00e0nh c\u00f4ng nghi\u1ec7p, ch\u1eb3ng h\u1ea1n nh\u01b0 l\u1eafp r\u00e1p, b\u1ea3o tr\u00ec, s\u1eeda ch\u1eefa v\u00e0 ch\u1ebf t\u1ea1o.<\/li>\n<\/ul>\n<p>\u1ee8ng d\u1ee5ng<\/p>\n<p><img decoding=\"async\" title=\"loctite-222-50ml-b-1753345197357-1\" src=\"https:\/\/yenhung.com\/wp-content\/uploads\/2025\/10\/loctite-222-50ml-b-1753345197357-1.jpg\" alt=\"LOCTITE 222 50ML\" data-thumb=\"large\" \/><\/p>\n<p>LOCTITE 222 50ML ph\u00f9 h\u1ee3p v\u1edbi nhi\u1ec1u \u1ee9ng d\u1ee5ng sau:<\/p>\n<ul>\n<li>D\u00e1n c\u00e1c v\u1eadt li\u1ec7u kh\u00e1c nhau, ch\u1eb3ng h\u1ea1n nh\u01b0 kim lo\u1ea1i, nh\u1ef1a, cao su, g\u1ed7 v\u00e0 th\u1ee7y tinh<\/li>\n<li>S\u1eeda ch\u1eefa c\u00e1c v\u1eadt d\u1ee5ng b\u1ecb h\u1ecfng, nh\u01b0 \u0111\u1ed3 g\u1ed1m, \u0111\u1ed3 ch\u01a1i v\u00e0 \u0111\u1ed3 \u0111i\u1ec7n t\u1eed<\/li>\n<li>Li\u00ean k\u1ebft c\u00e1c b\u1ed9 ph\u1eadn l\u1eafp r\u00e1p trong l\u1eafp r\u00e1p s\u1ea3n ph\u1ea9m<\/li>\n<li>Ch\u1ed1ng th\u1ea5m v\u00e0 b\u1ecbt k\u00edn c\u00e1c v\u1ebft n\u1ee9t ho\u1eb7c l\u1ed7 h\u1ed5ng<\/li>\n<li>C\u1ed1 \u0111\u1ecbnh c\u00e1c \u0111inh, v\u00edt v\u00e0 \u1ed1c v\u00edt<\/li>\n<\/ul>\n<p>H\u01b0\u1edbng d\u1eabn s\u1eed d\u1ee5ng<\/p>\n<ol>\n<li>L\u00e0m s\u1ea1ch v\u00e0 l\u00e0m kh\u00f4 c\u00e1c b\u1ec1 m\u1eb7t c\u1ea7n d\u00e1n.<\/li>\n<li>Thoa m\u1ed9t l\u01b0\u1ee3ng nh\u1ecf LOCTITE 222 l\u00ean m\u1ed9t b\u1ec1 m\u1eb7t.<\/li>\n<li>\u00c9p hai b\u1ec1 m\u1eb7t v\u00e0o nhau v\u00e0 gi\u1eef trong v\u00e0i gi\u00e2y.<\/li>\n<li>\u0110\u1ec3 keo d\u00e1n kh\u00f4 ho\u00e0n to\u00e0n trong v\u00f2ng 24 gi\u1edd.<\/li>\n<\/ol>\n<p>L\u01b0u \u00fd v\u1ec1 an to\u00e0n<\/p>\n<ul>\n<li>Tr\u00e1nh ti\u1ebfp x\u00fac v\u1edbi da v\u00e0 m\u1eaft.<\/li>\n<li>S\u1eed d\u1ee5ng trong khu v\u1ef1c th\u00f4ng gi\u00f3 t\u1ed1t.<\/li>\n<li>\u0110\u1ec3 xa t\u1ea7m tay tr\u1ebb em.<\/li>\n<li>N\u1ebfu ti\u1ebfp x\u00fac v\u1edbi da ho\u1eb7c m\u1eaft, r\u1eeda s\u1ea1ch b\u1eb1ng nhi\u1ec1u n\u01b0\u1edbc. N\u1ebfu nu\u1ed1t ph\u1ea3i, h\u00e3y t\u00ecm t\u01b0 v\u1ea5n y t\u1ebf ngay l\u1eadp t\u1ee9c.<\/li>\n<\/ul>\n<p>L\u1eddi k\u1ebft<\/p>\n<p><img decoding=\"async\" title=\"loctite-222-50ml-c-1753345196824-1\" src=\"https:\/\/yenhung.com\/wp-content\/uploads\/2025\/10\/loctite-222-50ml-c-1753345196824-1.jpg\" alt=\"LOCTITE 222 50ML\" data-thumb=\"large\" \/><\/p>\n<p>LOCTITE 222 50ML l\u00e0 m\u1ed9t lo\u1ea1i keo d\u00e1n cyanoacrylate \u0111a n\u0103ng v\u00e0 si\u00eau b\u1ec1n, l\u00fd t\u01b0\u1edfng cho nhi\u1ec1u \u1ee9ng d\u1ee5ng li\u00ean k\u1ebft. V\u1edbi kh\u1ea3 n\u0103ng li\u00ean k\u1ebft nhanh ch\u00f3ng, \u0111\u1ed9 b\u1ec1n cao, t\u00ednh linh ho\u1ea1t v\u00e0 d\u1ec5 s\u1eed d\u1ee5ng, LOCTITE 222 l\u00e0 l\u1ef1a ch\u1ecdn ho\u00e0n h\u1ea3o cho vi\u1ec7c s\u1eeda ch\u1eefa, l\u1eafp r\u00e1p v\u00e0 c\u00e1c nhi\u1ec7m v\u1ee5 li\u00ean k\u1ebft kh\u00e1c.<\/p>\n<\/div>\n","protected":false},"excerpt":{"rendered":"<p><strong>T\u00ean sa\u0309n ph\u00e2\u0309m:<\/strong>LOCTITE 222 50ML<br \/>\n<strong>Li\u00ean H\u1ec7<\/strong>: 0397.433.258<\/p>\n","protected":false},"featured_media":5872,"comment_status":"closed","ping_status":"closed","template":"","meta":[],"product_brand":[],"product_cat":[141],"product_tag":[],"class_list":{"0":"post-5871","1":"product","2":"type-product","3":"status-publish","4":"has-post-thumbnail","6":"product_cat-loctite","8":"first","9":"instock","10":"shipping-taxable","11":"product-type-simple"},"_links":{"self":[{"href":"https:\/\/yenhung.com\/index.php?rest_route=\/wp\/v2\/product\/5871","targetHints":{"allow":["GET"]}}],"collection":[{"href":"https:\/\/yenhung.com\/index.php?rest_route=\/wp\/v2\/product"}],"about":[{"href":"https:\/\/yenhung.com\/index.php?rest_route=\/wp\/v2\/types\/product"}],"replies":[{"embeddable":true,"href":"https:\/\/yenhung.com\/index.php?rest_route=%2Fwp%2Fv2%2Fcomments&post=5871"}],"wp:featuredmedia":[{"embeddable":true,"href":"https:\/\/yenhung.com\/index.php?rest_route=\/wp\/v2\/media\/5872"}],"wp:attachment":[{"href":"https:\/\/yenhung.com\/index.php?rest_route=%2Fwp%2Fv2%2Fmedia&parent=5871"}],"wp:term":[{"taxonomy":"product_brand","embeddable":true,"href":"https:\/\/yenhung.com\/index.php?rest_route=%2Fwp%2Fv2%2Fproduct_brand&post=5871"},{"taxonomy":"product_cat","embeddable":true,"href":"https:\/\/yenhung.com\/index.php?rest_route=%2Fwp%2Fv2%2Fproduct_cat&post=5871"},{"taxonomy":"product_tag","embeddable":true,"href":"https:\/\/yenhung.com\/index.php?rest_route=%2Fwp%2Fv2%2Fproduct_tag&post=5871"}],"curies":[{"name":"wp","href":"https:\/\/api.w.org\/{rel}","templated":true}]}}