{"id":5880,"date":"2025-10-28T02:37:07","date_gmt":"2025-10-28T02:37:07","guid":{"rendered":"https:\/\/yenhung.com\/?product=keo-loctite-263-250ml"},"modified":"2026-02-11T07:54:58","modified_gmt":"2026-02-11T07:54:58","slug":"keo-loctite-263-250ml","status":"publish","type":"product","link":"https:\/\/yenhung.com\/?product=keo-loctite-263-250ml","title":{"rendered":"Keo Loctite 263 250ml"},"content":{"rendered":"<div class=\"ba-text-fpt\">\n<div>\n<h2><strong>Loctite 263 250ml<\/strong><\/h2>\n<p><strong><img decoding=\"async\" title=\"loctite-263-250ml-c-1752740025591-1\" src=\"https:\/\/yenhung.com\/wp-content\/uploads\/2025\/10\/loctite-263-250ml-c-1752740025591-1.jpg\" alt=\"Loctite 263 250ml\" data-thumb=\"large\" \/><\/strong><\/p>\n<h1><span style=\"font-size: 11pt;\"><span style=\"line-height: normal;\"><span style=\"font-family: Calibri,sans-serif;\"><span style=\"font-size: 12.0pt;\"><span style=\"font-family: 'Times New Roman',serif;\">\u0110\u00e2y l\u00e0 m\u1ed9t s\u1ea3n ph\u1ea9m kh\u00f3a ren <b>c\u01b0\u1eddng \u0111\u1ed9 cao (High-Strength)<\/b> c\u1ee7a Loctite (thu\u1ed9c t\u1eadp \u0111o\u00e0n Henkel), \u0111\u01b0\u1ee3c thi\u1ebft k\u1ebf \u0111\u1ec3 kh\u00f3a v\u00e0 l\u00e0m k\u00edn v\u0129nh vi\u1ec5n c\u00e1c m\u1ed1i n\u1ed1i ren, ch\u1ed1ng l\u1ea1i s\u1ef1 n\u1edbi l\u1ecfng do rung \u0111\u1ed9ng v\u00e0 s\u1ed1c.<\/span><\/span><\/span><\/span><\/span><\/h1>\n<p style=\"margin-bottom: 11px;\"><span style=\"font-size: 11pt;\"><span style=\"line-height: normal;\"><span style=\"font-family: Calibri,sans-serif;\"><b><span style=\"font-size: 13.5pt;\"><span style=\"font-family: 'Times New Roman',serif;\">\u0110\u1eb7c \u0111i\u1ec3m n\u1ed5i b\u1eadt c\u1ee7a Loctite 263 (250ml)<\/span><\/span><\/b><\/span><\/span><\/span><\/p>\n<p style=\"margin-bottom: 11px;\"><span style=\"font-size: 11pt;\"><span style=\"line-height: normal;\"><span style=\"font-family: Calibri,sans-serif;\"><span style=\"font-size: 12.0pt;\"><span style=\"font-family: 'Times New Roman',serif;\">Loctite 263 l\u00e0 m\u1ed9t lo\u1ea1i keo kh\u00f3a ren acrylic k\u1ef5 kh\u00ed (anaerobic) c\u00f3 m\u00e0u \u0111\u1ecf, \u0111\u1ed9 nh\u1edbt th\u1ea5p, v\u00e0 kh\u1ea3 n\u0103ng ch\u1ecbu nhi\u1ec7t \u0111\u1ed9 cao c\u00f9ng v\u1edbi kh\u1ea3 n\u0103ng ch\u1ecbu d\u1ea7u v\u01b0\u1ee3t tr\u1ed9i.<\/span><\/span><\/span><\/span><\/span><\/p>\n<ul>\n<li style=\"margin-bottom: 11px;\"><span style=\"font-size: 11pt;\"><span style=\"line-height: normal;\"><span style=\"tab-stops: list 36.0pt;\"><span style=\"font-family: Calibri,sans-serif;\"><b><span style=\"font-size: 12.0pt;\"><span style=\"font-family: 'Times New Roman',serif;\">C\u01b0\u1eddng \u0111\u1ed9 cao (High Strength):<\/span><\/span><\/b><span style=\"font-size: 12.0pt;\"><span style=\"font-family: 'Times New Roman',serif;\"> \u0110\u00e2y l\u00e0 \u0111\u1eb7c t\u00ednh quan tr\u1ecdng nh\u1ea5t c\u1ee7a Loctite 263. Keo t\u1ea1o ra m\u1ed9t li\u00ean k\u1ebft c\u1ef1c k\u1ef3 ch\u1eafc ch\u1eafn, gi\u00fap <b>kh\u00f3a v\u0129nh vi\u1ec5n<\/b> c\u00e1c bu l\u00f4ng, \u0111ai \u1ed1c v\u00e0 \u0111inh t\u00e1n, ng\u0103n ch\u1eb7n tuy\u1ec7t \u0111\u1ed1i s\u1ef1 n\u1edbi l\u1ecfng. Vi\u1ec7c th\u00e1o r\u1eddi m\u1ed1i n\u1ed1i th\u01b0\u1eddng y\u00eau c\u1ea7u ph\u1ea3i gia nhi\u1ec7t (kho\u1ea3ng 250<\/span><\/span><span style=\"font-size: 12.0pt;\"><span style=\"font-family: 'Cambria Math',serif;\">\u2218<\/span><\/span><span style=\"font-size: 12.0pt;\"><span style=\"font-family: 'Times New Roman',serif;\">C &#8211; 300<\/span><\/span><span style=\"font-size: 12.0pt;\"><span style=\"font-family: 'Cambria Math',serif;\">\u2218<\/span><\/span><span style=\"font-size: 12.0pt;\"><span style=\"font-family: 'Times New Roman',serif;\">C) \u0111\u1ec3 l\u00e0m m\u1ec1m keo.<\/span><\/span><\/span><\/span><\/span><\/span><\/li>\n<li style=\"margin-bottom: 11px;\"><span style=\"font-size: 11pt;\"><span style=\"line-height: normal;\"><span style=\"tab-stops: list 36.0pt;\"><span style=\"font-family: Calibri,sans-serif;\"><span style=\"font-size: 12.0pt;\"><span style=\"font-family: 'Times New Roman',serif;\"><img decoding=\"async\" title=\"loctite-263-250ml-a-1752739973210-1\" src=\"https:\/\/yenhung.com\/wp-content\/uploads\/2025\/10\/loctite-263-250ml-a-1752739973210-1.jpg\" alt=\"Loctite 263 250ml\" data-thumb=\"large\" \/><\/span><\/span><\/span><\/span><\/span><\/span><\/li>\n<li style=\"margin-bottom: 11px;\"><span style=\"font-size: 11pt;\"><span style=\"line-height: normal;\"><span style=\"tab-stops: list 36.0pt;\"><span style=\"font-family: Calibri,sans-serif;\"><b><span style=\"font-size: 12.0pt;\"><span style=\"font-family: 'Times New Roman',serif;\">Ch\u1ecbu nhi\u1ec7t \u0111\u1ed9 cao:<\/span><\/span><\/b><span style=\"font-size: 12.0pt;\"><span style=\"font-family: 'Times New Roman',serif;\"> S\u1ea3n ph\u1ea9m n\u00e0y c\u00f3 kh\u1ea3 n\u0103ng ho\u1ea1t \u0111\u1ed9ng hi\u1ec7u qu\u1ea3 trong d\u1ea3i nhi\u1ec7t \u0111\u1ed9 r\u1ed9ng, th\u01b0\u1eddng t\u1eeb <b>\u221255<\/b><\/span><\/span><b><span style=\"font-size: 12.0pt;\"><span style=\"font-family: 'Cambria Math',serif;\">\u2218<\/span><\/span><\/b><b><span style=\"font-size: 12.0pt;\"><span style=\"font-family: 'Times New Roman',serif;\">C \u0111\u1ebfn +180<\/span><\/span><\/b><b><span style=\"font-size: 12.0pt;\"><span style=\"font-family: 'Cambria Math',serif;\">\u2218<\/span><\/span><\/b><b><span style=\"font-size: 12.0pt;\"><span style=\"font-family: 'Times New Roman',serif;\">C<\/span><\/span><\/b><span style=\"font-size: 12.0pt;\"><span style=\"font-family: 'Times New Roman',serif;\">, ph\u00f9 h\u1ee3p cho c\u00e1c \u1ee9ng d\u1ee5ng trong m\u00f4i tr\u01b0\u1eddng nhi\u1ec7t \u0111\u1ed9 cao.<\/span><\/span><\/span><\/span><\/span><\/span><\/li>\n<li style=\"margin-bottom: 11px;\"><span style=\"font-size: 11pt;\"><span style=\"line-height: normal;\"><span style=\"tab-stops: list 36.0pt;\"><span style=\"font-family: Calibri,sans-serif;\"><b><span style=\"font-size: 12.0pt;\"><span style=\"font-family: 'Times New Roman',serif;\">Ch\u1ecbu d\u1ea7u v\u00e0 dung sai b\u1ec1 m\u1eb7t:<\/span><\/span><\/b><span style=\"font-size: 12.0pt;\"><span style=\"font-family: 'Times New Roman',serif;\"> Loctite 263 \u0111\u01b0\u1ee3c c\u1ea3i ti\u1ebfn \u0111\u1ec3 c\u00f3 <b>kh\u1ea3 n\u0103ng ch\u1ecbu d\u1ea7u t\u1ed1t<\/b>, c\u00f3 th\u1ec3 \u0111\u00f3ng r\u1eafn hi\u1ec7u qu\u1ea3 ngay c\u1ea3 tr\u00ean c\u00e1c b\u1ec1 m\u1eb7t c\u00f3 d\u00ednh d\u1ea7u nh\u1eb9 (nh\u01b0 d\u1ea7u c\u1eaft g\u1ecdt, d\u1ea7u b\u1ea3o qu\u1ea3n, ch\u1ea5t ch\u1ed1ng \u0103n m\u00f2n) m\u00e0 kh\u00f4ng c\u1ea7n l\u00e0m s\u1ea1ch qu\u00e1 k\u1ef9. N\u00f3 c\u0169ng ho\u1ea1t \u0111\u1ed9ng t\u1ed1t tr\u00ean c\u00e1c b\u1ec1 m\u1eb7t th\u1ee5 \u0111\u1ed9ng (passive metals) nh\u01b0 th\u00e9p kh\u00f4ng g\u1ec9 v\u00e0 c\u00e1c b\u1ec1 m\u1eb7t m\u1ea1 m\u00e0 kh\u00f4ng c\u1ea7n s\u1eed d\u1ee5ng ch\u1ea5t ho\u1ea1t h\u00f3a.<\/span><\/span><\/span><\/span><\/span><\/span><\/li>\n<li style=\"margin-bottom: 11px;\"><span style=\"font-size: 11pt;\"><span style=\"line-height: normal;\"><span style=\"tab-stops: list 36.0pt;\"><span style=\"font-family: Calibri,sans-serif;\"><b><span style=\"font-size: 12.0pt;\"><span style=\"font-family: 'Times New Roman',serif;\">Ng\u0103n ng\u1eeba r\u00f2 r\u1ec9 v\u00e0 \u0103n m\u00f2n:<\/span><\/span><\/b><span style=\"font-size: 12.0pt;\"><span style=\"font-family: 'Times New Roman',serif;\"> Keo \u0111i\u1ec1n \u0111\u1ea7y ho\u00e0n to\u00e0n c\u00e1c khe h\u1edf si\u00eau nh\u1ecf gi\u1eefa c\u00e1c ren, kh\u00f4ng ch\u1ec9 kh\u00f3a ch\u1eb7t m\u00e0 c\u00f2n t\u1ea1o ra l\u1edbp \u0111\u1ec7m k\u00edn, ng\u0103n ch\u1eb7n s\u1ef1 r\u00f2 r\u1ec9 ch\u1ea5t l\u1ecfng (d\u1ea7u, n\u01b0\u1edbc, h\u00f3a ch\u1ea5t) v\u00e0 b\u1ea3o v\u1ec7 ren kh\u1ecfi b\u1ecb \u0103n m\u00f2n.<\/span><\/span><\/span><\/span><\/span><\/span><\/li>\n<li style=\"margin-bottom: 11px;\"><span style=\"font-size: 11pt;\"><span style=\"line-height: normal;\"><span style=\"tab-stops: list 36.0pt;\"><span style=\"font-family: Calibri,sans-serif;\"><b><span style=\"font-size: 12.0pt;\"><span style=\"font-family: 'Times New Roman',serif;\">\u0110a n\u0103ng:<\/span><\/span><\/b><span style=\"font-size: 12.0pt;\"><span style=\"font-family: 'Times New Roman',serif;\"> Hi\u1ec7u qu\u1ea3 tr\u00ean t\u1ea5t c\u1ea3 c\u00e1c lo\u1ea1i kim lo\u1ea1i.<\/span><\/span><\/span><\/span><\/span><\/span><\/li>\n<li style=\"margin-bottom: 11px;\"><span style=\"font-size: 11pt;\"><span style=\"line-height: normal;\"><span style=\"tab-stops: list 36.0pt;\"><span style=\"font-family: Calibri,sans-serif;\"><span style=\"font-size: 12.0pt;\"><span style=\"font-family: 'Times New Roman',serif;\"><img decoding=\"async\" title=\"loctite-263-250ml-b-1752739972750-2\" src=\"https:\/\/yenhung.com\/wp-content\/uploads\/2025\/10\/loctite-263-250ml-b-1752739972750-2.jpg\" alt=\"Loctite 263 250ml\" data-thumb=\"large\" \/><\/span><\/span><\/span><\/span><\/span><\/span><\/li>\n<li style=\"margin-bottom: 11px;\"><span style=\"font-size: 11pt;\"><span style=\"line-height: normal;\"><span style=\"tab-stops: list 36.0pt;\"><span style=\"font-family: Calibri,sans-serif;\"><b><span style=\"font-size: 12.0pt;\"><span style=\"font-family: 'Times New Roman',serif;\">Ph\u00e1t quang d\u01b0\u1edbi \u0111\u00e8n UV:<\/span><\/span><\/b><span style=\"font-size: 12.0pt;\"><span style=\"font-family: 'Times New Roman',serif;\"> Keo ph\u00e1t s\u00e1ng d\u01b0\u1edbi \u00e1nh s\u00e1ng tia c\u1ef1c t\u00edm, gi\u00fap d\u1ec5 d\u00e0ng ki\u1ec3m tra xem keo \u0111\u00e3 \u0111\u01b0\u1ee3c b\u00f4i \u0111\u1ee7 v\u00e0 \u0111\u00fang v\u1ecb tr\u00ed hay ch\u01b0a, h\u1ed7 tr\u1ee3 ki\u1ec3m so\u00e1t ch\u1ea5t l\u01b0\u1ee3ng.<\/span><\/span><\/span><\/span><\/span><\/span><\/li>\n<li style=\"margin-bottom: 11px;\"><span style=\"font-size: 11pt;\"><span style=\"line-height: normal;\"><span style=\"tab-stops: list 36.0pt;\"><span style=\"font-family: Calibri,sans-serif;\"><b><span style=\"font-size: 12.0pt;\"><span style=\"font-family: 'Times New Roman',serif;\">M\u00e0u \u0111\u1ecf:<\/span><\/span><\/b><span style=\"font-size: 12.0pt;\"><span style=\"font-family: 'Times New Roman',serif;\"> M\u00e0u s\u1eafc \u0111\u1eb7c tr\u01b0ng \u0111\u1ec3 nh\u1eadn bi\u1ebft \u0111\u00e2y l\u00e0 keo kh\u00f3a ren c\u01b0\u1eddng \u0111\u1ed9 cao.<\/span><\/span><\/span><\/span><\/span><\/span>\n<p style=\"margin-bottom: 11px;\"><span style=\"font-size: 11pt;\"><span style=\"line-height: normal;\"><span style=\"font-family: Calibri,sans-serif;\"><b><span style=\"font-size: 13.5pt;\"><span style=\"font-family: 'Times New Roman',serif;\">\u1ee8ng d\u1ee5ng ph\u1ed5 bi\u1ebfn c\u1ee7a Loctite 263<\/span><\/span><\/b><\/span><\/span><\/span><\/p>\n<p style=\"margin-bottom: 11px;\"><span style=\"font-size: 11pt;\"><span style=\"line-height: normal;\"><span style=\"font-family: Calibri,sans-serif;\"><span style=\"font-size: 12.0pt;\"><span style=\"font-family: 'Times New Roman',serif;\">Loctite 263 l\u00e0 l\u1ef1a ch\u1ecdn l\u00fd t\u01b0\u1edfng cho c\u00e1c \u1ee9ng d\u1ee5ng \u0111\u00f2i h\u1ecfi kh\u00f3a ren v\u0129nh vi\u1ec5n v\u00e0 \u0111\u1ed9 b\u1ec1n c\u1ef1c cao, \u0111\u1eb7c bi\u1ec7t cho c\u00e1c m\u1ed1i n\u1ed1i ch\u1ecbu t\u1ea3i tr\u1ecdng l\u1edbn v\u00e0 rung \u0111\u1ed9ng m\u1ea1nh:<\/span><\/span><\/span><\/span><\/span><\/p>\n<\/li>\n<li style=\"margin-bottom: 11px;\"><span style=\"font-size: 11pt;\"><span style=\"line-height: normal;\"><span style=\"tab-stops: list 36.0pt;\"><span style=\"font-family: Calibri,sans-serif;\"><b><span style=\"font-size: 12.0pt;\"><span style=\"font-family: 'Times New Roman',serif;\">\u1ee8ng d\u1ee5ng t\u1ea3i n\u1eb7ng:<\/span><\/span><\/b><span style=\"font-size: 12.0pt;\"><span style=\"font-family: 'Times New Roman',serif;\"> Nh\u01b0 kh\u00f3a \u0111inh t\u00e1n v\u00e0o v\u1ecf \u0111\u1ed9ng c\u01a1, \u0111ai \u1ed1c v\u00e0o \u0111inh t\u00e1n trong v\u1ecf m\u00e1y b\u01a1m, h\u1ed9p s\u1ed1, v\u00e0 c\u00e1c chi ti\u1ebft l\u1eafp gh\u00e9p kh\u00e1c n\u01a1i c\u1ea7n \u0111\u1ed9 b\u1ec1n v\u00e0 \u0111\u1ed9 tin c\u1eady cao.<\/span><\/span><\/span><\/span><\/span><\/span><\/li>\n<li style=\"margin-bottom: 11px;\"><span style=\"font-size: 11pt;\"><span style=\"line-height: normal;\"><span style=\"tab-stops: list 36.0pt;\"><span style=\"font-family: Calibri,sans-serif;\"><b><span style=\"font-size: 12.0pt;\"><span style=\"font-family: 'Times New Roman',serif;\">Thi\u1ebft b\u1ecb ch\u1ecbu rung \u0111\u1ed9ng cao:<\/span><\/span><\/b><span style=\"font-size: 12.0pt;\"><span style=\"font-family: 'Times New Roman',serif;\"> V\u00ed d\u1ee5 nh\u01b0 c\u00e1c m\u1ed1i n\u1ed1i trong m\u00e1y m\u00f3c c\u00f4ng nghi\u1ec7p, thi\u1ebft b\u1ecb khai th\u00e1c m\u1ecf, m\u00e1y m\u00f3c x\u00e2y d\u1ef1ng, n\u01a1i rung \u0111\u1ed9ng v\u00e0 s\u1ed1c c\u00f3 th\u1ec3 l\u00e0m l\u1ecfng c\u00e1c m\u1ed1i n\u1ed1i th\u00f4ng th\u01b0\u1eddng.<\/span><\/span><\/span><\/span><\/span><\/span><\/li>\n<li style=\"margin-bottom: 11px;\"><span style=\"font-size: 11pt;\"><span style=\"line-height: normal;\"><span style=\"tab-stops: list 36.0pt;\"><span style=\"font-family: Calibri,sans-serif;\"><b><span style=\"font-size: 12.0pt;\"><span style=\"font-family: 'Times New Roman',serif;\">Thay th\u1ebf c\u00e1c ph\u01b0\u01a1ng ph\u00e1p kh\u00f3a c\u01a1 kh\u00ed:<\/span><\/span><\/b><span style=\"font-size: 12.0pt;\"><span style=\"font-family: 'Times New Roman',serif;\"> Cung c\u1ea5p gi\u1ea3i ph\u00e1p kh\u00f3a ren \u0111\u00e1ng tin c\u1eady v\u00e0 hi\u1ec7u qu\u1ea3 h\u01a1n so v\u1edbi v\u00f2ng \u0111\u1ec7m kh\u00f3a, \u0111ai \u1ed1c kh\u00f3a ho\u1eb7c d\u00e2y kh\u00f3a.<\/span><\/span><\/span><\/span><\/span><\/span><\/li>\n<\/ul>\n<\/div>\n<\/div>\n","protected":false},"excerpt":{"rendered":"<p><strong>T\u00ean sa\u0309n ph\u00e2\u0309m:<\/strong>LOCTITE 263 250ML<br \/>\n<strong>Li\u00ean H\u1ec7<\/strong>: 0397.433.258<\/p>\n","protected":false},"featured_media":5881,"comment_status":"closed","ping_status":"closed","template":"","meta":[],"product_brand":[],"product_cat":[141],"product_tag":[],"class_list":{"0":"post-5880","1":"product","2":"type-product","3":"status-publish","4":"has-post-thumbnail","6":"product_cat-loctite","8":"first","9":"instock","10":"shipping-taxable","11":"product-type-simple"},"_links":{"self":[{"href":"https:\/\/yenhung.com\/index.php?rest_route=\/wp\/v2\/product\/5880","targetHints":{"allow":["GET"]}}],"collection":[{"href":"https:\/\/yenhung.com\/index.php?rest_route=\/wp\/v2\/product"}],"about":[{"href":"https:\/\/yenhung.com\/index.php?rest_route=\/wp\/v2\/types\/product"}],"replies":[{"embeddable":true,"href":"https:\/\/yenhung.com\/index.php?rest_route=%2Fwp%2Fv2%2Fcomments&post=5880"}],"wp:featuredmedia":[{"embeddable":true,"href":"https:\/\/yenhung.com\/index.php?rest_route=\/wp\/v2\/media\/5881"}],"wp:attachment":[{"href":"https:\/\/yenhung.com\/index.php?rest_route=%2Fwp%2Fv2%2Fmedia&parent=5880"}],"wp:term":[{"taxonomy":"product_brand","embeddable":true,"href":"https:\/\/yenhung.com\/index.php?rest_route=%2Fwp%2Fv2%2Fproduct_brand&post=5880"},{"taxonomy":"product_cat","embeddable":true,"href":"https:\/\/yenhung.com\/index.php?rest_route=%2Fwp%2Fv2%2Fproduct_cat&post=5880"},{"taxonomy":"product_tag","embeddable":true,"href":"https:\/\/yenhung.com\/index.php?rest_route=%2Fwp%2Fv2%2Fproduct_tag&post=5880"}],"curies":[{"name":"wp","href":"https:\/\/api.w.org\/{rel}","templated":true}]}}